{"id":45252,"date":"2019-09-09T21:55:24","date_gmt":"2019-09-10T02:55:24","guid":{"rendered":"https:\/\/monatglobal.com\/uk\/?page_id=45252"},"modified":"2026-02-23T14:03:25","modified_gmt":"2026-02-23T14:03:25","slug":"lightweight-moisturizer","status":"publish","type":"page","link":"https:\/\/monatglobal.com\/lt\/lightweight-moisturizer\/","title":{"rendered":"Be Balanced\u2122 Lightweight Moisturizer"},"content":{"rendered":"\n<link rel=\"stylesheet\" href=\"https:\/\/unpkg.com\/swiper\/swiper-bundle.min.css\">\n<link rel=\"stylesheet\" href=\"https:\/\/monatglobal.com\/wp-content\/creative_css\/product_styles_sheet.css\">\n   <!--==================================================== ECOMM SECTION ====================================================-->\n      <!--==================================================== Ecomm image ====================================================-->\n             \n      <source media=\"(max-width: 700px)\" srcset=\"https:\/\/monatglobal.com\/au\/wp-content\/uploads\/sites\/12\/2021\/12\/BE-BALANCED-Lightweight-Moisturizer_ecomm_mobile.png\" loading=\"lazy\">\n      <img decoding=\"async\" src=\"https:\/\/monatglobal.com\/au\/wp-content\/uploads\/sites\/12\/2021\/12\/BE-BALANCED-Lightweight-Moisturizer_ecomm.png\" alt=\"BE-BALANCED-Lightweight-Moisturizer\" loading=\"lazy\">\n         \n      <!--==================================================== Ecomm information  ====================================================-->\n         <p>\u201eBE BALANCED\u2122&#8221;<\/p>\n         <h1>Greitai \u012fsigeriantis dr\u0117kinamasis kremas<\/h1>\n         \n         <p>Atkuriantis ir glotninantis<br> Atsinaujinan\u010dios augal\u0173 kamienin\u0117s l\u0105stel\u0117s ir keramidai<\/p>\n         <p>45 ml \u212e 1.52 fl oz<\/p>\n        <!--==================================================== pricing box  ====================================================-->\n         <p>Ma\u017emenin\u0117 kaina<br>00.00 \u20ac<\/p>\n         <p>VIP kliento kaina<br>00.00 \u20ac<\/p>\n        <!--==================================================== pricing box  ====================================================-->\n         <p>Nor\u0117dami su\u017einoti daugiau apie \u201eBE BALANCED\u2122&#8221; greitai \u012fsigeriant\u012f dr\u0117kinam\u0105j\u012f krem\u0105, pasikalb\u0117kite su savo \u201eMONAT Market Partner&#8221;. <\/p>\n          <a href=\"\" target=\"_blank\" role=\"button\" aria-label=\"\" rel=\"noopener\"><\/a>\n   <!--==================================================== \/ECOMM SECTION  ====================================================-->\n   <!--==================================================== Benefits image ====================================================-->\n  \n    <source media=\"(max-width: 700px)\" srcset=\"https:\/\/monatglobal.com\/au\/wp-content\/uploads\/sites\/12\/2021\/12\/BE-BALANCED-Lightweight-Moisturizer-benefits-close-up_mobile.jpg\" loading=\"lazy\">\n      <img decoding=\"async\" src=\"https:\/\/monatglobal.com\/au\/wp-content\/uploads\/sites\/12\/2021\/12\/BE-BALANCED-Lightweight-Moisturizer-benefits-close-up.jpg\" alt=\"\" loading=\"lazy\">\n    \n   <!--==================================================== Benefits text ====================================================-->\n         <h2>NAUDOS<\/h2>\n         <h3>Lengvos tekst\u016bros dr\u0117kinamasis kremas, kuris greitai \u012fsigeria, o oda \u012fgauna mink\u0161tesn\u0117s, glotnesn\u0117s ir sveikesn\u0117s odos i\u0161vaizd\u0105.<\/h3>\n         <!--==================================================== features image  ====================================================-->\n         <img decoding=\"async\" alt=\"\" src=\"https:\/\/monatglobal.com\/au\/wp-content\/uploads\/sites\/12\/2021\/12\/BE-BALANCED-Lightweight-Moisturizer-features.jpg\" loading=\"lazy\">\n      <!--==================================================== features text ====================================================-->\n            <h3>Savyb\u0117s<\/h3>\n               <p>\/ Am\u017ei\u0173 koreguojan\u010dios naudos<\/p>\n               <p>\/ U\u017etikrina dr\u0117kinim\u0105 vis\u0105 dien\u0105<\/p>\n               <p>\/ Suma\u017eina rauk\u0161li\u0173 ir smulki\u0173 rauk\u0161leli\u0173 atsiradim\u0105 bei suteikia elastingumo<\/p>\n               <p>\/ Oda tampa \u0161velni, glotni ir mink\u0161ta<\/p>\n               <p>\/ Suteikia odai gaivumo ir spindesio<\/p>\n               <br>\n            <p>Fragrance \/ Unwind and enjoy a coconut-forward, citrusy aroma with notes of blood orange, coconut husk, cashew nut and&nbsp;sandalwood. <\/p>\n            <p> Texture \/ Cream <\/p>\n   <!--==================================================== composition image mobile ====================================================-->\n   <img decoding=\"async\" alt=\"\" src=\"https:\/\/monatglobal.com\/au\/wp-content\/uploads\/sites\/12\/2021\/12\/BE-BALANCED-Lightweight-Moisturizer-comp1.jpg\" loading=\"lazy\">\n   <!--==================================================== Why it works text ====================================================-->\n      <h2>ATKURIANTIS IR GLOTNINANTIS<\/h2>\n      <h3>\u0160is kiekvienai dienai skirtas, vandens pagrindu, kremas maitina od\u0105 koncentruotomis maistin\u0117mis med\u017eiagomis ir dr\u0117kina j\u0105. Optimalus atsinaujinan\u010di\u0173 augal\u0173 kompleksas, skirtas subalansuotam dr\u0117kinimui, be per didelio&nbsp;prisotinimo.<\/h3>\n      <p> Oda tampa putlesn\u0117 ir labiau \u0161vytinti.<\/p>\n<!--==================================================== Composition section ====================================================-->\n      <img decoding=\"async\" alt=\"\" src=\"https:\/\/monatglobal.com\/au\/wp-content\/uploads\/sites\/12\/2021\/12\/BE-BALANCED-Lightweight-Moisturizer-comp1.jpg\" loading=\"lazy\">\n      <img decoding=\"async\" alt=\"\" src=\"https:\/\/monatglobal.com\/au\/wp-content\/uploads\/sites\/12\/2021\/12\/BE-BALANCED-Lightweight-Moisturizer-composition-3.jpg\" loading=\"lazy\">\n            <!--==================================================== Directions text ====================================================--> \n               <h3>Naudojimas<\/h3>\n                    <p>\/ Naudokite kasdien, ryte ir vakare.<\/p>\n                    <p>\/ Rinkinyje esan\u010dia mentele u\u017ekabinkite nedidel\u012f kiek\u012f i\u0161 indelio.<\/p>\n                    <p>\/ Tolygiai paskirstykite ant pir\u0161t\u0173 galiuk\u0173.<\/p>\n                    <p>\/ Masa\u017euokite veid\u0105, kakl\u0105 ir dekolt\u0117 srit\u012f, naudodami judesius \u012f vir\u0161\u0173, kad atgaivintum\u0117te&nbsp;od\u0105.<\/p>\n                    <p>\/ Palaukite, kol produktas visi\u0161kai \u012fsigers ir tik tada tepkite apsaugin\u012f krem\u0105 nuo saul\u0117s arba makia\u017eo pagrind\u0105.<\/p>\n            <!--==================================================== Directions video ====================================================-->\n      <p>Be Balanced\u2122 <br>Lightweight Moisturizer <br>0:35<\/p>\n         <!--==================================================== suggestions image  ====================================================-->\n         <img decoding=\"async\" alt=\"\" src=\"https:\/\/monatglobal.com\/au\/wp-content\/uploads\/sites\/12\/2021\/12\/REJUVENIQE-light-suggestions.jpg\" loading=\"lazy\">\n      <!--==================================================== suggestions text ====================================================-->\n            <h3>Rekomendacijos<\/h3>\n               <p>\/ Jau\u010diate, kad oda yra itin sausa? U\u017ela\u0161inkite 1-2 \u201eREJUVENIQE light by MONAT\u2122&#8221; la\u0161us ant delno ir sumai\u0161ykite su dr\u0117kinamuoju kremu.<\/p>\n      <a href=\"\" target=\"_blank\" role=\"button\" aria-label=\"\" rel=\"noopener\"><\/a>\n   <!--==================================================== Ingredients section  ====================================================-->\n      <h2>PAGRINDIN\u0116S AKTYVIOSIOS MED\u017dIAGOS<\/h2>\n      <p>\u201eRejuvenique S\u2122&#8221;<\/p>\n      <p>Prisotina dr\u0117gm\u0117s ir maitina<\/p>\n      <p>Augal\u0173 kamienin\u0117s l\u0105stel\u0117s<\/p>\n      <p>Stiprina ir apsaugo<\/p>\n      <p>Hialurono r\u016bg\u0161tis<\/p>\n      <p>Dr\u0117gm\u0117s magnetas<\/p>\n      <p>Peptidai<\/p>\n      <p>Stangrina ir putlina<\/p>\n      <p>Keramidai<\/p>\n       <p>Palaiko odos barjer\u0105 ir dr\u0117kina&nbsp;j\u0105<\/p>\n        <button id=\"myBtn\" type=\"button\">\u017dR. I\u0160SAM\u0172 SUDEDAM\u0172J\u0172 DALI\u0172 S\u0104RA\u0160\u0104 <\/button>\n      <!--==================================================== Modal content  ====================================================-->\n         \u00d7\n         Aqua\/Water\/Eau, Cetearyl Alcohol, Glyceryl Stearate SE, Caprylic\/Capric Triglyceride, Glycerin, Isopropyl Myristate, \n         Isomalt, Cetearyl Glucoside, Sodium Hyaluronate, Trifluoroacetyl Tripeptide-2, Ceramide NP, Ceramide AP, Ceramide EOP, Bisabolol, \n         Zingiber Officinale (Ginger) Root Extract, Limnanthes Alba (Meadowfoam) Seed Oil, Crambe Abyssinica Seed Oil, Camellia Oleifera Seed \n         Oil, Solanum Lycopersicum (Tomato) Seed Oil, Daucus Carota Sativa (Carrot) Seed Oil, Citrus Limon (Lemon) Peel Oil, Citrus Aurantifolia \n         (Lime) Oil, Citrus Aurantium Bergamia (Bergamot) Fruit Oil, Adansonia Digitata Oil, Mauritia Flexuosa Fruit Oil, Cocos Nucifera \n         (Coconut) Oil, Gardenia Taitensis Flower Extract, Moringa Oleifera Seed Oil, Caryocar Brasiliense Fruit Oil, Helianthus Annuus \n         (Sunflower) Seed Oil, Olea Europaea (Olive) Fruit Oil, Simmondsia Chinensis (Jojoba) Seed Extract, Tocopherol, Phytol, Dextran, \n         Phytosphingosine, Cholesterol, Sodium Lauroyl Lactylate, Carbomer, Xanthan Gum, Fragrance\/Parfum, Ethylhexylglycerin, Benzyl&nbsp;Alcohol.\n   <!--==================================================== You might also like section ====================================================-->\n      <h2>JUMS TAIP PAT GALI PATIKTI<\/h2>\n      <!--==================================================== Slider YOU MIGHT ALSO LIKE ====================================================-->\n          <!---->\n          <!--   -->\n                <!-- Slides products-->\n          <!--      -->\n          <!--         <a href=\"\/lt\/foamy-cleanser\/\" aria-label=\"Go to BE BALANCED\u2122 FOAMY CLEANSER page\">-->\n          <!--          <img decoding=\"async\" src=\"https:\/\/monatglobal.com\/wp-content\/uploads\/2022\/12\/Be-Balanced-Foamy-cleanser_Ecomm-min.png\" alt=\"BE BALANCED\u2122 FOAMY CLEANSER\" loading=\"lazy\"\/>-->\n          <!--          <p>\u201eBE BALANCED\u2122\" <br \/>PUTOJANTIS PRAUSIKLIS<\/p>-->\n          <!--        <\/a>-->\n          <!--      -->\n          <!--      -->\n          <!--         <a href=\"\/lt\/age-control-nectar\/\" aria-label=\"Go to REWIND\u2122 AGE CONTROL NECTAR page\">-->\n          <!--          <img decoding=\"async\" src=\"https:\/\/monatglobal.com\/wp-content\/uploads\/2022\/12\/Rewind-Age-Control-Nectar-ecomm-min.png\" alt=\"REWIND\u2122 AGE CONTROL NECTAR\" loading=\"lazy\"\/>-->\n          <!--          <p>\u201eREWIND\u2122\"<br \/>AM\u017dI\u0172 KOREGUOJANTIS SERUMAS<\/p>-->\n          <!--        <\/a>-->\n          <!--      -->\n          <!--      -->\n          <!--         <a href=\"\/lt\/eye-smooth\/\" aria-label=\"Go to EYE SMOOTH\u2122 page\">-->\n          <!--            <img decoding=\"async\" src=\"https:\/\/monatglobal.com\/wp-content\/uploads\/2022\/12\/Eye-smooth-ecomm-2022-min.png\" alt=\"EYE SMOOTH\u2122\" loading=\"lazy\"\/>-->\n          <!--            <p>\u201eEYE SMOOTH\u2122\"<\/p>-->\n          <!--         <\/a>-->\n          <!--      -->\n          <!--   -->\n             <!-- If we need navigation buttons -->\n          <!--   -->\n          <!--   -->\n             <!-- If we need paginations -->\n          <!--   -->\n          <!---->\n         <!--==================================================== If we need navigation buttons  ====================================================-->\n         <!--==================================================== If we need paginations  ====================================================-->\n    <a href=\"\" aria-label=\"\"><\/a>\n<!--==================================================== this link has to go last for it to work   ====================================================-->\n","protected":false},"excerpt":{"rendered":"<p>\u201eBE BALANCED\u2122&#8221; Greitai \u012fsigeriantis dr\u0117kinamasis kremas Atkuriantis ir glotninantis Atsinaujinan\u010dios augal\u0173 kamienin\u0117s l\u0105stel\u0117s ir keramidai 45 ml \u212e 1.52 fl oz Ma\u017emenin\u0117 kaina00.00 \u20ac VIP kliento kaina00.00 \u20ac Nor\u0117dami su\u017einoti daugiau apie \u201eBE BALANCED\u2122&#8221; greitai \u012fsigeriant\u012f dr\u0117kinam\u0105j\u012f krem\u0105, pasikalb\u0117kite su savo \u201eMONAT Market Partner&#8221;. NAUDOS Lengvos tekst\u016bros dr\u0117kinamasis kremas, kuris greitai \u012fsigeria, o oda \u012fgauna&hellip;<\/p>\n","protected":false},"author":31,"featured_media":69447,"parent":0,"menu_order":0,"comment_status":"closed","ping_status":"closed","template":"","meta":{"inline_featured_image":false,"om_disable_all_campaigns":false,"_monsterinsights_skip_tracking":false,"_monsterinsights_sitenote_active":false,"_monsterinsights_sitenote_note":"","_monsterinsights_sitenote_category":0,"footnotes":""},"categories":[32],"tags":[],"class_list":["post-45252","page","type-page","status-publish","has-post-thumbnail","hentry","category-product-lt"],"aioseo_notices":[],"aioseo_head":"\n\t\t<!-- All in One SEO Pro 4.9.5.2 - aioseo.com -->\n\t<meta name=\"description\" content=\"--&gt;\" \/>\n\t<meta name=\"robots\" content=\"max-image-preview:large\" \/>\n\t<link rel=\"canonical\" href=\"https:\/\/monatglobal.com\/lt\/lightweight-moisturizer\/\" \/>\n\t<meta name=\"generator\" content=\"All in One SEO Pro (AIOSEO) 4.9.5.2\" \/>\n\t\t<meta property=\"og:locale\" content=\"lt_LT\" \/>\n\t\t<meta property=\"og:site_name\" content=\"MONAT Lithuania -\" \/>\n\t\t<meta property=\"og:type\" content=\"article\" \/>\n\t\t<meta property=\"og:title\" content=\"Be Balanced\u2122 Lightweight Moisturizer - MONAT Lithuania\" \/>\n\t\t<meta property=\"og:description\" content=\"--&gt;\" \/>\n\t\t<meta property=\"og:url\" content=\"https:\/\/monatglobal.com\/lt\/lightweight-moisturizer\/\" \/>\n\t\t<meta property=\"article:published_time\" content=\"2019-09-10T02:55:24+00:00\" \/>\n\t\t<meta property=\"article:modified_time\" content=\"2026-02-23T14:03:25+00:00\" \/>\n\t\t<meta name=\"twitter:card\" content=\"summary_large_image\" \/>\n\t\t<meta name=\"twitter:title\" content=\"Be Balanced\u2122 Lightweight Moisturizer - MONAT Lithuania\" \/>\n\t\t<meta name=\"twitter:description\" content=\"--&gt;\" \/>\n\t\t<script type=\"application\/ld+json\" class=\"aioseo-schema\">\n\t\t\t{\"@context\":\"https:\\\/\\\/schema.org\",\"@graph\":[{\"@type\":\"BreadcrumbList\",\"@id\":\"https:\\\/\\\/monatglobal.com\\\/lt\\\/lightweight-moisturizer\\\/#breadcrumblist\",\"itemListElement\":[{\"@type\":\"ListItem\",\"@id\":\"https:\\\/\\\/monatglobal.com\\\/lt#listItem\",\"position\":1,\"name\":\"Home\",\"item\":\"https:\\\/\\\/monatglobal.com\\\/lt\",\"nextItem\":{\"@type\":\"ListItem\",\"@id\":\"https:\\\/\\\/monatglobal.com\\\/lt\\\/lightweight-moisturizer\\\/#listItem\",\"name\":\"Be Balanced\\u2122 Lightweight Moisturizer\"}},{\"@type\":\"ListItem\",\"@id\":\"https:\\\/\\\/monatglobal.com\\\/lt\\\/lightweight-moisturizer\\\/#listItem\",\"position\":2,\"name\":\"Be Balanced\\u2122 Lightweight Moisturizer\",\"previousItem\":{\"@type\":\"ListItem\",\"@id\":\"https:\\\/\\\/monatglobal.com\\\/lt#listItem\",\"name\":\"Home\"}}]},{\"@type\":\"Organization\",\"@id\":\"https:\\\/\\\/monatglobal.com\\\/lt\\\/#organization\",\"name\":\"MONAT Lithuania\",\"url\":\"https:\\\/\\\/monatglobal.com\\\/lt\\\/\"},{\"@type\":\"WebPage\",\"@id\":\"https:\\\/\\\/monatglobal.com\\\/lt\\\/lightweight-moisturizer\\\/#webpage\",\"url\":\"https:\\\/\\\/monatglobal.com\\\/lt\\\/lightweight-moisturizer\\\/\",\"name\":\"Be Balanced\\u2122 Lightweight Moisturizer - MONAT Lithuania\",\"description\":\"-->\",\"inLanguage\":\"lt-LT\",\"isPartOf\":{\"@id\":\"https:\\\/\\\/monatglobal.com\\\/lt\\\/#website\"},\"breadcrumb\":{\"@id\":\"https:\\\/\\\/monatglobal.com\\\/lt\\\/lightweight-moisturizer\\\/#breadcrumblist\"},\"image\":{\"@type\":\"ImageObject\",\"url\":\"https:\\\/\\\/monatglobal.com\\\/lt\\\/wp-content\\\/uploads\\\/sites\\\/11\\\/2022\\\/01\\\/BE-BALANCED-Lightweight-Moisturizer_ecomm.png\",\"@id\":\"https:\\\/\\\/monatglobal.com\\\/lt\\\/lightweight-moisturizer\\\/#mainImage\",\"width\":641,\"height\":800},\"primaryImageOfPage\":{\"@id\":\"https:\\\/\\\/monatglobal.com\\\/lt\\\/lightweight-moisturizer\\\/#mainImage\"},\"datePublished\":\"2019-09-09T21:55:24+01:00\",\"dateModified\":\"2026-02-23T14:03:25+00:00\"},{\"@type\":\"WebSite\",\"@id\":\"https:\\\/\\\/monatglobal.com\\\/lt\\\/#website\",\"url\":\"https:\\\/\\\/monatglobal.com\\\/lt\\\/\",\"name\":\"MONAT Lithuania\",\"inLanguage\":\"lt-LT\",\"publisher\":{\"@id\":\"https:\\\/\\\/monatglobal.com\\\/lt\\\/#organization\"}}]}\n\t\t<\/script>\n\t\t<!-- All in One SEO Pro -->\r\n\t\t<title>Be Balanced\u2122 Lightweight Moisturizer - MONAT Lithuania<\/title>\n\n","aioseo_head_json":{"title":"Be Balanced\u2122 Lightweight Moisturizer - MONAT Lithuania","description":"-->","canonical_url":"https:\/\/monatglobal.com\/lt\/lightweight-moisturizer\/","robots":"max-image-preview:large","keywords":"","webmasterTools":{"miscellaneous":""},"schema":{"@context":"https:\/\/schema.org","@graph":[{"@type":"BreadcrumbList","@id":"https:\/\/monatglobal.com\/lt\/lightweight-moisturizer\/#breadcrumblist","itemListElement":[{"@type":"ListItem","@id":"https:\/\/monatglobal.com\/lt#listItem","position":1,"name":"Home","item":"https:\/\/monatglobal.com\/lt","nextItem":{"@type":"ListItem","@id":"https:\/\/monatglobal.com\/lt\/lightweight-moisturizer\/#listItem","name":"Be Balanced\u2122 Lightweight Moisturizer"}},{"@type":"ListItem","@id":"https:\/\/monatglobal.com\/lt\/lightweight-moisturizer\/#listItem","position":2,"name":"Be Balanced\u2122 Lightweight Moisturizer","previousItem":{"@type":"ListItem","@id":"https:\/\/monatglobal.com\/lt#listItem","name":"Home"}}]},{"@type":"Organization","@id":"https:\/\/monatglobal.com\/lt\/#organization","name":"MONAT Lithuania","url":"https:\/\/monatglobal.com\/lt\/"},{"@type":"WebPage","@id":"https:\/\/monatglobal.com\/lt\/lightweight-moisturizer\/#webpage","url":"https:\/\/monatglobal.com\/lt\/lightweight-moisturizer\/","name":"Be Balanced\u2122 Lightweight Moisturizer - MONAT Lithuania","description":"-->","inLanguage":"lt-LT","isPartOf":{"@id":"https:\/\/monatglobal.com\/lt\/#website"},"breadcrumb":{"@id":"https:\/\/monatglobal.com\/lt\/lightweight-moisturizer\/#breadcrumblist"},"image":{"@type":"ImageObject","url":"https:\/\/monatglobal.com\/lt\/wp-content\/uploads\/sites\/11\/2022\/01\/BE-BALANCED-Lightweight-Moisturizer_ecomm.png","@id":"https:\/\/monatglobal.com\/lt\/lightweight-moisturizer\/#mainImage","width":641,"height":800},"primaryImageOfPage":{"@id":"https:\/\/monatglobal.com\/lt\/lightweight-moisturizer\/#mainImage"},"datePublished":"2019-09-09T21:55:24+01:00","dateModified":"2026-02-23T14:03:25+00:00"},{"@type":"WebSite","@id":"https:\/\/monatglobal.com\/lt\/#website","url":"https:\/\/monatglobal.com\/lt\/","name":"MONAT Lithuania","inLanguage":"lt-LT","publisher":{"@id":"https:\/\/monatglobal.com\/lt\/#organization"}}]},"og:locale":"lt_LT","og:site_name":"MONAT Lithuania -","og:type":"article","og:title":"Be Balanced\u2122 Lightweight Moisturizer - MONAT Lithuania","og:description":"--&gt;","og:url":"https:\/\/monatglobal.com\/lt\/lightweight-moisturizer\/","article:published_time":"2019-09-10T02:55:24+00:00","article:modified_time":"2026-02-23T14:03:25+00:00","twitter:card":"summary_large_image","twitter:title":"Be Balanced\u2122 Lightweight Moisturizer - MONAT Lithuania","twitter:description":"--&gt;"},"aioseo_meta_data":{"post_id":"45252","title":null,"description":null,"keywords":null,"keyphrases":{"focus":{"keyphrase":"","score":0,"analysis":{"keyphraseInTitle":{"score":0,"maxScore":9,"error":1}}},"additional":[]},"primary_term":null,"canonical_url":null,"og_title":null,"og_description":null,"og_object_type":"default","og_image_type":"default","og_image_url":null,"og_image_width":null,"og_image_height":null,"og_image_custom_url":null,"og_image_custom_fields":null,"og_video":"","og_custom_url":null,"og_article_section":null,"og_article_tags":null,"twitter_use_og":false,"twitter_card":"default","twitter_image_type":"default","twitter_image_url":null,"twitter_image_custom_url":null,"twitter_image_custom_fields":null,"twitter_title":null,"twitter_description":null,"schema":{"blockGraphs":[],"customGraphs":[],"default":{"data":{"Article":[],"Course":[],"Dataset":[],"FAQPage":[],"Movie":[],"Person":[],"Product":[],"ProductReview":[],"Car":[],"Recipe":[],"Service":[],"SoftwareApplication":[],"WebPage":[]},"graphName":"WebPage","isEnabled":true},"graphs":[]},"schema_type":"default","schema_type_options":null,"pillar_content":false,"robots_default":true,"robots_noindex":false,"robots_noarchive":false,"robots_nosnippet":false,"robots_nofollow":false,"robots_noimageindex":false,"robots_noodp":false,"robots_notranslate":false,"robots_max_snippet":"-1","robots_max_videopreview":"-1","robots_max_imagepreview":"large","priority":null,"frequency":"default","local_seo":null,"seo_analyzer_scan_date":"2026-02-23 14:15:13","breadcrumb_settings":null,"limit_modified_date":false,"reviewed_by":"0","open_ai":null,"ai":{"faqs":[],"keyPoints":[],"titles":[],"descriptions":[],"socialPosts":{"email":[],"linkedin":[],"twitter":[],"facebook":[],"instagram":[]}},"created":"2023-07-26 19:06:59","updated":"2026-02-23 14:15:13"},"aioseo_breadcrumb":"<div class=\"aioseo-breadcrumbs\"><span class=\"aioseo-breadcrumb\">\n\t<a href=\"https:\/\/monatglobal.com\/lt\" title=\"Home\">Home<\/a>\n<\/span><span class=\"aioseo-breadcrumb-separator\">&raquo;<\/span><span class=\"aioseo-breadcrumb\">\n\tBe Balanced\u2122 Lightweight Moisturizer\n<\/span><\/div>","aioseo_breadcrumb_json":[{"label":"Home","link":"https:\/\/monatglobal.com\/lt"},{"label":"Be Balanced\u2122 Lightweight Moisturizer","link":"https:\/\/monatglobal.com\/lt\/lightweight-moisturizer\/"}],"_links":{"self":[{"href":"https:\/\/monatglobal.com\/lt\/wp-json\/wp\/v2\/pages\/45252","targetHints":{"allow":["GET"]}}],"collection":[{"href":"https:\/\/monatglobal.com\/lt\/wp-json\/wp\/v2\/pages"}],"about":[{"href":"https:\/\/monatglobal.com\/lt\/wp-json\/wp\/v2\/types\/page"}],"author":[{"embeddable":true,"href":"https:\/\/monatglobal.com\/lt\/wp-json\/wp\/v2\/users\/31"}],"replies":[{"embeddable":true,"href":"https:\/\/monatglobal.com\/lt\/wp-json\/wp\/v2\/comments?post=45252"}],"version-history":[{"count":20,"href":"https:\/\/monatglobal.com\/lt\/wp-json\/wp\/v2\/pages\/45252\/revisions"}],"predecessor-version":[{"id":109258,"href":"https:\/\/monatglobal.com\/lt\/wp-json\/wp\/v2\/pages\/45252\/revisions\/109258"}],"wp:featuredmedia":[{"embeddable":true,"href":"https:\/\/monatglobal.com\/lt\/wp-json\/wp\/v2\/media\/69447"}],"wp:attachment":[{"href":"https:\/\/monatglobal.com\/lt\/wp-json\/wp\/v2\/media?parent=45252"}],"wp:term":[{"taxonomy":"category","embeddable":true,"href":"https:\/\/monatglobal.com\/lt\/wp-json\/wp\/v2\/categories?post=45252"},{"taxonomy":"post_tag","embeddable":true,"href":"https:\/\/monatglobal.com\/lt\/wp-json\/wp\/v2\/tags?post=45252"}],"curies":[{"name":"wp","href":"https:\/\/api.w.org\/{rel}","templated":true}]}}