{"id":45250,"date":"2019-09-09T21:54:17","date_gmt":"2019-09-10T02:54:17","guid":{"rendered":"https:\/\/monatglobal.com\/uk\/?page_id=45250"},"modified":"2026-02-20T21:20:31","modified_gmt":"2026-02-20T21:20:31","slug":"refined-skin-scrub","status":"publish","type":"page","link":"https:\/\/monatglobal.com\/lt\/refined-skin-scrub\/","title":{"rendered":"Berry Refined Scrub\u2122"},"content":{"rendered":"\n<link rel=\"stylesheet\" href=\"https:\/\/unpkg.com\/swiper\/swiper-bundle.min.css\">\n<link rel=\"stylesheet\" href=\"https:\/\/monatglobal.com\/wp-content\/creative_css\/product_styles_sheet.css\">\n   <!--==================================================== ECOMM SECTION ====================================================-->\n   <p>BESTSELERIAI<\/p>\n      <!--==================================================== Ecomm image ====================================================-->\n       \n      <source media=\"(max-width: 700px)\" srcset=\"https:\/\/monatglobal.com\/au\/wp-content\/uploads\/sites\/12\/2021\/12\/skincare-berry-refined-scrub-ecomm-2022_mobile.png\" loading=\"lazy\">\n      <img decoding=\"async\" src=\"https:\/\/monatglobal.com\/au\/wp-content\/uploads\/sites\/12\/2021\/12\/skincare-berry-refined-scrub-ecomm-2022.png\" alt=\"Berry Refined Scrub\u2122\" loading=\"lazy\">\n         \n      <!--==================================================== Ecomm information  ====================================================-->\n         \n         <p>BESTSELERIAI<\/p>\n         <h1>\u201eBerry<br> Refined Scrub\u2122&#8221;<\/h1>\n         <p>Tobulinanti \u0161vei\u010diamoji kauk\u0117<br> Odos strukt\u016br\u0105 atkuriantis ir glotninantis<br>Od\u0105 skaistinan\u010dios AHA r\u016bg\u0161tys bei spanguoli\u0173 s\u0117klos<\/p>\n         <p>87 ml | 2.9 fl. oz<\/p>\n         <!--==================================================== pricing box ====================================================-->\n         <p>Ma\u017emenin\u0117 kaina<br>00.00 \u20ac<\/p>\n         <p>VIP kliento kaina<br>00.00 \u20ac<\/p>\n         <!--==================================================== pricing box ====================================================-->\n         <p>Nor\u0117dami su\u017einoti daugiau apie  \u201eBerry Refined Scrub\u2122&#8221;, pasikalb\u0117kite su savo \u201eMONAT Market Partner&#8221;. <\/p>\n          <a href=\"\" target=\"_blank\" role=\"button\" aria-label=\"\" rel=\"noopener\"><\/a>\n   <!--==================================================== \/ECOMM SECTION  ====================================================-->\n   <!--==================================================== Benefits image ====================================================-->\n  \n    <source media=\"(max-width: 700px)\" srcset=\"https:\/\/monatglobal.com\/au\/wp-content\/uploads\/sites\/12\/2021\/12\/berry-refined-scrub-benefits_colse-up_mobile.jpg\" loading=\"lazy\">\n      <img decoding=\"async\" src=\"https:\/\/monatglobal.com\/au\/wp-content\/uploads\/sites\/12\/2021\/12\/berry-refined-scrub-benefits_colse-up.jpg\" alt=\"\" loading=\"lazy\">\n    \n   <!--==================================================== Benefits text ====================================================-->\n         <h2>NAUDOS<\/h2>\n         <h3>\u0160vei\u010diamoji kauk\u0117 \u201e2-in-1&#8243; \u0161velniai \u0161vei\u010dia ir pa\u0161alina negyvas odos l\u0105steles, kad oda b\u016bt\u0173 tolygesn\u0117, gaivesn\u0117 ir&nbsp;\u0161vytinti.<\/h3>\n         <!--==================================================== features image  ====================================================-->\n         <img decoding=\"async\" alt=\"\" src=\"https:\/\/monatglobal.com\/au\/wp-content\/uploads\/sites\/12\/2021\/12\/berry-refined-scrub-features.jpg\" loading=\"lazy\">\n      <!--==================================================== features text ====================================================-->\n            <h3>Savyb\u0117s<\/h3>\n               <p>\/ Pa\u0161alina odos bly\u0161kum\u0105, kad oda b\u016bt\u0173 tolygesn\u0117 ir skaistesn\u0117<\/p>\n               <p>\/ Oda tampa mink\u0161tesn\u0117 ir glotnesn\u0117<\/p>\n               <p>\/ Pa\u0161alina negyvas odos l\u0105steles ir suteikia veidui gaivumo bei \u0161vyt\u0117jimo<\/p>\n               <p>\/ Paprasta ir malonu naudoti \u201e2-in-1&#8243; kart\u0105 per savait\u0119<\/p>\n               <br>\n            <p>Fragrance \/ Unwind and enjoy a coconut-forward, citrusy aroma with notes of blood orange, coconut husk, cashew nut and&nbsp;sandalwood. <\/p>\n            <p> Texture \/ Cream <\/p>\n   <!--==================================================== composition image mobile ====================================================-->\n   <img decoding=\"async\" alt=\"\" src=\"https:\/\/monatglobal.com\/es\/wp-content\/uploads\/sites\/10\/2021\/12\/berry-refined-scrub-features-composition-1.jpg\" loading=\"lazy\">\n   <!--==================================================== Why it works text ====================================================-->\n      <h2>ODOS STRUKT\u016aR\u0104 ATKURIANTIS IR GLOTNINANTIS<\/h2>\n      <h3>Maloni ir lengvai naudojama \u0161vei\u010diamoji veido kauk\u0117 su uogomis, pa\u0161alina odos bly\u0161kum\u0105 ir suteikia jai glotnumo bei mink\u0161tumo, oda \u012fgija tolygesn\u012f atspalv\u012f ir suteikia J\u016bs\u0173 veidui skaistumo.<\/h3>\n      <p>Sud\u0117tyje yra nat\u016brali\u0173 vaisi\u0173 r\u016bg\u0161\u010di\u0173 (AHA), nat\u016braliai \u0161vei\u010diam\u0173j\u0173 granuliuoto cukraus ekstrakt\u0173,  \u201eREJUVENIQE S\u2122&#8221; ir sen\u0117jim\u0105 stabdan\u010di\u0173 spanguoli\u0173 bei paj\u016brinio sotvaro uog\u0173 s\u0117kl\u0173, kad nu\u0161veist\u0173 od\u0105 ir suteikt\u0173 glotni\u0105, sveikai atrodan\u010di\u0105 veido i\u0161vaizd\u0105. \u0160i gaivi ir \u0161iuolaikin\u0117 daugiafunkcin\u0117 priemon\u0117 \u012fsiskverbia \u012f od\u0105 per 5 min., j\u0105 nu\u0161vei\u010dia ir atgaivina.<\/p>\n<!--==================================================== Composition section ====================================================-->\n      <img decoding=\"async\" alt=\"\" src=\"https:\/\/monatglobal.com\/es\/wp-content\/uploads\/sites\/10\/2021\/12\/berry-refined-scrub-features-composition-1.jpg\" loading=\"lazy\">\n      <img decoding=\"async\" alt=\"\" src=\"https:\/\/monatglobal.com\/au\/wp-content\/uploads\/sites\/12\/2021\/12\/berry-refined-scrub-features-composition-3.jpg\" loading=\"lazy\">\n            <!--==================================================== Directions text ====================================================--> \n               <h3>Naudojimas<\/h3>\n                    <p>\/ Rekomenduojama naudoti vien\u0105 arba du kartus per savait\u0119.<\/p>\n                    <p>\/ Rinkinyje esan\u010dia mentele u\u017ekabinkite nedidel\u012f kiek\u012f i\u0161 indelio.<\/p>\n                    <p>\/ Tepkite ant tik k\u0105 nuvalytos ir dr\u0117gnos odos. \u0160velniai, sukamaisiais judesiais masa\u017euokite veid\u0105, kakl\u0105 ir dekolt\u0117 srit\u012f.<\/p>\n                    <p>\/ Saugokite, kad nepatekt\u0173 \u012f akis.<\/p>\n                    <p>\/ Nor\u0117dami geresnio rezultato, palaikykite 5 min. u\u017etept\u0105 kauk\u0119. Jeigu J\u016bs\u0173 oda jautri, prad\u0117kite nuo trumpesnio laiko ir ilginkite iki 5 min.<\/p>\n                    <p>\/ Nuplaukite \u0161iltu vandeniu arba nuvalykite dr\u0117gnu ir mink\u0161tu audiniu.<\/p>\n                    <p>\/ Nusausinkite.<\/p>\n                    <p>\/ Toliau atlikite \u012fprastas proced\u016bras su \u201eMONAT&#8221; odos prie\u017ei\u016brai skirtais produktais.<\/p>\n            <!--==================================================== Directions video ====================================================-->\n      <p>Berry Refined Scrub\u2122<br>0:49<\/p>\n         <!--==================================================== Suggestions image  ====================================================-->\n         <img decoding=\"async\" alt=\"\" src=\"https:\/\/monatglobal.com\/au\/wp-content\/uploads\/sites\/12\/2021\/12\/berry-refined-scrub-features-SUGGESTIONS.jpg\" loading=\"lazy\">\n      <!--==================================================== Suggestions text ====================================================-->\n            <h3>Rekomendacijos<\/h3>\n               <p>\/ Jeigu norite stipresn\u0117s sud\u0117ties \u0161veitiklio, naudokite ma\u017eiau vandens arba atvirk\u0161\u010diai, t. y. daugiau, jei norite silpnesn\u0117s sud\u0117ties&nbsp;\u0161veitiklio.<\/p>\n               <p>\/ 15 min. prie\u0161 i\u0161eidami \u012f lauk\u0105, patepkite apsauginiu kremu nuo saul\u0117s.<\/p>\n      <a href=\"\" target=\"_blank\" role=\"button\" aria-label=\"\" rel=\"noopener\"><\/a>\n   <!--==================================================== Ingredients section  ====================================================-->\n      <h2>PAGRINDIN\u0116S AKTYVIOSIOS MED\u017dIAGOS<\/h2>\n      <p>\u201eREJUVENIQE S\u2122&#8221;<\/p>\n      <p>Prisotina dr\u0117gm\u0117s ir maitina<\/p>\n      <p>Nat\u016brali\u0173 vaisi\u0173 r\u016bg\u0161tys&nbsp;(AHA)<\/p>\n      <p>\u0160velniai nu\u0161vei\u010dia<\/p>\n      <p>Spanguoli\u0173 s\u0117klos<\/p>\n      <p>Stipr\u016bs antioksidantai<\/p>\n      <p>Paj\u016brinio sotvaro va\u0161kas<\/p>\n      <p>Maitina ir ramina<\/p>\n      <p>Murumuru sviestas<\/p>\n      <p>Dr\u0117kina ir ramina<\/p>\n        <button id=\"myBtn\" type=\"button\">\u017dR. I\u0160SAM\u0172 SUDEDAM\u0172J\u0172 DALI\u0172 S\u0104RA\u0160\u0104<\/button>\n      <!--==================================================== Modal content  ====================================================-->\n         \u00d7\n         Canola Oil, Glycerin, Helianthus Annuus (Sunflower) Seed Oil, Coconut Alkanes, Sucrose, C18-38 Alkyl Hydroxystearoyl \n         Stearate, PEG-20 Glyceryl Triisostearate, Synthetic Beeswax, Silica, Vaccinium Macrocarpon (Cranberry) Seed Powder, Polyglyceryl-3 \n         Stearate, Zea Mays (Corn) Starch, Myrica Cerifera (Bayberry) Fruit Wax, Orbignya Speciosa Kernel Oil, Synthetic Wax, Calcium \n         Silicate, Coco-Caprylate\/Caprate, Astrocaryum Murumuru Seed Butter, Mangifera Indica (Mango) Pulp Extract, Musa Sapientum (Banana) \n         Pulp Extract, Saccharum Officinarum (Sugarcane) Extract, Glycolic Acid, Limnanthes Alba (Meadowfoam) Seed Oil, Crambe Abyssinica \n         Seed Oil, Camellia Oleifera Seed Oil, Solanum Lycopersicum (Tomato) Seed Oil, Daucus Carota Sativa (Carrot) Seed Oil, Citrus Limon \n         (Lemon) Peel Oil, Citrus Aurantifolia (Lime) Oil, Citrus Aurantium Bergamia (Bergamot) Fruit Oil, Adansonia Digitata Oil, Mauritia \n         Flexuosa Fruit Oil, Cocos Nucifera (Coconut) Oil, Gardenia Taitensis Flower Extract, Moringa Oleifera Seed Oil, Caryocar Brasiliense \n         Fruit Oil, Olea Europaea (Olive) Fruit Oil, Simmondsia Chinensis (Jojoba) Seed Extract, Tocopherol, Aqua\/Water\/Eau, Fragrance\/Parfum, \n         Benzyl Alcohol,&nbsp;Ethylhexylglycerin.\n   <!--==================================================== You might also like section ====================================================-->\n      <h2>JUMS TAIP PAT GALI PATIKTI<\/h2>\n      <!--==================================================== Slider YOU MIGHT ALSO LIKE ====================================================-->\n          <!---->\n          <!--   -->\n                <!-- Slides products-->\n          <!--      -->\n          <!--         <a href=\"\/lt\/lightweight-moisturizer\/\" aria-label=\"Go to BE BALANCED\u2122 LIGHTWEIGHT MOISTURIZER page\">-->\n          <!--          <img decoding=\"async\" src=\"https:\/\/monatglobal.com\/wp-content\/uploads\/2022\/12\/BE-BALANCED-Lightweight-Moisturizer_ecomm-min.png\" alt=\"BE BALANCED\u2122 LIGHTWEIGHT MOISTURIZER\" loading=\"lazy\"\/>-->\n          <!--          <p>\u201eBE BALANCED\u2122\"<br \/>GREITAI \u012eSIGERIANTIS DR\u0116KINAMASIS KREMAS<\/p>-->\n          <!--        <\/a>-->\n          <!--      -->\n          <!--      -->\n          <!--         <a href=\"\/lt\/nourishing-moisturizer\/\" aria-label=\"Go to BE GENTLE\u2122 NOURISHING MOISTURIZER page\">-->\n          <!--            <img decoding=\"async\" src=\"https:\/\/monatglobal.com\/wp-content\/uploads\/2022\/12\/Be-Gentle-Nourishing-Moisturizer-ecomm-min.png\" alt=\"BE GENTLE\u2122 NOURISHING MOISTURIZER\" loading=\"lazy\"\/>-->\n          <!--            <p>\u201eBE GENTLE\u2122\" <br \/>MAITINAMASIS DR\u0116KINAMASIS KREMAS<\/p>-->\n          <!--         <\/a>-->\n          <!--      -->\n          <!--      -->\n          <!--         <a href=\"\/lt\/eye-smooth\/\" aria-label=\"Go to EYE SMOOTH\u2122 page\">-->\n          <!--            <img decoding=\"async\" src=\"https:\/\/monatglobal.com\/wp-content\/uploads\/2022\/12\/Eye-smooth-ecomm-2022-min.png\" alt=\"EYE SMOOTH\u2122\" loading=\"lazy\"\/>-->\n          <!--            <p>\u201eEYE SMOOTH\u2122\"<\/p>-->\n          <!--         <\/a>-->\n          <!--      -->\n          <!--   -->\n             <!-- If we need navigation buttons -->\n          <!--   -->\n          <!--   -->\n             <!-- If we need paginations -->\n          <!--   -->\n          <!---->\n         <!--==================================================== If we need navigation buttons  ====================================================-->\n         <!--==================================================== If we need paginations  ====================================================-->\n    <a href=\"\" aria-label=\"\"><\/a>\n<!--==================================================== this link has to go last for it to work   ====================================================-->\n","protected":false},"excerpt":{"rendered":"<p>BESTSELERIAI BESTSELERIAI \u201eBerry Refined Scrub\u2122&#8221; Tobulinanti \u0161vei\u010diamoji kauk\u0117 Odos strukt\u016br\u0105 atkuriantis ir glotninantisOd\u0105 skaistinan\u010dios AHA r\u016bg\u0161tys bei spanguoli\u0173 s\u0117klos 87 ml | 2.9 fl. oz Ma\u017emenin\u0117 kaina00.00 \u20ac VIP kliento kaina00.00 \u20ac Nor\u0117dami su\u017einoti daugiau apie \u201eBerry Refined Scrub\u2122&#8221;, pasikalb\u0117kite su savo \u201eMONAT Market Partner&#8221;. NAUDOS \u0160vei\u010diamoji kauk\u0117 \u201e2-in-1&#8243; \u0161velniai \u0161vei\u010dia ir pa\u0161alina negyvas odos&hellip;<\/p>\n","protected":false},"author":31,"featured_media":69503,"parent":0,"menu_order":0,"comment_status":"closed","ping_status":"closed","template":"","meta":{"inline_featured_image":false,"om_disable_all_campaigns":false,"_monsterinsights_skip_tracking":false,"_monsterinsights_sitenote_active":false,"_monsterinsights_sitenote_note":"","_monsterinsights_sitenote_category":0,"footnotes":""},"categories":[32],"tags":[],"class_list":["post-45250","page","type-page","status-publish","has-post-thumbnail","hentry","category-product-lt"],"aioseo_notices":[],"aioseo_head":"\n\t\t<!-- All in One SEO Pro 4.9.6 - aioseo.com -->\n\t<meta name=\"description\" content=\"BESTSELERIAI --&gt;\" \/>\n\t<meta name=\"robots\" content=\"max-image-preview:large\" \/>\n\t<link rel=\"canonical\" href=\"https:\/\/monatglobal.com\/lt\/refined-skin-scrub\/\" \/>\n\t<meta name=\"generator\" content=\"All in One SEO Pro (AIOSEO) 4.9.6\" \/>\n\t\t<meta property=\"og:locale\" content=\"lt_LT\" \/>\n\t\t<meta property=\"og:site_name\" content=\"MONAT Lithuania -\" \/>\n\t\t<meta property=\"og:type\" content=\"article\" \/>\n\t\t<meta property=\"og:title\" content=\"Berry Refined Scrub\u2122 - MONAT Lithuania\" \/>\n\t\t<meta property=\"og:description\" content=\"BESTSELERIAI --&gt;\" \/>\n\t\t<meta property=\"og:url\" content=\"https:\/\/monatglobal.com\/lt\/refined-skin-scrub\/\" \/>\n\t\t<meta property=\"article:published_time\" content=\"2019-09-10T02:54:17+00:00\" \/>\n\t\t<meta property=\"article:modified_time\" content=\"2026-02-20T21:20:31+00:00\" \/>\n\t\t<meta name=\"twitter:card\" content=\"summary_large_image\" \/>\n\t\t<meta name=\"twitter:title\" content=\"Berry Refined Scrub\u2122 - MONAT Lithuania\" \/>\n\t\t<meta name=\"twitter:description\" content=\"BESTSELERIAI --&gt;\" \/>\n\t\t<script type=\"application\/ld+json\" class=\"aioseo-schema\">\n\t\t\t{\"@context\":\"https:\\\/\\\/schema.org\",\"@graph\":[{\"@type\":\"BreadcrumbList\",\"@id\":\"https:\\\/\\\/monatglobal.com\\\/lt\\\/refined-skin-scrub\\\/#breadcrumblist\",\"itemListElement\":[{\"@type\":\"ListItem\",\"@id\":\"https:\\\/\\\/monatglobal.com\\\/lt#listItem\",\"position\":1,\"name\":\"Home\",\"item\":\"https:\\\/\\\/monatglobal.com\\\/lt\",\"nextItem\":{\"@type\":\"ListItem\",\"@id\":\"https:\\\/\\\/monatglobal.com\\\/lt\\\/refined-skin-scrub\\\/#listItem\",\"name\":\"Berry Refined Scrub\\u2122\"}},{\"@type\":\"ListItem\",\"@id\":\"https:\\\/\\\/monatglobal.com\\\/lt\\\/refined-skin-scrub\\\/#listItem\",\"position\":2,\"name\":\"Berry Refined Scrub\\u2122\",\"previousItem\":{\"@type\":\"ListItem\",\"@id\":\"https:\\\/\\\/monatglobal.com\\\/lt#listItem\",\"name\":\"Home\"}}]},{\"@type\":\"Organization\",\"@id\":\"https:\\\/\\\/monatglobal.com\\\/lt\\\/#organization\",\"name\":\"MONAT Lithuania\",\"url\":\"https:\\\/\\\/monatglobal.com\\\/lt\\\/\"},{\"@type\":\"WebPage\",\"@id\":\"https:\\\/\\\/monatglobal.com\\\/lt\\\/refined-skin-scrub\\\/#webpage\",\"url\":\"https:\\\/\\\/monatglobal.com\\\/lt\\\/refined-skin-scrub\\\/\",\"name\":\"Berry Refined Scrub\\u2122 - MONAT Lithuania\",\"description\":\"BESTSELERIAI -->\",\"inLanguage\":\"lt-LT\",\"isPartOf\":{\"@id\":\"https:\\\/\\\/monatglobal.com\\\/lt\\\/#website\"},\"breadcrumb\":{\"@id\":\"https:\\\/\\\/monatglobal.com\\\/lt\\\/refined-skin-scrub\\\/#breadcrumblist\"},\"image\":{\"@type\":\"ImageObject\",\"url\":\"https:\\\/\\\/monatglobal.com\\\/lt\\\/wp-content\\\/uploads\\\/sites\\\/11\\\/2022\\\/01\\\/skincare-berry-refined-scrub-ecomm-2022.png\",\"@id\":\"https:\\\/\\\/monatglobal.com\\\/lt\\\/refined-skin-scrub\\\/#mainImage\",\"width\":641,\"height\":800},\"primaryImageOfPage\":{\"@id\":\"https:\\\/\\\/monatglobal.com\\\/lt\\\/refined-skin-scrub\\\/#mainImage\"},\"datePublished\":\"2019-09-09T21:54:17+01:00\",\"dateModified\":\"2026-02-20T21:20:31+00:00\"},{\"@type\":\"WebSite\",\"@id\":\"https:\\\/\\\/monatglobal.com\\\/lt\\\/#website\",\"url\":\"https:\\\/\\\/monatglobal.com\\\/lt\\\/\",\"name\":\"MONAT Lithuania\",\"inLanguage\":\"lt-LT\",\"publisher\":{\"@id\":\"https:\\\/\\\/monatglobal.com\\\/lt\\\/#organization\"}}]}\n\t\t<\/script>\n\t\t<!-- All in One SEO Pro -->\r\n\t\t<title>Berry Refined Scrub\u2122 - MONAT Lithuania<\/title>\n\n","aioseo_head_json":{"title":"Berry Refined Scrub\u2122 - MONAT Lithuania","description":"BESTSELERIAI -->","canonical_url":"https:\/\/monatglobal.com\/lt\/refined-skin-scrub\/","robots":"max-image-preview:large","keywords":"","webmasterTools":{"miscellaneous":""},"schema":{"@context":"https:\/\/schema.org","@graph":[{"@type":"BreadcrumbList","@id":"https:\/\/monatglobal.com\/lt\/refined-skin-scrub\/#breadcrumblist","itemListElement":[{"@type":"ListItem","@id":"https:\/\/monatglobal.com\/lt#listItem","position":1,"name":"Home","item":"https:\/\/monatglobal.com\/lt","nextItem":{"@type":"ListItem","@id":"https:\/\/monatglobal.com\/lt\/refined-skin-scrub\/#listItem","name":"Berry Refined Scrub\u2122"}},{"@type":"ListItem","@id":"https:\/\/monatglobal.com\/lt\/refined-skin-scrub\/#listItem","position":2,"name":"Berry Refined Scrub\u2122","previousItem":{"@type":"ListItem","@id":"https:\/\/monatglobal.com\/lt#listItem","name":"Home"}}]},{"@type":"Organization","@id":"https:\/\/monatglobal.com\/lt\/#organization","name":"MONAT Lithuania","url":"https:\/\/monatglobal.com\/lt\/"},{"@type":"WebPage","@id":"https:\/\/monatglobal.com\/lt\/refined-skin-scrub\/#webpage","url":"https:\/\/monatglobal.com\/lt\/refined-skin-scrub\/","name":"Berry Refined Scrub\u2122 - MONAT Lithuania","description":"BESTSELERIAI -->","inLanguage":"lt-LT","isPartOf":{"@id":"https:\/\/monatglobal.com\/lt\/#website"},"breadcrumb":{"@id":"https:\/\/monatglobal.com\/lt\/refined-skin-scrub\/#breadcrumblist"},"image":{"@type":"ImageObject","url":"https:\/\/monatglobal.com\/lt\/wp-content\/uploads\/sites\/11\/2022\/01\/skincare-berry-refined-scrub-ecomm-2022.png","@id":"https:\/\/monatglobal.com\/lt\/refined-skin-scrub\/#mainImage","width":641,"height":800},"primaryImageOfPage":{"@id":"https:\/\/monatglobal.com\/lt\/refined-skin-scrub\/#mainImage"},"datePublished":"2019-09-09T21:54:17+01:00","dateModified":"2026-02-20T21:20:31+00:00"},{"@type":"WebSite","@id":"https:\/\/monatglobal.com\/lt\/#website","url":"https:\/\/monatglobal.com\/lt\/","name":"MONAT Lithuania","inLanguage":"lt-LT","publisher":{"@id":"https:\/\/monatglobal.com\/lt\/#organization"}}]},"og:locale":"lt_LT","og:site_name":"MONAT Lithuania -","og:type":"article","og:title":"Berry Refined Scrub\u2122 - MONAT Lithuania","og:description":"BESTSELERIAI --&gt;","og:url":"https:\/\/monatglobal.com\/lt\/refined-skin-scrub\/","article:published_time":"2019-09-10T02:54:17+00:00","article:modified_time":"2026-02-20T21:20:31+00:00","twitter:card":"summary_large_image","twitter:title":"Berry Refined Scrub\u2122 - MONAT Lithuania","twitter:description":"BESTSELERIAI --&gt;"},"aioseo_meta_data":{"post_id":"45250","title":null,"description":null,"keywords":null,"keyphrases":{"focus":{"keyphrase":"","score":0,"analysis":{"keyphraseInTitle":{"score":0,"maxScore":9,"error":1}}},"additional":[]},"primary_term":null,"canonical_url":null,"og_title":null,"og_description":null,"og_object_type":"default","og_image_type":"default","og_image_url":null,"og_image_width":null,"og_image_height":null,"og_image_custom_url":null,"og_image_custom_fields":null,"og_video":"","og_custom_url":null,"og_article_section":null,"og_article_tags":null,"twitter_use_og":false,"twitter_card":"default","twitter_image_type":"default","twitter_image_url":null,"twitter_image_custom_url":null,"twitter_image_custom_fields":null,"twitter_title":null,"twitter_description":null,"schema":{"blockGraphs":[],"customGraphs":[],"default":{"data":{"Article":[],"Course":[],"Dataset":[],"FAQPage":[],"Movie":[],"Person":[],"Product":[],"ProductReview":[],"Car":[],"Recipe":[],"Service":[],"SoftwareApplication":[],"WebPage":[]},"graphName":"WebPage","isEnabled":true},"graphs":[]},"schema_type":"default","schema_type_options":null,"pillar_content":false,"robots_default":true,"robots_noindex":false,"robots_noarchive":false,"robots_nosnippet":false,"robots_nofollow":false,"robots_noimageindex":false,"robots_noodp":false,"robots_notranslate":false,"robots_max_snippet":"-1","robots_max_videopreview":"-1","robots_max_imagepreview":"large","priority":null,"frequency":"default","local_seo":null,"seo_analyzer_scan_date":"2026-02-20 21:22:57","breadcrumb_settings":null,"limit_modified_date":false,"reviewed_by":"0","open_ai":null,"ai":{"faqs":[],"keyPoints":[],"titles":[],"descriptions":[],"socialPosts":{"email":[],"linkedin":[],"twitter":[],"facebook":[],"instagram":[]}},"created":"2023-07-26 19:06:59","updated":"2026-02-20 21:35:01"},"aioseo_breadcrumb":"<div class=\"aioseo-breadcrumbs\"><span class=\"aioseo-breadcrumb\">\n\t<a href=\"https:\/\/monatglobal.com\/lt\" title=\"Home\">Home<\/a>\n<\/span><span class=\"aioseo-breadcrumb-separator\">&raquo;<\/span><span class=\"aioseo-breadcrumb\">\n\tBerry Refined Scrub\u2122\n<\/span><\/div>","aioseo_breadcrumb_json":[{"label":"Home","link":"https:\/\/monatglobal.com\/lt"},{"label":"Berry Refined Scrub\u2122","link":"https:\/\/monatglobal.com\/lt\/refined-skin-scrub\/"}],"_links":{"self":[{"href":"https:\/\/monatglobal.com\/lt\/wp-json\/wp\/v2\/pages\/45250","targetHints":{"allow":["GET"]}}],"collection":[{"href":"https:\/\/monatglobal.com\/lt\/wp-json\/wp\/v2\/pages"}],"about":[{"href":"https:\/\/monatglobal.com\/lt\/wp-json\/wp\/v2\/types\/page"}],"author":[{"embeddable":true,"href":"https:\/\/monatglobal.com\/lt\/wp-json\/wp\/v2\/users\/31"}],"replies":[{"embeddable":true,"href":"https:\/\/monatglobal.com\/lt\/wp-json\/wp\/v2\/comments?post=45250"}],"version-history":[{"count":20,"href":"https:\/\/monatglobal.com\/lt\/wp-json\/wp\/v2\/pages\/45250\/revisions"}],"predecessor-version":[{"id":109242,"href":"https:\/\/monatglobal.com\/lt\/wp-json\/wp\/v2\/pages\/45250\/revisions\/109242"}],"wp:featuredmedia":[{"embeddable":true,"href":"https:\/\/monatglobal.com\/lt\/wp-json\/wp\/v2\/media\/69503"}],"wp:attachment":[{"href":"https:\/\/monatglobal.com\/lt\/wp-json\/wp\/v2\/media?parent=45250"}],"wp:term":[{"taxonomy":"category","embeddable":true,"href":"https:\/\/monatglobal.com\/lt\/wp-json\/wp\/v2\/categories?post=45250"},{"taxonomy":"post_tag","embeddable":true,"href":"https:\/\/monatglobal.com\/lt\/wp-json\/wp\/v2\/tags?post=45250"}],"curies":[{"name":"wp","href":"https:\/\/api.w.org\/{rel}","templated":true}]}}