{"id":45248,"date":"2019-09-09T21:51:57","date_gmt":"2019-09-10T02:51:57","guid":{"rendered":"https:\/\/monatglobal.com\/uk\/?page_id=45248"},"modified":"2026-02-20T21:27:05","modified_gmt":"2026-02-20T21:27:05","slug":"skin-revitalizing","status":"publish","type":"page","link":"https:\/\/monatglobal.com\/lt\/skin-revitalizing\/","title":{"rendered":"Skin Revitalizing Essence\u2122"},"content":{"rendered":"\n<link rel=\"stylesheet\" href=\"https:\/\/unpkg.com\/swiper\/swiper-bundle.min.css\">\n<link rel=\"stylesheet\" href=\"https:\/\/monatglobal.com\/wp-content\/creative_css\/product_styles_sheet.css\">\n   <!--==================================================== ECOMM SECTION ====================================================-->\n      <!--==================================================== Ecomm image ====================================================-->\n      <img decoding=\"async\" src=\"https:\/\/monatglobal.com\/au\/wp-content\/uploads\/sites\/12\/2021\/12\/Skin-Revitalizing-Essence-ecomm-2022.png\" alt=\"Skin Revitalizing Essence\u2122\" loading=\"lazy\">\n      <!--==================================================== Ecomm information  ====================================================-->\n         \n         <h1>\u201eSkin <br>Revitalizing<br> Essence\u2122&#8221;<\/h1>\n         \n         <p>Papildantis ir raminantis<br>Poras valan\u010dios nat\u016bralios vaisi\u0173 r\u016bg\u0161tys ir ramun\u0117l\u0117s <\/p>\n         <p>120 ml | 4.0 fl. oz.<\/p>\n           <!--==================================================== pricing box ====================================================-->\n         <p>Ma\u017emenin\u0117 kaina<br>00.00 \u20ac<\/p>\n         <p>VIP kliento kaina<br>00.00 \u20ac<\/p>\n         <!--==================================================== pricing box ====================================================-->\n         <p>Nor\u0117dami su\u017einoti daugiau apie \u201eSkin Revitalizing Essence\u2122&#8221;, pasikalb\u0117kite su savo \u201eMONAT Market Partner&#8221;. <\/p>\n          <a href=\"\" target=\"_blank\" role=\"button\" aria-label=\"\" rel=\"noopener\"><\/a>\n   <!--==================================================== \/ECOMM SECTION  ====================================================-->\n   <!--==================================================== Benefits image ====================================================-->\n  \n    <source media=\"(max-width: 700px)\" srcset=\"https:\/\/monatglobal.com\/au\/wp-content\/uploads\/sites\/12\/2021\/12\/Skin-Revitalizing-Essence-benefits-close-up_mobile.jpg\" loading=\"lazy\">\n      <img decoding=\"async\" src=\"https:\/\/monatglobal.com\/au\/wp-content\/uploads\/sites\/12\/2021\/12\/Skin-Revitalizing-Essence-benefits-close-up.jpg\" alt=\"\" loading=\"lazy\">\n    \n   <!--==================================================== Benefits text ====================================================-->\n         <h2>NAUDOS<\/h2>\n         <h3>Lengvas stebuklingas vanduo, kuris greitai dr\u0117kina ir papildo od\u0105, taip pat suteikia jai glotnesn\u0117s, skaistesn\u0117s, labiau spindin\u010dios odos \u012fvaizd\u012f. Tinka visiems odos tipams.<\/h3>\n         <!--==================================================== features image  ====================================================-->\n         <img decoding=\"async\" alt=\"\" src=\"https:\/\/monatglobal.com\/au\/wp-content\/uploads\/sites\/12\/2021\/12\/Skin-Revitalizing-Essence-features.jpg\" loading=\"lazy\">\n      <!--==================================================== features text ====================================================-->\n            <h3>Savyb\u0117s<\/h3>\n               <p>\/ Paruo\u0161ia od\u0105, kad \u0161i geriau pasisavint\u0173 maistingas med\u017eiagas, kuri\u0173 yra \u201eMONAT&#8221; odos prie\u017ei\u016bros produktuose<\/p>\n               <p>\/ Oda atrodo \u0161vytinti ir skaistesn\u0117<\/p>\n               <p>\/ Poros atrodo rafinuotesn\u0117s<\/p>\n               <p>\/ Oda yra dr\u0117kinama ir prisotinama dr\u0117gm\u0117s<\/p>\n               <p>\/ Suma\u017eina rauk\u0161li\u0173 ir smulki\u0173 rauk\u0161leli\u0173 atsiradim\u0105<\/p>\n               <p>\/ Oda tampa \u0161velni ir glotni<\/p>\n               <br>\n            <p>Fragrance \/ Unwind and enjoy a coconut-forward, citrusy aroma with notes of blood orange, coconut husk, cashew nut and&nbsp;sandalwood. <\/p>\n            <p> Texture \/ Cream <\/p>\n   <!--==================================================== composition image mobile ====================================================-->\n   <img decoding=\"async\" alt=\"\" src=\"https:\/\/monatglobal.com\/au\/wp-content\/uploads\/sites\/12\/2021\/12\/Skin-Revitalizing-Essence-composition-1.jpg\" loading=\"lazy\">\n   <!--==================================================== Why it works text ====================================================-->\n      <h2>PAPILDANTIS IR RAMININANTIS<\/h2>\n      <h3>\u0160is itin \u0161velnus ir lengvas skystis yra dr\u0117kinan\u010di\u0173, od\u0105 papildan\u010di\u0173 ir prie\u0161 sen\u0117jim\u0105 kovojan\u010di\u0173 sudedam\u0173j\u0173 dali\u0173 rinkinys, kuris glotnina ir sumink\u0161tina od\u0105, kad \u0161i b\u016bt\u0173 \u0161viesesn\u0117 ir labiau spind\u0117t\u0173.<\/h3>\n<!--==================================================== Composition section ====================================================-->\n      <img decoding=\"async\" alt=\"\" src=\"https:\/\/monatglobal.com\/au\/wp-content\/uploads\/sites\/12\/2021\/12\/Skin-Revitalizing-Essence-composition-1.jpg\" loading=\"lazy\">\n      <img decoding=\"async\" alt=\"\" src=\"https:\/\/monatglobal.com\/au\/wp-content\/uploads\/sites\/12\/2021\/12\/Skin-Revitalizing-Essence-composition-3.jpg\" loading=\"lazy\">\n            <!--==================================================== Directions text ====================================================--> \n               <h3>Naudojimas<\/h3>\n                    <p>\/ Naudokite kasdien, ryte ir vakare.<\/p>\n                    <p>\/ Nuvalius, \u012fpilkite \u0161lakel\u012f \u012f delnus ir \u0161velniai spauskite prie veido, kaklo ir dekolt\u0117 srities.<\/p>\n                    <p>\/ Palaukite, kol produktas visi\u0161kai susigers ir tik tada tepkite \u201eMONAT&#8221; serum\u0105 ir dr\u0117kinam\u0105j\u012f krem\u0105.<\/p>\n            <!--==================================================== Directions video ====================================================-->\n      <p>Skin Revitalizing Essence\u2122<br>0:39<\/p>\n         <!--==================================================== features image  ====================================================-->\n         <img decoding=\"async\" alt=\"\" src=\"https:\/\/monatglobal.com\/au\/wp-content\/uploads\/sites\/12\/2021\/12\/sunscreen-suggestion.jpg\" loading=\"lazy\">\n      <!--==================================================== features text ====================================================-->\n            <h3>Rekomendacijos<\/h3>\n               <p>\/ 15 min. prie\u0161 i\u0161eidami \u012f lauk\u0105, patepkite apsauginiu kremu nuo saul\u0117s.<\/p>\n      <a href=\"\" target=\"_blank\" role=\"button\" aria-label=\"\" rel=\"noopener\"><\/a>\n   <!--==================================================== Ingredients section  ====================================================-->\n      <h2>PAGRINDIN\u0116S AKTYVIOSIOS MED\u017dIAGOS<\/h2>\n      <p>Nat\u016brali\u0173 vaisi\u0173 r\u016bg\u0161tys&nbsp;(AHA)<\/p>\n      <p>Glotnina ir \u0161viesina<\/p>\n      <p>Karolmed\u017eio ekstraktas<\/p>\n          <p>Dr\u0117kina ir atkuria<\/p>\n      <p>Dr\u0117kinamasis mi\u0161inys<\/p>\n      <p>(Su burok\u0117li\u0173 ekstraktu)<\/p>\n      <p>Ramun\u0117l\u0117s<\/p>\n      <p>Ramina ir apsaugo<\/p>\n        <button id=\"myBtn\" type=\"button\">\u017dR. I\u0160SAM\u0172 SUDEDAM\u0172J\u0172 DALI\u0172 S\u0104RA\u0160\u0104<\/button>\n      <!--==================================================== Modal content  ====================================================-->\n         \u00d7\n         Aqua\/Water\/Eau, Propanediol, Glycerin, Anadenanthera Colubrina Bark Extract, Chamomilla Recutita (Matricaria) \n         Flower Extract, Mangifera Indica (Mango) Pulp Extract, Musa Sapientum (Banana) Pulp Extract, Saccharum Officinarum (Sugarcane) \n         Extract, Fructooligosaccharides, Beta Vulgaris (Beet) Root Extract, Glycolic Acid, Potassium Lactate, Lactic Acid, Sodium Phytate, \n         Citric Acid, Fragrance\/Parfum, Sodium Benzoate, Potassium&nbsp;Sorbate.\n   <!--==================================================== You might also like section ====================================================-->\n      <h2>JUMS TAIP PAT GALI PATIKTI\n<\/h2>\n      <!--==================================================== Slider YOU MIGHT ALSO LIKE ====================================================-->\n          <!---->\n          <!--   -->\n                <!-- Slides products-->\n          <!--      -->\n          <!--         <a href=\"\/lt\/refined-skin-scrub\/\" aria-label=\"Go to BERRY REFINED SCRUB\u2122 page\">-->\n          <!--          <img decoding=\"async\" src=\"https:\/\/monatglobal.com\/wp-content\/uploads\/2022\/12\/skincare-berry-refined-scrub-ecomm-2022.png\" alt=\"BERRY REFINED SCRUB\u2122\" loading=\"lazy\"\/>-->\n          <!--          <p>\u201eBERRY REFINED SCRUB\"<\/p>-->\n          <!--        <\/a>-->\n          <!--      -->\n          <!--      -->\n          <!--         <a href=\"\/lt\/age-control-nectar\/\" aria-label=\"Go to REWIND\u2122 AGE CONTROL NECTAR page\">-->\n          <!--          <img decoding=\"async\" src=\"https:\/\/monatglobal.com\/wp-content\/uploads\/2022\/12\/Rewind-Age-Control-Nectar-ecomm-min.png\" alt=\"REWIND\u2122 AGE CONTROL NECTAR\" loading=\"lazy\"\/>-->\n          <!--          <p>\u201eREWIND\u2122\" AM\u017dI\u0172 KOREGUOJANTIS SERUMAS<\/p>-->\n          <!--        <\/a>-->\n          <!--      -->\n          <!--      -->\n          <!--         <a href=\"\/lt\/eye-smooth\/\" aria-label=\"Go to EYE SMOOTH\u2122 page\">-->\n          <!--            <img decoding=\"async\" src=\"https:\/\/monatglobal.com\/wp-content\/uploads\/2022\/12\/Eye-smooth-ecomm-2022-min.png\" alt=\"EYE SMOOTH\u2122\" loading=\"lazy\"\/>-->\n          <!--            <p>\u201eEYE SMOOTH\u2122\"<\/p>-->\n          <!--         <\/a>-->\n          <!--      -->\n          <!--   -->\n             <!-- If we need navigation buttons -->\n          <!--   -->\n          <!--   -->\n             <!-- If we need paginations -->\n          <!--   -->\n          <!---->\n         <!--==================================================== If we need navigation buttons  ====================================================-->\n         <!--==================================================== If we need paginations  ====================================================-->\n    <a href=\"\" aria-label=\"\"><\/a>\n<!--==================================================== this link has to go last for it to work   ====================================================-->\n","protected":false},"excerpt":{"rendered":"<p>\u201eSkin Revitalizing Essence\u2122&#8221; Papildantis ir raminantisPoras valan\u010dios nat\u016bralios vaisi\u0173 r\u016bg\u0161tys ir ramun\u0117l\u0117s 120 ml | 4.0 fl. oz. Ma\u017emenin\u0117 kaina00.00 \u20ac VIP kliento kaina00.00 \u20ac Nor\u0117dami su\u017einoti daugiau apie \u201eSkin Revitalizing Essence\u2122&#8221;, pasikalb\u0117kite su savo \u201eMONAT Market Partner&#8221;. NAUDOS Lengvas stebuklingas vanduo, kuris greitai dr\u0117kina ir papildo od\u0105, taip pat suteikia jai glotnesn\u0117s, skaistesn\u0117s, labiau&hellip;<\/p>\n","protected":false},"author":31,"featured_media":69460,"parent":0,"menu_order":0,"comment_status":"closed","ping_status":"closed","template":"","meta":{"inline_featured_image":false,"om_disable_all_campaigns":false,"_monsterinsights_skip_tracking":false,"_monsterinsights_sitenote_active":false,"_monsterinsights_sitenote_note":"","_monsterinsights_sitenote_category":0,"footnotes":""},"categories":[32],"tags":[],"class_list":["post-45248","page","type-page","status-publish","has-post-thumbnail","hentry","category-product-lt"],"aioseo_notices":[],"aioseo_head":"\n\t\t<!-- All in One SEO Pro 4.9.6 - aioseo.com -->\n\t<meta name=\"description\" content=\"--&gt;\" \/>\n\t<meta name=\"robots\" content=\"max-image-preview:large\" \/>\n\t<link rel=\"canonical\" href=\"https:\/\/monatglobal.com\/lt\/skin-revitalizing\/\" \/>\n\t<meta name=\"generator\" content=\"All in One SEO Pro (AIOSEO) 4.9.6\" \/>\n\t\t<meta property=\"og:locale\" content=\"lt_LT\" \/>\n\t\t<meta property=\"og:site_name\" content=\"MONAT Lithuania -\" \/>\n\t\t<meta property=\"og:type\" content=\"article\" \/>\n\t\t<meta property=\"og:title\" content=\"Skin Revitalizing Essence\u2122 - MONAT Lithuania\" \/>\n\t\t<meta property=\"og:description\" content=\"--&gt;\" \/>\n\t\t<meta property=\"og:url\" content=\"https:\/\/monatglobal.com\/lt\/skin-revitalizing\/\" \/>\n\t\t<meta property=\"article:published_time\" content=\"2019-09-10T02:51:57+00:00\" \/>\n\t\t<meta property=\"article:modified_time\" content=\"2026-02-20T21:27:05+00:00\" \/>\n\t\t<meta name=\"twitter:card\" content=\"summary_large_image\" \/>\n\t\t<meta name=\"twitter:title\" content=\"Skin Revitalizing Essence\u2122 - MONAT Lithuania\" \/>\n\t\t<meta name=\"twitter:description\" content=\"--&gt;\" \/>\n\t\t<script type=\"application\/ld+json\" class=\"aioseo-schema\">\n\t\t\t{\"@context\":\"https:\\\/\\\/schema.org\",\"@graph\":[{\"@type\":\"BreadcrumbList\",\"@id\":\"https:\\\/\\\/monatglobal.com\\\/lt\\\/skin-revitalizing\\\/#breadcrumblist\",\"itemListElement\":[{\"@type\":\"ListItem\",\"@id\":\"https:\\\/\\\/monatglobal.com\\\/lt#listItem\",\"position\":1,\"name\":\"Home\",\"item\":\"https:\\\/\\\/monatglobal.com\\\/lt\",\"nextItem\":{\"@type\":\"ListItem\",\"@id\":\"https:\\\/\\\/monatglobal.com\\\/lt\\\/skin-revitalizing\\\/#listItem\",\"name\":\"Skin Revitalizing Essence\\u2122\"}},{\"@type\":\"ListItem\",\"@id\":\"https:\\\/\\\/monatglobal.com\\\/lt\\\/skin-revitalizing\\\/#listItem\",\"position\":2,\"name\":\"Skin Revitalizing Essence\\u2122\",\"previousItem\":{\"@type\":\"ListItem\",\"@id\":\"https:\\\/\\\/monatglobal.com\\\/lt#listItem\",\"name\":\"Home\"}}]},{\"@type\":\"Organization\",\"@id\":\"https:\\\/\\\/monatglobal.com\\\/lt\\\/#organization\",\"name\":\"MONAT Lithuania\",\"url\":\"https:\\\/\\\/monatglobal.com\\\/lt\\\/\"},{\"@type\":\"WebPage\",\"@id\":\"https:\\\/\\\/monatglobal.com\\\/lt\\\/skin-revitalizing\\\/#webpage\",\"url\":\"https:\\\/\\\/monatglobal.com\\\/lt\\\/skin-revitalizing\\\/\",\"name\":\"Skin Revitalizing Essence\\u2122 - MONAT Lithuania\",\"description\":\"-->\",\"inLanguage\":\"lt-LT\",\"isPartOf\":{\"@id\":\"https:\\\/\\\/monatglobal.com\\\/lt\\\/#website\"},\"breadcrumb\":{\"@id\":\"https:\\\/\\\/monatglobal.com\\\/lt\\\/skin-revitalizing\\\/#breadcrumblist\"},\"image\":{\"@type\":\"ImageObject\",\"url\":\"https:\\\/\\\/monatglobal.com\\\/lt\\\/wp-content\\\/uploads\\\/sites\\\/11\\\/2022\\\/01\\\/Skin-Revitalizing-Essence-ecomm-2022.png\",\"@id\":\"https:\\\/\\\/monatglobal.com\\\/lt\\\/skin-revitalizing\\\/#mainImage\",\"width\":641,\"height\":800},\"primaryImageOfPage\":{\"@id\":\"https:\\\/\\\/monatglobal.com\\\/lt\\\/skin-revitalizing\\\/#mainImage\"},\"datePublished\":\"2019-09-09T21:51:57+01:00\",\"dateModified\":\"2026-02-20T21:27:05+00:00\"},{\"@type\":\"WebSite\",\"@id\":\"https:\\\/\\\/monatglobal.com\\\/lt\\\/#website\",\"url\":\"https:\\\/\\\/monatglobal.com\\\/lt\\\/\",\"name\":\"MONAT Lithuania\",\"inLanguage\":\"lt-LT\",\"publisher\":{\"@id\":\"https:\\\/\\\/monatglobal.com\\\/lt\\\/#organization\"}}]}\n\t\t<\/script>\n\t\t<!-- All in One SEO Pro -->\r\n\t\t<title>Skin Revitalizing Essence\u2122 - MONAT Lithuania<\/title>\n\n","aioseo_head_json":{"title":"Skin Revitalizing Essence\u2122 - MONAT Lithuania","description":"-->","canonical_url":"https:\/\/monatglobal.com\/lt\/skin-revitalizing\/","robots":"max-image-preview:large","keywords":"","webmasterTools":{"miscellaneous":""},"schema":{"@context":"https:\/\/schema.org","@graph":[{"@type":"BreadcrumbList","@id":"https:\/\/monatglobal.com\/lt\/skin-revitalizing\/#breadcrumblist","itemListElement":[{"@type":"ListItem","@id":"https:\/\/monatglobal.com\/lt#listItem","position":1,"name":"Home","item":"https:\/\/monatglobal.com\/lt","nextItem":{"@type":"ListItem","@id":"https:\/\/monatglobal.com\/lt\/skin-revitalizing\/#listItem","name":"Skin Revitalizing Essence\u2122"}},{"@type":"ListItem","@id":"https:\/\/monatglobal.com\/lt\/skin-revitalizing\/#listItem","position":2,"name":"Skin Revitalizing Essence\u2122","previousItem":{"@type":"ListItem","@id":"https:\/\/monatglobal.com\/lt#listItem","name":"Home"}}]},{"@type":"Organization","@id":"https:\/\/monatglobal.com\/lt\/#organization","name":"MONAT Lithuania","url":"https:\/\/monatglobal.com\/lt\/"},{"@type":"WebPage","@id":"https:\/\/monatglobal.com\/lt\/skin-revitalizing\/#webpage","url":"https:\/\/monatglobal.com\/lt\/skin-revitalizing\/","name":"Skin Revitalizing Essence\u2122 - MONAT Lithuania","description":"-->","inLanguage":"lt-LT","isPartOf":{"@id":"https:\/\/monatglobal.com\/lt\/#website"},"breadcrumb":{"@id":"https:\/\/monatglobal.com\/lt\/skin-revitalizing\/#breadcrumblist"},"image":{"@type":"ImageObject","url":"https:\/\/monatglobal.com\/lt\/wp-content\/uploads\/sites\/11\/2022\/01\/Skin-Revitalizing-Essence-ecomm-2022.png","@id":"https:\/\/monatglobal.com\/lt\/skin-revitalizing\/#mainImage","width":641,"height":800},"primaryImageOfPage":{"@id":"https:\/\/monatglobal.com\/lt\/skin-revitalizing\/#mainImage"},"datePublished":"2019-09-09T21:51:57+01:00","dateModified":"2026-02-20T21:27:05+00:00"},{"@type":"WebSite","@id":"https:\/\/monatglobal.com\/lt\/#website","url":"https:\/\/monatglobal.com\/lt\/","name":"MONAT Lithuania","inLanguage":"lt-LT","publisher":{"@id":"https:\/\/monatglobal.com\/lt\/#organization"}}]},"og:locale":"lt_LT","og:site_name":"MONAT Lithuania -","og:type":"article","og:title":"Skin Revitalizing Essence\u2122 - MONAT Lithuania","og:description":"--&gt;","og:url":"https:\/\/monatglobal.com\/lt\/skin-revitalizing\/","article:published_time":"2019-09-10T02:51:57+00:00","article:modified_time":"2026-02-20T21:27:05+00:00","twitter:card":"summary_large_image","twitter:title":"Skin Revitalizing Essence\u2122 - MONAT Lithuania","twitter:description":"--&gt;"},"aioseo_meta_data":{"post_id":"45248","title":null,"description":null,"keywords":null,"keyphrases":{"focus":{"keyphrase":"","score":0,"analysis":{"keyphraseInTitle":{"score":0,"maxScore":9,"error":1}}},"additional":[]},"primary_term":null,"canonical_url":null,"og_title":null,"og_description":null,"og_object_type":"default","og_image_type":"default","og_image_url":null,"og_image_width":null,"og_image_height":null,"og_image_custom_url":null,"og_image_custom_fields":null,"og_video":"","og_custom_url":null,"og_article_section":null,"og_article_tags":null,"twitter_use_og":false,"twitter_card":"default","twitter_image_type":"default","twitter_image_url":null,"twitter_image_custom_url":null,"twitter_image_custom_fields":null,"twitter_title":null,"twitter_description":null,"schema":{"blockGraphs":[],"customGraphs":[],"default":{"data":{"Article":[],"Course":[],"Dataset":[],"FAQPage":[],"Movie":[],"Person":[],"Product":[],"ProductReview":[],"Car":[],"Recipe":[],"Service":[],"SoftwareApplication":[],"WebPage":[]},"graphName":"WebPage","isEnabled":true},"graphs":[]},"schema_type":"default","schema_type_options":null,"pillar_content":false,"robots_default":true,"robots_noindex":false,"robots_noarchive":false,"robots_nosnippet":false,"robots_nofollow":false,"robots_noimageindex":false,"robots_noodp":false,"robots_notranslate":false,"robots_max_snippet":"-1","robots_max_videopreview":"-1","robots_max_imagepreview":"large","priority":null,"frequency":"default","local_seo":null,"seo_analyzer_scan_date":"2026-02-20 21:41:00","breadcrumb_settings":null,"limit_modified_date":false,"reviewed_by":"0","open_ai":null,"ai":{"faqs":[],"keyPoints":[],"titles":[],"descriptions":[],"socialPosts":{"email":[],"linkedin":[],"twitter":[],"facebook":[],"instagram":[]}},"created":"2023-07-26 19:06:59","updated":"2026-02-20 21:41:00"},"aioseo_breadcrumb":"<div class=\"aioseo-breadcrumbs\"><span class=\"aioseo-breadcrumb\">\n\t<a href=\"https:\/\/monatglobal.com\/lt\" title=\"Home\">Home<\/a>\n<\/span><span class=\"aioseo-breadcrumb-separator\">&raquo;<\/span><span class=\"aioseo-breadcrumb\">\n\tSkin Revitalizing Essence\u2122\n<\/span><\/div>","aioseo_breadcrumb_json":[{"label":"Home","link":"https:\/\/monatglobal.com\/lt"},{"label":"Skin Revitalizing Essence\u2122","link":"https:\/\/monatglobal.com\/lt\/skin-revitalizing\/"}],"_links":{"self":[{"href":"https:\/\/monatglobal.com\/lt\/wp-json\/wp\/v2\/pages\/45248","targetHints":{"allow":["GET"]}}],"collection":[{"href":"https:\/\/monatglobal.com\/lt\/wp-json\/wp\/v2\/pages"}],"about":[{"href":"https:\/\/monatglobal.com\/lt\/wp-json\/wp\/v2\/types\/page"}],"author":[{"embeddable":true,"href":"https:\/\/monatglobal.com\/lt\/wp-json\/wp\/v2\/users\/31"}],"replies":[{"embeddable":true,"href":"https:\/\/monatglobal.com\/lt\/wp-json\/wp\/v2\/comments?post=45248"}],"version-history":[{"count":23,"href":"https:\/\/monatglobal.com\/lt\/wp-json\/wp\/v2\/pages\/45248\/revisions"}],"predecessor-version":[{"id":109244,"href":"https:\/\/monatglobal.com\/lt\/wp-json\/wp\/v2\/pages\/45248\/revisions\/109244"}],"wp:featuredmedia":[{"embeddable":true,"href":"https:\/\/monatglobal.com\/lt\/wp-json\/wp\/v2\/media\/69460"}],"wp:attachment":[{"href":"https:\/\/monatglobal.com\/lt\/wp-json\/wp\/v2\/media?parent=45248"}],"wp:term":[{"taxonomy":"category","embeddable":true,"href":"https:\/\/monatglobal.com\/lt\/wp-json\/wp\/v2\/categories?post=45248"},{"taxonomy":"post_tag","embeddable":true,"href":"https:\/\/monatglobal.com\/lt\/wp-json\/wp\/v2\/tags?post=45248"}],"curies":[{"name":"wp","href":"https:\/\/api.w.org\/{rel}","templated":true}]}}