{"id":45246,"date":"2019-09-09T21:48:30","date_gmt":"2019-09-10T02:48:30","guid":{"rendered":"https:\/\/monatglobal.com\/uk\/?page_id=45246"},"modified":"2026-02-20T21:31:49","modified_gmt":"2026-02-20T21:31:49","slug":"age-control-nectar","status":"publish","type":"page","link":"https:\/\/monatglobal.com\/lt\/age-control-nectar\/","title":{"rendered":"Rewind\u2122 Age Control Nectar"},"content":{"rendered":"\n<link rel=\"stylesheet\" href=\"https:\/\/unpkg.com\/swiper\/swiper-bundle.min.css\">\n<link rel=\"stylesheet\" href=\"https:\/\/monatglobal.com\/wp-content\/creative_css\/product_styles_sheet.css\">\n   <!--==================================================== ECOMM SECTION ====================================================-->\n   <p>BESTSELERIAI<\/p>\n      <!--==================================================== Ecomm image ====================================================-->\n          <img decoding=\"async\" src=\"https:\/\/monatglobal.com\/au\/wp-content\/uploads\/sites\/12\/2021\/12\/Rewind-Age-Control-Nectar-ecomm.png\" alt=\"Rewind\u2122 Age Control Nectar\" loading=\"lazy\">\n      <!--==================================================== Ecomm information  ====================================================-->\n         <p>BESTSELERIAI<\/p>\n         <h1>\u201eRewind\u2122&#8221; <br>Am\u017ei\u0173 koreguojantis serumas<\/h1>\n         \n         <p>Od\u0105 tobulinan\u010dios nat\u016bralios supervaisi\u0173 AHA r\u016bg\u0161tys ir hialurono r\u016bg\u0161tis<\/p>\n         <p>30 ml \u212e | 1 fl. oz.<\/p>\n           <!--==================================================== pricing box ====================================================-->\n         <p>Ma\u017emenin\u0117 kaina<br>00.00 \u20ac<\/p>\n         <p>VIP kliento kaina<br>00.00 \u20ac<\/p>\n         <!--==================================================== pricing box ====================================================-->\n         <p>Nor\u0117dami su\u017einoti daugiau apie \u201eRewind\u2122&#8221; am\u017ei\u0173 koreguojant\u012f serum\u0105, pasikalb\u0117kite su savo \u201eMONAT Market Partner&#8221;.<\/p>\n          <a href=\"\" target=\"_blank\" role=\"button\" aria-label=\"\" rel=\"noopener\"><\/a>\n   <!--==================================================== \/ECOMM SECTION  ====================================================-->\n   <!--==================================================== Benefits image ====================================================-->\n  \n    <source media=\"(max-width: 700px)\" srcset=\"https:\/\/monatglobal.com\/au\/wp-content\/uploads\/sites\/12\/2021\/12\/Rewind-Age-Control-Nectar-benefits-close-up_mobile.jpg\" loading=\"lazy\">\n      <img decoding=\"async\" src=\"https:\/\/monatglobal.com\/au\/wp-content\/uploads\/sites\/12\/2021\/12\/Rewind-Age-Control-Nectar-benefits-close-up.jpg\" alt=\"\" loading=\"lazy\">\n    \n   <!--==================================================== Benefits text ====================================================-->\n         <h2>NAUDOS<\/h2>\n         <h3>Galingas od\u0105 atnaujinantis, greitai \u012fsigeriantis dr\u0117kinamasis serumas, padedantis atid\u0117ti ir i\u0161taisyti sen\u0117jimo po\u017eymius, suteikdamas glotnios, \u0161velnios, spindin\u010dios odos \u012fvaizd\u012f.<\/h3>\n         <!--==================================================== features image  ====================================================-->\n         <img decoding=\"async\" alt=\"\" src=\"https:\/\/monatglobal.com\/au\/wp-content\/uploads\/sites\/12\/2021\/12\/Rewind-Age-Control-Nectar-features.jpg\" loading=\"lazy\">\n      <!--==================================================== features text ====================================================-->\n            <h3>Savyb\u0117s<\/h3>\n               <p>\/ Kovoja su smulkiomis rauk\u0161lel\u0117mis, rauk\u0161l\u0117mis ir pagerina odos tekst\u016br\u0105<\/p>\n               <p>\/ Oda atrodo jaunatvi\u0161kesn\u0117, \u0161vytinti ir net tonizuota<\/p>\n               <p>\/ Oda yra sudr\u0117kinama akimirksniu, ji tampa glotnesn\u0117 ir skaistesn\u0117<\/p>\n               <p>\/ Padeda pagerinti elastingum\u0105<\/p>\n               <br>\n            <p>Fragrance \/ Unwind and enjoy a coconut-forward, citrusy aroma with notes of blood orange, coconut husk, cashew nut and&nbsp;sandalwood. <\/p>\n            <p> Texture \/ Cream <\/p>\n   <!--==================================================== composition image mobile ====================================================-->\n   <img decoding=\"async\" alt=\"\" src=\"https:\/\/monatglobal.com\/au\/wp-content\/uploads\/sites\/12\/2021\/12\/Rewind-Age-Control-Nectar-comp1.jpg\" loading=\"lazy\">\n   <!--==================================================== Why it works text ====================================================-->\n      <h2>KOREGUOJANTIS IR TRANSFORMUOJANTIS<\/h2>\n      <h3>\u0160is puikios sud\u0117ties atjauninantis serumas papildo od\u0105 aktyviosiomis med\u017eiagomis ir kovoja su netolygiu odos atspalviu, am\u017eiaus d\u0117m\u0117mis, prarastu elastingumu, smulkiomis rauk\u0161lel\u0117mis ir rauk\u0161l\u0117mis, o bly\u0161kiai odai akimirksniu suteikia \u0161velnesn\u0117s ir jaunesn\u0117s odos \u012fvaizd\u012f. <\/h3>\n      <p>Pa\u017eangi am\u017eiaus kontrol\u0117 su Kakadu slyvomis, \u201eMONAT&#8221; i\u0161skirtiniais peptidais, nat\u016braliosiomis vaisi\u0173 r\u016bg\u0161timis (AHA), hialurono r\u016bg\u0161timi ir m\u016bs\u0173 i\u0161skirtiniu produktu \u201eREJUVENIQE S\u2122&#8221;. Galingiausias aktyvi\u0173j\u0173 sudedam\u0173j\u0173 dali\u0173 kokteilis, skirtas \u0161iuolaikiniam po\u017ei\u016briui kovojant su am\u017eiumi.<\/p>\n<!--==================================================== Composition section ====================================================-->\n      <img decoding=\"async\" alt=\"\" src=\"https:\/\/monatglobal.com\/au\/wp-content\/uploads\/sites\/12\/2021\/12\/Rewind-Age-Control-Nectar-comp1.jpg\" loading=\"lazy\">\n      <img decoding=\"async\" alt=\"\" src=\"https:\/\/monatglobal.com\/au\/wp-content\/uploads\/sites\/12\/2021\/12\/rewind-age-control-nectar-composition-3-.jpg\" loading=\"lazy\">\n            <!--==================================================== Directions text ====================================================--> \n               <h3>Naudojimas<\/h3>\n                    <p>\/ Tepkite kasdien, kaip naktinio naudojimo krem\u0105, po paruo\u0161imo etapo.<\/p>\n                    <p>\/ I\u0161spauskite ir tolygiai paskirstykite ant pir\u0161t\u0173 galiuk\u0173.<\/p>\n                    <p>\/ Tolygiai paskirstykite ant veido ir pir\u0161t\u0173 galiukais patap\u0161nokite kaktos srit\u012f, skruostus, smakr\u0105 ir kakl\u0105.<\/p>\n                    <p>\/ Nor\u0117dami pasiekti geriausi\u0173 rezultat\u0173, prad\u0117kite nuo centro ir masa\u017euokite \u012f i\u0161or\u0119 bei \u012f vir\u0161\u0173 nuo kaklo.<\/p>\n                    <p>\/ Palaukite, kol produktas visi\u0161kai susigers ir tik tada tepkite \u201eMONAT&#8221; dr\u0117kinam\u0105j\u012f krem\u0105.<\/p>\n            <!--==================================================== Directions video ====================================================-->\n      <p>Rewind\u2122 Age Control Nectar<br>0:29<\/p>\n         <!--==================================================== features image  ====================================================-->\n         <img decoding=\"async\" alt=\"\" src=\"https:\/\/monatglobal.com\/au\/wp-content\/uploads\/sites\/12\/2021\/12\/sunscreen-suggestion.jpg\" loading=\"lazy\">\n      <!--==================================================== features text ====================================================-->\n            <h3>Rekomendacijos<\/h3>\n               <p>\/ Sveikos odos patarimas: naudodami \u0161\u012f produkt\u0105, dienos metu kartu naudokite ir apsaugin\u012f krem\u0105 nuo&nbsp;saul\u0117s.<\/p>\n      <a href=\"\" target=\"_blank\" role=\"button\" aria-label=\"\" rel=\"noopener\"><\/a>\n   <!--==================================================== Ingredients section  ====================================================-->\n      <h2>PAGRINDIN\u0116S AKTYVIOSIOS MED\u017dIAGOS<\/h2>\n      <p>\u201eREJUVENIQE S\u2122&#8221;<\/p>\n      <p>Prisotina dr\u0117gm\u0117s ir maitina<\/p>\n      <p>Nat\u016brali\u0173 vaisi\u0173 r\u016bg\u0161tys (AHA)<\/p>\n            <p>Glotnina ir \u0161viesina<\/p>\n      <p>Peptidai<\/p>\n       <p>Stangrina ir putlina<\/p>\n      <p>Kakadu slyvos<\/p>\n      <p>\u0160viesina, ramina ir apsaugo<\/p>\n      <p>Hialurono r\u016bg\u0161tis<\/p>\n       <p>Dr\u0117gm\u0117s magnetas<\/p>\n        <button id=\"myBtn\" type=\"button\">\u017dR. I\u0160SAM\u0172 SUDEDAM\u0172J\u0172 DALI\u0172 S\u0104RA\u0160\u0104<\/button>\n      <!--==================================================== Modal content  ====================================================-->\n         \u00d7\n         Aqua\/Water\/Eau, Propanediol, Glycerin, Mangifera Indica (Mango) Pulp Extract, Musa Sapientum (Banana) Pulp Extract, \n         Pentylene Glycol, Trifluoroacetyl Tripeptide-2, Glycolic Acid, Sodium Hyaluronate, Saccharum Officinarum (Sugarcane) Extract, \n         Terminalia Ferdinandiana Fruit Extract, Limnanthes Alba (Meadowfoam) Seed Oil, Crambe Abyssinica Seed Oil, Camellia Oleifera Seed \n         Oil, Solanum Lycopersicum (Tomato) Seed Oil, Daucus Carota Sativa (Carrot) Seed Oil, Citrus Limon (Lemon) Peel Oil, Citrus \n         Aurantifolia (Lime) Oil, Citrus Aurantium Bergamia (Bergamot) Fruit Oil, Adansonia Digitata Oil, Mauritia Flexuosa Fruit Oil, \n         Cocos Nucifera (Coconut) Oil, Gardenia Taitensis Flower Extract, Moringa Oleifera Seed Oil, Caryocar Brasiliense Fruit Oil, \n         Helianthus Annuus (Sunflower) Seed Oil, Olea Europaea (Olive) Fruit Oil, Simmondsia Chinensis (Jojoba) Seed Extract, Sodium \n         Phytate, Xanthan Gum, Lecithin, Sclerotium Gum, Pullulan, Dextran, Citric Acid, Fragrance\/Parfum, Sodium Benzoate, Potassium&nbsp;Sorbate.\n   <!--==================================================== You might also like section ====================================================-->\n      <h2>JUMS TAIP PAT GALI PATIKTI<\/h2>\n      <!--==================================================== Slider YOU MIGHT ALSO LIKE ====================================================-->\n          <!---->\n          <!--   -->\n                <!-- Slides products-->\n          <!--      -->\n          <!--         <a href=\"\/lt\/lightweight-moisturizer\/\" aria-label=\"Go to BE BALANCED\u2122 LIGHTWEIGHT MOISTURIZER page\">-->\n          <!--          <img decoding=\"async\" src=\"https:\/\/monatglobal.com\/wp-content\/uploads\/2022\/12\/BE-BALANCED-Lightweight-Moisturizer_ecomm-min.png\" alt=\"BE BALANCED\u2122 LIGHTWEIGHT MOISTURIZER\" loading=\"lazy\"\/>-->\n          <!--          <p>\u201eBE BALANCED\u2122\" <br \/>GREITAI \u012eSIGERIANTIS DR\u0116KINAMASIS KREMAS<\/p>-->\n          <!--        <\/a>-->\n          <!--      -->\n          <!--      -->\n          <!--         <a href=\"\/lt\/nourishing-moisturizer\/\" aria-label=\"Go to BE GENTLE\u2122 NOURISHING MOISTURIZER page\">-->\n          <!--            <img decoding=\"async\" src=\"https:\/\/monatglobal.com\/wp-content\/uploads\/2022\/12\/Be-Gentle-Nourishing-Moisturizer-ecomm-min.png\" alt=\"BE GENTLE\u2122 NOURISHING MOISTURIZER\" loading=\"lazy\"\/>-->\n          <!--            <p>\u201eBE GENTLE\u2122\" <br \/>MAITINAMASIS DR\u0116KINAMASIS KREMAS<\/p>-->\n          <!--         <\/a>-->\n          <!--      -->\n          <!--      -->\n          <!--         <a href=\"\/lt\/creamy-cleanser\/\" aria-label=\"Go to BE GENTLE\u2122 CREAMY CLEANSER page\">-->\n          <!--            <img decoding=\"async\" src=\"https:\/\/monatglobal.com\/wp-content\/uploads\/2022\/12\/BE-GENTLE-Creamy-Cleanser-ecomm-2022-min.png\" alt=\"BE GENTLE\u2122 CREAMY CLEANSER\" loading=\"lazy\"\/>-->\n          <!--            <p>\u201eBE GENTLE\u2122\" <br \/>KREMINIS PRAUSIKLIS<\/p>-->\n          <!--         <\/a>-->\n          <!--      -->\n          <!--   -->\n             <!-- If we need navigation buttons -->\n          <!--   -->\n          <!--   -->\n             <!-- If we need paginations -->\n          <!--   -->\n          <!---->\n         <!--==================================================== If we need navigation buttons  ====================================================-->\n         <!--==================================================== If we need paginations  ====================================================-->\n    <a href=\"\" aria-label=\"\"><\/a>\n<!--==================================================== this link has to go last for it to work   ====================================================-->\n","protected":false},"excerpt":{"rendered":"<p>BESTSELERIAI BESTSELERIAI \u201eRewind\u2122&#8221; Am\u017ei\u0173 koreguojantis serumas Od\u0105 tobulinan\u010dios nat\u016bralios supervaisi\u0173 AHA r\u016bg\u0161tys ir hialurono r\u016bg\u0161tis 30 ml \u212e | 1 fl. oz. Ma\u017emenin\u0117 kaina00.00 \u20ac VIP kliento kaina00.00 \u20ac Nor\u0117dami su\u017einoti daugiau apie \u201eRewind\u2122&#8221; am\u017ei\u0173 koreguojant\u012f serum\u0105, pasikalb\u0117kite su savo \u201eMONAT Market Partner&#8221;. NAUDOS Galingas od\u0105 atnaujinantis, greitai \u012fsigeriantis dr\u0117kinamasis serumas, padedantis atid\u0117ti ir i\u0161taisyti&hellip;<\/p>\n","protected":false},"author":31,"featured_media":69458,"parent":0,"menu_order":0,"comment_status":"closed","ping_status":"closed","template":"","meta":{"inline_featured_image":false,"om_disable_all_campaigns":false,"_monsterinsights_skip_tracking":false,"_monsterinsights_sitenote_active":false,"_monsterinsights_sitenote_note":"","_monsterinsights_sitenote_category":0,"footnotes":""},"categories":[32],"tags":[],"class_list":["post-45246","page","type-page","status-publish","has-post-thumbnail","hentry","category-product-lt"],"aioseo_notices":[],"aioseo_head":"\n\t\t<!-- All in One SEO Pro 4.9.5.2 - aioseo.com -->\n\t<meta name=\"description\" content=\"BESTSELERIAI --&gt;\" \/>\n\t<meta name=\"robots\" content=\"max-image-preview:large\" \/>\n\t<link rel=\"canonical\" href=\"https:\/\/monatglobal.com\/lt\/age-control-nectar\/\" \/>\n\t<meta name=\"generator\" content=\"All in One SEO Pro (AIOSEO) 4.9.5.2\" \/>\n\t\t<meta property=\"og:locale\" content=\"lt_LT\" \/>\n\t\t<meta property=\"og:site_name\" content=\"MONAT Lithuania -\" \/>\n\t\t<meta property=\"og:type\" content=\"article\" \/>\n\t\t<meta property=\"og:title\" content=\"Rewind\u2122 Age Control Nectar - MONAT Lithuania\" \/>\n\t\t<meta property=\"og:description\" content=\"BESTSELERIAI --&gt;\" \/>\n\t\t<meta property=\"og:url\" content=\"https:\/\/monatglobal.com\/lt\/age-control-nectar\/\" \/>\n\t\t<meta property=\"article:published_time\" content=\"2019-09-10T02:48:30+00:00\" \/>\n\t\t<meta property=\"article:modified_time\" content=\"2026-02-20T21:31:49+00:00\" \/>\n\t\t<meta name=\"twitter:card\" content=\"summary_large_image\" \/>\n\t\t<meta name=\"twitter:title\" content=\"Rewind\u2122 Age Control Nectar - MONAT Lithuania\" \/>\n\t\t<meta name=\"twitter:description\" content=\"BESTSELERIAI --&gt;\" \/>\n\t\t<script type=\"application\/ld+json\" class=\"aioseo-schema\">\n\t\t\t{\"@context\":\"https:\\\/\\\/schema.org\",\"@graph\":[{\"@type\":\"BreadcrumbList\",\"@id\":\"https:\\\/\\\/monatglobal.com\\\/lt\\\/age-control-nectar\\\/#breadcrumblist\",\"itemListElement\":[{\"@type\":\"ListItem\",\"@id\":\"https:\\\/\\\/monatglobal.com\\\/lt#listItem\",\"position\":1,\"name\":\"Home\",\"item\":\"https:\\\/\\\/monatglobal.com\\\/lt\",\"nextItem\":{\"@type\":\"ListItem\",\"@id\":\"https:\\\/\\\/monatglobal.com\\\/lt\\\/age-control-nectar\\\/#listItem\",\"name\":\"Rewind\\u2122 Age Control Nectar\"}},{\"@type\":\"ListItem\",\"@id\":\"https:\\\/\\\/monatglobal.com\\\/lt\\\/age-control-nectar\\\/#listItem\",\"position\":2,\"name\":\"Rewind\\u2122 Age Control Nectar\",\"previousItem\":{\"@type\":\"ListItem\",\"@id\":\"https:\\\/\\\/monatglobal.com\\\/lt#listItem\",\"name\":\"Home\"}}]},{\"@type\":\"Organization\",\"@id\":\"https:\\\/\\\/monatglobal.com\\\/lt\\\/#organization\",\"name\":\"MONAT Lithuania\",\"url\":\"https:\\\/\\\/monatglobal.com\\\/lt\\\/\"},{\"@type\":\"WebPage\",\"@id\":\"https:\\\/\\\/monatglobal.com\\\/lt\\\/age-control-nectar\\\/#webpage\",\"url\":\"https:\\\/\\\/monatglobal.com\\\/lt\\\/age-control-nectar\\\/\",\"name\":\"Rewind\\u2122 Age Control Nectar - MONAT Lithuania\",\"description\":\"BESTSELERIAI -->\",\"inLanguage\":\"lt-LT\",\"isPartOf\":{\"@id\":\"https:\\\/\\\/monatglobal.com\\\/lt\\\/#website\"},\"breadcrumb\":{\"@id\":\"https:\\\/\\\/monatglobal.com\\\/lt\\\/age-control-nectar\\\/#breadcrumblist\"},\"image\":{\"@type\":\"ImageObject\",\"url\":\"https:\\\/\\\/monatglobal.com\\\/lt\\\/wp-content\\\/uploads\\\/sites\\\/11\\\/2022\\\/01\\\/Rewind-Age-Control-Nectar-ecomm.png\",\"@id\":\"https:\\\/\\\/monatglobal.com\\\/lt\\\/age-control-nectar\\\/#mainImage\",\"width\":641,\"height\":800},\"primaryImageOfPage\":{\"@id\":\"https:\\\/\\\/monatglobal.com\\\/lt\\\/age-control-nectar\\\/#mainImage\"},\"datePublished\":\"2019-09-09T21:48:30+01:00\",\"dateModified\":\"2026-02-20T21:31:49+00:00\"},{\"@type\":\"WebSite\",\"@id\":\"https:\\\/\\\/monatglobal.com\\\/lt\\\/#website\",\"url\":\"https:\\\/\\\/monatglobal.com\\\/lt\\\/\",\"name\":\"MONAT Lithuania\",\"inLanguage\":\"lt-LT\",\"publisher\":{\"@id\":\"https:\\\/\\\/monatglobal.com\\\/lt\\\/#organization\"}}]}\n\t\t<\/script>\n\t\t<!-- All in One SEO Pro -->\r\n\t\t<title>Rewind\u2122 Age Control Nectar - MONAT Lithuania<\/title>\n\n","aioseo_head_json":{"title":"Rewind\u2122 Age Control Nectar - MONAT Lithuania","description":"BESTSELERIAI -->","canonical_url":"https:\/\/monatglobal.com\/lt\/age-control-nectar\/","robots":"max-image-preview:large","keywords":"","webmasterTools":{"miscellaneous":""},"schema":{"@context":"https:\/\/schema.org","@graph":[{"@type":"BreadcrumbList","@id":"https:\/\/monatglobal.com\/lt\/age-control-nectar\/#breadcrumblist","itemListElement":[{"@type":"ListItem","@id":"https:\/\/monatglobal.com\/lt#listItem","position":1,"name":"Home","item":"https:\/\/monatglobal.com\/lt","nextItem":{"@type":"ListItem","@id":"https:\/\/monatglobal.com\/lt\/age-control-nectar\/#listItem","name":"Rewind\u2122 Age Control Nectar"}},{"@type":"ListItem","@id":"https:\/\/monatglobal.com\/lt\/age-control-nectar\/#listItem","position":2,"name":"Rewind\u2122 Age Control Nectar","previousItem":{"@type":"ListItem","@id":"https:\/\/monatglobal.com\/lt#listItem","name":"Home"}}]},{"@type":"Organization","@id":"https:\/\/monatglobal.com\/lt\/#organization","name":"MONAT Lithuania","url":"https:\/\/monatglobal.com\/lt\/"},{"@type":"WebPage","@id":"https:\/\/monatglobal.com\/lt\/age-control-nectar\/#webpage","url":"https:\/\/monatglobal.com\/lt\/age-control-nectar\/","name":"Rewind\u2122 Age Control Nectar - MONAT Lithuania","description":"BESTSELERIAI -->","inLanguage":"lt-LT","isPartOf":{"@id":"https:\/\/monatglobal.com\/lt\/#website"},"breadcrumb":{"@id":"https:\/\/monatglobal.com\/lt\/age-control-nectar\/#breadcrumblist"},"image":{"@type":"ImageObject","url":"https:\/\/monatglobal.com\/lt\/wp-content\/uploads\/sites\/11\/2022\/01\/Rewind-Age-Control-Nectar-ecomm.png","@id":"https:\/\/monatglobal.com\/lt\/age-control-nectar\/#mainImage","width":641,"height":800},"primaryImageOfPage":{"@id":"https:\/\/monatglobal.com\/lt\/age-control-nectar\/#mainImage"},"datePublished":"2019-09-09T21:48:30+01:00","dateModified":"2026-02-20T21:31:49+00:00"},{"@type":"WebSite","@id":"https:\/\/monatglobal.com\/lt\/#website","url":"https:\/\/monatglobal.com\/lt\/","name":"MONAT Lithuania","inLanguage":"lt-LT","publisher":{"@id":"https:\/\/monatglobal.com\/lt\/#organization"}}]},"og:locale":"lt_LT","og:site_name":"MONAT Lithuania -","og:type":"article","og:title":"Rewind\u2122 Age Control Nectar - MONAT Lithuania","og:description":"BESTSELERIAI --&gt;","og:url":"https:\/\/monatglobal.com\/lt\/age-control-nectar\/","article:published_time":"2019-09-10T02:48:30+00:00","article:modified_time":"2026-02-20T21:31:49+00:00","twitter:card":"summary_large_image","twitter:title":"Rewind\u2122 Age Control Nectar - MONAT Lithuania","twitter:description":"BESTSELERIAI --&gt;"},"aioseo_meta_data":{"post_id":"45246","title":null,"description":null,"keywords":null,"keyphrases":{"focus":{"keyphrase":"","score":0,"analysis":{"keyphraseInTitle":{"score":0,"maxScore":9,"error":1}}},"additional":[]},"primary_term":null,"canonical_url":null,"og_title":null,"og_description":null,"og_object_type":"default","og_image_type":"default","og_image_url":null,"og_image_width":null,"og_image_height":null,"og_image_custom_url":null,"og_image_custom_fields":null,"og_video":"","og_custom_url":null,"og_article_section":null,"og_article_tags":null,"twitter_use_og":false,"twitter_card":"default","twitter_image_type":"default","twitter_image_url":null,"twitter_image_custom_url":null,"twitter_image_custom_fields":null,"twitter_title":null,"twitter_description":null,"schema":{"blockGraphs":[],"customGraphs":[],"default":{"data":{"Article":[],"Course":[],"Dataset":[],"FAQPage":[],"Movie":[],"Person":[],"Product":[],"ProductReview":[],"Car":[],"Recipe":[],"Service":[],"SoftwareApplication":[],"WebPage":[]},"graphName":"WebPage","isEnabled":true},"graphs":[]},"schema_type":"default","schema_type_options":null,"pillar_content":false,"robots_default":true,"robots_noindex":false,"robots_noarchive":false,"robots_nosnippet":false,"robots_nofollow":false,"robots_noimageindex":false,"robots_noodp":false,"robots_notranslate":false,"robots_max_snippet":"-1","robots_max_videopreview":"-1","robots_max_imagepreview":"large","priority":null,"frequency":"default","local_seo":null,"seo_analyzer_scan_date":"2026-02-20 21:40:57","breadcrumb_settings":null,"limit_modified_date":false,"reviewed_by":"0","open_ai":null,"ai":{"faqs":[],"keyPoints":[],"titles":[],"descriptions":[],"socialPosts":{"email":[],"linkedin":[],"twitter":[],"facebook":[],"instagram":[]}},"created":"2023-07-26 19:06:59","updated":"2026-02-20 21:40:57"},"aioseo_breadcrumb":"<div class=\"aioseo-breadcrumbs\"><span class=\"aioseo-breadcrumb\">\n\t<a href=\"https:\/\/monatglobal.com\/lt\" title=\"Home\">Home<\/a>\n<\/span><span class=\"aioseo-breadcrumb-separator\">&raquo;<\/span><span class=\"aioseo-breadcrumb\">\n\tRewind\u2122 Age Control Nectar\n<\/span><\/div>","aioseo_breadcrumb_json":[{"label":"Home","link":"https:\/\/monatglobal.com\/lt"},{"label":"Rewind\u2122 Age Control Nectar","link":"https:\/\/monatglobal.com\/lt\/age-control-nectar\/"}],"_links":{"self":[{"href":"https:\/\/monatglobal.com\/lt\/wp-json\/wp\/v2\/pages\/45246","targetHints":{"allow":["GET"]}}],"collection":[{"href":"https:\/\/monatglobal.com\/lt\/wp-json\/wp\/v2\/pages"}],"about":[{"href":"https:\/\/monatglobal.com\/lt\/wp-json\/wp\/v2\/types\/page"}],"author":[{"embeddable":true,"href":"https:\/\/monatglobal.com\/lt\/wp-json\/wp\/v2\/users\/31"}],"replies":[{"embeddable":true,"href":"https:\/\/monatglobal.com\/lt\/wp-json\/wp\/v2\/comments?post=45246"}],"version-history":[{"count":20,"href":"https:\/\/monatglobal.com\/lt\/wp-json\/wp\/v2\/pages\/45246\/revisions"}],"predecessor-version":[{"id":109246,"href":"https:\/\/monatglobal.com\/lt\/wp-json\/wp\/v2\/pages\/45246\/revisions\/109246"}],"wp:featuredmedia":[{"embeddable":true,"href":"https:\/\/monatglobal.com\/lt\/wp-json\/wp\/v2\/media\/69458"}],"wp:attachment":[{"href":"https:\/\/monatglobal.com\/lt\/wp-json\/wp\/v2\/media?parent=45246"}],"wp:term":[{"taxonomy":"category","embeddable":true,"href":"https:\/\/monatglobal.com\/lt\/wp-json\/wp\/v2\/categories?post=45246"},{"taxonomy":"post_tag","embeddable":true,"href":"https:\/\/monatglobal.com\/lt\/wp-json\/wp\/v2\/tags?post=45246"}],"curies":[{"name":"wp","href":"https:\/\/api.w.org\/{rel}","templated":true}]}}