{"id":45242,"date":"2019-09-09T21:38:43","date_gmt":"2019-09-10T02:38:43","guid":{"rendered":"https:\/\/monatglobal.com\/uk\/?page_id=45242"},"modified":"2026-02-20T21:53:35","modified_gmt":"2026-02-20T21:53:35","slug":"nourishing-moisturizer","status":"publish","type":"page","link":"https:\/\/monatglobal.com\/lt\/nourishing-moisturizer\/","title":{"rendered":"Be Gentle\u2122 Nourishing Moisturizer"},"content":{"rendered":"\n<link rel=\"stylesheet\" href=\"https:\/\/unpkg.com\/swiper\/swiper-bundle.min.css\">\n<link rel=\"stylesheet\" href=\"https:\/\/monatglobal.com\/wp-content\/creative_css\/product_styles_sheet.css\">\n   <!--==================================================== ECOMM SECTION ====================================================-->\n      <!--==================================================== Ecomm image ====================================================-->\n    \n      <source media=\"(max-width: 700px)\" srcset=\"https:\/\/monatglobal.com\/au\/wp-content\/uploads\/sites\/12\/2021\/12\/Be-Gentle-Nourishing-Moisturizer-ecomm-2022_mobile.png\" loading=\"lazy\">\n      <img decoding=\"async\" src=\"https:\/\/monatglobal.com\/au\/wp-content\/uploads\/sites\/12\/2021\/12\/Be-Gentle-Nourishing-Moisturizer-ecomm.png\" alt=\"Be-Gentle-Nourishing-Moisturizer\" loading=\"lazy\">\n         \n      <!--==================================================== Ecomm information  ====================================================-->\n         <p>\u201eBE GENTLE\u2122&#8221;<\/p>\n         <h1>Maitinamasis dr\u0117kinamasis kremas<\/h1>\n         \n         <p>Dr\u0117kinantis ir atkuriantis<br> Dr\u0117gm\u0119 skatinanti hialurono r\u016bg\u0161tis ir augal\u0173 kamienin\u0117s&nbsp;l\u0105stel\u0117s.<\/p>\n         <p>45 ml | 1.52 fl oz<\/p>\n         <!--==================================================== pricing box  ====================================================-->\n         <p>Ma\u017emenin\u0117 kaina<br>00.00 \u20ac<\/p>\n         <p>VIP kliento kaina<br>00.00 \u20ac<\/p>\n         <!--==================================================== pricing box  ====================================================-->\n         <p>Nor\u0117dami su\u017einoti daugiau apie \u201eBE GENTLE\u2122&#8221; maitinam\u0105j\u012f dr\u0117kinam\u0105j\u012f krem\u0105,  pasikalb\u0117kite su savo \u201eMONAT Market Partner&#8221;.<\/p>\n          <a href=\"\" target=\"_blank\" role=\"button\" aria-label=\"\" rel=\"noopener\"><\/a>\n   <!--==================================================== \/ECOMM SECTION  ====================================================-->\n   <!--==================================================== Benefits image ====================================================-->\n  \n    <source media=\"(max-width: 700px)\" srcset=\"https:\/\/monatglobal.com\/au\/wp-content\/uploads\/sites\/12\/2021\/12\/Be-Gentle-Nourishing-Moisturizer-benefits-close-up_mobile.jpg\" loading=\"lazy\">\n      <img decoding=\"async\" src=\"https:\/\/monatglobal.com\/au\/wp-content\/uploads\/sites\/12\/2021\/12\/Be-Gentle-Nourishing-Moisturizer-benefits-close-up.jpg\" alt=\"\" loading=\"lazy\">\n    \n   <!--==================================================== Benefits text ====================================================-->\n         <h2>NAUDOS<\/h2>\n         <h3>Praturtintas, raminantis, intensyviai dr\u0117kinantis kremas, padedantis atnaujinti, putlinti ir maitinti od\u0105 &#8211; atskleid\u017eiantis \u0161veln\u0173, glotn\u0173 ir sveikai atrodant\u012f&nbsp;\u0161vyt\u0117jim\u0105.<\/h3>\n         <!--==================================================== features image  ====================================================-->\n         <img decoding=\"async\" alt=\"\" src=\"https:\/\/monatglobal.com\/au\/wp-content\/uploads\/sites\/12\/2021\/12\/be-gentle-nourishing-moisturizer-features-composition-3.jpg\" loading=\"lazy\">\n      <!--==================================================== features text ====================================================-->\n            <h3>Savyb\u0117s<\/h3>\n               <p>\/ Maitina ir dr\u0117kina od\u0105<\/p>\n               <p>\/ U\u017etikrina dr\u0117kinim\u0105 vis\u0105 dien\u0105<\/p>\n               <p>\/ Oda atrodo spindinti ir jau\u010diasi rami, glotni ir&nbsp;\u0161velni<\/p>\n               <p>\/ Suma\u017eina rauk\u0161li\u0173 ir smulki\u0173 rauk\u0161leli\u0173 atsiradim\u0105 bei suteikia elastingumo<\/p>\n               <p>\/  Puikiai tinka sausai ir jautriai odai<\/p>\n               <br>\n            <p>Fragrance \/ Unwind and enjoy a coconut-forward, citrusy aroma with notes of blood orange, coconut husk, cashew nut and&nbsp;sandalwood. <\/p>\n            <p> Texture \/ Cream <\/p>\n   <!--==================================================== composition image mobile ====================================================-->\n   <img decoding=\"async\" alt=\"\" src=\"https:\/\/monatglobal.com\/au\/wp-content\/uploads\/sites\/12\/2021\/12\/nourishing-moisturizing-composition-1.jpg\" loading=\"lazy\">\n   <!--==================================================== Why it works text ====================================================-->\n      <h2>DR\u0116KINANTIS IR MAITINANTIS<\/h2>\n      <h3>\u0160is daugiafunkcis, i\u0161skirtinai raminantis kremas i\u0161 karto papildo od\u0105 ilgalaikiu dr\u0117kinimu ir raminan\u010diomis med\u017eiagomis<\/h3>\n      <p>Numal\u0161ina od\u0105 papildu, kurio reikia norint skatinti b\u016btin\u0105 dr\u0117gm\u0117s sulaikym\u0105 ir kartu padeda stangrinti bei apsaugo od\u0105 nuo aplinkos poveikio, kad jaustum\u0117t\u0117s patogiai vis\u0105 dien\u0105, o oda atrodyt\u0173 sveikai.<\/p>\n<!--==================================================== Composition section ====================================================-->\n      <img decoding=\"async\" alt=\"\" src=\"https:\/\/monatglobal.com\/au\/wp-content\/uploads\/sites\/12\/2021\/12\/nourishing-moisturizing-composition-1.jpg\" loading=\"lazy\">\n      <img decoding=\"async\" alt=\"\" src=\"https:\/\/monatglobal.com\/au\/wp-content\/uploads\/sites\/12\/2021\/12\/Be-Gentle-Nourishing-Moisturizer-composition-3.jpg\" loading=\"lazy\">\n            <!--==================================================== Directions text ====================================================--> \n               <h3>Naudojimas<\/h3>\n                    <p>\/ Naudokite kasdien, ryte ir vakare.<\/p>\n                    <p>\/ Rinkinyje esan\u010dia mentele u\u017ekabinkite nedidel\u012f kiek\u012f i\u0161 indelio.<\/p>\n                    <p>\/ Tolygiai paskirstykite ant pir\u0161t\u0173 galiuk\u0173.<\/p>\n                    <p>\/ Masa\u017euokite veid\u0105, kakl\u0105 ir dekolt\u0117 srit\u012f, naudodami judesius \u012f vir\u0161\u0173, kad atgaivintum\u0117te od\u0105.<\/p>\n                    <p>\/ Palaukite, kol produktas visi\u0161kai susigers ir tik tada tepkite apsaugin\u012f krem\u0105 nuo saul\u0117s arba makia\u017eo pagrind\u0105.<\/p>\n            <!--==================================================== Directions video ====================================================-->\n      <p>Be Gentle\u2122 <br>Nourishing Moisturizer <br>0:34<\/p>\n         <!--==================================================== features image  ====================================================-->\n         <img decoding=\"async\" alt=\"\" src=\"https:\/\/monatglobal.com\/au\/wp-content\/uploads\/sites\/12\/2021\/12\/rejuveniqe-suggestion.jpg\" loading=\"lazy\">\n      <!--==================================================== features text ====================================================-->\n            <h3>Rekomendacijos<\/h3>\n               <p>\/ Jau\u010diate, kad oda yra itin sausa? U\u017ela\u0161inkite 1-2 \u201eMONAT REJUVENIQE<sup>\u00ae<\/sup>&#8221; ant delno ir sumai\u0161ykite su dr\u0117kinamuoju kremu.<\/p>\n      <a href=\"\" target=\"_blank\" role=\"button\" aria-label=\"\" rel=\"noopener\"><\/a>\n   <!--==================================================== Ingredients section  ====================================================-->\n      <h2>PAGRINDIN\u0116S AKTYVIOSIOS MED\u017dIAGOS<\/h2>\n      <p>\u201eREJUVENIQE S\u2122&#8221;<\/p>\n      <p>Prisotina dr\u0117gm\u0117s ir maitina<\/p>\n      <p>Peptidai<\/p>\n         <p>Stangrina ir putlina<\/p>\n      <p>Augal\u0173 kamienin\u0117s l\u0105stel\u0117s<\/p>\n      <p>Stiprina ir apsaugo<\/p>\n      <p>Raminantis kompleksas<\/p>\n      <p>(Imbiero \u0161aknis ir bisabololis)<\/p>\n      <p>Hialurono r\u016bg\u0161tis<\/p>\n      <p>Dr\u0117gm\u0117s magnetas<\/p>\n        <button id=\"myBtn\" type=\"button\">\u017dR. I\u0160SAM\u0172 SUDEDAM\u0172J\u0172 DALI\u0172 S\u0104RA\u0160\u0104<\/button>\n      <!--==================================================== Modal content  ====================================================-->\n         \u00d7\n         Aqua\/Water\/Eau, Cetearyl Alcohol, Glycerin, Dimethicone, Orbignya Speciosa Kernel Oil, Cetyl Alcohol, Jojoba \n         Esters, Ethyl Macadamiate, Propanediol, Cetearyl Glucoside, Sodium Hyaluronate, Astrocaryum Murumuru Seed Butter, Trifluoroacetyl \n         Tripeptide-2, Zingiber Officinale (Ginger) Root Extract, Bisabolol, Hydrolyzed Jojoba Esters, Limnanthes Alba (Meadowfoam) Seed \n         Oil, Crambe Abyssinica Seed Oil, Camellia Oleifera Seed Oil, Solanum Lycopersicum (Tomato) Seed Oil, Daucus Carota Sativa \n         (Carrot) Seed Oil, Citrus Limon (Lemon) Peel Oil, Citrus Aurantifolia (Lime) Oil, Citrus Aurantium Bergamia (Bergamot) Fruit Oil, \n         Adansonia Digitata Oil, Mauritia Flexuosa Fruit Oil, Cocos Nucifera (Coconut) Oil, Gardenia Taitensis Flower Extract, Moringa \n         Oleifera Seed Oil, Caryocar Brasiliense Fruit Oil, Helianthus Annuus (Sunflower) Seed Oil, Olea Europaea (Olive) Fruit Oil, \n         Simmondsia Chinensis (Jojoba) Seed Extract, Tocopherol, Hydroxyethyl Acrylate\/Sodium Acryloyldimethyl Taurate Copolymer, \n         Carrageenan, Glucose, Isomalt, Phytol, Dextran, Citric Acid, Fragrance\/Parfum, Dimethiconol, Ethylhexylglycerin, Benzyl&nbsp;Alcohol.\n   <!--==================================================== You might also like section ====================================================-->\n      <h2>JUMS TAIP PAT GALI PATIKTI<\/h2>\n      <!--==================================================== Slider YOU MIGHT ALSO LIKE ====================================================-->\n          <!---->\n          <!--   -->\n                <!-- Slides products-->\n          <!--      -->\n          <!--         <a href=\"\/lt\/age-control-nectar\/\" aria-label=\"Go to REWIND\u2122 AGE CONTROL NECTAR page\">-->\n          <!--          <img decoding=\"async\" src=\"https:\/\/monatglobal.com\/wp-content\/uploads\/2022\/12\/Rewind-Age-Control-Nectar-ecomm-min.png\" alt=\"REWIND\u2122 AGE CONTROL NECTAR\" loading=\"lazy\"\/>-->\n          <!--          <p>\u201eREWIND\u2122\" <br \/>AM\u017dI\u0172 KOREGUOJANTIS SERUMAS<\/p>-->\n          <!--        <\/a>-->\n          <!--      -->\n          <!--      -->\n          <!--         <a href=\"\/lt\/eye-smooth\/\" aria-label=\"Go to EYE SMOOTH\u2122 page\">-->\n          <!--          <img decoding=\"async\" src=\"https:\/\/monatglobal.com\/wp-content\/uploads\/2022\/12\/Eye-smooth-ecomm-2022-min.png\" alt=\"EYE SMOOTH\u2122\" loading=\"lazy\"\/>-->\n          <!--          <p>\u201eEYE SMOOTH\u2122\"<\/p>-->\n          <!--        <\/a>-->\n          <!--      -->\n          <!--      -->\n          <!--         <a href=\"\/lt\/rejuveniqe\" aria-label=\"Go to REJUVENIQE\u00ae page\">-->\n          <!--            <img decoding=\"async\" src=\"https:\/\/monatglobal.com\/wp-content\/uploads\/2022\/12\/rejuveniqe_2021-ecomm.png\" alt=\"REJUVENIQE\u00ae\" loading=\"lazy\"\/>-->\n          <!--            <p>\u201eREJUVENIQE<sup>\u00ae<\/sup>\" <\/p>-->\n          <!--         <\/a>-->\n          <!--      -->\n          <!--   -->\n             <!-- If we need navigation buttons -->\n          <!--   -->\n          <!--   -->\n             <!-- If we need paginations -->\n          <!--   -->\n          <!---->\n         <!--==================================================== If we need navigation buttons  ====================================================-->\n         <!--==================================================== If we need paginations  ====================================================-->\n    <a href=\"\" aria-label=\"\"><\/a>\n<!--==================================================== this link has to go last for it to work   ====================================================-->\n","protected":false},"excerpt":{"rendered":"<p>\u201eBE GENTLE\u2122&#8221; Maitinamasis dr\u0117kinamasis kremas Dr\u0117kinantis ir atkuriantis Dr\u0117gm\u0119 skatinanti hialurono r\u016bg\u0161tis ir augal\u0173 kamienin\u0117s&nbsp;l\u0105stel\u0117s. 45 ml | 1.52 fl oz Ma\u017emenin\u0117 kaina00.00 \u20ac VIP kliento kaina00.00 \u20ac Nor\u0117dami su\u017einoti daugiau apie \u201eBE GENTLE\u2122&#8221; maitinam\u0105j\u012f dr\u0117kinam\u0105j\u012f krem\u0105, pasikalb\u0117kite su savo \u201eMONAT Market Partner&#8221;. NAUDOS Praturtintas, raminantis, intensyviai dr\u0117kinantis kremas, padedantis atnaujinti, putlinti ir maitinti od\u0105&hellip;<\/p>\n","protected":false},"author":31,"featured_media":69450,"parent":0,"menu_order":0,"comment_status":"closed","ping_status":"closed","template":"","meta":{"inline_featured_image":false,"om_disable_all_campaigns":false,"_monsterinsights_skip_tracking":false,"_monsterinsights_sitenote_active":false,"_monsterinsights_sitenote_note":"","_monsterinsights_sitenote_category":0,"footnotes":""},"categories":[32],"tags":[],"class_list":["post-45242","page","type-page","status-publish","has-post-thumbnail","hentry","category-product-lt"],"aioseo_notices":[],"aioseo_head":"\n\t\t<!-- All in One SEO Pro 4.9.6 - aioseo.com -->\n\t<meta name=\"description\" content=\"--&gt;\" \/>\n\t<meta name=\"robots\" content=\"max-image-preview:large\" \/>\n\t<link rel=\"canonical\" href=\"https:\/\/monatglobal.com\/lt\/nourishing-moisturizer\/\" \/>\n\t<meta name=\"generator\" content=\"All in One SEO Pro (AIOSEO) 4.9.6\" \/>\n\t\t<meta property=\"og:locale\" content=\"lt_LT\" \/>\n\t\t<meta property=\"og:site_name\" content=\"MONAT Lithuania -\" \/>\n\t\t<meta property=\"og:type\" content=\"article\" \/>\n\t\t<meta property=\"og:title\" content=\"Be Gentle\u2122 Nourishing Moisturizer - MONAT Lithuania\" \/>\n\t\t<meta property=\"og:description\" content=\"--&gt;\" \/>\n\t\t<meta property=\"og:url\" content=\"https:\/\/monatglobal.com\/lt\/nourishing-moisturizer\/\" \/>\n\t\t<meta property=\"article:published_time\" content=\"2019-09-10T02:38:43+00:00\" \/>\n\t\t<meta property=\"article:modified_time\" content=\"2026-02-20T21:53:35+00:00\" \/>\n\t\t<meta name=\"twitter:card\" content=\"summary_large_image\" \/>\n\t\t<meta name=\"twitter:title\" content=\"Be Gentle\u2122 Nourishing Moisturizer - MONAT Lithuania\" \/>\n\t\t<meta name=\"twitter:description\" content=\"--&gt;\" \/>\n\t\t<script type=\"application\/ld+json\" class=\"aioseo-schema\">\n\t\t\t{\"@context\":\"https:\\\/\\\/schema.org\",\"@graph\":[{\"@type\":\"BreadcrumbList\",\"@id\":\"https:\\\/\\\/monatglobal.com\\\/lt\\\/nourishing-moisturizer\\\/#breadcrumblist\",\"itemListElement\":[{\"@type\":\"ListItem\",\"@id\":\"https:\\\/\\\/monatglobal.com\\\/lt#listItem\",\"position\":1,\"name\":\"Home\",\"item\":\"https:\\\/\\\/monatglobal.com\\\/lt\",\"nextItem\":{\"@type\":\"ListItem\",\"@id\":\"https:\\\/\\\/monatglobal.com\\\/lt\\\/nourishing-moisturizer\\\/#listItem\",\"name\":\"Be Gentle\\u2122 Nourishing Moisturizer\"}},{\"@type\":\"ListItem\",\"@id\":\"https:\\\/\\\/monatglobal.com\\\/lt\\\/nourishing-moisturizer\\\/#listItem\",\"position\":2,\"name\":\"Be Gentle\\u2122 Nourishing Moisturizer\",\"previousItem\":{\"@type\":\"ListItem\",\"@id\":\"https:\\\/\\\/monatglobal.com\\\/lt#listItem\",\"name\":\"Home\"}}]},{\"@type\":\"Organization\",\"@id\":\"https:\\\/\\\/monatglobal.com\\\/lt\\\/#organization\",\"name\":\"MONAT Lithuania\",\"url\":\"https:\\\/\\\/monatglobal.com\\\/lt\\\/\"},{\"@type\":\"WebPage\",\"@id\":\"https:\\\/\\\/monatglobal.com\\\/lt\\\/nourishing-moisturizer\\\/#webpage\",\"url\":\"https:\\\/\\\/monatglobal.com\\\/lt\\\/nourishing-moisturizer\\\/\",\"name\":\"Be Gentle\\u2122 Nourishing Moisturizer - MONAT Lithuania\",\"description\":\"-->\",\"inLanguage\":\"lt-LT\",\"isPartOf\":{\"@id\":\"https:\\\/\\\/monatglobal.com\\\/lt\\\/#website\"},\"breadcrumb\":{\"@id\":\"https:\\\/\\\/monatglobal.com\\\/lt\\\/nourishing-moisturizer\\\/#breadcrumblist\"},\"image\":{\"@type\":\"ImageObject\",\"url\":\"https:\\\/\\\/monatglobal.com\\\/lt\\\/wp-content\\\/uploads\\\/sites\\\/11\\\/2022\\\/01\\\/Be-Gentle-Nourishing-Moisturizer-ecomm.png\",\"@id\":\"https:\\\/\\\/monatglobal.com\\\/lt\\\/nourishing-moisturizer\\\/#mainImage\",\"width\":641,\"height\":800},\"primaryImageOfPage\":{\"@id\":\"https:\\\/\\\/monatglobal.com\\\/lt\\\/nourishing-moisturizer\\\/#mainImage\"},\"datePublished\":\"2019-09-09T21:38:43+01:00\",\"dateModified\":\"2026-02-20T21:53:35+00:00\"},{\"@type\":\"WebSite\",\"@id\":\"https:\\\/\\\/monatglobal.com\\\/lt\\\/#website\",\"url\":\"https:\\\/\\\/monatglobal.com\\\/lt\\\/\",\"name\":\"MONAT Lithuania\",\"inLanguage\":\"lt-LT\",\"publisher\":{\"@id\":\"https:\\\/\\\/monatglobal.com\\\/lt\\\/#organization\"}}]}\n\t\t<\/script>\n\t\t<!-- All in One SEO Pro -->\r\n\t\t<title>Be Gentle\u2122 Nourishing Moisturizer - MONAT Lithuania<\/title>\n\n","aioseo_head_json":{"title":"Be Gentle\u2122 Nourishing Moisturizer - MONAT Lithuania","description":"-->","canonical_url":"https:\/\/monatglobal.com\/lt\/nourishing-moisturizer\/","robots":"max-image-preview:large","keywords":"","webmasterTools":{"miscellaneous":""},"schema":{"@context":"https:\/\/schema.org","@graph":[{"@type":"BreadcrumbList","@id":"https:\/\/monatglobal.com\/lt\/nourishing-moisturizer\/#breadcrumblist","itemListElement":[{"@type":"ListItem","@id":"https:\/\/monatglobal.com\/lt#listItem","position":1,"name":"Home","item":"https:\/\/monatglobal.com\/lt","nextItem":{"@type":"ListItem","@id":"https:\/\/monatglobal.com\/lt\/nourishing-moisturizer\/#listItem","name":"Be Gentle\u2122 Nourishing Moisturizer"}},{"@type":"ListItem","@id":"https:\/\/monatglobal.com\/lt\/nourishing-moisturizer\/#listItem","position":2,"name":"Be Gentle\u2122 Nourishing Moisturizer","previousItem":{"@type":"ListItem","@id":"https:\/\/monatglobal.com\/lt#listItem","name":"Home"}}]},{"@type":"Organization","@id":"https:\/\/monatglobal.com\/lt\/#organization","name":"MONAT Lithuania","url":"https:\/\/monatglobal.com\/lt\/"},{"@type":"WebPage","@id":"https:\/\/monatglobal.com\/lt\/nourishing-moisturizer\/#webpage","url":"https:\/\/monatglobal.com\/lt\/nourishing-moisturizer\/","name":"Be Gentle\u2122 Nourishing Moisturizer - MONAT Lithuania","description":"-->","inLanguage":"lt-LT","isPartOf":{"@id":"https:\/\/monatglobal.com\/lt\/#website"},"breadcrumb":{"@id":"https:\/\/monatglobal.com\/lt\/nourishing-moisturizer\/#breadcrumblist"},"image":{"@type":"ImageObject","url":"https:\/\/monatglobal.com\/lt\/wp-content\/uploads\/sites\/11\/2022\/01\/Be-Gentle-Nourishing-Moisturizer-ecomm.png","@id":"https:\/\/monatglobal.com\/lt\/nourishing-moisturizer\/#mainImage","width":641,"height":800},"primaryImageOfPage":{"@id":"https:\/\/monatglobal.com\/lt\/nourishing-moisturizer\/#mainImage"},"datePublished":"2019-09-09T21:38:43+01:00","dateModified":"2026-02-20T21:53:35+00:00"},{"@type":"WebSite","@id":"https:\/\/monatglobal.com\/lt\/#website","url":"https:\/\/monatglobal.com\/lt\/","name":"MONAT Lithuania","inLanguage":"lt-LT","publisher":{"@id":"https:\/\/monatglobal.com\/lt\/#organization"}}]},"og:locale":"lt_LT","og:site_name":"MONAT Lithuania -","og:type":"article","og:title":"Be Gentle\u2122 Nourishing Moisturizer - MONAT Lithuania","og:description":"--&gt;","og:url":"https:\/\/monatglobal.com\/lt\/nourishing-moisturizer\/","article:published_time":"2019-09-10T02:38:43+00:00","article:modified_time":"2026-02-20T21:53:35+00:00","twitter:card":"summary_large_image","twitter:title":"Be Gentle\u2122 Nourishing Moisturizer - MONAT Lithuania","twitter:description":"--&gt;"},"aioseo_meta_data":{"post_id":"45242","title":null,"description":null,"keywords":null,"keyphrases":{"focus":{"keyphrase":"","score":0,"analysis":{"keyphraseInTitle":{"score":0,"maxScore":9,"error":1}}},"additional":[]},"primary_term":null,"canonical_url":null,"og_title":null,"og_description":null,"og_object_type":"default","og_image_type":"default","og_image_url":null,"og_image_width":null,"og_image_height":null,"og_image_custom_url":null,"og_image_custom_fields":null,"og_video":"","og_custom_url":null,"og_article_section":null,"og_article_tags":null,"twitter_use_og":false,"twitter_card":"default","twitter_image_type":"default","twitter_image_url":null,"twitter_image_custom_url":null,"twitter_image_custom_fields":null,"twitter_title":null,"twitter_description":null,"schema":{"blockGraphs":[],"customGraphs":[],"default":{"data":{"Article":[],"Course":[],"Dataset":[],"FAQPage":[],"Movie":[],"Person":[],"Product":[],"ProductReview":[],"Car":[],"Recipe":[],"Service":[],"SoftwareApplication":[],"WebPage":[]},"graphName":"WebPage","isEnabled":true},"graphs":[]},"schema_type":"default","schema_type_options":null,"pillar_content":false,"robots_default":true,"robots_noindex":false,"robots_noarchive":false,"robots_nosnippet":false,"robots_nofollow":false,"robots_noimageindex":false,"robots_noodp":false,"robots_notranslate":false,"robots_max_snippet":"-1","robots_max_videopreview":"-1","robots_max_imagepreview":"large","priority":null,"frequency":"default","local_seo":null,"seo_analyzer_scan_date":"2026-02-23 13:56:58","breadcrumb_settings":null,"limit_modified_date":false,"reviewed_by":"0","open_ai":null,"ai":{"faqs":[],"keyPoints":[],"titles":[],"descriptions":[],"socialPosts":{"email":[],"linkedin":[],"twitter":[],"facebook":[],"instagram":[]}},"created":"2023-07-26 19:06:59","updated":"2026-02-23 13:56:58"},"aioseo_breadcrumb":"<div class=\"aioseo-breadcrumbs\"><span class=\"aioseo-breadcrumb\">\n\t<a href=\"https:\/\/monatglobal.com\/lt\" title=\"Home\">Home<\/a>\n<\/span><span class=\"aioseo-breadcrumb-separator\">&raquo;<\/span><span class=\"aioseo-breadcrumb\">\n\tBe Gentle\u2122 Nourishing Moisturizer\n<\/span><\/div>","aioseo_breadcrumb_json":[{"label":"Home","link":"https:\/\/monatglobal.com\/lt"},{"label":"Be Gentle\u2122 Nourishing Moisturizer","link":"https:\/\/monatglobal.com\/lt\/nourishing-moisturizer\/"}],"_links":{"self":[{"href":"https:\/\/monatglobal.com\/lt\/wp-json\/wp\/v2\/pages\/45242","targetHints":{"allow":["GET"]}}],"collection":[{"href":"https:\/\/monatglobal.com\/lt\/wp-json\/wp\/v2\/pages"}],"about":[{"href":"https:\/\/monatglobal.com\/lt\/wp-json\/wp\/v2\/types\/page"}],"author":[{"embeddable":true,"href":"https:\/\/monatglobal.com\/lt\/wp-json\/wp\/v2\/users\/31"}],"replies":[{"embeddable":true,"href":"https:\/\/monatglobal.com\/lt\/wp-json\/wp\/v2\/comments?post=45242"}],"version-history":[{"count":20,"href":"https:\/\/monatglobal.com\/lt\/wp-json\/wp\/v2\/pages\/45242\/revisions"}],"predecessor-version":[{"id":109257,"href":"https:\/\/monatglobal.com\/lt\/wp-json\/wp\/v2\/pages\/45242\/revisions\/109257"}],"wp:featuredmedia":[{"embeddable":true,"href":"https:\/\/monatglobal.com\/lt\/wp-json\/wp\/v2\/media\/69450"}],"wp:attachment":[{"href":"https:\/\/monatglobal.com\/lt\/wp-json\/wp\/v2\/media?parent=45242"}],"wp:term":[{"taxonomy":"category","embeddable":true,"href":"https:\/\/monatglobal.com\/lt\/wp-json\/wp\/v2\/categories?post=45242"},{"taxonomy":"post_tag","embeddable":true,"href":"https:\/\/monatglobal.com\/lt\/wp-json\/wp\/v2\/tags?post=45242"}],"curies":[{"name":"wp","href":"https:\/\/api.w.org\/{rel}","templated":true}]}}