{"id":45240,"date":"2019-09-09T21:37:12","date_gmt":"2019-09-10T02:37:12","guid":{"rendered":"https:\/\/monatglobal.com\/uk\/?page_id=45240"},"modified":"2026-02-20T21:09:10","modified_gmt":"2026-02-20T21:09:10","slug":"creamy-cleanser","status":"publish","type":"page","link":"https:\/\/monatglobal.com\/lt\/creamy-cleanser\/","title":{"rendered":"Be Gentle\u2122 Kremin\u012f prausikl\u012f"},"content":{"rendered":"\n<link rel=\"stylesheet\" href=\"https:\/\/unpkg.com\/swiper\/swiper-bundle.min.css\">\n<link rel=\"stylesheet\" href=\"https:\/\/monatglobal.com\/wp-content\/creative_css\/product_styles_sheet.css\">\n   <!--==================================================== ECOMM SECTION ====================================================-->\n      <!--==================================================== Ecomm image ====================================================-->\n      <img decoding=\"async\" src=\"https:\/\/monatglobal.com\/au\/wp-content\/uploads\/sites\/12\/2021\/12\/BE-GENTLE-Creamy-Cleanser-ecomm-2022.png\" alt=\"BE GENTLE\u2122 Creamy Cleanser\" loading=\"lazy\">\n      <!--==================================================== Ecomm information  ====================================================-->\n         <p>\u201eBE GENTLE\u2122&#8221;<\/p>\n         <h1> kreminis prausiklis<\/h1>\n         \n         <p>Valantis ir raminantis<br> Od\u0105 kondicionuojantys antioksidantai ir \u201eREJUVENIQE S\u2122&#8221;<\/p>\n         <p>120 ml \u212e 4.0 fl. oz.<\/p>\n         <!--==================================================== pricing box ====================================================-->\n         <p>Ma\u017emenin\u0117 kaina<br>00.00 \u20ac<\/p>\n         <p>VIP kliento kaina<br>00.00 \u20ac<\/p>\n          <!--==================================================== pricing box ====================================================-->\n         <p>Nor\u0117dami su\u017einoti daugiau apie\u201eBE GENTLE\u2122&#8221; kremin\u012f prausikl\u012f, pasikalb\u0117kite su savo \u201eMONAT Market Partner&#8221;. <\/p>\n          <a href=\"\" target=\"_blank\" role=\"button\" aria-label=\"\" rel=\"noopener\"><\/a>\n   <!--==================================================== \/ECOMM SECTION  ====================================================-->\n   <!--==================================================== Benefits image ====================================================-->\n  \n    <source media=\"(max-width: 700px)\" srcset=\"https:\/\/monatglobal.com\/au\/wp-content\/uploads\/sites\/12\/2021\/12\/BE-GENTLE-Creamy-Cleanser-benefits-close-up_mobile.jpg\" loading=\"lazy\">\n      <img decoding=\"async\" src=\"https:\/\/monatglobal.com\/au\/wp-content\/uploads\/sites\/12\/2021\/12\/BE-GENTLE-Creamy-Cleanser-benefits-close-up.jpg\" alt=\"\" loading=\"lazy\">\n    \n   <!--==================================================== Benefits text ====================================================-->\n         <h2>NAUDOS<\/h2>\n         <h3>Subtilus, kreminis prausiklis,  \u0161velniai pa\u0161alina ne\u0161varumus ir kartu kondicionuoja bei maitina od\u0105, paliekant j\u0105 gaivi\u0105 ir dr\u0117kinam\u0105.<\/h3>\n         <!--==================================================== features image  ====================================================-->\n         <img decoding=\"async\" alt=\"\" src=\"https:\/\/monatglobal.com\/au\/wp-content\/uploads\/sites\/12\/2021\/12\/BE-GENTLE-Creamy-Cleanser-features.jpg\" loading=\"lazy\">\n      <!--==================================================== features text ====================================================-->\n            <h3>Savyb\u0117s<\/h3>\n               <p>\/ \u0160velniai valo od\u0105, nepa\u017eeisdamas jos<\/p>\n               <p>\/ Kondicionuojanti formul\u0117 valo od\u0105 ir nesukelia tempimo ir sausumo jausmo<\/p>\n               <p>\/ Palieka od\u0105 nuramint\u0105 ir \u0161velni\u0105<\/p>\n               <br>\n            <p>Fragrance \/ Unwind and enjoy a coconut-forward, citrusy aroma with notes of blood orange, coconut husk, cashew nut and&nbsp;sandalwood. <\/p>\n            <p> Texture \/ Cream <\/p>\n   <!--==================================================== composition image mobile ====================================================-->\n   <img decoding=\"async\" alt=\"\" src=\"https:\/\/monatglobal.com\/au\/wp-content\/uploads\/sites\/12\/2021\/12\/BE-GENTLE-Creamy-Cleanser-composition-1.jpg\" loading=\"lazy\">\n   <!--==================================================== Why it works text ====================================================-->\n      <h2>VALANTIS IR RAMINANTIS<\/h2>\n      <h3>Itin \u0161velnus kreminis prausiklis, kuris \u0161velniai pa\u0161alina ne\u0161varumus ir kovoja su \u017ealingais aplinkos poveikiais, kartu sumink\u0161tindamas ir glotnindamas od\u0105, pa\u0161alina makia\u017eo liku\u010dius ir riebal\u0173 pertekli\u0173 ant odos, taip pat negyvas odos l\u0105steles. <\/h3>\n      <p>Oda tampa \u0161vari, mink\u0161ta, glotni, sudr\u0117kinta ir atrodo nepriekai\u0161tingai.<\/p>\n<!--==================================================== Composition section ====================================================-->\n      <img decoding=\"async\" alt=\"\" src=\"https:\/\/monatglobal.com\/au\/wp-content\/uploads\/sites\/12\/2021\/12\/BE-GENTLE-Creamy-Cleanser-composition-1.jpg\" loading=\"lazy\">\n      <img decoding=\"async\" alt=\"\" src=\"https:\/\/monatglobal.com\/au\/wp-content\/uploads\/sites\/12\/2021\/12\/be-gentle-creamy-clenaser-composition-3.jpg\" loading=\"lazy\">\n            <!--==================================================== Directions text ====================================================--> \n               <h3>Naudojimas<\/h3>\n                    <p>\/ Naudokite kasdien, ryte ir vakare.<\/p>\n                    <p>\/ I\u0161spauskite nedidel\u012f kiek\u012f \u012f deln\u0105.<\/p>\n                    <p>\/ Tepkite ant sudr\u0117kintos odos. \u0160velniai, sukamaisiais judesiais nuplaukite veid\u0105, kakl\u0105 ir dekolt\u0117 srit\u012f.<\/p>\n                    <p>\/ Saugokite, kad nepatekt\u0173 \u012f akis.<\/p>\n                    <p>\/ Nuplaukite \u0161iltu vandeniu.<\/p>\n                    <p>\/ Toliau atlikite \u012fprastas proced\u016bras su \u201eMONAT&#8221; odos prie\u017ei\u016brai skirtais&nbsp;produktais.<\/p>\n            <!--==================================================== Directions video ====================================================-->\n      <p>Be Gentle\u2122 <br>Creamy Cleanser <br>0:37<\/p>\n         <!--==================================================== features image  ====================================================-->\n         <img decoding=\"async\" alt=\"\" src=\"https:\/\/monatglobal.com\/au\/wp-content\/uploads\/sites\/12\/2021\/12\/sunscreen-suggestion.jpg\" loading=\"lazy\">\n      <!--==================================================== features text ====================================================-->\n            <h3>Rekomendacijos<\/h3>\n               <p>\/ Nor\u0117dami u\u017etikrinti geriausius rezultatus, plaukite du kartus.<\/p>\n               <p>\/ 15 min. prie\u0161 i\u0161eidami \u012f lauk\u0105, patepkite apsauginiu kremu nuo saul\u0117s.<\/p>\n      <a href=\"\" target=\"_blank\" role=\"button\" aria-label=\"\" rel=\"noopener\"><\/a>\n   <!--==================================================== Ingredients section  ====================================================-->\n      <h2>PAGRINDIN\u0116S AKTYVIOSIOS MED\u017dIAGOS<\/h2>\n      <p>\u201eREJUVENIQE S\u2122&#8221;<\/p>\n      <p>Prisotina dr\u0117gm\u0117s ir maitina<\/p>\n      <p>Peptidai<\/p>\n      <p>Stangrina ir putlina<\/p>\n      <p>Nat\u016brali\u0173 vaisi\u0173 r\u016bg\u0161tys&nbsp;(AHA)<\/p>\n      <p>Glotnina ir \u0161viesina<\/p>\n      <p>Raminantis kompleksas<\/p>\n      <p>(Imbiero \u0161aknys ir bisabololis)<\/p>\n        <button id=\"myBtn\" type=\"button\">\u017dR. I\u0160SAM\u0172 SUDEDAM\u0172J\u0172 DALI\u0172 S\u0104RA\u0160\u0104<\/button>\n      <!--==================================================== Modal content  ====================================================-->\n         \u00d7\n         Aqua\/Water\/Eau, Sodium Cocoyl Glutamate, Cetearyl Alcohol, Sodium Cocoyl Isethionate, Glyceryl Stearate SE, \n         Helianthus Annuus (Sunflower) Seed Oil, Cetearyl Glucoside, Glycerin, Cetyl Alcohol, Butyrospermum Parkii (Shea) Butter, \n         Sodium Lauroyl Glutamate, Sodium Astrocaryum Murumuruate, Trifluoroacetyl Tripeptide-2, Bisabolol, Zingiber Officinale (Ginger) \n         Root Extract, Glycolic Acid, Mangifera Indica (Mango) Pulp Extract, Musa Sapientum (Banana) Pulp Extract, Saccharum Officinarum \n         (Sugarcane) Extract, Limnanthes Alba (Meadowfoam) Seed Oil, Crambe Abyssinica Seed Oil, Camellia Oleifera Seed Oil, Solanum \n         Lycopersicum (Tomato) Seed Oil, Daucus Carota Sativa (Carrot) Seed Oil, Citrus Limon (Lemon) Peel Oil, Citrus Aurantifolia (Lime) \n         Oil, Citrus Aurantium Bergamia (Bergamot) Fruit Oil, Adansonia Digitata Oil, Mauritia Flexuosa Fruit Oil, Cocos Nucifera \n         (Coconut) Oil, Gardenia Taitensis Flower Extract, Moringa Oleifera Seed Oil, Caryocar Brasiliense Fruit Oil, Olea Europaea (Olive)\n         Fruit Oil, Simmondsia Chinensis (Jojoba) Seed Extract, Tocopherol, Sodium Polyacrylate, Xylitol, Caprylic Acid, Glyceryl Stearate,\n         Dextran, Fragrance\/Parfum, Ethylhexylglycerin, Benzyl&nbsp;Alcohol.\n   <!--==================================================== You might also like section ====================================================-->\n      <h2>JUMS TAIP PAT GALI PATIKTI<\/h2>\n      <!--==================================================== Slider YOU MIGHT ALSO LIKE ====================================================-->\n          <!---->\n          <!--   -->\n                <!-- Slides products-->\n          <!--      -->\n          <!--         <a href=\"\/lt\/skin-revitalizing\/\" aria-label=\"Go to SKIN REVITALIZING ESSENCE\u2122 page\">-->\n          <!--          <img decoding=\"async\" src=\"https:\/\/monatglobal.com\/wp-content\/uploads\/2022\/12\/Skin-Revitalizing-Essence-ecomm-2022-min.png\" alt=\"SKIN REVITALIZING ESSENCE\u2122\" loading=\"lazy\"\/>-->\n          <!--          <p>\u201eSKIN REVITALIZING ESSENCE\u2122\"<\/p>-->\n          <!--        <\/a>-->\n          <!--      -->\n          <!--      -->\n          <!--         <a href=\"\/lt\/age-control-nectar\/\" aria-label=\"Go to REWIND\u2122 AGE CONTROL NECTAR page\">-->\n          <!--          <img decoding=\"async\" src=\"https:\/\/monatglobal.com\/wp-content\/uploads\/2022\/12\/Rewind-Age-Control-Nectar-ecomm-min.png\" alt=\"REWIND\u2122 AGE CONTROL NECTAR\" loading=\"lazy\"\/>-->\n          <!--          <p>\u201eREWIND\u2122\" AM\u017dI\u0172 KOREGUOJANTIS SERUMAS <\/p>-->\n          <!--        <\/a>-->\n          <!--      -->\n          <!--      -->\n          <!--         <a href=\"\/lt\/eye-smooth\/\" aria-label=\"Go to EYE SMOOTH\u2122 page\">-->\n          <!--            <img decoding=\"async\" src=\"https:\/\/monatglobal.com\/wp-content\/uploads\/2022\/12\/Eye-smooth-ecomm-2022-min.png\" alt=\"EYE SMOOTH\u2122\" loading=\"lazy\"\/>-->\n          <!--            <p>\u201eEYE SMOOTH\u2122\"<\/p>-->\n          <!--         <\/a>-->\n          <!--      -->\n          <!--   -->\n             <!-- If we need navigation buttons -->\n          <!--   -->\n          <!--   -->\n             <!-- If we need paginations -->\n          <!--   -->\n          <!---->\n         <!--==================================================== If we need navigation buttons  ====================================================-->\n         <!--==================================================== If we need paginations  ====================================================-->\n    <a href=\"\" aria-label=\"\"><\/a>\n<!--==================================================== this link has to go last for it to work   ====================================================-->\n","protected":false},"excerpt":{"rendered":"<p>\u201eBE GENTLE\u2122&#8221; kreminis prausiklis Valantis ir raminantis Od\u0105 kondicionuojantys antioksidantai ir \u201eREJUVENIQE S\u2122&#8221; 120 ml \u212e 4.0 fl. oz. Ma\u017emenin\u0117 kaina00.00 \u20ac VIP kliento kaina00.00 \u20ac Nor\u0117dami su\u017einoti daugiau apie\u201eBE GENTLE\u2122&#8221; kremin\u012f prausikl\u012f, pasikalb\u0117kite su savo \u201eMONAT Market Partner&#8221;. NAUDOS Subtilus, kreminis prausiklis, \u0161velniai pa\u0161alina ne\u0161varumus ir kartu kondicionuoja bei maitina od\u0105, paliekant j\u0105 gaivi\u0105&hellip;<\/p>\n","protected":false},"author":31,"featured_media":69448,"parent":0,"menu_order":0,"comment_status":"closed","ping_status":"closed","template":"","meta":{"inline_featured_image":false,"om_disable_all_campaigns":false,"_monsterinsights_skip_tracking":false,"_monsterinsights_sitenote_active":false,"_monsterinsights_sitenote_note":"","_monsterinsights_sitenote_category":0,"footnotes":""},"categories":[32],"tags":[],"class_list":["post-45240","page","type-page","status-publish","has-post-thumbnail","hentry","category-product-lt"],"aioseo_notices":[],"aioseo_head":"\n\t\t<!-- All in One SEO Pro 4.9.6 - aioseo.com -->\n\t<meta name=\"description\" content=\"--&gt;\" \/>\n\t<meta name=\"robots\" content=\"max-image-preview:large\" \/>\n\t<link rel=\"canonical\" href=\"https:\/\/monatglobal.com\/lt\/creamy-cleanser\/\" \/>\n\t<meta name=\"generator\" content=\"All in One SEO Pro (AIOSEO) 4.9.6\" \/>\n\t\t<meta property=\"og:locale\" content=\"lt_LT\" \/>\n\t\t<meta property=\"og:site_name\" content=\"MONAT Lithuania -\" \/>\n\t\t<meta property=\"og:type\" content=\"article\" \/>\n\t\t<meta property=\"og:title\" content=\"Be Gentle\u2122 Kremin\u012f prausikl\u012f - MONAT Lithuania\" \/>\n\t\t<meta property=\"og:description\" content=\"--&gt;\" \/>\n\t\t<meta property=\"og:url\" content=\"https:\/\/monatglobal.com\/lt\/creamy-cleanser\/\" \/>\n\t\t<meta property=\"article:published_time\" content=\"2019-09-10T02:37:12+00:00\" \/>\n\t\t<meta property=\"article:modified_time\" content=\"2026-02-20T21:09:10+00:00\" \/>\n\t\t<meta name=\"twitter:card\" content=\"summary_large_image\" \/>\n\t\t<meta name=\"twitter:title\" content=\"Be Gentle\u2122 Kremin\u012f prausikl\u012f - MONAT Lithuania\" \/>\n\t\t<meta name=\"twitter:description\" content=\"--&gt;\" \/>\n\t\t<script type=\"application\/ld+json\" class=\"aioseo-schema\">\n\t\t\t{\"@context\":\"https:\\\/\\\/schema.org\",\"@graph\":[{\"@type\":\"BreadcrumbList\",\"@id\":\"https:\\\/\\\/monatglobal.com\\\/lt\\\/creamy-cleanser\\\/#breadcrumblist\",\"itemListElement\":[{\"@type\":\"ListItem\",\"@id\":\"https:\\\/\\\/monatglobal.com\\\/lt#listItem\",\"position\":1,\"name\":\"Home\",\"item\":\"https:\\\/\\\/monatglobal.com\\\/lt\",\"nextItem\":{\"@type\":\"ListItem\",\"@id\":\"https:\\\/\\\/monatglobal.com\\\/lt\\\/creamy-cleanser\\\/#listItem\",\"name\":\"Be Gentle\\u2122 Kremin\\u012f prausikl\\u012f\"}},{\"@type\":\"ListItem\",\"@id\":\"https:\\\/\\\/monatglobal.com\\\/lt\\\/creamy-cleanser\\\/#listItem\",\"position\":2,\"name\":\"Be Gentle\\u2122 Kremin\\u012f prausikl\\u012f\",\"previousItem\":{\"@type\":\"ListItem\",\"@id\":\"https:\\\/\\\/monatglobal.com\\\/lt#listItem\",\"name\":\"Home\"}}]},{\"@type\":\"Organization\",\"@id\":\"https:\\\/\\\/monatglobal.com\\\/lt\\\/#organization\",\"name\":\"MONAT Lithuania\",\"url\":\"https:\\\/\\\/monatglobal.com\\\/lt\\\/\"},{\"@type\":\"WebPage\",\"@id\":\"https:\\\/\\\/monatglobal.com\\\/lt\\\/creamy-cleanser\\\/#webpage\",\"url\":\"https:\\\/\\\/monatglobal.com\\\/lt\\\/creamy-cleanser\\\/\",\"name\":\"Be Gentle\\u2122 Kremin\\u012f prausikl\\u012f - MONAT Lithuania\",\"description\":\"-->\",\"inLanguage\":\"lt-LT\",\"isPartOf\":{\"@id\":\"https:\\\/\\\/monatglobal.com\\\/lt\\\/#website\"},\"breadcrumb\":{\"@id\":\"https:\\\/\\\/monatglobal.com\\\/lt\\\/creamy-cleanser\\\/#breadcrumblist\"},\"image\":{\"@type\":\"ImageObject\",\"url\":\"https:\\\/\\\/monatglobal.com\\\/lt\\\/wp-content\\\/uploads\\\/sites\\\/11\\\/2022\\\/01\\\/BE-GENTLE-Creamy-Cleanser-ecomm-2022.png\",\"@id\":\"https:\\\/\\\/monatglobal.com\\\/lt\\\/creamy-cleanser\\\/#mainImage\",\"width\":641,\"height\":800},\"primaryImageOfPage\":{\"@id\":\"https:\\\/\\\/monatglobal.com\\\/lt\\\/creamy-cleanser\\\/#mainImage\"},\"datePublished\":\"2019-09-09T21:37:12+01:00\",\"dateModified\":\"2026-02-20T21:09:10+00:00\"},{\"@type\":\"WebSite\",\"@id\":\"https:\\\/\\\/monatglobal.com\\\/lt\\\/#website\",\"url\":\"https:\\\/\\\/monatglobal.com\\\/lt\\\/\",\"name\":\"MONAT Lithuania\",\"inLanguage\":\"lt-LT\",\"publisher\":{\"@id\":\"https:\\\/\\\/monatglobal.com\\\/lt\\\/#organization\"}}]}\n\t\t<\/script>\n\t\t<!-- All in One SEO Pro -->\r\n\t\t<title>Be Gentle\u2122 Kremin\u012f prausikl\u012f - MONAT Lithuania<\/title>\n\n","aioseo_head_json":{"title":"Be Gentle\u2122 Kremin\u012f prausikl\u012f - MONAT Lithuania","description":"-->","canonical_url":"https:\/\/monatglobal.com\/lt\/creamy-cleanser\/","robots":"max-image-preview:large","keywords":"","webmasterTools":{"miscellaneous":""},"schema":{"@context":"https:\/\/schema.org","@graph":[{"@type":"BreadcrumbList","@id":"https:\/\/monatglobal.com\/lt\/creamy-cleanser\/#breadcrumblist","itemListElement":[{"@type":"ListItem","@id":"https:\/\/monatglobal.com\/lt#listItem","position":1,"name":"Home","item":"https:\/\/monatglobal.com\/lt","nextItem":{"@type":"ListItem","@id":"https:\/\/monatglobal.com\/lt\/creamy-cleanser\/#listItem","name":"Be Gentle\u2122 Kremin\u012f prausikl\u012f"}},{"@type":"ListItem","@id":"https:\/\/monatglobal.com\/lt\/creamy-cleanser\/#listItem","position":2,"name":"Be Gentle\u2122 Kremin\u012f prausikl\u012f","previousItem":{"@type":"ListItem","@id":"https:\/\/monatglobal.com\/lt#listItem","name":"Home"}}]},{"@type":"Organization","@id":"https:\/\/monatglobal.com\/lt\/#organization","name":"MONAT Lithuania","url":"https:\/\/monatglobal.com\/lt\/"},{"@type":"WebPage","@id":"https:\/\/monatglobal.com\/lt\/creamy-cleanser\/#webpage","url":"https:\/\/monatglobal.com\/lt\/creamy-cleanser\/","name":"Be Gentle\u2122 Kremin\u012f prausikl\u012f - MONAT Lithuania","description":"-->","inLanguage":"lt-LT","isPartOf":{"@id":"https:\/\/monatglobal.com\/lt\/#website"},"breadcrumb":{"@id":"https:\/\/monatglobal.com\/lt\/creamy-cleanser\/#breadcrumblist"},"image":{"@type":"ImageObject","url":"https:\/\/monatglobal.com\/lt\/wp-content\/uploads\/sites\/11\/2022\/01\/BE-GENTLE-Creamy-Cleanser-ecomm-2022.png","@id":"https:\/\/monatglobal.com\/lt\/creamy-cleanser\/#mainImage","width":641,"height":800},"primaryImageOfPage":{"@id":"https:\/\/monatglobal.com\/lt\/creamy-cleanser\/#mainImage"},"datePublished":"2019-09-09T21:37:12+01:00","dateModified":"2026-02-20T21:09:10+00:00"},{"@type":"WebSite","@id":"https:\/\/monatglobal.com\/lt\/#website","url":"https:\/\/monatglobal.com\/lt\/","name":"MONAT Lithuania","inLanguage":"lt-LT","publisher":{"@id":"https:\/\/monatglobal.com\/lt\/#organization"}}]},"og:locale":"lt_LT","og:site_name":"MONAT Lithuania -","og:type":"article","og:title":"Be Gentle\u2122 Kremin\u012f prausikl\u012f - MONAT Lithuania","og:description":"--&gt;","og:url":"https:\/\/monatglobal.com\/lt\/creamy-cleanser\/","article:published_time":"2019-09-10T02:37:12+00:00","article:modified_time":"2026-02-20T21:09:10+00:00","twitter:card":"summary_large_image","twitter:title":"Be Gentle\u2122 Kremin\u012f prausikl\u012f - MONAT Lithuania","twitter:description":"--&gt;"},"aioseo_meta_data":{"post_id":"45240","title":null,"description":null,"keywords":null,"keyphrases":{"focus":{"keyphrase":"","score":0,"analysis":{"keyphraseInTitle":{"score":0,"maxScore":9,"error":1}}},"additional":[]},"primary_term":null,"canonical_url":null,"og_title":null,"og_description":null,"og_object_type":"default","og_image_type":"default","og_image_url":null,"og_image_width":null,"og_image_height":null,"og_image_custom_url":null,"og_image_custom_fields":null,"og_video":"","og_custom_url":null,"og_article_section":null,"og_article_tags":null,"twitter_use_og":false,"twitter_card":"default","twitter_image_type":"default","twitter_image_url":null,"twitter_image_custom_url":null,"twitter_image_custom_fields":null,"twitter_title":null,"twitter_description":null,"schema":{"blockGraphs":[],"customGraphs":[],"default":{"data":{"Article":[],"Course":[],"Dataset":[],"FAQPage":[],"Movie":[],"Person":[],"Product":[],"ProductReview":[],"Car":[],"Recipe":[],"Service":[],"SoftwareApplication":[],"WebPage":[]},"graphName":"WebPage","isEnabled":true},"graphs":[]},"schema_type":"default","schema_type_options":null,"pillar_content":false,"robots_default":true,"robots_noindex":false,"robots_noarchive":false,"robots_nosnippet":false,"robots_nofollow":false,"robots_noimageindex":false,"robots_noodp":false,"robots_notranslate":false,"robots_max_snippet":"-1","robots_max_videopreview":"-1","robots_max_imagepreview":"large","priority":null,"frequency":"default","local_seo":null,"seo_analyzer_scan_date":"2026-02-20 21:22:55","breadcrumb_settings":null,"limit_modified_date":false,"reviewed_by":"0","open_ai":null,"ai":{"faqs":[],"keyPoints":[],"titles":[],"descriptions":[],"socialPosts":{"email":[],"linkedin":[],"twitter":[],"facebook":[],"instagram":[]}},"created":"2023-07-26 19:06:59","updated":"2026-02-20 21:22:55"},"aioseo_breadcrumb":"<div class=\"aioseo-breadcrumbs\"><span class=\"aioseo-breadcrumb\">\n\t<a href=\"https:\/\/monatglobal.com\/lt\" title=\"Home\">Home<\/a>\n<\/span><span class=\"aioseo-breadcrumb-separator\">&raquo;<\/span><span class=\"aioseo-breadcrumb\">\n\tBe Gentle\u2122 Kremin\u012f prausikl\u012f\n<\/span><\/div>","aioseo_breadcrumb_json":[{"label":"Home","link":"https:\/\/monatglobal.com\/lt"},{"label":"Be Gentle\u2122 Kremin\u012f prausikl\u012f","link":"https:\/\/monatglobal.com\/lt\/creamy-cleanser\/"}],"_links":{"self":[{"href":"https:\/\/monatglobal.com\/lt\/wp-json\/wp\/v2\/pages\/45240","targetHints":{"allow":["GET"]}}],"collection":[{"href":"https:\/\/monatglobal.com\/lt\/wp-json\/wp\/v2\/pages"}],"about":[{"href":"https:\/\/monatglobal.com\/lt\/wp-json\/wp\/v2\/types\/page"}],"author":[{"embeddable":true,"href":"https:\/\/monatglobal.com\/lt\/wp-json\/wp\/v2\/users\/31"}],"replies":[{"embeddable":true,"href":"https:\/\/monatglobal.com\/lt\/wp-json\/wp\/v2\/comments?post=45240"}],"version-history":[{"count":21,"href":"https:\/\/monatglobal.com\/lt\/wp-json\/wp\/v2\/pages\/45240\/revisions"}],"predecessor-version":[{"id":109235,"href":"https:\/\/monatglobal.com\/lt\/wp-json\/wp\/v2\/pages\/45240\/revisions\/109235"}],"wp:featuredmedia":[{"embeddable":true,"href":"https:\/\/monatglobal.com\/lt\/wp-json\/wp\/v2\/media\/69448"}],"wp:attachment":[{"href":"https:\/\/monatglobal.com\/lt\/wp-json\/wp\/v2\/media?parent=45240"}],"wp:term":[{"taxonomy":"category","embeddable":true,"href":"https:\/\/monatglobal.com\/lt\/wp-json\/wp\/v2\/categories?post=45240"},{"taxonomy":"post_tag","embeddable":true,"href":"https:\/\/monatglobal.com\/lt\/wp-json\/wp\/v2\/tags?post=45240"}],"curies":[{"name":"wp","href":"https:\/\/api.w.org\/{rel}","templated":true}]}}