{"id":19179,"date":"2017-06-22T17:20:16","date_gmt":"2017-06-22T17:20:16","guid":{"rendered":"https:\/\/monatglobal.com\/uk\/?page_id=19179"},"modified":"2026-02-20T18:37:45","modified_gmt":"2026-02-20T18:37:45","slug":"blow-out-cream","status":"publish","type":"page","link":"https:\/\/monatglobal.com\/lt\/blow-out-cream\/","title":{"rendered":"MONAT STUDIO ONE\u2122\ufe0f BLOW OUT CREAM"},"content":{"rendered":"\n<link rel=\"stylesheet\" href=\"https:\/\/unpkg.com\/swiper\/swiper-bundle.min.css\">\n<link rel=\"stylesheet\" href=\"https:\/\/monatglobal.com\/wp-content\/creative_css\/product_styles_sheet.css\">\n   <!--==================================================== ECOMM SECTION ====================================================-->\n      <!--==================================================== Ecomm image ====================================================-->\n      <img decoding=\"async\" src=\"https:\/\/monatglobal.com\/wp-content\/uploads\/2022\/06\/blow-out-cream-e-comm.png\" alt=\"MONAT Studio One\u2122 Blow Out Cream\" loading=\"lazy\">\n      <!--==================================================== Ecomm information  ====================================================-->\n         <p>MONAT STUDIO ONE\u2122<\/p>\n         <h1>Kremas D\u017eiovinimui<\/h1>\n         <p> Praturtintas REJUVENIQE<sup>\u00ae<\/sup><\/p>\n         <p>\u0160iau\u0161im\u0105s\u012f ma\u017einantis formuojamasis kremas, kuris padeda i\u0161lyginti ir sumink\u0161tinti plaukus formuojant juos kar\u0161taisais&nbsp;prietaisais.<\/p>\n         <p>118 ml \u212e 4 fl. oz.<\/p>\n        <!--==================================================== pricing box  ====================================================--> \n         <p>Ma\u017emenin\u0117 kaina<br>00.00 \u20ac<\/p>\n         <p>VIP kliento kaina<br>00.00 \u20ac<\/p>\n        <!--==================================================== pricing box  ====================================================--> \n         <p>Nor\u0117dami su\u017einoti daugiau apie \u201eMONAT STUDIO ONE\u2122 Kremas D\u017eiovinimui&#8221;, pasikalb\u0117kite su savo \u201eMONAT Market&nbsp;Partner&#8221;.<\/p>\n          <a href=\"\" target=\"_blank\" role=\"button\" aria-label=\"\" rel=\"noopener\"><\/a>\n   <!--==================================================== \/ECOMM SECTION  ====================================================-->\n   <!--==================================================== Benefits image ====================================================-->\n   \n      <source media=\"(max-width: 700px)\" srcset=\"https:\/\/monatglobal.com\/wp-content\/uploads\/2022\/06\/blow-out-cream-benefits-mobile.jpg\" loading=\"lazy\">\n      <img decoding=\"async\" alt=\"A brunette woman smiling and holding a piece of her hair.\" src=\"https:\/\/monatglobal.com\/wp-content\/uploads\/2022\/06\/blow-out-cream-benefits.jpg\" loading=\"lazy\">\n   \n   <!--==================================================== Benefits text ====================================================-->\n         <h2>NAUDA<\/h2>\n         <h3>Suma\u017einkite iki 60% pasip\u016btimo ir \u0161iau\u0161imosi, kad plaukai b\u016bt\u0173 glotnesni vis\u0105 dien\u0105, kartu apsaugodami juos nuo dr\u0117gm\u0117s ir terminio formavimo&nbsp;pa\u017eeidimo.<\/h3>\n         <p>This richly textured leave-in cr\u00e8me reduces breakage and protects hair from future&nbsp;damage.<\/p>\n         <!--==================================================== features image  ====================================================-->\n         <img decoding=\"async\" alt=\"MONAT STUDIO ONE\u2122 Blow Out Cream laying on marble tile surrounded by ingredients such as tomatos, limes, carrots and pomegranates.\" src=\"https:\/\/monatglobal.com\/wp-content\/uploads\/2022\/06\/blow-out-cream-features.jpg\" loading=\"lazy\">\n      <!--==================================================== features text ====================================================-->\n            <h3>Ypatumai<\/h3>\n               <p>\/ Sukurta i\u0161 nat\u016brali\u0173 augal\u0173 ir padeda plaukams suteikti satininio glotnumo&nbsp;poj\u016bt\u012f<\/p>\n               <p>\/ \u017dirni\u0173 ekstraktas palaiko plaukus&nbsp;sveikesnius<\/p>\n               <br>\n            Kvapai \/ Vaisinis, uog\u0173 \u012fkv\u0117ptas kvapas pasi\u017eymi persik\u0173, mang\u0173, apelsin\u0173 ir granat\u0173 natomis, kurias prislopina \u0161alavijas, jazminas ir&nbsp;vanil\u0117. \n             Tekst\u016bra \/ Kremas  \n   <!--==================================================== composition image mobile ====================================================-->\n   <img decoding=\"async\" alt=\"MONAT STUDIO ONE\u2122 Blow Out Cream on top of a beige surface, next to dispersed product.\" src=\"https:\/\/monatglobal.com\/wp-content\/uploads\/2022\/06\/blow-out-cream-comp1.jpg\" loading=\"lazy\">\n   <!--==================================================== Why it works text ====================================================-->\n      <h2>SUMA\u017dINKITE FORMAVIMO LAIK\u0104 IR APSAUGOKITE PLAUKUS NUO&nbsp;PA\u017dEIDIM\u0172.<\/h2>\n      <h3>Nat\u016braliu pagrindu i\u0161gauti ingredientai, sumai\u0161yti su REJUVENIQE<sup>\u00ae<\/sup>, padeda suma\u017einti plauk\u0173 slinkim\u0105 ir suglotninti plaukus vos vienu d\u017eiovinimu, tuo pa\u010diu apsaugodami juos nuo dr\u0117gm\u0117s ir terminio formavimo, taip pat padeda ilgiau i\u0161saugoti plauk\u0173&nbsp;spalv\u0105.<\/h3>\n      With hints of neroli and orange flower fragrances, it protects hair from heat styling and \n      environmental elements while giving strands radiant shine.\n<!--==================================================== Composition section ====================================================-->\n      <img decoding=\"async\" alt=\"MONAT STUDIO ONE\u2122 Blow Out Cream on top of a beige surface, next to dispersed product.\" src=\"https:\/\/monatglobal.com\/wp-content\/uploads\/2022\/06\/blow-out-cream-comp1.jpg\" loading=\"lazy\">\n      <img decoding=\"async\" alt=\"Brunette woman with damp hair, running her fingers through her hair while overlapping a texture shot of MONAT STUDIO ONE\u2122 Blow Out Cream.\" src=\"https:\/\/monatglobal.com\/wp-content\/uploads\/2022\/06\/blow-out-cream-comp3.jpg\" loading=\"lazy\">\n            <!--==================================================== Directions text ====================================================--> \n               <h3>Naudojimas<\/h3>\n               <p>\/ Tepkite ant \u0161vari\u0173, rank\u0161luos\u010diu nusausint\u0173 plauk\u0173 nuo \u0161akn\u0173 iki&nbsp;galiuk\u0173.<\/p>\n               <p>\/ D\u017eiovinkite ir formuokite kaip&nbsp;\u012fprastai.<\/p>\n            <!--==================================================== Directions video ====================================================-->\n      <p>Damage Repair <br>Bond-Fortifying Hair Leave-In Cr\u00e8me  <br>1:28<\/p>\n      <a href=\"\" target=\"_blank\" role=\"button\" aria-label=\"\" rel=\"noopener\"><\/a>\n   <!--==================================================== Ingredients section  ====================================================-->\n      <h2>PAGRINDIN\u0116S SUDEDAMOSIOS DALYS<\/h2>\n                <img decoding=\"async\" src=\"https:\/\/monatglobal.com\/wp-content\/uploads\/2022\/11\/REJUVENIQE\u2122.svg\" alt=\"REJUVENIQE\u2122\">\n               <p>REJUVENIQE<sup>\u00ae<\/sup><\/p>\n\t\t\t\t<img decoding=\"async\" src=\"https:\/\/monatglobal.com\/wp-content\/uploads\/2022\/12\/Vegetable-Emollients.svg\" alt=\"Augaliniai mink\u0161tikliai\">\n               <p>Augaliniai mink\u0161tikliai<\/p>\n\t\t\t\t<img decoding=\"async\" src=\"https:\/\/monatglobal.com\/wp-content\/uploads\/2022\/11\/Pea-extract.svg\" alt=\"\u017dirni\u0173 ekstrakta\">\n               <p>\u017dirni\u0173 ekstraktas<\/p>\n\t\t\t<img decoding=\"async\" src=\"https:\/\/monatglobal.com\/wp-content\/uploads\/2022\/08\/Vegan-uv-protect.svg\" alt=\"Vegani\u0161ka UV apsauga\">\n               <p>Vegani\u0161ka UV apsauga<\/p>\n        <button id=\"myBtn\" type=\"button\">SUDEDAM\u0172J\u0172 DALI\u0172 S\u0104RA\u0160AS<\/button>\n      <!--==================================================== Modal content  ====================================================-->\n         \u00d7\n         <p>Aqua\/Water\/Eau, Cetearyl Alcohol, Isoamyl Laurate, Behentrimonium Chloride, Linum Usitatissimum (Linseed) Seed Extract, Glycerin, Salvia Hispanica Seed Extract, Trifolium Pratense (Clover) Flower Extract, Pisum Sativum (Pea) Extract, Limnanthes Alba (Meadowfoam) Seed Oil, Crambe Abyssinica Seed Oil, Camellia Oleifera Seed Oil, Solanum Lycopersicum (Tomato) Seed Oil, Daucus Carota Sativa (Carrot) Seed Oil, Citrus Limon (Lemon) Peel Oil, Citrus Aurantifolia (Lime) Oil, Citrus Aurantium Bergamia (Bergamot) Fruit Oil, Adansonia Digitata Oil, Mauritia Flexuosa Fruit Oil, Cocos Nucifera (Coconut) Oil, Gardenia Taitensis Flower Extract, Moringa Oleifera Seed Oil, Caryocar Brasiliense Fruit Oil, Helianthus Annuus (Sunflower) Seed Oil, Stearamidopropyl Dimethylamine, Dextran, Acetyl Tetrapeptide-3, Cinnamidopropyltrimonium Chloride, Butylene Glycol, Tocopherol, Fragrance\/Parfum, Benzyl Alcohol, Ethylhexylglycerin, Limonene.<\/p>\n   <!--==================================================== You might also like section ====================================================-->\n      <h2>JUMS TAIP PAT GALI PATIKTI<\/h2>\n      <!--==================================================== Slider YOU MIGHT ALSO LIKE ====================================================-->\n      <!---->\n      <!--   -->\n            <!--==================================================== Slides products ====================================================-->\n      <!--      -->\n      <!--         <a href=\"\/lt\/smoothing-shampoo\/\" aria-label=\"Go to Smoothing Anti-Frizz\u2122 \u0160amp\u016bnas page\">-->\n      <!--            <img decoding=\"async\" src=\"https:\/\/monatglobal.com\/wp-content\/uploads\/2022\/12\/anti-frizz-shampoo-ecomm-min.png\" alt=\"Smoothing Anti-Frizz\u2122 \u0160amp\u016bnas\" loading=\"lazy\"\/>-->\n      <!--            <p>Smoothing Anti-Frizz\u2122<br \/>\u0160amp\u016bnas<\/p>-->\n      <!--         <\/a>-->\n      <!--      -->\n      <!--      -->\n      <!--         <a href=\"\/lt\/smoothing-deep-conditioner\/\" aria-label=\"Go to Smoothing Deep Conditioner page\">-->\n      <!--            <img decoding=\"async\" src=\"https:\/\/monatglobal.com\/wp-content\/uploads\/2022\/12\/anti-frizz-deep-conditioner-ecomm-min.png\" alt=\"Smoothing Deep Conditioner\" loading=\"lazy\"\/>-->\n      <!--            <p>Smoothing Anti-Frizz\u2122<br \/>Kondicionierius<\/p>-->\n      <!--         <\/a>-->\n      <!--      -->\n      <!--      -->\n      <!--         <a href=\"\/au\/rejuveniqe\/\" aria-label=\"Go to REJUVENIQE<sup>\u00ae OIL INTENSIVE page\">-->\n      <!--            <img decoding=\"async\" src=\"https:\/\/monatglobal.com\/wp-content\/uploads\/2022\/12\/rejuveniqe_2021-ecomm.png\" alt=\"REJUVENIQE\u00ae OIL INTENSIVE\" loading=\"lazy\"\/>-->\n      <!--            <p>REJUVENIQE<sup>\u00ae<\/sup><br \/>OIL INTENSIVE<\/p>-->\n      <!--         <\/a>-->\n      <!--      -->\n      <!--   -->\n         <!--==================================================== If we need navigation buttons  ====================================================-->\n      <!--   -->\n      <!--   -->\n         <!--==================================================== If we need paginations  ====================================================-->\n      <!--   -->\n      <!---->\n         <!--==================================================== If we need navigation buttons  ====================================================-->\n         <!--==================================================== If we need paginations  ====================================================-->\n    <a href=\"\" aria-label=\"\"><\/a>\n<!--==================================================== this link has to go last for it to work   ====================================================-->\n","protected":false},"excerpt":{"rendered":"<p>MONAT STUDIO ONE\u2122 Kremas D\u017eiovinimui Praturtintas REJUVENIQE\u00ae \u0160iau\u0161im\u0105s\u012f ma\u017einantis formuojamasis kremas, kuris padeda i\u0161lyginti ir sumink\u0161tinti plaukus formuojant juos kar\u0161taisais&nbsp;prietaisais. 118 ml \u212e 4 fl. oz. Ma\u017emenin\u0117 kaina00.00 \u20ac VIP kliento kaina00.00 \u20ac Nor\u0117dami su\u017einoti daugiau apie \u201eMONAT STUDIO ONE\u2122 Kremas D\u017eiovinimui&#8221;, pasikalb\u0117kite su savo \u201eMONAT Market&nbsp;Partner&#8221;. NAUDA Suma\u017einkite iki 60% pasip\u016btimo ir \u0161iau\u0161imosi, kad&hellip;<\/p>\n","protected":false},"author":31,"featured_media":68798,"parent":0,"menu_order":0,"comment_status":"closed","ping_status":"closed","template":"","meta":{"inline_featured_image":false,"om_disable_all_campaigns":false,"_monsterinsights_skip_tracking":false,"_monsterinsights_sitenote_active":false,"_monsterinsights_sitenote_note":"","_monsterinsights_sitenote_category":0,"footnotes":""},"categories":[32],"tags":[],"class_list":["post-19179","page","type-page","status-publish","has-post-thumbnail","hentry","category-product-lt"],"aioseo_notices":[],"aioseo_head":"\n\t\t<!-- All in One SEO Pro 4.9.6 - aioseo.com -->\n\t<meta name=\"description\" content=\"--&gt;\" \/>\n\t<meta name=\"robots\" content=\"max-image-preview:large\" \/>\n\t<link rel=\"canonical\" href=\"https:\/\/monatglobal.com\/lt\/blow-out-cream\/\" \/>\n\t<meta name=\"generator\" content=\"All in One SEO Pro (AIOSEO) 4.9.6\" \/>\n\t\t<meta property=\"og:locale\" content=\"lt_LT\" \/>\n\t\t<meta property=\"og:site_name\" content=\"MONAT Lithuania -\" \/>\n\t\t<meta property=\"og:type\" content=\"article\" \/>\n\t\t<meta property=\"og:title\" content=\"MONAT STUDIO ONE\u2122\ufe0f BLOW OUT CREAM - MONAT Lithuania\" \/>\n\t\t<meta property=\"og:description\" content=\"--&gt;\" \/>\n\t\t<meta property=\"og:url\" content=\"https:\/\/monatglobal.com\/lt\/blow-out-cream\/\" \/>\n\t\t<meta property=\"article:published_time\" content=\"2017-06-22T17:20:16+00:00\" \/>\n\t\t<meta property=\"article:modified_time\" content=\"2026-02-20T18:37:45+00:00\" \/>\n\t\t<meta name=\"twitter:card\" content=\"summary_large_image\" \/>\n\t\t<meta name=\"twitter:title\" content=\"MONAT STUDIO ONE\u2122\ufe0f BLOW OUT CREAM - MONAT Lithuania\" \/>\n\t\t<meta name=\"twitter:description\" content=\"--&gt;\" \/>\n\t\t<script type=\"application\/ld+json\" class=\"aioseo-schema\">\n\t\t\t{\"@context\":\"https:\\\/\\\/schema.org\",\"@graph\":[{\"@type\":\"BreadcrumbList\",\"@id\":\"https:\\\/\\\/monatglobal.com\\\/lt\\\/blow-out-cream\\\/#breadcrumblist\",\"itemListElement\":[{\"@type\":\"ListItem\",\"@id\":\"https:\\\/\\\/monatglobal.com\\\/lt#listItem\",\"position\":1,\"name\":\"Home\",\"item\":\"https:\\\/\\\/monatglobal.com\\\/lt\",\"nextItem\":{\"@type\":\"ListItem\",\"@id\":\"https:\\\/\\\/monatglobal.com\\\/lt\\\/blow-out-cream\\\/#listItem\",\"name\":\"MONAT STUDIO ONE\\u2122\\ufe0f BLOW OUT CREAM\"}},{\"@type\":\"ListItem\",\"@id\":\"https:\\\/\\\/monatglobal.com\\\/lt\\\/blow-out-cream\\\/#listItem\",\"position\":2,\"name\":\"MONAT STUDIO ONE\\u2122\\ufe0f BLOW OUT CREAM\",\"previousItem\":{\"@type\":\"ListItem\",\"@id\":\"https:\\\/\\\/monatglobal.com\\\/lt#listItem\",\"name\":\"Home\"}}]},{\"@type\":\"Organization\",\"@id\":\"https:\\\/\\\/monatglobal.com\\\/lt\\\/#organization\",\"name\":\"MONAT Lithuania\",\"url\":\"https:\\\/\\\/monatglobal.com\\\/lt\\\/\"},{\"@type\":\"WebPage\",\"@id\":\"https:\\\/\\\/monatglobal.com\\\/lt\\\/blow-out-cream\\\/#webpage\",\"url\":\"https:\\\/\\\/monatglobal.com\\\/lt\\\/blow-out-cream\\\/\",\"name\":\"MONAT STUDIO ONE\\u2122\\ufe0f BLOW OUT CREAM - MONAT Lithuania\",\"description\":\"-->\",\"inLanguage\":\"lt-LT\",\"isPartOf\":{\"@id\":\"https:\\\/\\\/monatglobal.com\\\/lt\\\/#website\"},\"breadcrumb\":{\"@id\":\"https:\\\/\\\/monatglobal.com\\\/lt\\\/blow-out-cream\\\/#breadcrumblist\"},\"image\":{\"@type\":\"ImageObject\",\"url\":\"https:\\\/\\\/monatglobal.com\\\/lt\\\/wp-content\\\/uploads\\\/sites\\\/11\\\/2021\\\/04\\\/STUDIO-ONE-BLOW-OUT-CREAM-500x438-1.png.webp\",\"@id\":\"https:\\\/\\\/monatglobal.com\\\/lt\\\/blow-out-cream\\\/#mainImage\",\"width\":438,\"height\":500},\"primaryImageOfPage\":{\"@id\":\"https:\\\/\\\/monatglobal.com\\\/lt\\\/blow-out-cream\\\/#mainImage\"},\"datePublished\":\"2017-06-22T17:20:16+01:00\",\"dateModified\":\"2026-02-20T18:37:45+00:00\"},{\"@type\":\"WebSite\",\"@id\":\"https:\\\/\\\/monatglobal.com\\\/lt\\\/#website\",\"url\":\"https:\\\/\\\/monatglobal.com\\\/lt\\\/\",\"name\":\"MONAT Lithuania\",\"inLanguage\":\"lt-LT\",\"publisher\":{\"@id\":\"https:\\\/\\\/monatglobal.com\\\/lt\\\/#organization\"}}]}\n\t\t<\/script>\n\t\t<!-- All in One SEO Pro -->\r\n\t\t<title>MONAT STUDIO ONE\u2122\ufe0f BLOW OUT CREAM - MONAT Lithuania<\/title>\n\n","aioseo_head_json":{"title":"MONAT STUDIO ONE\u2122\ufe0f BLOW OUT CREAM - MONAT Lithuania","description":"-->","canonical_url":"https:\/\/monatglobal.com\/lt\/blow-out-cream\/","robots":"max-image-preview:large","keywords":"","webmasterTools":{"miscellaneous":""},"schema":{"@context":"https:\/\/schema.org","@graph":[{"@type":"BreadcrumbList","@id":"https:\/\/monatglobal.com\/lt\/blow-out-cream\/#breadcrumblist","itemListElement":[{"@type":"ListItem","@id":"https:\/\/monatglobal.com\/lt#listItem","position":1,"name":"Home","item":"https:\/\/monatglobal.com\/lt","nextItem":{"@type":"ListItem","@id":"https:\/\/monatglobal.com\/lt\/blow-out-cream\/#listItem","name":"MONAT STUDIO ONE\u2122\ufe0f BLOW OUT CREAM"}},{"@type":"ListItem","@id":"https:\/\/monatglobal.com\/lt\/blow-out-cream\/#listItem","position":2,"name":"MONAT STUDIO ONE\u2122\ufe0f BLOW OUT CREAM","previousItem":{"@type":"ListItem","@id":"https:\/\/monatglobal.com\/lt#listItem","name":"Home"}}]},{"@type":"Organization","@id":"https:\/\/monatglobal.com\/lt\/#organization","name":"MONAT Lithuania","url":"https:\/\/monatglobal.com\/lt\/"},{"@type":"WebPage","@id":"https:\/\/monatglobal.com\/lt\/blow-out-cream\/#webpage","url":"https:\/\/monatglobal.com\/lt\/blow-out-cream\/","name":"MONAT STUDIO ONE\u2122\ufe0f BLOW OUT CREAM - MONAT Lithuania","description":"-->","inLanguage":"lt-LT","isPartOf":{"@id":"https:\/\/monatglobal.com\/lt\/#website"},"breadcrumb":{"@id":"https:\/\/monatglobal.com\/lt\/blow-out-cream\/#breadcrumblist"},"image":{"@type":"ImageObject","url":"https:\/\/monatglobal.com\/lt\/wp-content\/uploads\/sites\/11\/2021\/04\/STUDIO-ONE-BLOW-OUT-CREAM-500x438-1.png.webp","@id":"https:\/\/monatglobal.com\/lt\/blow-out-cream\/#mainImage","width":438,"height":500},"primaryImageOfPage":{"@id":"https:\/\/monatglobal.com\/lt\/blow-out-cream\/#mainImage"},"datePublished":"2017-06-22T17:20:16+01:00","dateModified":"2026-02-20T18:37:45+00:00"},{"@type":"WebSite","@id":"https:\/\/monatglobal.com\/lt\/#website","url":"https:\/\/monatglobal.com\/lt\/","name":"MONAT Lithuania","inLanguage":"lt-LT","publisher":{"@id":"https:\/\/monatglobal.com\/lt\/#organization"}}]},"og:locale":"lt_LT","og:site_name":"MONAT Lithuania -","og:type":"article","og:title":"MONAT STUDIO ONE\u2122\ufe0f BLOW OUT CREAM - MONAT Lithuania","og:description":"--&gt;","og:url":"https:\/\/monatglobal.com\/lt\/blow-out-cream\/","article:published_time":"2017-06-22T17:20:16+00:00","article:modified_time":"2026-02-20T18:37:45+00:00","twitter:card":"summary_large_image","twitter:title":"MONAT STUDIO ONE\u2122\ufe0f BLOW OUT CREAM - MONAT Lithuania","twitter:description":"--&gt;"},"aioseo_meta_data":{"post_id":"19179","title":null,"description":null,"keywords":null,"keyphrases":{"focus":{"keyphrase":"","score":0,"analysis":{"keyphraseInTitle":{"score":0,"maxScore":9,"error":1}}},"additional":[]},"primary_term":null,"canonical_url":null,"og_title":null,"og_description":null,"og_object_type":"default","og_image_type":"default","og_image_url":null,"og_image_width":null,"og_image_height":null,"og_image_custom_url":null,"og_image_custom_fields":null,"og_video":"","og_custom_url":null,"og_article_section":null,"og_article_tags":null,"twitter_use_og":false,"twitter_card":"default","twitter_image_type":"default","twitter_image_url":null,"twitter_image_custom_url":null,"twitter_image_custom_fields":null,"twitter_title":null,"twitter_description":null,"schema":{"blockGraphs":[],"customGraphs":[],"default":{"data":{"Article":[],"Course":[],"Dataset":[],"FAQPage":[],"Movie":[],"Person":[],"Product":[],"ProductReview":[],"Car":[],"Recipe":[],"Service":[],"SoftwareApplication":[],"WebPage":[]},"graphName":"WebPage","isEnabled":true},"graphs":[]},"schema_type":"default","schema_type_options":null,"pillar_content":false,"robots_default":true,"robots_noindex":false,"robots_noarchive":false,"robots_nosnippet":false,"robots_nofollow":false,"robots_noimageindex":false,"robots_noodp":false,"robots_notranslate":false,"robots_max_snippet":"-1","robots_max_videopreview":"-1","robots_max_imagepreview":"large","priority":null,"frequency":"default","local_seo":null,"seo_analyzer_scan_date":"2026-02-20 18:39:03","breadcrumb_settings":null,"limit_modified_date":false,"reviewed_by":"0","open_ai":null,"ai":{"faqs":[],"keyPoints":[],"titles":[],"descriptions":[],"socialPosts":{"email":[],"linkedin":[],"twitter":[],"facebook":[],"instagram":[]}},"created":"2023-07-26 19:06:59","updated":"2026-02-20 18:50:29"},"aioseo_breadcrumb":"<div class=\"aioseo-breadcrumbs\"><span class=\"aioseo-breadcrumb\">\n\t<a href=\"https:\/\/monatglobal.com\/lt\" title=\"Home\">Home<\/a>\n<\/span><span class=\"aioseo-breadcrumb-separator\">&raquo;<\/span><span class=\"aioseo-breadcrumb\">\n\tMONAT STUDIO ONE\u2122\ufe0f BLOW OUT CREAM\n<\/span><\/div>","aioseo_breadcrumb_json":[{"label":"Home","link":"https:\/\/monatglobal.com\/lt"},{"label":"MONAT STUDIO ONE\u2122\ufe0f BLOW OUT CREAM","link":"https:\/\/monatglobal.com\/lt\/blow-out-cream\/"}],"_links":{"self":[{"href":"https:\/\/monatglobal.com\/lt\/wp-json\/wp\/v2\/pages\/19179","targetHints":{"allow":["GET"]}}],"collection":[{"href":"https:\/\/monatglobal.com\/lt\/wp-json\/wp\/v2\/pages"}],"about":[{"href":"https:\/\/monatglobal.com\/lt\/wp-json\/wp\/v2\/types\/page"}],"author":[{"embeddable":true,"href":"https:\/\/monatglobal.com\/lt\/wp-json\/wp\/v2\/users\/31"}],"replies":[{"embeddable":true,"href":"https:\/\/monatglobal.com\/lt\/wp-json\/wp\/v2\/comments?post=19179"}],"version-history":[{"count":38,"href":"https:\/\/monatglobal.com\/lt\/wp-json\/wp\/v2\/pages\/19179\/revisions"}],"predecessor-version":[{"id":109208,"href":"https:\/\/monatglobal.com\/lt\/wp-json\/wp\/v2\/pages\/19179\/revisions\/109208"}],"wp:featuredmedia":[{"embeddable":true,"href":"https:\/\/monatglobal.com\/lt\/wp-json\/wp\/v2\/media\/68798"}],"wp:attachment":[{"href":"https:\/\/monatglobal.com\/lt\/wp-json\/wp\/v2\/media?parent=19179"}],"wp:term":[{"taxonomy":"category","embeddable":true,"href":"https:\/\/monatglobal.com\/lt\/wp-json\/wp\/v2\/categories?post=19179"},{"taxonomy":"post_tag","embeddable":true,"href":"https:\/\/monatglobal.com\/lt\/wp-json\/wp\/v2\/tags?post=19179"}],"curies":[{"name":"wp","href":"https:\/\/api.w.org\/{rel}","templated":true}]}}