{"id":18244,"date":"2017-05-02T14:00:48","date_gmt":"2017-05-02T18:00:48","guid":{"rendered":"https:\/\/monatglobal.com\/uk\/?page_id=18244"},"modified":"2026-03-30T18:12:04","modified_gmt":"2026-03-30T17:12:04","slug":"rejuvabeads","status":"publish","type":"page","link":"https:\/\/monatglobal.com\/lt\/rejuvabeads\/","title":{"rendered":"Rejuvabeads\u00ae"},"content":{"rendered":"\n\n\t<link rel=\"stylesheet\" href=\"https:\/\/unpkg.com\/swiper\/swiper-bundle.min.css\" \/>\n<link rel=\"stylesheet\" href=\"https:\/\/monatglobal.com\/wp-content\/creative_css\/product_styles_sheet.css\" \/>\n  <!--==================================================== ECOMM SECTION ====================================================-->\n  <p>BESTSELERIAI<\/p>\n    <!--==================================================== Ecomm image ====================================================-->\n    <img decoding=\"async\" src=\"https:\/\/monatglobal.com\/es\/wp-content\/uploads\/sites\/10\/2021\/10\/Rejevabeads-ecomm.png\" alt=\"MONAT Rejuvabeads\u00ae\" loading=\"lazy\"\/>\n    <!--==================================================== Ecomm information  ====================================================-->\n      NUEVO\n      \n      <p>BESTSELERIAI<\/p>\n      <h1>\u201eREJUVABEADS<sup>\u00ae<\/sup>&#8222;<\/h1>\n      <p>Praturtintas \u201eREJUVENIQE<sup>\u00ae<\/sup>&#8222;<\/p>\n      <p>Tai revoliucin\u0117 nenuplaunama priemon\u0117, kuri laikinai sujungia i\u0161si\u0161akojusius&nbsp;galiukus.<\/p>\n      <p>70 ml \uff45 2.4 fl. oz.<\/p>\n         <!--==================================================== pricing box ====================================================--> \n         <p>Ma\u017emenin\u0117 kaina<br \/>00.00 \u20ac<\/p>\n         <p>VIP kliento kaina<br \/>00.00 \u20ac<\/p>\n     <!--==================================================== pricing box ====================================================--> \n      Nor\u0117dami su\u017einoti daugiau apie \u201eREJUVABEADS<sup>\u00ae<\/sup>&#8222;, \n      pasikalb\u0117kite su savo \u201eMONAT Market&nbsp;Partner&#8221;.\n          <a href=\"\" target=\"_blank\" role=\"button\" aria-label=\"\"><\/a>\n  <!--==================================================== \/ECOMM SECTION  ====================================================-->\n  <!--==================================================== Benefits image ====================================================-->\n  \n    <source media=\"(max-width: 700px)\" srcset=\"https:\/\/monatglobal.com\/es\/wp-content\/uploads\/sites\/10\/2021\/10\/rejuvabeads-benefits_mobile.jpg\" loading=\"lazy\"\/>\n      <img decoding=\"async\" src=\"https:\/\/monatglobal.com\/es\/wp-content\/uploads\/sites\/10\/2021\/10\/rejuvabeads-benefits-2021.jpg\" \n      alt=\"* * * TBD-update text * * *\" loading=\"lazy\"\/>\n    \n    <!--==================================================== Benefits text ====================================================-->\n        <h2>NAUDOS<\/h2>\n        <h3>\u0160is unikalus serumas akimirksniu 47 % suma\u017eina plauk\u0173 galiuk\u0173 i\u0161si\u0161akojim\u0105, o poveikis i\u0161lieka iki 24&nbsp;valand\u0173.<\/h3>\n          <p> Suteikite ne\u012ftik\u0117tino glotnumo ir \u0161velnumo i\u0161si\u0161akojusiems galiukams, kad plaukai b\u016bt\u0173 gra\u017e\u016bs ir&nbsp;sveiki.<\/p>\n        <!--==================================================== features image  ====================================================-->\n        <img decoding=\"async\" src=\"https:\/\/monatglobal.com\/es\/wp-content\/uploads\/sites\/10\/2021\/10\/features-rejuvabeads.jpg\" \n        alt=\"-\" loading=\"lazy\"\/>\n      <!--==================================================== features text ====================================================-->\n          <h3>Ypatyb\u0117s:<\/h3>\n            <p>\/ Jungianti technologija, kuri akimirksniu atkuria i\u0161si\u0161akojusius&nbsp;galiukus.<\/p>\n            <p>Kvapas \/ Viliojantys persik\u0173, mang\u0173, apelsin\u0173 ir granat\u0173 kvapai persipyn\u0119 su \u0161alavij\u0173, jazmin\u0173 ir vanil\u0117s&nbsp;natomis.<\/p>\n            <p> Tekst\u016bra \/ Lengvas serumas<\/p>\n    <!--==================================================== composition image mobile ====================================================-->\n    <img decoding=\"async\" alt=\"MONAT's \u00ae Damage Repair Bond-Fortifying Hair Leave-In Cr\u00e8me being upheld by a woman's hand, showcasing the \n    product's aesthetics.\" src=\"https:\/\/monatglobal.com\/es\/wp-content\/uploads\/sites\/10\/2021\/10\/comp-1-rejuvabeads.jpg\" loading=\"lazy\"\/>\n    <!--==================================================== Why it works text ====================================================-->\n      <h2>KOD\u0116L TAI VEIKIA?<\/h2>\n      <h3>Akimirksniu sveikiau atrodantys plaukai ir ma\u017eiau i\u0161si\u0161akoj\u0119&nbsp;galiukai<\/h3>\n      <p>Naudojamas i\u0161skirtinis sveik\u0173 plauk\u0173 technologijos mi\u0161inys, kuriame yra \u201eREJUVENIQE<sup>\u00ae<\/sup>&#8221; ir ispaninio \u0161alavijo s\u0117kl\u0173 ekstrakto, akimirksniu sujungian\u010dio i\u0161si\u0161akojusius&nbsp;galiukus.<\/p>\n  <!--==================================================== Composition section ====================================================-->\n      <img decoding=\"async\" src=\"https:\/\/monatglobal.com\/es\/wp-content\/uploads\/sites\/10\/2021\/10\/comp-1-rejuvabeads.jpg\" \n      alt=\"MONAT's Hydration Booster product is set over a solid pink background with serum spilled as additional texture.\" loading=\"lazy\"\/>\n      <img decoding=\"async\" src=\"https:\/\/monatglobal.com\/es\/wp-content\/uploads\/sites\/10\/2021\/10\/comp-2-rejuvabeads-.jpg\" \n      alt=\"An african-american woman looking directly at the camera while applying the serum with the eyedropper. Left hand \n      showcases MONAT's Hydration Booster.\" loading=\"lazy\"\/>\n          <!--==================================================== Directions text ====================================================--> \n            <h3>Naudojimas<\/h3>\n              <p>\/ Tepkite ant \u0161vari\u0173, rank\u0161luos\u010diu nusausint\u0173 plauk\u0173. Tepkite nuo plauk\u0173 vidurio iki&nbsp;gal\u0173.<\/p>\n              <p>\/ Minut\u0119 palaikykite.<\/p>\n              <p>\/ \u0160ukuokite plaukus kaip&nbsp;\u012fprastai.<\/p>\n          <!--==================================================== Directions video ====================================================-->\n    <p>Damage Repair <br \/>Bond-Fortifying Hair Leave-In Cr\u00e8me  <br \/>1:28<\/p>\n      <a href=\"\" target=\"_blank\"  role=\"button\" aria-label=\"\"><\/a>\n  <!--==================================================== Ingredients section  ====================================================-->\n    <h2>PAGRINDIN\u0116S SUDEDAMOSIOS DALYS<\/h2>\n        <p>\u201eREJUVENIQE<sup>\u00ae<\/sup>&#8222;<\/p>\n               <p>Ispaninio \u0161alavijo s\u0117kl\u0173 ekstraktas<\/p>\n  <button id=\"myBtn\" type=\"button\">SUDEDAM\u0172J\u0172 DALI\u0172 S\u0104RA\u0160AS<\/button>\n  <!--==================================================== Modal content  ====================================================-->\n    &times;\n    <p>Aqua\/Water\/Eau, Cetearyl Alcohol, Isoamyl Laurate, Behentrimonium Chloride, Glycerin, Limnanthes Alba (Meadowfoam) Seed Oil, Crambe Abyssinica Seed Oil, Camellia Oleifera Seed Oil, Solanum Lycopersicum (Tomato) Seed Oil, Daucus Carota Sativa (Carrot) Seed Oil, Citrus Limon (Lemon) Peel Oil, Citrus Aurantifolia (Lime) Oil, Citrus Aurantium Bergamia (Bergamot) Fruit Oil, Adansonia Digitata Oil, Mauritia Flexuosa Fruit Oil, Cocos Nucifera (Coconut) Oil, Gardenia Taitensis Flower Extract, Moringa Oleifera Seed Oil, Caryocar Brasiliense Fruit Oil, Helianthus Annuus (Sunflower) Seed Oil, Linum Usitatissimum (Linseed) Seed Extract, Salvia Hispanica Seed Extract, Tocopherol, Xanthan Gum, Carrageenan, Algin, Guar Hydroxypropyltrimonium Chloride, Chitosan, Caprylic\/Capric Triglyceride, Coco-Glucoside, Sorbitan Oleate, Fragrance\/Parfum,  Stearamidopropyl Dimethylamine, Benzyl Alcohol, Ethylhexylglycerin, Limonene.<\/p>\n<!--==================================================== You might also like section ====================================================-->\n  <h2>JUMS TAIP PAT GALI PATIKTI<\/h2>\n  <!--==================================================== Slider YOU MIGHT ALSO LIKE ====================================================-->\n  <!---->\n  <!--  -->\n      <!--==================================================== Slides products ====================================================-->\n  <!--    -->\n  <!--             <a href=\"\/es\/rejuveniqe-oil\/\" aria-label=\"Go to REJUVENIQE\u00ae page\">-->\n  <!--                <img decoding=\"async\" src=\"https:\/\/monatglobal.com\/wp-content\/uploads\/2022\/12\/rejuveniqe_2021-ecomm.png\" alt=\"REJUVENIQE \u00ae\" loading=\"lazy\"\/>-->\n  <!--                <p>REJUVENIQE<sup>\u00ae<\/sup><\/p>-->\n  <!--             <\/a>-->\n  <!--          -->\n  <!--  -->\n    <!--==================================================== If we need navigation buttons  ====================================================-->\n  <!--  -->\n  <!--  -->\n    <!--==================================================== If we need paginations  ====================================================-->\n  <!--  -->\n  <!---->\n         <!--==================================================== If we need navigation buttons  ====================================================-->\n         <!--==================================================== If we need paginations  ====================================================-->\n    <a href=\"\" aria-label=\"\"><\/a>\n<!--==================================================== this link has to go last for it to work   ====================================================-->\n\n","protected":false},"excerpt":{"rendered":"<p>BESTSELERIAI NUEVO BESTSELERIAI \u201eREJUVABEADS\u00ae&#8222; Praturtintas \u201eREJUVENIQE\u00ae&#8222; Tai revoliucin\u0117 nenuplaunama priemon\u0117, kuri laikinai sujungia i\u0161si\u0161akojusius&nbsp;galiukus. 70 ml \uff45 2.4 fl. oz. Ma\u017emenin\u0117 kaina00.00 \u20ac VIP kliento kaina00.00 \u20ac Nor\u0117dami su\u017einoti daugiau apie \u201eREJUVABEADS\u00ae&#8222;, pasikalb\u0117kite su savo \u201eMONAT Market&nbsp;Partner&#8221;. NAUDOS \u0160is unikalus serumas akimirksniu 47 % suma\u017eina plauk\u0173 galiuk\u0173 i\u0161si\u0161akojim\u0105, o poveikis i\u0161lieka iki 24&nbsp;valand\u0173. Suteikite ne\u012ftik\u0117tino&hellip;<\/p>\n","protected":false},"author":31,"featured_media":69090,"parent":0,"menu_order":0,"comment_status":"closed","ping_status":"closed","template":"","meta":{"inline_featured_image":false,"om_disable_all_campaigns":false,"_monsterinsights_skip_tracking":false,"_monsterinsights_sitenote_active":false,"_monsterinsights_sitenote_note":"","_monsterinsights_sitenote_category":0,"footnotes":""},"categories":[32],"tags":[],"class_list":["post-18244","page","type-page","status-publish","has-post-thumbnail","hentry","category-product-lt"],"aioseo_notices":[],"aioseo_head":"\n\t\t<!-- All in One SEO Pro 4.9.5.2 - aioseo.com -->\n\t<meta name=\"description\" content=\"BESTSELERIAI NUEVO BESTSELERIAI \u201eREJUVABEADS\u00ae&quot; Praturtintas \u201eREJUVENIQE\u00ae&quot; Tai revoliucin\u0117 nenuplaunama priemon\u0117, kuri laikinai sujungia i\u0161si\u0161akojusius galiukus. 70 ml \uff45 2.4 fl. oz. Ma\u017emenin\u0117 kaina00.00 \u20ac VIP kliento kaina00.00 \u20ac Nor\u0117dami su\u017einoti daugiau apie \u201eREJUVABEADS\u00ae&quot;, pasikalb\u0117kite su savo \u201eMONAT Market Partner&quot;. NAUDOS \u0160is unikalus serumas akimirksniu 47 % suma\u017eina plauk\u0173 galiuk\u0173 i\u0161si\u0161akojim\u0105, o poveikis i\u0161lieka iki 24 valand\u0173. Suteikite ne\u012ftik\u0117tino\" \/>\n\t<meta name=\"robots\" content=\"max-image-preview:large\" \/>\n\t<link rel=\"canonical\" href=\"https:\/\/monatglobal.com\/lt\/rejuvabeads\/\" \/>\n\t<meta name=\"generator\" content=\"All in One SEO Pro (AIOSEO) 4.9.5.2\" \/>\n\t\t<meta property=\"og:locale\" content=\"lt_LT\" \/>\n\t\t<meta property=\"og:site_name\" content=\"MONAT Lithuania -\" \/>\n\t\t<meta property=\"og:type\" content=\"article\" \/>\n\t\t<meta property=\"og:title\" content=\"Rejuvabeads\u00ae - MONAT Lithuania\" \/>\n\t\t<meta property=\"og:description\" content=\"BESTSELERIAI NUEVO BESTSELERIAI \u201eREJUVABEADS\u00ae&quot; Praturtintas \u201eREJUVENIQE\u00ae&quot; Tai revoliucin\u0117 nenuplaunama priemon\u0117, kuri laikinai sujungia i\u0161si\u0161akojusius galiukus. 70 ml \uff45 2.4 fl. oz. Ma\u017emenin\u0117 kaina00.00 \u20ac VIP kliento kaina00.00 \u20ac Nor\u0117dami su\u017einoti daugiau apie \u201eREJUVABEADS\u00ae&quot;, pasikalb\u0117kite su savo \u201eMONAT Market Partner&quot;. NAUDOS \u0160is unikalus serumas akimirksniu 47 % suma\u017eina plauk\u0173 galiuk\u0173 i\u0161si\u0161akojim\u0105, o poveikis i\u0161lieka iki 24 valand\u0173. Suteikite ne\u012ftik\u0117tino\" \/>\n\t\t<meta property=\"og:url\" content=\"https:\/\/monatglobal.com\/lt\/rejuvabeads\/\" \/>\n\t\t<meta property=\"article:published_time\" content=\"2017-05-02T18:00:48+00:00\" \/>\n\t\t<meta property=\"article:modified_time\" content=\"2026-03-30T17:12:04+00:00\" \/>\n\t\t<meta name=\"twitter:card\" content=\"summary_large_image\" \/>\n\t\t<meta name=\"twitter:title\" content=\"Rejuvabeads\u00ae - MONAT Lithuania\" \/>\n\t\t<meta name=\"twitter:description\" content=\"BESTSELERIAI NUEVO BESTSELERIAI \u201eREJUVABEADS\u00ae&quot; Praturtintas \u201eREJUVENIQE\u00ae&quot; Tai revoliucin\u0117 nenuplaunama priemon\u0117, kuri laikinai sujungia i\u0161si\u0161akojusius galiukus. 70 ml \uff45 2.4 fl. oz. Ma\u017emenin\u0117 kaina00.00 \u20ac VIP kliento kaina00.00 \u20ac Nor\u0117dami su\u017einoti daugiau apie \u201eREJUVABEADS\u00ae&quot;, pasikalb\u0117kite su savo \u201eMONAT Market Partner&quot;. NAUDOS \u0160is unikalus serumas akimirksniu 47 % suma\u017eina plauk\u0173 galiuk\u0173 i\u0161si\u0161akojim\u0105, o poveikis i\u0161lieka iki 24 valand\u0173. Suteikite ne\u012ftik\u0117tino\" \/>\n\t\t<script type=\"application\/ld+json\" class=\"aioseo-schema\">\n\t\t\t{\"@context\":\"https:\\\/\\\/schema.org\",\"@graph\":[{\"@type\":\"BreadcrumbList\",\"@id\":\"https:\\\/\\\/monatglobal.com\\\/lt\\\/rejuvabeads\\\/#breadcrumblist\",\"itemListElement\":[{\"@type\":\"ListItem\",\"@id\":\"https:\\\/\\\/monatglobal.com\\\/lt#listItem\",\"position\":1,\"name\":\"Home\",\"item\":\"https:\\\/\\\/monatglobal.com\\\/lt\",\"nextItem\":{\"@type\":\"ListItem\",\"@id\":\"https:\\\/\\\/monatglobal.com\\\/lt\\\/rejuvabeads\\\/#listItem\",\"name\":\"Rejuvabeads\\u00ae\"}},{\"@type\":\"ListItem\",\"@id\":\"https:\\\/\\\/monatglobal.com\\\/lt\\\/rejuvabeads\\\/#listItem\",\"position\":2,\"name\":\"Rejuvabeads\\u00ae\",\"previousItem\":{\"@type\":\"ListItem\",\"@id\":\"https:\\\/\\\/monatglobal.com\\\/lt#listItem\",\"name\":\"Home\"}}]},{\"@type\":\"Organization\",\"@id\":\"https:\\\/\\\/monatglobal.com\\\/lt\\\/#organization\",\"name\":\"MONAT Lithuania\",\"url\":\"https:\\\/\\\/monatglobal.com\\\/lt\\\/\"},{\"@type\":\"WebPage\",\"@id\":\"https:\\\/\\\/monatglobal.com\\\/lt\\\/rejuvabeads\\\/#webpage\",\"url\":\"https:\\\/\\\/monatglobal.com\\\/lt\\\/rejuvabeads\\\/\",\"name\":\"Rejuvabeads\\u00ae - MONAT Lithuania\",\"description\":\"BESTSELERIAI NUEVO BESTSELERIAI \\u201eREJUVABEADS\\u00ae\\\" Praturtintas \\u201eREJUVENIQE\\u00ae\\\" Tai revoliucin\\u0117 nenuplaunama priemon\\u0117, kuri laikinai sujungia i\\u0161si\\u0161akojusius galiukus. 70 ml \\uff45 2.4 fl. oz. Ma\\u017emenin\\u0117 kaina00.00 \\u20ac VIP kliento kaina00.00 \\u20ac Nor\\u0117dami su\\u017einoti daugiau apie \\u201eREJUVABEADS\\u00ae\\\", pasikalb\\u0117kite su savo \\u201eMONAT Market Partner\\\". NAUDOS \\u0160is unikalus serumas akimirksniu 47 % suma\\u017eina plauk\\u0173 galiuk\\u0173 i\\u0161si\\u0161akojim\\u0105, o poveikis i\\u0161lieka iki 24 valand\\u0173. Suteikite ne\\u012ftik\\u0117tino\",\"inLanguage\":\"lt-LT\",\"isPartOf\":{\"@id\":\"https:\\\/\\\/monatglobal.com\\\/lt\\\/#website\"},\"breadcrumb\":{\"@id\":\"https:\\\/\\\/monatglobal.com\\\/lt\\\/rejuvabeads\\\/#breadcrumblist\"},\"image\":{\"@type\":\"ImageObject\",\"url\":\"https:\\\/\\\/monatglobal.com\\\/lt\\\/wp-content\\\/uploads\\\/sites\\\/11\\\/2021\\\/08\\\/REJUVABEADS\\u00ae.png.webp\",\"@id\":\"https:\\\/\\\/monatglobal.com\\\/lt\\\/rejuvabeads\\\/#mainImage\",\"width\":263,\"height\":300},\"primaryImageOfPage\":{\"@id\":\"https:\\\/\\\/monatglobal.com\\\/lt\\\/rejuvabeads\\\/#mainImage\"},\"datePublished\":\"2017-05-02T14:00:48+01:00\",\"dateModified\":\"2026-03-30T18:12:04+01:00\"},{\"@type\":\"WebSite\",\"@id\":\"https:\\\/\\\/monatglobal.com\\\/lt\\\/#website\",\"url\":\"https:\\\/\\\/monatglobal.com\\\/lt\\\/\",\"name\":\"MONAT Lithuania\",\"inLanguage\":\"lt-LT\",\"publisher\":{\"@id\":\"https:\\\/\\\/monatglobal.com\\\/lt\\\/#organization\"}}]}\n\t\t<\/script>\n\t\t<!-- All in One SEO Pro -->\r\n\t\t<title>Rejuvabeads\u00ae - MONAT Lithuania<\/title>\n\n","aioseo_head_json":{"title":"Rejuvabeads\u00ae - MONAT Lithuania","description":"BESTSELERIAI NUEVO BESTSELERIAI \u201eREJUVABEADS\u00ae\" Praturtintas \u201eREJUVENIQE\u00ae\" Tai revoliucin\u0117 nenuplaunama priemon\u0117, kuri laikinai sujungia i\u0161si\u0161akojusius galiukus. 70 ml \uff45 2.4 fl. oz. Ma\u017emenin\u0117 kaina00.00 \u20ac VIP kliento kaina00.00 \u20ac Nor\u0117dami su\u017einoti daugiau apie \u201eREJUVABEADS\u00ae\", pasikalb\u0117kite su savo \u201eMONAT Market Partner\". NAUDOS \u0160is unikalus serumas akimirksniu 47 % suma\u017eina plauk\u0173 galiuk\u0173 i\u0161si\u0161akojim\u0105, o poveikis i\u0161lieka iki 24 valand\u0173. Suteikite ne\u012ftik\u0117tino","canonical_url":"https:\/\/monatglobal.com\/lt\/rejuvabeads\/","robots":"max-image-preview:large","keywords":"","webmasterTools":{"miscellaneous":""},"schema":{"@context":"https:\/\/schema.org","@graph":[{"@type":"BreadcrumbList","@id":"https:\/\/monatglobal.com\/lt\/rejuvabeads\/#breadcrumblist","itemListElement":[{"@type":"ListItem","@id":"https:\/\/monatglobal.com\/lt#listItem","position":1,"name":"Home","item":"https:\/\/monatglobal.com\/lt","nextItem":{"@type":"ListItem","@id":"https:\/\/monatglobal.com\/lt\/rejuvabeads\/#listItem","name":"Rejuvabeads\u00ae"}},{"@type":"ListItem","@id":"https:\/\/monatglobal.com\/lt\/rejuvabeads\/#listItem","position":2,"name":"Rejuvabeads\u00ae","previousItem":{"@type":"ListItem","@id":"https:\/\/monatglobal.com\/lt#listItem","name":"Home"}}]},{"@type":"Organization","@id":"https:\/\/monatglobal.com\/lt\/#organization","name":"MONAT Lithuania","url":"https:\/\/monatglobal.com\/lt\/"},{"@type":"WebPage","@id":"https:\/\/monatglobal.com\/lt\/rejuvabeads\/#webpage","url":"https:\/\/monatglobal.com\/lt\/rejuvabeads\/","name":"Rejuvabeads\u00ae - MONAT Lithuania","description":"BESTSELERIAI NUEVO BESTSELERIAI \u201eREJUVABEADS\u00ae\" Praturtintas \u201eREJUVENIQE\u00ae\" Tai revoliucin\u0117 nenuplaunama priemon\u0117, kuri laikinai sujungia i\u0161si\u0161akojusius galiukus. 70 ml \uff45 2.4 fl. oz. Ma\u017emenin\u0117 kaina00.00 \u20ac VIP kliento kaina00.00 \u20ac Nor\u0117dami su\u017einoti daugiau apie \u201eREJUVABEADS\u00ae\", pasikalb\u0117kite su savo \u201eMONAT Market Partner\". NAUDOS \u0160is unikalus serumas akimirksniu 47 % suma\u017eina plauk\u0173 galiuk\u0173 i\u0161si\u0161akojim\u0105, o poveikis i\u0161lieka iki 24 valand\u0173. Suteikite ne\u012ftik\u0117tino","inLanguage":"lt-LT","isPartOf":{"@id":"https:\/\/monatglobal.com\/lt\/#website"},"breadcrumb":{"@id":"https:\/\/monatglobal.com\/lt\/rejuvabeads\/#breadcrumblist"},"image":{"@type":"ImageObject","url":"https:\/\/monatglobal.com\/lt\/wp-content\/uploads\/sites\/11\/2021\/08\/REJUVABEADS\u00ae.png.webp","@id":"https:\/\/monatglobal.com\/lt\/rejuvabeads\/#mainImage","width":263,"height":300},"primaryImageOfPage":{"@id":"https:\/\/monatglobal.com\/lt\/rejuvabeads\/#mainImage"},"datePublished":"2017-05-02T14:00:48+01:00","dateModified":"2026-03-30T18:12:04+01:00"},{"@type":"WebSite","@id":"https:\/\/monatglobal.com\/lt\/#website","url":"https:\/\/monatglobal.com\/lt\/","name":"MONAT Lithuania","inLanguage":"lt-LT","publisher":{"@id":"https:\/\/monatglobal.com\/lt\/#organization"}}]},"og:locale":"lt_LT","og:site_name":"MONAT Lithuania -","og:type":"article","og:title":"Rejuvabeads\u00ae - MONAT Lithuania","og:description":"BESTSELERIAI NUEVO BESTSELERIAI \u201eREJUVABEADS\u00ae&quot; Praturtintas \u201eREJUVENIQE\u00ae&quot; Tai revoliucin\u0117 nenuplaunama priemon\u0117, kuri laikinai sujungia i\u0161si\u0161akojusius galiukus. 70 ml \uff45 2.4 fl. oz. Ma\u017emenin\u0117 kaina00.00 \u20ac VIP kliento kaina00.00 \u20ac Nor\u0117dami su\u017einoti daugiau apie \u201eREJUVABEADS\u00ae&quot;, pasikalb\u0117kite su savo \u201eMONAT Market Partner&quot;. NAUDOS \u0160is unikalus serumas akimirksniu 47 % suma\u017eina plauk\u0173 galiuk\u0173 i\u0161si\u0161akojim\u0105, o poveikis i\u0161lieka iki 24 valand\u0173. Suteikite ne\u012ftik\u0117tino","og:url":"https:\/\/monatglobal.com\/lt\/rejuvabeads\/","article:published_time":"2017-05-02T18:00:48+00:00","article:modified_time":"2026-03-30T17:12:04+00:00","twitter:card":"summary_large_image","twitter:title":"Rejuvabeads\u00ae - MONAT Lithuania","twitter:description":"BESTSELERIAI NUEVO BESTSELERIAI \u201eREJUVABEADS\u00ae&quot; Praturtintas \u201eREJUVENIQE\u00ae&quot; Tai revoliucin\u0117 nenuplaunama priemon\u0117, kuri laikinai sujungia i\u0161si\u0161akojusius galiukus. 70 ml \uff45 2.4 fl. oz. Ma\u017emenin\u0117 kaina00.00 \u20ac VIP kliento kaina00.00 \u20ac Nor\u0117dami su\u017einoti daugiau apie \u201eREJUVABEADS\u00ae&quot;, pasikalb\u0117kite su savo \u201eMONAT Market Partner&quot;. NAUDOS \u0160is unikalus serumas akimirksniu 47 % suma\u017eina plauk\u0173 galiuk\u0173 i\u0161si\u0161akojim\u0105, o poveikis i\u0161lieka iki 24 valand\u0173. Suteikite ne\u012ftik\u0117tino"},"aioseo_meta_data":{"post_id":"18244","title":null,"description":null,"keywords":null,"keyphrases":{"focus":{"keyphrase":"","score":0,"analysis":{"keyphraseInTitle":{"score":0,"maxScore":9,"error":1}}},"additional":[]},"primary_term":null,"canonical_url":null,"og_title":null,"og_description":null,"og_object_type":"default","og_image_type":"default","og_image_url":null,"og_image_width":null,"og_image_height":null,"og_image_custom_url":null,"og_image_custom_fields":null,"og_video":"","og_custom_url":null,"og_article_section":null,"og_article_tags":null,"twitter_use_og":false,"twitter_card":"default","twitter_image_type":"default","twitter_image_url":null,"twitter_image_custom_url":null,"twitter_image_custom_fields":null,"twitter_title":null,"twitter_description":null,"schema":{"blockGraphs":[],"customGraphs":[],"default":{"data":{"Article":[],"Course":[],"Dataset":[],"FAQPage":[],"Movie":[],"Person":[],"Product":[],"ProductReview":[],"Car":[],"Recipe":[],"Service":[],"SoftwareApplication":[],"WebPage":[]},"graphName":"WebPage","isEnabled":true},"graphs":[]},"schema_type":"default","schema_type_options":null,"pillar_content":false,"robots_default":true,"robots_noindex":false,"robots_noarchive":false,"robots_nosnippet":false,"robots_nofollow":false,"robots_noimageindex":false,"robots_noodp":false,"robots_notranslate":false,"robots_max_snippet":"-1","robots_max_videopreview":"-1","robots_max_imagepreview":"large","priority":null,"frequency":"default","local_seo":null,"seo_analyzer_scan_date":"2026-03-31 17:34:01","breadcrumb_settings":null,"limit_modified_date":false,"reviewed_by":"0","open_ai":null,"ai":{"faqs":[],"keyPoints":[],"titles":[],"descriptions":[],"socialPosts":{"email":[],"linkedin":[],"twitter":[],"facebook":[],"instagram":[]}},"created":"2023-07-26 19:05:34","updated":"2026-03-31 17:34:15"},"aioseo_breadcrumb":"<div class=\"aioseo-breadcrumbs\"><span class=\"aioseo-breadcrumb\">\n\t<a href=\"https:\/\/monatglobal.com\/lt\" title=\"Home\">Home<\/a>\n<\/span><span class=\"aioseo-breadcrumb-separator\">&raquo;<\/span><span class=\"aioseo-breadcrumb\">\n\tRejuvabeads\u00ae\n<\/span><\/div>","aioseo_breadcrumb_json":[{"label":"Home","link":"https:\/\/monatglobal.com\/lt"},{"label":"Rejuvabeads\u00ae","link":"https:\/\/monatglobal.com\/lt\/rejuvabeads\/"}],"_links":{"self":[{"href":"https:\/\/monatglobal.com\/lt\/wp-json\/wp\/v2\/pages\/18244","targetHints":{"allow":["GET"]}}],"collection":[{"href":"https:\/\/monatglobal.com\/lt\/wp-json\/wp\/v2\/pages"}],"about":[{"href":"https:\/\/monatglobal.com\/lt\/wp-json\/wp\/v2\/types\/page"}],"author":[{"embeddable":true,"href":"https:\/\/monatglobal.com\/lt\/wp-json\/wp\/v2\/users\/31"}],"replies":[{"embeddable":true,"href":"https:\/\/monatglobal.com\/lt\/wp-json\/wp\/v2\/comments?post=18244"}],"version-history":[{"count":39,"href":"https:\/\/monatglobal.com\/lt\/wp-json\/wp\/v2\/pages\/18244\/revisions"}],"predecessor-version":[{"id":109327,"href":"https:\/\/monatglobal.com\/lt\/wp-json\/wp\/v2\/pages\/18244\/revisions\/109327"}],"wp:featuredmedia":[{"embeddable":true,"href":"https:\/\/monatglobal.com\/lt\/wp-json\/wp\/v2\/media\/69090"}],"wp:attachment":[{"href":"https:\/\/monatglobal.com\/lt\/wp-json\/wp\/v2\/media?parent=18244"}],"wp:term":[{"taxonomy":"category","embeddable":true,"href":"https:\/\/monatglobal.com\/lt\/wp-json\/wp\/v2\/categories?post=18244"},{"taxonomy":"post_tag","embeddable":true,"href":"https:\/\/monatglobal.com\/lt\/wp-json\/wp\/v2\/tags?post=18244"}],"curies":[{"name":"wp","href":"https:\/\/api.w.org\/{rel}","templated":true}]}}