{"id":109315,"date":"2026-03-26T21:15:11","date_gmt":"2026-03-26T21:15:11","guid":{"rendered":"https:\/\/monatglobal.com\/lt\/?page_id=109315"},"modified":"2026-04-13T21:06:41","modified_gmt":"2026-04-13T20:06:41","slug":"europetogether2026","status":"publish","type":"page","link":"https:\/\/monatglobal.com\/lt\/europetogether2026\/","title":{"rendered":"MILANAS, ITALIA | Teatro Nazionale\u00a0| 2026 m. bir\u017eelio 13 d."},"content":{"rendered":"\n\n\t<style>\n    @import url('https:\/\/fonts.googleapis.com\/css2?family=Jost:ital,wght@0,100..900;1,100..900&display=swap');\n    .jost-500{\n      font-family: \"Jost\", sans-serif !important;\n      font-optical-sizing: auto;\n      font-weight: 500;\n      font-style: normal;\n    }\n    :root{\n        --burgundy: #5A1F2B;\n        --warm-gray: #F4F1EA;\n        --off-white: #F3F2F1;\n    }\n<\/style>\n<section>\n    <img decoding=\"async\" src=\"https:\/\/monatglobal.com\/wp-content\/uploads\/2026\/04\/Capa_1.svg\" alt=\"MONAT EUROPE TOGETHET EVENT MILAN LOGO\"\/>\n<\/section>\n<section id=\"intro_sec\">\n        <h2>MILANAS, Italija <br \/> Teatro Nazionale <br \/> 2026 m.  <br \/>bir\u017eelio 13 d.<\/h2>\n                <ul>\n                  <li id=\"days\"><\/li> \n                  <li id=\"hours\"><\/li> \n                  <li id=\"minutes\"><\/li> \n                  <li id=\"seconds\"><\/li>\n                <\/ul> \n                <p>DIENOS <\/p>\n                <p>VALANDOS <\/p>\n                <p>MINUT\u0116S <\/p>\n                <p>SEKUND\u0116S<\/p>\n        <a href=\"https:\/\/www.eventbrite.co.uk\/e\/monat-europe-together-tickets-1982194063804?aff=oddtdtcreator\" target=\"_blank\">REGISTRUTOTIS<\/a>\n            \n                            <img decoding=\"async\" src=\"https:\/\/monatglobal.com\/wp-content\/uploads\/2026\/03\/we-are-modern-nature-drop-logo-eu-together.svg\" alt=\"MONAT EUROPE TOGETHET EVENT MILAN LOGO\"\/>\n    <source media=\"(max-width: 700px)\" srcset=\"https:\/\/monatglobal.com\/uk\/wp-content\/uploads\/sites\/6\/2026\/04\/elebration-of-inspiration-recognition_mobile.jpg\" loading=\"lazy\"\/>\n      <img decoding=\"async\" src=\"https:\/\/monatglobal.com\/uk\/wp-content\/uploads\/sites\/6\/2026\/04\/elebration-of-inspiration-recognition.jpg\" alt=\"Three photos side by side: an ornate theater interior with red velvet seats, a glass-domed shopping gallery ceiling, and a sunlit Italian courtyard with warm-toned buildings.\"\/>\n     \n            <!--<img decoding=\"async\" src=\"https:\/\/monatglobal.com\/uk\/wp-content\/uploads\/sites\/6\/2026\/04\/elebration-of-inspiration-recognition_mobile.jpg\" alt=\"Three photos side by side: an ornate theater interior with red velvet seats, a glass-domed shopping gallery ceiling, and a sunlit Italian courtyard with warm-toned buildings.\"\/>-->\n        <p>Kvie\u010diame prisijungti prie MONAT \u0161eimos i\u0161 visos Europos gra\u017eiajame Milano mieste \u012fvyksian\u010diame MONAT Europe Together renginyje. \u010cia \u0161v\u0119sime \u012fkv\u0117pim\u0105, pripa\u017einim\u0105 ir akimirkas, kurios skatina jud\u0117ti pirmyn ir apjungia mus \u012f bendruomen\u0119.<\/p>\n        <a href=\"https:\/\/www.eventbrite.co.uk\/e\/monat-europe-together-tickets-1982194063804?aff=oddtdtcreator\" target=\"_blank\">REGISTRUTOTIS<\/a>\n<\/section>\n<section id=\"ticket\">\n    <p>2026 m. bir\u017eelio 13 d.<\/p>\n            <a>\n                    <img decoding=\"async\" src=\"https:\/\/monatglobal.com\/uk\/wp-content\/uploads\/sites\/6\/2026\/04\/general-admission-ticket-top.svg\" alt=\"Ticket pricing graphic over a grand theater background showing \"General Admission \u20ac59.00\"\"\/>\n                        <p>\u012ePRASTOS KAINOS BILIETAI \u012e RENGIN\u012e <br \/>  <\/p>\n                        <!--<p>TICKETS AVAILABLE<\/p>-->\n                    <img decoding=\"async\" src=\"https:\/\/monatglobal.com\/uk\/wp-content\/uploads\/sites\/6\/2026\/04\/general-admission-ticket-bottom.svg\" alt=\"Ticket pricing graphic over a grand theater background showing \"PARTY Admission \u20ac49.00\"\"\/>\n                    <p>\u20ac59.00<\/p>\n            <\/a>\n<a>\n                    <img decoding=\"async\" src=\"https:\/\/monatglobal.com\/uk\/wp-content\/uploads\/sites\/6\/2026\/04\/party-ticket-top.svg\" alt=\"\"\/>\n                        <p>VAKAR\u0116LIO BILIETAI<\/p>\n                        <!--<p>TICKETS AVAILABLE<\/p>-->\n                    <img decoding=\"async\" src=\"https:\/\/monatglobal.com\/uk\/wp-content\/uploads\/sites\/6\/2026\/04\/party-ticket-bottom.svg\" alt=\"\"\/>\n                    <p>\u20ac45.00<\/p>\n            <\/a>\n        Pabaiga: bir\u017eelio 2 d. 01:59 val.\n        <a href=\"https:\/\/www.eventbrite.co.uk\/e\/monat-europe-together-tickets-1982194063804?aff=oddtdtcreator\" target=\"_blank\">REGISTRUTOTIS<\/a>\n    <p>MILANAS, ITALIA<\/p>\n<\/section>\n<section id=\"welcome_sec\">\n    <p>MILANAS, ITALIA<\/p>\n        <img decoding=\"async\" src=\"https:\/\/monatglobal.com\/uk\/wp-content\/uploads\/sites\/6\/2026\/04\/welcome-you-to-Casa-MONAT_Milan-1.jpg\" alt=\"picture Milan, including the Duomo cathedral\"\/>\n        <img decoding=\"async\" src=\"https:\/\/monatglobal.com\/wp-content\/uploads\/2026\/03\/MONAT-EUROPE-TOGETHER-LOGO.svg\" alt=\"MONAT EUROPE TOGETHER LOGO\"\/>\n        <h2>Nekantraujame <br \/> SU JUMIS  <br \/> SUSITIKTI<\/h2>\n            <img decoding=\"async\" src=\"https:\/\/monatglobal.com\/uk\/wp-content\/uploads\/sites\/6\/2026\/04\/welcome-you-to-Casa-MONAT_Milan-3.jpg\" alt=\"picture of glass-roofed gallery\"\/>\n            <img decoding=\"async\" src=\"https:\/\/monatglobal.com\/uk\/wp-content\/uploads\/sites\/6\/2026\/04\/welcome-you-to-Casa-MONAT_Milan-2.jpg\" alt=\"street scene with a tram near a historic arch\"\/>\n    <p>2026 m. bir\u017eelio 13 d.<\/p>\n<\/section>\n<section id=\"\">\n           \n    <source media=\"(max-width: 700px)\" srcset=\"https:\/\/monatglobal.com\/uk\/wp-content\/uploads\/sites\/6\/2026\/04\/in-Lake-Como-MONAT-Europe-Together_mobile.jpg\" loading=\"lazy\"\/>\n     <img decoding=\"async\" src=\"https:\/\/monatglobal.com\/uk\/wp-content\/uploads\/sites\/6\/2026\/04\/in-Lake-Como-MONAT-Europe-Together.jpg\" alt=\"Scenic lakeside town with colorful buildings, a church with a bell tower, and tall cypress trees set against dramatic green mountains under a clear sky.\"\/>\n     \n    <!--<img decoding=\"async\" src=\"https:\/\/monatglobal.com\/uk\/wp-content\/uploads\/sites\/6\/2026\/04\/in-Lake-Como-MONAT-Europe-Together.jpg\" alt=\"Scenic lakeside town with colorful buildings, a church with a bell tower, and tall cypress trees set against dramatic green mountains under a clear sky.\"\/>-->\n            <p>  TEATRO NAZIONALE 2026 M. BIR\u017dELIO 13 D. |&nbsp;  TEATRO NAZIONALE 2026 M. BIR\u017dELIO 13 D. |&nbsp;  TEATRO NAZIONALE 2026 M. BIR\u017dELIO 13 D. |&nbsp;  TEATRO NAZIONALE 2026 M. BIR\u017dELIO 13 D. |&nbsp;<\/p>\n            <p>  TEATRO NAZIONALE 2026 M. BIR\u017dELIO 13 D. |&nbsp;  TEATRO NAZIONALE 2026 M. BIR\u017dELIO 13 D. |&nbsp;  TEATRO NAZIONALE 2026 M. BIR\u017dELIO 13 D. |&nbsp;  TEATRO NAZIONALE 2026 M. BIR\u017dELIO 13 D. |&nbsp;<\/p>\n            <p>  TEATRO NAZIONALE 2026 M. BIR\u017dELIO 13 D. |&nbsp;  TEATRO NAZIONALE 2026 M. BIR\u017dELIO 13 D. |&nbsp;  TEATRO NAZIONALE 2026 M. BIR\u017dELIO 13 D. |&nbsp;  TEATRO NAZIONALE 2026 M. BIR\u017dELIO 13 D. |&nbsp;<\/p>\n<\/section>\n<section>\n            <h2>Lyderyst\u0117s  <br \/> pripa\u017einimas <br \/> Italijoje<\/h2>\n            <p>2026 m. <br \/>bir\u017eelio 12 d.<\/p>\n        <p>Ruo\u0161damiesi MONAT Europe Together renginui Milane, nekantraujame apdovanoti labiausiai atsidavusius ir nuosekliausius rezultatus demonstravusius lyderius MONAT patirtimi&nbsp;Italijoje.<\/p> \n        <img decoding=\"async\" src=\"https:\/\/monatglobal.com\/uk\/wp-content\/uploads\/sites\/6\/2026\/04\/uniquely-Italian-celebration-of-leadership.jpg\" alt=\"Woman in a light floral dress standing barefoot on a stone edge, looking out over a calm turquoise lake with a historic stone bridge and lush greenery in the background.\"\/>\n            <p>\u0160i i\u0161skirtin\u0117, tik kviestiniams sve\u010diams suteikiama patirtis vyks prie Komo e\u017eero. \u010cia susirink\u0119 lyderiai \u0161v\u0119s savo pasiekimus, augim\u0105 ir su MONAT kuriamus verslus.<\/p>\n            \n                <img decoding=\"async\" src=\"https:\/\/monatglobal.com\/wp-content\/uploads\/2026\/03\/we-are-modern-nature-drop-logo-eu-together.svg\" alt=\"MONAT EUROPE TOGETHET EVENT MILAN LOGO\"\/>\n            \u0160i\u0105 patirt\u012f u\u017esitarnavusi\u0173 \u017emoni\u0173 laukia i\u0161skirtin\u0117s, stilingos ir nepamir\u0161tamos akimirkos. \n            <h2>Vadovaukite, <br \/>vedami vizijos. <br \/> Dirbkite nuosekliai. <br \/> Patirkite Italij\u0105.<\/h2>\n            <a href=\"https:\/\/monatglobal.com\/lt\/wp-content\/uploads\/sites\/11\/2026\/04\/LT_Exclusive-Italian-Experience-Incentive-FAQs_032726_v3.pdf\" target=\"_blank\">SU\u017dINOTI DAUGIAU<\/a>\n<\/section>\n\n","protected":false},"excerpt":{"rendered":"<p>MILANAS, Italija Teatro Nazionale 2026 m. bir\u017eelio 13 d. DIENOS VALANDOS MINUT\u0116S SEKUND\u0116S REGISTRUTOTIS Kvie\u010diame prisijungti prie MONAT \u0161eimos i\u0161 visos Europos gra\u017eiajame Milano mieste \u012fvyksian\u010diame MONAT Europe Together renginyje. \u010cia \u0161v\u0119sime \u012fkv\u0117pim\u0105, pripa\u017einim\u0105 ir akimirkas, kurios skatina jud\u0117ti pirmyn ir apjungia mus \u012f bendruomen\u0119. REGISTRUTOTIS 2026 m. bir\u017eelio 13 d. \u012ePRASTOS KAINOS BILIETAI \u012e&hellip;<\/p>\n","protected":false},"author":47,"featured_media":109316,"parent":0,"menu_order":0,"comment_status":"closed","ping_status":"closed","template":"","meta":{"inline_featured_image":false,"om_disable_all_campaigns":false,"_monsterinsights_skip_tracking":false,"_monsterinsights_sitenote_active":false,"_monsterinsights_sitenote_note":"","_monsterinsights_sitenote_category":0,"footnotes":""},"categories":[],"tags":[],"class_list":["post-109315","page","type-page","status-publish","has-post-thumbnail","hentry"],"aioseo_notices":[],"aioseo_head":"\n\t\t<!-- All in One SEO Pro 4.9.6 - aioseo.com -->\n\t<meta name=\"description\" content=\"MILANAS, Italija Teatro Nazionale 2026 m. bir\u017eelio 13 d. DIENOS VALANDOS MINUT\u0116S SEKUND\u0116S REGISTRUTOTIS Kvie\u010diame prisijungti prie MONAT \u0161eimos i\u0161 visos Europos gra\u017eiajame Milano mieste \u012fvyksian\u010diame MONAT Europe Together renginyje. \u010cia \u0161v\u0119sime \u012fkv\u0117pim\u0105, pripa\u017einim\u0105 ir akimirkas, kurios skatina jud\u0117ti pirmyn ir apjungia mus \u012f bendruomen\u0119. REGISTRUTOTIS 2026 m. bir\u017eelio 13 d. \u012ePRASTOS KAINOS BILIETAI \u012e\" \/>\n\t<meta name=\"robots\" content=\"max-image-preview:large\" \/>\n\t<link rel=\"canonical\" href=\"https:\/\/monatglobal.com\/lt\/europetogether2026\/\" \/>\n\t<meta name=\"generator\" content=\"All in One SEO Pro (AIOSEO) 4.9.6\" \/>\n\t\t<meta property=\"og:locale\" content=\"lt_LT\" \/>\n\t\t<meta property=\"og:site_name\" content=\"MONAT Lithuania -\" \/>\n\t\t<meta property=\"og:type\" content=\"website\" \/>\n\t\t<meta property=\"og:title\" content=\"MILANAS, ITALIA | Teatro Nazionale | 2026 m. bir\u017eelio 13 d. - MONAT Lithuania\" \/>\n\t\t<meta property=\"og:description\" content=\"MILANAS, Italija Teatro Nazionale 2026 m. bir\u017eelio 13 d. DIENOS VALANDOS MINUT\u0116S SEKUND\u0116S REGISTRUTOTIS Kvie\u010diame prisijungti prie MONAT \u0161eimos i\u0161 visos Europos gra\u017eiajame Milano mieste \u012fvyksian\u010diame MONAT Europe Together renginyje. \u010cia \u0161v\u0119sime \u012fkv\u0117pim\u0105, pripa\u017einim\u0105 ir akimirkas, kurios skatina jud\u0117ti pirmyn ir apjungia mus \u012f bendruomen\u0119. REGISTRUTOTIS 2026 m. bir\u017eelio 13 d. \u012ePRASTOS KAINOS BILIETAI \u012e\" \/>\n\t\t<meta property=\"og:url\" content=\"https:\/\/monatglobal.com\/lt\/europetogether2026\/\" \/>\n\t\t<meta name=\"twitter:card\" content=\"summary_large_image\" \/>\n\t\t<meta name=\"twitter:title\" content=\"MILANAS, ITALIA | Teatro Nazionale | 2026 m. bir\u017eelio 13 d. - MONAT Lithuania\" \/>\n\t\t<meta name=\"twitter:description\" content=\"MILANAS, Italija Teatro Nazionale 2026 m. bir\u017eelio 13 d. DIENOS VALANDOS MINUT\u0116S SEKUND\u0116S REGISTRUTOTIS Kvie\u010diame prisijungti prie MONAT \u0161eimos i\u0161 visos Europos gra\u017eiajame Milano mieste \u012fvyksian\u010diame MONAT Europe Together renginyje. \u010cia \u0161v\u0119sime \u012fkv\u0117pim\u0105, pripa\u017einim\u0105 ir akimirkas, kurios skatina jud\u0117ti pirmyn ir apjungia mus \u012f bendruomen\u0119. REGISTRUTOTIS 2026 m. bir\u017eelio 13 d. \u012ePRASTOS KAINOS BILIETAI \u012e\" \/>\n\t\t<script type=\"application\/ld+json\" class=\"aioseo-schema\">\n\t\t\t{\"@context\":\"https:\\\/\\\/schema.org\",\"@graph\":[{\"@type\":\"BreadcrumbList\",\"@id\":\"https:\\\/\\\/monatglobal.com\\\/lt\\\/europetogether2026\\\/#breadcrumblist\",\"itemListElement\":[{\"@type\":\"ListItem\",\"@id\":\"https:\\\/\\\/monatglobal.com\\\/lt#listItem\",\"position\":1,\"name\":\"Home\",\"item\":\"https:\\\/\\\/monatglobal.com\\\/lt\",\"nextItem\":{\"@type\":\"ListItem\",\"@id\":\"https:\\\/\\\/monatglobal.com\\\/lt\\\/europetogether2026\\\/#listItem\",\"name\":\"MILANAS, ITALIA | Teatro Nazionale\\u00a0| 2026 m. bir\\u017eelio 13 d.\"}},{\"@type\":\"ListItem\",\"@id\":\"https:\\\/\\\/monatglobal.com\\\/lt\\\/europetogether2026\\\/#listItem\",\"position\":2,\"name\":\"MILANAS, ITALIA | Teatro Nazionale\\u00a0| 2026 m. bir\\u017eelio 13 d.\",\"previousItem\":{\"@type\":\"ListItem\",\"@id\":\"https:\\\/\\\/monatglobal.com\\\/lt#listItem\",\"name\":\"Home\"}}]},{\"@type\":\"Organization\",\"@id\":\"https:\\\/\\\/monatglobal.com\\\/lt\\\/#organization\",\"name\":\"MONAT Lithuania\",\"url\":\"https:\\\/\\\/monatglobal.com\\\/lt\\\/\"},{\"@type\":\"WebPage\",\"@id\":\"https:\\\/\\\/monatglobal.com\\\/lt\\\/europetogether2026\\\/#webpage\",\"url\":\"https:\\\/\\\/monatglobal.com\\\/lt\\\/europetogether2026\\\/\",\"name\":\"MILANAS, ITALIA | Teatro Nazionale | 2026 m. bir\\u017eelio 13 d. - MONAT Lithuania\",\"description\":\"MILANAS, Italija Teatro Nazionale 2026 m. bir\\u017eelio 13 d. DIENOS VALANDOS MINUT\\u0116S SEKUND\\u0116S REGISTRUTOTIS Kvie\\u010diame prisijungti prie MONAT \\u0161eimos i\\u0161 visos Europos gra\\u017eiajame Milano mieste \\u012fvyksian\\u010diame MONAT Europe Together renginyje. \\u010cia \\u0161v\\u0119sime \\u012fkv\\u0117pim\\u0105, pripa\\u017einim\\u0105 ir akimirkas, kurios skatina jud\\u0117ti pirmyn ir apjungia mus \\u012f bendruomen\\u0119. REGISTRUTOTIS 2026 m. bir\\u017eelio 13 d. \\u012ePRASTOS KAINOS BILIETAI \\u012e\",\"inLanguage\":\"lt-LT\",\"isPartOf\":{\"@id\":\"https:\\\/\\\/monatglobal.com\\\/lt\\\/#website\"},\"breadcrumb\":{\"@id\":\"https:\\\/\\\/monatglobal.com\\\/lt\\\/europetogether2026\\\/#breadcrumblist\"},\"image\":{\"@type\":\"ImageObject\",\"url\":\"https:\\\/\\\/monatglobal.com\\\/lt\\\/wp-content\\\/uploads\\\/sites\\\/11\\\/2026\\\/03\\\/EuropeTogether2026_featured-image-eu.jpg\",\"@id\":\"https:\\\/\\\/monatglobal.com\\\/lt\\\/europetogether2026\\\/#mainImage\",\"width\":1200,\"height\":628},\"primaryImageOfPage\":{\"@id\":\"https:\\\/\\\/monatglobal.com\\\/lt\\\/europetogether2026\\\/#mainImage\"},\"datePublished\":\"2026-03-26T21:15:11+00:00\",\"dateModified\":\"2026-04-13T21:06:41+01:00\"},{\"@type\":\"WebSite\",\"@id\":\"https:\\\/\\\/monatglobal.com\\\/lt\\\/#website\",\"url\":\"https:\\\/\\\/monatglobal.com\\\/lt\\\/\",\"name\":\"MONAT Lithuania\",\"inLanguage\":\"lt-LT\",\"publisher\":{\"@id\":\"https:\\\/\\\/monatglobal.com\\\/lt\\\/#organization\"}}]}\n\t\t<\/script>\n\t\t<!-- All in One SEO Pro -->\r\n\t\t<title>MILANAS, ITALIA | Teatro Nazionale | 2026 m. bir\u017eelio 13 d. - MONAT Lithuania<\/title>\n\n","aioseo_head_json":{"title":"MILANAS, ITALIA | Teatro Nazionale | 2026 m. bir\u017eelio 13 d. - MONAT Lithuania","description":"MILANAS, Italija Teatro Nazionale 2026 m. bir\u017eelio 13 d. DIENOS VALANDOS MINUT\u0116S SEKUND\u0116S REGISTRUTOTIS Kvie\u010diame prisijungti prie MONAT \u0161eimos i\u0161 visos Europos gra\u017eiajame Milano mieste \u012fvyksian\u010diame MONAT Europe Together renginyje. \u010cia \u0161v\u0119sime \u012fkv\u0117pim\u0105, pripa\u017einim\u0105 ir akimirkas, kurios skatina jud\u0117ti pirmyn ir apjungia mus \u012f bendruomen\u0119. REGISTRUTOTIS 2026 m. bir\u017eelio 13 d. \u012ePRASTOS KAINOS BILIETAI \u012e","canonical_url":"https:\/\/monatglobal.com\/lt\/europetogether2026\/","robots":"max-image-preview:large","keywords":"","webmasterTools":{"miscellaneous":""},"schema":{"@context":"https:\/\/schema.org","@graph":[{"@type":"BreadcrumbList","@id":"https:\/\/monatglobal.com\/lt\/europetogether2026\/#breadcrumblist","itemListElement":[{"@type":"ListItem","@id":"https:\/\/monatglobal.com\/lt#listItem","position":1,"name":"Home","item":"https:\/\/monatglobal.com\/lt","nextItem":{"@type":"ListItem","@id":"https:\/\/monatglobal.com\/lt\/europetogether2026\/#listItem","name":"MILANAS, ITALIA | Teatro Nazionale\u00a0| 2026 m. bir\u017eelio 13 d."}},{"@type":"ListItem","@id":"https:\/\/monatglobal.com\/lt\/europetogether2026\/#listItem","position":2,"name":"MILANAS, ITALIA | Teatro Nazionale\u00a0| 2026 m. bir\u017eelio 13 d.","previousItem":{"@type":"ListItem","@id":"https:\/\/monatglobal.com\/lt#listItem","name":"Home"}}]},{"@type":"Organization","@id":"https:\/\/monatglobal.com\/lt\/#organization","name":"MONAT Lithuania","url":"https:\/\/monatglobal.com\/lt\/"},{"@type":"WebPage","@id":"https:\/\/monatglobal.com\/lt\/europetogether2026\/#webpage","url":"https:\/\/monatglobal.com\/lt\/europetogether2026\/","name":"MILANAS, ITALIA | Teatro Nazionale | 2026 m. bir\u017eelio 13 d. - MONAT Lithuania","description":"MILANAS, Italija Teatro Nazionale 2026 m. bir\u017eelio 13 d. DIENOS VALANDOS MINUT\u0116S SEKUND\u0116S REGISTRUTOTIS Kvie\u010diame prisijungti prie MONAT \u0161eimos i\u0161 visos Europos gra\u017eiajame Milano mieste \u012fvyksian\u010diame MONAT Europe Together renginyje. \u010cia \u0161v\u0119sime \u012fkv\u0117pim\u0105, pripa\u017einim\u0105 ir akimirkas, kurios skatina jud\u0117ti pirmyn ir apjungia mus \u012f bendruomen\u0119. REGISTRUTOTIS 2026 m. bir\u017eelio 13 d. \u012ePRASTOS KAINOS BILIETAI \u012e","inLanguage":"lt-LT","isPartOf":{"@id":"https:\/\/monatglobal.com\/lt\/#website"},"breadcrumb":{"@id":"https:\/\/monatglobal.com\/lt\/europetogether2026\/#breadcrumblist"},"image":{"@type":"ImageObject","url":"https:\/\/monatglobal.com\/lt\/wp-content\/uploads\/sites\/11\/2026\/03\/EuropeTogether2026_featured-image-eu.jpg","@id":"https:\/\/monatglobal.com\/lt\/europetogether2026\/#mainImage","width":1200,"height":628},"primaryImageOfPage":{"@id":"https:\/\/monatglobal.com\/lt\/europetogether2026\/#mainImage"},"datePublished":"2026-03-26T21:15:11+00:00","dateModified":"2026-04-13T21:06:41+01:00"},{"@type":"WebSite","@id":"https:\/\/monatglobal.com\/lt\/#website","url":"https:\/\/monatglobal.com\/lt\/","name":"MONAT Lithuania","inLanguage":"lt-LT","publisher":{"@id":"https:\/\/monatglobal.com\/lt\/#organization"}}]},"og:locale":"lt_LT","og:site_name":"MONAT Lithuania -","og:type":"website","og:title":"MILANAS, ITALIA | Teatro Nazionale | 2026 m. bir\u017eelio 13 d. - MONAT Lithuania","og:description":"MILANAS, Italija Teatro Nazionale 2026 m. bir\u017eelio 13 d. DIENOS VALANDOS MINUT\u0116S SEKUND\u0116S REGISTRUTOTIS Kvie\u010diame prisijungti prie MONAT \u0161eimos i\u0161 visos Europos gra\u017eiajame Milano mieste \u012fvyksian\u010diame MONAT Europe Together renginyje. \u010cia \u0161v\u0119sime \u012fkv\u0117pim\u0105, pripa\u017einim\u0105 ir akimirkas, kurios skatina jud\u0117ti pirmyn ir apjungia mus \u012f bendruomen\u0119. REGISTRUTOTIS 2026 m. bir\u017eelio 13 d. \u012ePRASTOS KAINOS BILIETAI \u012e","og:url":"https:\/\/monatglobal.com\/lt\/europetogether2026\/","twitter:card":"summary_large_image","twitter:title":"MILANAS, ITALIA | Teatro Nazionale | 2026 m. bir\u017eelio 13 d. - MONAT Lithuania","twitter:description":"MILANAS, Italija Teatro Nazionale 2026 m. bir\u017eelio 13 d. DIENOS VALANDOS MINUT\u0116S SEKUND\u0116S REGISTRUTOTIS Kvie\u010diame prisijungti prie MONAT \u0161eimos i\u0161 visos Europos gra\u017eiajame Milano mieste \u012fvyksian\u010diame MONAT Europe Together renginyje. \u010cia \u0161v\u0119sime \u012fkv\u0117pim\u0105, pripa\u017einim\u0105 ir akimirkas, kurios skatina jud\u0117ti pirmyn ir apjungia mus \u012f bendruomen\u0119. REGISTRUTOTIS 2026 m. bir\u017eelio 13 d. \u012ePRASTOS KAINOS BILIETAI \u012e"},"aioseo_meta_data":{"post_id":"109315","title":null,"description":null,"keywords":null,"keyphrases":{"focus":{"keyphrase":"","score":0,"analysis":{"keyphraseInTitle":{"score":0,"maxScore":9,"error":1}}},"additional":[]},"primary_term":null,"canonical_url":null,"og_title":null,"og_description":null,"og_object_type":"website","og_image_type":"default","og_image_url":null,"og_image_width":null,"og_image_height":null,"og_image_custom_url":null,"og_image_custom_fields":null,"og_video":"","og_custom_url":null,"og_article_section":null,"og_article_tags":null,"twitter_use_og":false,"twitter_card":"default","twitter_image_type":"default","twitter_image_url":null,"twitter_image_custom_url":null,"twitter_image_custom_fields":null,"twitter_title":null,"twitter_description":null,"schema":{"blockGraphs":[],"customGraphs":[],"default":{"data":{"Article":[],"Course":[],"Dataset":[],"FAQPage":[],"Movie":[],"Person":[],"Product":[],"ProductReview":[],"Car":[],"Recipe":[],"Service":[],"SoftwareApplication":[],"WebPage":[]},"graphName":"WebPage","isEnabled":true},"graphs":[]},"schema_type":"default","schema_type_options":null,"pillar_content":false,"robots_default":true,"robots_noindex":false,"robots_noarchive":false,"robots_nosnippet":false,"robots_nofollow":false,"robots_noimageindex":false,"robots_noodp":false,"robots_notranslate":false,"robots_max_snippet":"-1","robots_max_videopreview":"-1","robots_max_imagepreview":"large","priority":null,"frequency":"default","local_seo":null,"seo_analyzer_scan_date":"2026-04-14 14:54:29","breadcrumb_settings":null,"limit_modified_date":false,"reviewed_by":"0","open_ai":null,"ai":{"faqs":[],"keyPoints":[],"titles":[],"descriptions":[],"socialPosts":{"email":[],"linkedin":[],"twitter":[],"facebook":[],"instagram":[]}},"created":"2026-03-26 20:02:35","updated":"2026-04-14 14:56:13"},"aioseo_breadcrumb":"<div class=\"aioseo-breadcrumbs\"><span class=\"aioseo-breadcrumb\">\n\t<a href=\"https:\/\/monatglobal.com\/lt\" title=\"Home\">Home<\/a>\n<\/span><span class=\"aioseo-breadcrumb-separator\">&raquo;<\/span><span class=\"aioseo-breadcrumb\">\n\tMILANAS, ITALIA | Teatro Nazionale | 2026 m. bir\u017eelio 13 d.\n<\/span><\/div>","aioseo_breadcrumb_json":[{"label":"Home","link":"https:\/\/monatglobal.com\/lt"},{"label":"MILANAS, ITALIA | Teatro Nazionale\u00a0| 2026 m. bir\u017eelio 13 d.","link":"https:\/\/monatglobal.com\/lt\/europetogether2026\/"}],"_links":{"self":[{"href":"https:\/\/monatglobal.com\/lt\/wp-json\/wp\/v2\/pages\/109315","targetHints":{"allow":["GET"]}}],"collection":[{"href":"https:\/\/monatglobal.com\/lt\/wp-json\/wp\/v2\/pages"}],"about":[{"href":"https:\/\/monatglobal.com\/lt\/wp-json\/wp\/v2\/types\/page"}],"author":[{"embeddable":true,"href":"https:\/\/monatglobal.com\/lt\/wp-json\/wp\/v2\/users\/47"}],"replies":[{"embeddable":true,"href":"https:\/\/monatglobal.com\/lt\/wp-json\/wp\/v2\/comments?post=109315"}],"version-history":[{"count":6,"href":"https:\/\/monatglobal.com\/lt\/wp-json\/wp\/v2\/pages\/109315\/revisions"}],"predecessor-version":[{"id":109352,"href":"https:\/\/monatglobal.com\/lt\/wp-json\/wp\/v2\/pages\/109315\/revisions\/109352"}],"wp:featuredmedia":[{"embeddable":true,"href":"https:\/\/monatglobal.com\/lt\/wp-json\/wp\/v2\/media\/109316"}],"wp:attachment":[{"href":"https:\/\/monatglobal.com\/lt\/wp-json\/wp\/v2\/media?parent=109315"}],"wp:term":[{"taxonomy":"category","embeddable":true,"href":"https:\/\/monatglobal.com\/lt\/wp-json\/wp\/v2\/categories?post=109315"},{"taxonomy":"post_tag","embeddable":true,"href":"https:\/\/monatglobal.com\/lt\/wp-json\/wp\/v2\/tags?post=109315"}],"curies":[{"name":"wp","href":"https:\/\/api.w.org\/{rel}","templated":true}]}}