{"id":108514,"date":"2025-10-01T15:55:57","date_gmt":"2025-10-01T14:55:57","guid":{"rendered":"https:\/\/monatglobal.com\/lt\/?page_id=108514"},"modified":"2025-10-11T16:59:12","modified_gmt":"2025-10-11T15:59:12","slug":"monat-stylist-program","status":"publish","type":"page","link":"https:\/\/monatglobal.com\/lt\/monat-stylist-program\/","title":{"rendered":"MONAT stilist\u0173 programa | Auginkite savo meistri\u0161kum\u0105 u\u017e k\u0117d\u0117s rib\u0173"},"content":{"rendered":"\n<style>\n    :root {\n        --primary-color: #F8F4EE;\n    }\n<\/style> \n    <!--<img decoding=\"async\" src=\"https:\/\/monatglobal.com\/wp-content\/uploads\/2025\/09\/main-banner-stylist-program-min.jpg\"\/> -->\n    <!--<br \/>-->\n    <!--<br \/>-->\n    <!--<br \/>-->\n    <!--<br \/>-->\n    <section> \n        <img decoding=\"async\" src=\"https:\/\/monatglobal.com\/wp-content\/uploads\/2025\/09\/stylist-program-banner-moble-2025-min.png\" alt=\"Smiling blonde woman with long hair touching her face with one hand, overlaid with text 'Introducing the Stylist Program\">\n        <img decoding=\"async\" src=\"https:\/\/monatglobal.com\/wp-content\/uploads\/2025\/09\/stylist-program-banner-deskop-2025-colse-up-min.png\" alt=\"Smiling blonde woman with long hair touching her face with one hand, overlaid with text 'Introducing the Stylist Program\">\n               <p>PRISTATOME <\/p>\n               <img decoding=\"async\" src=\"https:\/\/monatglobal.com\/lt\/wp-content\/uploads\/sites\/11\/2025\/10\/stylist-programme-LT-LOGO.svg\" alt=\"MONAT logo\">\n    <\/section>\n    <section id=\"post_banner\">\n        <p>\u0160i novatori\u0161ka horizontus atverianti programa ne tik suteikia gro\u017eio srities specialistams galimyb\u0119 \u012fsigyti salonui kurt\u0173 produkt\u0173, bet ir sudaro s\u0105lygas tobulinti meistri\u0161kum\u0105, didinti pajamas ir kurti tok\u012f versl\u0105, kuris toli gra\u017eu neapsiriboja vien k\u0117de!<\/p>\n        <a href=\"https:\/\/mymonat.com\/pyr_core\/v2_enrollments\/select_market?sponsor_id=&amp;enroll_params=profile_form_type%3Dexpress&amp;market=lt&amp;lang_code=lt\" target=\"_blank\" rel=\"noopener\">PRISIJUNKITE DABAR<\/a> \n            <img decoding=\"async\" src=\"https:\/\/monatglobal.com\/wp-content\/uploads\/2025\/09\/Group-of-saloon-pictures-min.png\" alt=\"Three black and white photos showing different women: one with long wavy hair, another in a light-colored top smiling and touching her hair, and a third in dark clothing with her hand holding a pair of scissors\">\n    <\/section>\n    <section id=\"youCan_sec\">\n        <h2>MONAT stilisto programa <br>suteikia jums galimyb\u0119:<\/h2>\n                1\n                <p>I\u0161pl\u0117sti savo versl\u0105,  si\u016blant klientams namuose naudoti profesionalams sukurtus sprendimus.<\/p>\n                2\n                <p>I\u0161bandyti verslo model\u012f,  \u012fgalinant\u012f didinti pasyvias pajamas ir tur\u0117ti daugiau laisvo laiko.<\/p>\n                3\n                <p>Susikurti vard\u0105,*  kuris neapsiriboja tik tuo, k\u0105 sukuriate k\u0117d\u0117je. Tai palie\u010dia j\u016bs\u0173 ateit\u012f, \u0161eim\u0105 ir bendruomen\u0119.<\/p>\n        <a href=\"https:\/\/mymonat.com\/pyr_core\/v2_enrollments\/select_market?sponsor_id=&amp;enroll_params=profile_form_type%3Dexpress&amp;market=lt&amp;lang_code=lt\" target=\"_blank\" rel=\"noopener\">PRISIJUNKITE DABAR<\/a>\n            <img decoding=\"async\" src=\"https:\/\/monatglobal.com\/wp-content\/uploads\/2025\/09\/saloon-size_stylist-program_2025-min.png\" alt=\"Row of MONAT hair care products saloon size including shampoos, conditioners in dark blue and purple bottles arranged in a line\">\n    <\/section>\n    <section id=\"backed_sec\">\n         <h2>Paremta mokslu ir prabanga<\/h2>\n             <img decoding=\"async\" src=\"https:\/\/monatglobal.com\/wp-content\/uploads\/2025\/03\/BIOTECH-DERIVED-FORMULATIONS-min.jpg\" alt=\"Oil with bubbles in a petri dish and dropper.\">\n                 <p>Pagerinkite teikiam\u0173 paslaug\u0173 kokyb\u0119 naudodami MONAT salonams sukurtas ir klini\u0161kai patvirtintas priemones, kurios stiprina, dr\u0117kina ir transformuoja plaukus i\u0161 vidaus. <\/p>\n                              <!--<img decoding=\"async\" src=\"https:\/\/monatglobal.com\/wp-content\/uploads\/2025\/03\/BIOTECH-DERIVED-FORMULATIONS-min.jpg\" alt=\"Oil with bubbles in a petri dish and dropper.\"\/>-->\n                     <p>Prisiregistrav\u0119 ir pra\u0117j\u0119 patikr\u0105 gal\u0117site \u012fsigyti salonui kurtus produktus ir m\u016bs\u0173 stilisto rinkin\u012f.<\/p>\n                     <img decoding=\"async\" src=\"https:\/\/monatglobal.com\/wp-content\/uploads\/2025\/09\/stylist-kit-picure-2025-min.png\" alt=\"MONAT Stylist Kit\">\n         <a href=\"https:\/\/mymonat.com\/pyr_core\/v2_enrollments\/select_market?sponsor_id=&amp;enroll_params=profile_form_type%3Dexpress&amp;market=lt&amp;lang_code=lt\" target=\"_blank\" rel=\"noopener\">PRISIJUNKITE DABAR<\/a> \n    <\/section>\n    <section id=\"movement_sec\">\n        <h2>Tapkite jud\u0117jimo, naujai <br> apibr\u0117\u017eian\u010dio gro\u017eio srities <br> specialist\u0173 galimybes, dalimi<\/h2>\n            <p>Prisiregistrav\u0119 tapsite i\u0161skirtin\u0117s, pirmosios tokio tipo bendruomen\u0117s, kuri\u0105 sudaro \u012f ateit\u012f \u017evelgiantys stilistai, perkurian\u010dios s\u0117km\u0117s samprat\u0105 gro\u017eio srityje, dalimi. \u010cia apsijungia bendradarbiavimas, inovacijos ir tikrai ne vien k\u0117d\u0117je u\u017edirbamos pajamos.<\/p>\n            <img decoding=\"async\" src=\"https:\/\/monatglobal.com\/wp-content\/uploads\/2025\/09\/beauty-profesionals-min.jpg\" loading=\"Black and white photo of a smiling woman with shoulder-length hair in what appears to be a salon or professional setting\">\n    <\/section>\n    <section id=\"pre-footer\">\n        <h2>Pasiruo\u0161\u0119 prad\u0117ti?<\/h2>\n        <a href=\"https:\/\/mymonat.com\/pyr_core\/v2_enrollments\/select_market?sponsor_id=&amp;enroll_params=profile_form_type%3Dexpress&amp;market=lt&amp;lang_code=lt\" target=\"_blank\" rel=\"noopener\">PRISIJUNKITE DABAR<\/a> \n        <a href=\"https:\/\/mymonat.com\/uploads\/global\/Stylist%20Program%20EU\/LT_MONAT%20Stylist%20Program%20FAQs_092525_v2.pdf\" target=\"_blank\" rel=\"noopener\">DUK<\/a>\n        <!-- <a href=\"https:\/\/monatglobal.com\/lt\/policies-procedures\/\">See Income Disclosure Statement for details.<\/a>-->\n        <p>* Pajamos n\u0117ra garantuojamos visiems. Asmeniniai rezultatai gali skirtis priklausomai nuo pastang\u0173, atsidavimo ir kit\u0173 veiksni\u0173. N\u0117ra garantuot\u0173 rezultat\u0173, ta\u010diau tiems, kurie sunkiai dirba ir i\u0161lieka atsidav\u0119, potencialus atlygis gali b\u016bti ne\u012ftik\u0117tinas. Daugiau informacijos rasite MONAT informacijos apie pajamas prane\u0161ime: (<a href=\"https:\/\/monatglobal.com\/lt\/policies-procedures\/\">https:\/\/monatglobal.com\/lt\/policies-procedures\/<\/a>)<\/p>\n    <\/section>\n","protected":false},"excerpt":{"rendered":"<p>PRISTATOME \u0160i novatori\u0161ka horizontus atverianti programa ne tik suteikia gro\u017eio srities specialistams galimyb\u0119 \u012fsigyti salonui kurt\u0173 produkt\u0173, bet ir sudaro s\u0105lygas tobulinti meistri\u0161kum\u0105, didinti pajamas ir kurti tok\u012f versl\u0105, kuris toli gra\u017eu neapsiriboja vien k\u0117de! PRISIJUNKITE DABAR MONAT stilisto programa suteikia jums galimyb\u0119: 1 I\u0161pl\u0117sti savo versl\u0105, si\u016blant klientams namuose naudoti profesionalams sukurtus sprendimus. 2&hellip;<\/p>\n","protected":false},"author":47,"featured_media":108570,"parent":0,"menu_order":0,"comment_status":"closed","ping_status":"closed","template":"","meta":{"inline_featured_image":false,"om_disable_all_campaigns":false,"_monsterinsights_skip_tracking":false,"_monsterinsights_sitenote_active":false,"_monsterinsights_sitenote_note":"","_monsterinsights_sitenote_category":0,"footnotes":""},"categories":[],"tags":[],"class_list":["post-108514","page","type-page","status-publish","has-post-thumbnail","hentry"],"aioseo_notices":[],"aioseo_head":"\n\t\t<!-- All in One SEO Pro 4.9.5.2 - aioseo.com -->\n\t<meta name=\"description\" content=\"--&gt; Prisiregistrav\u0119 ir pra\u0117j\u0119 patikr\u0105 gal\u0117site \u012fsigyti salonui kurtus produktus ir m\u016bs\u0173 stilisto rinkin\u012f. PRISIJUNKITE DABAR Tapkite jud\u0117jimo, naujai apibr\u0117\u017eian\u010dio gro\u017eio srities specialist\u0173 galimybes, dalimi Prisiregistrav\u0119 tapsite i\u0161skirtin\u0117s, pirmosios tokio tipo bendruomen\u0117s, kuri\u0105 sudaro \u012f ateit\u012f \u017evelgiantys stilistai, perkurian\u010dios s\u0117km\u0117s samprat\u0105 gro\u017eio srityje, dalimi. \u010cia apsijungia bendradarbiavimas, inovacijos ir tikrai ne vien k\u0117d\u0117je u\u017edirbamos pajamos.\" \/>\n\t<meta name=\"robots\" content=\"max-image-preview:large\" \/>\n\t<link rel=\"canonical\" href=\"https:\/\/monatglobal.com\/lt\/monat-stylist-program\/\" \/>\n\t<meta name=\"generator\" content=\"All in One SEO Pro (AIOSEO) 4.9.5.2\" \/>\n\t\t<meta property=\"og:locale\" content=\"lt_LT\" \/>\n\t\t<meta property=\"og:site_name\" content=\"MONAT Lithuania -\" \/>\n\t\t<meta property=\"og:type\" content=\"article\" \/>\n\t\t<meta property=\"og:title\" content=\"MONAT stilist\u0173 programa | Auginkite savo meistri\u0161kum\u0105 u\u017e k\u0117d\u0117s rib\u0173 - MONAT Lithuania\" \/>\n\t\t<meta property=\"og:description\" content=\"--&gt; Prisiregistrav\u0119 ir pra\u0117j\u0119 patikr\u0105 gal\u0117site \u012fsigyti salonui kurtus produktus ir m\u016bs\u0173 stilisto rinkin\u012f. PRISIJUNKITE DABAR Tapkite jud\u0117jimo, naujai apibr\u0117\u017eian\u010dio gro\u017eio srities specialist\u0173 galimybes, dalimi Prisiregistrav\u0119 tapsite i\u0161skirtin\u0117s, pirmosios tokio tipo bendruomen\u0117s, kuri\u0105 sudaro \u012f ateit\u012f \u017evelgiantys stilistai, perkurian\u010dios s\u0117km\u0117s samprat\u0105 gro\u017eio srityje, dalimi. \u010cia apsijungia bendradarbiavimas, inovacijos ir tikrai ne vien k\u0117d\u0117je u\u017edirbamos pajamos.\" \/>\n\t\t<meta property=\"og:url\" content=\"https:\/\/monatglobal.com\/lt\/monat-stylist-program\/\" \/>\n\t\t<meta property=\"article:published_time\" content=\"2025-10-01T14:55:57+00:00\" \/>\n\t\t<meta property=\"article:modified_time\" content=\"2025-10-11T15:59:12+00:00\" \/>\n\t\t<meta name=\"twitter:card\" content=\"summary_large_image\" \/>\n\t\t<meta name=\"twitter:title\" content=\"MONAT stilist\u0173 programa | Auginkite savo meistri\u0161kum\u0105 u\u017e k\u0117d\u0117s rib\u0173 - MONAT Lithuania\" \/>\n\t\t<meta name=\"twitter:description\" content=\"--&gt; Prisiregistrav\u0119 ir pra\u0117j\u0119 patikr\u0105 gal\u0117site \u012fsigyti salonui kurtus produktus ir m\u016bs\u0173 stilisto rinkin\u012f. PRISIJUNKITE DABAR Tapkite jud\u0117jimo, naujai apibr\u0117\u017eian\u010dio gro\u017eio srities specialist\u0173 galimybes, dalimi Prisiregistrav\u0119 tapsite i\u0161skirtin\u0117s, pirmosios tokio tipo bendruomen\u0117s, kuri\u0105 sudaro \u012f ateit\u012f \u017evelgiantys stilistai, perkurian\u010dios s\u0117km\u0117s samprat\u0105 gro\u017eio srityje, dalimi. \u010cia apsijungia bendradarbiavimas, inovacijos ir tikrai ne vien k\u0117d\u0117je u\u017edirbamos pajamos.\" \/>\n\t\t<script type=\"application\/ld+json\" class=\"aioseo-schema\">\n\t\t\t{\"@context\":\"https:\\\/\\\/schema.org\",\"@graph\":[{\"@type\":\"BreadcrumbList\",\"@id\":\"https:\\\/\\\/monatglobal.com\\\/lt\\\/monat-stylist-program\\\/#breadcrumblist\",\"itemListElement\":[{\"@type\":\"ListItem\",\"@id\":\"https:\\\/\\\/monatglobal.com\\\/lt#listItem\",\"position\":1,\"name\":\"Home\",\"item\":\"https:\\\/\\\/monatglobal.com\\\/lt\",\"nextItem\":{\"@type\":\"ListItem\",\"@id\":\"https:\\\/\\\/monatglobal.com\\\/lt\\\/monat-stylist-program\\\/#listItem\",\"name\":\"MONAT stilist\\u0173 programa | Auginkite savo meistri\\u0161kum\\u0105 u\\u017e k\\u0117d\\u0117s rib\\u0173\"}},{\"@type\":\"ListItem\",\"@id\":\"https:\\\/\\\/monatglobal.com\\\/lt\\\/monat-stylist-program\\\/#listItem\",\"position\":2,\"name\":\"MONAT stilist\\u0173 programa | Auginkite savo meistri\\u0161kum\\u0105 u\\u017e k\\u0117d\\u0117s rib\\u0173\",\"previousItem\":{\"@type\":\"ListItem\",\"@id\":\"https:\\\/\\\/monatglobal.com\\\/lt#listItem\",\"name\":\"Home\"}}]},{\"@type\":\"Organization\",\"@id\":\"https:\\\/\\\/monatglobal.com\\\/lt\\\/#organization\",\"name\":\"MONAT Lithuania\",\"url\":\"https:\\\/\\\/monatglobal.com\\\/lt\\\/\"},{\"@type\":\"WebPage\",\"@id\":\"https:\\\/\\\/monatglobal.com\\\/lt\\\/monat-stylist-program\\\/#webpage\",\"url\":\"https:\\\/\\\/monatglobal.com\\\/lt\\\/monat-stylist-program\\\/\",\"name\":\"MONAT stilist\\u0173 programa | Auginkite savo meistri\\u0161kum\\u0105 u\\u017e k\\u0117d\\u0117s rib\\u0173 - MONAT Lithuania\",\"description\":\"--> Prisiregistrav\\u0119 ir pra\\u0117j\\u0119 patikr\\u0105 gal\\u0117site \\u012fsigyti salonui kurtus produktus ir m\\u016bs\\u0173 stilisto rinkin\\u012f. PRISIJUNKITE DABAR Tapkite jud\\u0117jimo, naujai apibr\\u0117\\u017eian\\u010dio gro\\u017eio srities specialist\\u0173 galimybes, dalimi Prisiregistrav\\u0119 tapsite i\\u0161skirtin\\u0117s, pirmosios tokio tipo bendruomen\\u0117s, kuri\\u0105 sudaro \\u012f ateit\\u012f \\u017evelgiantys stilistai, perkurian\\u010dios s\\u0117km\\u0117s samprat\\u0105 gro\\u017eio srityje, dalimi. \\u010cia apsijungia bendradarbiavimas, inovacijos ir tikrai ne vien k\\u0117d\\u0117je u\\u017edirbamos pajamos.\",\"inLanguage\":\"lt-LT\",\"isPartOf\":{\"@id\":\"https:\\\/\\\/monatglobal.com\\\/lt\\\/#website\"},\"breadcrumb\":{\"@id\":\"https:\\\/\\\/monatglobal.com\\\/lt\\\/monat-stylist-program\\\/#breadcrumblist\"},\"image\":{\"@type\":\"ImageObject\",\"url\":\"https:\\\/\\\/monatglobal.com\\\/lt\\\/wp-content\\\/uploads\\\/sites\\\/11\\\/2025\\\/10\\\/stylist-program-FT-IMG.jpg\",\"@id\":\"https:\\\/\\\/monatglobal.com\\\/lt\\\/monat-stylist-program\\\/#mainImage\",\"width\":1200,\"height\":628},\"primaryImageOfPage\":{\"@id\":\"https:\\\/\\\/monatglobal.com\\\/lt\\\/monat-stylist-program\\\/#mainImage\"},\"datePublished\":\"2025-10-01T15:55:57+01:00\",\"dateModified\":\"2025-10-11T16:59:12+01:00\"},{\"@type\":\"WebSite\",\"@id\":\"https:\\\/\\\/monatglobal.com\\\/lt\\\/#website\",\"url\":\"https:\\\/\\\/monatglobal.com\\\/lt\\\/\",\"name\":\"MONAT Lithuania\",\"inLanguage\":\"lt-LT\",\"publisher\":{\"@id\":\"https:\\\/\\\/monatglobal.com\\\/lt\\\/#organization\"}}]}\n\t\t<\/script>\n\t\t<!-- All in One SEO Pro -->\r\n\t\t<title>MONAT stilist\u0173 programa | Auginkite savo meistri\u0161kum\u0105 u\u017e k\u0117d\u0117s rib\u0173 - MONAT Lithuania<\/title>\n\n","aioseo_head_json":{"title":"MONAT stilist\u0173 programa | Auginkite savo meistri\u0161kum\u0105 u\u017e k\u0117d\u0117s rib\u0173 - MONAT Lithuania","description":"--> Prisiregistrav\u0119 ir pra\u0117j\u0119 patikr\u0105 gal\u0117site \u012fsigyti salonui kurtus produktus ir m\u016bs\u0173 stilisto rinkin\u012f. PRISIJUNKITE DABAR Tapkite jud\u0117jimo, naujai apibr\u0117\u017eian\u010dio gro\u017eio srities specialist\u0173 galimybes, dalimi Prisiregistrav\u0119 tapsite i\u0161skirtin\u0117s, pirmosios tokio tipo bendruomen\u0117s, kuri\u0105 sudaro \u012f ateit\u012f \u017evelgiantys stilistai, perkurian\u010dios s\u0117km\u0117s samprat\u0105 gro\u017eio srityje, dalimi. \u010cia apsijungia bendradarbiavimas, inovacijos ir tikrai ne vien k\u0117d\u0117je u\u017edirbamos pajamos.","canonical_url":"https:\/\/monatglobal.com\/lt\/monat-stylist-program\/","robots":"max-image-preview:large","keywords":"","webmasterTools":{"miscellaneous":""},"schema":{"@context":"https:\/\/schema.org","@graph":[{"@type":"BreadcrumbList","@id":"https:\/\/monatglobal.com\/lt\/monat-stylist-program\/#breadcrumblist","itemListElement":[{"@type":"ListItem","@id":"https:\/\/monatglobal.com\/lt#listItem","position":1,"name":"Home","item":"https:\/\/monatglobal.com\/lt","nextItem":{"@type":"ListItem","@id":"https:\/\/monatglobal.com\/lt\/monat-stylist-program\/#listItem","name":"MONAT stilist\u0173 programa | Auginkite savo meistri\u0161kum\u0105 u\u017e k\u0117d\u0117s rib\u0173"}},{"@type":"ListItem","@id":"https:\/\/monatglobal.com\/lt\/monat-stylist-program\/#listItem","position":2,"name":"MONAT stilist\u0173 programa | Auginkite savo meistri\u0161kum\u0105 u\u017e k\u0117d\u0117s rib\u0173","previousItem":{"@type":"ListItem","@id":"https:\/\/monatglobal.com\/lt#listItem","name":"Home"}}]},{"@type":"Organization","@id":"https:\/\/monatglobal.com\/lt\/#organization","name":"MONAT Lithuania","url":"https:\/\/monatglobal.com\/lt\/"},{"@type":"WebPage","@id":"https:\/\/monatglobal.com\/lt\/monat-stylist-program\/#webpage","url":"https:\/\/monatglobal.com\/lt\/monat-stylist-program\/","name":"MONAT stilist\u0173 programa | Auginkite savo meistri\u0161kum\u0105 u\u017e k\u0117d\u0117s rib\u0173 - MONAT Lithuania","description":"--> Prisiregistrav\u0119 ir pra\u0117j\u0119 patikr\u0105 gal\u0117site \u012fsigyti salonui kurtus produktus ir m\u016bs\u0173 stilisto rinkin\u012f. PRISIJUNKITE DABAR Tapkite jud\u0117jimo, naujai apibr\u0117\u017eian\u010dio gro\u017eio srities specialist\u0173 galimybes, dalimi Prisiregistrav\u0119 tapsite i\u0161skirtin\u0117s, pirmosios tokio tipo bendruomen\u0117s, kuri\u0105 sudaro \u012f ateit\u012f \u017evelgiantys stilistai, perkurian\u010dios s\u0117km\u0117s samprat\u0105 gro\u017eio srityje, dalimi. \u010cia apsijungia bendradarbiavimas, inovacijos ir tikrai ne vien k\u0117d\u0117je u\u017edirbamos pajamos.","inLanguage":"lt-LT","isPartOf":{"@id":"https:\/\/monatglobal.com\/lt\/#website"},"breadcrumb":{"@id":"https:\/\/monatglobal.com\/lt\/monat-stylist-program\/#breadcrumblist"},"image":{"@type":"ImageObject","url":"https:\/\/monatglobal.com\/lt\/wp-content\/uploads\/sites\/11\/2025\/10\/stylist-program-FT-IMG.jpg","@id":"https:\/\/monatglobal.com\/lt\/monat-stylist-program\/#mainImage","width":1200,"height":628},"primaryImageOfPage":{"@id":"https:\/\/monatglobal.com\/lt\/monat-stylist-program\/#mainImage"},"datePublished":"2025-10-01T15:55:57+01:00","dateModified":"2025-10-11T16:59:12+01:00"},{"@type":"WebSite","@id":"https:\/\/monatglobal.com\/lt\/#website","url":"https:\/\/monatglobal.com\/lt\/","name":"MONAT Lithuania","inLanguage":"lt-LT","publisher":{"@id":"https:\/\/monatglobal.com\/lt\/#organization"}}]},"og:locale":"lt_LT","og:site_name":"MONAT Lithuania -","og:type":"article","og:title":"MONAT stilist\u0173 programa | Auginkite savo meistri\u0161kum\u0105 u\u017e k\u0117d\u0117s rib\u0173 - MONAT Lithuania","og:description":"--&gt; Prisiregistrav\u0119 ir pra\u0117j\u0119 patikr\u0105 gal\u0117site \u012fsigyti salonui kurtus produktus ir m\u016bs\u0173 stilisto rinkin\u012f. PRISIJUNKITE DABAR Tapkite jud\u0117jimo, naujai apibr\u0117\u017eian\u010dio gro\u017eio srities specialist\u0173 galimybes, dalimi Prisiregistrav\u0119 tapsite i\u0161skirtin\u0117s, pirmosios tokio tipo bendruomen\u0117s, kuri\u0105 sudaro \u012f ateit\u012f \u017evelgiantys stilistai, perkurian\u010dios s\u0117km\u0117s samprat\u0105 gro\u017eio srityje, dalimi. \u010cia apsijungia bendradarbiavimas, inovacijos ir tikrai ne vien k\u0117d\u0117je u\u017edirbamos pajamos.","og:url":"https:\/\/monatglobal.com\/lt\/monat-stylist-program\/","article:published_time":"2025-10-01T14:55:57+00:00","article:modified_time":"2025-10-11T15:59:12+00:00","twitter:card":"summary_large_image","twitter:title":"MONAT stilist\u0173 programa | Auginkite savo meistri\u0161kum\u0105 u\u017e k\u0117d\u0117s rib\u0173 - MONAT Lithuania","twitter:description":"--&gt; Prisiregistrav\u0119 ir pra\u0117j\u0119 patikr\u0105 gal\u0117site \u012fsigyti salonui kurtus produktus ir m\u016bs\u0173 stilisto rinkin\u012f. PRISIJUNKITE DABAR Tapkite jud\u0117jimo, naujai apibr\u0117\u017eian\u010dio gro\u017eio srities specialist\u0173 galimybes, dalimi Prisiregistrav\u0119 tapsite i\u0161skirtin\u0117s, pirmosios tokio tipo bendruomen\u0117s, kuri\u0105 sudaro \u012f ateit\u012f \u017evelgiantys stilistai, perkurian\u010dios s\u0117km\u0117s samprat\u0105 gro\u017eio srityje, dalimi. \u010cia apsijungia bendradarbiavimas, inovacijos ir tikrai ne vien k\u0117d\u0117je u\u017edirbamos pajamos."},"aioseo_meta_data":{"post_id":"108514","title":null,"description":null,"keywords":null,"keyphrases":null,"primary_term":null,"canonical_url":null,"og_title":null,"og_description":null,"og_object_type":"default","og_image_type":"default","og_image_url":null,"og_image_width":null,"og_image_height":null,"og_image_custom_url":null,"og_image_custom_fields":null,"og_video":null,"og_custom_url":null,"og_article_section":null,"og_article_tags":null,"twitter_use_og":false,"twitter_card":"default","twitter_image_type":"default","twitter_image_url":null,"twitter_image_custom_url":null,"twitter_image_custom_fields":null,"twitter_title":null,"twitter_description":null,"schema":{"blockGraphs":[],"customGraphs":[],"default":{"data":{"Article":[],"Course":[],"Dataset":[],"FAQPage":[],"Movie":[],"Person":[],"Product":[],"ProductReview":[],"Car":[],"Recipe":[],"Service":[],"SoftwareApplication":[],"WebPage":[]},"graphName":"","isEnabled":true},"graphs":[]},"schema_type":"default","schema_type_options":null,"pillar_content":false,"robots_default":true,"robots_noindex":false,"robots_noarchive":false,"robots_nosnippet":false,"robots_nofollow":false,"robots_noimageindex":false,"robots_noodp":false,"robots_notranslate":false,"robots_max_snippet":null,"robots_max_videopreview":null,"robots_max_imagepreview":"large","priority":null,"frequency":null,"local_seo":null,"seo_analyzer_scan_date":"2026-02-09 21:17:59","breadcrumb_settings":null,"limit_modified_date":false,"reviewed_by":null,"open_ai":null,"ai":null,"created":"2026-02-09 21:17:59","updated":"2026-02-11 14:42:41"},"aioseo_breadcrumb":"<div class=\"aioseo-breadcrumbs\"><span class=\"aioseo-breadcrumb\">\n\t<a href=\"https:\/\/monatglobal.com\/lt\" title=\"Home\">Home<\/a>\n<\/span><span class=\"aioseo-breadcrumb-separator\">&raquo;<\/span><span class=\"aioseo-breadcrumb\">\n\tMONAT stilist\u0173 programa | Auginkite savo meistri\u0161kum\u0105 u\u017e k\u0117d\u0117s rib\u0173\n<\/span><\/div>","aioseo_breadcrumb_json":[{"label":"Home","link":"https:\/\/monatglobal.com\/lt"},{"label":"MONAT stilist\u0173 programa | Auginkite savo meistri\u0161kum\u0105 u\u017e k\u0117d\u0117s rib\u0173","link":"https:\/\/monatglobal.com\/lt\/monat-stylist-program\/"}],"_links":{"self":[{"href":"https:\/\/monatglobal.com\/lt\/wp-json\/wp\/v2\/pages\/108514","targetHints":{"allow":["GET"]}}],"collection":[{"href":"https:\/\/monatglobal.com\/lt\/wp-json\/wp\/v2\/pages"}],"about":[{"href":"https:\/\/monatglobal.com\/lt\/wp-json\/wp\/v2\/types\/page"}],"author":[{"embeddable":true,"href":"https:\/\/monatglobal.com\/lt\/wp-json\/wp\/v2\/users\/47"}],"replies":[{"embeddable":true,"href":"https:\/\/monatglobal.com\/lt\/wp-json\/wp\/v2\/comments?post=108514"}],"version-history":[{"count":6,"href":"https:\/\/monatglobal.com\/lt\/wp-json\/wp\/v2\/pages\/108514\/revisions"}],"predecessor-version":[{"id":108565,"href":"https:\/\/monatglobal.com\/lt\/wp-json\/wp\/v2\/pages\/108514\/revisions\/108565"}],"wp:featuredmedia":[{"embeddable":true,"href":"https:\/\/monatglobal.com\/lt\/wp-json\/wp\/v2\/media\/108570"}],"wp:attachment":[{"href":"https:\/\/monatglobal.com\/lt\/wp-json\/wp\/v2\/media?parent=108514"}],"wp:term":[{"taxonomy":"category","embeddable":true,"href":"https:\/\/monatglobal.com\/lt\/wp-json\/wp\/v2\/categories?post=108514"},{"taxonomy":"post_tag","embeddable":true,"href":"https:\/\/monatglobal.com\/lt\/wp-json\/wp\/v2\/tags?post=108514"}],"curies":[{"name":"wp","href":"https:\/\/api.w.org\/{rel}","templated":true}]}}