{"id":108613,"date":"2025-10-14T19:13:27","date_gmt":"2025-10-14T18:13:27","guid":{"rendered":"https:\/\/monatglobal.com\/it\/?page_id=108613"},"modified":"2026-04-01T11:57:37","modified_gmt":"2026-04-01T10:57:37","slug":"the-monat-opportunity","status":"publish","type":"page","link":"https:\/\/monatglobal.com\/it\/the-monat-opportunity\/","title":{"rendered":"Opportunit\u00e0"},"content":{"rendered":"\n\n\t<style>\n   :root {\n        --mediumSizeP: clamp(1.8rem, 1.6vw, 2.3rem);\n        --smallSizeP: clamp(1.4rem, 1.4vw, 1.8rem);\n        --bigGap: clamp(7rem, 9vw, 12rem);\n        --mediumGap: clamp(5.5rem, 8vw, 10rem);\n        --smallGap: clamp(4rem, 6vw, 6rem);  \n   }   \n<\/style>\n    <a href=\"https:\/\/mymonat.com\/pyr_core\/v2_enrollments\/select_market?sponsor_id=&#038;enroll_params=profile_form_type%3Dexpress&#038;market=it&#038;lang_code=it\" target=\"_blank\">Entra ora<\/a>\n    <section id=\"bannerSec\">\n            <h1>La tua <br \/>trasformazione di <br \/>bellezza inizia qui!<\/h1> \n            <!--WATCH FULL VIDEO -->\n        <!--<video src=\"https:\/\/monatglobal.com\/wp-content\/uploads\/2024\/11\/opp_video-video-converter.com_.mp4\" loop muted autoplay><\/video>-->\n    <\/section>\n    <section id=\"introSec\">\n        <p>Immagina di avviare un&#8217;attivit\u00e0 flessibile, che segue i ritmi della tua vita, condividendo la tua routine di bellezza quotidiana con prodotti di alta qualit\u00e0, sicuri e realmente efficaci. <\/p>\n                 <video src=\"https:\/\/monatglobal.com\/wp-content\/uploads\/2024\/11\/opp_video-video-converter.com_.mp4\" loop muted autoplay><\/video>\n                 <img decoding=\"async\" src=\" https:\/\/monatglobal.com\/wp-content\/uploads\/2024\/11\/products-that-actually-work_img-web-min.jpg\" loading=\"lazy\"\/>\n                 <img decoding=\"async\" src=\"https:\/\/monatglobal.com\/wp-content\/uploads\/2019\/11\/play-btn-shadow.png\" loading=\"lazy\"\/>GUARDA IL VIDEO \n            <img decoding=\"async\" src=\"https:\/\/monatglobal.com\/wp-content\/uploads\/2024\/11\/low-tox-products_img-web-min.jpg\" loading=\"lazy\"\/>\n    <\/section>\n    <section id=\"slideSec\">\n                <h2>Perch\u00e9  <br \/> MONAT?<\/h2>\n                <p>Non seguiamo le tendenze, le&nbsp;creiamo.<\/p>\n                <img decoding=\"async\" src=\"https:\/\/monatglobal.com\/wp-content\/uploads\/2024\/11\/trends-we-set-them_slide1-min-2.jpg\" loading=\"lazy\"\/>\n                <img decoding=\"async\" src=\"https:\/\/monatglobal.com\/wp-content\/uploads\/2024\/11\/trends-we-set-them_slide2-min-2.jpg\" loading=\"lazy\"\/>\n                         <img decoding=\"async\" src=\"https:\/\/monatglobal.com\/wp-content\/uploads\/2024\/11\/trends-we-set-them_slide3-min.jpg\" loading=\"lazy\"\/>\n               <img decoding=\"async\" src=\"https:\/\/monatglobal.com\/wp-content\/uploads\/2024\/11\/trends-we-set-them_slide4-2024-min.jpg\" loading=\"lazy\"\/>\n                <img decoding=\"async\" src=\"https:\/\/monatglobal.com\/wp-content\/uploads\/2024\/11\/Why-MONAT-slide_img-5-2024-min.jpg\" loading=\"lazy\"\/>\n                   <img decoding=\"async\" src=\"https:\/\/monatglobal.com\/wp-content\/uploads\/2024\/11\/products-that-actually-work_img-web-min.jpg\" loading=\"lazy\"\/>\n            <!---->\n            <p>Non siamo il solito brand di bellezza: siamo la realt\u00e0 haircare in pi\u00f9 rapida crescita e il n.1 al mondo nella vendita diretta di prodotti premium per la cura dei capelli.<\/p>\n    <\/section>\n        <hr \/>\n        <section>\n                01\n                <h2>Prodotti <br \/> premium, <br \/> risultati reali<\/h2>\n                <p>Dal 2014, MONAT \u00e8 all&#8217;avanguardia nella cura del cuoio capelluto, molto prima che diventasse una tendenza. <br \/><br \/> Le nostre formule innovative, con ingredienti di origine naturale e sicuri, regalano ai tuoi capelli e alla tua pelle una nuova vitalit\u00e0, per una bellezza che si vede e si sente. <\/p>\n                <img decoding=\"async\" src=\"https:\/\/monatglobal.com\/wp-content\/uploads\/2024\/11\/Premium-Products_img-web-min.jpg\" loading=\"lazy\"\/>\n                <img decoding=\"async\" src=\"https:\/\/monatglobal.com\/wp-content\/uploads\/2018\/03\/leaping-bunny-logo-600-540_400x600-e1520273768164.png\" loading=\"lazy\"\/>\n                <p>In pi\u00f9, siamo certificati Leaping Bunny: la garanzia che prendiamo sul serio il nostro impegno a rispettare gli animali.<\/p>\n                <img decoding=\"async\" src=\"https:\/\/monatglobal.com\/wp-content\/uploads\/2024\/11\/Premium-Products-Real-Results_awward-min.jpg\" loading=\"lazy\"\/>\n                <p>Vuoi vedere con i tuoi occhi? Basta guardare i nostri sorprendenti risultati &#8220;prima e dopo&#8221; e gli oltre 80 premi ottenuti dai nostri prodotti. Con MONAT, i tuoi clienti torneranno sempre da te: i risultati parlano da soli.<\/p>\n        <\/section>\n        <hr \/>\n        <section> \n                02\n                <h2>Monetizza <br \/> la tua routine <br \/> di bellezza<\/h2>\n                <p>MONAT in numeri:<\/p>\n                    Abbiamo generato oltre 3,4 miliardi di dollari di fatturato<br \/><br \/>\n                        Abbiamo distribuito pi\u00f9 di 1,5 miliardi di dollari in commissioni <br \/><br \/>\n                        Abbiamo aiutato oltre 100 persone a entrare nel Million Dollar Club<br \/><br \/>\n                        E tutto in soli 10 anni! <br \/><br \/>\n                    \n                <img decoding=\"async\" src=\"https:\/\/monatglobal.com\/wp-content\/uploads\/2024\/11\/Monetize-Your-Beauty-Routine_img-web-min.jpg\" loading=\"lazy\"\/>\n            <p>Con MONAT hai la flessibilit\u00e0, il supporto e gli strumenti per raggiungere i tuoi obiettivi. Non ti piace aspettare? Ci pensiamo noi: hai l&#8217;opportunit\u00e0 di ricevere pagamenti fino a 5 volte al mese se aiuti altre persone a scoprire MONAT. <\/p>\n        <\/section>\n        <hr \/>\n        <section> \n                03\n                <h2>Una community <br \/> senza eguali<\/h2>\n                <p>Crescita personale? S\u00ec! Successi professionali? Assolutamente! <\/p>\n                <p>Non stiamo solo costruendo un business, stiamo costruendo una community. Ti offriamo tutto il supporto necessario: non dovrai mai affrontare questo percorso per conto tuo. La nostra community \u00e8 la vera forza.<\/p>\n                <img decoding=\"async\" src=\"https:\/\/monatglobal.com\/wp-content\/uploads\/2024\/11\/community-vibes_img-web-min.jpg\" loading=\"lazy\"\/>\n            <p>Da noi, crescere \u00e8 una scelta di vita e, quando diventi la migliore versione di te, ispiri anche gli altri a fare lo stesso. Ed \u00e8 questo che ci rende imbattibili.<\/p>\n        <\/section>\n        <hr \/>\n        <section> \n                04\n                <h2>Fai la <br \/> differenza <\/h2>\n                <p>Donare agli altri \u00e8 parte del nostro DNA in MONAT. <\/p>\n                <img decoding=\"async\" src=\"https:\/\/monatglobal.com\/wp-content\/uploads\/2024\/11\/Make-a-Difference_img-web-min.jpg\" loading=\"lazy\"\/>\n                <p>Attraverso la MONAT Gratitude Foundation\u2122, abbiamo gi\u00e0 donato 8 milioni di dollari per sostenere famiglie, veterani e l&#8217;istruzione dei bambini. Ma questo \u00e8 solo l&#8217;inizio: anche tu puoi entrare a far parte di questo movimento! <\/p>\n            <p>In qualit\u00e0 di Market Partner, avrai l&#8217;opportunit\u00e0 di fare la differenza, in grande e in piccolo, sia nella tua comunit\u00e0 locale che in tutto il mondo. Insieme stiamo cambiando vite e lasciando un segno che dura nel tempo.<\/p>\n        <\/section>\n        <hr \/>\n        <section> \n                05\n                <h2>Un modello <br \/> fondato su <br \/> stabilit\u00e0 e <br \/> successo<\/h2>\n                <p>I nostri prodotti, fabbricati negli Stati Uniti, soddisfano anche i severi requisiti europei, affermandosi tra i pi\u00f9 affidabili del settore beauty.<\/p>\n                <p>MONAT \u00e8 un&#8217;azienda a conduzione familiare che gestisce direttamente la propria produzione e le attivit\u00e0 di ricerca e sviluppo, collaborando con esperti di fama mondiale nel settore beauty. Questo ci consente un&#8217;innovazione rapida e all&#8217;avanguardia e una qualit\u00e0 costante dei nostri prodotti premium.<\/p>\n                <img decoding=\"async\" src=\"https:\/\/monatglobal.com\/wp-content\/uploads\/2024\/10\/Built-for-Stability-Success_img_web-min.jpg\" loading=\"lazy\"\/>\n            <p>MONAT \u00e8 stata fondata dalla famiglia Urdaneta, che ne \u00e8 tuttora proprietaria e vanta decenni di esperienza e successi nel settore.  \u00c8 affiancata da un team aziendale di esperti pluripremiati, orgogliosi della loro stretta collaborazione con i Market Partner.  <\/p>\n        <\/section>\n        <hr \/>\n        <section> \n                06\n                <h2>Un business <br \/>senza frontiere<\/h2>\n                <p>E con l&#8217;industria della cura dei capelli che punta a raggiungere i 35,49 miliardi di dollari entro il 2030, collaborare con un leader come MONAT \u00e8 una scelta vincente.<\/p>\n                <img decoding=\"async\" src=\"https:\/\/monatglobal.com\/wp-content\/uploads\/2026\/03\/A-Business-Without-Borders_img-web-2026-countries-april-1.jpg\" loading=\"lazy\"\/>\n                <p>Dall&#8217;America del Nord all&#8217;America Latina, passando per l&#8217;Europa, fino all&#8217;Asia-Pacifico: siamo gi\u00e0 in 17 Paesi e continuiamo a crescere.<\/p>\n            <p>Per MONAT, l&#8217;espansione globale \u00e8 sempre frutto di scelte strategiche.  Studiamo e analizziamo attentamente ogni nuovo mercato prima di avviare le nostre attivit\u00e0, cos\u00ec da garantire ai Market Partner le migliori condizioni di successo e un business redditizio.<\/p>\n            <!-- US ONLY -->\n            <!-- -->\n            <!--    <p>It's your future, own it-with a chance to become a Visionary Founder in North America and potentially qualify for quarterly rewards based on top-selling markets.<\/p>-->\n            <!--    <img decoding=\"async\" src=\"https:\/\/monatglobal.com\/wp-content\/uploads\/2024\/11\/Visionary-Founder-in-North-America_img-web-min.jpg\" loading=\"lazy\"\/>-->\n            <!---->\n               <!---->\n            <h2>Ti diamo il <br \/> benvenuto al tuo <br \/> prossimo capitolo <\/h2>\n            <p>Non vedi l&#8217;ora di dire S\u00cc? <\/p>\n            <p>Scegli il tuo set di prodotti, innamoratene <br \/>e inizia la tua trasformazione di bellezza!<\/p>\n            <br \/>\n            <br \/>\n<!-- TrustBox widget - Slider -->\n  <a href=\"https:\/\/www.trustpilot.com\/review\/monatglobal.com\" target=\"_blank\" rel=\"noopener\">Trustpilot<\/a>\n<!-- End TrustBox widget -->\n        <\/section>\n<br \/>\n<br \/>\n<br \/>\n<br \/> \n\n","protected":false},"excerpt":{"rendered":"<p>Entra ora La tua trasformazione di bellezza inizia qui! Immagina di avviare un&#8217;attivit\u00e0 flessibile, che segue i ritmi della tua vita, condividendo la tua routine di bellezza quotidiana con prodotti di alta qualit\u00e0, sicuri e realmente efficaci. GUARDA IL VIDEO Perch\u00e9 MONAT? Non seguiamo le tendenze, le&nbsp;creiamo. Non siamo il solito brand di bellezza: siamo&hellip;<\/p>\n","protected":false},"author":47,"featured_media":108656,"parent":0,"menu_order":0,"comment_status":"closed","ping_status":"closed","template":"","meta":{"inline_featured_image":false,"footnotes":""},"categories":[],"tags":[],"class_list":["post-108613","page","type-page","status-publish","has-post-thumbnail","hentry"],"aioseo_notices":[],"aioseo_head":"\n\t\t<!-- All in One SEO Pro 4.9.5.2 - aioseo.com -->\n\t<meta name=\"description\" content=\"Entra ora La tua trasformazione di bellezza inizia qui! Immagina di avviare un&#039;attivit\u00e0 flessibile, che segue i ritmi della tua vita, condividendo la tua routine di bellezza quotidiana con prodotti di alta qualit\u00e0, sicuri e realmente efficaci. GUARDA IL VIDEO Perch\u00e9 MONAT? Non seguiamo le tendenze, le creiamo. Non siamo il solito brand di bellezza: siamo\" \/>\n\t<meta name=\"robots\" content=\"noindex, nofollow, max-image-preview:large\" \/>\n\t<link rel=\"canonical\" href=\"https:\/\/monatglobal.com\/it\/the-monat-opportunity\/\" \/>\n\t<meta name=\"generator\" content=\"All in One SEO Pro (AIOSEO) 4.9.5.2\" \/>\n\t\t<meta property=\"og:locale\" content=\"it_IT\" \/>\n\t\t<meta property=\"og:site_name\" content=\"MONAT Italy - We Are Modern Nature\u00ae\" \/>\n\t\t<meta property=\"og:type\" content=\"website\" \/>\n\t\t<meta property=\"og:title\" content=\"Opportunit\u00e0 - MONAT Italy\" \/>\n\t\t<meta property=\"og:description\" content=\"Entra ora La tua trasformazione di bellezza inizia qui! Immagina di avviare un&#039;attivit\u00e0 flessibile, che segue i ritmi della tua vita, condividendo la tua routine di bellezza quotidiana con prodotti di alta qualit\u00e0, sicuri e realmente efficaci. GUARDA IL VIDEO Perch\u00e9 MONAT? Non seguiamo le tendenze, le creiamo. Non siamo il solito brand di bellezza: siamo\" \/>\n\t\t<meta property=\"og:url\" content=\"https:\/\/monatglobal.com\/it\/the-monat-opportunity\/\" \/>\n\t\t<meta name=\"twitter:card\" content=\"summary_large_image\" \/>\n\t\t<meta name=\"twitter:title\" content=\"Opportunit\u00e0 - MONAT Italy\" \/>\n\t\t<meta name=\"twitter:description\" content=\"Entra ora La tua trasformazione di bellezza inizia qui! Immagina di avviare un&#039;attivit\u00e0 flessibile, che segue i ritmi della tua vita, condividendo la tua routine di bellezza quotidiana con prodotti di alta qualit\u00e0, sicuri e realmente efficaci. GUARDA IL VIDEO Perch\u00e9 MONAT? Non seguiamo le tendenze, le creiamo. Non siamo il solito brand di bellezza: siamo\" \/>\n\t\t<script type=\"application\/ld+json\" class=\"aioseo-schema\">\n\t\t\t{\"@context\":\"https:\\\/\\\/schema.org\",\"@graph\":[{\"@type\":\"BreadcrumbList\",\"@id\":\"https:\\\/\\\/monatglobal.com\\\/it\\\/the-monat-opportunity\\\/#breadcrumblist\",\"itemListElement\":[{\"@type\":\"ListItem\",\"@id\":\"https:\\\/\\\/monatglobal.com\\\/it#listItem\",\"position\":1,\"name\":\"Home\",\"item\":\"https:\\\/\\\/monatglobal.com\\\/it\",\"nextItem\":{\"@type\":\"ListItem\",\"@id\":\"https:\\\/\\\/monatglobal.com\\\/it\\\/the-monat-opportunity\\\/#listItem\",\"name\":\"Opportunit\\u00e0\"}},{\"@type\":\"ListItem\",\"@id\":\"https:\\\/\\\/monatglobal.com\\\/it\\\/the-monat-opportunity\\\/#listItem\",\"position\":2,\"name\":\"Opportunit\\u00e0\",\"previousItem\":{\"@type\":\"ListItem\",\"@id\":\"https:\\\/\\\/monatglobal.com\\\/it#listItem\",\"name\":\"Home\"}}]},{\"@type\":\"Organization\",\"@id\":\"https:\\\/\\\/monatglobal.com\\\/it\\\/#organization\",\"name\":\"MONAT Italy\",\"description\":\"We Are Modern Nature\\u00ae\",\"url\":\"https:\\\/\\\/monatglobal.com\\\/it\\\/\"},{\"@type\":\"WebPage\",\"@id\":\"https:\\\/\\\/monatglobal.com\\\/it\\\/the-monat-opportunity\\\/#webpage\",\"url\":\"https:\\\/\\\/monatglobal.com\\\/it\\\/the-monat-opportunity\\\/\",\"name\":\"Opportunit\\u00e0 - MONAT Italy\",\"description\":\"Entra ora La tua trasformazione di bellezza inizia qui! Immagina di avviare un'attivit\\u00e0 flessibile, che segue i ritmi della tua vita, condividendo la tua routine di bellezza quotidiana con prodotti di alta qualit\\u00e0, sicuri e realmente efficaci. GUARDA IL VIDEO Perch\\u00e9 MONAT? Non seguiamo le tendenze, le creiamo. Non siamo il solito brand di bellezza: siamo\",\"inLanguage\":\"it-IT\",\"isPartOf\":{\"@id\":\"https:\\\/\\\/monatglobal.com\\\/it\\\/#website\"},\"breadcrumb\":{\"@id\":\"https:\\\/\\\/monatglobal.com\\\/it\\\/the-monat-opportunity\\\/#breadcrumblist\"},\"image\":{\"@type\":\"ImageObject\",\"url\":\"https:\\\/\\\/monatglobal.com\\\/it\\\/wp-content\\\/uploads\\\/sites\\\/29\\\/2025\\\/11\\\/the-monat-opportunity-starts-here.jpg\",\"@id\":\"https:\\\/\\\/monatglobal.com\\\/it\\\/the-monat-opportunity\\\/#mainImage\",\"width\":1000,\"height\":599},\"primaryImageOfPage\":{\"@id\":\"https:\\\/\\\/monatglobal.com\\\/it\\\/the-monat-opportunity\\\/#mainImage\"},\"datePublished\":\"2025-10-14T19:13:27+01:00\",\"dateModified\":\"2026-04-01T11:57:37+01:00\"},{\"@type\":\"WebSite\",\"@id\":\"https:\\\/\\\/monatglobal.com\\\/it\\\/#website\",\"url\":\"https:\\\/\\\/monatglobal.com\\\/it\\\/\",\"name\":\"MONAT Italy\",\"description\":\"We Are Modern Nature\\u00ae\",\"inLanguage\":\"it-IT\",\"publisher\":{\"@id\":\"https:\\\/\\\/monatglobal.com\\\/it\\\/#organization\"}}]}\n\t\t<\/script>\n\t\t<!-- All in One SEO Pro -->\r\n\t\t<title>Opportunit\u00e0 - MONAT Italy<\/title>\n\n","aioseo_head_json":{"title":"Opportunit\u00e0 - MONAT Italy","description":"Entra ora La tua trasformazione di bellezza inizia qui! Immagina di avviare un'attivit\u00e0 flessibile, che segue i ritmi della tua vita, condividendo la tua routine di bellezza quotidiana con prodotti di alta qualit\u00e0, sicuri e realmente efficaci. GUARDA IL VIDEO Perch\u00e9 MONAT? Non seguiamo le tendenze, le creiamo. Non siamo il solito brand di bellezza: siamo","canonical_url":"https:\/\/monatglobal.com\/it\/the-monat-opportunity\/","robots":"noindex, nofollow, max-image-preview:large","keywords":"","webmasterTools":{"miscellaneous":""},"schema":{"@context":"https:\/\/schema.org","@graph":[{"@type":"BreadcrumbList","@id":"https:\/\/monatglobal.com\/it\/the-monat-opportunity\/#breadcrumblist","itemListElement":[{"@type":"ListItem","@id":"https:\/\/monatglobal.com\/it#listItem","position":1,"name":"Home","item":"https:\/\/monatglobal.com\/it","nextItem":{"@type":"ListItem","@id":"https:\/\/monatglobal.com\/it\/the-monat-opportunity\/#listItem","name":"Opportunit\u00e0"}},{"@type":"ListItem","@id":"https:\/\/monatglobal.com\/it\/the-monat-opportunity\/#listItem","position":2,"name":"Opportunit\u00e0","previousItem":{"@type":"ListItem","@id":"https:\/\/monatglobal.com\/it#listItem","name":"Home"}}]},{"@type":"Organization","@id":"https:\/\/monatglobal.com\/it\/#organization","name":"MONAT Italy","description":"We Are Modern Nature\u00ae","url":"https:\/\/monatglobal.com\/it\/"},{"@type":"WebPage","@id":"https:\/\/monatglobal.com\/it\/the-monat-opportunity\/#webpage","url":"https:\/\/monatglobal.com\/it\/the-monat-opportunity\/","name":"Opportunit\u00e0 - MONAT Italy","description":"Entra ora La tua trasformazione di bellezza inizia qui! Immagina di avviare un'attivit\u00e0 flessibile, che segue i ritmi della tua vita, condividendo la tua routine di bellezza quotidiana con prodotti di alta qualit\u00e0, sicuri e realmente efficaci. GUARDA IL VIDEO Perch\u00e9 MONAT? Non seguiamo le tendenze, le creiamo. Non siamo il solito brand di bellezza: siamo","inLanguage":"it-IT","isPartOf":{"@id":"https:\/\/monatglobal.com\/it\/#website"},"breadcrumb":{"@id":"https:\/\/monatglobal.com\/it\/the-monat-opportunity\/#breadcrumblist"},"image":{"@type":"ImageObject","url":"https:\/\/monatglobal.com\/it\/wp-content\/uploads\/sites\/29\/2025\/11\/the-monat-opportunity-starts-here.jpg","@id":"https:\/\/monatglobal.com\/it\/the-monat-opportunity\/#mainImage","width":1000,"height":599},"primaryImageOfPage":{"@id":"https:\/\/monatglobal.com\/it\/the-monat-opportunity\/#mainImage"},"datePublished":"2025-10-14T19:13:27+01:00","dateModified":"2026-04-01T11:57:37+01:00"},{"@type":"WebSite","@id":"https:\/\/monatglobal.com\/it\/#website","url":"https:\/\/monatglobal.com\/it\/","name":"MONAT Italy","description":"We Are Modern Nature\u00ae","inLanguage":"it-IT","publisher":{"@id":"https:\/\/monatglobal.com\/it\/#organization"}}]},"og:locale":"it_IT","og:site_name":"MONAT Italy - We Are Modern Nature\u00ae","og:type":"website","og:title":"Opportunit\u00e0 - MONAT Italy","og:description":"Entra ora La tua trasformazione di bellezza inizia qui! Immagina di avviare un'attivit\u00e0 flessibile, che segue i ritmi della tua vita, condividendo la tua routine di bellezza quotidiana con prodotti di alta qualit\u00e0, sicuri e realmente efficaci. GUARDA IL VIDEO Perch\u00e9 MONAT? Non seguiamo le tendenze, le creiamo. Non siamo il solito brand di bellezza: siamo","og:url":"https:\/\/monatglobal.com\/it\/the-monat-opportunity\/","twitter:card":"summary_large_image","twitter:title":"Opportunit\u00e0 - MONAT Italy","twitter:description":"Entra ora La tua trasformazione di bellezza inizia qui! Immagina di avviare un'attivit\u00e0 flessibile, che segue i ritmi della tua vita, condividendo la tua routine di bellezza quotidiana con prodotti di alta qualit\u00e0, sicuri e realmente efficaci. GUARDA IL VIDEO Perch\u00e9 MONAT? Non seguiamo le tendenze, le creiamo. Non siamo il solito brand di bellezza: siamo"},"aioseo_meta_data":{"post_id":"108613","title":null,"description":null,"keywords":null,"keyphrases":null,"primary_term":null,"canonical_url":null,"og_title":null,"og_description":null,"og_object_type":"website","og_image_type":"default","og_image_url":null,"og_image_width":null,"og_image_height":null,"og_image_custom_url":null,"og_image_custom_fields":null,"og_video":null,"og_custom_url":null,"og_article_section":null,"og_article_tags":null,"twitter_use_og":false,"twitter_card":"default","twitter_image_type":"default","twitter_image_url":null,"twitter_image_custom_url":null,"twitter_image_custom_fields":null,"twitter_title":null,"twitter_description":null,"schema":{"blockGraphs":[],"customGraphs":[],"default":{"data":{"Article":[],"Course":[],"Dataset":[],"FAQPage":[],"Movie":[],"Person":[],"Product":[],"ProductReview":[],"Car":[],"Recipe":[],"Service":[],"SoftwareApplication":[],"WebPage":[]},"graphName":"WebPage","isEnabled":true},"graphs":[]},"schema_type":"default","schema_type_options":null,"pillar_content":false,"robots_default":true,"robots_noindex":false,"robots_noarchive":false,"robots_nosnippet":false,"robots_nofollow":false,"robots_noimageindex":false,"robots_noodp":false,"robots_notranslate":false,"robots_max_snippet":null,"robots_max_videopreview":null,"robots_max_imagepreview":"large","priority":null,"frequency":null,"local_seo":null,"seo_analyzer_scan_date":null,"breadcrumb_settings":null,"limit_modified_date":false,"reviewed_by":null,"open_ai":null,"ai":null,"created":"2026-02-09 20:00:22","updated":"2026-04-01 11:48:07"},"aioseo_breadcrumb":"<div class=\"aioseo-breadcrumbs\"><span class=\"aioseo-breadcrumb\">\n\t<a href=\"https:\/\/monatglobal.com\/it\" title=\"Home\">Home<\/a>\n<\/span><span class=\"aioseo-breadcrumb-separator\">&raquo;<\/span><span class=\"aioseo-breadcrumb\">\n\tOpportunit\u00e0\n<\/span><\/div>","aioseo_breadcrumb_json":[{"label":"Home","link":"https:\/\/monatglobal.com\/it"},{"label":"Opportunit\u00e0","link":"https:\/\/monatglobal.com\/it\/the-monat-opportunity\/"}],"_links":{"self":[{"href":"https:\/\/monatglobal.com\/it\/wp-json\/wp\/v2\/pages\/108613","targetHints":{"allow":["GET"]}}],"collection":[{"href":"https:\/\/monatglobal.com\/it\/wp-json\/wp\/v2\/pages"}],"about":[{"href":"https:\/\/monatglobal.com\/it\/wp-json\/wp\/v2\/types\/page"}],"author":[{"embeddable":true,"href":"https:\/\/monatglobal.com\/it\/wp-json\/wp\/v2\/users\/47"}],"replies":[{"embeddable":true,"href":"https:\/\/monatglobal.com\/it\/wp-json\/wp\/v2\/comments?post=108613"}],"version-history":[{"count":23,"href":"https:\/\/monatglobal.com\/it\/wp-json\/wp\/v2\/pages\/108613\/revisions"}],"predecessor-version":[{"id":109013,"href":"https:\/\/monatglobal.com\/it\/wp-json\/wp\/v2\/pages\/108613\/revisions\/109013"}],"wp:featuredmedia":[{"embeddable":true,"href":"https:\/\/monatglobal.com\/it\/wp-json\/wp\/v2\/media\/108656"}],"wp:attachment":[{"href":"https:\/\/monatglobal.com\/it\/wp-json\/wp\/v2\/media?parent=108613"}],"wp:term":[{"taxonomy":"category","embeddable":true,"href":"https:\/\/monatglobal.com\/it\/wp-json\/wp\/v2\/categories?post=108613"},{"taxonomy":"post_tag","embeddable":true,"href":"https:\/\/monatglobal.com\/it\/wp-json\/wp\/v2\/tags?post=108613"}],"curies":[{"name":"wp","href":"https:\/\/api.w.org\/{rel}","templated":true}]}}