{"id":108593,"date":"2025-10-09T18:45:45","date_gmt":"2025-10-09T17:45:45","guid":{"rendered":"https:\/\/monatglobal.com\/it\/?page_id=108593"},"modified":"2026-02-27T16:11:53","modified_gmt":"2026-02-27T16:11:53","slug":"the-science-of-monat","status":"publish","type":"page","link":"https:\/\/monatglobal.com\/it\/the-science-of-monat\/","title":{"rendered":"La scienza di MONAT"},"content":{"rendered":"\n\n        <h1>La scienza <br \/> di MONAT<\/h1>\n        <h2>Gli ingredienti usati da MONAT sono di origine naturale, sicuri e di alta qualit\u00e0. Ma se anche altri brand riconoscono il potere degli oli botanici, in cosa MONAT \u00e8&nbsp;diversa?<\/h2>\n        <p>La risposta \u00e8 nelle nostre formulazioni avanzate, che fanno s\u00ec che gli ingredienti di origine naturale agiscano in armonia tra loro, combinandosi e reagendo per potenziare le loro propriet\u00e0 naturali e portare MONAT a un livello superiore. Ecco qualcosa in pi\u00f9 sulla scienza alla base di&nbsp;MONAT.<\/p>\n              <p>REJUVENIQE S\u2122 <br \/> Olio intensivo<\/p>\n              <p>Una miscela di oltre 13 oli vegetali ed essenziali naturali, ricchi di acidi grassi omega, antiossidanti e nutrienti altamente affini alla pelle e ai&nbsp;capelli.<\/p>\n              <p>CAPIXYL\u2122<\/p>\n              <p>Un complesso attivo unico che rinforza e inspessisce i capelli, favorendone al tempo stesso la crescita&nbsp;naturale.<\/p>\n              <p>PROCATALINE\u2122<\/p>\n              <p>Arricchita con estratto di pisello, questa miscela tecnologicamente avanzata aiuta a mantenere i capelli sani e dall&#8217;aspetto giovane e vitale, proteggendoli dagli agenti&nbsp;esterni.<\/p>\n              <p>CRODASORB\u2122<\/p>\n              <p>Un ingrediente ad alta efficacia che contribuisce a preservare la pigmentazione naturale dei capelli, rafforzando e proteggendo la fibra&nbsp;capillare.<\/p>\n            <p>WE ARE MONAT<\/p>\n            <h2>Il nostro impegno per la qualit\u00e0 e la sicurezza<\/h2>\n            <p>In MONAT utilizziamo solo ingredienti e materiali sicuri ed efficaci, che uniscono il meglio della scienza e della natura. I nostri ingredienti di origine naturale sono testati e formulati per la tua&nbsp;sicurezza.<\/p>\n            <p>S\u00ec!Utilizziamo solo ingredienti sicuri e testati&nbsp;clinicamente.<\/p>\n            <p>Tutte le formulazioni di MONAT sono clinicamente testate da laboratori indipendenti per garantire la massima sicurezza e tollerabilit\u00e0. Formuliamo i nostri prodotti nel rispetto dei pi\u00f9 alti standard di qualit\u00e0 e sicurezza vigenti negli Stati Uniti, in Canada e in&nbsp;Europa.<\/p>\n            <p>Quando si tratta della sicurezza dei nostri prodotti, manteniamo un impegno assoluto: utilizziamo esclusivamente ingredienti ritenuti sicuri per l&#8217;uso previsto da enti indipendenti riconosciuti, come il Cosmetic Ingredient Review Expert Panel (CIR) negli Stati Uniti e il Scientific Committee of Consumer Safety (SCCS) in&nbsp;Europa.<\/p>\n            <p>Inoltre, tutte le formulazioni di MONAT impiegano ingredienti che la FDA, Health Canada e la pi\u00f9 rigorosa Commissione Europea considerano &#8220;sicuri per l&#8217;uso cosmetico&nbsp;previsto.&#8221;<\/p>\n            <p>S\u00ec!Utilizziamo solo coloranti sicuri.<\/p>\n            <p>Utilizziamo coloranti sicuri, approvati dalla FDA, da Health Canada e dalla Commissione&nbsp;Europea.<\/p>\n            <p>S\u00ec!Utilizziamo solo fragranze sicure.<\/p>\n            <p>Utilizziamo esclusivamente fragranze composte da ingredienti approvati come sicuri dal Research Institute for Fragrance Materials (RIFM) e dall&#8217;International Fragrance Association (IFRA).<\/p>\n            <p>Il RIFM e l&#8217;IFRA sono le principali autorit\u00e0 scientifiche a livello mondiale per il sicuro utilizzo delle fragranze e delle materie prime profumate nei prodotti per la cura della persona.<\/p>\n            <p>S\u00ec!I nostri prodotti sono vegani <br \/> e cruelty-free.<\/p>\n            <p>Non utilizziamo ingredienti di origine animale n\u00e9 sottoprodotti di origine animale. I nostri prodotti non sono mai testati sugli animali.<\/p>\n            S\u00ec!I nostri prodotti sono:\n\n            <!---->\n            <img decoding=\"async\" src=\"https:\/\/monatglobal.com\/it\/wp-content\/uploads\/sites\/29\/2025\/10\/promise-icon-italy.svg\" alt=\"\"\/>\n    <h2>S\u00ec!<br \/>We Are Modern Nature<sup>\u00ae<\/sup><\/h2>\n\n","protected":false},"excerpt":{"rendered":"<p>La scienza di MONAT Gli ingredienti usati da MONAT sono di origine naturale, sicuri e di alta qualit\u00e0. Ma se anche altri brand riconoscono il potere degli oli botanici, in cosa MONAT \u00e8&nbsp;diversa? La risposta \u00e8 nelle nostre formulazioni avanzate, che fanno s\u00ec che gli ingredienti di origine naturale agiscano in armonia tra loro, combinandosi&hellip;<\/p>\n","protected":false},"author":33,"featured_media":108667,"parent":0,"menu_order":0,"comment_status":"closed","ping_status":"closed","template":"","meta":{"inline_featured_image":false,"footnotes":""},"categories":[],"tags":[],"class_list":["post-108593","page","type-page","status-publish","has-post-thumbnail","hentry"],"aioseo_notices":[],"aioseo_head":"\n\t\t<!-- All in One SEO Pro 4.9.5.2 - aioseo.com -->\n\t<meta name=\"description\" content=\"La scienza di MONAT Gli ingredienti usati da MONAT sono di origine naturale, sicuri e di alta qualit\u00e0. Ma se anche altri brand riconoscono il potere degli oli botanici, in cosa MONAT \u00e8 diversa? La risposta \u00e8 nelle nostre formulazioni avanzate, che fanno s\u00ec che gli ingredienti di origine naturale agiscano in armonia tra loro, combinandosi\" \/>\n\t<meta name=\"robots\" content=\"noindex, nofollow, max-image-preview:large\" \/>\n\t<link rel=\"canonical\" href=\"https:\/\/monatglobal.com\/it\/the-science-of-monat\/\" \/>\n\t<meta name=\"generator\" content=\"All in One SEO Pro (AIOSEO) 4.9.5.2\" \/>\n\t\t<meta property=\"og:locale\" content=\"it_IT\" \/>\n\t\t<meta property=\"og:site_name\" content=\"MONAT Italy - We Are Modern Nature\u00ae\" \/>\n\t\t<meta property=\"og:type\" content=\"website\" \/>\n\t\t<meta property=\"og:title\" content=\"La scienza di MONAT - MONAT Italy\" \/>\n\t\t<meta property=\"og:description\" content=\"La scienza di MONAT Gli ingredienti usati da MONAT sono di origine naturale, sicuri e di alta qualit\u00e0. Ma se anche altri brand riconoscono il potere degli oli botanici, in cosa MONAT \u00e8 diversa? La risposta \u00e8 nelle nostre formulazioni avanzate, che fanno s\u00ec che gli ingredienti di origine naturale agiscano in armonia tra loro, combinandosi\" \/>\n\t\t<meta property=\"og:url\" content=\"https:\/\/monatglobal.com\/it\/the-science-of-monat\/\" \/>\n\t\t<meta name=\"twitter:card\" content=\"summary_large_image\" \/>\n\t\t<meta name=\"twitter:title\" content=\"La scienza di MONAT - MONAT Italy\" \/>\n\t\t<meta name=\"twitter:description\" content=\"La scienza di MONAT Gli ingredienti usati da MONAT sono di origine naturale, sicuri e di alta qualit\u00e0. Ma se anche altri brand riconoscono il potere degli oli botanici, in cosa MONAT \u00e8 diversa? La risposta \u00e8 nelle nostre formulazioni avanzate, che fanno s\u00ec che gli ingredienti di origine naturale agiscano in armonia tra loro, combinandosi\" \/>\n\t\t<script type=\"application\/ld+json\" class=\"aioseo-schema\">\n\t\t\t{\"@context\":\"https:\\\/\\\/schema.org\",\"@graph\":[{\"@type\":\"BreadcrumbList\",\"@id\":\"https:\\\/\\\/monatglobal.com\\\/it\\\/the-science-of-monat\\\/#breadcrumblist\",\"itemListElement\":[{\"@type\":\"ListItem\",\"@id\":\"https:\\\/\\\/monatglobal.com\\\/it#listItem\",\"position\":1,\"name\":\"Home\",\"item\":\"https:\\\/\\\/monatglobal.com\\\/it\",\"nextItem\":{\"@type\":\"ListItem\",\"@id\":\"https:\\\/\\\/monatglobal.com\\\/it\\\/the-science-of-monat\\\/#listItem\",\"name\":\"La scienza di MONAT\"}},{\"@type\":\"ListItem\",\"@id\":\"https:\\\/\\\/monatglobal.com\\\/it\\\/the-science-of-monat\\\/#listItem\",\"position\":2,\"name\":\"La scienza di MONAT\",\"previousItem\":{\"@type\":\"ListItem\",\"@id\":\"https:\\\/\\\/monatglobal.com\\\/it#listItem\",\"name\":\"Home\"}}]},{\"@type\":\"Organization\",\"@id\":\"https:\\\/\\\/monatglobal.com\\\/it\\\/#organization\",\"name\":\"MONAT Italy\",\"description\":\"We Are Modern Nature\\u00ae\",\"url\":\"https:\\\/\\\/monatglobal.com\\\/it\\\/\"},{\"@type\":\"WebPage\",\"@id\":\"https:\\\/\\\/monatglobal.com\\\/it\\\/the-science-of-monat\\\/#webpage\",\"url\":\"https:\\\/\\\/monatglobal.com\\\/it\\\/the-science-of-monat\\\/\",\"name\":\"La scienza di MONAT - MONAT Italy\",\"description\":\"La scienza di MONAT Gli ingredienti usati da MONAT sono di origine naturale, sicuri e di alta qualit\\u00e0. Ma se anche altri brand riconoscono il potere degli oli botanici, in cosa MONAT \\u00e8 diversa? La risposta \\u00e8 nelle nostre formulazioni avanzate, che fanno s\\u00ec che gli ingredienti di origine naturale agiscano in armonia tra loro, combinandosi\",\"inLanguage\":\"it-IT\",\"isPartOf\":{\"@id\":\"https:\\\/\\\/monatglobal.com\\\/it\\\/#website\"},\"breadcrumb\":{\"@id\":\"https:\\\/\\\/monatglobal.com\\\/it\\\/the-science-of-monat\\\/#breadcrumblist\"},\"image\":{\"@type\":\"ImageObject\",\"url\":\"https:\\\/\\\/monatglobal.com\\\/it\\\/wp-content\\\/uploads\\\/sites\\\/29\\\/2025\\\/11\\\/Screenshot-2025-11-02-at-9.55.10\\u202fPM.png\",\"@id\":\"https:\\\/\\\/monatglobal.com\\\/it\\\/the-science-of-monat\\\/#mainImage\",\"width\":3224,\"height\":1322},\"primaryImageOfPage\":{\"@id\":\"https:\\\/\\\/monatglobal.com\\\/it\\\/the-science-of-monat\\\/#mainImage\"},\"datePublished\":\"2025-10-09T18:45:45+01:00\",\"dateModified\":\"2026-02-27T16:11:53+00:00\"},{\"@type\":\"WebSite\",\"@id\":\"https:\\\/\\\/monatglobal.com\\\/it\\\/#website\",\"url\":\"https:\\\/\\\/monatglobal.com\\\/it\\\/\",\"name\":\"MONAT Italy\",\"description\":\"We Are Modern Nature\\u00ae\",\"inLanguage\":\"it-IT\",\"publisher\":{\"@id\":\"https:\\\/\\\/monatglobal.com\\\/it\\\/#organization\"}}]}\n\t\t<\/script>\n\t\t<!-- All in One SEO Pro -->\r\n\t\t<title>La scienza di MONAT - MONAT Italy<\/title>\n\n","aioseo_head_json":{"title":"La scienza di MONAT - MONAT Italy","description":"La scienza di MONAT Gli ingredienti usati da MONAT sono di origine naturale, sicuri e di alta qualit\u00e0. Ma se anche altri brand riconoscono il potere degli oli botanici, in cosa MONAT \u00e8 diversa? La risposta \u00e8 nelle nostre formulazioni avanzate, che fanno s\u00ec che gli ingredienti di origine naturale agiscano in armonia tra loro, combinandosi","canonical_url":"https:\/\/monatglobal.com\/it\/the-science-of-monat\/","robots":"noindex, nofollow, max-image-preview:large","keywords":"","webmasterTools":{"miscellaneous":""},"schema":{"@context":"https:\/\/schema.org","@graph":[{"@type":"BreadcrumbList","@id":"https:\/\/monatglobal.com\/it\/the-science-of-monat\/#breadcrumblist","itemListElement":[{"@type":"ListItem","@id":"https:\/\/monatglobal.com\/it#listItem","position":1,"name":"Home","item":"https:\/\/monatglobal.com\/it","nextItem":{"@type":"ListItem","@id":"https:\/\/monatglobal.com\/it\/the-science-of-monat\/#listItem","name":"La scienza di MONAT"}},{"@type":"ListItem","@id":"https:\/\/monatglobal.com\/it\/the-science-of-monat\/#listItem","position":2,"name":"La scienza di MONAT","previousItem":{"@type":"ListItem","@id":"https:\/\/monatglobal.com\/it#listItem","name":"Home"}}]},{"@type":"Organization","@id":"https:\/\/monatglobal.com\/it\/#organization","name":"MONAT Italy","description":"We Are Modern Nature\u00ae","url":"https:\/\/monatglobal.com\/it\/"},{"@type":"WebPage","@id":"https:\/\/monatglobal.com\/it\/the-science-of-monat\/#webpage","url":"https:\/\/monatglobal.com\/it\/the-science-of-monat\/","name":"La scienza di MONAT - MONAT Italy","description":"La scienza di MONAT Gli ingredienti usati da MONAT sono di origine naturale, sicuri e di alta qualit\u00e0. Ma se anche altri brand riconoscono il potere degli oli botanici, in cosa MONAT \u00e8 diversa? La risposta \u00e8 nelle nostre formulazioni avanzate, che fanno s\u00ec che gli ingredienti di origine naturale agiscano in armonia tra loro, combinandosi","inLanguage":"it-IT","isPartOf":{"@id":"https:\/\/monatglobal.com\/it\/#website"},"breadcrumb":{"@id":"https:\/\/monatglobal.com\/it\/the-science-of-monat\/#breadcrumblist"},"image":{"@type":"ImageObject","url":"https:\/\/monatglobal.com\/it\/wp-content\/uploads\/sites\/29\/2025\/11\/Screenshot-2025-11-02-at-9.55.10\u202fPM.png","@id":"https:\/\/monatglobal.com\/it\/the-science-of-monat\/#mainImage","width":3224,"height":1322},"primaryImageOfPage":{"@id":"https:\/\/monatglobal.com\/it\/the-science-of-monat\/#mainImage"},"datePublished":"2025-10-09T18:45:45+01:00","dateModified":"2026-02-27T16:11:53+00:00"},{"@type":"WebSite","@id":"https:\/\/monatglobal.com\/it\/#website","url":"https:\/\/monatglobal.com\/it\/","name":"MONAT Italy","description":"We Are Modern Nature\u00ae","inLanguage":"it-IT","publisher":{"@id":"https:\/\/monatglobal.com\/it\/#organization"}}]},"og:locale":"it_IT","og:site_name":"MONAT Italy - We Are Modern Nature\u00ae","og:type":"website","og:title":"La scienza di MONAT - MONAT Italy","og:description":"La scienza di MONAT Gli ingredienti usati da MONAT sono di origine naturale, sicuri e di alta qualit\u00e0. Ma se anche altri brand riconoscono il potere degli oli botanici, in cosa MONAT \u00e8 diversa? La risposta \u00e8 nelle nostre formulazioni avanzate, che fanno s\u00ec che gli ingredienti di origine naturale agiscano in armonia tra loro, combinandosi","og:url":"https:\/\/monatglobal.com\/it\/the-science-of-monat\/","twitter:card":"summary_large_image","twitter:title":"La scienza di MONAT - MONAT Italy","twitter:description":"La scienza di MONAT Gli ingredienti usati da MONAT sono di origine naturale, sicuri e di alta qualit\u00e0. Ma se anche altri brand riconoscono il potere degli oli botanici, in cosa MONAT \u00e8 diversa? La risposta \u00e8 nelle nostre formulazioni avanzate, che fanno s\u00ec che gli ingredienti di origine naturale agiscano in armonia tra loro, combinandosi"},"aioseo_meta_data":{"post_id":"108593","title":null,"description":null,"keywords":null,"keyphrases":null,"primary_term":null,"canonical_url":null,"og_title":null,"og_description":null,"og_object_type":"website","og_image_type":"default","og_image_url":null,"og_image_width":null,"og_image_height":null,"og_image_custom_url":null,"og_image_custom_fields":null,"og_video":null,"og_custom_url":null,"og_article_section":null,"og_article_tags":null,"twitter_use_og":false,"twitter_card":"default","twitter_image_type":"default","twitter_image_url":null,"twitter_image_custom_url":null,"twitter_image_custom_fields":null,"twitter_title":null,"twitter_description":null,"schema":{"blockGraphs":[],"customGraphs":[],"default":{"data":{"Article":[],"Course":[],"Dataset":[],"FAQPage":[],"Movie":[],"Person":[],"Product":[],"ProductReview":[],"Car":[],"Recipe":[],"Service":[],"SoftwareApplication":[],"WebPage":[]},"graphName":"WebPage","isEnabled":true},"graphs":[]},"schema_type":"default","schema_type_options":null,"pillar_content":false,"robots_default":true,"robots_noindex":false,"robots_noarchive":false,"robots_nosnippet":false,"robots_nofollow":false,"robots_noimageindex":false,"robots_noodp":false,"robots_notranslate":false,"robots_max_snippet":null,"robots_max_videopreview":null,"robots_max_imagepreview":"large","priority":null,"frequency":null,"local_seo":null,"seo_analyzer_scan_date":null,"breadcrumb_settings":null,"limit_modified_date":false,"reviewed_by":null,"open_ai":null,"ai":null,"created":"2026-02-09 20:00:22","updated":"2026-02-27 17:00:23"},"aioseo_breadcrumb":"<div class=\"aioseo-breadcrumbs\"><span class=\"aioseo-breadcrumb\">\n\t<a href=\"https:\/\/monatglobal.com\/it\" title=\"Home\">Home<\/a>\n<\/span><span class=\"aioseo-breadcrumb-separator\">&raquo;<\/span><span class=\"aioseo-breadcrumb\">\n\tLa scienza di MONAT\n<\/span><\/div>","aioseo_breadcrumb_json":[{"label":"Home","link":"https:\/\/monatglobal.com\/it"},{"label":"La scienza di MONAT","link":"https:\/\/monatglobal.com\/it\/the-science-of-monat\/"}],"_links":{"self":[{"href":"https:\/\/monatglobal.com\/it\/wp-json\/wp\/v2\/pages\/108593","targetHints":{"allow":["GET"]}}],"collection":[{"href":"https:\/\/monatglobal.com\/it\/wp-json\/wp\/v2\/pages"}],"about":[{"href":"https:\/\/monatglobal.com\/it\/wp-json\/wp\/v2\/types\/page"}],"author":[{"embeddable":true,"href":"https:\/\/monatglobal.com\/it\/wp-json\/wp\/v2\/users\/33"}],"replies":[{"embeddable":true,"href":"https:\/\/monatglobal.com\/it\/wp-json\/wp\/v2\/comments?post=108593"}],"version-history":[{"count":9,"href":"https:\/\/monatglobal.com\/it\/wp-json\/wp\/v2\/pages\/108593\/revisions"}],"predecessor-version":[{"id":108801,"href":"https:\/\/monatglobal.com\/it\/wp-json\/wp\/v2\/pages\/108593\/revisions\/108801"}],"wp:featuredmedia":[{"embeddable":true,"href":"https:\/\/monatglobal.com\/it\/wp-json\/wp\/v2\/media\/108667"}],"wp:attachment":[{"href":"https:\/\/monatglobal.com\/it\/wp-json\/wp\/v2\/media?parent=108593"}],"wp:term":[{"taxonomy":"category","embeddable":true,"href":"https:\/\/monatglobal.com\/it\/wp-json\/wp\/v2\/categories?post=108593"},{"taxonomy":"post_tag","embeddable":true,"href":"https:\/\/monatglobal.com\/it\/wp-json\/wp\/v2\/tags?post=108593"}],"curies":[{"name":"wp","href":"https:\/\/api.w.org\/{rel}","templated":true}]}}