{"id":108577,"date":"2025-09-30T21:56:59","date_gmt":"2025-09-30T20:56:59","guid":{"rendered":"https:\/\/monatglobal.com\/it\/?page_id=108577"},"modified":"2025-11-03T02:52:46","modified_gmt":"2025-11-03T02:52:46","slug":"culture","status":"publish","type":"page","link":"https:\/\/monatglobal.com\/it\/culture\/","title":{"rendered":"La Cultura MONAT"},"content":{"rendered":"\n<link rel=\"stylesheet\" href=\"https:\/\/unpkg.com\/swiper\/swiper-bundle.min.css\">\n<section id=\"welcomeSec\"> \n            <p>TI DIAMO IL <\/p>\n            <img decoding=\"async\" src=\"https:\/\/monatglobal.com\/wp-content\/uploads\/2022\/10\/Rectangle-15Imagen1-1.png\" loading=\"lazy\">\n            <img decoding=\"async\" src=\"https:\/\/monatglobal.com\/wp-content\/uploads\/2022\/10\/193168168a50b2ff3e7a2b160179a2b9-min.gif\" loading=\"lazy\">\n            <p>BENVENUTO NELLA <\/p>\n            <p>FAMIGLIA MONAT!<\/p>\n            <img decoding=\"async\" src=\"https:\/\/monatglobal.com\/wp-content\/uploads\/2022\/10\/Rectangle-16Imagen3-1.png\" loading=\"lazy\">\n        <p>LA CULTURA MONAT<\/p>\n<\/section>\n<section id=\"aboutSec\">\n        <img decoding=\"async\" src=\"https:\/\/monatglobal.com\/wp-content\/uploads\/2022\/10\/Group-151circulo.png\" loading=\"lazy\">\n            <h2>In MONAT siamo orgogliosi dei nostri prodotti di origine naturale, ma per noi si tratta di molto pi\u00f9 che avere capelli e pelle splendidi!<\/h2>\n            <p>Ci\u00f2 che ci rende pi\u00f9 orgogliosi sono le vite che trasformiamo grazie a un&#8217;opportunit\u00e0 straordinaria, perch\u00e9 cambiare la vita delle persone significa dare un senso autentico al nostro lavoro.<\/p>\n<\/section> \n<section id=\"largeSec\">\n                <h2>La nostra missione \u00e8 aiutare le persone in tutto il mondo a vivere una vita bella, sana e appagante grazie ai nostri prodotti d&#8217;eccellenza a base naturale, a un&#8217;opportunit\u00e0 di business divertente e gratificante e a una cultura fondata su famiglia, servizio e&nbsp;gratitudine.<\/h2>\n                            <img decoding=\"async\" src=\"https:\/\/monatglobal.com\/wp-content\/uploads\/2022\/10\/slider3.jpg\" alt=\"\" loading=\"lazy\">\n                            <img decoding=\"async\" src=\"https:\/\/monatglobal.com\/wp-content\/uploads\/2022\/10\/slider1.jpg\" alt=\"\" loading=\"lazy\">\n                            <img decoding=\"async\" src=\"https:\/\/monatglobal.com\/wp-content\/uploads\/2022\/10\/slider2.jpg\" alt=\"\" loading=\"lazy\">\n                <img decoding=\"async\" src=\"https:\/\/monatglobal.com\/wp-content\/uploads\/2022\/10\/hover1.jpg\" loading=\"lazy\">\n                    <h2>PRODOTTI DI ORIGINE NATURALE<\/h2>\n                <img decoding=\"async\" src=\"https:\/\/monatglobal.com\/wp-content\/uploads\/2022\/10\/hover2.jpg\" loading=\"lazy\">\n                    <h2>UN&#8217;OPPORTUNIT\u00c0 DIVERTENTE E GRATIFICANTE<\/h2>\n                <img decoding=\"async\" src=\"https:\/\/monatglobal.com\/wp-content\/uploads\/2022\/10\/hover3-1.jpg\" loading=\"lazy\">\n                    <h2>UNA CULTURA FONDATA SU FAMIGLIA, SERVIZIO E GRATITUDINE<\/h2>\n            <h2>Ci ispiriamo a valori fondamentali che orientano ogni nostra&nbsp;decisione.<\/h2>\n            <img decoding=\"async\" src=\"https:\/\/monatglobal.com\/wp-content\/uploads\/2022\/10\/Rectangle-230familia-con-perrito.jpg\" loading=\"lazy\"> \n                <h2>Ci ispiriamo a valori fondamentali che orientano ogni nostra&nbsp;decisione.<\/h2>\n                <p>Il nostro impegno \u00e8 rendere le vite delle persone migliori, in modo concreto e positivo. Soprattutto, crediamo che la famiglia venga sempre al primo posto e per questo riteniamo che i nostri Market Partner e i loro clienti debbano sempre sentirsi trattati come membri della&nbsp;famiglia.<\/p>\n<\/section>\n<section id=\"philosophySec\">\n        <img decoding=\"async\" src=\"https:\/\/monatglobal.com\/wp-content\/uploads\/2022\/10\/EJR09178-1Philosofy2.jpg\" loading=\"lazy\">\n                <h2>La nostra filosofia \u00e8 molto&nbsp;semplice<\/h2>\n                <h3>Abbiamo successo quando aiutiamo gli altri ad avere successo.<\/h3> \n                <p>Siamo felici quando aiutiamo gli altri a essere felici. In MONAT aiutiamo le persone a vivere una vita bella, dentro e fuori. Questo significa anche essere grati per tutto ci\u00f2 che abbiamo e restituire valore alle comunit\u00e0 in cui viviamo e cresciamo&nbsp;insieme!<\/p>\n        <img decoding=\"async\" src=\"https:\/\/monatglobal.com\/wp-content\/uploads\/2022\/10\/Component-7Pholosophy.jpg\" loading=\"lazy\">\n        <img decoding=\"async\" src=\"https:\/\/monatglobal.com\/wp-content\/uploads\/2022\/10\/EJR09178-1Philosofy2.jpg\" loading=\"lazy\">\n<\/section>\n","protected":false},"excerpt":{"rendered":"<p>TI DIAMO IL BENVENUTO NELLA FAMIGLIA MONAT! LA CULTURA MONAT In MONAT siamo orgogliosi dei nostri prodotti di origine naturale, ma per noi si tratta di molto pi\u00f9 che avere capelli e pelle splendidi! Ci\u00f2 che ci rende pi\u00f9 orgogliosi sono le vite che trasformiamo grazie a un&#8217;opportunit\u00e0 straordinaria, perch\u00e9 cambiare la vita delle persone&hellip;<\/p>\n","protected":false},"author":33,"featured_media":108663,"parent":0,"menu_order":0,"comment_status":"closed","ping_status":"closed","template":"","meta":{"inline_featured_image":false,"footnotes":""},"categories":[],"tags":[],"class_list":["post-108577","page","type-page","status-publish","has-post-thumbnail","hentry"],"aioseo_notices":[],"aioseo_head":"\n\t\t<!-- All in One SEO Pro 4.9.5.2 - aioseo.com -->\n\t<meta name=\"description\" content=\"TI DIAMO IL BENVENUTO NELLA FAMIGLIA MONAT! LA CULTURA MONAT In MONAT siamo orgogliosi dei nostri prodotti di origine naturale, ma per noi si tratta di molto pi\u00f9 che avere capelli e pelle splendidi! Ci\u00f2 che ci rende pi\u00f9 orgogliosi sono le vite che trasformiamo grazie a un&#039;opportunit\u00e0 straordinaria, perch\u00e9 cambiare la vita delle persone\" \/>\n\t<meta name=\"robots\" content=\"noindex, nofollow, max-image-preview:large\" \/>\n\t<link rel=\"canonical\" href=\"https:\/\/monatglobal.com\/it\/culture\/\" \/>\n\t<meta name=\"generator\" content=\"All in One SEO Pro (AIOSEO) 4.9.5.2\" \/>\n\t\t<meta property=\"og:locale\" content=\"it_IT\" \/>\n\t\t<meta property=\"og:site_name\" content=\"MONAT Italy - We Are Modern Nature\u00ae\" \/>\n\t\t<meta property=\"og:type\" content=\"website\" \/>\n\t\t<meta property=\"og:title\" content=\"La Cultura MONAT - MONAT Italy\" \/>\n\t\t<meta property=\"og:description\" content=\"TI DIAMO IL BENVENUTO NELLA FAMIGLIA MONAT! LA CULTURA MONAT In MONAT siamo orgogliosi dei nostri prodotti di origine naturale, ma per noi si tratta di molto pi\u00f9 che avere capelli e pelle splendidi! Ci\u00f2 che ci rende pi\u00f9 orgogliosi sono le vite che trasformiamo grazie a un&#039;opportunit\u00e0 straordinaria, perch\u00e9 cambiare la vita delle persone\" \/>\n\t\t<meta property=\"og:url\" content=\"https:\/\/monatglobal.com\/it\/culture\/\" \/>\n\t\t<meta name=\"twitter:card\" content=\"summary_large_image\" \/>\n\t\t<meta name=\"twitter:title\" content=\"La Cultura MONAT - MONAT Italy\" \/>\n\t\t<meta name=\"twitter:description\" content=\"TI DIAMO IL BENVENUTO NELLA FAMIGLIA MONAT! LA CULTURA MONAT In MONAT siamo orgogliosi dei nostri prodotti di origine naturale, ma per noi si tratta di molto pi\u00f9 che avere capelli e pelle splendidi! Ci\u00f2 che ci rende pi\u00f9 orgogliosi sono le vite che trasformiamo grazie a un&#039;opportunit\u00e0 straordinaria, perch\u00e9 cambiare la vita delle persone\" \/>\n\t\t<script type=\"application\/ld+json\" class=\"aioseo-schema\">\n\t\t\t{\"@context\":\"https:\\\/\\\/schema.org\",\"@graph\":[{\"@type\":\"BreadcrumbList\",\"@id\":\"https:\\\/\\\/monatglobal.com\\\/it\\\/culture\\\/#breadcrumblist\",\"itemListElement\":[{\"@type\":\"ListItem\",\"@id\":\"https:\\\/\\\/monatglobal.com\\\/it#listItem\",\"position\":1,\"name\":\"Home\",\"item\":\"https:\\\/\\\/monatglobal.com\\\/it\",\"nextItem\":{\"@type\":\"ListItem\",\"@id\":\"https:\\\/\\\/monatglobal.com\\\/it\\\/culture\\\/#listItem\",\"name\":\"La Cultura MONAT\"}},{\"@type\":\"ListItem\",\"@id\":\"https:\\\/\\\/monatglobal.com\\\/it\\\/culture\\\/#listItem\",\"position\":2,\"name\":\"La Cultura MONAT\",\"previousItem\":{\"@type\":\"ListItem\",\"@id\":\"https:\\\/\\\/monatglobal.com\\\/it#listItem\",\"name\":\"Home\"}}]},{\"@type\":\"Organization\",\"@id\":\"https:\\\/\\\/monatglobal.com\\\/it\\\/#organization\",\"name\":\"MONAT Italy\",\"description\":\"We Are Modern Nature\\u00ae\",\"url\":\"https:\\\/\\\/monatglobal.com\\\/it\\\/\"},{\"@type\":\"WebPage\",\"@id\":\"https:\\\/\\\/monatglobal.com\\\/it\\\/culture\\\/#webpage\",\"url\":\"https:\\\/\\\/monatglobal.com\\\/it\\\/culture\\\/\",\"name\":\"La Cultura MONAT - MONAT Italy\",\"description\":\"TI DIAMO IL BENVENUTO NELLA FAMIGLIA MONAT! LA CULTURA MONAT In MONAT siamo orgogliosi dei nostri prodotti di origine naturale, ma per noi si tratta di molto pi\\u00f9 che avere capelli e pelle splendidi! Ci\\u00f2 che ci rende pi\\u00f9 orgogliosi sono le vite che trasformiamo grazie a un'opportunit\\u00e0 straordinaria, perch\\u00e9 cambiare la vita delle persone\",\"inLanguage\":\"it-IT\",\"isPartOf\":{\"@id\":\"https:\\\/\\\/monatglobal.com\\\/it\\\/#website\"},\"breadcrumb\":{\"@id\":\"https:\\\/\\\/monatglobal.com\\\/it\\\/culture\\\/#breadcrumblist\"},\"image\":{\"@type\":\"ImageObject\",\"url\":\"https:\\\/\\\/monatglobal.com\\\/it\\\/wp-content\\\/uploads\\\/sites\\\/29\\\/2025\\\/11\\\/our-culture-monat.jpg\",\"@id\":\"https:\\\/\\\/monatglobal.com\\\/it\\\/culture\\\/#mainImage\",\"width\":1000,\"height\":710},\"primaryImageOfPage\":{\"@id\":\"https:\\\/\\\/monatglobal.com\\\/it\\\/culture\\\/#mainImage\"},\"datePublished\":\"2025-09-30T21:56:59+01:00\",\"dateModified\":\"2025-11-03T02:52:46+00:00\"},{\"@type\":\"WebSite\",\"@id\":\"https:\\\/\\\/monatglobal.com\\\/it\\\/#website\",\"url\":\"https:\\\/\\\/monatglobal.com\\\/it\\\/\",\"name\":\"MONAT Italy\",\"description\":\"We Are Modern Nature\\u00ae\",\"inLanguage\":\"it-IT\",\"publisher\":{\"@id\":\"https:\\\/\\\/monatglobal.com\\\/it\\\/#organization\"}}]}\n\t\t<\/script>\n\t\t<!-- All in One SEO Pro -->\r\n\t\t<title>La Cultura MONAT - MONAT Italy<\/title>\n\n","aioseo_head_json":{"title":"La Cultura MONAT - MONAT Italy","description":"TI DIAMO IL BENVENUTO NELLA FAMIGLIA MONAT! LA CULTURA MONAT In MONAT siamo orgogliosi dei nostri prodotti di origine naturale, ma per noi si tratta di molto pi\u00f9 che avere capelli e pelle splendidi! Ci\u00f2 che ci rende pi\u00f9 orgogliosi sono le vite che trasformiamo grazie a un'opportunit\u00e0 straordinaria, perch\u00e9 cambiare la vita delle persone","canonical_url":"https:\/\/monatglobal.com\/it\/culture\/","robots":"noindex, nofollow, max-image-preview:large","keywords":"","webmasterTools":{"miscellaneous":""},"schema":{"@context":"https:\/\/schema.org","@graph":[{"@type":"BreadcrumbList","@id":"https:\/\/monatglobal.com\/it\/culture\/#breadcrumblist","itemListElement":[{"@type":"ListItem","@id":"https:\/\/monatglobal.com\/it#listItem","position":1,"name":"Home","item":"https:\/\/monatglobal.com\/it","nextItem":{"@type":"ListItem","@id":"https:\/\/monatglobal.com\/it\/culture\/#listItem","name":"La Cultura MONAT"}},{"@type":"ListItem","@id":"https:\/\/monatglobal.com\/it\/culture\/#listItem","position":2,"name":"La Cultura MONAT","previousItem":{"@type":"ListItem","@id":"https:\/\/monatglobal.com\/it#listItem","name":"Home"}}]},{"@type":"Organization","@id":"https:\/\/monatglobal.com\/it\/#organization","name":"MONAT Italy","description":"We Are Modern Nature\u00ae","url":"https:\/\/monatglobal.com\/it\/"},{"@type":"WebPage","@id":"https:\/\/monatglobal.com\/it\/culture\/#webpage","url":"https:\/\/monatglobal.com\/it\/culture\/","name":"La Cultura MONAT - MONAT Italy","description":"TI DIAMO IL BENVENUTO NELLA FAMIGLIA MONAT! LA CULTURA MONAT In MONAT siamo orgogliosi dei nostri prodotti di origine naturale, ma per noi si tratta di molto pi\u00f9 che avere capelli e pelle splendidi! Ci\u00f2 che ci rende pi\u00f9 orgogliosi sono le vite che trasformiamo grazie a un'opportunit\u00e0 straordinaria, perch\u00e9 cambiare la vita delle persone","inLanguage":"it-IT","isPartOf":{"@id":"https:\/\/monatglobal.com\/it\/#website"},"breadcrumb":{"@id":"https:\/\/monatglobal.com\/it\/culture\/#breadcrumblist"},"image":{"@type":"ImageObject","url":"https:\/\/monatglobal.com\/it\/wp-content\/uploads\/sites\/29\/2025\/11\/our-culture-monat.jpg","@id":"https:\/\/monatglobal.com\/it\/culture\/#mainImage","width":1000,"height":710},"primaryImageOfPage":{"@id":"https:\/\/monatglobal.com\/it\/culture\/#mainImage"},"datePublished":"2025-09-30T21:56:59+01:00","dateModified":"2025-11-03T02:52:46+00:00"},{"@type":"WebSite","@id":"https:\/\/monatglobal.com\/it\/#website","url":"https:\/\/monatglobal.com\/it\/","name":"MONAT Italy","description":"We Are Modern Nature\u00ae","inLanguage":"it-IT","publisher":{"@id":"https:\/\/monatglobal.com\/it\/#organization"}}]},"og:locale":"it_IT","og:site_name":"MONAT Italy - We Are Modern Nature\u00ae","og:type":"website","og:title":"La Cultura MONAT - MONAT Italy","og:description":"TI DIAMO IL BENVENUTO NELLA FAMIGLIA MONAT! LA CULTURA MONAT In MONAT siamo orgogliosi dei nostri prodotti di origine naturale, ma per noi si tratta di molto pi\u00f9 che avere capelli e pelle splendidi! Ci\u00f2 che ci rende pi\u00f9 orgogliosi sono le vite che trasformiamo grazie a un'opportunit\u00e0 straordinaria, perch\u00e9 cambiare la vita delle persone","og:url":"https:\/\/monatglobal.com\/it\/culture\/","twitter:card":"summary_large_image","twitter:title":"La Cultura MONAT - MONAT Italy","twitter:description":"TI DIAMO IL BENVENUTO NELLA FAMIGLIA MONAT! LA CULTURA MONAT In MONAT siamo orgogliosi dei nostri prodotti di origine naturale, ma per noi si tratta di molto pi\u00f9 che avere capelli e pelle splendidi! Ci\u00f2 che ci rende pi\u00f9 orgogliosi sono le vite che trasformiamo grazie a un'opportunit\u00e0 straordinaria, perch\u00e9 cambiare la vita delle persone"},"aioseo_meta_data":{"post_id":"108577","title":null,"description":null,"keywords":null,"keyphrases":null,"primary_term":null,"canonical_url":null,"og_title":null,"og_description":null,"og_object_type":"website","og_image_type":"default","og_image_url":null,"og_image_width":null,"og_image_height":null,"og_image_custom_url":null,"og_image_custom_fields":null,"og_video":null,"og_custom_url":null,"og_article_section":null,"og_article_tags":null,"twitter_use_og":false,"twitter_card":"default","twitter_image_type":"default","twitter_image_url":null,"twitter_image_custom_url":null,"twitter_image_custom_fields":null,"twitter_title":null,"twitter_description":null,"schema":{"blockGraphs":[],"customGraphs":[],"default":{"data":{"Article":[],"Course":[],"Dataset":[],"FAQPage":[],"Movie":[],"Person":[],"Product":[],"ProductReview":[],"Car":[],"Recipe":[],"Service":[],"SoftwareApplication":[],"WebPage":[]},"graphName":"","isEnabled":true},"graphs":[]},"schema_type":"default","schema_type_options":null,"pillar_content":false,"robots_default":true,"robots_noindex":false,"robots_noarchive":false,"robots_nosnippet":false,"robots_nofollow":false,"robots_noimageindex":false,"robots_noodp":false,"robots_notranslate":false,"robots_max_snippet":null,"robots_max_videopreview":null,"robots_max_imagepreview":"large","priority":null,"frequency":null,"local_seo":null,"seo_analyzer_scan_date":null,"breadcrumb_settings":null,"limit_modified_date":false,"reviewed_by":null,"open_ai":null,"ai":null,"created":"2026-02-09 20:00:22","updated":"2026-02-17 18:08:48"},"aioseo_breadcrumb":"<div class=\"aioseo-breadcrumbs\"><span class=\"aioseo-breadcrumb\">\n\t<a href=\"https:\/\/monatglobal.com\/it\" title=\"Home\">Home<\/a>\n<\/span><span class=\"aioseo-breadcrumb-separator\">&raquo;<\/span><span class=\"aioseo-breadcrumb\">\n\tLa Cultura MONAT\n<\/span><\/div>","aioseo_breadcrumb_json":[{"label":"Home","link":"https:\/\/monatglobal.com\/it"},{"label":"La Cultura MONAT","link":"https:\/\/monatglobal.com\/it\/culture\/"}],"_links":{"self":[{"href":"https:\/\/monatglobal.com\/it\/wp-json\/wp\/v2\/pages\/108577","targetHints":{"allow":["GET"]}}],"collection":[{"href":"https:\/\/monatglobal.com\/it\/wp-json\/wp\/v2\/pages"}],"about":[{"href":"https:\/\/monatglobal.com\/it\/wp-json\/wp\/v2\/types\/page"}],"author":[{"embeddable":true,"href":"https:\/\/monatglobal.com\/it\/wp-json\/wp\/v2\/users\/33"}],"replies":[{"embeddable":true,"href":"https:\/\/monatglobal.com\/it\/wp-json\/wp\/v2\/comments?post=108577"}],"version-history":[{"count":6,"href":"https:\/\/monatglobal.com\/it\/wp-json\/wp\/v2\/pages\/108577\/revisions"}],"predecessor-version":[{"id":108664,"href":"https:\/\/monatglobal.com\/it\/wp-json\/wp\/v2\/pages\/108577\/revisions\/108664"}],"wp:featuredmedia":[{"embeddable":true,"href":"https:\/\/monatglobal.com\/it\/wp-json\/wp\/v2\/media\/108663"}],"wp:attachment":[{"href":"https:\/\/monatglobal.com\/it\/wp-json\/wp\/v2\/media?parent=108577"}],"wp:term":[{"taxonomy":"category","embeddable":true,"href":"https:\/\/monatglobal.com\/it\/wp-json\/wp\/v2\/categories?post=108577"},{"taxonomy":"post_tag","embeddable":true,"href":"https:\/\/monatglobal.com\/it\/wp-json\/wp\/v2\/tags?post=108577"}],"curies":[{"name":"wp","href":"https:\/\/api.w.org\/{rel}","templated":true}]}}