{"id":86988,"date":"2025-05-16T17:05:03","date_gmt":"2025-05-16T16:05:03","guid":{"rendered":"https:\/\/monatglobal.com\/fr\/?page_id=86988"},"modified":"2026-02-13T20:22:19","modified_gmt":"2026-02-13T20:22:19","slug":"smoothing-anti-frizz-spray","status":"publish","type":"page","link":"https:\/\/monatglobal.com\/fr\/smoothing-anti-frizz-spray\/","title":{"rendered":"Spray pour brushing Smoothing Anti-Frizz\u2122"},"content":{"rendered":"\n\n\t<link rel=\"stylesheet\" href=\"https:\/\/unpkg.com\/swiper\/swiper-bundle.min.css\" \/>\n<link rel=\"stylesheet\" href=\"https:\/\/monatglobal.com\/wp-content\/creative_css\/product_styles_sheet.css\" \/>\n   <!--==================================================== ECOMM SECTION ====================================================-->\n      <!--==================================================== Ecomm image ====================================================-->\n      <img decoding=\"async\" src=\"https:\/\/monatglobal.com\/wp-content\/uploads\/2022\/05\/anti-frizz-blow-out-spray-ecomm.png\" alt=\"Smoothing Anti-Frizz\u2122 Blow Out Spray\" loading=\"lazy\"\/>\n      <!--==================================================== Ecomm information  ====================================================-->\n         \n         <h1>Spray <br \/>pour brushing<\/h1>\n         <p>Smoothing Anti-Frizz\u2122<\/p>\n         <p>Il lisse, adoucit et renforce les cheveux pour un brushing impeccable qui dure pendant 72&nbsp;heures.  <\/p>\n         <p>134 ml \u212e 4,5 oz liq.<\/p>\n       <!--==================================================== pricing box ====================================================-->    \n         <p>Prix de d\u00e9tail<br \/>00.00 \u20ac<\/p>\n         <p>Prix de client VIP<br \/>00.00 \u20ac<\/p>\n       <!--==================================================== pricing box ====================================================-->    \n         <p>Pour en savoir plus sur le Spray pour brushing Smoothing Anti-Frizz\u2122, veuillez contacter votre partenaire de march\u00e9&nbsp;MONAT.<\/p>\n          <a href=\"\" target=\"_blank\" role=\"button\" aria-label=\"\" rel=\"noopener\"><\/a>\n   <!--==================================================== \/ECOMM SECTION  ====================================================-->\n   <!--==================================================== Benefits image ====================================================-->\n   \n      <source media=\"(max-width: 700px)\" srcset=\"https:\/\/monatglobal.com\/wp-content\/uploads\/2022\/05\/anti-frizz-blow-out-spray-benefits-mobile.jpg\" loading=\"lazy\"\/>\n      <img decoding=\"async\" alt=\"A blonde female with damp hair applying Smoothing Anti-Frizz\u2122 Blow Out Spray.\" \n      src=\"https:\/\/monatglobal.com\/wp-content\/uploads\/2022\/05\/anti-frizz-Blow-Out-Spray-benefits.jpg\" loading=\"lazy\"\/>\n   \n   <!--==================================================== Benefits text ====================================================-->\n         <h2>BIENFAITS<\/h2>\n         <h3>Le produit coiffant multifonction id\u00e9al pour des cheveux plus lisses, plus doux et moins&nbsp;frisott\u00e9s. <\/h3>\n         <p>Procure une protection thermique jusqu&#8217;\u00e0 450\u00a0\u00b0F et pr\u00e9serve les colorations jusqu&#8217;\u00e0 20 lavages tout en minimisant les pointes fourchues et les frisottis pour des looks lisses qui r\u00e9sistent \u00e0&nbsp;l&#8217;humidit\u00e9.<sup>1<\/sup>   <\/p>\n         <!--==================================================== features image  ====================================================-->\n         <img decoding=\"async\" alt=\"Smoothing Anti-Frizz\u2122 Blow Out Spray laying on piece of lettuce, next to different ingredients.\" src=\"https:\/\/monatglobal.com\/wp-content\/uploads\/2022\/05\/featutes-anti-frizz-Blow-Out-Spray-.jpg\" loading=\"lazy\"\/>\n      <!--==================================================== features text ====================================================-->\n            <h3>Une protection de longue dur\u00e9e contre l&#8217;humidit\u00e9 pour des cheveux doux au&nbsp;toucher  <\/h3>\n                <p>\/ Les cheveux sont 4 fois plus lisses et plus doux, avec moins de frisottis et d&#8217;\u00e9lectricit\u00e9 statique <sup>1<\/sup><\/p>\n                <p>\/ Il renforce les cheveux et am\u00e9liore la r\u00e9sistance \u00e0 la casse caus\u00e9e par les outils chauffants <sup>2<\/sup><\/p>\n                <p>\/ Il \u00e9limine les frisottis et les m\u00e8ches rebelles pendant 72 heures <sup>1<\/sup><\/p>\n                <p>\/ 91 % moins de pointes fourchues <sup>1<\/sup><\/p>\n                <p>\/ 78 % moins de frisottis apr\u00e8s un s\u00e9chage au s\u00e8che-cheveux1 <sup>1<\/sup><\/p>\n               <br \/>\n            <p>Parfum \/ Ce somptueux parfum velout\u00e9 combine des fruits acidul\u00e9s et des fleurs pr\u00e9cieuses, compl\u00e9t\u00e9 par des notes de rhubarbe, de poire, de violette, de gard\u00e9nia, de vanille et de bois de c\u00e8dre. <\/p>\n            <p> Texture \/ Vaporisateur liquide <\/p>\n   <!--==================================================== composition image mobile ====================================================-->\n   <img decoding=\"async\" alt=\"Smoothing Anti-Frizz\u2122 Blow Out Spray laying on a white sheet, next to white flowers.\" src=\"https:\/\/monatglobal.com\/wp-content\/uploads\/2022\/05\/comp1_Anti-Frizz-Blow-Out-Spray.jpg\" loading=\"lazy\"\/>\n   <!--==================================================== Why it works text ====================================================-->\n        \n        <h3>Ce produit coiffant tr\u00e8s performant contient des actifs v\u00e9g\u00e9taux, des lipides et un biopolym\u00e8re v\u00e9g\u00e9tal&nbsp;unique.<\/h3>\n        <p>Il a \u00e9t\u00e9 con\u00e7u pour aider \u00e0 laisser les cheveux plus lisses, plus doux et moins frisott\u00e9s tout en les prot\u00e9geant contre les agresseurs&nbsp;environnementaux.<\/p>\n<!--==================================================== Composition section ====================================================-->\n      <img decoding=\"async\" alt=\"Smoothing Anti-Frizz\u2122 Blow Out Spray laying on a white sheet, next to white flowers.\" src=\"https:\/\/monatglobal.com\/wp-content\/uploads\/2022\/05\/comp1_Anti-Frizz-Blow-Out-Spray.jpg\" loading=\"lazy\"\/>\n      <img decoding=\"async\" alt=\"A blonde female spraying her damp hair with Smoothing Anti-Frizz\u2122 Blow Out Spray, overlapping a photo of raspberries and an apple.\" src=\"https:\/\/monatglobal.com\/wp-content\/uploads\/2022\/05\/comp-3-blow-out-spray.jpg\" loading=\"lazy\"\/>\n            <!--==================================================== Directions text ====================================================--> \n               <h3>Mode d&#8217;emploi<\/h3>\n               <p>\/ Bien secouer. <\/p>\n               <p>\/ Vaporiser de fa\u00e7on uniforme sur cheveux&nbsp;humides. <\/p>\n               <p>\/ S\u00e9cher au s\u00e8che-cheveux et coiffer comme&nbsp;d&#8217;habitude. <\/p>\n               <p>\/ Utiliser ensuite vos produits coiffants MONAT STUDIO ONE\u2122&nbsp;favoris. <\/p>\n            <!--==================================================== Directions video ====================================================-->\n      <p>Spray pour brushing<br \/>Smoothing Anti-Frizz\u2122<br \/> 0:57 <\/p>\n      <a href=\"\" target=\"_blank\" role=\"button\" aria-label=\"\" rel=\"noopener\"><\/a>\n   <!--==================================================== Ingredients section  ====================================================-->\n      <h2>PRINCIPAUX INGR\u00c9DIENTS<\/h2>\n               <p> REJUVENIQE<sup>\u00ae<\/sup><\/p>\n               <p>Huile de dattier du d\u00e9sert<\/p>\n               <p>M\u00e9lange d&#8217;huiles et de beurres v\u00e9g\u00e9taux <\/p>\n               <p>Extrait d&#8217;algue rouge <\/p>\n               <p>Extrait d&#8217;\u00e9corce d&#8217;\u00e9pinette noire <\/p>\n               <p>Biopolym\u00e8re v\u00e9g\u00e9tal<\/p>\n        <button id=\"myBtn\" type=\"button\">LISTE D&#8217;INGR\u00c9DIENTS<\/button>\n      <!--==================================================== Modal content  ====================================================-->\n         &times;\n         <p>Aqua\/Water\/Eau, Caprylic\/Capric Triglyceride, Cetearyl Alcohol, Adansonia Digitata Oil, Mauritia Flexuosa Fruit Oil, Gardenia Taitensis Flower Extract, Moringa Oleifera Seed Oil, Cocos Nucifera (Coconut) Oil, Hypnea Musciformis Extract, Limnanthes Alba (Meadowfoam) Seed Oil, Shorea Stenoptera Seed Butter, Glycerin, Polysorbate 20, Polyglyceryl-6 Laurate, Cinnamidopropyltrimonium Chloride, Lauryl Glucoside, Myristyl Glucoside, Myristyl Myristate, Lactic Acid, Garcinia Indica Seed Butter, Ethyl Linoleate, Ethyl Oleate, Trehalose, Behentrimonium Chloride, Polyglyceryl-10 Laurate, Glycolic Acid, Balanites Roxburghii Seed Oil, Picea Mariana Bark Extract, Magnesium Aluminum Silicate, Butyrospermum Parkii (Shea) Butter, Caryocar Brasiliense Fruit Oil, Helianthus Annuus (Sunflower) Seed Oil, Glyceryl Rosinate, Sodium Lignosulfonate, Olea Europaea (Olive) Oil Unsaponifiables, Crambe Abyssinica Seed Oil, Opuntia Ficus-Indica Seed Oil, Xylitol, Caprylic Acid, Solanum Lycopersicum (Tomato) Seed Oil, Daucus Carota Sativa (Carrot) Seed Oil, Citrus Limon (Lemon) Peel Oil, Olea Europaea (Olive) Fruit Oil, Camellia Oleifera Seed Oil, Brassicamidopropyl Dimethylamine, Pouteria Sapota Seed Oil, Citrus Aurantifolia (Lime) Oil, Citrus Aurantium Bergamia (Bergamot) Fruit Oil, Sodium Levulinate, Brassica Napus Extract, Butylene Glycol, Polyglyceryl-10 Dioleate, Simmondsia Chinensis (Jojoba) Seed Extract, Glyceryl Caprylate, Polyglyceryl-10 Dipalmitate, Glyceryl Undecylenate, Polyquaternium-37, Quaternium-91, Tocopherol, Fragrance\/Parfum, Potassium Sorbate, Ethylhexylglycerin, Benzyl Alcohol, Butylphenyl Methylpropional, Limonene, Hydroxycitronellal,&nbsp;Linalool.<\/p>\n        <p><sup>1<\/sup> Bas\u00e9 sur les tests instrumentaux men\u00e9s par un laboratoire tiers.<\/p>\n        <p><sup>2<\/sup> Bas\u00e9 sur une \u00e9tude statistiquement significative sur la casse de cheveux \u00e9valuant la r\u00e9duction du nombre de fibres bris\u00e9es par le peignage et le brossage r\u00e9p\u00e9t\u00e9s.<\/p>\n   <!--==================================================== You might also like section ====================================================-->\n      <h2>VOUS AIMEREZ PEUT-\u00caTRE<\/h2>\n      <!--==================================================== Slider YOU MIGHT ALSO LIKE ====================================================-->\n      <!---->\n      <!--   -->\n            <!--==================================================== Slides products ====================================================-->\n      <!--      -->\n      <!--         <a href=\"\/fr\/smoothing-shampoo\/\" aria-label=\"Go to Shampooing lissant Smoothing Anti-Frizz\u2122 page\">-->\n      <!--            <img decoding=\"async\" src=\"https:\/\/monatglobal.com\/wp-content\/uploads\/2022\/12\/anti-frizz-shampoo-ecomm-min.png\" alt=\"Shampooing lissant Smoothing Anti-Frizz\u2122\" loading=\"lazy\"\/>-->\n      <!--            <p>Shampooing lissant <br \/> Smoothing Anti-Frizz\u2122<\/p>-->\n      <!--         <\/a>-->\n      <!--      -->\n      <!--      -->\n      <!--         <a href=\"\/fr\/blow-out-cream\/\" aria-label=\"Go to Cr\u00e8me pour brushing MONAT STUDIO ONE\u2122 page\">-->\n      <!--            <img decoding=\"async\" src=\"https:\/\/monatglobal.com\/wp-content\/uploads\/2022\/12\/blow-out-cream-e-comm-min.png\" alt=\"Cr\u00e8me pour brushing MONAT STUDIO ONE\u2122\" loading=\"lazy\"\/>-->\n      <!--            <p>Cr\u00e8me pour brushing <br \/> MONAT STUDIO ONE\u2122 <\/p>-->\n      <!--         <\/a>-->\n      <!--      -->\n      <!--      -->\n      <!--         <a href=\"\/fr\/flex-control-hairspray\/\" aria-label=\"Go to Laque \u00e0 tenue flexible MONAT STUDIO ONE\u2122 page\">-->\n      <!--            <img decoding=\"async\" src=\"https:\/\/monatglobal.com\/wp-content\/uploads\/2021\/07\/STUDIO-ONE-FLEX-CONTROL-HAIRSPRAY.png\" alt=\"Laque \u00e0 tenue flexible MONAT STUDIO ONE\u2122\" loading=\"lazy\"\/>-->\n      <!--            <p>Laque \u00e0 tenue flexible <br \/> MONAT STUDIO ONE\u2122 <\/p>-->\n      <!--         <\/a>-->\n      <!--       -->\n            <!---->\n            <!--   <a href=\"\/ca\/control-hairspray\/?lang=fr\" aria-label=\"Go to MONAT STUDIO ONE\u2122 Flex Control Hairspray page\">-->\n            <!--      <img decoding=\"async\" src=\"https:\/\/monatglobal.com\/wp-content\/uploads\/2021\/08\/STUDIO-ONE-FLEX-CONTROL-HAIRSPRAY-_ecomm.png\" alt=\"MONAT STUDIO ONE\u2122 Flex Control Hairspray\"\/>-->\n            <!--      <p>Laque \u00e0 tenue flexible<br \/>MONAT STUDIO ONE\u2122 <\/p>-->\n            <!--   <\/a>-->\n            <!---->\n      <!--   -->\n         <!--==================================================== If we need navigation buttons  ====================================================-->\n      <!--   -->\n      <!--   -->\n         <!--==================================================== If we need paginations  ====================================================-->\n      <!--   -->\n      <!---->\n         <!--==================================================== If we need navigation buttons  ====================================================-->\n         <!--==================================================== If we need paginations  ====================================================-->\n   <\n    <a href=\"\" aria-label=\"\"><\/a>\n<!--==================================================== this link has to go last for it to work   ====================================================-->\n\n","protected":false},"excerpt":{"rendered":"<p>Spray pour brushing Smoothing Anti-Frizz\u2122 Il lisse, adoucit et renforce les cheveux pour un brushing impeccable qui dure pendant 72&nbsp;heures. 134 ml \u212e 4,5 oz liq. Prix de d\u00e9tail00.00 \u20ac Prix de client VIP00.00 \u20ac Pour en savoir plus sur le Spray pour brushing Smoothing Anti-Frizz\u2122, veuillez contacter votre partenaire de march\u00e9&nbsp;MONAT. BIENFAITS Le produit&hellip;<\/p>\n","protected":false},"author":57,"featured_media":86996,"parent":0,"menu_order":0,"comment_status":"closed","ping_status":"closed","template":"","meta":{"inline_featured_image":false,"om_disable_all_campaigns":false,"_monsterinsights_skip_tracking":false,"_monsterinsights_sitenote_active":false,"_monsterinsights_sitenote_note":"","_monsterinsights_sitenote_category":0,"footnotes":""},"categories":[20],"tags":[],"class_list":["post-86988","page","type-page","status-publish","has-post-thumbnail","hentry","category-product-fr"],"aioseo_notices":[],"aioseo_head":"\n\t\t<!-- All in One SEO Pro 4.9.5.2 - aioseo.com -->\n\t<meta name=\"description\" content=\"Ce spray pour brushing anti-frisottis offre une protection de longue dur\u00e9e contre l\u2019humidit\u00e9, \u00e9limine les frisottis et les m\u00e8ches rebelles, procure une protection thermique jusqu\u2019\u00e0 450 \u00b0F et pr\u00e9serve les colorations\" \/>\n\t<meta name=\"robots\" content=\"noindex, nofollow, max-image-preview:large\" \/>\n\t<link rel=\"canonical\" href=\"https:\/\/monatglobal.com\/fr\/smoothing-anti-frizz-spray\/\" \/>\n\t<meta name=\"generator\" content=\"All in One SEO Pro (AIOSEO) 4.9.5.2\" \/>\n\t\t<meta property=\"og:locale\" content=\"en_US\" \/>\n\t\t<meta property=\"og:site_name\" content=\"MONAT France - We Are Modern Nature\u2122\" \/>\n\t\t<meta property=\"og:type\" content=\"article\" \/>\n\t\t<meta property=\"og:title\" content=\"Spray pour brushing | Produits coiffants MONAT | Smoothing Anti-Frizz\u2122\" \/>\n\t\t<meta property=\"og:description\" content=\"Ce spray pour brushing anti-frisottis offre une protection de longue dur\u00e9e contre l\u2019humidit\u00e9, \u00e9limine les frisottis et les m\u00e8ches rebelles, procure une protection thermique jusqu\u2019\u00e0 450 \u00b0F et pr\u00e9serve les colorations\" \/>\n\t\t<meta property=\"og:url\" content=\"https:\/\/monatglobal.com\/fr\/smoothing-anti-frizz-spray\/\" \/>\n\t\t<meta property=\"article:published_time\" content=\"2025-05-16T16:05:03+00:00\" \/>\n\t\t<meta property=\"article:modified_time\" content=\"2026-02-13T20:22:19+00:00\" \/>\n\t\t<meta name=\"twitter:card\" content=\"summary_large_image\" \/>\n\t\t<meta name=\"twitter:title\" content=\"Spray pour brushing | Produits coiffants MONAT | Smoothing Anti-Frizz\u2122\" \/>\n\t\t<meta name=\"twitter:description\" content=\"Ce spray pour brushing anti-frisottis offre une protection de longue dur\u00e9e contre l\u2019humidit\u00e9, \u00e9limine les frisottis et les m\u00e8ches rebelles, procure une protection thermique jusqu\u2019\u00e0 450 \u00b0F et pr\u00e9serve les colorations\" \/>\n\t\t<script type=\"application\/ld+json\" class=\"aioseo-schema\">\n\t\t\t{\"@context\":\"https:\\\/\\\/schema.org\",\"@graph\":[{\"@type\":\"BreadcrumbList\",\"@id\":\"https:\\\/\\\/monatglobal.com\\\/fr\\\/smoothing-anti-frizz-spray\\\/#breadcrumblist\",\"itemListElement\":[{\"@type\":\"ListItem\",\"@id\":\"https:\\\/\\\/monatglobal.com\\\/fr#listItem\",\"position\":1,\"name\":\"Home\",\"item\":\"https:\\\/\\\/monatglobal.com\\\/fr\",\"nextItem\":{\"@type\":\"ListItem\",\"@id\":\"https:\\\/\\\/monatglobal.com\\\/fr\\\/smoothing-anti-frizz-spray\\\/#listItem\",\"name\":\"Spray pour brushing Smoothing Anti-Frizz\\u2122\"}},{\"@type\":\"ListItem\",\"@id\":\"https:\\\/\\\/monatglobal.com\\\/fr\\\/smoothing-anti-frizz-spray\\\/#listItem\",\"position\":2,\"name\":\"Spray pour brushing Smoothing Anti-Frizz\\u2122\",\"previousItem\":{\"@type\":\"ListItem\",\"@id\":\"https:\\\/\\\/monatglobal.com\\\/fr#listItem\",\"name\":\"Home\"}}]},{\"@type\":\"Organization\",\"@id\":\"https:\\\/\\\/monatglobal.com\\\/fr\\\/#organization\",\"name\":\"MONAT France\",\"description\":\"We Are Modern Nature\\u2122\",\"url\":\"https:\\\/\\\/monatglobal.com\\\/fr\\\/\"},{\"@type\":\"WebPage\",\"@id\":\"https:\\\/\\\/monatglobal.com\\\/fr\\\/smoothing-anti-frizz-spray\\\/#webpage\",\"url\":\"https:\\\/\\\/monatglobal.com\\\/fr\\\/smoothing-anti-frizz-spray\\\/\",\"name\":\"Spray pour brushing | Produits coiffants MONAT | Smoothing Anti-Frizz\\u2122\",\"description\":\"Ce spray pour brushing anti-frisottis offre une protection de longue dur\\u00e9e contre l\\u2019humidit\\u00e9, \\u00e9limine les frisottis et les m\\u00e8ches rebelles, procure une protection thermique jusqu\\u2019\\u00e0 450 \\u00b0F et pr\\u00e9serve les colorations\",\"inLanguage\":\"en-US\",\"isPartOf\":{\"@id\":\"https:\\\/\\\/monatglobal.com\\\/fr\\\/#website\"},\"breadcrumb\":{\"@id\":\"https:\\\/\\\/monatglobal.com\\\/fr\\\/smoothing-anti-frizz-spray\\\/#breadcrumblist\"},\"image\":{\"@type\":\"ImageObject\",\"url\":\"https:\\\/\\\/monatglobal.com\\\/fr\\\/wp-content\\\/uploads\\\/sites\\\/19\\\/2025\\\/05\\\/smoothing-anti-frizz-blow-out-spray_all-prod-1-1.png\",\"@id\":\"https:\\\/\\\/monatglobal.com\\\/fr\\\/smoothing-anti-frizz-spray\\\/#mainImage\",\"width\":438,\"height\":500},\"primaryImageOfPage\":{\"@id\":\"https:\\\/\\\/monatglobal.com\\\/fr\\\/smoothing-anti-frizz-spray\\\/#mainImage\"},\"datePublished\":\"2025-05-16T17:05:03+01:00\",\"dateModified\":\"2026-02-13T20:22:19+00:00\"},{\"@type\":\"WebSite\",\"@id\":\"https:\\\/\\\/monatglobal.com\\\/fr\\\/#website\",\"url\":\"https:\\\/\\\/monatglobal.com\\\/fr\\\/\",\"name\":\"MONAT France\",\"description\":\"We Are Modern Nature\\u2122\",\"inLanguage\":\"en-US\",\"publisher\":{\"@id\":\"https:\\\/\\\/monatglobal.com\\\/fr\\\/#organization\"}}]}\n\t\t<\/script>\n\t\t<!-- All in One SEO Pro -->\r\n\t\t<title>Spray pour brushing | Produits coiffants MONAT | Smoothing Anti-Frizz\u2122<\/title>\n\n","aioseo_head_json":{"title":"Spray pour brushing | Produits coiffants MONAT | Smoothing Anti-Frizz\u2122","description":"Ce spray pour brushing anti-frisottis offre une protection de longue dur\u00e9e contre l\u2019humidit\u00e9, \u00e9limine les frisottis et les m\u00e8ches rebelles, procure une protection thermique jusqu\u2019\u00e0 450 \u00b0F et pr\u00e9serve les colorations","canonical_url":"https:\/\/monatglobal.com\/fr\/smoothing-anti-frizz-spray\/","robots":"noindex, nofollow, max-image-preview:large","keywords":"","webmasterTools":{"miscellaneous":""},"schema":{"@context":"https:\/\/schema.org","@graph":[{"@type":"BreadcrumbList","@id":"https:\/\/monatglobal.com\/fr\/smoothing-anti-frizz-spray\/#breadcrumblist","itemListElement":[{"@type":"ListItem","@id":"https:\/\/monatglobal.com\/fr#listItem","position":1,"name":"Home","item":"https:\/\/monatglobal.com\/fr","nextItem":{"@type":"ListItem","@id":"https:\/\/monatglobal.com\/fr\/smoothing-anti-frizz-spray\/#listItem","name":"Spray pour brushing Smoothing Anti-Frizz\u2122"}},{"@type":"ListItem","@id":"https:\/\/monatglobal.com\/fr\/smoothing-anti-frizz-spray\/#listItem","position":2,"name":"Spray pour brushing Smoothing Anti-Frizz\u2122","previousItem":{"@type":"ListItem","@id":"https:\/\/monatglobal.com\/fr#listItem","name":"Home"}}]},{"@type":"Organization","@id":"https:\/\/monatglobal.com\/fr\/#organization","name":"MONAT France","description":"We Are Modern Nature\u2122","url":"https:\/\/monatglobal.com\/fr\/"},{"@type":"WebPage","@id":"https:\/\/monatglobal.com\/fr\/smoothing-anti-frizz-spray\/#webpage","url":"https:\/\/monatglobal.com\/fr\/smoothing-anti-frizz-spray\/","name":"Spray pour brushing | Produits coiffants MONAT | Smoothing Anti-Frizz\u2122","description":"Ce spray pour brushing anti-frisottis offre une protection de longue dur\u00e9e contre l\u2019humidit\u00e9, \u00e9limine les frisottis et les m\u00e8ches rebelles, procure une protection thermique jusqu\u2019\u00e0 450 \u00b0F et pr\u00e9serve les colorations","inLanguage":"en-US","isPartOf":{"@id":"https:\/\/monatglobal.com\/fr\/#website"},"breadcrumb":{"@id":"https:\/\/monatglobal.com\/fr\/smoothing-anti-frizz-spray\/#breadcrumblist"},"image":{"@type":"ImageObject","url":"https:\/\/monatglobal.com\/fr\/wp-content\/uploads\/sites\/19\/2025\/05\/smoothing-anti-frizz-blow-out-spray_all-prod-1-1.png","@id":"https:\/\/monatglobal.com\/fr\/smoothing-anti-frizz-spray\/#mainImage","width":438,"height":500},"primaryImageOfPage":{"@id":"https:\/\/monatglobal.com\/fr\/smoothing-anti-frizz-spray\/#mainImage"},"datePublished":"2025-05-16T17:05:03+01:00","dateModified":"2026-02-13T20:22:19+00:00"},{"@type":"WebSite","@id":"https:\/\/monatglobal.com\/fr\/#website","url":"https:\/\/monatglobal.com\/fr\/","name":"MONAT France","description":"We Are Modern Nature\u2122","inLanguage":"en-US","publisher":{"@id":"https:\/\/monatglobal.com\/fr\/#organization"}}]},"og:locale":"en_US","og:site_name":"MONAT France - We Are Modern Nature\u2122","og:type":"article","og:title":"Spray pour brushing | Produits coiffants MONAT | Smoothing Anti-Frizz\u2122","og:description":"Ce spray pour brushing anti-frisottis offre une protection de longue dur\u00e9e contre l\u2019humidit\u00e9, \u00e9limine les frisottis et les m\u00e8ches rebelles, procure une protection thermique jusqu\u2019\u00e0 450 \u00b0F et pr\u00e9serve les colorations","og:url":"https:\/\/monatglobal.com\/fr\/smoothing-anti-frizz-spray\/","article:published_time":"2025-05-16T16:05:03+00:00","article:modified_time":"2026-02-13T20:22:19+00:00","twitter:card":"summary_large_image","twitter:title":"Spray pour brushing | Produits coiffants MONAT | Smoothing Anti-Frizz\u2122","twitter:description":"Ce spray pour brushing anti-frisottis offre une protection de longue dur\u00e9e contre l\u2019humidit\u00e9, \u00e9limine les frisottis et les m\u00e8ches rebelles, procure une protection thermique jusqu\u2019\u00e0 450 \u00b0F et pr\u00e9serve les colorations"},"aioseo_meta_data":{"post_id":"86988","title":"Spray pour brushing | Produits coiffants MONAT | Smoothing Anti-Frizz\u2122","description":"Ce spray pour brushing anti-frisottis offre une protection de longue dur\u00e9e contre l\u2019humidit\u00e9, \u00e9limine les frisottis et les m\u00e8ches rebelles, procure une protection thermique jusqu\u2019\u00e0 450 \u00b0F et pr\u00e9serve les colorations","keywords":null,"keyphrases":{"focus":{"keyphrase":"","score":0,"analysis":{"keyphraseInTitle":{"score":0,"maxScore":9,"error":1}}},"additional":[]},"primary_term":null,"canonical_url":null,"og_title":null,"og_description":null,"og_object_type":"default","og_image_type":"default","og_image_url":null,"og_image_width":null,"og_image_height":null,"og_image_custom_url":null,"og_image_custom_fields":null,"og_video":"","og_custom_url":null,"og_article_section":null,"og_article_tags":null,"twitter_use_og":false,"twitter_card":"default","twitter_image_type":"default","twitter_image_url":null,"twitter_image_custom_url":null,"twitter_image_custom_fields":null,"twitter_title":null,"twitter_description":null,"schema":{"blockGraphs":[],"customGraphs":[],"default":{"data":{"Article":[],"Course":[],"Dataset":[],"FAQPage":[],"Movie":[],"Person":[],"Product":[],"ProductReview":[],"Car":[],"Recipe":[],"Service":[],"SoftwareApplication":[],"WebPage":[]},"graphName":"WebPage","isEnabled":true},"graphs":[]},"schema_type":"default","schema_type_options":null,"pillar_content":false,"robots_default":true,"robots_noindex":false,"robots_noarchive":false,"robots_nosnippet":false,"robots_nofollow":false,"robots_noimageindex":false,"robots_noodp":false,"robots_notranslate":false,"robots_max_snippet":"-1","robots_max_videopreview":"-1","robots_max_imagepreview":"large","priority":null,"frequency":"default","local_seo":null,"seo_analyzer_scan_date":"2026-02-13 20:27:40","breadcrumb_settings":null,"limit_modified_date":false,"reviewed_by":null,"open_ai":null,"ai":null,"created":"2025-05-16 16:05:05","updated":"2026-02-13 20:27:44"},"aioseo_breadcrumb":"<div class=\"aioseo-breadcrumbs\"><span class=\"aioseo-breadcrumb\">\n\t<a href=\"https:\/\/monatglobal.com\/fr\" title=\"Home\">Home<\/a>\n<\/span><span class=\"aioseo-breadcrumb-separator\">&raquo;<\/span><span class=\"aioseo-breadcrumb\">\n\tSpray pour brushing Smoothing Anti-Frizz\u2122\n<\/span><\/div>","aioseo_breadcrumb_json":[{"label":"Home","link":"https:\/\/monatglobal.com\/fr"},{"label":"Spray pour brushing Smoothing Anti-Frizz\u2122","link":"https:\/\/monatglobal.com\/fr\/smoothing-anti-frizz-spray\/"}],"_links":{"self":[{"href":"https:\/\/monatglobal.com\/fr\/wp-json\/wp\/v2\/pages\/86988","targetHints":{"allow":["GET"]}}],"collection":[{"href":"https:\/\/monatglobal.com\/fr\/wp-json\/wp\/v2\/pages"}],"about":[{"href":"https:\/\/monatglobal.com\/fr\/wp-json\/wp\/v2\/types\/page"}],"author":[{"embeddable":true,"href":"https:\/\/monatglobal.com\/fr\/wp-json\/wp\/v2\/users\/57"}],"replies":[{"embeddable":true,"href":"https:\/\/monatglobal.com\/fr\/wp-json\/wp\/v2\/comments?post=86988"}],"version-history":[{"count":18,"href":"https:\/\/monatglobal.com\/fr\/wp-json\/wp\/v2\/pages\/86988\/revisions"}],"predecessor-version":[{"id":109294,"href":"https:\/\/monatglobal.com\/fr\/wp-json\/wp\/v2\/pages\/86988\/revisions\/109294"}],"wp:featuredmedia":[{"embeddable":true,"href":"https:\/\/monatglobal.com\/fr\/wp-json\/wp\/v2\/media\/86996"}],"wp:attachment":[{"href":"https:\/\/monatglobal.com\/fr\/wp-json\/wp\/v2\/media?parent=86988"}],"wp:term":[{"taxonomy":"category","embeddable":true,"href":"https:\/\/monatglobal.com\/fr\/wp-json\/wp\/v2\/categories?post=86988"},{"taxonomy":"post_tag","embeddable":true,"href":"https:\/\/monatglobal.com\/fr\/wp-json\/wp\/v2\/tags?post=86988"}],"curies":[{"name":"wp","href":"https:\/\/api.w.org\/{rel}","templated":true}]}}