{"id":86248,"date":"2025-02-04T19:33:37","date_gmt":"2025-02-04T19:33:37","guid":{"rendered":"https:\/\/monatglobal.com\/fr\/?page_id=86248"},"modified":"2026-02-13T21:07:06","modified_gmt":"2026-02-13T21:07:06","slug":"skin-oil-free-moisturizer","status":"publish","type":"page","link":"https:\/\/monatglobal.com\/fr\/skin-oil-free-moisturizer\/","title":{"rendered":"Cr\u00e8me hydratante sans huile BE PURIFIED\u2122"},"content":{"rendered":"\n\n\t<link rel=\"stylesheet\" href=\"https:\/\/unpkg.com\/swiper\/swiper-bundle.min.css\" \/>\n<link rel=\"stylesheet\" href=\"https:\/\/monatglobal.com\/wp-content\/creative_css\/product_styles_sheet.css\" \/>\n   <!--==================================================== ECOMM SECTION ====================================================-->\n      <!--==================================================== Ecomm image ====================================================-->\n       \n      <source media=\"(max-width: 700px)\" srcset=\"https:\/\/monatglobal.com\/pl\/wp-content\/uploads\/sites\/9\/2021\/12\/be-purified-oil-free-moisturizer-ecomm-2022_mobile.png\" loading=\"lazy\"\/>\n      <img decoding=\"async\" src=\"https:\/\/monatglobal.com\/pl\/wp-content\/uploads\/sites\/9\/2021\/12\/Be-purified-oil-free-moisturizer-ecomm-2022.png\" alt=\"Hidratante sin aceites BE PURIFIED\u2122\" loading=\"lazy\"\/>\n         \n      <!--==================================================== Ecomm information  ====================================================-->\n         <h1>Cr\u00e8me hydratante<br \/>sans huile<\/h1> \n         <p>BE PURIFIED\u2122<\/p>\n         \n         <p>Une cr\u00e8me hydratante l\u00e9g\u00e8re sans huile con\u00e7u pour r\u00e9duire la brillance tout en absorbant l&#8217;exc\u00e8s de s\u00e9bum, offrant \u00e0 la peau une apparence saine. <\/p>\n         <p>45ml \u212e 1,52 oz liq.<\/p>\n        <!--==================================================== pricing box  ====================================================-->\n         <p>Prix de d\u00e9tail<br \/>00.00 \u20ac<\/p>\n         <p>Prix de client VIP<br \/>00.00 \u20ac<\/p>\n        <!--==================================================== pricing box  ====================================================--> \n         <p>Pour en savoir plus sur Cr\u00e8me hydratante sans huile BE PURIFIED\u2122, veuillez contacter votre partenaire de&nbsp;march\u00e9&nbsp;MONAT.<\/p> \n      <a href=\"\" target=\"_blank\" role=\"button\" aria-label=\"\" rel=\"noopener\"><\/a>\n   <!--==================================================== \/ECOMM SECTION  ====================================================-->\n   <!--==================================================== Benefits image ====================================================-->\n  \n    <source media=\"(max-width: 700px)\" srcset=\"https:\/\/monatglobal.com\/pl\/wp-content\/uploads\/sites\/9\/2021\/12\/BE-PURIFIED-oil-free-moisturizer_mobile.jpg\" loading=\"lazy\"\/>\n      <img decoding=\"async\" src=\"https:\/\/monatglobal.com\/pl\/wp-content\/uploads\/sites\/9\/2021\/12\/BE-PURIFIED-oil-free-moisturizer-benefits-.jpg\" \n      alt=\"\" loading=\"lazy\"\/>\n    \n   <!--==================================================== Benefits text ====================================================-->\n         <h2>BIENFAITS<\/h2>\n         <h3>Sp\u00e9cialement con\u00e7ue pour les peaux grasses, notre formule sans huile absorbe d\u00e9licatement, r\u00e9duit l&#8217;exc\u00e8s de s\u00e9bum et la brillance, tout en maintenant la peau hydrat\u00e9e toute la journ\u00e9e.<\/h3>\n         <!--==================================================== features image  ====================================================-->\n         <img decoding=\"async\" alt=\"\" src=\"https:\/\/monatglobal.com\/pl\/wp-content\/uploads\/sites\/9\/2021\/12\/BE-PURIFIED-oil-free-moisturizer_features.jpg\" loading=\"lazy\"\/>\n      <!--==================================================== features text ====================================================-->\n            <h3>Caract\u00e9ristiques<\/h3>\n               <p>\/ Maintient la peau hydrat\u00e9e toute la journ\u00e9e<\/p>\n               <p>\/ Formule \u00e0 absorption rapide<\/p>\n               <p>\/ Aide \u00e0 apaiser la peau<\/p>\n               <p>\/ Offre un effet matifiant, r\u00e9duisant la brillance jusqu&#8217;\u00e0 huit heures<\/p>\n               <p>\/ Restaure l&#8217;\u00e9quilibre naturel d&#8217;hydration de la peau<\/p>\n               <p>\/ Hydrate pendant 24 heures<\/p>\n               <br \/>\n              *Based on an instrumental study with 22 participants, performed by a third-party laboratory.<br \/>\n**Based on a 14-day consumer study with 35 participants, performed by a third-party laboratory. \n            <p>Fragrance \/ Unwind and enjoy a coconut-forward, citrusy aroma with notes of blood orange, coconut husk, cashew nut and&nbsp;sandalwood. <\/p>\n            <p> Texture \/ Cream <\/p>\n   <!--==================================================== composition image mobile ====================================================-->\n   <img decoding=\"async\" alt=\"\" src=\"https:\/\/monatglobal.com\/pl\/wp-content\/uploads\/sites\/9\/2021\/12\/BE-PURIFIED-oil-free-moisturizer-comps1.jpg\" loading=\"lazy\"\/>\n   <!--==================================================== Why it works text ====================================================-->\n      \n      <h3>Enrichi d&#8217;argile blanche fran\u00e7aise, de th\u00e9 vert, de romarin, d&#8217;alo\u00e9 vera, et d&#8217;argiles riches en min\u00e9raux, cet hydratant sans huile matifie naturellement, purifie, hydrate et revitalise la peau.<\/h3>\n<!--==================================================== Composition section ====================================================-->\n      <img decoding=\"async\" alt=\"\" src=\"https:\/\/monatglobal.com\/pl\/wp-content\/uploads\/sites\/9\/2021\/12\/BE-PURIFIED-oil-free-moisturizer-comps1.jpg\" loading=\"lazy\"\/>\n      <img decoding=\"async\" alt=\"\" \n      src=\"https:\/\/monatglobal.com\/pl\/wp-content\/uploads\/sites\/9\/2021\/12\/BE-PURIFIED-oil-free-moisturizer-comp-3.jpg\" loading=\"lazy\"\/>\n            <!--==================================================== Directions text ====================================================--> \n               <h3>Mode d&#8217;emploi<\/h3>\n                    <p>\/ Utiliser la spatule comprise pour retirer le produit du contenant.<\/p>\n                    <p>\/ Appliquer de fa\u00e7on uniforme sur le bout des doigts.<\/p>\n                    <p>\/ Masser sur le visage, le cou et le d\u00e9collet\u00e9.<\/p>\n                    <p>\/ Laisser le produit s&#8217;absorber compl\u00e8tement avant d&#8217;appliquer un produit \u00e0 FPS ou votre maquillage.<\/p>\n            <!--==================================================== Directions video ====================================================-->\n      <p>Hydratant sans huile <br \/>BE PURIFIED\u2122 <br \/>0:30<\/p>\n  <a href=\"\" target=\"_blank\" role=\"button\" aria-label=\"\" rel=\"noopener\"><\/a>\n   <!--==================================================== Ingredients section  ====================================================-->\n      <h2>INGR\u00c9DIENTS ACTIFS CL\u00c9S<\/h2>\n      <p>Argile blanche fran\u00e7aise<br \/>&nbsp;<\/p>\n      <p>Extraits v\u00e9g\u00e9taux<br \/>&nbsp;<\/p>\n      <p>Extrait de chou palmiste<br \/>&nbsp;<\/p>\n      <p>Acide hyaluronique<br \/><\/p>\n        <button id=\"myBtn\" type=\"button\">LISTE D&#8217;INGR\u00c9DIENTS<\/button>\n      <!--==================================================== Modal content  ====================================================-->\n         &times;\n         <p> Aqua\/Water\/Eau, Kaolin, Cetearyl Alcohol, Bentonite, Charcoal Powder, Propanediol, Sodium Laurylglucosides Hydroxypropylsulfonate, Glycerin, Salicylic Acid, Lactic Acid, Menthol, Menthone, Maclura Cochinchinensis Leaf Prenylflavonoids, Sodium Cocoamphoacetate, Xanthan Gum, Cocamidopropyl Hydroxysultaine, Sodium Phytate, Pentylene Glycol, Phenethyl Alcohol, Alcohol. <\/p>\n   <!--==================================================== You might also like section ====================================================-->\n      <h2>VOUS POURRIEZ AUSSI AIMER<\/h2>\n      <!--==================================================== Slider YOU MIGHT ALSO LIKE ====================================================-->\n<!--          -->\n<!--             -->\n                <!-- Slides products-->\n<!--                -->\n<!--                   <a href=\"https:\/\/monatglobal.com\/fr\/skin-clarifying-cleanser\/\" aria-label=\"Go to Limpiador aclarante BE PURIFIED\u2122 MONAT page\">-->\n<!--                    <img decoding=\"async\" src=\"https:\/\/monatglobal.com\/wp-content\/uploads\/2022\/12\/be-puried-clarifying-cleanser-ecomm-2022.png\" alt=\"Limpiador aclarante BE PURIFIED\u2122 MONAT\" loading=\"lazy\"--\/>\n<!--\/>-->\n<!--                    <p>Nettoyant purifiant<br \/>MONAT BE PURIFIED\u2122 <\/p>-->\n<!--                  <\/a>-->\n<!--                -->\n<!--                -->\n<!--                   <a href=\"https:\/\/monatglobal.com\/fr\/age-control-nectar\/\" aria-label=\"Go to REWIND\u2122 AGE CONTROL NECTAR page\">-->\n<!--                      <img decoding=\"async\" src=\"https:\/\/monatglobal.com\/wp-content\/uploads\/2022\/12\/Rewind-Age-Control-Nectar-ecomm-min.png\" alt=\"Skin Revitalizing Essence\u2122\" loading=\"lazy\"--\/>\n<!--\/>-->\n<!--                      <p>Nectar anti-\u00e2ge Rewind\u2122<\/p>-->\n<!--                   <\/a>-->\n<!--                -->\n<!--                -->\n<!--                   <a href=\"https:\/\/monatglobal.com\/fr\/skin-revitalizing\/\" aria-label=\"Go to skin Revitalizing Essence page\">-->\n<!--                    <img decoding=\"async\" src=\"https:\/\/monatglobal.com\/wp-content\/uploads\/2022\/12\/Skin-Revitalizing-Essence-ecomm-2022-min.png\" alt=\"skin Revitalizing Essence\u2122\" loading=\"lazy\"--\/>\n<!--\/>-->\n<!--                    <p>Skin Revitalizing Essence\u2122<\/p>-->\n<!--                  <\/a>-->\n<!--                -->\n<!--             -->\n             <!-- If we need navigation buttons -->\n<!--             -->\n<!--             -->\n             <!-- If we need paginations -->\n<!--             -->\n<!--          -->\n         <!--==================================================== If we need navigation buttons  ====================================================-->\n         <!--==================================================== If we need paginations  ====================================================-->\n    <a href=\"\" aria-label=\"\"><\/a>\n<!--==================================================== this link has to go last for it to work   ====================================================-->\n\n","protected":false},"excerpt":{"rendered":"<p>Cr\u00e8me hydratantesans huile BE PURIFIED\u2122 Une cr\u00e8me hydratante l\u00e9g\u00e8re sans huile con\u00e7u pour r\u00e9duire la brillance tout en absorbant l&#8217;exc\u00e8s de s\u00e9bum, offrant \u00e0 la peau une apparence saine. 45ml \u212e 1,52 oz liq. Prix de d\u00e9tail00.00 \u20ac Prix de client VIP00.00 \u20ac Pour en savoir plus sur Cr\u00e8me hydratante sans huile BE PURIFIED\u2122, veuillez&hellip;<\/p>\n","protected":false},"author":57,"featured_media":86368,"parent":0,"menu_order":0,"comment_status":"closed","ping_status":"closed","template":"","meta":{"inline_featured_image":false,"om_disable_all_campaigns":false,"_monsterinsights_skip_tracking":false,"_monsterinsights_sitenote_active":false,"_monsterinsights_sitenote_note":"","_monsterinsights_sitenote_category":0,"footnotes":""},"categories":[20],"tags":[],"class_list":["post-86248","page","type-page","status-publish","has-post-thumbnail","hentry","category-product-fr"],"aioseo_notices":[],"aioseo_head":"\n\t\t<!-- All in One SEO Pro 4.9.5.2 - aioseo.com -->\n\t<meta name=\"description\" content=\"La cr\u00e8me hydratante sans huile Be Purified\u2122 est un soin hydratant l\u00e9ger qui garde la peau hydrat\u00e9e toute le journ\u00e9e et offre un effet matifiant en r\u00e9duisant la brillance.\" \/>\n\t<meta name=\"robots\" content=\"noindex, nofollow, max-image-preview:large\" \/>\n\t<link rel=\"canonical\" href=\"https:\/\/monatglobal.com\/fr\/skin-oil-free-moisturizer\/\" \/>\n\t<meta name=\"generator\" content=\"All in One SEO Pro (AIOSEO) 4.9.5.2\" \/>\n\t\t<meta property=\"og:locale\" content=\"en_US\" \/>\n\t\t<meta property=\"og:site_name\" content=\"MONAT France - We Are Modern Nature\u2122\" \/>\n\t\t<meta property=\"og:type\" content=\"article\" \/>\n\t\t<meta property=\"og:title\" content=\"Cr\u00e8me hydratante pour la peau | Cr\u00e8me hydratante sans huile BE PURIFIED\u2122\" \/>\n\t\t<meta property=\"og:description\" content=\"La cr\u00e8me hydratante sans huile Be Purified\u2122 est un soin hydratant l\u00e9ger qui garde la peau hydrat\u00e9e toute le journ\u00e9e et offre un effet matifiant en r\u00e9duisant la brillance.\" \/>\n\t\t<meta property=\"og:url\" content=\"https:\/\/monatglobal.com\/fr\/skin-oil-free-moisturizer\/\" \/>\n\t\t<meta property=\"article:published_time\" content=\"2025-02-04T19:33:37+00:00\" \/>\n\t\t<meta property=\"article:modified_time\" content=\"2026-02-13T21:07:06+00:00\" \/>\n\t\t<meta name=\"twitter:card\" content=\"summary_large_image\" \/>\n\t\t<meta name=\"twitter:title\" content=\"Cr\u00e8me hydratante pour la peau | Cr\u00e8me hydratante sans huile BE PURIFIED\u2122\" \/>\n\t\t<meta name=\"twitter:description\" content=\"La cr\u00e8me hydratante sans huile Be Purified\u2122 est un soin hydratant l\u00e9ger qui garde la peau hydrat\u00e9e toute le journ\u00e9e et offre un effet matifiant en r\u00e9duisant la brillance.\" \/>\n\t\t<script type=\"application\/ld+json\" class=\"aioseo-schema\">\n\t\t\t{\"@context\":\"https:\\\/\\\/schema.org\",\"@graph\":[{\"@type\":\"BreadcrumbList\",\"@id\":\"https:\\\/\\\/monatglobal.com\\\/fr\\\/skin-oil-free-moisturizer\\\/#breadcrumblist\",\"itemListElement\":[{\"@type\":\"ListItem\",\"@id\":\"https:\\\/\\\/monatglobal.com\\\/fr#listItem\",\"position\":1,\"name\":\"Home\",\"item\":\"https:\\\/\\\/monatglobal.com\\\/fr\",\"nextItem\":{\"@type\":\"ListItem\",\"@id\":\"https:\\\/\\\/monatglobal.com\\\/fr\\\/skin-oil-free-moisturizer\\\/#listItem\",\"name\":\"Cr\\u00e8me hydratante sans huile BE PURIFIED\\u2122\"}},{\"@type\":\"ListItem\",\"@id\":\"https:\\\/\\\/monatglobal.com\\\/fr\\\/skin-oil-free-moisturizer\\\/#listItem\",\"position\":2,\"name\":\"Cr\\u00e8me hydratante sans huile BE PURIFIED\\u2122\",\"previousItem\":{\"@type\":\"ListItem\",\"@id\":\"https:\\\/\\\/monatglobal.com\\\/fr#listItem\",\"name\":\"Home\"}}]},{\"@type\":\"Organization\",\"@id\":\"https:\\\/\\\/monatglobal.com\\\/fr\\\/#organization\",\"name\":\"MONAT France\",\"description\":\"We Are Modern Nature\\u2122\",\"url\":\"https:\\\/\\\/monatglobal.com\\\/fr\\\/\"},{\"@type\":\"WebPage\",\"@id\":\"https:\\\/\\\/monatglobal.com\\\/fr\\\/skin-oil-free-moisturizer\\\/#webpage\",\"url\":\"https:\\\/\\\/monatglobal.com\\\/fr\\\/skin-oil-free-moisturizer\\\/\",\"name\":\"Cr\\u00e8me hydratante pour la peau | Cr\\u00e8me hydratante sans huile BE PURIFIED\\u2122\",\"description\":\"La cr\\u00e8me hydratante sans huile Be Purified\\u2122 est un soin hydratant l\\u00e9ger qui garde la peau hydrat\\u00e9e toute le journ\\u00e9e et offre un effet matifiant en r\\u00e9duisant la brillance.\",\"inLanguage\":\"en-US\",\"isPartOf\":{\"@id\":\"https:\\\/\\\/monatglobal.com\\\/fr\\\/#website\"},\"breadcrumb\":{\"@id\":\"https:\\\/\\\/monatglobal.com\\\/fr\\\/skin-oil-free-moisturizer\\\/#breadcrumblist\"},\"image\":{\"@type\":\"ImageObject\",\"url\":\"https:\\\/\\\/monatglobal.com\\\/fr\\\/wp-content\\\/uploads\\\/sites\\\/19\\\/2025\\\/02\\\/Be-purified-oil-free-moisturizer-featured-image.png\",\"@id\":\"https:\\\/\\\/monatglobal.com\\\/fr\\\/skin-oil-free-moisturizer\\\/#mainImage\",\"width\":628,\"height\":1200},\"primaryImageOfPage\":{\"@id\":\"https:\\\/\\\/monatglobal.com\\\/fr\\\/skin-oil-free-moisturizer\\\/#mainImage\"},\"datePublished\":\"2025-02-04T19:33:37+00:00\",\"dateModified\":\"2026-02-13T21:07:06+00:00\"},{\"@type\":\"WebSite\",\"@id\":\"https:\\\/\\\/monatglobal.com\\\/fr\\\/#website\",\"url\":\"https:\\\/\\\/monatglobal.com\\\/fr\\\/\",\"name\":\"MONAT France\",\"description\":\"We Are Modern Nature\\u2122\",\"inLanguage\":\"en-US\",\"publisher\":{\"@id\":\"https:\\\/\\\/monatglobal.com\\\/fr\\\/#organization\"}}]}\n\t\t<\/script>\n\t\t<!-- All in One SEO Pro -->\r\n\t\t<title>Cr\u00e8me hydratante pour la peau | Cr\u00e8me hydratante sans huile BE PURIFIED\u2122<\/title>\n\n","aioseo_head_json":{"title":"Cr\u00e8me hydratante pour la peau | Cr\u00e8me hydratante sans huile BE PURIFIED\u2122","description":"La cr\u00e8me hydratante sans huile Be Purified\u2122 est un soin hydratant l\u00e9ger qui garde la peau hydrat\u00e9e toute le journ\u00e9e et offre un effet matifiant en r\u00e9duisant la brillance.","canonical_url":"https:\/\/monatglobal.com\/fr\/skin-oil-free-moisturizer\/","robots":"noindex, nofollow, max-image-preview:large","keywords":"","webmasterTools":{"miscellaneous":""},"schema":{"@context":"https:\/\/schema.org","@graph":[{"@type":"BreadcrumbList","@id":"https:\/\/monatglobal.com\/fr\/skin-oil-free-moisturizer\/#breadcrumblist","itemListElement":[{"@type":"ListItem","@id":"https:\/\/monatglobal.com\/fr#listItem","position":1,"name":"Home","item":"https:\/\/monatglobal.com\/fr","nextItem":{"@type":"ListItem","@id":"https:\/\/monatglobal.com\/fr\/skin-oil-free-moisturizer\/#listItem","name":"Cr\u00e8me hydratante sans huile BE PURIFIED\u2122"}},{"@type":"ListItem","@id":"https:\/\/monatglobal.com\/fr\/skin-oil-free-moisturizer\/#listItem","position":2,"name":"Cr\u00e8me hydratante sans huile BE PURIFIED\u2122","previousItem":{"@type":"ListItem","@id":"https:\/\/monatglobal.com\/fr#listItem","name":"Home"}}]},{"@type":"Organization","@id":"https:\/\/monatglobal.com\/fr\/#organization","name":"MONAT France","description":"We Are Modern Nature\u2122","url":"https:\/\/monatglobal.com\/fr\/"},{"@type":"WebPage","@id":"https:\/\/monatglobal.com\/fr\/skin-oil-free-moisturizer\/#webpage","url":"https:\/\/monatglobal.com\/fr\/skin-oil-free-moisturizer\/","name":"Cr\u00e8me hydratante pour la peau | Cr\u00e8me hydratante sans huile BE PURIFIED\u2122","description":"La cr\u00e8me hydratante sans huile Be Purified\u2122 est un soin hydratant l\u00e9ger qui garde la peau hydrat\u00e9e toute le journ\u00e9e et offre un effet matifiant en r\u00e9duisant la brillance.","inLanguage":"en-US","isPartOf":{"@id":"https:\/\/monatglobal.com\/fr\/#website"},"breadcrumb":{"@id":"https:\/\/monatglobal.com\/fr\/skin-oil-free-moisturizer\/#breadcrumblist"},"image":{"@type":"ImageObject","url":"https:\/\/monatglobal.com\/fr\/wp-content\/uploads\/sites\/19\/2025\/02\/Be-purified-oil-free-moisturizer-featured-image.png","@id":"https:\/\/monatglobal.com\/fr\/skin-oil-free-moisturizer\/#mainImage","width":628,"height":1200},"primaryImageOfPage":{"@id":"https:\/\/monatglobal.com\/fr\/skin-oil-free-moisturizer\/#mainImage"},"datePublished":"2025-02-04T19:33:37+00:00","dateModified":"2026-02-13T21:07:06+00:00"},{"@type":"WebSite","@id":"https:\/\/monatglobal.com\/fr\/#website","url":"https:\/\/monatglobal.com\/fr\/","name":"MONAT France","description":"We Are Modern Nature\u2122","inLanguage":"en-US","publisher":{"@id":"https:\/\/monatglobal.com\/fr\/#organization"}}]},"og:locale":"en_US","og:site_name":"MONAT France - We Are Modern Nature\u2122","og:type":"article","og:title":"Cr\u00e8me hydratante pour la peau | Cr\u00e8me hydratante sans huile BE PURIFIED\u2122","og:description":"La cr\u00e8me hydratante sans huile Be Purified\u2122 est un soin hydratant l\u00e9ger qui garde la peau hydrat\u00e9e toute le journ\u00e9e et offre un effet matifiant en r\u00e9duisant la brillance.","og:url":"https:\/\/monatglobal.com\/fr\/skin-oil-free-moisturizer\/","article:published_time":"2025-02-04T19:33:37+00:00","article:modified_time":"2026-02-13T21:07:06+00:00","twitter:card":"summary_large_image","twitter:title":"Cr\u00e8me hydratante pour la peau | Cr\u00e8me hydratante sans huile BE PURIFIED\u2122","twitter:description":"La cr\u00e8me hydratante sans huile Be Purified\u2122 est un soin hydratant l\u00e9ger qui garde la peau hydrat\u00e9e toute le journ\u00e9e et offre un effet matifiant en r\u00e9duisant la brillance."},"aioseo_meta_data":{"post_id":"86248","title":"Cr\u00e8me hydratante pour la peau | Cr\u00e8me hydratante sans huile BE PURIFIED\u2122","description":"La cr\u00e8me hydratante sans huile Be Purified\u2122 est un soin hydratant l\u00e9ger qui garde la peau hydrat\u00e9e toute le journ\u00e9e et offre un effet matifiant en r\u00e9duisant la brillance.","keywords":null,"keyphrases":{"focus":{"keyphrase":"","score":0,"analysis":{"keyphraseInTitle":{"score":0,"maxScore":9,"error":1}}},"additional":[]},"primary_term":null,"canonical_url":null,"og_title":null,"og_description":null,"og_object_type":"default","og_image_type":"default","og_image_url":null,"og_image_width":null,"og_image_height":null,"og_image_custom_url":null,"og_image_custom_fields":null,"og_video":"","og_custom_url":null,"og_article_section":null,"og_article_tags":null,"twitter_use_og":false,"twitter_card":"default","twitter_image_type":"default","twitter_image_url":null,"twitter_image_custom_url":null,"twitter_image_custom_fields":null,"twitter_title":null,"twitter_description":null,"schema":{"blockGraphs":[],"customGraphs":[],"default":{"data":{"Article":[],"Course":[],"Dataset":[],"FAQPage":[],"Movie":[],"Person":[],"Product":[],"ProductReview":[],"Car":[],"Recipe":[],"Service":[],"SoftwareApplication":[],"WebPage":[]},"graphName":"WebPage","isEnabled":true},"graphs":[]},"schema_type":"default","schema_type_options":null,"pillar_content":false,"robots_default":true,"robots_noindex":false,"robots_noarchive":false,"robots_nosnippet":false,"robots_nofollow":false,"robots_noimageindex":false,"robots_noodp":false,"robots_notranslate":false,"robots_max_snippet":"-1","robots_max_videopreview":"-1","robots_max_imagepreview":"large","priority":null,"frequency":"default","local_seo":null,"seo_analyzer_scan_date":"2026-02-13 21:07:23","breadcrumb_settings":null,"limit_modified_date":false,"reviewed_by":null,"open_ai":null,"ai":null,"created":"2025-02-03 22:08:39","updated":"2026-02-13 21:17:33"},"aioseo_breadcrumb":"<div class=\"aioseo-breadcrumbs\"><span class=\"aioseo-breadcrumb\">\n\t<a href=\"https:\/\/monatglobal.com\/fr\" title=\"Home\">Home<\/a>\n<\/span><span class=\"aioseo-breadcrumb-separator\">&raquo;<\/span><span class=\"aioseo-breadcrumb\">\n\tCr\u00e8me hydratante sans huile BE PURIFIED\u2122\n<\/span><\/div>","aioseo_breadcrumb_json":[{"label":"Home","link":"https:\/\/monatglobal.com\/fr"},{"label":"Cr\u00e8me hydratante sans huile BE PURIFIED\u2122","link":"https:\/\/monatglobal.com\/fr\/skin-oil-free-moisturizer\/"}],"_links":{"self":[{"href":"https:\/\/monatglobal.com\/fr\/wp-json\/wp\/v2\/pages\/86248","targetHints":{"allow":["GET"]}}],"collection":[{"href":"https:\/\/monatglobal.com\/fr\/wp-json\/wp\/v2\/pages"}],"about":[{"href":"https:\/\/monatglobal.com\/fr\/wp-json\/wp\/v2\/types\/page"}],"author":[{"embeddable":true,"href":"https:\/\/monatglobal.com\/fr\/wp-json\/wp\/v2\/users\/57"}],"replies":[{"embeddable":true,"href":"https:\/\/monatglobal.com\/fr\/wp-json\/wp\/v2\/comments?post=86248"}],"version-history":[{"count":38,"href":"https:\/\/monatglobal.com\/fr\/wp-json\/wp\/v2\/pages\/86248\/revisions"}],"predecessor-version":[{"id":109325,"href":"https:\/\/monatglobal.com\/fr\/wp-json\/wp\/v2\/pages\/86248\/revisions\/109325"}],"wp:featuredmedia":[{"embeddable":true,"href":"https:\/\/monatglobal.com\/fr\/wp-json\/wp\/v2\/media\/86368"}],"wp:attachment":[{"href":"https:\/\/monatglobal.com\/fr\/wp-json\/wp\/v2\/media?parent=86248"}],"wp:term":[{"taxonomy":"category","embeddable":true,"href":"https:\/\/monatglobal.com\/fr\/wp-json\/wp\/v2\/categories?post=86248"},{"taxonomy":"post_tag","embeddable":true,"href":"https:\/\/monatglobal.com\/fr\/wp-json\/wp\/v2\/tags?post=86248"}],"curies":[{"name":"wp","href":"https:\/\/api.w.org\/{rel}","templated":true}]}}