{"id":86241,"date":"2025-02-20T19:33:06","date_gmt":"2025-02-20T19:33:06","guid":{"rendered":"https:\/\/monatglobal.com\/fr\/?page_id=86241"},"modified":"2026-02-13T21:11:30","modified_gmt":"2026-02-13T21:11:30","slug":"foamy-cleanser","status":"publish","type":"page","link":"https:\/\/monatglobal.com\/fr\/foamy-cleanser\/","title":{"rendered":"Mousse nettoyante BE BALANCED\u2122"},"content":{"rendered":"\n\n\t<link rel=\"stylesheet\" href=\"https:\/\/unpkg.com\/swiper\/swiper-bundle.min.css\" \/>\n<link rel=\"stylesheet\" href=\"https:\/\/monatglobal.com\/wp-content\/creative_css\/product_styles_sheet.css\" \/>\n   <!--==================================================== ECOMM SECTION ====================================================-->\n   <!--<p>\u00ab BEST SELLERS \u00bb<\/p>-->\n      <!--==================================================== Ecomm image ====================================================-->\n      <img decoding=\"async\" src=\"https:\/\/monatglobal.com\/au\/wp-content\/uploads\/sites\/12\/2021\/12\/BE-balanced-Creamy-Cleanser-ecomm-2022.png\" alt=\"BE BALANCED\u2122 Foamy Cleanser\" loading=\"lazy\"\/>\n      <!--==================================================== Ecomm information  ====================================================-->\n         <!--<p>\u00ab BEST SELLERS \u00bb<\/p>-->\n         <h1>Mousse <br \/> nettoyante<\/h1>\n         <p>BE BALANCED\u2122<\/p>\n         \n         <p>Purifiant et adoucissant<br \/>Antioxydants et acides de fruits naturels pour lisser la peau<\/p>\n         <p>120 ml \u212e 4.0 fl. oz.<\/p>\n      <!--==================================================== pricing box  ====================================================-->     \n         <p>Prix de d\u00e9tail<br \/>00.00 \u20ac<\/p>\n         <p>Prix de client VIP<br \/>00.00 \u20ac<\/p>\n       <!--==================================================== pricing box  ====================================================--> \n         <p>Pour en savoir plus sur la Mousse nettoyante BE BALANCED\u2122, veuillez contacter votre partenaire de march\u00e9 MONAT.&nbsp;<\/p>\n      <a href=\"\" target=\"_blank\" role=\"button\" aria-label=\"\" rel=\"noopener\"><\/a>\n   <!--==================================================== \/ECOMM SECTION  ====================================================-->\n   <!--==================================================== Benefits image ====================================================-->\n  \n    <source media=\"(max-width: 700px)\" srcset=\"https:\/\/monatglobal.com\/au\/wp-content\/uploads\/sites\/12\/2021\/12\/BE-balanced-foamy-Cleanser-benefits_mobile.jpg\" loading=\"lazy\"\/>\n      <img decoding=\"async\" src=\"https:\/\/monatglobal.com\/au\/wp-content\/uploads\/sites\/12\/2021\/12\/BE-balanced-foamy-Cleanser-benefits.jpg\" \n      alt=\"\" loading=\"lazy\"\/>\n    \n   <!--==================================================== Benefits text ====================================================-->\n         <h2>BIENFAITS<\/h2>\n         <h3>Une mousse nettoyante riche et rafra\u00eechissante qui retire les impuret\u00e9s de la peau tout en conservant la barri\u00e8re d&#8217;hydratation de la peau, r\u00e9v\u00e9lant un teint plus \u00e9clatant et d&#8217;apparence plus saine.<\/h3>\n         <!--==================================================== features image  ====================================================-->\n         <img decoding=\"async\" alt=\"\" src=\"https:\/\/monatglobal.com\/au\/wp-content\/uploads\/sites\/12\/2021\/12\/be-balanced-foamy-cleanser-features.jpg\" loading=\"lazy\"\/>\n      <!--==================================================== features text ====================================================-->\n            <h3>Caract\u00e9ristiques<\/h3>\n               <p>\/ Nettoie en douceur les impuret\u00e9s et les \u00e9l\u00e9ments environnementaux tout en adoucissant et en apaisant la peau<\/p>\n               <p>\/ Purifie et affine les pores sans sensation de tiraillement ou de s\u00e9cheresse<\/p>\n               <p>\/ Apaise, rafra\u00eechit et illumine le teint<\/p>\n               <p>\/ \u00c9limine l&#8217;exc\u00e8s de s\u00e9bum tout en apportant une hydratation continue pendant 24 heures<\/p>\n               <p>\/ Convient aux peaux normales et mixtes<\/p>\n               <br \/>\n            <p>Fragrance \/ Unwind and enjoy a coconut-forward, citrusy aroma with notes of blood orange, coconut husk, cashew nut and&nbsp;sandalwood<\/p>\n            <p> Texture \/ Cream <\/p>\n   <!--==================================================== composition image mobile ====================================================-->\n   <img decoding=\"async\" alt=\"\" src=\"https:\/\/monatglobal.com\/au\/wp-content\/uploads\/sites\/12\/2021\/12\/Be-Balanced-Foamy-Cleanser-composition-1.jpg\" loading=\"lazy\"\/>\n   <!--==================================================== Why it works text ====================================================-->\n      <h2>PURIFIANT ET ADOUCISSANT<\/h2>\n      <h3>Une mousse nettoyante riche qui retire les impuret\u00e9s, les agressions environnementales et l&#8217;exc\u00e8s de s\u00e9bum. Forme une mousse soyeuse pour un teint velout\u00e9 et liss\u00e9. Laisse la peau propre tout en r\u00e9v\u00e9lant un teint plus lumineux et d&#8217;apparence plus saine.<\/h3>\n      *Based on a 14-day consumer study with 55 participants, performed by a third-party laboratory\n      <br \/>\n       **Based on an instrumental test with 31 participants, performed by a third-party laboratory.\n<!--==================================================== Composition section ====================================================-->\n      <img decoding=\"async\" alt=\"\" src=\"https:\/\/monatglobal.com\/au\/wp-content\/uploads\/sites\/12\/2021\/12\/Be-Balanced-Foamy-Cleanser-composition-1.jpg\" loading=\"lazy\"\/>\n      <img decoding=\"async\" alt=\"\" \n      src=\"https:\/\/monatglobal.com\/au\/wp-content\/uploads\/sites\/12\/2021\/12\/Be-Balanced-Foamy-Cleanser-composition-3.jpg\" loading=\"lazy\"\/>\n            <!--==================================================== Directions text ====================================================--> \n               <h3>Mode d&#8217;emploi<\/h3>\n                    <p>\/ Utiliser chaque jour, matin et soir.<\/p>\n                    <p>\/ Appliquer une petite quantit\u00e9 sur les mains; frotter pour former une riche mousse.<\/p>\n                    <p>\/ Nettoyer avec des mouvements circulaires le visage, le cou et le d\u00e9collet\u00e9.<\/p>\n                    <p>\/ \u00c9viter les yeux.<\/p>\n                    <p>\/ Se rince facilement \u00e0 l&#8217;eau.<\/p>\n                    <p>\/ Pour de meilleurs r\u00e9sultats, laver deux fois.<\/p>\n                    <p>\/ Compl\u00e9ter votre routine de soins de la peau avec des produits MONAT. &nbsp;<\/p>\n            <!--==================================================== Directions video ====================================================-->\n      <p> Mousse nettoyante <br \/> Be Balanced\u2122 <br \/>0:40<\/p>\n         <!--==================================================== features image  ====================================================-->\n         <img decoding=\"async\" alt=\"\" src=\"https:\/\/monatglobal.com\/au\/wp-content\/uploads\/sites\/12\/2021\/12\/sunscreen-suggestion.jpg\" loading=\"lazy\"\/>\n      <!--==================================================== features text ====================================================-->\n            <h3>Conseils d&#8217;utilisation<\/h3>\n               <p>\/ Pour de meilleurs r\u00e9sultats, laver deux fois.<\/p>\n               <p>\/ Appliquer un \u00e9cran solaire 15 minutes avant de sortir.<\/p>\n  <a href=\"\" target=\"_blank\" role=\"button\" aria-label=\"\" rel=\"noopener\"><\/a>\n   <!--==================================================== Ingredients section  ====================================================-->\n      <h2>INGR\u00c9DIENTS CL\u00c9S<\/h2>\n      <p>REJUVENIQE S\u2122<br \/> Hydrate et nourrit<\/p>\n      <p>Peptide<br \/> Raffermit et repulpe <\/p>\n      <p>Acides de fruits naturels (AHA) <br \/>Lissent et illuminent<\/p>\n      <p>Antioxydants<br \/> Prot\u00e8gent<\/p>\n        <button id=\"myBtn\" type=\"button\">LISTE D&#8217;INGR\u00c9DIENTS<\/button>\n      <!--==================================================== Modal content  ====================================================-->\n         &times;\n         <p>Aqua\/Water\/Eau, Sodium Cocoyl Isethionate, Lecithin, Glycerin, Palmitic Acid, C12-16 Alcohols, Trifluoroacetyl Tripeptide-2, Mangifera Indica (Mango) Pulp Extract, Musa Sapientum (Banana) Pulp Extract, Saccharum Officinarum (Sugarcane) Extract, Glycolic Acid, Tocopherol, Limnanthes Alba (Meadowfoam) Seed Oil, Crambe Abyssinica Seed Oil, Camellia Oleifera Seed Oil, Solanum Lycopersicum (Tomato) Seed Oil, Daucus Carota Sativa (Carrot) Seed Oil, Citrus Limon (Lemon) Peel Oil, Citrus Aurantifolia (Lime) Oil, Citrus Aurantium Bergamia (Bergamot) Fruit Oil, Adansonia Digitata Oil, Mauritia Flexuosa Fruit Oil, Cocos Nucifera (Coconut) Oil, Gardenia Taitensis Flower Extract, Moringa Oleifera Seed Oil, Caryocar Brasiliense Fruit Oil, Helianthus Annuus (Sunflower) Seed Oil, Olea Europaea (Olive) Fruit Oil, Simmondsia Chinensis (Jojoba) Seed Extract, Sodium Phytate, Xanthan Gum, Sclerotium Gum, Pullulan, Dextran, Fragrance\/Parfum, Ethylhexylglycerin, Benzyl Alcohol.<\/p>\n   <!--==================================================== You might also like section ====================================================-->\n<!--   -->\n<!--      <h2>VOUS POURRIEZ AUSSI AIMER<\/h2>-->\n      <!--==================================================== Slider YOU MIGHT ALSO LIKE ====================================================-->\n<!--          -->\n<!--             -->\n                <!-- Slides products-->\n<!--                -->\n<!--                   <a href=\"https:\/\/monatglobal.com\/fr\/age-control-nectar\/\" aria-label=\"Go to REWIND\u2122 AGE CONTROL NECTAR page\">-->\n<!--                    <img decoding=\"async\" src=\"https:\/\/monatglobal.com\/wp-content\/uploads\/2022\/12\/Rewind-Age-Control-Nectar-ecomm-min.png\" alt=\"REWIND\u2122 AGE CONTROL NECTAR\" loading=\"lazy\"--\/>\n<!--\/>-->\n<!--                    <p>Nectar anti-\u00e2ge<br \/> Rewind<\/p>-->\n<!--                  <\/a>-->\n<!--                -->\n<!--                -->\n<!--                   <a href=\"https:\/\/monatglobal.com\/fr\/eye-smooth\/\" aria-label=\"Go to EYE SMOOTH\u2122 page\">-->\n<!--                    <img decoding=\"async\" src=\"https:\/\/monatglobal.com\/wp-content\/uploads\/2022\/12\/Eye-smooth-ecomm-2022-min.png\" alt=\"EYE SMOOTH\u2122 \" loading=\"lazy\"--\/>\n<!--\/>-->\n<!--                    <p>EYE SMOOTH\u2122 <\/p>-->\n<!--                  <\/a>-->\n<!--                -->\n<!--                -->\n<!--                   <a href=\"https:\/\/monatglobal.com\/fr\/nourishing-moisturizer\/\" aria-label=\"Go to BE GENTLE\u2122 NOURISHING MOISTURIZER page\">-->\n<!--                      <img decoding=\"async\" src=\"https:\/\/monatglobal.com\/wp-content\/uploads\/2022\/12\/Be-Gentle-Nourishing-Moisturizer-ecomm-min.png\" alt=\"BE GENTLE\u2122 NOURISHING MOISTURIZER\" loading=\"lazy\"--\/>\n<!--\/>-->\n<!--                      <p>Hydratant nourrissant <br \/> Be Gentle\u2122<\/p>-->\n<!--                   <\/a>-->\n<!--                -->\n<!--             -->\n             <!-- If we need navigation buttons -->\n<!--             -->\n<!--             -->\n             <!-- If we need paginations -->\n<!--             -->\n<!--          -->\n         <!--==================================================== If we need navigation buttons  ====================================================-->\n         <!--==================================================== If we need paginations  ====================================================-->\n    <a href=\"\" aria-label=\"\"><\/a>\n<!--==================================================== this link has to go last for it to work   ====================================================-->\n\n","protected":false},"excerpt":{"rendered":"<p>Mousse nettoyante BE BALANCED\u2122 Purifiant et adoucissantAntioxydants et acides de fruits naturels pour lisser la peau 120 ml \u212e 4.0 fl. oz. Prix de d\u00e9tail00.00 \u20ac Prix de client VIP00.00 \u20ac Pour en savoir plus sur la Mousse nettoyante BE BALANCED\u2122, veuillez contacter votre partenaire de march\u00e9 MONAT.&nbsp; BIENFAITS Une mousse nettoyante riche et rafra\u00eechissante&hellip;<\/p>\n","protected":false},"author":57,"featured_media":86360,"parent":0,"menu_order":0,"comment_status":"closed","ping_status":"closed","template":"","meta":{"inline_featured_image":false,"om_disable_all_campaigns":false,"_monsterinsights_skip_tracking":false,"_monsterinsights_sitenote_active":false,"_monsterinsights_sitenote_note":"","_monsterinsights_sitenote_category":0,"footnotes":""},"categories":[20],"tags":[],"class_list":["post-86241","page","type-page","status-publish","has-post-thumbnail","hentry","category-product-fr"],"aioseo_notices":[],"aioseo_head":"\n\t\t<!-- All in One SEO Pro 4.9.5.2 - aioseo.com -->\n\t<meta name=\"description\" content=\"Une mousse nettoyante rafra\u00eechissante et luxueuse qui \u00e9limine en douceur les impuret\u00e9s tout en pr\u00e9servant l\u2019hydratation naturelle de la peau. Sa formule avanc\u00e9e aide \u00e0 r\u00e9v\u00e9ler un teint plus lumineux, frais et \u00e9clatant de sant\u00e9. Convient \u00e0 tous les types de peau.\" \/>\n\t<meta name=\"robots\" content=\"noindex, nofollow, max-image-preview:large\" \/>\n\t<link rel=\"canonical\" href=\"https:\/\/monatglobal.com\/fr\/foamy-cleanser\/\" \/>\n\t<meta name=\"generator\" content=\"All in One SEO Pro (AIOSEO) 4.9.5.2\" \/>\n\t\t<meta property=\"og:locale\" content=\"en_US\" \/>\n\t\t<meta property=\"og:site_name\" content=\"MONAT France - We Are Modern Nature\u2122\" \/>\n\t\t<meta property=\"og:type\" content=\"article\" \/>\n\t\t<meta property=\"og:title\" content=\"Nettoyant pour la peau | Soins de la peau MONAT | Mousse nettoyante BE BALANCED\u2122\" \/>\n\t\t<meta property=\"og:description\" content=\"Une mousse nettoyante rafra\u00eechissante et luxueuse qui \u00e9limine en douceur les impuret\u00e9s tout en pr\u00e9servant l\u2019hydratation naturelle de la peau. Sa formule avanc\u00e9e aide \u00e0 r\u00e9v\u00e9ler un teint plus lumineux, frais et \u00e9clatant de sant\u00e9. Convient \u00e0 tous les types de peau.\" \/>\n\t\t<meta property=\"og:url\" content=\"https:\/\/monatglobal.com\/fr\/foamy-cleanser\/\" \/>\n\t\t<meta property=\"article:published_time\" content=\"2025-02-20T19:33:06+00:00\" \/>\n\t\t<meta property=\"article:modified_time\" content=\"2026-02-13T21:11:30+00:00\" \/>\n\t\t<meta name=\"twitter:card\" content=\"summary_large_image\" \/>\n\t\t<meta name=\"twitter:title\" content=\"Nettoyant pour la peau | Soins de la peau MONAT | Mousse nettoyante BE BALANCED\u2122\" \/>\n\t\t<meta name=\"twitter:description\" content=\"Une mousse nettoyante rafra\u00eechissante et luxueuse qui \u00e9limine en douceur les impuret\u00e9s tout en pr\u00e9servant l\u2019hydratation naturelle de la peau. Sa formule avanc\u00e9e aide \u00e0 r\u00e9v\u00e9ler un teint plus lumineux, frais et \u00e9clatant de sant\u00e9. Convient \u00e0 tous les types de peau.\" \/>\n\t\t<script type=\"application\/ld+json\" class=\"aioseo-schema\">\n\t\t\t{\"@context\":\"https:\\\/\\\/schema.org\",\"@graph\":[{\"@type\":\"BreadcrumbList\",\"@id\":\"https:\\\/\\\/monatglobal.com\\\/fr\\\/foamy-cleanser\\\/#breadcrumblist\",\"itemListElement\":[{\"@type\":\"ListItem\",\"@id\":\"https:\\\/\\\/monatglobal.com\\\/fr#listItem\",\"position\":1,\"name\":\"Home\",\"item\":\"https:\\\/\\\/monatglobal.com\\\/fr\",\"nextItem\":{\"@type\":\"ListItem\",\"@id\":\"https:\\\/\\\/monatglobal.com\\\/fr\\\/foamy-cleanser\\\/#listItem\",\"name\":\"Mousse nettoyante BE BALANCED\\u2122\"}},{\"@type\":\"ListItem\",\"@id\":\"https:\\\/\\\/monatglobal.com\\\/fr\\\/foamy-cleanser\\\/#listItem\",\"position\":2,\"name\":\"Mousse nettoyante BE BALANCED\\u2122\",\"previousItem\":{\"@type\":\"ListItem\",\"@id\":\"https:\\\/\\\/monatglobal.com\\\/fr#listItem\",\"name\":\"Home\"}}]},{\"@type\":\"Organization\",\"@id\":\"https:\\\/\\\/monatglobal.com\\\/fr\\\/#organization\",\"name\":\"MONAT France\",\"description\":\"We Are Modern Nature\\u2122\",\"url\":\"https:\\\/\\\/monatglobal.com\\\/fr\\\/\"},{\"@type\":\"WebPage\",\"@id\":\"https:\\\/\\\/monatglobal.com\\\/fr\\\/foamy-cleanser\\\/#webpage\",\"url\":\"https:\\\/\\\/monatglobal.com\\\/fr\\\/foamy-cleanser\\\/\",\"name\":\"Nettoyant pour la peau | Soins de la peau MONAT | Mousse nettoyante BE BALANCED\\u2122\",\"description\":\"Une mousse nettoyante rafra\\u00eechissante et luxueuse qui \\u00e9limine en douceur les impuret\\u00e9s tout en pr\\u00e9servant l\\u2019hydratation naturelle de la peau. Sa formule avanc\\u00e9e aide \\u00e0 r\\u00e9v\\u00e9ler un teint plus lumineux, frais et \\u00e9clatant de sant\\u00e9. Convient \\u00e0 tous les types de peau.\",\"inLanguage\":\"en-US\",\"isPartOf\":{\"@id\":\"https:\\\/\\\/monatglobal.com\\\/fr\\\/#website\"},\"breadcrumb\":{\"@id\":\"https:\\\/\\\/monatglobal.com\\\/fr\\\/foamy-cleanser\\\/#breadcrumblist\"},\"image\":{\"@type\":\"ImageObject\",\"url\":\"https:\\\/\\\/monatglobal.com\\\/fr\\\/wp-content\\\/uploads\\\/sites\\\/19\\\/2025\\\/02\\\/BE-balanced-Foamy-Cleanser-featured-image.png\",\"@id\":\"https:\\\/\\\/monatglobal.com\\\/fr\\\/foamy-cleanser\\\/#mainImage\",\"width\":628,\"height\":1200},\"primaryImageOfPage\":{\"@id\":\"https:\\\/\\\/monatglobal.com\\\/fr\\\/foamy-cleanser\\\/#mainImage\"},\"datePublished\":\"2025-02-20T19:33:06+00:00\",\"dateModified\":\"2026-02-13T21:11:30+00:00\"},{\"@type\":\"WebSite\",\"@id\":\"https:\\\/\\\/monatglobal.com\\\/fr\\\/#website\",\"url\":\"https:\\\/\\\/monatglobal.com\\\/fr\\\/\",\"name\":\"MONAT France\",\"description\":\"We Are Modern Nature\\u2122\",\"inLanguage\":\"en-US\",\"publisher\":{\"@id\":\"https:\\\/\\\/monatglobal.com\\\/fr\\\/#organization\"}}]}\n\t\t<\/script>\n\t\t<!-- All in One SEO Pro -->\r\n\t\t<title>Nettoyant pour la peau | Soins de la peau MONAT | Mousse nettoyante BE BALANCED\u2122<\/title>\n\n","aioseo_head_json":{"title":"Nettoyant pour la peau | Soins de la peau MONAT | Mousse nettoyante BE BALANCED\u2122","description":"Une mousse nettoyante rafra\u00eechissante et luxueuse qui \u00e9limine en douceur les impuret\u00e9s tout en pr\u00e9servant l\u2019hydratation naturelle de la peau. Sa formule avanc\u00e9e aide \u00e0 r\u00e9v\u00e9ler un teint plus lumineux, frais et \u00e9clatant de sant\u00e9. Convient \u00e0 tous les types de peau.","canonical_url":"https:\/\/monatglobal.com\/fr\/foamy-cleanser\/","robots":"noindex, nofollow, max-image-preview:large","keywords":"","webmasterTools":{"miscellaneous":""},"schema":{"@context":"https:\/\/schema.org","@graph":[{"@type":"BreadcrumbList","@id":"https:\/\/monatglobal.com\/fr\/foamy-cleanser\/#breadcrumblist","itemListElement":[{"@type":"ListItem","@id":"https:\/\/monatglobal.com\/fr#listItem","position":1,"name":"Home","item":"https:\/\/monatglobal.com\/fr","nextItem":{"@type":"ListItem","@id":"https:\/\/monatglobal.com\/fr\/foamy-cleanser\/#listItem","name":"Mousse nettoyante BE BALANCED\u2122"}},{"@type":"ListItem","@id":"https:\/\/monatglobal.com\/fr\/foamy-cleanser\/#listItem","position":2,"name":"Mousse nettoyante BE BALANCED\u2122","previousItem":{"@type":"ListItem","@id":"https:\/\/monatglobal.com\/fr#listItem","name":"Home"}}]},{"@type":"Organization","@id":"https:\/\/monatglobal.com\/fr\/#organization","name":"MONAT France","description":"We Are Modern Nature\u2122","url":"https:\/\/monatglobal.com\/fr\/"},{"@type":"WebPage","@id":"https:\/\/monatglobal.com\/fr\/foamy-cleanser\/#webpage","url":"https:\/\/monatglobal.com\/fr\/foamy-cleanser\/","name":"Nettoyant pour la peau | Soins de la peau MONAT | Mousse nettoyante BE BALANCED\u2122","description":"Une mousse nettoyante rafra\u00eechissante et luxueuse qui \u00e9limine en douceur les impuret\u00e9s tout en pr\u00e9servant l\u2019hydratation naturelle de la peau. Sa formule avanc\u00e9e aide \u00e0 r\u00e9v\u00e9ler un teint plus lumineux, frais et \u00e9clatant de sant\u00e9. Convient \u00e0 tous les types de peau.","inLanguage":"en-US","isPartOf":{"@id":"https:\/\/monatglobal.com\/fr\/#website"},"breadcrumb":{"@id":"https:\/\/monatglobal.com\/fr\/foamy-cleanser\/#breadcrumblist"},"image":{"@type":"ImageObject","url":"https:\/\/monatglobal.com\/fr\/wp-content\/uploads\/sites\/19\/2025\/02\/BE-balanced-Foamy-Cleanser-featured-image.png","@id":"https:\/\/monatglobal.com\/fr\/foamy-cleanser\/#mainImage","width":628,"height":1200},"primaryImageOfPage":{"@id":"https:\/\/monatglobal.com\/fr\/foamy-cleanser\/#mainImage"},"datePublished":"2025-02-20T19:33:06+00:00","dateModified":"2026-02-13T21:11:30+00:00"},{"@type":"WebSite","@id":"https:\/\/monatglobal.com\/fr\/#website","url":"https:\/\/monatglobal.com\/fr\/","name":"MONAT France","description":"We Are Modern Nature\u2122","inLanguage":"en-US","publisher":{"@id":"https:\/\/monatglobal.com\/fr\/#organization"}}]},"og:locale":"en_US","og:site_name":"MONAT France - We Are Modern Nature\u2122","og:type":"article","og:title":"Nettoyant pour la peau | Soins de la peau MONAT | Mousse nettoyante BE BALANCED\u2122","og:description":"Une mousse nettoyante rafra\u00eechissante et luxueuse qui \u00e9limine en douceur les impuret\u00e9s tout en pr\u00e9servant l\u2019hydratation naturelle de la peau. Sa formule avanc\u00e9e aide \u00e0 r\u00e9v\u00e9ler un teint plus lumineux, frais et \u00e9clatant de sant\u00e9. Convient \u00e0 tous les types de peau.","og:url":"https:\/\/monatglobal.com\/fr\/foamy-cleanser\/","article:published_time":"2025-02-20T19:33:06+00:00","article:modified_time":"2026-02-13T21:11:30+00:00","twitter:card":"summary_large_image","twitter:title":"Nettoyant pour la peau | Soins de la peau MONAT | Mousse nettoyante BE BALANCED\u2122","twitter:description":"Une mousse nettoyante rafra\u00eechissante et luxueuse qui \u00e9limine en douceur les impuret\u00e9s tout en pr\u00e9servant l\u2019hydratation naturelle de la peau. Sa formule avanc\u00e9e aide \u00e0 r\u00e9v\u00e9ler un teint plus lumineux, frais et \u00e9clatant de sant\u00e9. Convient \u00e0 tous les types de peau."},"aioseo_meta_data":{"post_id":"86241","title":"Nettoyant pour la peau | Soins de la peau MONAT | Mousse nettoyante BE BALANCED\u2122","description":"Une mousse nettoyante rafra\u00eechissante et luxueuse qui \u00e9limine en douceur les impuret\u00e9s tout en pr\u00e9servant l\u2019hydratation naturelle de la peau. Sa formule avanc\u00e9e aide \u00e0 r\u00e9v\u00e9ler un teint plus lumineux, frais et \u00e9clatant de sant\u00e9. Convient \u00e0 tous les types de peau.","keywords":null,"keyphrases":{"focus":{"keyphrase":"","score":0,"analysis":{"keyphraseInTitle":{"score":0,"maxScore":9,"error":1}}},"additional":[]},"primary_term":null,"canonical_url":null,"og_title":null,"og_description":null,"og_object_type":"default","og_image_type":"default","og_image_url":null,"og_image_width":null,"og_image_height":null,"og_image_custom_url":null,"og_image_custom_fields":null,"og_video":"","og_custom_url":null,"og_article_section":null,"og_article_tags":null,"twitter_use_og":false,"twitter_card":"default","twitter_image_type":"default","twitter_image_url":null,"twitter_image_custom_url":null,"twitter_image_custom_fields":null,"twitter_title":null,"twitter_description":null,"schema":{"blockGraphs":[],"customGraphs":[],"default":{"data":{"Article":[],"Course":[],"Dataset":[],"FAQPage":[],"Movie":[],"Person":[],"Product":[],"ProductReview":[],"Car":[],"Recipe":[],"Service":[],"SoftwareApplication":[],"WebPage":[]},"graphName":"WebPage","isEnabled":true},"graphs":[]},"schema_type":"default","schema_type_options":null,"pillar_content":false,"robots_default":true,"robots_noindex":false,"robots_noarchive":false,"robots_nosnippet":false,"robots_nofollow":false,"robots_noimageindex":false,"robots_noodp":false,"robots_notranslate":false,"robots_max_snippet":"-1","robots_max_videopreview":"-1","robots_max_imagepreview":"large","priority":null,"frequency":"default","local_seo":null,"seo_analyzer_scan_date":"2026-02-13 21:12:27","breadcrumb_settings":null,"limit_modified_date":false,"reviewed_by":null,"open_ai":null,"ai":null,"created":"2025-02-03 21:59:57","updated":"2026-02-13 21:25:13"},"aioseo_breadcrumb":"<div class=\"aioseo-breadcrumbs\"><span class=\"aioseo-breadcrumb\">\n\t<a href=\"https:\/\/monatglobal.com\/fr\" title=\"Home\">Home<\/a>\n<\/span><span class=\"aioseo-breadcrumb-separator\">&raquo;<\/span><span class=\"aioseo-breadcrumb\">\n\tMousse nettoyante BE BALANCED\u2122\n<\/span><\/div>","aioseo_breadcrumb_json":[{"label":"Home","link":"https:\/\/monatglobal.com\/fr"},{"label":"Mousse nettoyante BE BALANCED\u2122","link":"https:\/\/monatglobal.com\/fr\/foamy-cleanser\/"}],"_links":{"self":[{"href":"https:\/\/monatglobal.com\/fr\/wp-json\/wp\/v2\/pages\/86241","targetHints":{"allow":["GET"]}}],"collection":[{"href":"https:\/\/monatglobal.com\/fr\/wp-json\/wp\/v2\/pages"}],"about":[{"href":"https:\/\/monatglobal.com\/fr\/wp-json\/wp\/v2\/types\/page"}],"author":[{"embeddable":true,"href":"https:\/\/monatglobal.com\/fr\/wp-json\/wp\/v2\/users\/57"}],"replies":[{"embeddable":true,"href":"https:\/\/monatglobal.com\/fr\/wp-json\/wp\/v2\/comments?post=86241"}],"version-history":[{"count":42,"href":"https:\/\/monatglobal.com\/fr\/wp-json\/wp\/v2\/pages\/86241\/revisions"}],"predecessor-version":[{"id":109409,"href":"https:\/\/monatglobal.com\/fr\/wp-json\/wp\/v2\/pages\/86241\/revisions\/109409"}],"wp:featuredmedia":[{"embeddable":true,"href":"https:\/\/monatglobal.com\/fr\/wp-json\/wp\/v2\/media\/86360"}],"wp:attachment":[{"href":"https:\/\/monatglobal.com\/fr\/wp-json\/wp\/v2\/media?parent=86241"}],"wp:term":[{"taxonomy":"category","embeddable":true,"href":"https:\/\/monatglobal.com\/fr\/wp-json\/wp\/v2\/categories?post=86241"},{"taxonomy":"post_tag","embeddable":true,"href":"https:\/\/monatglobal.com\/fr\/wp-json\/wp\/v2\/tags?post=86241"}],"curies":[{"name":"wp","href":"https:\/\/api.w.org\/{rel}","templated":true}]}}