{"id":86238,"date":"2025-02-20T19:30:53","date_gmt":"2025-02-20T19:30:53","guid":{"rendered":"https:\/\/monatglobal.com\/fr\/?page_id=86238"},"modified":"2026-02-13T21:09:50","modified_gmt":"2026-02-13T21:09:50","slug":"lightweight-moisturizer","status":"publish","type":"page","link":"https:\/\/monatglobal.com\/fr\/lightweight-moisturizer\/","title":{"rendered":"Hydratant l\u00e9ger BE BALANCED\u2122"},"content":{"rendered":"\n\n\t<link rel=\"stylesheet\" href=\"https:\/\/unpkg.com\/swiper\/swiper-bundle.min.css\" \/>\n<link rel=\"stylesheet\" href=\"https:\/\/monatglobal.com\/wp-content\/creative_css\/product_styles_sheet.css\" \/>\n   <!--==================================================== ECOMM SECTION ====================================================-->\n      <!--==================================================== Ecomm image ====================================================--> \n             \n      <source media=\"(max-width: 700px)\" srcset=\"https:\/\/monatglobal.com\/au\/wp-content\/uploads\/sites\/12\/2021\/12\/BE-BALANCED-Lightweight-Moisturizer_ecomm_mobile.png\" loading=\"lazy\"\/>\n      <img decoding=\"async\" src=\"https:\/\/monatglobal.com\/au\/wp-content\/uploads\/sites\/12\/2021\/12\/BE-BALANCED-Lightweight-Moisturizer_ecomm.png\" alt=\"BE-BALANCED-Lightweight-Moisturizer\" loading=\"lazy\"\/>\n         \n      <!--==================================================== Ecomm information  ====================================================-->\n         <h1>Hydratant <br \/> l\u00e9ger<\/h1>\n         <p>BE BALANCED\u2122<\/p>\n         <p>R\u00e9parateur et lissant<\/p>\n         <p>Cellules souches v\u00e9g\u00e9tales transformatrices et c\u00e9ramides<\/p>\n         <p>45ml \u212e 1,52 oz liq.<\/p>\n       <!--==================================================== pricing box  ====================================================-->    \n         <p>Prix de d\u00e9tail<br \/>00.00 \u20ac<\/p>\n         <p>Prix de client VIP<br \/>00.00 \u20ac<\/p>\n      <!--==================================================== pricing box  ====================================================--> \n         <p>Pour en savoir plus sur l&#8217;Hydratant l\u00e9ger BE BALANCED\u2122, veuillez contacter votre partenaire de march\u00e9 MONAT.&nbsp;<\/p> \n      <a href=\"\" target=\"_blank\" role=\"button\" aria-label=\"\" rel=\"noopener\"><\/a>\n   <!--==================================================== \/ECOMM SECTION  ====================================================-->\n   <!--==================================================== Benefits image ====================================================-->\n  \n    <source media=\"(max-width: 700px)\" srcset=\"https:\/\/monatglobal.com\/au\/wp-content\/uploads\/sites\/12\/2021\/12\/BE-BALANCED-Lightweight-Moisturizer-benefits-close-up_mobile.jpg\" loading=\"lazy\"\/>\n      <img decoding=\"async\" src=\"https:\/\/monatglobal.com\/au\/wp-content\/uploads\/sites\/12\/2021\/12\/BE-BALANCED-Lightweight-Moisturizer-benefits-close-up.jpg\" \n      alt=\"\" loading=\"lazy\"\/>\n    \n   <!--==================================================== Benefits text ====================================================-->\n         <h2>BIENFAITS<\/h2>\n         <h3>Un hydratant l\u00e9ger qui s&#8217;absorbe facilement, laissant un teint plus doux, plus lisse et d&#8217;apparence plus saine.<\/h3>\n         <!--==================================================== features image  ====================================================-->\n         <img decoding=\"async\" alt=\"\" src=\"https:\/\/monatglobal.com\/au\/wp-content\/uploads\/sites\/12\/2021\/12\/BE-BALANCED-Lightweight-Moisturizer-features.jpg\" loading=\"lazy\"\/>\n      <!--==================================================== features text ====================================================-->\n            <h3>Caract\u00e9ristiques<\/h3>\n               <p>\/ Propri\u00e9t\u00e9s anti-\u00e2ge<\/p>\n               <p>\/ Hydrate toute la journ\u00e9e<\/p>\n               <p>\/ R\u00e9duit les rides, les ridules et le manque d&#8217;\u00e9lasticit\u00e9<\/p>\n               <p>\/ Laisse la peau apais\u00e9e, liss\u00e9e et adoucie<\/p>\n               <p>\/ Laisse le teint plus rafra\u00eechi et plus radieux<\/p>\n               <p>\/ Convient aux peaux normales et mixtes<\/p> \n               <br \/>\n            <p>Fragrance \/ Unwind and enjoy a coconut-forward, citrusy aroma with notes of blood orange, coconut husk, cashew nut and&nbsp;sandalwood. <\/p>\n            <p> Texture \/ Cream <\/p>\n   <!--==================================================== composition image mobile ====================================================-->\n   <img decoding=\"async\" alt=\"\" src=\"https:\/\/monatglobal.com\/au\/wp-content\/uploads\/sites\/12\/2021\/12\/BE-BALANCED-Lightweight-Moisturizer-comp1.jpg\" loading=\"lazy\"\/>\n   <!--==================================================== Why it works text ====================================================-->\n      <h2>REPARATEUR ET LISSANT<\/h2>\n      <h3>Cette cr\u00e8me l\u00e9g\u00e8re \u00e0 base d&#8217;eau nourrit la peau avec des nutriments concentr\u00e9s et une hydratation intense. Son complexe optimal de plantes r\u00e9g\u00e9n\u00e9rantes procure une hydratation \u00e9quilibr\u00e9e sans surcharge. La peau est repulp\u00e9e et plus \u00e9clatante.<\/h3>\n      <p>Skin is plumper and more&nbsp;radiant*<\/p>\n      <p>*Based on a 56-day consumer study with 49 participants, performed by a third-party laboratory.<\/p>\n<!--==================================================== Composition section ====================================================-->\n      <img decoding=\"async\" alt=\"\" src=\"https:\/\/monatglobal.com\/au\/wp-content\/uploads\/sites\/12\/2021\/12\/BE-BALANCED-Lightweight-Moisturizer-comp1.jpg\" loading=\"lazy\"\/>\n      <img decoding=\"async\" alt=\"\" \n      src=\"https:\/\/monatglobal.com\/au\/wp-content\/uploads\/sites\/12\/2021\/12\/BE-BALANCED-Lightweight-Moisturizer-composition-3.jpg\" loading=\"lazy\"\/>\n            <!--==================================================== Directions text ====================================================--> \n               <h3>Mode d&#8217;emploi<\/h3>\n                    <p>\/ Utiliser quotidiennement, matin et soir.<\/p>\n                    <p>\/ Pr\u00e9lever une petite quantit\u00e9 du produit \u00e0 l&#8217;aide de la spatule.<\/p>\n                    <p>\/ Appliquer de fa\u00e7on uniforme sur le bout de doigts.<\/p>\n                    <p>\/ Masser sur le visage, le cou et le d\u00e9collet\u00e9 avec des mouvements vers le haut pour dynamiser la peau.<\/p>\n                    <p>\/ Laisser le produit s&#8217;absorber avant d&#8217;appliquer un produit \u00e0 FPS ou un fond de teint.<\/p>\n            <!--==================================================== Directions video ====================================================-->\n      <p>Hydratant l\u00e9ger<br \/>BE BALANCED\u2122<br \/>0:35<\/p>\n         <!--==================================================== suggestions image  ====================================================-->\n         <img decoding=\"async\" alt=\"\" src=\"https:\/\/monatglobal.com\/au\/wp-content\/uploads\/sites\/12\/2021\/12\/REJUVENIQE-light-suggestions.jpg\" loading=\"lazy\"\/>\n      <!--==================================================== suggestions text ====================================================-->\n            <h3>Conseils d&#8217;utilisation<\/h3>\n               <p>\/ Votre peau est tr\u00e8s s\u00e8che? Ajouter 1 ou 2 gouttes de l&#8217;huile intensive REJUVENIQE\u2122 au produit dans la main et m\u00e9langer-la \u00e0 l&#8217;hydratant.<\/p>\n  <a href=\"\" target=\"_blank\" role=\"button\" aria-label=\"\" rel=\"noopener\"><\/a>\n   <!--==================================================== Ingredients section  ====================================================-->\n      <h2>INGR\u00c9DIENTS CL\u00c9S<\/h2>\n      <p>REJUVENIQE S\u2122<br \/>Hydrate et nourrit<\/p>\n      <p>Extraits de cellules souches v\u00e9g\u00e9tales<br \/>Renforcent et prot\u00e8gent<\/p>\n      <p>Acide hyaluronique<br \/>Retient l&#8217;hydratation<\/p>\n      <p>Peptide<br \/>Raffermit et repulpe<\/p>\n      <p>C\u00e9ramides<br \/>Soutiennent et hydratent la barri\u00e8re cutan\u00e9e<\/p>\n        <button id=\"myBtn\" type=\"button\">LISTE D&#8217;INGR\u00c9DIENTS<\/button>\n      <!--==================================================== Modal content  ====================================================-->\n         &times;\n         <p>Aqua\/Water\/Eau, Cetearyl Alcohol, Glyceryl Stearate SE, Caprylic\/Capric Triglyceride, Glycerin, Isopropyl Myristate, Isomalt, Cetearyl Glucoside, Sodium Hyaluronate, Trifluoroacetyl Tripeptide-2, Ceramide NP, Ceramide AP, Ceramide EOP, Bisabolol, Zingiber Officinale (Ginger) Root Extract, Limnanthes Alba (Meadowfoam) Seed Oil, Crambe Abyssinica Seed Oil, Camellia Oleifera Seed Oil, Solanum Lycopersicum (Tomato) Seed Oil, Daucus Carota Sativa (Carrot) Seed Oil, Citrus Limon (Lemon) Peel Oil, Citrus Aurantifolia (Lime) Oil, Citrus Aurantium Bergamia (Bergamot) Fruit Oil, Adansonia Digitata Oil, Mauritia Flexuosa Fruit Oil, Cocos Nucifera (Coconut) Oil, Gardenia Taitensis Flower Extract, Moringa Oleifera Seed Oil, Caryocar Brasiliense Fruit Oil, Helianthus Annuus (Sunflower) Seed Oil, Olea Europaea (Olive) Fruit Oil, Simmondsia Chinensis (Jojoba) Seed Extract, Tocopherol, Phytol, Dextran, Phytosphingosine, Cholesterol, Sodium Lauroyl Lactylate, Carbomer, Xanthan Gum, Fragrance\/Parfum, Ethylhexylglycerin, Benzyl Alcohol.<\/p>\n   <!--==================================================== You might also like section ====================================================-->\n      <h2>VOUS POURRIEZ AUSSI AIMER<\/h2>\n      <!--==================================================== Slider YOU MIGHT ALSO LIKE ====================================================-->\n<!--          -->\n<!--             -->\n                <!-- Slides products-->\n<!--                -->\n<!--                   <a href=\"https:\/\/monatglobal.com\/fr\/foamy-cleanser\/\" aria-label=\"Go to BE BALANCED\u2122 FOAMY CLEANSER page\">-->\n<!--                    <img decoding=\"async\" src=\"https:\/\/monatglobal.com\/wp-content\/uploads\/2022\/12\/Be-Balanced-Foamy-cleanser_Ecomm-min.png\" alt=\"BE BALANCED\u2122 FOAMY CLEANSER\" loading=\"lazy\"--\/>\n<!--\/>-->\n<!--                    <p>Mousse nettoyante <br \/> Be Balanced\u2122<\/p>-->\n<!--                  <\/a>-->\n<!--                -->\n<!--                -->\n<!--                   <a href=\"https:\/\/monatglobal.com\/fr\/age-control-nectar\/\" aria-label=\"Go to REWIND\u2122 AGE CONTROL NECTAR page\">-->\n<!--                    <img decoding=\"async\" src=\"https:\/\/monatglobal.com\/wp-content\/uploads\/2022\/12\/Rewind-Age-Control-Nectar-ecomm-min.png\" alt=\"REWIND\u2122 AGE CONTROL NECTAR\" loading=\"lazy\"--\/>\n<!--\/>-->\n<!--                    <p>Nectar anti-\u00e2ge <br \/> Rewind<\/p>-->\n<!--                  <\/a>-->\n<!--                -->\n<!--                -->\n<!--                   <a href=\"https:\/\/monatglobal.com\/fr\/eye-smooth\/\" aria-label=\"Go to EYE SMOOTH\u2122 page\">-->\n<!--                      <img decoding=\"async\" src=\"https:\/\/monatglobal.com\/wp-content\/uploads\/2022\/12\/Eye-smooth-ecomm-2022-min.png\" alt=\"EYE SMOOTH\u2122\" loading=\"lazy\"--\/>\n<!--\/>-->\n<!--                      <p>EYE SMOOTH\u2122<\/p>-->\n<!--                   <\/a>-->\n<!--                -->\n<!--             -->\n             <!-- If we need navigation buttons -->\n<!--             -->\n<!--             -->\n             <!-- If we need paginations -->\n<!--             -->\n<!--          -->\n         <!--==================================================== If we need navigation buttons  ====================================================-->\n         <!--==================================================== If we need paginations  ====================================================-->\n    <a href=\"\" aria-label=\"\"><\/a>\n<!--==================================================== this link has to go last for it to work   ====================================================-->\n\n","protected":false},"excerpt":{"rendered":"<p>Hydratant l\u00e9ger BE BALANCED\u2122 R\u00e9parateur et lissant Cellules souches v\u00e9g\u00e9tales transformatrices et c\u00e9ramides 45ml \u212e 1,52 oz liq. Prix de d\u00e9tail00.00 \u20ac Prix de client VIP00.00 \u20ac Pour en savoir plus sur l&#8217;Hydratant l\u00e9ger BE BALANCED\u2122, veuillez contacter votre partenaire de march\u00e9 MONAT.&nbsp; BIENFAITS Un hydratant l\u00e9ger qui s&#8217;absorbe facilement, laissant un teint plus doux,&hellip;<\/p>\n","protected":false},"author":57,"featured_media":86362,"parent":0,"menu_order":0,"comment_status":"closed","ping_status":"closed","template":"","meta":{"inline_featured_image":false,"om_disable_all_campaigns":false,"_monsterinsights_skip_tracking":false,"_monsterinsights_sitenote_active":false,"_monsterinsights_sitenote_note":"","_monsterinsights_sitenote_category":0,"footnotes":""},"categories":[20],"tags":[],"class_list":["post-86238","page","type-page","status-publish","has-post-thumbnail","hentry","category-product-fr"],"aioseo_notices":[],"aioseo_head":"\n\t\t<!-- All in One SEO Pro 4.9.5.2 - aioseo.com -->\n\t<meta name=\"description\" content=\"Une cr\u00e8me hydratante l\u00e9g\u00e8re quotidienne aux extraits botaniques, offrant une hydratation de 24 heures. Sa texture rapidement absorb\u00e9e r\u00e9v\u00e8le une peau plus douce, plus lisse et d\u2019apparence plus saine.\" \/>\n\t<meta name=\"robots\" content=\"noindex, nofollow, max-image-preview:large\" \/>\n\t<link rel=\"canonical\" href=\"https:\/\/monatglobal.com\/fr\/lightweight-moisturizer\/\" \/>\n\t<meta name=\"generator\" content=\"All in One SEO Pro (AIOSEO) 4.9.5.2\" \/>\n\t\t<meta property=\"og:locale\" content=\"en_US\" \/>\n\t\t<meta property=\"og:site_name\" content=\"MONAT France - We Are Modern Nature\u2122\" \/>\n\t\t<meta property=\"og:type\" content=\"article\" \/>\n\t\t<meta property=\"og:title\" content=\"Hydratant pour la peau | Soins de la peau MONAT | Hydratant l\u00e9ger BE BALANCED\u2122\" \/>\n\t\t<meta property=\"og:description\" content=\"Une cr\u00e8me hydratante l\u00e9g\u00e8re quotidienne aux extraits botaniques, offrant une hydratation de 24 heures. Sa texture rapidement absorb\u00e9e r\u00e9v\u00e8le une peau plus douce, plus lisse et d\u2019apparence plus saine.\" \/>\n\t\t<meta property=\"og:url\" content=\"https:\/\/monatglobal.com\/fr\/lightweight-moisturizer\/\" \/>\n\t\t<meta property=\"article:published_time\" content=\"2025-02-20T19:30:53+00:00\" \/>\n\t\t<meta property=\"article:modified_time\" content=\"2026-02-13T21:09:50+00:00\" \/>\n\t\t<meta name=\"twitter:card\" content=\"summary_large_image\" \/>\n\t\t<meta name=\"twitter:title\" content=\"Hydratant pour la peau | Soins de la peau MONAT | Hydratant l\u00e9ger BE BALANCED\u2122\" \/>\n\t\t<meta name=\"twitter:description\" content=\"Une cr\u00e8me hydratante l\u00e9g\u00e8re quotidienne aux extraits botaniques, offrant une hydratation de 24 heures. Sa texture rapidement absorb\u00e9e r\u00e9v\u00e8le une peau plus douce, plus lisse et d\u2019apparence plus saine.\" \/>\n\t\t<script type=\"application\/ld+json\" class=\"aioseo-schema\">\n\t\t\t{\"@context\":\"https:\\\/\\\/schema.org\",\"@graph\":[{\"@type\":\"BreadcrumbList\",\"@id\":\"https:\\\/\\\/monatglobal.com\\\/fr\\\/lightweight-moisturizer\\\/#breadcrumblist\",\"itemListElement\":[{\"@type\":\"ListItem\",\"@id\":\"https:\\\/\\\/monatglobal.com\\\/fr#listItem\",\"position\":1,\"name\":\"Home\",\"item\":\"https:\\\/\\\/monatglobal.com\\\/fr\",\"nextItem\":{\"@type\":\"ListItem\",\"@id\":\"https:\\\/\\\/monatglobal.com\\\/fr\\\/lightweight-moisturizer\\\/#listItem\",\"name\":\"Hydratant l\\u00e9ger BE BALANCED\\u2122\"}},{\"@type\":\"ListItem\",\"@id\":\"https:\\\/\\\/monatglobal.com\\\/fr\\\/lightweight-moisturizer\\\/#listItem\",\"position\":2,\"name\":\"Hydratant l\\u00e9ger BE BALANCED\\u2122\",\"previousItem\":{\"@type\":\"ListItem\",\"@id\":\"https:\\\/\\\/monatglobal.com\\\/fr#listItem\",\"name\":\"Home\"}}]},{\"@type\":\"Organization\",\"@id\":\"https:\\\/\\\/monatglobal.com\\\/fr\\\/#organization\",\"name\":\"MONAT France\",\"description\":\"We Are Modern Nature\\u2122\",\"url\":\"https:\\\/\\\/monatglobal.com\\\/fr\\\/\"},{\"@type\":\"WebPage\",\"@id\":\"https:\\\/\\\/monatglobal.com\\\/fr\\\/lightweight-moisturizer\\\/#webpage\",\"url\":\"https:\\\/\\\/monatglobal.com\\\/fr\\\/lightweight-moisturizer\\\/\",\"name\":\"Hydratant pour la peau | Soins de la peau MONAT | Hydratant l\\u00e9ger BE BALANCED\\u2122\",\"description\":\"Une cr\\u00e8me hydratante l\\u00e9g\\u00e8re quotidienne aux extraits botaniques, offrant une hydratation de 24 heures. Sa texture rapidement absorb\\u00e9e r\\u00e9v\\u00e8le une peau plus douce, plus lisse et d\\u2019apparence plus saine.\",\"inLanguage\":\"en-US\",\"isPartOf\":{\"@id\":\"https:\\\/\\\/monatglobal.com\\\/fr\\\/#website\"},\"breadcrumb\":{\"@id\":\"https:\\\/\\\/monatglobal.com\\\/fr\\\/lightweight-moisturizer\\\/#breadcrumblist\"},\"image\":{\"@type\":\"ImageObject\",\"url\":\"https:\\\/\\\/monatglobal.com\\\/fr\\\/wp-content\\\/uploads\\\/sites\\\/19\\\/2025\\\/02\\\/BE-BALANCED-Lightweight-Moisturizer_featured-image.png\",\"@id\":\"https:\\\/\\\/monatglobal.com\\\/fr\\\/lightweight-moisturizer\\\/#mainImage\",\"width\":628,\"height\":1200},\"primaryImageOfPage\":{\"@id\":\"https:\\\/\\\/monatglobal.com\\\/fr\\\/lightweight-moisturizer\\\/#mainImage\"},\"datePublished\":\"2025-02-20T19:30:53+00:00\",\"dateModified\":\"2026-02-13T21:09:50+00:00\"},{\"@type\":\"WebSite\",\"@id\":\"https:\\\/\\\/monatglobal.com\\\/fr\\\/#website\",\"url\":\"https:\\\/\\\/monatglobal.com\\\/fr\\\/\",\"name\":\"MONAT France\",\"description\":\"We Are Modern Nature\\u2122\",\"inLanguage\":\"en-US\",\"publisher\":{\"@id\":\"https:\\\/\\\/monatglobal.com\\\/fr\\\/#organization\"}}]}\n\t\t<\/script>\n\t\t<!-- All in One SEO Pro -->\r\n\t\t<title>Hydratant pour la peau | Soins de la peau MONAT | Hydratant l\u00e9ger BE BALANCED\u2122<\/title>\n\n","aioseo_head_json":{"title":"Hydratant pour la peau | Soins de la peau MONAT | Hydratant l\u00e9ger BE BALANCED\u2122","description":"Une cr\u00e8me hydratante l\u00e9g\u00e8re quotidienne aux extraits botaniques, offrant une hydratation de 24 heures. Sa texture rapidement absorb\u00e9e r\u00e9v\u00e8le une peau plus douce, plus lisse et d\u2019apparence plus saine.","canonical_url":"https:\/\/monatglobal.com\/fr\/lightweight-moisturizer\/","robots":"noindex, nofollow, max-image-preview:large","keywords":"","webmasterTools":{"miscellaneous":""},"schema":{"@context":"https:\/\/schema.org","@graph":[{"@type":"BreadcrumbList","@id":"https:\/\/monatglobal.com\/fr\/lightweight-moisturizer\/#breadcrumblist","itemListElement":[{"@type":"ListItem","@id":"https:\/\/monatglobal.com\/fr#listItem","position":1,"name":"Home","item":"https:\/\/monatglobal.com\/fr","nextItem":{"@type":"ListItem","@id":"https:\/\/monatglobal.com\/fr\/lightweight-moisturizer\/#listItem","name":"Hydratant l\u00e9ger BE BALANCED\u2122"}},{"@type":"ListItem","@id":"https:\/\/monatglobal.com\/fr\/lightweight-moisturizer\/#listItem","position":2,"name":"Hydratant l\u00e9ger BE BALANCED\u2122","previousItem":{"@type":"ListItem","@id":"https:\/\/monatglobal.com\/fr#listItem","name":"Home"}}]},{"@type":"Organization","@id":"https:\/\/monatglobal.com\/fr\/#organization","name":"MONAT France","description":"We Are Modern Nature\u2122","url":"https:\/\/monatglobal.com\/fr\/"},{"@type":"WebPage","@id":"https:\/\/monatglobal.com\/fr\/lightweight-moisturizer\/#webpage","url":"https:\/\/monatglobal.com\/fr\/lightweight-moisturizer\/","name":"Hydratant pour la peau | Soins de la peau MONAT | Hydratant l\u00e9ger BE BALANCED\u2122","description":"Une cr\u00e8me hydratante l\u00e9g\u00e8re quotidienne aux extraits botaniques, offrant une hydratation de 24 heures. Sa texture rapidement absorb\u00e9e r\u00e9v\u00e8le une peau plus douce, plus lisse et d\u2019apparence plus saine.","inLanguage":"en-US","isPartOf":{"@id":"https:\/\/monatglobal.com\/fr\/#website"},"breadcrumb":{"@id":"https:\/\/monatglobal.com\/fr\/lightweight-moisturizer\/#breadcrumblist"},"image":{"@type":"ImageObject","url":"https:\/\/monatglobal.com\/fr\/wp-content\/uploads\/sites\/19\/2025\/02\/BE-BALANCED-Lightweight-Moisturizer_featured-image.png","@id":"https:\/\/monatglobal.com\/fr\/lightweight-moisturizer\/#mainImage","width":628,"height":1200},"primaryImageOfPage":{"@id":"https:\/\/monatglobal.com\/fr\/lightweight-moisturizer\/#mainImage"},"datePublished":"2025-02-20T19:30:53+00:00","dateModified":"2026-02-13T21:09:50+00:00"},{"@type":"WebSite","@id":"https:\/\/monatglobal.com\/fr\/#website","url":"https:\/\/monatglobal.com\/fr\/","name":"MONAT France","description":"We Are Modern Nature\u2122","inLanguage":"en-US","publisher":{"@id":"https:\/\/monatglobal.com\/fr\/#organization"}}]},"og:locale":"en_US","og:site_name":"MONAT France - We Are Modern Nature\u2122","og:type":"article","og:title":"Hydratant pour la peau | Soins de la peau MONAT | Hydratant l\u00e9ger BE BALANCED\u2122","og:description":"Une cr\u00e8me hydratante l\u00e9g\u00e8re quotidienne aux extraits botaniques, offrant une hydratation de 24 heures. Sa texture rapidement absorb\u00e9e r\u00e9v\u00e8le une peau plus douce, plus lisse et d\u2019apparence plus saine.","og:url":"https:\/\/monatglobal.com\/fr\/lightweight-moisturizer\/","article:published_time":"2025-02-20T19:30:53+00:00","article:modified_time":"2026-02-13T21:09:50+00:00","twitter:card":"summary_large_image","twitter:title":"Hydratant pour la peau | Soins de la peau MONAT | Hydratant l\u00e9ger BE BALANCED\u2122","twitter:description":"Une cr\u00e8me hydratante l\u00e9g\u00e8re quotidienne aux extraits botaniques, offrant une hydratation de 24 heures. Sa texture rapidement absorb\u00e9e r\u00e9v\u00e8le une peau plus douce, plus lisse et d\u2019apparence plus saine."},"aioseo_meta_data":{"post_id":"86238","title":"Hydratant pour la peau | Soins de la peau MONAT | Hydratant l\u00e9ger BE BALANCED\u2122","description":"Une cr\u00e8me hydratante l\u00e9g\u00e8re quotidienne aux extraits botaniques, offrant une hydratation de 24 heures. Sa texture rapidement absorb\u00e9e r\u00e9v\u00e8le une peau plus douce, plus lisse et d\u2019apparence plus saine.","keywords":null,"keyphrases":{"focus":{"keyphrase":"","score":0,"analysis":{"keyphraseInTitle":{"score":0,"maxScore":9,"error":1}}},"additional":[]},"primary_term":null,"canonical_url":null,"og_title":null,"og_description":null,"og_object_type":"default","og_image_type":"default","og_image_url":null,"og_image_width":null,"og_image_height":null,"og_image_custom_url":null,"og_image_custom_fields":null,"og_video":"","og_custom_url":null,"og_article_section":null,"og_article_tags":null,"twitter_use_og":false,"twitter_card":"default","twitter_image_type":"default","twitter_image_url":null,"twitter_image_custom_url":null,"twitter_image_custom_fields":null,"twitter_title":null,"twitter_description":null,"schema":{"blockGraphs":[],"customGraphs":[],"default":{"data":{"Article":[],"Course":[],"Dataset":[],"FAQPage":[],"Movie":[],"Person":[],"Product":[],"ProductReview":[],"Car":[],"Recipe":[],"Service":[],"SoftwareApplication":[],"WebPage":[]},"graphName":"WebPage","isEnabled":true},"graphs":[]},"schema_type":"default","schema_type_options":null,"pillar_content":false,"robots_default":true,"robots_noindex":false,"robots_noarchive":false,"robots_nosnippet":false,"robots_nofollow":false,"robots_noimageindex":false,"robots_noodp":false,"robots_notranslate":false,"robots_max_snippet":"-1","robots_max_videopreview":"-1","robots_max_imagepreview":"large","priority":null,"frequency":"default","local_seo":null,"seo_analyzer_scan_date":"2026-02-13 21:12:26","breadcrumb_settings":null,"limit_modified_date":false,"reviewed_by":null,"open_ai":null,"ai":null,"created":"2025-02-03 21:56:53","updated":"2026-02-13 21:25:13"},"aioseo_breadcrumb":"<div class=\"aioseo-breadcrumbs\"><span class=\"aioseo-breadcrumb\">\n\t<a href=\"https:\/\/monatglobal.com\/fr\" title=\"Home\">Home<\/a>\n<\/span><span class=\"aioseo-breadcrumb-separator\">&raquo;<\/span><span class=\"aioseo-breadcrumb\">\n\tHydratant l\u00e9ger BE BALANCED\u2122\n<\/span><\/div>","aioseo_breadcrumb_json":[{"label":"Home","link":"https:\/\/monatglobal.com\/fr"},{"label":"Hydratant l\u00e9ger BE BALANCED\u2122","link":"https:\/\/monatglobal.com\/fr\/lightweight-moisturizer\/"}],"_links":{"self":[{"href":"https:\/\/monatglobal.com\/fr\/wp-json\/wp\/v2\/pages\/86238","targetHints":{"allow":["GET"]}}],"collection":[{"href":"https:\/\/monatglobal.com\/fr\/wp-json\/wp\/v2\/pages"}],"about":[{"href":"https:\/\/monatglobal.com\/fr\/wp-json\/wp\/v2\/types\/page"}],"author":[{"embeddable":true,"href":"https:\/\/monatglobal.com\/fr\/wp-json\/wp\/v2\/users\/57"}],"replies":[{"embeddable":true,"href":"https:\/\/monatglobal.com\/fr\/wp-json\/wp\/v2\/comments?post=86238"}],"version-history":[{"count":36,"href":"https:\/\/monatglobal.com\/fr\/wp-json\/wp\/v2\/pages\/86238\/revisions"}],"predecessor-version":[{"id":109407,"href":"https:\/\/monatglobal.com\/fr\/wp-json\/wp\/v2\/pages\/86238\/revisions\/109407"}],"wp:featuredmedia":[{"embeddable":true,"href":"https:\/\/monatglobal.com\/fr\/wp-json\/wp\/v2\/media\/86362"}],"wp:attachment":[{"href":"https:\/\/monatglobal.com\/fr\/wp-json\/wp\/v2\/media?parent=86238"}],"wp:term":[{"taxonomy":"category","embeddable":true,"href":"https:\/\/monatglobal.com\/fr\/wp-json\/wp\/v2\/categories?post=86238"},{"taxonomy":"post_tag","embeddable":true,"href":"https:\/\/monatglobal.com\/fr\/wp-json\/wp\/v2\/tags?post=86238"}],"curies":[{"name":"wp","href":"https:\/\/api.w.org\/{rel}","templated":true}]}}