{"id":86235,"date":"2025-02-20T19:30:48","date_gmt":"2025-02-20T19:30:48","guid":{"rendered":"https:\/\/monatglobal.com\/fr\/?page_id=86235"},"modified":"2026-04-06T20:31:57","modified_gmt":"2026-04-06T19:31:57","slug":"skin-clarifying-cleanser","status":"publish","type":"page","link":"https:\/\/monatglobal.com\/fr\/skin-clarifying-cleanser\/","title":{"rendered":"Nettoyant clarifiant BE PURIFIED\u2122"},"content":{"rendered":"\n\n\t<link rel=\"stylesheet\" href=\"https:\/\/unpkg.com\/swiper\/swiper-bundle.min.css\" \/>\n<link rel=\"stylesheet\" href=\"https:\/\/monatglobal.com\/wp-content\/creative_css\/product_styles_sheet.css\" \/>\n   <!--==================================================== ECOMM SECTION ====================================================-->\n      <!--==================================================== Ecomm image ====================================================-->\n      <img decoding=\"async\" src=\"https:\/\/monatglobal.com\/pl\/wp-content\/uploads\/sites\/9\/2021\/12\/be-purifying-creamy-cleanser-ecomm-2022.png\" alt=\"Limpiador aclarante BE PURIFIED\u2122 MONAT\" loading=\"lazy\"\/>\n      <!--==================================================== Ecomm information  ====================================================-->\n         <h1>Nettoyant<br \/>clarifiant<\/h1>\n         <p>BE PURIFIED\u2122<\/p>\n         <p>Un nettoyant en gel purifiant et rafra\u00eechissant avec de puissants ingr\u00e9dients v\u00e9g\u00e9taux.<\/p>\n         <p>120 ml \u212e 4 oz liq.<\/p>\n      <!--==================================================== pricing box  ====================================================-->\n         <p>Prix de d\u00e9tail<br \/>00.00 \u20ac<\/p>\n         <p>Prix de client VIP<br \/>00.00 \u20ac<\/p>\n       <!--==================================================== pricing box  ====================================================--> \n         <p>Pour en savoir plus sur le Nettoyant clarifiant BE PURIFIED\u2122, veuillez contacter votre partenaire de&nbsp;march\u00e9&nbsp;MONAT.<\/p> \n      <a href=\"\" target=\"_blank\" role=\"button\" aria-label=\"\"><\/a>\n   <!--==================================================== \/ECOMM SECTION  ====================================================-->\n   <!--==================================================== Benefits image ====================================================-->\n  \n    <source media=\"(max-width: 700px)\" srcset=\"https:\/\/monatglobal.com\/pl\/wp-content\/uploads\/sites\/9\/2021\/12\/BE-PURIFIED-clarifying-cleanser-benefits-_mobile.jpg\" loading=\"lazy\"\/>\n      <img decoding=\"async\" src=\"https:\/\/monatglobal.com\/pl\/wp-content\/uploads\/sites\/9\/2021\/12\/BE-PURIFIED-clarifying-cleanser-benefits-.jpg\" \n      alt=\"\" loading=\"lazy\"\/>\n    \n   <!--==================================================== Benefits text ====================================================-->\n         <h2>BIENFAITS<\/h2>\n         <h3>Sp\u00e9cialement con\u00e7u pour les peaux grasses, notre formule sans huile r\u00e9duit en douceur l&#8217;exc\u00e8s de s\u00e9bum et d\u00e9sobstrue les pores sans ass\u00e9cher la peau.<\/h3>\n         <!--==================================================== features image  ====================================================-->\n         <img decoding=\"async\" alt=\"\" src=\"https:\/\/monatglobal.com\/pl\/wp-content\/uploads\/sites\/9\/2021\/12\/BE-PURIFIED-clarifying-cleanser-features.jpg\" loading=\"lazy\"\/>\n      <!--==================================================== features text ====================================================-->\n            <h3>Caract\u00e9ristiques<\/h3>\n               <p>\/ Nettoie et hydrate la peau<\/p>\n               <p>\/ Nettoie en profondeur sans l&#8217;ass\u00e9cher<\/p>\n               <p>\/ R\u00e9duit la brillance jusqu&#8217;\u00e0 huit heures<\/p>\n               <p>\/ Procure une sensation de fra\u00eecheur<\/p>\n               <p>\/ Formule non ass\u00e9chante<\/p>\n               <br \/>\n            <p>Fragrance \/ Unwind and enjoy a coconut-forward, citrusy aroma with notes of blood orange, coconut husk, cashew nut and&nbsp;sandalwood. <\/p>\n            <p> Texture \/ Cream <\/p>\n   <!--==================================================== composition image mobile ====================================================-->\n   <img decoding=\"async\" alt=\"\" src=\"https:\/\/monatglobal.com\/pl\/wp-content\/uploads\/sites\/9\/2021\/12\/BE-PURIFIED-clarifying-cleanser-comp-1.jpg\" loading=\"lazy\"\/>\n   <!--==================================================== Why it works text ====================================================-->\n      \n      <h3>Ce gel nettoyant l\u00e9ger et doux est infus\u00e9 d&#8217;extraits botaniques de th\u00e9 vert, de romarin et de feuille d&#8217;aloe vera ainsi que de puissants AHA d&#8217;acides glycolique et lactique pour nourrir, rafra\u00eechir et purifier la peau, tout en r\u00e9duisant la brillance jusqu&#8217;\u00e0 huit heures.<\/h3>\n      <p>*Based on a 14-day consumer study with 35 participants, performed by a third-party laboratory. <\/p> \n<!--==================================================== Composition section ====================================================-->\n      <img decoding=\"async\" alt=\"\" src=\"https:\/\/monatglobal.com\/pl\/wp-content\/uploads\/sites\/9\/2021\/12\/BE-PURIFIED-clarifying-cleanser-comp-1.jpg\" loading=\"lazy\"\/>\n      <img decoding=\"async\" alt=\"\" \n      src=\"https:\/\/monatglobal.com\/pl\/wp-content\/uploads\/sites\/9\/2021\/12\/BE-PURIFIED-clarifying-cleanser-comp-3.jpg\" loading=\"lazy\"\/>\n            <!--==================================================== Directions text ====================================================--> \n               <h3>Mode d&#8217;emploi<\/h3>\n                    <p>\/ Commencer avec une peau humide.<\/p>\n                    <p>\/ Verser une petite quantit\u00e9 sur le bout des doigts et \u00e9mulsionner.<\/p>\n                    <p>\/ Nettoyer d\u00e9licatement la peau en faisant des mouvements circulaires.<\/p>\n                    <p>\/ Rincer \u00e0 l&#8217;eau ti\u00e8de et tamponner pour s\u00e9cher la peau.<\/p>\n                    <p>\/ Compl\u00e9ter votre routine de soins de la peau MONAT.<\/p>\n            <!--==================================================== Directions video ====================================================-->\n      <p>Nettoyant clarifiant<br \/>BE PURIFIED\u2122<br \/>0:40<\/p>\n  <a href=\"\" target=\"_blank\"  role=\"button\" aria-label=\"\"><\/a>\n   <!--==================================================== Ingredients section  ====================================================-->\n      <h2>INGR\u00c9DIENTS ACTIFS CL\u00c9S<\/h2>\n      <p>Acides glycolique et lactique<\/p>\n      <p>Extraits v\u00e9g\u00e9taux<\/p>\n      <p>Extrait de chou palmiste<\/p>\n      <p>Niacinamide<\/p>\n        <button id=\"myBtn\" type=\"button\">LISTE D&#8217;INGR\u00c9DIENTS<\/button>\n      <!--==================================================== Modal content  ====================================================-->\n         &times;\n         <p>Aqua\/Water\/Eau, Sodium Cocoyl Glutamate, Cocamidopropyl Betaine, Propanediol, Acacia Senegal Gum, Aloe Barbadensis Leaf Juice, Serenoa Serrulata Fruit Extract, Tocopherol, Rosmarinus Officinalis (Rosemary) Leaf Extract, Camellia Sinensis Leaf Extract, Maclura Cochinchinensis Leaf Prenylflavonoids, Helianthus Annuus (Sunflower) Extract, Oryza Sativa (Rice) Bran Extract, Lactic Acid, Niacinamide, Citric Acid, Cocamidopropyl Dimethylamine, Glycerin, Cocamide MIPA, Fragrance\/Parfum, PEG-150 Distearate, Glycolic Acid, Xanthan Gum, Sodium C14-16 Olefin Sulfonate, Sodium Chloride, Potassium Sorbate, Sodium&nbsp;Benzoate.<\/p>\n   <!--==================================================== You might also like section ====================================================-->\n      <h2>VOUS POURRIEZ AUSSI AIMER<\/h2>\n      <!--==================================================== Slider YOU MIGHT ALSO LIKE ====================================================-->\n<!--          -->\n<!--             -->\n                <!-- Slides products-->\n<!--                -->\n<!--                   <a href=\"https:\/\/monatglobal.com\/fr\/skin-revitalizing\/\" aria-label=\"Go to Skin Revitalizing Essence\u2122 page\">-->\n<!--                      <img decoding=\"async\" src=\"https:\/\/monatglobal.com\/wp-content\/uploads\/2022\/12\/Skin-Revitalizing-Essence-ecomm-2022-min.png\" alt=\"Skin Revitalizing Essence\u2122\" loading=\"lazy\"--\/>\n<!--\/>-->\n<!--                      <p>Skin Revitalizing Essence\u2122<\/p>-->\n<!--                   <\/a>-->\n<!--                -->\n<!--                -->\n<!--                   <a href=\"https:\/\/monatglobal.com\/fr\/skin-oil-free-moisturizer\/\" aria-label=\"Go to Hidratante sin aceites BE PURIFIED\u2122 MONAT page\">-->\n<!--                    <img decoding=\"async\" src=\"https:\/\/monatglobal.com\/pl\/wp-content\/uploads\/sites\/9\/2021\/12\/Be-purified-oil-free-moisturizer-ecomm-2022.png\" alt=\"Hidratante sin aceites BE PURIFIED\u2122 MONAT\" loading=\"lazy\"--\/>\n<!--\/>-->\n<!--                    <p>Hydratant sans huile <br \/> BE PURIFIED\u2122<\/p>-->\n<!--                  <\/a>-->\n<!--                -->\n<!--                 -->\n<!--                   <a href=\"https:\/\/monatglobal.com\/fr\/age-control-nectar\/\" aria-label=\"Go to Nectar anti-\u00e2ge Rewind\u2122 page\">-->\n<!--                    <img decoding=\"async\" src=\"https:\/\/monatglobal.com\/wp-content\/uploads\/2022\/12\/Rewind-Age-Control-Nectar-ecomm-min.png\" alt=\"Nectar anti-\u00e2ge Rewind\u2122\" loading=\"lazy\"--\/>\n<!--\/>-->\n<!--                    <p>Nectar anti-\u00e2ge Rewind\u2122<\/p>-->\n<!--                  <\/a>-->\n<!--                -->\n<!--             -->\n             <!-- If we need navigation buttons -->\n<!--             -->\n<!--             -->\n             <!-- If we need paginations -->\n<!--             -->\n<!--          -->\n         <!--==================================================== If we need navigation buttons  ====================================================-->\n         <!--==================================================== If we need paginations  ====================================================-->\n    <a href=\"\" aria-label=\"\"><\/a>\n<!--==================================================== this link has to go last for it to work   ====================================================-->\n\n","protected":false},"excerpt":{"rendered":"<p>Nettoyantclarifiant BE PURIFIED\u2122 Un nettoyant en gel purifiant et rafra\u00eechissant avec de puissants ingr\u00e9dients v\u00e9g\u00e9taux. 120 ml \u212e 4 oz liq. Prix de d\u00e9tail00.00 \u20ac Prix de client VIP00.00 \u20ac Pour en savoir plus sur le Nettoyant clarifiant BE PURIFIED\u2122, veuillez contacter votre partenaire de&nbsp;march\u00e9&nbsp;MONAT. BIENFAITS Sp\u00e9cialement con\u00e7u pour les peaux grasses, notre formule sans&hellip;<\/p>\n","protected":false},"author":57,"featured_media":86370,"parent":0,"menu_order":0,"comment_status":"closed","ping_status":"closed","template":"","meta":{"inline_featured_image":false,"om_disable_all_campaigns":false,"_monsterinsights_skip_tracking":false,"_monsterinsights_sitenote_active":false,"_monsterinsights_sitenote_note":"","_monsterinsights_sitenote_category":0,"footnotes":""},"categories":[20],"tags":[],"class_list":["post-86235","page","type-page","status-publish","has-post-thumbnail","hentry","category-product-fr"],"aioseo_notices":[],"aioseo_head":"\n\t\t<!-- All in One SEO Pro 4.9.6 - aioseo.com -->\n\t<meta name=\"description\" content=\"Le Nettoyant purifiant est un gel rafra\u00eechissant aux puissants ingr\u00e9dients v\u00e9g\u00e9taux qui nettoie la peau en profondeur sans l&#039;ass\u00e9cher et lui apporte une hydratation.\" \/>\n\t<meta name=\"robots\" content=\"noindex, nofollow, max-image-preview:large\" \/>\n\t<link rel=\"canonical\" href=\"https:\/\/monatglobal.com\/fr\/skin-clarifying-cleanser\/\" \/>\n\t<meta name=\"generator\" content=\"All in One SEO Pro (AIOSEO) 4.9.6\" \/>\n\t\t<meta property=\"og:locale\" content=\"en_US\" \/>\n\t\t<meta property=\"og:site_name\" content=\"MONAT France - We Are Modern Nature\u2122\" \/>\n\t\t<meta property=\"og:type\" content=\"article\" \/>\n\t\t<meta property=\"og:title\" content=\"Nettoyant pour la peau | Soins de la peau MONAT | Nettoyant purifiant clarifiant BE PURIFIED\u2122\" \/>\n\t\t<meta property=\"og:description\" content=\"Le Nettoyant purifiant est un gel rafra\u00eechissant aux puissants ingr\u00e9dients v\u00e9g\u00e9taux qui nettoie la peau en profondeur sans l&#039;ass\u00e9cher et lui apporte une hydratation.\" \/>\n\t\t<meta property=\"og:url\" content=\"https:\/\/monatglobal.com\/fr\/skin-clarifying-cleanser\/\" \/>\n\t\t<meta property=\"article:published_time\" content=\"2025-02-20T19:30:48+00:00\" \/>\n\t\t<meta property=\"article:modified_time\" content=\"2026-04-06T19:31:57+00:00\" \/>\n\t\t<meta name=\"twitter:card\" content=\"summary_large_image\" \/>\n\t\t<meta name=\"twitter:title\" content=\"Nettoyant pour la peau | Soins de la peau MONAT | Nettoyant purifiant clarifiant BE PURIFIED\u2122\" \/>\n\t\t<meta name=\"twitter:description\" content=\"Le Nettoyant purifiant est un gel rafra\u00eechissant aux puissants ingr\u00e9dients v\u00e9g\u00e9taux qui nettoie la peau en profondeur sans l&#039;ass\u00e9cher et lui apporte une hydratation.\" \/>\n\t\t<script type=\"application\/ld+json\" class=\"aioseo-schema\">\n\t\t\t{\"@context\":\"https:\\\/\\\/schema.org\",\"@graph\":[{\"@type\":\"BreadcrumbList\",\"@id\":\"https:\\\/\\\/monatglobal.com\\\/fr\\\/skin-clarifying-cleanser\\\/#breadcrumblist\",\"itemListElement\":[{\"@type\":\"ListItem\",\"@id\":\"https:\\\/\\\/monatglobal.com\\\/fr#listItem\",\"position\":1,\"name\":\"Home\",\"item\":\"https:\\\/\\\/monatglobal.com\\\/fr\",\"nextItem\":{\"@type\":\"ListItem\",\"@id\":\"https:\\\/\\\/monatglobal.com\\\/fr\\\/skin-clarifying-cleanser\\\/#listItem\",\"name\":\"Nettoyant clarifiant BE PURIFIED\\u2122\"}},{\"@type\":\"ListItem\",\"@id\":\"https:\\\/\\\/monatglobal.com\\\/fr\\\/skin-clarifying-cleanser\\\/#listItem\",\"position\":2,\"name\":\"Nettoyant clarifiant BE PURIFIED\\u2122\",\"previousItem\":{\"@type\":\"ListItem\",\"@id\":\"https:\\\/\\\/monatglobal.com\\\/fr#listItem\",\"name\":\"Home\"}}]},{\"@type\":\"Organization\",\"@id\":\"https:\\\/\\\/monatglobal.com\\\/fr\\\/#organization\",\"name\":\"MONAT France\",\"description\":\"We Are Modern Nature\\u2122\",\"url\":\"https:\\\/\\\/monatglobal.com\\\/fr\\\/\"},{\"@type\":\"WebPage\",\"@id\":\"https:\\\/\\\/monatglobal.com\\\/fr\\\/skin-clarifying-cleanser\\\/#webpage\",\"url\":\"https:\\\/\\\/monatglobal.com\\\/fr\\\/skin-clarifying-cleanser\\\/\",\"name\":\"Nettoyant pour la peau | Soins de la peau MONAT | Nettoyant purifiant clarifiant BE PURIFIED\\u2122\",\"description\":\"Le Nettoyant purifiant est un gel rafra\\u00eechissant aux puissants ingr\\u00e9dients v\\u00e9g\\u00e9taux qui nettoie la peau en profondeur sans l'ass\\u00e9cher et lui apporte une hydratation.\",\"inLanguage\":\"en-US\",\"isPartOf\":{\"@id\":\"https:\\\/\\\/monatglobal.com\\\/fr\\\/#website\"},\"breadcrumb\":{\"@id\":\"https:\\\/\\\/monatglobal.com\\\/fr\\\/skin-clarifying-cleanser\\\/#breadcrumblist\"},\"image\":{\"@type\":\"ImageObject\",\"url\":\"https:\\\/\\\/monatglobal.com\\\/fr\\\/wp-content\\\/uploads\\\/sites\\\/19\\\/2025\\\/02\\\/be-purified-clarifying-cleanser-featured-image.png\",\"@id\":\"https:\\\/\\\/monatglobal.com\\\/fr\\\/skin-clarifying-cleanser\\\/#mainImage\",\"width\":628,\"height\":1200},\"primaryImageOfPage\":{\"@id\":\"https:\\\/\\\/monatglobal.com\\\/fr\\\/skin-clarifying-cleanser\\\/#mainImage\"},\"datePublished\":\"2025-02-20T19:30:48+00:00\",\"dateModified\":\"2026-04-06T20:31:57+01:00\"},{\"@type\":\"WebSite\",\"@id\":\"https:\\\/\\\/monatglobal.com\\\/fr\\\/#website\",\"url\":\"https:\\\/\\\/monatglobal.com\\\/fr\\\/\",\"name\":\"MONAT France\",\"description\":\"We Are Modern Nature\\u2122\",\"inLanguage\":\"en-US\",\"publisher\":{\"@id\":\"https:\\\/\\\/monatglobal.com\\\/fr\\\/#organization\"}}]}\n\t\t<\/script>\n\t\t<!-- All in One SEO Pro -->\r\n\t\t<title>Nettoyant pour la peau | Soins de la peau MONAT | Nettoyant purifiant clarifiant BE PURIFIED\u2122<\/title>\n\n","aioseo_head_json":{"title":"Nettoyant pour la peau | Soins de la peau MONAT | Nettoyant purifiant clarifiant BE PURIFIED\u2122","description":"Le Nettoyant purifiant est un gel rafra\u00eechissant aux puissants ingr\u00e9dients v\u00e9g\u00e9taux qui nettoie la peau en profondeur sans l'ass\u00e9cher et lui apporte une hydratation.","canonical_url":"https:\/\/monatglobal.com\/fr\/skin-clarifying-cleanser\/","robots":"noindex, nofollow, max-image-preview:large","keywords":"","webmasterTools":{"miscellaneous":""},"schema":{"@context":"https:\/\/schema.org","@graph":[{"@type":"BreadcrumbList","@id":"https:\/\/monatglobal.com\/fr\/skin-clarifying-cleanser\/#breadcrumblist","itemListElement":[{"@type":"ListItem","@id":"https:\/\/monatglobal.com\/fr#listItem","position":1,"name":"Home","item":"https:\/\/monatglobal.com\/fr","nextItem":{"@type":"ListItem","@id":"https:\/\/monatglobal.com\/fr\/skin-clarifying-cleanser\/#listItem","name":"Nettoyant clarifiant BE PURIFIED\u2122"}},{"@type":"ListItem","@id":"https:\/\/monatglobal.com\/fr\/skin-clarifying-cleanser\/#listItem","position":2,"name":"Nettoyant clarifiant BE PURIFIED\u2122","previousItem":{"@type":"ListItem","@id":"https:\/\/monatglobal.com\/fr#listItem","name":"Home"}}]},{"@type":"Organization","@id":"https:\/\/monatglobal.com\/fr\/#organization","name":"MONAT France","description":"We Are Modern Nature\u2122","url":"https:\/\/monatglobal.com\/fr\/"},{"@type":"WebPage","@id":"https:\/\/monatglobal.com\/fr\/skin-clarifying-cleanser\/#webpage","url":"https:\/\/monatglobal.com\/fr\/skin-clarifying-cleanser\/","name":"Nettoyant pour la peau | Soins de la peau MONAT | Nettoyant purifiant clarifiant BE PURIFIED\u2122","description":"Le Nettoyant purifiant est un gel rafra\u00eechissant aux puissants ingr\u00e9dients v\u00e9g\u00e9taux qui nettoie la peau en profondeur sans l'ass\u00e9cher et lui apporte une hydratation.","inLanguage":"en-US","isPartOf":{"@id":"https:\/\/monatglobal.com\/fr\/#website"},"breadcrumb":{"@id":"https:\/\/monatglobal.com\/fr\/skin-clarifying-cleanser\/#breadcrumblist"},"image":{"@type":"ImageObject","url":"https:\/\/monatglobal.com\/fr\/wp-content\/uploads\/sites\/19\/2025\/02\/be-purified-clarifying-cleanser-featured-image.png","@id":"https:\/\/monatglobal.com\/fr\/skin-clarifying-cleanser\/#mainImage","width":628,"height":1200},"primaryImageOfPage":{"@id":"https:\/\/monatglobal.com\/fr\/skin-clarifying-cleanser\/#mainImage"},"datePublished":"2025-02-20T19:30:48+00:00","dateModified":"2026-04-06T20:31:57+01:00"},{"@type":"WebSite","@id":"https:\/\/monatglobal.com\/fr\/#website","url":"https:\/\/monatglobal.com\/fr\/","name":"MONAT France","description":"We Are Modern Nature\u2122","inLanguage":"en-US","publisher":{"@id":"https:\/\/monatglobal.com\/fr\/#organization"}}]},"og:locale":"en_US","og:site_name":"MONAT France - We Are Modern Nature\u2122","og:type":"article","og:title":"Nettoyant pour la peau | Soins de la peau MONAT | Nettoyant purifiant clarifiant BE PURIFIED\u2122","og:description":"Le Nettoyant purifiant est un gel rafra\u00eechissant aux puissants ingr\u00e9dients v\u00e9g\u00e9taux qui nettoie la peau en profondeur sans l'ass\u00e9cher et lui apporte une hydratation.","og:url":"https:\/\/monatglobal.com\/fr\/skin-clarifying-cleanser\/","article:published_time":"2025-02-20T19:30:48+00:00","article:modified_time":"2026-04-06T19:31:57+00:00","twitter:card":"summary_large_image","twitter:title":"Nettoyant pour la peau | Soins de la peau MONAT | Nettoyant purifiant clarifiant BE PURIFIED\u2122","twitter:description":"Le Nettoyant purifiant est un gel rafra\u00eechissant aux puissants ingr\u00e9dients v\u00e9g\u00e9taux qui nettoie la peau en profondeur sans l'ass\u00e9cher et lui apporte une hydratation."},"aioseo_meta_data":{"post_id":"86235","title":"Nettoyant pour la peau | Soins de la peau MONAT | Nettoyant purifiant clarifiant BE PURIFIED\u2122","description":"Le Nettoyant purifiant est un gel rafra\u00eechissant aux puissants ingr\u00e9dients v\u00e9g\u00e9taux qui nettoie la peau en profondeur sans l'ass\u00e9cher et lui apporte une hydratation.","keywords":null,"keyphrases":{"focus":{"keyphrase":"","score":0,"analysis":{"keyphraseInTitle":{"score":0,"maxScore":9,"error":1}}},"additional":[]},"primary_term":null,"canonical_url":null,"og_title":null,"og_description":null,"og_object_type":"default","og_image_type":"default","og_image_url":null,"og_image_width":null,"og_image_height":null,"og_image_custom_url":null,"og_image_custom_fields":null,"og_video":"","og_custom_url":null,"og_article_section":null,"og_article_tags":null,"twitter_use_og":false,"twitter_card":"default","twitter_image_type":"default","twitter_image_url":null,"twitter_image_custom_url":null,"twitter_image_custom_fields":null,"twitter_title":null,"twitter_description":null,"schema":{"blockGraphs":[],"customGraphs":[],"default":{"data":{"Article":[],"Course":[],"Dataset":[],"FAQPage":[],"Movie":[],"Person":[],"Product":[],"ProductReview":[],"Car":[],"Recipe":[],"Service":[],"SoftwareApplication":[],"WebPage":[]},"graphName":"WebPage","isEnabled":true},"graphs":[]},"schema_type":"default","schema_type_options":null,"pillar_content":false,"robots_default":true,"robots_noindex":false,"robots_noarchive":false,"robots_nosnippet":false,"robots_nofollow":false,"robots_noimageindex":false,"robots_noodp":false,"robots_notranslate":false,"robots_max_snippet":"-1","robots_max_videopreview":"-1","robots_max_imagepreview":"large","priority":null,"frequency":"default","local_seo":null,"seo_analyzer_scan_date":"2026-04-08 15:58:50","breadcrumb_settings":null,"limit_modified_date":false,"reviewed_by":null,"open_ai":null,"ai":null,"created":"2025-02-03 21:53:10","updated":"2026-04-08 15:58:57"},"aioseo_breadcrumb":"<div class=\"aioseo-breadcrumbs\"><span class=\"aioseo-breadcrumb\">\n\t<a href=\"https:\/\/monatglobal.com\/fr\" title=\"Home\">Home<\/a>\n<\/span><span class=\"aioseo-breadcrumb-separator\">&raquo;<\/span><span class=\"aioseo-breadcrumb\">\n\tNettoyant clarifiant BE PURIFIED\u2122\n<\/span><\/div>","aioseo_breadcrumb_json":[{"label":"Home","link":"https:\/\/monatglobal.com\/fr"},{"label":"Nettoyant clarifiant BE PURIFIED\u2122","link":"https:\/\/monatglobal.com\/fr\/skin-clarifying-cleanser\/"}],"_links":{"self":[{"href":"https:\/\/monatglobal.com\/fr\/wp-json\/wp\/v2\/pages\/86235","targetHints":{"allow":["GET"]}}],"collection":[{"href":"https:\/\/monatglobal.com\/fr\/wp-json\/wp\/v2\/pages"}],"about":[{"href":"https:\/\/monatglobal.com\/fr\/wp-json\/wp\/v2\/types\/page"}],"author":[{"embeddable":true,"href":"https:\/\/monatglobal.com\/fr\/wp-json\/wp\/v2\/users\/57"}],"replies":[{"embeddable":true,"href":"https:\/\/monatglobal.com\/fr\/wp-json\/wp\/v2\/comments?post=86235"}],"version-history":[{"count":28,"href":"https:\/\/monatglobal.com\/fr\/wp-json\/wp\/v2\/pages\/86235\/revisions"}],"predecessor-version":[{"id":109484,"href":"https:\/\/monatglobal.com\/fr\/wp-json\/wp\/v2\/pages\/86235\/revisions\/109484"}],"wp:featuredmedia":[{"embeddable":true,"href":"https:\/\/monatglobal.com\/fr\/wp-json\/wp\/v2\/media\/86370"}],"wp:attachment":[{"href":"https:\/\/monatglobal.com\/fr\/wp-json\/wp\/v2\/media?parent=86235"}],"wp:term":[{"taxonomy":"category","embeddable":true,"href":"https:\/\/monatglobal.com\/fr\/wp-json\/wp\/v2\/categories?post=86235"},{"taxonomy":"post_tag","embeddable":true,"href":"https:\/\/monatglobal.com\/fr\/wp-json\/wp\/v2\/tags?post=86235"}],"curies":[{"name":"wp","href":"https:\/\/api.w.org\/{rel}","templated":true}]}}