{"id":86229,"date":"2025-02-20T19:30:04","date_gmt":"2025-02-20T19:30:04","guid":{"rendered":"https:\/\/monatglobal.com\/fr\/?page_id=86229"},"modified":"2026-02-25T19:03:02","modified_gmt":"2026-02-25T19:03:02","slug":"skin-revitalizing","status":"publish","type":"page","link":"https:\/\/monatglobal.com\/fr\/skin-revitalizing\/","title":{"rendered":"Skin Revitalizing Essence\u2122"},"content":{"rendered":"\n\n\t<link rel=\"stylesheet\" href=\"https:\/\/unpkg.com\/swiper\/swiper-bundle.min.css\" \/>\n<link rel=\"stylesheet\" href=\"https:\/\/monatglobal.com\/wp-content\/creative_css\/product_styles_sheet.css\" \/>\n   <!--==================================================== ECOMM SECTION ====================================================-->\n      <!--==================================================== Ecomm image ====================================================-->\n      <img decoding=\"async\" src=\"https:\/\/monatglobal.com\/au\/wp-content\/uploads\/sites\/12\/2021\/12\/Skin-Revitalizing-Essence-ecomm-2022.png\" alt=\"Skin Revitalizing Essence\u2122\" loading=\"lazy\"\/>\n      <!--==================================================== Ecomm information  ====================================================-->\n         \n         <h1>Skin<br \/> Revitalizing<br \/> Essence\u2122<\/h1>\n         \n         R\u00e9hydratant et apaisant<br \/>\n              Des acides de fruits naturels et de la camomille pour affiner les pores\n         <p> 120 ml \u212e 4,0 oz liq.<\/p>\n       <!--==================================================== pricing box  ====================================================-->      \n         <p>Prix de d\u00e9tail<br \/>00.00 \u20ac<\/p>\n         <p>Prix de client VIP<br \/>00.00 \u20ac<\/p>\n        <!--==================================================== pricing box  ====================================================-->    \n         <p>Pour en savoir plus sur le Skin Revitalizing Essence\u2122, veuillez contacter votre partenaire de&nbsp;march\u00e9&nbsp;MONAT.<\/p> \n      <a href=\"\" target=\"_blank\" role=\"button\" aria-label=\"\" rel=\"noopener\"><\/a>\n   <!--==================================================== \/ECOMM SECTION  ====================================================-->\n   <!--==================================================== Benefits image ====================================================-->\n  \n    <source media=\"(max-width: 700px)\" srcset=\"https:\/\/monatglobal.com\/au\/wp-content\/uploads\/sites\/12\/2021\/12\/Skin-Revitalizing-Essence-benefits-close-up_mobile.jpg\" loading=\"lazy\"\/>\n      <img decoding=\"async\" src=\"https:\/\/monatglobal.com\/au\/wp-content\/uploads\/sites\/12\/2021\/12\/Skin-Revitalizing-Essence-benefits-close-up.jpg\" \n      alt=\"\" loading=\"lazy\"\/>\n    \n   <!--==================================================== Benefits text ====================================================-->\n         <h2>BIENFAITS<\/h2>\n         <h3>Une eau miracle qui hydrate et dynamise rapidement la peau pour un teint plus lisse, plus \u00e9clatant et plus radieux, convient \u00e0 tous les types de peaux.<\/h3>\n         <!--==================================================== features image  ====================================================-->\n         <img decoding=\"async\" alt=\"\" src=\"https:\/\/monatglobal.com\/au\/wp-content\/uploads\/sites\/12\/2021\/12\/Skin-Revitalizing-Essence-features.jpg\" loading=\"lazy\"\/>\n      <!--==================================================== features text ====================================================-->\n            <h3>Caract\u00e9ristiques<\/h3>\n               <p>\/ Pr\u00e9pare la peau \u00e0 recevoir les nutriments des produits de soins pour la peau MONAT<\/p>\n               <p>\/ La peau a une apparence plus lumineuse et plus \u00e9clatante<\/p>\n               <p>\/ Les pores sont plus affin\u00e9s<\/p>\n               <p>\/ La peau est hydrat\u00e9e<\/p>\n               <p>\/ Aide \u00e0 att\u00e9nuer l&#8217;apparence des ridules et des rides<\/p>\n               <p>\/ Laisse la peau douce et lisse<\/p>\n               <br \/>\n            <p>Fragrance \/ Unwind and enjoy a coconut-forward, citrusy aroma with notes of blood orange, coconut husk, cashew nut and&nbsp;sandalwood. <\/p>\n            <p> Texture \/ Cream <\/p>\n   <!--==================================================== composition image mobile ====================================================-->\n   <img decoding=\"async\" alt=\"\" src=\"https:\/\/monatglobal.com\/au\/wp-content\/uploads\/sites\/12\/2021\/12\/Skin-Revitalizing-Essence-composition-1.jpg\" loading=\"lazy\"\/>\n   <!--==================================================== Why it works text ====================================================-->\n      <h2>R\u00e9g\u00e9n\u00e9rant et apaisant<\/h2>\n      <h3>Ce liquide ultra-doux et l\u00e9ger offre le parfait \u00e9quilibre d&#8217;ingr\u00e9dients hydratants, r\u00e9g\u00e9n\u00e9rants et anti-\u00e2ge. Il lisse et adoucit la peau, r\u00e9v\u00e9lant un teint plus lumineux et \u00e9clatant.<\/h3>\n      <p>*Based on a 28-day consumer study with 32 participants, performed by a third-party laboratory.<\/p>\n<!--==================================================== Composition section ====================================================-->\n      <img decoding=\"async\" alt=\"\" src=\"https:\/\/monatglobal.com\/au\/wp-content\/uploads\/sites\/12\/2021\/12\/Skin-Revitalizing-Essence-composition-1.jpg\" loading=\"lazy\"\/>\n      <img decoding=\"async\" alt=\"\" \n      src=\"https:\/\/monatglobal.com\/au\/wp-content\/uploads\/sites\/12\/2021\/12\/Skin-Revitalizing-Essence-composition-3.jpg\" loading=\"lazy\"\/>\n            <!--==================================================== Directions text ====================================================--> \n               <h3>Mode d&#8217;emploi<\/h3>\n                    <p>\/ Utiliser quotidiennement, matin et soir.<\/p>\n                    <p>\/ Apr\u00e8s le nettoyage, verser le produit dans les mains et appliquer sur le visage, le cou et le d\u00e9collet\u00e9 en pressant.<\/p>\n                    <p>\/ Laisser le produit s&#8217;absorber compl\u00e8tement avant d&#8217;appliquer le s\u00e9rum et l&#8217;hydratant. <\/p>\n            <!--==================================================== Directions video ====================================================-->\n      <p>Skin Revitalizing Essence\u2122<br \/>0:30<\/p>\n         <!--==================================================== features image  ====================================================-->\n         <img decoding=\"async\" alt=\"\" src=\"https:\/\/monatglobal.com\/au\/wp-content\/uploads\/sites\/12\/2021\/12\/sunscreen-suggestion.jpg\" loading=\"lazy\"\/>\n      <!--==================================================== features text ====================================================-->\n            <h3>Conseils d&#8217;utilisation<\/h3>\n               <p>\/ Appliquer un \u00e9cran solaire 15 minutes avant de sortir.<\/p>\n  <a href=\"\" target=\"_blank\" role=\"button\" aria-label=\"\" rel=\"noopener\"><\/a>\n   <!--==================================================== Ingredients section  ====================================================-->\n      <h2>INGR\u00c9DIENTS CL\u00c9S<\/h2>\n      <p>Acides de fruits naturels (AHA)<br \/>Lissent et illuminent<\/p>\n      <p>Extrait de Colubrine<br \/>Hydrate et renouvelle la peau<\/p>\n      <p> M\u00e9lange hydratant<br \/>(Avec extrait de racine<br \/> de betterave) Nourrit et pr\u00e9pare<\/p>\n      <p>Camomille<br \/>Apaise et prot\u00e8ge<\/p>\n        <button id=\"myBtn\" type=\"button\">LISTE D&#8217;INGR\u00c9DIENTS<\/button>\n      <!--==================================================== Modal content  ====================================================-->\n         &times;\n         <p>Aqua\/Water\/Eau, Propanediol, Glycerin, Anadenanthera Colubrina Bark Extract, Chamomilla Recutita (Matricaria) Flower Extract, Mangifera Indica (Mango) Pulp Extract, Musa Sapientum (Banana) Pulp Extract, Saccharum Officinarum (Sugarcane) Extract, Fructooligosaccharides, Beta Vulgaris (Beet) Root Extract, Glycolic Acid, Potassium Lactate, Lactic Acid, Sodium Phytate, Citric Acid, Fragrance\/Parfum, Sodium Benzoate, Potassium Sorbate.<\/p>\n   <!--==================================================== You might also like section ====================================================-->\n      <h2>VOUS POURRIEZ AUSSI AIMER<\/h2>\n      <!--==================================================== Slider YOU MIGHT ALSO LIKE ====================================================-->\n<!--          -->\n<!--             -->\n                <!-- Slides products-->\n<!--                -->\n<!--                   <a href=\"https:\/\/monatglobal.com\/fr\/refined-skin-scrub\/\" aria-label=\"Go to BERRY REFINED SCRUB\u2122 page\">-->\n<!--                    <img decoding=\"async\" src=\"https:\/\/monatglobal.com\/wp-content\/uploads\/2022\/12\/skincare-berry-refined-scrub-ecomm-2022.png\" alt=\"BERRY REFINED SCRUB\u2122\" loading=\"lazy\"--\/>\n<!--\/>-->\n<!--                    <p>BERRY REFINED SCRUB\u2122<\/p>-->\n<!--                  <\/a>-->\n<!--                -->\n<!--                -->\n<!--                   <a href=\"https:\/\/monatglobal.com\/fr\/age-control-nectar\/\" aria-label=\"Go to REWIND\u2122 AGE CONTROL NECTAR page\">-->\n<!--                    <img decoding=\"async\" src=\"https:\/\/monatglobal.com\/wp-content\/uploads\/2022\/12\/Rewind-Age-Control-Nectar-ecomm-min.png\" alt=\"REWIND\u2122 AGE CONTROL NECTAR\" loading=\"lazy\"--\/>\n<!--\/>-->\n<!--                    <p>NECTAR ANTI-\u00c2GE REWIND<\/p>-->\n<!--                  <\/a>-->\n<!--                -->\n<!--                -->\n<!--                   <a href=\"https:\/\/monatglobal.com\/fr\/eye-smooth\/\" aria-label=\"Go to EYE SMOOTH\u2122 page\">-->\n<!--                      <img decoding=\"async\" src=\"https:\/\/monatglobal.com\/wp-content\/uploads\/2022\/12\/Eye-smooth-ecomm-2022-min.png\" alt=\"EYE SMOOTH\u2122\" loading=\"lazy\"--\/>\n<!--\/>-->\n<!--                      <p>EYE SMOOTH\u2122<\/p>-->\n<!--                   <\/a>-->\n<!--                -->\n<!--             -->\n             <!-- If we need navigation buttons -->\n<!--             -->\n<!--             -->\n             <!-- If we need paginations -->\n<!--             -->\n<!--          -->\n         <!--==================================================== If we need navigation buttons  ====================================================-->\n         <!--==================================================== If we need paginations  ====================================================-->\n    <a href=\"\" aria-label=\"\"><\/a>\n<!--==================================================== this link has to go last for it to work   ====================================================-->\n\n","protected":false},"excerpt":{"rendered":"<p>Skin Revitalizing Essence\u2122 R\u00e9hydratant et apaisant Des acides de fruits naturels et de la camomille pour affiner les pores 120 ml \u212e 4,0 oz liq. Prix de d\u00e9tail00.00 \u20ac Prix de client VIP00.00 \u20ac Pour en savoir plus sur le Skin Revitalizing Essence\u2122, veuillez contacter votre partenaire de&nbsp;march\u00e9&nbsp;MONAT. BIENFAITS Une eau miracle qui hydrate et&hellip;<\/p>\n","protected":false},"author":57,"featured_media":109404,"parent":0,"menu_order":0,"comment_status":"closed","ping_status":"closed","template":"","meta":{"inline_featured_image":false,"om_disable_all_campaigns":false,"_monsterinsights_skip_tracking":false,"_monsterinsights_sitenote_active":false,"_monsterinsights_sitenote_note":"","_monsterinsights_sitenote_category":0,"footnotes":""},"categories":[20],"tags":[],"class_list":["post-86229","page","type-page","status-publish","has-post-thumbnail","hentry","category-product-fr"],"aioseo_notices":[],"aioseo_head":"\n\t\t<!-- All in One SEO Pro 4.9.5.2 - aioseo.com -->\n\t<meta name=\"description\" content=\"Cette eau l\u00e9g\u00e8re et miraculeuse hydrate et revitalise rapidement la peau, offrant un teint plus lisse, \u00e9clatant et lumineux, adapt\u00e9 \u00e0 tous les types de peau.\" \/>\n\t<meta name=\"robots\" content=\"noindex, nofollow, max-image-preview:large\" \/>\n\t<link rel=\"canonical\" href=\"https:\/\/monatglobal.com\/fr\/skin-revitalizing\/\" \/>\n\t<meta name=\"generator\" content=\"All in One SEO Pro (AIOSEO) 4.9.5.2\" \/>\n\t\t<meta property=\"og:locale\" content=\"en_US\" \/>\n\t\t<meta property=\"og:site_name\" content=\"MONAT France - We Are Modern Nature\u2122\" \/>\n\t\t<meta property=\"og:type\" content=\"article\" \/>\n\t\t<meta property=\"og:title\" content=\"Skin Cleanser | MONAT Skincare | Skin Revitalizing Essence\u2122\" \/>\n\t\t<meta property=\"og:description\" content=\"Cette eau l\u00e9g\u00e8re et miraculeuse hydrate et revitalise rapidement la peau, offrant un teint plus lisse, \u00e9clatant et lumineux, adapt\u00e9 \u00e0 tous les types de peau.\" \/>\n\t\t<meta property=\"og:url\" content=\"https:\/\/monatglobal.com\/fr\/skin-revitalizing\/\" \/>\n\t\t<meta property=\"article:published_time\" content=\"2025-02-20T19:30:04+00:00\" \/>\n\t\t<meta property=\"article:modified_time\" content=\"2026-02-25T19:03:02+00:00\" \/>\n\t\t<meta name=\"twitter:card\" content=\"summary_large_image\" \/>\n\t\t<meta name=\"twitter:title\" content=\"Skin Cleanser | MONAT Skincare | Skin Revitalizing Essence\u2122\" \/>\n\t\t<meta name=\"twitter:description\" content=\"Cette eau l\u00e9g\u00e8re et miraculeuse hydrate et revitalise rapidement la peau, offrant un teint plus lisse, \u00e9clatant et lumineux, adapt\u00e9 \u00e0 tous les types de peau.\" \/>\n\t\t<script type=\"application\/ld+json\" class=\"aioseo-schema\">\n\t\t\t{\"@context\":\"https:\\\/\\\/schema.org\",\"@graph\":[{\"@type\":\"BreadcrumbList\",\"@id\":\"https:\\\/\\\/monatglobal.com\\\/fr\\\/skin-revitalizing\\\/#breadcrumblist\",\"itemListElement\":[{\"@type\":\"ListItem\",\"@id\":\"https:\\\/\\\/monatglobal.com\\\/fr#listItem\",\"position\":1,\"name\":\"Home\",\"item\":\"https:\\\/\\\/monatglobal.com\\\/fr\",\"nextItem\":{\"@type\":\"ListItem\",\"@id\":\"https:\\\/\\\/monatglobal.com\\\/fr\\\/skin-revitalizing\\\/#listItem\",\"name\":\"Skin Revitalizing Essence\\u2122\"}},{\"@type\":\"ListItem\",\"@id\":\"https:\\\/\\\/monatglobal.com\\\/fr\\\/skin-revitalizing\\\/#listItem\",\"position\":2,\"name\":\"Skin Revitalizing Essence\\u2122\",\"previousItem\":{\"@type\":\"ListItem\",\"@id\":\"https:\\\/\\\/monatglobal.com\\\/fr#listItem\",\"name\":\"Home\"}}]},{\"@type\":\"Organization\",\"@id\":\"https:\\\/\\\/monatglobal.com\\\/fr\\\/#organization\",\"name\":\"MONAT France\",\"description\":\"We Are Modern Nature\\u2122\",\"url\":\"https:\\\/\\\/monatglobal.com\\\/fr\\\/\"},{\"@type\":\"WebPage\",\"@id\":\"https:\\\/\\\/monatglobal.com\\\/fr\\\/skin-revitalizing\\\/#webpage\",\"url\":\"https:\\\/\\\/monatglobal.com\\\/fr\\\/skin-revitalizing\\\/\",\"name\":\"Skin Cleanser | MONAT Skincare | Skin Revitalizing Essence\\u2122\",\"description\":\"Cette eau l\\u00e9g\\u00e8re et miraculeuse hydrate et revitalise rapidement la peau, offrant un teint plus lisse, \\u00e9clatant et lumineux, adapt\\u00e9 \\u00e0 tous les types de peau.\",\"inLanguage\":\"en-US\",\"isPartOf\":{\"@id\":\"https:\\\/\\\/monatglobal.com\\\/fr\\\/#website\"},\"breadcrumb\":{\"@id\":\"https:\\\/\\\/monatglobal.com\\\/fr\\\/skin-revitalizing\\\/#breadcrumblist\"},\"image\":{\"@type\":\"ImageObject\",\"url\":\"https:\\\/\\\/monatglobal.com\\\/fr\\\/wp-content\\\/uploads\\\/sites\\\/19\\\/2026\\\/02\\\/Skin-Revitalizing-Essence-ecomm-2022.png\",\"@id\":\"https:\\\/\\\/monatglobal.com\\\/fr\\\/skin-revitalizing\\\/#mainImage\",\"width\":641,\"height\":800},\"primaryImageOfPage\":{\"@id\":\"https:\\\/\\\/monatglobal.com\\\/fr\\\/skin-revitalizing\\\/#mainImage\"},\"datePublished\":\"2025-02-20T19:30:04+00:00\",\"dateModified\":\"2026-02-25T19:03:02+00:00\"},{\"@type\":\"WebSite\",\"@id\":\"https:\\\/\\\/monatglobal.com\\\/fr\\\/#website\",\"url\":\"https:\\\/\\\/monatglobal.com\\\/fr\\\/\",\"name\":\"MONAT France\",\"description\":\"We Are Modern Nature\\u2122\",\"inLanguage\":\"en-US\",\"publisher\":{\"@id\":\"https:\\\/\\\/monatglobal.com\\\/fr\\\/#organization\"}}]}\n\t\t<\/script>\n\t\t<!-- All in One SEO Pro -->\r\n\t\t<title>Skin Cleanser | MONAT Skincare | Skin Revitalizing Essence\u2122<\/title>\n\n","aioseo_head_json":{"title":"Skin Cleanser | MONAT Skincare | Skin Revitalizing Essence\u2122","description":"Cette eau l\u00e9g\u00e8re et miraculeuse hydrate et revitalise rapidement la peau, offrant un teint plus lisse, \u00e9clatant et lumineux, adapt\u00e9 \u00e0 tous les types de peau.","canonical_url":"https:\/\/monatglobal.com\/fr\/skin-revitalizing\/","robots":"noindex, nofollow, max-image-preview:large","keywords":"","webmasterTools":{"miscellaneous":""},"schema":{"@context":"https:\/\/schema.org","@graph":[{"@type":"BreadcrumbList","@id":"https:\/\/monatglobal.com\/fr\/skin-revitalizing\/#breadcrumblist","itemListElement":[{"@type":"ListItem","@id":"https:\/\/monatglobal.com\/fr#listItem","position":1,"name":"Home","item":"https:\/\/monatglobal.com\/fr","nextItem":{"@type":"ListItem","@id":"https:\/\/monatglobal.com\/fr\/skin-revitalizing\/#listItem","name":"Skin Revitalizing Essence\u2122"}},{"@type":"ListItem","@id":"https:\/\/monatglobal.com\/fr\/skin-revitalizing\/#listItem","position":2,"name":"Skin Revitalizing Essence\u2122","previousItem":{"@type":"ListItem","@id":"https:\/\/monatglobal.com\/fr#listItem","name":"Home"}}]},{"@type":"Organization","@id":"https:\/\/monatglobal.com\/fr\/#organization","name":"MONAT France","description":"We Are Modern Nature\u2122","url":"https:\/\/monatglobal.com\/fr\/"},{"@type":"WebPage","@id":"https:\/\/monatglobal.com\/fr\/skin-revitalizing\/#webpage","url":"https:\/\/monatglobal.com\/fr\/skin-revitalizing\/","name":"Skin Cleanser | MONAT Skincare | Skin Revitalizing Essence\u2122","description":"Cette eau l\u00e9g\u00e8re et miraculeuse hydrate et revitalise rapidement la peau, offrant un teint plus lisse, \u00e9clatant et lumineux, adapt\u00e9 \u00e0 tous les types de peau.","inLanguage":"en-US","isPartOf":{"@id":"https:\/\/monatglobal.com\/fr\/#website"},"breadcrumb":{"@id":"https:\/\/monatglobal.com\/fr\/skin-revitalizing\/#breadcrumblist"},"image":{"@type":"ImageObject","url":"https:\/\/monatglobal.com\/fr\/wp-content\/uploads\/sites\/19\/2026\/02\/Skin-Revitalizing-Essence-ecomm-2022.png","@id":"https:\/\/monatglobal.com\/fr\/skin-revitalizing\/#mainImage","width":641,"height":800},"primaryImageOfPage":{"@id":"https:\/\/monatglobal.com\/fr\/skin-revitalizing\/#mainImage"},"datePublished":"2025-02-20T19:30:04+00:00","dateModified":"2026-02-25T19:03:02+00:00"},{"@type":"WebSite","@id":"https:\/\/monatglobal.com\/fr\/#website","url":"https:\/\/monatglobal.com\/fr\/","name":"MONAT France","description":"We Are Modern Nature\u2122","inLanguage":"en-US","publisher":{"@id":"https:\/\/monatglobal.com\/fr\/#organization"}}]},"og:locale":"en_US","og:site_name":"MONAT France - We Are Modern Nature\u2122","og:type":"article","og:title":"Skin Cleanser | MONAT Skincare | Skin Revitalizing Essence\u2122","og:description":"Cette eau l\u00e9g\u00e8re et miraculeuse hydrate et revitalise rapidement la peau, offrant un teint plus lisse, \u00e9clatant et lumineux, adapt\u00e9 \u00e0 tous les types de peau.","og:url":"https:\/\/monatglobal.com\/fr\/skin-revitalizing\/","article:published_time":"2025-02-20T19:30:04+00:00","article:modified_time":"2026-02-25T19:03:02+00:00","twitter:card":"summary_large_image","twitter:title":"Skin Cleanser | MONAT Skincare | Skin Revitalizing Essence\u2122","twitter:description":"Cette eau l\u00e9g\u00e8re et miraculeuse hydrate et revitalise rapidement la peau, offrant un teint plus lisse, \u00e9clatant et lumineux, adapt\u00e9 \u00e0 tous les types de peau."},"aioseo_meta_data":{"post_id":"86229","title":"Skin Cleanser | MONAT Skincare | Skin Revitalizing Essence\u2122","description":"Cette eau l\u00e9g\u00e8re et miraculeuse hydrate et revitalise rapidement la peau, offrant un teint plus lisse, \u00e9clatant et lumineux, adapt\u00e9 \u00e0 tous les types de peau.","keywords":null,"keyphrases":{"focus":{"keyphrase":"","score":0,"analysis":{"keyphraseInTitle":{"score":0,"maxScore":9,"error":1}}},"additional":[]},"primary_term":null,"canonical_url":null,"og_title":null,"og_description":null,"og_object_type":"default","og_image_type":"default","og_image_url":null,"og_image_width":null,"og_image_height":null,"og_image_custom_url":null,"og_image_custom_fields":null,"og_video":"","og_custom_url":null,"og_article_section":null,"og_article_tags":null,"twitter_use_og":false,"twitter_card":"default","twitter_image_type":"default","twitter_image_url":null,"twitter_image_custom_url":null,"twitter_image_custom_fields":null,"twitter_title":null,"twitter_description":null,"schema":{"blockGraphs":[],"customGraphs":[],"default":{"data":{"Article":[],"Course":[],"Dataset":[],"FAQPage":[],"Movie":[],"Person":[],"Product":[],"ProductReview":[],"Car":[],"Recipe":[],"Service":[],"SoftwareApplication":[],"WebPage":[]},"graphName":"WebPage","isEnabled":true},"graphs":[]},"schema_type":"default","schema_type_options":null,"pillar_content":false,"robots_default":true,"robots_noindex":false,"robots_noarchive":false,"robots_nosnippet":false,"robots_nofollow":false,"robots_noimageindex":false,"robots_noodp":false,"robots_notranslate":false,"robots_max_snippet":"-1","robots_max_videopreview":"-1","robots_max_imagepreview":"large","priority":null,"frequency":"default","local_seo":null,"seo_analyzer_scan_date":"2026-02-25 19:35:09","breadcrumb_settings":null,"limit_modified_date":false,"reviewed_by":null,"open_ai":null,"ai":null,"created":"2025-02-03 21:37:59","updated":"2026-02-25 19:53:25"},"aioseo_breadcrumb":"<div class=\"aioseo-breadcrumbs\"><span class=\"aioseo-breadcrumb\">\n\t<a href=\"https:\/\/monatglobal.com\/fr\" title=\"Home\">Home<\/a>\n<\/span><span class=\"aioseo-breadcrumb-separator\">&raquo;<\/span><span class=\"aioseo-breadcrumb\">\n\tSkin Revitalizing Essence\u2122\n<\/span><\/div>","aioseo_breadcrumb_json":[{"label":"Home","link":"https:\/\/monatglobal.com\/fr"},{"label":"Skin Revitalizing Essence\u2122","link":"https:\/\/monatglobal.com\/fr\/skin-revitalizing\/"}],"_links":{"self":[{"href":"https:\/\/monatglobal.com\/fr\/wp-json\/wp\/v2\/pages\/86229","targetHints":{"allow":["GET"]}}],"collection":[{"href":"https:\/\/monatglobal.com\/fr\/wp-json\/wp\/v2\/pages"}],"about":[{"href":"https:\/\/monatglobal.com\/fr\/wp-json\/wp\/v2\/types\/page"}],"author":[{"embeddable":true,"href":"https:\/\/monatglobal.com\/fr\/wp-json\/wp\/v2\/users\/57"}],"replies":[{"embeddable":true,"href":"https:\/\/monatglobal.com\/fr\/wp-json\/wp\/v2\/comments?post=86229"}],"version-history":[{"count":31,"href":"https:\/\/monatglobal.com\/fr\/wp-json\/wp\/v2\/pages\/86229\/revisions"}],"predecessor-version":[{"id":109405,"href":"https:\/\/monatglobal.com\/fr\/wp-json\/wp\/v2\/pages\/86229\/revisions\/109405"}],"wp:featuredmedia":[{"embeddable":true,"href":"https:\/\/monatglobal.com\/fr\/wp-json\/wp\/v2\/media\/109404"}],"wp:attachment":[{"href":"https:\/\/monatglobal.com\/fr\/wp-json\/wp\/v2\/media?parent=86229"}],"wp:term":[{"taxonomy":"category","embeddable":true,"href":"https:\/\/monatglobal.com\/fr\/wp-json\/wp\/v2\/categories?post=86229"},{"taxonomy":"post_tag","embeddable":true,"href":"https:\/\/monatglobal.com\/fr\/wp-json\/wp\/v2\/tags?post=86229"}],"curies":[{"name":"wp","href":"https:\/\/api.w.org\/{rel}","templated":true}]}}