{"id":85805,"date":"2024-11-18T16:40:01","date_gmt":"2024-11-18T16:40:01","guid":{"rendered":"https:\/\/monatglobal.com\/fr\/?page_id=85805"},"modified":"2026-02-03T15:10:30","modified_gmt":"2026-02-03T15:10:30","slug":"makeup-lip-liner","status":"publish","type":"page","link":"https:\/\/monatglobal.com\/fr\/makeup-lip-liner\/","title":{"rendered":"MONAT Lip Liner\u2122 | D\u00e9finit, rehausse et prolonge la couleur des l\u00e8vres"},"content":{"rendered":"\n\n\t<!--url: monatglobal.com\/makeup-lip-liner-->\n<!--title: MONAT Lip Liner\u2122 | Define, Enhance & Prolong Lip Color-->\n<!--Meta: This creamy, smudge-proof liner glides on smoothly, prevents feathering, enhances lip shape, and offers long-lasting wear with its hydrating, water-resistant formula.-->\n<link rel=\"stylesheet\" href=\"https:\/\/monatglobal.com\/wp-content\/creative_css\/product_styles_sheet.css\"\/>\n    <!--==================================================== ECOMM SECTION ====================================================-->\n        <!--==================================================== Ecomm image ====================================================-->\n            NOUVEAU\n                    <img decoding=\"async\" alt=\"\" src=\"\" loading=\"lazy\"\/>\n                    <img decoding=\"async\" alt=\"\" src=\"\" loading=\"lazy\"\/>\n                    <!---->\n                        <img decoding=\"async\" alt=\"\" src=\"\" data-lbxp=\"\" loading=\"lazy\"\/>\n                        <img decoding=\"async\" alt=\"\" src=\"\" loading=\"lazy\"\/>\n                        <!---->\n        <!--==================================================== Ecomm information  ====================================================-->\n            NOUVEAU\n            <p>MONAT<\/p>\n            <h1>Lip Liner\u2122<\/h1>\n            <p>D\u00e9finit, sculpte et remplit les l\u00e8vres pour une moue d&#8217;apparence plus volumineuse.<\/p>\n            <p>Poids net. 1.4 g \/ 0.05 oz.<\/p>\n            \n                <label><input type=\"radio\" name=\"toneLiner\"\/><\/label>\n                <label><input type=\"radio\" name=\"toneLiner\"\/><\/label>\n                <label><input type=\"radio\" name=\"toneLiner\"\/><\/label>\n           <!--==================================================== pricing box  ====================================================-->   \n                    <p>Prix de d\u00e9tail<br \/>00.00 \u20ac<\/p>\n                    <p>Prix de VIP<br \/>00.00 \u20ac<\/p>\n            <!--==================================================== pricing box  ====================================================-->  \n            <p>Pour en savoir plus sur MONAT Lip Liner\u2122\ufe0f, veuillez contacter votre Partenaire de March\u00e9 MONAT&nbsp;MONAT. <\/p>\n            <a href=\"\" target=\"_blank\" role=\"button\" aria-label=\"\" rel=\"noopener\"><\/a> \n    <!--==================================================== \/ECOMM SECTION  ====================================================-->\n    <!--==================================================== Benefits image ====================================================-->\n    \n        <source id=\"benefitsMobImg\" media=\"(max-width: 700px)\" srcset=\"\"\/>\n        <img decoding=\"async\" id=\"benefitsImg\" src=\"\" alt=\"\" loading=\"lazy\"\/>\n    \n    <!--==================================================== Benefits text ====================================================-->\n            <h2>BIENFAITS<\/h2>\n            <h3>Ce crayon \u00e0 l\u00e8vres cr\u00e9meux est dot\u00e9 d&#8217;un embout de pr\u00e9cision pour d\u00e9finir et embellir la forme des l\u00e8vres en plus d&#8217;emp\u00eacher les bavures et le saignement de la couleur. <\/h3>\n            <p>Disponible en trois nuances polyvalentes qui s&#8217;agencent \u00e0 merveille aux nuances du Rouge \u00e0 l\u00e8vres liquide MONAT Liquid Lipstick\u2122 et du MONAT Lip-Plumping Gloss\u2122.<\/p>\n            <!--==================================================== features image slide  ====================================================-->\n                    <img decoding=\"async\" src=\"\" alt=\"\" loading=\"lazy\"\/>\n                    <img decoding=\"async\" src=\"\" alt=\"\" loading=\"lazy\"\/>\n        <!--==================================================== features text ====================================================-->\n                <h3>Caract\u00e9ristiques<\/h3>\n                    <p>\/ Permet une application uniforme pour une moue d&#8217;apparence plus volumineuse<\/p>\n                    <p>\/ Glisse sur la peau pour hydrater et d\u00e9finir le contour des l\u00e8vres<\/p>\n                    <p>\/ Sa formule ne d\u00e9borde pas et emp\u00eache les bavures ainsi que le saignement de la couleur<\/p>\n                    <p>\/ Hautement pigment\u00e9 pour une couleur intense et dot\u00e9 d&#8217;un embout de pr\u00e9cision<\/p>\n                    <br \/>\n                <p>Parfum \/ Non parfum\u00e9<\/p>\n                <p>Texture \/ Cr\u00e9meux<\/p>\n                <!--<p>*Based on a 14-day consumer study with 35 participants, performed by a third-party laboratory.<\/p> -->\n    <!--==================================================== composition image mobile ====================================================-->\n    <img decoding=\"async\" src=\"\" alt=\"\" loading=\"lazy\"\/>\n    <!--==================================================== Why it works text ====================================================-->\n        <h3>L&#8217;art des l\u00e8vres parfaites.<\/h3>\n        <p>Compos\u00e9e d&#8217;un m\u00e9lange de cires, cette formule cr\u00e9meuse et hydratante glisse sur la peau pour accentuer le contour naturel des l\u00e8vres. Les substances filmog\u00e8nes en prolongent la tenue, offrent une r\u00e9sistance \u00e0 l&#8217;eau et emp\u00eachent les bavures.<\/p>\n<!--==================================================== Composition section ====================================================-->\n        <img decoding=\"async\" src=\"\" alt=\"\" loading=\"lazy\"\/>\n        <img decoding=\"async\" id=\"compImg_2\" src=\"\" alt=\"\" loading=\"lazy\"\/>\n                <!--==================================================== Directions text ====================================================--> \n                    <h3>Mode d&#8217;emploi<\/h3><br \/>\n                        <p>\/ Utiliser l&#8217;embout de pr\u00e9cision pour d\u00e9finir et remplir les l\u00e8vres selon vos pr\u00e9f\u00e9rences.  <\/p>\n                        <p>\/  Pour un look plus intense, remplir l&#8217;int\u00e9rieur des l\u00e8vres et appliquer le <a href=\"https:\/\/monatglobal.com\/lip-plumb-gloss\/\">MONAT Lip-Plumping Gloss\u2122 <\/a> ou le Rouge \u00e0 l\u00e8vres liquide <a href=\"https:\/\/monatglobal.com\/makeup-liquid-lipstick\/\">MONAT Liquid Lipstick\u2122.<\/a><\/p>\n                <!--==================================================== Directions video ====================================================-->\n<p>MONAT Lip Liner\u2122 <br \/>7:21<\/p>\n            <a href=\"\" target=\"_blank\" role=\"button\" aria-label=\"\" rel=\"noopener\"><\/a>\n    <!--==================================================== Ingredients section  ====================================================-->\n        <h2>INGR\u00c9DIENTS CL\u00c9S<\/h2>\n                    <img decoding=\"async\" alt=\"rejuveniqe icon\" src=\"https:\/\/monatglobal.com\/wp-content\/uploads\/2024\/11\/wax-blend-icons.svg\"\/> \n                    <p>M\u00e9lange de cires<\/p>\n                    <img decoding=\"async\" alt=\"Vitamin E icon\" src=\"https:\/\/monatglobal.com\/wp-content\/uploads\/2024\/11\/Film-Formers-icons.svg\"\/> \n                    <p>Substances filmog\u00e8nes<\/p>\n        <button id=\"myBtn\" type=\"button\">LISTE D\u00b4INGR\u00c9DIENTS<\/button>\n        <!--==================================================== Modal content  ====================================================-->\n            \u00d7\n            <p>Synthetic Beeswax, Methyl Trimethicone, Trimethylsiloxysilicate, Dimethicone, Synthetic Wax, Caprylyl Methicone, Caprylic\/Capric\/Succinic Triglyceride, Bisdiglyceryl Polyacyladipate-2, Vp\/Hexadecene Copolymer, Polyhydroxystearic Acid, Caprylic\/Capric Triglyceride, Tocopherol, Isostearic Acid, Helianthus Annuus (Sunflower) Seed Oil, Polyglyceryl-3 Polyricinoleate, Lecithin, Peut contenir (+\/-), Titanium Dioxide\/CI 77891, Manganese Violet\/CI 77742, Red 40 Lake\/CI 16035, Iron Oxides (CI 77491, CI 77492, CI 77499), Red 7\/CI 15850, Red 6 Lake\/CI 15850.<\/p>\n    <!--==================================================== You might also like section ====================================================-->\n        <h2>VOUS POURRIEZ AUSSI AIMER<\/h2>\n        <!--==================================================== Slider YOU MIGHT ALSO LIKE ====================================================-->\n            <!-- If we need navigation buttons -->\n            <!-- If we need paginations -->\n    <a href=\"\" aria-label=\"\"><\/a>\n<!--==================================================== this link has to go last for it to work   ====================================================-->\n\n","protected":false},"excerpt":{"rendered":"<p>NOUVEAU NOUVEAU MONAT Lip Liner\u2122 D\u00e9finit, sculpte et remplit les l\u00e8vres pour une moue d&#8217;apparence plus volumineuse. Poids net. 1.4 g \/ 0.05 oz. Prix de d\u00e9tail00.00 \u20ac Prix de VIP00.00 \u20ac Pour en savoir plus sur MONAT Lip Liner\u2122\ufe0f, veuillez contacter votre Partenaire de March\u00e9 MONAT&nbsp;MONAT. BIENFAITS Ce crayon \u00e0 l\u00e8vres cr\u00e9meux est dot\u00e9&hellip;<\/p>\n","protected":false},"author":57,"featured_media":85806,"parent":0,"menu_order":0,"comment_status":"closed","ping_status":"closed","template":"","meta":{"inline_featured_image":false,"om_disable_all_campaigns":false,"_monsterinsights_skip_tracking":false,"_monsterinsights_sitenote_active":false,"_monsterinsights_sitenote_note":"","_monsterinsights_sitenote_category":0,"footnotes":""},"categories":[20],"tags":[],"class_list":["post-85805","page","type-page","status-publish","has-post-thumbnail","hentry","category-product-fr"],"aioseo_notices":[],"aioseo_head":"\n\t\t<!-- All in One SEO Pro 4.9.5.2 - aioseo.com -->\n\t<meta name=\"description\" content=\"Ce crayon \u00e0 l\u00e8vres cr\u00e9meux et sans bavure glisse sur la peau en plus d&#039;emp\u00eacher la couleur de filer, d&#039;am\u00e9liorer la forme des l\u00e8vres et d&#039;offrir une tenue de longue dur\u00e9e gr\u00e2ce \u00e0 sa formule hydratante qui r\u00e9siste \u00e0 l&#039;eau.\" \/>\n\t<meta name=\"robots\" content=\"noindex, nofollow, max-image-preview:large\" \/>\n\t<link rel=\"canonical\" href=\"https:\/\/monatglobal.com\/fr\/makeup-lip-liner\/\" \/>\n\t<meta name=\"generator\" content=\"All in One SEO Pro (AIOSEO) 4.9.5.2\" \/>\n\t\t<meta property=\"og:locale\" content=\"en_US\" \/>\n\t\t<meta property=\"og:site_name\" content=\"MONAT France - We Are Modern Nature\u2122\" \/>\n\t\t<meta property=\"og:type\" content=\"article\" \/>\n\t\t<meta property=\"og:title\" content=\"MONAT Lip Liner\u2122 | D\u00e9finit, rehausse et prolonge la couleur des l\u00e8vres\" \/>\n\t\t<meta property=\"og:description\" content=\"Ce crayon \u00e0 l\u00e8vres cr\u00e9meux et sans bavure glisse sur la peau en plus d&#039;emp\u00eacher la couleur de filer, d&#039;am\u00e9liorer la forme des l\u00e8vres et d&#039;offrir une tenue de longue dur\u00e9e gr\u00e2ce \u00e0 sa formule hydratante qui r\u00e9siste \u00e0 l&#039;eau.\" \/>\n\t\t<meta property=\"og:url\" content=\"https:\/\/monatglobal.com\/fr\/makeup-lip-liner\/\" \/>\n\t\t<meta property=\"article:published_time\" content=\"2024-11-18T16:40:01+00:00\" \/>\n\t\t<meta property=\"article:modified_time\" content=\"2026-02-03T15:10:30+00:00\" \/>\n\t\t<meta name=\"twitter:card\" content=\"summary_large_image\" \/>\n\t\t<meta name=\"twitter:title\" content=\"MONAT Lip Liner\u2122 | D\u00e9finit, rehausse et prolonge la couleur des l\u00e8vres\" \/>\n\t\t<meta name=\"twitter:description\" content=\"Ce crayon \u00e0 l\u00e8vres cr\u00e9meux et sans bavure glisse sur la peau en plus d&#039;emp\u00eacher la couleur de filer, d&#039;am\u00e9liorer la forme des l\u00e8vres et d&#039;offrir une tenue de longue dur\u00e9e gr\u00e2ce \u00e0 sa formule hydratante qui r\u00e9siste \u00e0 l&#039;eau.\" \/>\n\t\t<script type=\"application\/ld+json\" class=\"aioseo-schema\">\n\t\t\t{\"@context\":\"https:\\\/\\\/schema.org\",\"@graph\":[{\"@type\":\"BreadcrumbList\",\"@id\":\"https:\\\/\\\/monatglobal.com\\\/fr\\\/makeup-lip-liner\\\/#breadcrumblist\",\"itemListElement\":[{\"@type\":\"ListItem\",\"@id\":\"https:\\\/\\\/monatglobal.com\\\/fr#listItem\",\"position\":1,\"name\":\"Home\",\"item\":\"https:\\\/\\\/monatglobal.com\\\/fr\",\"nextItem\":{\"@type\":\"ListItem\",\"@id\":\"https:\\\/\\\/monatglobal.com\\\/fr\\\/makeup-lip-liner\\\/#listItem\",\"name\":\"MONAT Lip Liner\\u2122 | D\\u00e9finit, rehausse et prolonge la couleur des l\\u00e8vres\"}},{\"@type\":\"ListItem\",\"@id\":\"https:\\\/\\\/monatglobal.com\\\/fr\\\/makeup-lip-liner\\\/#listItem\",\"position\":2,\"name\":\"MONAT Lip Liner\\u2122 | D\\u00e9finit, rehausse et prolonge la couleur des l\\u00e8vres\",\"previousItem\":{\"@type\":\"ListItem\",\"@id\":\"https:\\\/\\\/monatglobal.com\\\/fr#listItem\",\"name\":\"Home\"}}]},{\"@type\":\"Organization\",\"@id\":\"https:\\\/\\\/monatglobal.com\\\/fr\\\/#organization\",\"name\":\"MONAT France\",\"description\":\"We Are Modern Nature\\u2122\",\"url\":\"https:\\\/\\\/monatglobal.com\\\/fr\\\/\"},{\"@type\":\"WebPage\",\"@id\":\"https:\\\/\\\/monatglobal.com\\\/fr\\\/makeup-lip-liner\\\/#webpage\",\"url\":\"https:\\\/\\\/monatglobal.com\\\/fr\\\/makeup-lip-liner\\\/\",\"name\":\"MONAT Lip Liner\\u2122 | D\\u00e9finit, rehausse et prolonge la couleur des l\\u00e8vres\",\"description\":\"Ce crayon \\u00e0 l\\u00e8vres cr\\u00e9meux et sans bavure glisse sur la peau en plus d'emp\\u00eacher la couleur de filer, d'am\\u00e9liorer la forme des l\\u00e8vres et d'offrir une tenue de longue dur\\u00e9e gr\\u00e2ce \\u00e0 sa formule hydratante qui r\\u00e9siste \\u00e0 l'eau.\",\"inLanguage\":\"en-US\",\"isPartOf\":{\"@id\":\"https:\\\/\\\/monatglobal.com\\\/fr\\\/#website\"},\"breadcrumb\":{\"@id\":\"https:\\\/\\\/monatglobal.com\\\/fr\\\/makeup-lip-liner\\\/#breadcrumblist\"},\"image\":{\"@type\":\"ImageObject\",\"url\":\"https:\\\/\\\/monatglobal.com\\\/fr\\\/wp-content\\\/uploads\\\/sites\\\/19\\\/2024\\\/11\\\/Lip-liner_ecomm_2024.png\",\"@id\":\"https:\\\/\\\/monatglobal.com\\\/fr\\\/makeup-lip-liner\\\/#mainImage\",\"width\":641,\"height\":800},\"primaryImageOfPage\":{\"@id\":\"https:\\\/\\\/monatglobal.com\\\/fr\\\/makeup-lip-liner\\\/#mainImage\"},\"datePublished\":\"2024-11-18T16:40:01+00:00\",\"dateModified\":\"2026-02-03T15:10:30+00:00\"},{\"@type\":\"WebSite\",\"@id\":\"https:\\\/\\\/monatglobal.com\\\/fr\\\/#website\",\"url\":\"https:\\\/\\\/monatglobal.com\\\/fr\\\/\",\"name\":\"MONAT France\",\"description\":\"We Are Modern Nature\\u2122\",\"inLanguage\":\"en-US\",\"publisher\":{\"@id\":\"https:\\\/\\\/monatglobal.com\\\/fr\\\/#organization\"}}]}\n\t\t<\/script>\n\t\t<!-- All in One SEO Pro -->\r\n\t\t<title>MONAT Lip Liner\u2122 | D\u00e9finit, rehausse et prolonge la couleur des l\u00e8vres<\/title>\n\n","aioseo_head_json":{"title":"MONAT Lip Liner\u2122 | D\u00e9finit, rehausse et prolonge la couleur des l\u00e8vres","description":"Ce crayon \u00e0 l\u00e8vres cr\u00e9meux et sans bavure glisse sur la peau en plus d'emp\u00eacher la couleur de filer, d'am\u00e9liorer la forme des l\u00e8vres et d'offrir une tenue de longue dur\u00e9e gr\u00e2ce \u00e0 sa formule hydratante qui r\u00e9siste \u00e0 l'eau.","canonical_url":"https:\/\/monatglobal.com\/fr\/makeup-lip-liner\/","robots":"noindex, nofollow, max-image-preview:large","keywords":"","webmasterTools":{"miscellaneous":""},"schema":{"@context":"https:\/\/schema.org","@graph":[{"@type":"BreadcrumbList","@id":"https:\/\/monatglobal.com\/fr\/makeup-lip-liner\/#breadcrumblist","itemListElement":[{"@type":"ListItem","@id":"https:\/\/monatglobal.com\/fr#listItem","position":1,"name":"Home","item":"https:\/\/monatglobal.com\/fr","nextItem":{"@type":"ListItem","@id":"https:\/\/monatglobal.com\/fr\/makeup-lip-liner\/#listItem","name":"MONAT Lip Liner\u2122 | D\u00e9finit, rehausse et prolonge la couleur des l\u00e8vres"}},{"@type":"ListItem","@id":"https:\/\/monatglobal.com\/fr\/makeup-lip-liner\/#listItem","position":2,"name":"MONAT Lip Liner\u2122 | D\u00e9finit, rehausse et prolonge la couleur des l\u00e8vres","previousItem":{"@type":"ListItem","@id":"https:\/\/monatglobal.com\/fr#listItem","name":"Home"}}]},{"@type":"Organization","@id":"https:\/\/monatglobal.com\/fr\/#organization","name":"MONAT France","description":"We Are Modern Nature\u2122","url":"https:\/\/monatglobal.com\/fr\/"},{"@type":"WebPage","@id":"https:\/\/monatglobal.com\/fr\/makeup-lip-liner\/#webpage","url":"https:\/\/monatglobal.com\/fr\/makeup-lip-liner\/","name":"MONAT Lip Liner\u2122 | D\u00e9finit, rehausse et prolonge la couleur des l\u00e8vres","description":"Ce crayon \u00e0 l\u00e8vres cr\u00e9meux et sans bavure glisse sur la peau en plus d'emp\u00eacher la couleur de filer, d'am\u00e9liorer la forme des l\u00e8vres et d'offrir une tenue de longue dur\u00e9e gr\u00e2ce \u00e0 sa formule hydratante qui r\u00e9siste \u00e0 l'eau.","inLanguage":"en-US","isPartOf":{"@id":"https:\/\/monatglobal.com\/fr\/#website"},"breadcrumb":{"@id":"https:\/\/monatglobal.com\/fr\/makeup-lip-liner\/#breadcrumblist"},"image":{"@type":"ImageObject","url":"https:\/\/monatglobal.com\/fr\/wp-content\/uploads\/sites\/19\/2024\/11\/Lip-liner_ecomm_2024.png","@id":"https:\/\/monatglobal.com\/fr\/makeup-lip-liner\/#mainImage","width":641,"height":800},"primaryImageOfPage":{"@id":"https:\/\/monatglobal.com\/fr\/makeup-lip-liner\/#mainImage"},"datePublished":"2024-11-18T16:40:01+00:00","dateModified":"2026-02-03T15:10:30+00:00"},{"@type":"WebSite","@id":"https:\/\/monatglobal.com\/fr\/#website","url":"https:\/\/monatglobal.com\/fr\/","name":"MONAT France","description":"We Are Modern Nature\u2122","inLanguage":"en-US","publisher":{"@id":"https:\/\/monatglobal.com\/fr\/#organization"}}]},"og:locale":"en_US","og:site_name":"MONAT France - We Are Modern Nature\u2122","og:type":"article","og:title":"MONAT Lip Liner\u2122 | D\u00e9finit, rehausse et prolonge la couleur des l\u00e8vres","og:description":"Ce crayon \u00e0 l\u00e8vres cr\u00e9meux et sans bavure glisse sur la peau en plus d'emp\u00eacher la couleur de filer, d'am\u00e9liorer la forme des l\u00e8vres et d'offrir une tenue de longue dur\u00e9e gr\u00e2ce \u00e0 sa formule hydratante qui r\u00e9siste \u00e0 l'eau.","og:url":"https:\/\/monatglobal.com\/fr\/makeup-lip-liner\/","article:published_time":"2024-11-18T16:40:01+00:00","article:modified_time":"2026-02-03T15:10:30+00:00","twitter:card":"summary_large_image","twitter:title":"MONAT Lip Liner\u2122 | D\u00e9finit, rehausse et prolonge la couleur des l\u00e8vres","twitter:description":"Ce crayon \u00e0 l\u00e8vres cr\u00e9meux et sans bavure glisse sur la peau en plus d'emp\u00eacher la couleur de filer, d'am\u00e9liorer la forme des l\u00e8vres et d'offrir une tenue de longue dur\u00e9e gr\u00e2ce \u00e0 sa formule hydratante qui r\u00e9siste \u00e0 l'eau."},"aioseo_meta_data":{"post_id":"85805","title":"MONAT Lip Liner\u2122 | D\u00e9finit, rehausse et prolonge la couleur des l\u00e8vres","description":"Ce crayon \u00e0 l\u00e8vres cr\u00e9meux et sans bavure glisse sur la peau en plus d'emp\u00eacher la couleur de filer, d'am\u00e9liorer la forme des l\u00e8vres et d'offrir une tenue de longue dur\u00e9e gr\u00e2ce \u00e0 sa formule hydratante qui r\u00e9siste \u00e0 l'eau.","keywords":null,"keyphrases":{"focus":{"keyphrase":"","score":0,"analysis":{"keyphraseInTitle":{"score":0,"maxScore":9,"error":1}}},"additional":[]},"primary_term":null,"canonical_url":null,"og_title":null,"og_description":null,"og_object_type":"default","og_image_type":"default","og_image_url":null,"og_image_width":null,"og_image_height":null,"og_image_custom_url":null,"og_image_custom_fields":null,"og_video":"","og_custom_url":null,"og_article_section":null,"og_article_tags":null,"twitter_use_og":false,"twitter_card":"default","twitter_image_type":"default","twitter_image_url":null,"twitter_image_custom_url":null,"twitter_image_custom_fields":null,"twitter_title":null,"twitter_description":null,"schema":{"blockGraphs":[],"customGraphs":[],"default":{"data":{"Article":[],"Course":[],"Dataset":[],"FAQPage":[],"Movie":[],"Person":[],"Product":[],"ProductReview":[],"Car":[],"Recipe":[],"Service":[],"SoftwareApplication":[],"WebPage":[]},"graphName":"WebPage","isEnabled":true},"graphs":[]},"schema_type":"default","schema_type_options":null,"pillar_content":false,"robots_default":true,"robots_noindex":false,"robots_noarchive":false,"robots_nosnippet":false,"robots_nofollow":false,"robots_noimageindex":false,"robots_noodp":false,"robots_notranslate":false,"robots_max_snippet":"-1","robots_max_videopreview":"-1","robots_max_imagepreview":"large","priority":null,"frequency":"default","local_seo":null,"seo_analyzer_scan_date":"2026-02-10 19:10:50","breadcrumb_settings":null,"limit_modified_date":false,"reviewed_by":null,"open_ai":"{\"title\":{\"suggestions\":[],\"usage\":0},\"description\":{\"suggestions\":[],\"usage\":0}}","ai":null,"created":"2024-11-18 16:36:24","updated":"2026-02-10 19:10:50"},"aioseo_breadcrumb":"<div class=\"aioseo-breadcrumbs\"><span class=\"aioseo-breadcrumb\">\n\t<a href=\"https:\/\/monatglobal.com\/fr\" title=\"Home\">Home<\/a>\n<\/span><span class=\"aioseo-breadcrumb-separator\">&raquo;<\/span><span class=\"aioseo-breadcrumb\">\n\tMONAT Lip Liner\u2122 | D\u00e9finit, rehausse et prolonge la couleur des l\u00e8vres\n<\/span><\/div>","aioseo_breadcrumb_json":[{"label":"Home","link":"https:\/\/monatglobal.com\/fr"},{"label":"MONAT Lip Liner\u2122 | D\u00e9finit, rehausse et prolonge la couleur des l\u00e8vres","link":"https:\/\/monatglobal.com\/fr\/makeup-lip-liner\/"}],"_links":{"self":[{"href":"https:\/\/monatglobal.com\/fr\/wp-json\/wp\/v2\/pages\/85805","targetHints":{"allow":["GET"]}}],"collection":[{"href":"https:\/\/monatglobal.com\/fr\/wp-json\/wp\/v2\/pages"}],"about":[{"href":"https:\/\/monatglobal.com\/fr\/wp-json\/wp\/v2\/types\/page"}],"author":[{"embeddable":true,"href":"https:\/\/monatglobal.com\/fr\/wp-json\/wp\/v2\/users\/57"}],"replies":[{"embeddable":true,"href":"https:\/\/monatglobal.com\/fr\/wp-json\/wp\/v2\/comments?post=85805"}],"version-history":[{"count":23,"href":"https:\/\/monatglobal.com\/fr\/wp-json\/wp\/v2\/pages\/85805\/revisions"}],"predecessor-version":[{"id":109239,"href":"https:\/\/monatglobal.com\/fr\/wp-json\/wp\/v2\/pages\/85805\/revisions\/109239"}],"wp:featuredmedia":[{"embeddable":true,"href":"https:\/\/monatglobal.com\/fr\/wp-json\/wp\/v2\/media\/85806"}],"wp:attachment":[{"href":"https:\/\/monatglobal.com\/fr\/wp-json\/wp\/v2\/media?parent=85805"}],"wp:term":[{"taxonomy":"category","embeddable":true,"href":"https:\/\/monatglobal.com\/fr\/wp-json\/wp\/v2\/categories?post=85805"},{"taxonomy":"post_tag","embeddable":true,"href":"https:\/\/monatglobal.com\/fr\/wp-json\/wp\/v2\/tags?post=85805"}],"curies":[{"name":"wp","href":"https:\/\/api.w.org\/{rel}","templated":true}]}}