{"id":85738,"date":"2024-11-06T18:00:51","date_gmt":"2024-11-06T18:00:51","guid":{"rendered":"https:\/\/monatglobal.com\/fr\/?page_id=85738"},"modified":"2026-02-09T21:05:55","modified_gmt":"2026-02-09T21:05:55","slug":"lip-plumb-gloss","status":"publish","type":"page","link":"https:\/\/monatglobal.com\/fr\/lip-plumb-gloss\/","title":{"rendered":"Brillant \u00e0 l\u00e8vres repulpant | Repulpe et hydrate instantan\u00e9ment | Maquillage MONAT"},"content":{"rendered":"\n\n\t<!-- Title: Brillant \u00e0 l\u00e8vres repulpant | Repulpe et hydrate instantan\u00e9ment | Maquillage MONAT -->\n<!-- Meta: Ce brillant \u00e0 l\u00e8vres repulpant contient des ingr\u00e9dients naturels pour repulper et hydrater instantan\u00e9ment les l\u00e8vres en plus de camoufler les plis sur les l\u00e8vres. -->\n<link rel=\"stylesheet\" href=\"https:\/\/monatglobal.com\/wp-content\/creative_css\/product_styles_sheet.css\"\/>\n    <!--==================================================== ECOMM SECTION ====================================================-->\n        <!--==================================================== Ecomm image ====================================================-->\n            <p>\u00ab BEST SELLERS \u00bb<\/p>\n            NOUVEAU\n                    <img decoding=\"async\" alt=\"\" src=\"\" loading=\"lazy\"\/>\n                    <img decoding=\"async\" alt=\"\" src=\"\" loading=\"lazy\"\/>\n                    <img decoding=\"async\" alt=\"\" src=\"\" loading=\"lazy\"\/>\n                  <img decoding=\"async\" alt=\"A male smiling while holding BE CLARIFIED\u2122 Acne-Clearing Moisturizer.\" src=\"https:\/\/monatglobal.com\/wp-content\/uploads\/2023\/03\/pop-up-ecomm-be-clarified-Acne-Clearing-Moisturizer.jpg\" loading=\"lazy\"\/>\n                        <img decoding=\"async\" alt=\"\" src=\"\" data-lbxp=\"\" loading=\"lazy\"\/>\n                        <img decoding=\"async\" alt=\"\" src=\"\" data-lbxp=\"\" loading=\"lazy\"\/>\n                        <img decoding=\"async\" alt=\"\" src=\"\" data-lbxp=\"\" loading=\"lazy\"\/>\n                      <img decoding=\"async\" alt=\"A male smiling while holding BE CLARIFIED\u2122 Acne-Clearing Moisturizer.\" src=\"https:\/\/monatglobal.com\/wp-content\/uploads\/2023\/03\/pop-up-ecomm-be-clarified-Acne-Clearing-Moisturizer.jpg\" loading=\"lazy\"\/>\n        <!--==================================================== Ecomm information  ====================================================-->\n            <p>\u00ab BEST SELLERS \u00bb<\/p>\n            NOUVEAU\n            <p>MONAT<\/p>\n            <h1>Lip-Plumping  <br \/> Gloss\u2122<\/h1>\n            <p>Cette formule riche en antioxydants repulpe et hydrate pour des l\u00e8vres volumineuses et infiniment lustr\u00e9es.<\/p>\n            <p>6 ml \u212e 0,2 oz liq.<\/p>\n            \n                <label><input type=\"radio\" name=\"toneLip\"\/><\/label>\n                <label><input type=\"radio\" name=\"toneLip\"\/><\/label>\n                <label><input type=\"radio\" name=\"toneLip\"\/><\/label>\n                <label><input type=\"radio\" name=\"toneLip\"\/><\/label>\n                <label><input type=\"radio\" name=\"toneLip\"\/><\/label>\n                <label><input type=\"radio\" name=\"toneLip\"\/><\/label>\n            <!--==================================================== pricing box ====================================================-->\n         <p>Prix de d\u00e9tail<br \/>00.00 \u20ac<\/p>\n         <p>Prix de d\u00e9tail<br \/>00.00  \u20ac<\/p>\n          <!--==================================================== pricing box ====================================================-->  \n            <p>Pour en savoir plus sur le MONAT Lip-Plumping Gloss\u2122\ufe0f, veuillez contacter votre Partenaire de March\u00e9 MONAT.<\/p>\n      <a href=\"\" target=\"_blank\" role=\"button\" aria-label=\"\" rel=\"noopener\"><\/a>\n    <!--==================================================== \/ECOMM SECTION  ====================================================-->\n    <!--==================================================== Benefits image ====================================================-->\n    \n        <source id=\"benefitsMobImg\" media=\"(max-width: 700px)\" srcset=\"\"\/>\n        <img decoding=\"async\" id=\"benefitsImg\" src=\"\" alt=\"\" loading=\"lazy\"\/>\n    \n    <!--==================================================== Benefits text ====================================================-->\n            <h2>BIENFAITS<\/h2>\n            <h3>MONAT Lip-Plumping Gloss\u2122 procure une hydratation instantan\u00e9e et une sensation rafra\u00eechissante en plus d&#8217;avoir un effet repulpant, pour un fini lustr\u00e9 et volumineux.<\/h3>\n            <p> Ce brillant \u00e0 l\u00e8vres se d\u00e9cline en quatre teintes incontournables qui peuvent \u00eatre port\u00e9es seul pour accentuer les l\u00e8vres naturelles ou appliqu\u00e9 apr\u00e8s votre teinte favorite de Rouge \u00e0 l\u00e8vres liquide MONAT Liquid Lipstick\u2122 pour un look glamour brillant et&nbsp;volumineux.<\/p>\n            <!--==================================================== features image slide  ====================================================-->\n                    <img decoding=\"async\" src=\"\" alt=\"\" loading=\"lazy\"\/>\n                    <img decoding=\"async\" src=\"\" alt=\"\" loading=\"lazy\"\/>\n                    <img decoding=\"async\" src=\"\" alt=\"\" loading=\"lazy\"\/>\n        <!--==================================================== features text ====================================================-->\n                <h3>Caract\u00e9ristiques<\/h3>\n                    <p> \/ Procure une hydratation instantan\u00e9e et \u00e0 long terme<\/p>\n                    <p> \/ Contient un complexe puissant qui aide \u00e0 repulper imm\u00e9diatement les l\u00e8vres pour leur donner une apparence plus ferme et plus volumineuse <\/p>\n                    <p> \/ Disponible en 4 teintes universelles : 2 au fini scintillant et 2 au fini lustr\u00e9 tr\u00e8s brillant<\/p>\n                    <p> \/ Camoufle les plis sur les l\u00e8vres*<\/p>\n                    <p> \/ Les l\u00e8vres sont hydrat\u00e9es, nourries et ont une apparence plus volumineuse*<\/p>\n                <p>*Bas\u00e9 sur une \u00e9tude de consommateurs de 14&nbsp;jours men\u00e9e aupr\u00e8s de 31&nbsp;femmes. Test\u00e9 par un laboratoire ind\u00e9pendant.<\/p>\n                <br \/>\n                <p>Parfum \/ Non parfum\u00e9<\/p>\n                <p>Texture \/ Brillant \u00e0 l\u00e8vres liquide<\/p>\n    <!--==================================================== composition image mobile ====================================================-->\n    <img decoding=\"async\" src=\"\" alt=\"\" loading=\"lazy\"\/>\n    <!--==================================================== Why it works text ====================================================-->\n        <h2>Mettez le volume au maximum<\/h2>\n              <h3>D\u00e9couvrez des l\u00e8vres plus charnues tout en leur apportant l&#8217;hydratation dont elles ont besoin !<\/h3>\n        <p>Cette formule repulpante contient de l&#8217;extrait de fleur de grenade, du REJUVENIQE S\u2122 et des huiles v\u00e9g\u00e9tales pour une bouche somptueuse et camoufle les plis sur les l\u00e8vres pour un look&nbsp;impeccable.<\/p>\n<!--==================================================== Composition section ====================================================-->\n        <img decoding=\"async\" src=\"\" alt=\"\" loading=\"lazy\"\/>\n        <img decoding=\"async\" id=\"compImg_2\" src=\"\" alt=\"\" loading=\"lazy\"\/>\n                <!--==================================================== Directions text ====================================================--> \n                    <h3>Mode d&#8217;emploi<\/h3><br \/>\n                        <p>\/ Appliquer sur des l\u00e8vres propres et s\u00e8ches.<\/p>\n                <!--==================================================== Directions video ====================================================-->\n                    <!---->\n<!--<p>MONAT Lip-Plumping Gloss\u2122\ufe0f <br \/>7:21<\/p>-->\n  <a href=\"\" target=\"_blank\" role=\"button\" aria-label=\"\" rel=\"noopener\"><\/a>\n    <!--==================================================== Ingredients section  ====================================================-->\n        <h2>INGR\u00c9DIENTS PRINCIPAUX<\/h2>\n          <img decoding=\"async\" src=\"https:\/\/monatglobal.com\/wp-content\/uploads\/2024\/08\/MONAT-Lip-Plumping-Complex.svg\" alt=\"icon of MONAT Lip-Plumping Complex \"\/> \n      <p>Complexe repulpant pour les l\u00e8vres&nbsp;MONAT<\/p>\n              <img decoding=\"async\" src=\"https:\/\/monatglobal.com\/wp-content\/uploads\/2024\/08\/Sodium-Hyaluronate.svg\" alt=\"icon of Sodium Hyaluronate\"\/>\n      <p>Hyaluronate de sodium<\/p>\n           <img decoding=\"async\" src=\"https:\/\/monatglobal.com\/wp-content\/uploads\/2024\/07\/REJUVENIQE-S-1.svg\" alt=\"icon of REJUVENIQE S\u2122\"\/>\n      <p>REJUVENIQE S\u2122<\/p>\n            <img decoding=\"async\" src=\"https:\/\/monatglobal.com\/wp-content\/uploads\/2024\/08\/Blend-of-Botanical-Oils.svg\" alt=\"icon of Blend of Botanical Oils and Polyglycerides\"\/> \n      <p>M\u00e9lange d&#8217;huiles v\u00e9g\u00e9tales et de&nbsp;polyglyc\u00e9rides<\/p>\n        <button id=\"myBtn\" type=\"button\">LISTE D&#8217;INGR\u00c9DIENTS<\/button>\n        <!--==================================================== Modal content  ====================================================-->\n            \u00d7\n            Graceful et Confident:<br \/><br \/>\nRicinus Communis (Castor) Seed Oil, Mango Butter Dimer Dilinoleyl Esters\/Dimer Dilinoleate Copolymer, Oleic\/Linoleic\/Linolenic Polyglycerides, Simmondsia Chinensis (Jojoba) Seed Oil, Copernicia Cerifera (Carnauba) Wax\/Cire de Carnauba, Capryloyl Glycerin\/Sebacic Acid Copolymer, Polyhydroxystearic Acid, Menthoxypropanediol, Sodium Hyaluronate,Hydrogenated Rapeseed Oil, Mentha Piperita (Perppermint) Oil, Daucus Carota Sativa (Carrot) Seed Oil, Simmondsia Chinensis (Jojoba) Seed Extract, Solanum Lycopersicum (Tomato) Seed Oil, Punica Granatum Seed Oil, Punica Granatum Flower Extract, Hydrogenated Castor Oil, Gardenia Taitensis Flower Extract, Helianthus Annuus (Sunflower) Seed Oil, Mauritia Flexuosa Fruit Oil, Sorbitan Oleate, Limnanthes Alba (Meadowfoam) Seed Oil, Crambe Abyssinica Seed Oil, Camellia Oleifera Seed Oil, Adansonia Digitata Oil, Caryocar Brasiliense Fruit Oil, Citrus Aurantifolia (Lime) Oil, Citrus Aurantium Bergamia (Bergamot) Fruit Oil, Citrus Limon (Lemon) Peel Oil, Cocos Nucifera (Coconut) Oil, Moringa Oleifera Seed Oil, Olea Europaea (Olive) Fruit Oil, Caprylyl Glycol, Polyglyceryl-3 Diisostearate, Silica, MAY CONTAIN(+\/-): Titanium Dioxide (CI 77891), Iron Oxides (CI 77491, CI 77499), Red 7 (CI 15850). \n<br \/><br \/>\nClassy, Effortless, Radiant et Authentic:<br \/><br \/>\nRicinus Communis (Castor) Seed Oil, Mango Butter Dimer Dilinoleyl Esters\/Dimer Dilinoleate Copolymer, Oleic\/Linoleic\/Linolenic Polyglycerides, Simmondsia Chinensis (Jojoba) Seed Oil, Copernicia Cerifera (Carnauba) Wax\/Cire de Carnauba, Capryloyl Glycerin\/Sebacic Acid Copolymer, Polyhydroxystearic Acid, Calcium Sodium Borosilicate, Menthoxypropanediol, Sodium Hyaluronate,Hydrogenated Rapeseed Oil, Mentha Piperita (Perppermint) Oil, Daucus Carota Sativa (Carrot) Seed Oil, Simmondsia Chinensis (Jojoba) Seed Extract, Solanum Lycopersicum (Tomato) Seed Oil, Punica Granatum Seed Oil, Punica Granatum Flower Extract, Hydrogenated Castor Oil, Gardenia Taitensis Flower Extract, Helianthus Annuus (Sunflower) Seed Oil, Mauritia Flexuosa Fruit Oil, Sorbitan Oleate, Limnanthes Alba (Meadowfoam) Seed Oil, Crambe Abyssinica Seed Oil, Camellia Oleifera Seed Oil, Adansonia Digitata Oil, Caryocar Brasiliense Fruit Oil, Citrus Aurantifolia (Lime) Oil, Citrus Aurantium Bergamia (Bergamot) Fruit Oil, Citrus Limon (Lemon) Peel Oil, Cocos Nucifera (Coconut) Oil, Moringa Oleifera Seed Oil, Olea Europaea (Olive) Fruit Oil, Caprylyl Glycol, Polyglyceryl-3 Diisostearate, Silica, Mica, Tin Oxide, Limonene, Menthol, Pinene, MAY CONTAIN(+\/-): Titanium Dioxide (CI 77891), Red 6 Lake (CI 15850), Red 7 (CI 15850) Iron Oxides (CI 77491, CI 77492, CI 77499), Yellow 5 Lake (CI 19140), Blue 1 Lake (CI42090).\t\n    <!--==================================================== You might also like section ====================================================-->\n        <h2>VOUS AIMERIEZ AUSSI<\/h2>\n        <!--==================================================== Slider YOU MIGHT ALSO LIKE ====================================================-->\n         <!--==================================================== If we need navigation buttons  ====================================================-->\n         <!--==================================================== If we need paginations  ====================================================-->\n    <a href=\"\" aria-label=\"\"><\/a>\n<!--==================================================== this link has to go last for it to work   ====================================================-->\n\n","protected":false},"excerpt":{"rendered":"<p>\u00ab BEST SELLERS \u00bb NOUVEAU \u00ab BEST SELLERS \u00bb NOUVEAU MONAT Lip-Plumping Gloss\u2122 Cette formule riche en antioxydants repulpe et hydrate pour des l\u00e8vres volumineuses et infiniment lustr\u00e9es. 6 ml \u212e 0,2 oz liq. Prix de d\u00e9tail00.00 \u20ac Prix de d\u00e9tail00.00 \u20ac Pour en savoir plus sur le MONAT Lip-Plumping Gloss\u2122\ufe0f, veuillez contacter votre Partenaire&hellip;<\/p>\n","protected":false},"author":57,"featured_media":84889,"parent":0,"menu_order":0,"comment_status":"closed","ping_status":"closed","template":"","meta":{"inline_featured_image":false,"om_disable_all_campaigns":false,"_monsterinsights_skip_tracking":false,"_monsterinsights_sitenote_active":false,"_monsterinsights_sitenote_note":"","_monsterinsights_sitenote_category":0,"footnotes":""},"categories":[20],"tags":[],"class_list":["post-85738","page","type-page","status-publish","has-post-thumbnail","hentry","category-product-fr"],"aioseo_notices":[],"aioseo_head":"\n\t\t<!-- All in One SEO Pro 4.9.5.2 - aioseo.com -->\n\t<meta name=\"description\" content=\"Ce brillant \u00e0 l\u00e8vres repulpant contient des ingr\u00e9dients naturels pour repulper et hydrater instantan\u00e9ment les l\u00e8vres en plus de camoufler les plis sur les l\u00e8vres.\" \/>\n\t<meta name=\"robots\" content=\"noindex, nofollow, max-image-preview:large\" \/>\n\t<link rel=\"canonical\" href=\"https:\/\/monatglobal.com\/fr\/lip-plumb-gloss\/\" \/>\n\t<meta name=\"generator\" content=\"All in One SEO Pro (AIOSEO) 4.9.5.2\" \/>\n\t\t<meta property=\"og:locale\" content=\"en_US\" \/>\n\t\t<meta property=\"og:site_name\" content=\"MONAT France - We Are Modern Nature\u2122\" \/>\n\t\t<meta property=\"og:type\" content=\"article\" \/>\n\t\t<meta property=\"og:title\" content=\"Brillant \u00e0 l\u00e8vres repulpant | Repulpe et hydrate instantan\u00e9ment | Maquillage MONAT\" \/>\n\t\t<meta property=\"og:description\" content=\"Ce brillant \u00e0 l\u00e8vres repulpant contient des ingr\u00e9dients naturels pour repulper et hydrater instantan\u00e9ment les l\u00e8vres en plus de camoufler les plis sur les l\u00e8vres.\" \/>\n\t\t<meta property=\"og:url\" content=\"https:\/\/monatglobal.com\/fr\/lip-plumb-gloss\/\" \/>\n\t\t<meta property=\"article:published_time\" content=\"2024-11-06T18:00:51+00:00\" \/>\n\t\t<meta property=\"article:modified_time\" content=\"2026-02-09T21:05:55+00:00\" \/>\n\t\t<meta name=\"twitter:card\" content=\"summary_large_image\" \/>\n\t\t<meta name=\"twitter:title\" content=\"Brillant \u00e0 l\u00e8vres repulpant | Repulpe et hydrate instantan\u00e9ment | Maquillage MONAT\" \/>\n\t\t<meta name=\"twitter:description\" content=\"Ce brillant \u00e0 l\u00e8vres repulpant contient des ingr\u00e9dients naturels pour repulper et hydrater instantan\u00e9ment les l\u00e8vres en plus de camoufler les plis sur les l\u00e8vres.\" \/>\n\t\t<script type=\"application\/ld+json\" class=\"aioseo-schema\">\n\t\t\t{\"@context\":\"https:\\\/\\\/schema.org\",\"@graph\":[{\"@type\":\"BreadcrumbList\",\"@id\":\"https:\\\/\\\/monatglobal.com\\\/fr\\\/lip-plumb-gloss\\\/#breadcrumblist\",\"itemListElement\":[{\"@type\":\"ListItem\",\"@id\":\"https:\\\/\\\/monatglobal.com\\\/fr#listItem\",\"position\":1,\"name\":\"Home\",\"item\":\"https:\\\/\\\/monatglobal.com\\\/fr\",\"nextItem\":{\"@type\":\"ListItem\",\"@id\":\"https:\\\/\\\/monatglobal.com\\\/fr\\\/lip-plumb-gloss\\\/#listItem\",\"name\":\"Brillant \\u00e0 l\\u00e8vres repulpant | Repulpe et hydrate instantan\\u00e9ment | Maquillage MONAT\"}},{\"@type\":\"ListItem\",\"@id\":\"https:\\\/\\\/monatglobal.com\\\/fr\\\/lip-plumb-gloss\\\/#listItem\",\"position\":2,\"name\":\"Brillant \\u00e0 l\\u00e8vres repulpant | Repulpe et hydrate instantan\\u00e9ment | Maquillage MONAT\",\"previousItem\":{\"@type\":\"ListItem\",\"@id\":\"https:\\\/\\\/monatglobal.com\\\/fr#listItem\",\"name\":\"Home\"}}]},{\"@type\":\"Organization\",\"@id\":\"https:\\\/\\\/monatglobal.com\\\/fr\\\/#organization\",\"name\":\"MONAT France\",\"description\":\"We Are Modern Nature\\u2122\",\"url\":\"https:\\\/\\\/monatglobal.com\\\/fr\\\/\"},{\"@type\":\"WebPage\",\"@id\":\"https:\\\/\\\/monatglobal.com\\\/fr\\\/lip-plumb-gloss\\\/#webpage\",\"url\":\"https:\\\/\\\/monatglobal.com\\\/fr\\\/lip-plumb-gloss\\\/\",\"name\":\"Brillant \\u00e0 l\\u00e8vres repulpant | Repulpe et hydrate instantan\\u00e9ment | Maquillage MONAT\",\"description\":\"Ce brillant \\u00e0 l\\u00e8vres repulpant contient des ingr\\u00e9dients naturels pour repulper et hydrater instantan\\u00e9ment les l\\u00e8vres en plus de camoufler les plis sur les l\\u00e8vres.\",\"inLanguage\":\"en-US\",\"isPartOf\":{\"@id\":\"https:\\\/\\\/monatglobal.com\\\/fr\\\/#website\"},\"breadcrumb\":{\"@id\":\"https:\\\/\\\/monatglobal.com\\\/fr\\\/lip-plumb-gloss\\\/#breadcrumblist\"},\"image\":{\"@type\":\"ImageObject\",\"url\":\"https:\\\/\\\/monatglobal.com\\\/fr\\\/wp-content\\\/uploads\\\/sites\\\/19\\\/2024\\\/09\\\/LIP-PLUMPING-GLOSS-GRACEFUL-ECOMM_2024-min.png\",\"@id\":\"https:\\\/\\\/monatglobal.com\\\/fr\\\/lip-plumb-gloss\\\/#mainImage\",\"width\":641,\"height\":800},\"primaryImageOfPage\":{\"@id\":\"https:\\\/\\\/monatglobal.com\\\/fr\\\/lip-plumb-gloss\\\/#mainImage\"},\"datePublished\":\"2024-11-06T18:00:51+00:00\",\"dateModified\":\"2026-02-09T21:05:55+00:00\"},{\"@type\":\"WebSite\",\"@id\":\"https:\\\/\\\/monatglobal.com\\\/fr\\\/#website\",\"url\":\"https:\\\/\\\/monatglobal.com\\\/fr\\\/\",\"name\":\"MONAT France\",\"description\":\"We Are Modern Nature\\u2122\",\"inLanguage\":\"en-US\",\"publisher\":{\"@id\":\"https:\\\/\\\/monatglobal.com\\\/fr\\\/#organization\"}}]}\n\t\t<\/script>\n\t\t<!-- All in One SEO Pro -->\r\n\t\t<title>Brillant \u00e0 l\u00e8vres repulpant | Repulpe et hydrate instantan\u00e9ment | Maquillage MONAT<\/title>\n\n","aioseo_head_json":{"title":"Brillant \u00e0 l\u00e8vres repulpant | Repulpe et hydrate instantan\u00e9ment | Maquillage MONAT","description":"Ce brillant \u00e0 l\u00e8vres repulpant contient des ingr\u00e9dients naturels pour repulper et hydrater instantan\u00e9ment les l\u00e8vres en plus de camoufler les plis sur les l\u00e8vres.","canonical_url":"https:\/\/monatglobal.com\/fr\/lip-plumb-gloss\/","robots":"noindex, nofollow, max-image-preview:large","keywords":"","webmasterTools":{"miscellaneous":""},"schema":{"@context":"https:\/\/schema.org","@graph":[{"@type":"BreadcrumbList","@id":"https:\/\/monatglobal.com\/fr\/lip-plumb-gloss\/#breadcrumblist","itemListElement":[{"@type":"ListItem","@id":"https:\/\/monatglobal.com\/fr#listItem","position":1,"name":"Home","item":"https:\/\/monatglobal.com\/fr","nextItem":{"@type":"ListItem","@id":"https:\/\/monatglobal.com\/fr\/lip-plumb-gloss\/#listItem","name":"Brillant \u00e0 l\u00e8vres repulpant | Repulpe et hydrate instantan\u00e9ment | Maquillage MONAT"}},{"@type":"ListItem","@id":"https:\/\/monatglobal.com\/fr\/lip-plumb-gloss\/#listItem","position":2,"name":"Brillant \u00e0 l\u00e8vres repulpant | Repulpe et hydrate instantan\u00e9ment | Maquillage MONAT","previousItem":{"@type":"ListItem","@id":"https:\/\/monatglobal.com\/fr#listItem","name":"Home"}}]},{"@type":"Organization","@id":"https:\/\/monatglobal.com\/fr\/#organization","name":"MONAT France","description":"We Are Modern Nature\u2122","url":"https:\/\/monatglobal.com\/fr\/"},{"@type":"WebPage","@id":"https:\/\/monatglobal.com\/fr\/lip-plumb-gloss\/#webpage","url":"https:\/\/monatglobal.com\/fr\/lip-plumb-gloss\/","name":"Brillant \u00e0 l\u00e8vres repulpant | Repulpe et hydrate instantan\u00e9ment | Maquillage MONAT","description":"Ce brillant \u00e0 l\u00e8vres repulpant contient des ingr\u00e9dients naturels pour repulper et hydrater instantan\u00e9ment les l\u00e8vres en plus de camoufler les plis sur les l\u00e8vres.","inLanguage":"en-US","isPartOf":{"@id":"https:\/\/monatglobal.com\/fr\/#website"},"breadcrumb":{"@id":"https:\/\/monatglobal.com\/fr\/lip-plumb-gloss\/#breadcrumblist"},"image":{"@type":"ImageObject","url":"https:\/\/monatglobal.com\/fr\/wp-content\/uploads\/sites\/19\/2024\/09\/LIP-PLUMPING-GLOSS-GRACEFUL-ECOMM_2024-min.png","@id":"https:\/\/monatglobal.com\/fr\/lip-plumb-gloss\/#mainImage","width":641,"height":800},"primaryImageOfPage":{"@id":"https:\/\/monatglobal.com\/fr\/lip-plumb-gloss\/#mainImage"},"datePublished":"2024-11-06T18:00:51+00:00","dateModified":"2026-02-09T21:05:55+00:00"},{"@type":"WebSite","@id":"https:\/\/monatglobal.com\/fr\/#website","url":"https:\/\/monatglobal.com\/fr\/","name":"MONAT France","description":"We Are Modern Nature\u2122","inLanguage":"en-US","publisher":{"@id":"https:\/\/monatglobal.com\/fr\/#organization"}}]},"og:locale":"en_US","og:site_name":"MONAT France - We Are Modern Nature\u2122","og:type":"article","og:title":"Brillant \u00e0 l\u00e8vres repulpant | Repulpe et hydrate instantan\u00e9ment | Maquillage MONAT","og:description":"Ce brillant \u00e0 l\u00e8vres repulpant contient des ingr\u00e9dients naturels pour repulper et hydrater instantan\u00e9ment les l\u00e8vres en plus de camoufler les plis sur les l\u00e8vres.","og:url":"https:\/\/monatglobal.com\/fr\/lip-plumb-gloss\/","article:published_time":"2024-11-06T18:00:51+00:00","article:modified_time":"2026-02-09T21:05:55+00:00","twitter:card":"summary_large_image","twitter:title":"Brillant \u00e0 l\u00e8vres repulpant | Repulpe et hydrate instantan\u00e9ment | Maquillage MONAT","twitter:description":"Ce brillant \u00e0 l\u00e8vres repulpant contient des ingr\u00e9dients naturels pour repulper et hydrater instantan\u00e9ment les l\u00e8vres en plus de camoufler les plis sur les l\u00e8vres."},"aioseo_meta_data":{"post_id":"85738","title":"Brillant \u00e0 l\u00e8vres repulpant | Repulpe et hydrate instantan\u00e9ment | Maquillage MONAT","description":"Ce brillant \u00e0 l\u00e8vres repulpant contient des ingr\u00e9dients naturels pour repulper et hydrater instantan\u00e9ment les l\u00e8vres en plus de camoufler les plis sur les l\u00e8vres.","keywords":null,"keyphrases":{"focus":{"keyphrase":"","score":0,"analysis":{"keyphraseInTitle":{"score":0,"maxScore":9,"error":1}}},"additional":[]},"primary_term":null,"canonical_url":null,"og_title":null,"og_description":null,"og_object_type":"default","og_image_type":"default","og_image_url":null,"og_image_width":null,"og_image_height":null,"og_image_custom_url":null,"og_image_custom_fields":null,"og_video":"","og_custom_url":null,"og_article_section":null,"og_article_tags":null,"twitter_use_og":false,"twitter_card":"default","twitter_image_type":"default","twitter_image_url":null,"twitter_image_custom_url":null,"twitter_image_custom_fields":null,"twitter_title":null,"twitter_description":null,"schema":{"blockGraphs":[],"customGraphs":[],"default":{"data":{"Article":[],"Course":[],"Dataset":[],"FAQPage":[],"Movie":[],"Person":[],"Product":[],"ProductReview":[],"Car":[],"Recipe":[],"Service":[],"SoftwareApplication":[],"WebPage":[]},"graphName":"WebPage","isEnabled":true},"graphs":[]},"schema_type":"default","schema_type_options":null,"pillar_content":false,"robots_default":true,"robots_noindex":false,"robots_noarchive":false,"robots_nosnippet":false,"robots_nofollow":false,"robots_noimageindex":false,"robots_noodp":false,"robots_notranslate":false,"robots_max_snippet":"-1","robots_max_videopreview":"-1","robots_max_imagepreview":"large","priority":null,"frequency":"default","local_seo":null,"seo_analyzer_scan_date":"2026-02-10 19:10:46","breadcrumb_settings":null,"limit_modified_date":false,"reviewed_by":null,"open_ai":"{\"title\":{\"suggestions\":[],\"usage\":0},\"description\":{\"suggestions\":[],\"usage\":0}}","ai":null,"created":"2024-11-06 17:18:17","updated":"2026-02-10 19:10:46"},"aioseo_breadcrumb":"<div class=\"aioseo-breadcrumbs\"><span class=\"aioseo-breadcrumb\">\n\t<a href=\"https:\/\/monatglobal.com\/fr\" title=\"Home\">Home<\/a>\n<\/span><span class=\"aioseo-breadcrumb-separator\">&raquo;<\/span><span class=\"aioseo-breadcrumb\">\n\tBrillant \u00e0 l\u00e8vres repulpant | Repulpe et hydrate instantan\u00e9ment | Maquillage MONAT\n<\/span><\/div>","aioseo_breadcrumb_json":[{"label":"Home","link":"https:\/\/monatglobal.com\/fr"},{"label":"Brillant \u00e0 l\u00e8vres repulpant | Repulpe et hydrate instantan\u00e9ment | Maquillage MONAT","link":"https:\/\/monatglobal.com\/fr\/lip-plumb-gloss\/"}],"_links":{"self":[{"href":"https:\/\/monatglobal.com\/fr\/wp-json\/wp\/v2\/pages\/85738","targetHints":{"allow":["GET"]}}],"collection":[{"href":"https:\/\/monatglobal.com\/fr\/wp-json\/wp\/v2\/pages"}],"about":[{"href":"https:\/\/monatglobal.com\/fr\/wp-json\/wp\/v2\/types\/page"}],"author":[{"embeddable":true,"href":"https:\/\/monatglobal.com\/fr\/wp-json\/wp\/v2\/users\/57"}],"replies":[{"embeddable":true,"href":"https:\/\/monatglobal.com\/fr\/wp-json\/wp\/v2\/comments?post=85738"}],"version-history":[{"count":37,"href":"https:\/\/monatglobal.com\/fr\/wp-json\/wp\/v2\/pages\/85738\/revisions"}],"predecessor-version":[{"id":109271,"href":"https:\/\/monatglobal.com\/fr\/wp-json\/wp\/v2\/pages\/85738\/revisions\/109271"}],"wp:featuredmedia":[{"embeddable":true,"href":"https:\/\/monatglobal.com\/fr\/wp-json\/wp\/v2\/media\/84889"}],"wp:attachment":[{"href":"https:\/\/monatglobal.com\/fr\/wp-json\/wp\/v2\/media?parent=85738"}],"wp:term":[{"taxonomy":"category","embeddable":true,"href":"https:\/\/monatglobal.com\/fr\/wp-json\/wp\/v2\/categories?post=85738"},{"taxonomy":"post_tag","embeddable":true,"href":"https:\/\/monatglobal.com\/fr\/wp-json\/wp\/v2\/tags?post=85738"}],"curies":[{"name":"wp","href":"https:\/\/api.w.org\/{rel}","templated":true}]}}