{"id":84741,"date":"2024-07-31T18:30:23","date_gmt":"2024-07-31T17:30:23","guid":{"rendered":"https:\/\/monatglobal.com\/fr\/?page_id=84741"},"modified":"2025-02-07T17:36:30","modified_gmt":"2025-02-07T17:36:30","slug":"passport-2024","status":"publish","type":"page","link":"https:\/\/monatglobal.com\/fr\/passport-2024\/","title":{"rendered":"Passport 2024 TULUM, MEXIQUE"},"content":{"rendered":"\n\n\t<section id=\"bannerSec\">\n            <p>1 &#8211; 4 NOVEMBRE <br \/>2024<\/p>\n            <p>TULUM, <br \/>MEXIQUE<\/p> \n        <img decoding=\"async\" src=\"https:\/\/monatglobal.com\/wp-content\/uploads\/2024\/01\/passport-2024-logo.svg\"\/>\n            COMPLEXE H\u00d4TELIER TOUT COMPRIS \n                <img decoding=\"async\" src=\"https:\/\/monatglobal.com\/wp-content\/uploads\/2024\/02\/callout-corner-left-ocre.svg\"\/>\n                HILTON TULUM RIVIERA MAYA \n                <img decoding=\"async\" src=\"https:\/\/monatglobal.com\/wp-content\/uploads\/2024\/02\/callout-corner-right-ocre.svg\"\/>\n            TULUM, MEXIQUE\n<\/section>\n<section id=\"paradiseSec\">\n            <img decoding=\"async\" src=\"https:\/\/monatglobal.com\/wp-content\/uploads\/2024\/01\/tulum-cabins-min.jpg\" alt=\"\" loading=\"lazy\"\/>\n            <img decoding=\"async\" src=\"https:\/\/monatglobal.com\/wp-content\/uploads\/2024\/01\/Soak-in-a-sacred-cenote-min.jpg\" alt=\"\" loading=\"lazy\"\/>\n        <h2>Explorer LE PARADIS  de l&#8217;aventure<\/h2>\n        <p>1 &#8211; 4 NOVEMBRE 2024<\/p>\n            <img decoding=\"async\" src=\"https:\/\/monatglobal.com\/wp-content\/uploads\/2024\/01\/moon-icon.svg\" alt=\"\"\/>\n            <img decoding=\"async\" src=\"https:\/\/monatglobal.com\/wp-content\/uploads\/2024\/01\/palm-frame-min.png\" alt=\"\" loading=\"lazy\"\/>\n<\/section>\n                <img decoding=\"async\" src=\"https:\/\/monatglobal.com\/wp-content\/uploads\/2024\/01\/tulum-beaches-min.jpg\" alt=\"\" loading=\"lazy\"\/>\n            <p>Promenez-vous <br \/> le long des <br \/> plages exquises. <\/p>  \n            <img decoding=\"async\" src=\"https:\/\/monatglobal.com\/wp-content\/uploads\/2024\/01\/arc-icon.svg\" alt=\"\"\/>\n            <img decoding=\"async\" src=\"https:\/\/monatglobal.com\/wp-content\/uploads\/2024\/01\/mayan-ruins-shore-min.jpg\" alt=\"\" loading=\"lazy\"\/>\n            <p>Plongez dans un pass\u00e9 ancien en visitant les mystiques ruines mayas. <\/p>\n            <img decoding=\"async\" src=\"https:\/\/monatglobal.com\/wp-content\/uploads\/2024\/01\/wave-icon.svg\" alt=\"\"\/>\n            <p>Partez \u00e0 l&#8217;aventure dans la jungle mexicaine luxuriante.<\/p>\n            <img decoding=\"async\" src=\"https:\/\/monatglobal.com\/wp-content\/uploads\/2024\/01\/mexican-jungle-min.jpg\" alt=\"\" loading=\"lazy\"\/>\n                <img decoding=\"async\" src=\"https:\/\/monatglobal.com\/wp-content\/uploads\/2024\/01\/Soak-in-a-sacred-cenote-min.jpg\" alt=\"\" loading=\"lazy\"\/>\n                <p>Plongez dans un c\u00e9note sacr\u00e9.<\/p>\n            <p>Faites vos achats dans le centre ville enchant\u00e9. <\/p>\n            <img decoding=\"async\" src=\"https:\/\/monatglobal.com\/wp-content\/uploads\/2024\/01\/enchanted-city-center-min.jpg\" alt=\"\" loading=\"lazy\"\/>\n            <img decoding=\"async\" src=\"https:\/\/monatglobal.com\/wp-content\/uploads\/2024\/01\/exquisitely-appointed-room-min.jpg\" alt=\"\" loading=\"lazy\"\/>\n            <p>Dormez dans un confort sublime dans votre chambre d\u00e9licieusement am\u00e9nag\u00e9e. <\/p>\n            <img decoding=\"async\" src=\"https:\/\/monatglobal.com\/wp-content\/uploads\/2024\/01\/palm-icon.svg\" alt=\"\"\/>\n<section id=\"amenities\">\n        <p>Des \u00e9quipements de <br \/> premier ordre et des logements <br \/> de luxe vous attendent. <\/p>\n            <img decoding=\"async\" src=\"https:\/\/monatglobal.com\/wp-content\/uploads\/2024\/01\/Premier-amenities-min.jpg\" loading=\"lazy\"\/>\n                D&#8217;un chic d\u00e9contract\u00e9 et situ\u00e9 le long de plages de sable fin immacul\u00e9es, le nouvel h\u00f4tel Hilton Tulum dispose de neuf piscines, de treize restaurants \n                    <img decoding=\"async\" src=\"https:\/\/monatglobal.com\/wp-content\/uploads\/2024\/02\/callout-corner-right-brown.svg\"\/>\n                    tout compris \n                    <img decoding=\"async\" src=\"https:\/\/monatglobal.com\/wp-content\/uploads\/2024\/02\/callout-corner-left-brown.svg\"\/>\n                sur le site et d&#8217;une ambiance luxueuse aussi d\u00e9tendue que sophistiqu\u00e9e.  \n                <img decoding=\"async\" alt=\"\" src=\"https:\/\/monatglobal.com\/wp-content\/uploads\/2024\/01\/luxury-accommodations-min.jpg\" loading=\"lazy\"\/> \n    <p>Pr\u00e9parez-vous \u00e0 vous immerger dans le r\u00eave de Tulum, \u00e0 vous enfoncer dans les royaumes de la relaxation transcendante et \u00e0 plonger dans un plaisir sans fin \u00e0 Passeport&nbsp;2024&nbsp;!<\/p>\n        QUALIFICATION <br \/> DU 1 F\u00c9VRIER AU 31 JUILLET <br \/> 2024\n\n            EXIGENCES\n            R\u00c9COMPENSE\n                <p>NIVEAU 1<\/p>\n                <ul> \n                    <li>PARRAINAGE PERSONNEL&nbsp;: <br \/> 5 PM, 13 VIP <\/li>\n                    <li>PARRAINAGE DU GROUPE PERSONNEL&nbsp;:  <br \/> 10 PM, 30 VIP<\/li>\n                    <li>GROUP VOLUME:  50 000 VG<\/li>\n                    <li>RANG PAY\u00c9 LE DERNIER MOIS DE LA P\u00c9RIODE DE QUALIFICATION&nbsp;:  Pay\u00e9 \u00e0 titre de MMB ou plus haut en juillet<\/li>\n                <\/ul>\n                <p>H\u00d4TEL POUR 1 PERSONNE <br \/> + <br \/> REPAS TOUT COMPRIS POUR 1 PERSONNE  <br \/> + <br \/> BILLETS D&#8217;AVION POUR 1 PERSONNE  <br \/> + <br \/> TRANSFERTS TERRESTRES VERS ET DEPUIS LE CENTRE DE VILL\u00c9GIATURE <br \/> (uniquement aux dates de voyage du programme)<\/p>\n                <p>NIVEAU 2<\/p>\n                <ul> \n                    <li>PARRAINAGE PERSONNEL&nbsp;:  <br \/>7 PM, 25 VIP<\/li>\n                    <li>PARRAINAGE DU GROUPE PERSONNEL&nbsp;:  <br \/> 30 PM, 90 VIP<\/li>\n                    <li>GROUP VOLUME:  70 000 VG<\/li>\n                    <li>RANG PAY\u00c9 LE DERNIER MOIS DE LA P\u00c9RIODE DE QUALIFICATION&nbsp;:  Pay\u00e9 \u00e0 titre de AMM ou plus haut en juillet<\/li>\n                <\/ul>\n                <p>H\u00d4TEL POUR 2 <br \/> + <br \/> FORFAIT REPAS POUR 2 PERSONNES <br \/> + <br \/> BILLET D&#8217;AVION POUR 1 PERSONNE <br \/> + <br \/> TRANSFERTS TERRESTRES VERS ET DEPUIS LE CENTRE DE VILL\u00c9GIATURE <br \/> (uniquement aux dates de voyage du programme)<\/p>\n                <p>NIVEAU 3<\/p>\n                <ul> \n                    <li>PARRAINAGE PERSONNEL&nbsp;: <br \/> 12 PM, 38 VIP<\/li>\n                    <li>PARRAINAGE DU GROUPE PERSONNEL&nbsp;:  <br \/> 45 PM, 140 personnalit\u00e9s<\/li>\n                    <li>GROUP VOLUME:  100 000 VG<\/li>\n                    <li>RANG PAY\u00c9 LE DERNIER MOIS DE LA P\u00c9RIODE DE QUALIFICATION&nbsp;:  Pay\u00e9 \u00e0 titre de MM ou plus haut en juillet<\/li>\n                <\/ul>\n                <p>H\u00d4TEL POUR 2 PERSONNES <br \/> + <br \/> FORFAIT REPAS TOUT COMPRIS POUR 2 <br \/> + <br \/> BILLETS D&#8217;AVION POUR 2 PERSONNES <br \/> + <br \/> TRANSFERTS TERRESTRES VERS ET DEPUIS LE CENTRE DE VILL\u00c9GIATURE <br \/>(uniquement aux dates de voyage du programme)<\/p>\n            Les Partenaires de March\u00e9 doivent s&#8217;inscrire avec un pack produit.<br \/>\n            Les VIP doivent avoir un Flexship actif jusqu&#8217;au 15\u00e8me du mois suivant leur mois d&#8217;inscription.\n            <p><em>Les r\u00e8glements peuvent varier selon le pays. Les Partenaires de March\u00e9 devraient consulter la FAQ pour leur pays pour voir les crit\u00e8res de qualification. <\/em> <\/p>\n            <h2>CE QUI <br \/> EST INCLUS&nbsp;:<\/h2>\n            <h2>CE QUI <br \/> EST INCLUS&nbsp;:<\/h2>\n            <ul>\n                <li>3 nuits au Hilton Tulum Riviera Maya All-Inclusive&nbsp;Resort<\/li> \n                <li>Vol aller-retour pour l&#8217;a\u00e9roport international de Cancun (CUN) ou l&#8217;a\u00e9roport international de Tulum (TQO ) pour une&nbsp;personne*.<\/li>\n                <li>Transferts terrestres \u00e0 destination et en provenance du centre de vill\u00e9giature pendant les dates de voyage du&nbsp;programme<\/li>\n                <li>Reconnaissance exclusive<\/li>\n                <li>Forfait repas et boissons tout compris pour une personne (et un invit\u00e9 pour les niveaux 2 et 3) dans plus de 13 restaurants et bars uniques. Les sp\u00e9cialit\u00e9s command\u00e9es sont \u00e0 la charge des&nbsp;participants. <\/li>\n                <li>Musique et divertissement tous les&nbsp;soirs<\/li>\n                <li>9 piscines de centre de&nbsp;vill\u00e9giature <\/li>\n                <li>Plage de sable blanc&nbsp;immacul\u00e9<\/li>\n            <\/ul>\n            <p>Prenez votre passeport et pr\u00e9parez-vous \u00e0 profiter de l&#8217;ultime escapade chic \u00e0 la plage&nbsp;!<\/p>\n        <img decoding=\"async\" src=\"https:\/\/monatglobal.com\/wp-content\/uploads\/2024\/01\/passport-getaway-min.jpg\" loading=\"lazy\"\/>\n<\/section>\n<section id=\"shineSec\">\n            <img decoding=\"async\" src=\"https:\/\/monatglobal.com\/wp-content\/uploads\/2018\/05\/01.-Managing-market-partner.png\" loading=\"lazy\"\/>        \n        <h2>Votre heure <br \/> de gloire<\/h2>\n        <p>Serez-vous reconnu \u00e0 Passeport 2024 ?<\/p>\n            <p>Nous r\u00e9compenserons les personnes les plus performantes dans ces cat\u00e9gories au cours de la p\u00e9riode de qualification du Passeport&nbsp;: <\/p>\n            <ul>\n                <li>Les meilleures en ventes VIP<\/li>\n                <li>Les meilleurs en mati\u00e8re de parrainage<\/li>\n                <li>Les meilleures en Inscription VIP<\/li>\n                <li>Les meilleurs en termes de r\u00e9gularit\u00e9 (classement pay\u00e9 \u00e0 titre&nbsp;de)<\/li>\n            <\/ul>\n        <p>D&#8217;AUTRES D\u00c9TAILS SERONT <br \/> BIENT\u00d4T DISPONIBLES&nbsp;!<\/p>\n        <p>Les cat\u00e9gories de reconnaissance peuvent \u00eatre modifi\u00e9es.<\/p>\n            <a href=\"https:\/\/monatglobal.com\/fr\/wp-content\/uploads\/sites\/19\/2024\/02\/FR_Passport-2024-FAQ_020124_v4.pdf\" target=\"_blank\" rel=\"noopener\">FAQ<\/a>\n            <a href=\"https:\/\/monatglobal.com\/fr\/wp-content\/uploads\/sites\/19\/2024\/02\/FR_Passaport-2024_Terms-and-Conditions_013024_v1.pdf\" target=\"_blank\" rel=\"noopener\">\n                <p>Termes et conditions<\/p>\n            <\/a>\n        #MONATpassport\n<\/section>\n\n","protected":false},"excerpt":{"rendered":"<p>1 &#8211; 4 NOVEMBRE 2024 TULUM, MEXIQUE COMPLEXE H\u00d4TELIER TOUT COMPRIS HILTON TULUM RIVIERA MAYA TULUM, MEXIQUE Explorer LE PARADIS de l&#8217;aventure 1 &#8211; 4 NOVEMBRE 2024 Promenez-vous le long des plages exquises. Plongez dans un pass\u00e9 ancien en visitant les mystiques ruines mayas. Partez \u00e0 l&#8217;aventure dans la jungle mexicaine luxuriante. Plongez dans un&hellip;<\/p>\n","protected":false},"author":33,"featured_media":0,"parent":0,"menu_order":0,"comment_status":"closed","ping_status":"closed","template":"","meta":{"inline_featured_image":false,"om_disable_all_campaigns":false,"_monsterinsights_skip_tracking":false,"_monsterinsights_sitenote_active":false,"_monsterinsights_sitenote_note":"","_monsterinsights_sitenote_category":0,"footnotes":""},"categories":[],"tags":[],"class_list":["post-84741","page","type-page","status-publish","hentry"],"aioseo_notices":[],"aioseo_head":"\n\t\t<!-- All in One SEO Pro 4.9.6 - aioseo.com -->\n\t<meta name=\"description\" content=\"1 - 4 NOVEMBRE 2024 TULUM, MEXIQUE COMPLEXE H\u00d4TELIER TOUT COMPRIS HILTON TULUM RIVIERA MAYA TULUM, MEXIQUE Explorer LE PARADIS de l&#039;aventure 1 - 4 NOVEMBRE 2024 Promenez-vous le long des plages exquises. Plongez dans un pass\u00e9 ancien en visitant les mystiques ruines mayas. Partez \u00e0 l&#039;aventure dans la jungle mexicaine luxuriante. Plongez dans un\" \/>\n\t<meta name=\"robots\" content=\"noindex, nofollow, max-image-preview:large\" \/>\n\t<link rel=\"canonical\" href=\"https:\/\/monatglobal.com\/fr\/passport-2024\/\" \/>\n\t<meta name=\"generator\" content=\"All in One SEO Pro (AIOSEO) 4.9.6\" \/>\n\t\t<meta property=\"og:locale\" content=\"en_US\" \/>\n\t\t<meta property=\"og:site_name\" content=\"MONAT France - We Are Modern Nature\u2122\" \/>\n\t\t<meta property=\"og:type\" content=\"article\" \/>\n\t\t<meta property=\"og:title\" content=\"Passport 2024 TULUM, MEXIQUE - MONAT France\" \/>\n\t\t<meta property=\"og:description\" content=\"1 - 4 NOVEMBRE 2024 TULUM, MEXIQUE COMPLEXE H\u00d4TELIER TOUT COMPRIS HILTON TULUM RIVIERA MAYA TULUM, MEXIQUE Explorer LE PARADIS de l&#039;aventure 1 - 4 NOVEMBRE 2024 Promenez-vous le long des plages exquises. Plongez dans un pass\u00e9 ancien en visitant les mystiques ruines mayas. Partez \u00e0 l&#039;aventure dans la jungle mexicaine luxuriante. Plongez dans un\" \/>\n\t\t<meta property=\"og:url\" content=\"https:\/\/monatglobal.com\/fr\/passport-2024\/\" \/>\n\t\t<meta property=\"article:published_time\" content=\"2024-07-31T17:30:23+00:00\" \/>\n\t\t<meta property=\"article:modified_time\" content=\"2025-02-07T17:36:30+00:00\" \/>\n\t\t<meta name=\"twitter:card\" content=\"summary_large_image\" \/>\n\t\t<meta name=\"twitter:title\" content=\"Passport 2024 TULUM, MEXIQUE - MONAT France\" \/>\n\t\t<meta name=\"twitter:description\" content=\"1 - 4 NOVEMBRE 2024 TULUM, MEXIQUE COMPLEXE H\u00d4TELIER TOUT COMPRIS HILTON TULUM RIVIERA MAYA TULUM, MEXIQUE Explorer LE PARADIS de l&#039;aventure 1 - 4 NOVEMBRE 2024 Promenez-vous le long des plages exquises. Plongez dans un pass\u00e9 ancien en visitant les mystiques ruines mayas. Partez \u00e0 l&#039;aventure dans la jungle mexicaine luxuriante. Plongez dans un\" \/>\n\t\t<script type=\"application\/ld+json\" class=\"aioseo-schema\">\n\t\t\t{\"@context\":\"https:\\\/\\\/schema.org\",\"@graph\":[{\"@type\":\"BreadcrumbList\",\"@id\":\"https:\\\/\\\/monatglobal.com\\\/fr\\\/passport-2024\\\/#breadcrumblist\",\"itemListElement\":[{\"@type\":\"ListItem\",\"@id\":\"https:\\\/\\\/monatglobal.com\\\/fr#listItem\",\"position\":1,\"name\":\"Home\",\"item\":\"https:\\\/\\\/monatglobal.com\\\/fr\",\"nextItem\":{\"@type\":\"ListItem\",\"@id\":\"https:\\\/\\\/monatglobal.com\\\/fr\\\/passport-2024\\\/#listItem\",\"name\":\"Passport 2024 TULUM, MEXIQUE\"}},{\"@type\":\"ListItem\",\"@id\":\"https:\\\/\\\/monatglobal.com\\\/fr\\\/passport-2024\\\/#listItem\",\"position\":2,\"name\":\"Passport 2024 TULUM, MEXIQUE\",\"previousItem\":{\"@type\":\"ListItem\",\"@id\":\"https:\\\/\\\/monatglobal.com\\\/fr#listItem\",\"name\":\"Home\"}}]},{\"@type\":\"Organization\",\"@id\":\"https:\\\/\\\/monatglobal.com\\\/fr\\\/#organization\",\"name\":\"MONAT France\",\"description\":\"We Are Modern Nature\\u2122\",\"url\":\"https:\\\/\\\/monatglobal.com\\\/fr\\\/\"},{\"@type\":\"WebPage\",\"@id\":\"https:\\\/\\\/monatglobal.com\\\/fr\\\/passport-2024\\\/#webpage\",\"url\":\"https:\\\/\\\/monatglobal.com\\\/fr\\\/passport-2024\\\/\",\"name\":\"Passport 2024 TULUM, MEXIQUE - MONAT France\",\"description\":\"1 - 4 NOVEMBRE 2024 TULUM, MEXIQUE COMPLEXE H\\u00d4TELIER TOUT COMPRIS HILTON TULUM RIVIERA MAYA TULUM, MEXIQUE Explorer LE PARADIS de l'aventure 1 - 4 NOVEMBRE 2024 Promenez-vous le long des plages exquises. Plongez dans un pass\\u00e9 ancien en visitant les mystiques ruines mayas. Partez \\u00e0 l'aventure dans la jungle mexicaine luxuriante. Plongez dans un\",\"inLanguage\":\"en-US\",\"isPartOf\":{\"@id\":\"https:\\\/\\\/monatglobal.com\\\/fr\\\/#website\"},\"breadcrumb\":{\"@id\":\"https:\\\/\\\/monatglobal.com\\\/fr\\\/passport-2024\\\/#breadcrumblist\"},\"datePublished\":\"2024-07-31T18:30:23+01:00\",\"dateModified\":\"2025-02-07T17:36:30+00:00\"},{\"@type\":\"WebSite\",\"@id\":\"https:\\\/\\\/monatglobal.com\\\/fr\\\/#website\",\"url\":\"https:\\\/\\\/monatglobal.com\\\/fr\\\/\",\"name\":\"MONAT France\",\"description\":\"We Are Modern Nature\\u2122\",\"inLanguage\":\"en-US\",\"publisher\":{\"@id\":\"https:\\\/\\\/monatglobal.com\\\/fr\\\/#organization\"}}]}\n\t\t<\/script>\n\t\t<!-- All in One SEO Pro -->\r\n\t\t<title>Passport 2024 TULUM, MEXIQUE - MONAT France<\/title>\n\n","aioseo_head_json":{"title":"Passport 2024 TULUM, MEXIQUE - MONAT France","description":"1 - 4 NOVEMBRE 2024 TULUM, MEXIQUE COMPLEXE H\u00d4TELIER TOUT COMPRIS HILTON TULUM RIVIERA MAYA TULUM, MEXIQUE Explorer LE PARADIS de l'aventure 1 - 4 NOVEMBRE 2024 Promenez-vous le long des plages exquises. Plongez dans un pass\u00e9 ancien en visitant les mystiques ruines mayas. Partez \u00e0 l'aventure dans la jungle mexicaine luxuriante. Plongez dans un","canonical_url":"https:\/\/monatglobal.com\/fr\/passport-2024\/","robots":"noindex, nofollow, max-image-preview:large","keywords":"","webmasterTools":{"miscellaneous":""},"schema":{"@context":"https:\/\/schema.org","@graph":[{"@type":"BreadcrumbList","@id":"https:\/\/monatglobal.com\/fr\/passport-2024\/#breadcrumblist","itemListElement":[{"@type":"ListItem","@id":"https:\/\/monatglobal.com\/fr#listItem","position":1,"name":"Home","item":"https:\/\/monatglobal.com\/fr","nextItem":{"@type":"ListItem","@id":"https:\/\/monatglobal.com\/fr\/passport-2024\/#listItem","name":"Passport 2024 TULUM, MEXIQUE"}},{"@type":"ListItem","@id":"https:\/\/monatglobal.com\/fr\/passport-2024\/#listItem","position":2,"name":"Passport 2024 TULUM, MEXIQUE","previousItem":{"@type":"ListItem","@id":"https:\/\/monatglobal.com\/fr#listItem","name":"Home"}}]},{"@type":"Organization","@id":"https:\/\/monatglobal.com\/fr\/#organization","name":"MONAT France","description":"We Are Modern Nature\u2122","url":"https:\/\/monatglobal.com\/fr\/"},{"@type":"WebPage","@id":"https:\/\/monatglobal.com\/fr\/passport-2024\/#webpage","url":"https:\/\/monatglobal.com\/fr\/passport-2024\/","name":"Passport 2024 TULUM, MEXIQUE - MONAT France","description":"1 - 4 NOVEMBRE 2024 TULUM, MEXIQUE COMPLEXE H\u00d4TELIER TOUT COMPRIS HILTON TULUM RIVIERA MAYA TULUM, MEXIQUE Explorer LE PARADIS de l'aventure 1 - 4 NOVEMBRE 2024 Promenez-vous le long des plages exquises. Plongez dans un pass\u00e9 ancien en visitant les mystiques ruines mayas. Partez \u00e0 l'aventure dans la jungle mexicaine luxuriante. Plongez dans un","inLanguage":"en-US","isPartOf":{"@id":"https:\/\/monatglobal.com\/fr\/#website"},"breadcrumb":{"@id":"https:\/\/monatglobal.com\/fr\/passport-2024\/#breadcrumblist"},"datePublished":"2024-07-31T18:30:23+01:00","dateModified":"2025-02-07T17:36:30+00:00"},{"@type":"WebSite","@id":"https:\/\/monatglobal.com\/fr\/#website","url":"https:\/\/monatglobal.com\/fr\/","name":"MONAT France","description":"We Are Modern Nature\u2122","inLanguage":"en-US","publisher":{"@id":"https:\/\/monatglobal.com\/fr\/#organization"}}]},"og:locale":"en_US","og:site_name":"MONAT France - We Are Modern Nature\u2122","og:type":"article","og:title":"Passport 2024 TULUM, MEXIQUE - MONAT France","og:description":"1 - 4 NOVEMBRE 2024 TULUM, MEXIQUE COMPLEXE H\u00d4TELIER TOUT COMPRIS HILTON TULUM RIVIERA MAYA TULUM, MEXIQUE Explorer LE PARADIS de l'aventure 1 - 4 NOVEMBRE 2024 Promenez-vous le long des plages exquises. Plongez dans un pass\u00e9 ancien en visitant les mystiques ruines mayas. Partez \u00e0 l'aventure dans la jungle mexicaine luxuriante. Plongez dans un","og:url":"https:\/\/monatglobal.com\/fr\/passport-2024\/","article:published_time":"2024-07-31T17:30:23+00:00","article:modified_time":"2025-02-07T17:36:30+00:00","twitter:card":"summary_large_image","twitter:title":"Passport 2024 TULUM, MEXIQUE - MONAT France","twitter:description":"1 - 4 NOVEMBRE 2024 TULUM, MEXIQUE COMPLEXE H\u00d4TELIER TOUT COMPRIS HILTON TULUM RIVIERA MAYA TULUM, MEXIQUE Explorer LE PARADIS de l'aventure 1 - 4 NOVEMBRE 2024 Promenez-vous le long des plages exquises. Plongez dans un pass\u00e9 ancien en visitant les mystiques ruines mayas. Partez \u00e0 l'aventure dans la jungle mexicaine luxuriante. Plongez dans un"},"aioseo_meta_data":{"post_id":"84741","title":null,"description":null,"keywords":null,"keyphrases":{"focus":{"keyphrase":"","score":0,"analysis":{"keyphraseInTitle":{"score":0,"maxScore":9,"error":1}}},"additional":[]},"primary_term":null,"canonical_url":null,"og_title":null,"og_description":null,"og_object_type":"default","og_image_type":"default","og_image_url":null,"og_image_width":null,"og_image_height":null,"og_image_custom_url":null,"og_image_custom_fields":null,"og_video":"","og_custom_url":null,"og_article_section":null,"og_article_tags":null,"twitter_use_og":false,"twitter_card":"default","twitter_image_type":"default","twitter_image_url":null,"twitter_image_custom_url":null,"twitter_image_custom_fields":null,"twitter_title":null,"twitter_description":null,"schema":{"blockGraphs":[],"customGraphs":[],"default":{"data":{"Article":[],"Course":[],"Dataset":[],"FAQPage":[],"Movie":[],"Person":[],"Product":[],"ProductReview":[],"Car":[],"Recipe":[],"Service":[],"SoftwareApplication":[],"WebPage":[]},"graphName":"WebPage","isEnabled":true},"graphs":[]},"schema_type":"default","schema_type_options":null,"pillar_content":false,"robots_default":true,"robots_noindex":false,"robots_noarchive":false,"robots_nosnippet":false,"robots_nofollow":false,"robots_noimageindex":false,"robots_noodp":false,"robots_notranslate":false,"robots_max_snippet":"-1","robots_max_videopreview":"-1","robots_max_imagepreview":"large","priority":null,"frequency":"default","local_seo":null,"seo_analyzer_scan_date":"2026-02-10 19:07:50","breadcrumb_settings":null,"limit_modified_date":false,"reviewed_by":null,"open_ai":"{\"title\":{\"suggestions\":[],\"usage\":0},\"description\":{\"suggestions\":[],\"usage\":0}}","ai":null,"created":"2024-07-31 17:30:24","updated":"2026-02-10 19:07:50"},"aioseo_breadcrumb":"<div class=\"aioseo-breadcrumbs\"><span class=\"aioseo-breadcrumb\">\n\t<a href=\"https:\/\/monatglobal.com\/fr\" title=\"Home\">Home<\/a>\n<\/span><span class=\"aioseo-breadcrumb-separator\">&raquo;<\/span><span class=\"aioseo-breadcrumb\">\n\tPassport 2024 TULUM, MEXIQUE\n<\/span><\/div>","aioseo_breadcrumb_json":[{"label":"Home","link":"https:\/\/monatglobal.com\/fr"},{"label":"Passport 2024 TULUM, MEXIQUE","link":"https:\/\/monatglobal.com\/fr\/passport-2024\/"}],"_links":{"self":[{"href":"https:\/\/monatglobal.com\/fr\/wp-json\/wp\/v2\/pages\/84741","targetHints":{"allow":["GET"]}}],"collection":[{"href":"https:\/\/monatglobal.com\/fr\/wp-json\/wp\/v2\/pages"}],"about":[{"href":"https:\/\/monatglobal.com\/fr\/wp-json\/wp\/v2\/types\/page"}],"author":[{"embeddable":true,"href":"https:\/\/monatglobal.com\/fr\/wp-json\/wp\/v2\/users\/33"}],"replies":[{"embeddable":true,"href":"https:\/\/monatglobal.com\/fr\/wp-json\/wp\/v2\/comments?post=84741"}],"version-history":[{"count":3,"href":"https:\/\/monatglobal.com\/fr\/wp-json\/wp\/v2\/pages\/84741\/revisions"}],"predecessor-version":[{"id":86339,"href":"https:\/\/monatglobal.com\/fr\/wp-json\/wp\/v2\/pages\/84741\/revisions\/86339"}],"wp:attachment":[{"href":"https:\/\/monatglobal.com\/fr\/wp-json\/wp\/v2\/media?parent=84741"}],"wp:term":[{"taxonomy":"category","embeddable":true,"href":"https:\/\/monatglobal.com\/fr\/wp-json\/wp\/v2\/categories?post=84741"},{"taxonomy":"post_tag","embeddable":true,"href":"https:\/\/monatglobal.com\/fr\/wp-json\/wp\/v2\/tags?post=84741"}],"curies":[{"name":"wp","href":"https:\/\/api.w.org\/{rel}","templated":true}]}}