{"id":84300,"date":"2024-05-27T04:12:39","date_gmt":"2024-05-27T03:12:39","guid":{"rendered":"https:\/\/monatglobal.com\/fr\/?page_id=84300"},"modified":"2026-02-13T21:42:07","modified_gmt":"2026-02-13T21:42:07","slug":"renew-conditioner","status":"publish","type":"page","link":"https:\/\/monatglobal.com\/fr\/renew-conditioner\/","title":{"rendered":"Renew Apr\u00e8s-shampooing | MONAT Produits pour cheveux secs"},"content":{"rendered":"\n\n\t<link rel=\"stylesheet\" href=\"https:\/\/monatglobal.com\/wp-content\/creative_css\/product_styles_sheet.css\" \/>\n   <!--==================================================== ECOMM SECTION ====================================================-->\n   <p>\u00ab BEST SELLERS \u00bb<\/p>\n      <!--==================================================== Ecomm image ====================================================-->\n               <img decoding=\"async\" alt=\"Product shot of the Renew Conditioner\" src=\"https:\/\/monatglobal.com\/wp-content\/uploads\/2023\/11\/renew-conditioner-ecomm-min.png\" loading=\"lazy\"\/> \n               <img decoding=\"async\" alt=\"A tube Renew Conditioner on a purple surface\" src=\"https:\/\/monatglobal.com\/wp-content\/uploads\/2023\/12\/renew-conditioner-ecomm-closeup-min-min.jpg\" loading=\"lazy\"\/>\n                  <img decoding=\"async\" alt=\"Product shot of the Renew Conditioner\" src=\"https:\/\/monatglobal.com\/wp-content\/uploads\/2023\/11\/renew-conditioner-ecomm-min.png\" data-lbxp=\"\" loading=\"lazy\"\/>\n                  <img decoding=\"async\" alt=\"A tube Renew Conditioner on a purple surface.\" src=\"https:\/\/monatglobal.com\/wp-content\/uploads\/2023\/12\/renew-conditioner-ecomm-closeup-min-min.jpg\" loading=\"lazy\"\/>\n      <!--==================================================== Ecomm information  ====================================================-->\n         <p>\u00ab BEST SELLERS \u00bb<\/p>\n         <h1>Apr\u00e8s-shampooing<br \/>Renew\u2122 <\/h1>\n         <p>Infusion de REJUVENIQE<sup>\u00ae<\/sup><\/p>\n         <p>La formule riche apporte une hydratation \u00e9quilibr\u00e9e aux m\u00e8ches s\u00e8ches, moyennes \u00e0 \u00e9paisses.<\/p>\n         <p> 237 ml \u212e 8 fl. oz.<\/p>\n        <!--==================================================== pricing box  ====================================================-->\n         <p>Prix de d\u00e9tail<br \/>00.00 \u20ac<\/p>\n         <p>Prix de client VIP<br \/>00.00 \u20ac<\/p>\n        <!--==================================================== pricing box  ====================================================-->   \n         <p>Pour en savoir plus sur le Apr\u00e8s-shampooing Renew\u2122, veuillez contacter votre Partenaire de March\u00e9&nbsp;MONAT.<\/p>\n      <a href=\"\" target=\"_blank\" role=\"button\" aria-label=\"\" rel=\"noopener\"><\/a>\n   <!--==================================================== \/ECOMM SECTION  ====================================================-->\n    <!--==================================================== Benefits image ====================================================-->\n   \n      <source media=\"(max-width: 700px)\" srcset=\"https:\/\/monatglobal.com\/ca\/wp-content\/uploads\/sites\/5\/2023\/11\/renew-conditioner-benefits-mobile-min.jpg\" loading=\"lazy\"\/>\n      <img decoding=\"async\" alt=\"Red-haired woman holding a tube of Renew Conditioner.\" \n      src=\"https:\/\/monatglobal.com\/ca\/wp-content\/uploads\/sites\/5\/2023\/11\/renew-conditioner-benefits-desktop-min.jpg\" loading=\"lazy\"\/>\n   \n   <!--==================================================== Benefits text ====================================================-->\n         <h2>BIENFAITS<\/h2>\n         <h3>Infus\u00e9 de REJUVENIQE<sup>\u00ae<\/sup>, cet apr\u00e8s-shampooing nourrissant aide \u00e0 restaurer l&#8217;hydratation essentielle pour aider \u00e0 renouveler l&#8217;hydratation des cheveux moyens \u00e0 \u00e9pais et secs.  <\/h3>\n         <p>C&#8217;est \u00e9galement le compl\u00e9ment parfait de notre Shampooing Renew\u2122 le plus vendu !<\/p>\n         <!--==================================================== features image  ====================================================-->\n         <img decoding=\"async\" alt=\"Tube of Renew Conditioner on a white tray.\" src=\"https:\/\/monatglobal.com\/wp-content\/uploads\/2023\/11\/renew-conditioner-features-min.jpg\" loading=\"lazy\"\/>\n      <!--==================================================== features text ====================================================-->\n            <h3>Caract\u00e9ristiques<\/h3>\n               <p>\/ Hydrate les cheveux <\/p>\n               <p>\/ Hydratation<\/p>\n               <p>\/ Aide \u00e0 la glisse et \u00e0 la maniabilit\u00e9 <\/p>\n               <p>\/ La formule sans silicone est id\u00e9ale pour un usage quotidien ou aussi souvent que vous le souhaitez. <\/p>\n               <p>\/ Id\u00e9al pour tous les types de cheveux moyens \u00e0 \u00e9pais <\/p>\n               <br \/>\n            <p>Parfum \/ Un parfum floral herbac\u00e9 avec des notes de jasmin, de citron Meyer, de n\u00e9roli et de th\u00e9 vert.<\/p>\n            <p> Texture \/ Cr\u00e8me<\/p>\n   <!--==================================================== composition image mobile ====================================================-->\n   <img decoding=\"async\" alt=\"Renew Condtioner tube and brush\" src=\"https:\/\/monatglobal.com\/wp-content\/uploads\/2023\/11\/renew-conditioner-standalone-min.jpg\" loading=\"lazy\"\/>\n   <!--==================================================== Why it works text  ====================================================-->\n      <h2>Formul\u00e9 avec un m\u00e9lange d&#8217;ingr\u00e9dients riches en hydratation<\/h2>\n      <h3>Avec la &#8220;skinification&#8221; des soins capillaires, les ingr\u00e9dients populaires des soins de la peau sont maintenant transf\u00e9r\u00e9s dans l&#8217;industrie des soins capillaires. <\/h3>\n      <p>MONAT a port\u00e9 cette id\u00e9e \u00e0 un niveau sup\u00e9rieur, en incorporant des ingr\u00e9dients tels que l&#8217;acide hyaluronique dans cet apr\u00e8s-shampooing nourrissant. <\/p>\n<!--==================================================== Composition section ====================================================-->\n      <img decoding=\"async\" alt=\"Renew Condtioner tube and brush.\" src=\"https:\/\/monatglobal.com\/wp-content\/uploads\/2023\/11\/renew-conditioner-standalone-min.jpg\" loading=\"lazy\"\/>\n      <img decoding=\"async\" alt=\"A woman brushing her hair with a purple comb.\" src=\"https:\/\/monatglobal.com\/wp-content\/uploads\/2023\/11\/renew-conditioner-composition-min.jpg\" loading=\"lazy\"\/>\n            <!--==================================================== Directions text ====================================================--> \n               <h3>Mode d&#8217;emploi<\/h3>\n               <p>\/ Utilisez le Shampooing Renew\u2122  <\/p>\n               <p>\/ Retirer l&#8217;exc\u00e8s d&#8217;eau des cheveux et appliquer cet apr\u00e8s-shampooing du cuir chevelu aux pointes. <\/p>\n               <p>\/ Laisser agir 3 \u00e0 5 minutes.<\/p>\n               <p>\/ Rincer abondamment.<\/p>\n            <!--==================================================== Directions video ====================================================-->\n      <p>MONAT IR Clinical\u2122 <br \/> Clear Brow Gel <br \/>7:21<\/p>\n  <a href=\"\" target=\"_blank\" role=\"button\" aria-label=\"\" rel=\"noopener\"><\/a>\n   <!--==================================================== Ingredients section  ====================================================-->\n      <h2>PRINCIPAUX INGR\u00c9DIENTS<\/h2>\n              <img decoding=\"async\" src=\"https:\/\/monatglobal.com\/wp-content\/uploads\/2022\/11\/REJUVENIQE\u2122.svg\" alt=\"REJUVENIQE Icon\"\/>\n               <p>REJUVENIQE<sup>\u00ae<\/sup><\/p>\n\t\t\t<img decoding=\"async\" src=\"https:\/\/monatglobal.com\/wp-content\/uploads\/2023\/11\/Micro-Encapsulation-Shea-Complex.svg\" alt=\"Micro-Encapsulation-Shea-Complex Icon\"\/>\n               <p>Complexe de micro-encapsulation de karit\u00e9<\/p>\n\t\t\t<img decoding=\"async\" src=\"https:\/\/monatglobal.com\/wp-content\/uploads\/2023\/11\/Moisture-Complex.svg\" alt=\"Moisture-Complex\"\/>\n               <p>Complexe d&#8217;hydratation<\/p>\n\t\t\t<img decoding=\"async\" src=\"https:\/\/monatglobal.com\/wp-content\/uploads\/2023\/11\/Jojoba-OilAbyssinian-OilSafflower-Seed-Oil.svg\" alt=\"Jojoba Oil\/Abyssinian Oil\/Safflower Seed Oil\"\/>\n               <p>Huile de jojoba\/ huile d&#8217;abyssinie\/ huile de graines de carthame<\/p>\n      <button id=\"myBtn\" type=\"button\">LISTE D&#8217;INGR\u00c9DIENTS<\/button>\n      <!--==================================================== Modal content  ====================================================-->\n         &times;\n         <p>Aqua\/Water\/Eau, Cetearyl Alcohol, Isoamyl Laurate, Behentrimonium Chloride, Fragrance\/Parfum, Crambe Abyssinica Seed Oil, Coconut Alkanes, Glycerin, Sodium Hyaluronate, Pisum Sativum (Pea) Extract, Limnanthes Alba (Meadowfoam) Seed Oil, Butyrospermum Parkii (Shea) Butter Extract, Hydrolyzed Quinoa, Hydroxyethylcellulose, Brassicyl Valinate Esylate, Simmondsia Chinensis (Jojoba) Seed Oil, Rosmarinus Officinalis (Rosemary) Leaf Extract, Trifolium Pratense (Clover) Flower Extract, Adansonia Digitata Oil, Mauritia Flexuosa Fruit Oil, Cocos Nucifera (Coconut) Oil, Cinnamidopropyltrimonium Chloride, Guar Hydroxypropyltrimonium Chloride, Solanum Lycopersicum (Tomato) Seed Oil, Daucus Carota Sativa (Carrot) Seed Oil, Citrus Limon (Lemon) Peel Oil, Carthamus Tinctorius (Safflower) Seed Oil, Gardenia Taitensis Flower Extract, Moringa Oleifera Seed Oil, Glyceryl Caprylate, Xanthan Gum, Sodium Hydroxide, Caryocar Brasiliense Fruit Oil, Helianthus Annuus (Sunflower) Seed Oil, Citrus Aurantium Bergamia (Bergamot) Fruit Oil, Camellia Oleifera Seed Oil, Sodium Gluconate, Calcium Gluconate, Coco-Caprylate\/Caprate, Polyglyceryl-6 Stearate, Butylene Glycol, Panthenol, Ceteareth-20, 1,2 Hexanediol, Sodium Phosphate, Dextran, Citrus Aurantifolia (Lime) Oil, Acetyl Tetrapeptide-3, Disodium Phosphate, Polysorbate 60, Cetrimonium Chloride, Isopropyl Alcohol, Brassica Alcohol, Citric Acid, Benzyl Alcohol, Sodium Benzoate, Potassium Sorbate, Citronellol, Limonene, Hexyl Cinnamal.<\/p>\n   <!--==================================================== You might also like section ====================================================-->\n      <h2>VOUS AIMEREZ PEUT-\u00caTRE<\/h2>\n      <!--==================================================== Slider YOU MIGHT ALSO LIKE ====================================================-->\n      <!---->\n      <!--   -->\n            <!--==================================================== Slides products ====================================================-->\n      <!--      -->\n      <!--         <a href=\"https:\/\/monatglobal.com\/fr\/renew-shampoo\/\" aria-label=\"Go to Renew Shampoo page\">-->\n      <!--            <img decoding=\"async\" src=\"https:\/\/monatglobal.com\/wp-content\/uploads\/2022\/06\/renew-shampoo-e-comm.png\" alt=\"Renew Shampoo\" loading=\"lazy\"\/>-->\n      <!--            <p>Shampooing Renew\u2122<\/p>-->\n      <!--         <\/a>-->\n      <!--      -->\n      <!--      -->\n      <!--         <a href=\"https:\/\/monatglobal.com\/fr\/replenish-masque\/\" aria-label=\"Go to Replenish\u2122 Masque page\">-->\n      <!--            <img decoding=\"async\" src=\"https:\/\/monatglobal.com\/wp-content\/uploads\/2022\/06\/replenish-masque-e-comm.png\" alt=\"Replenish\u2122 Masque\" loading=\"lazy\"\/>-->\n      <!--            <p>Masque Replenish\u2122 <\/p>-->\n      <!--         <\/a>-->\n      <!--      -->\n      <!--      -->\n      <!--         <a href=\"https:\/\/monatglobal.com\/fr\/restore-leave-in-conditioner\/\" aria-label=\"Go to Restore\u2122 Leave-In Conditioner  page\">-->\n      <!--            <img decoding=\"async\" src=\"https:\/\/monatglobal.com\/nz\/wp-content\/uploads\/sites\/15\/2022\/10\/RESTORE-LEAVE-IN-CONDITIONER-ecomm.png\" alt=\"Restore\u2122 Leave-In Conditioner\" loading=\"lazy\"\/>-->\n      <!--            <p>Apr\u00e8s-shampooing sans rin\u00e7age Restore\u2122 <\/p>-->\n      <!--         <\/a>-->\n      <!--      -->\n      <!--   -->\n         <!--==================================================== If we need navigation buttons  ====================================================-->\n      <!--   -->\n      <!--   -->\n         <!--==================================================== If we need paginations  ====================================================-->\n      <!--   -->\n      <!---->\n         <!--==================================================== If we need navigation buttons  ====================================================-->\n         <!--==================================================== If we need paginations  ====================================================-->\n    <a href=\"\" aria-label=\"\"><\/a>\n\n","protected":false},"excerpt":{"rendered":"<p>\u00ab BEST SELLERS \u00bb \u00ab BEST SELLERS \u00bb Apr\u00e8s-shampooingRenew\u2122 Infusion de REJUVENIQE\u00ae La formule riche apporte une hydratation \u00e9quilibr\u00e9e aux m\u00e8ches s\u00e8ches, moyennes \u00e0 \u00e9paisses. 237 ml \u212e 8 fl. oz. Prix de d\u00e9tail00.00 \u20ac Prix de client VIP00.00 \u20ac Pour en savoir plus sur le Apr\u00e8s-shampooing Renew\u2122, veuillez contacter votre Partenaire de March\u00e9&nbsp;MONAT. BIENFAITS&hellip;<\/p>\n","protected":false},"author":47,"featured_media":84407,"parent":0,"menu_order":0,"comment_status":"closed","ping_status":"closed","template":"","meta":{"inline_featured_image":false,"om_disable_all_campaigns":false,"_monsterinsights_skip_tracking":false,"_monsterinsights_sitenote_active":false,"_monsterinsights_sitenote_note":"","_monsterinsights_sitenote_category":0,"footnotes":""},"categories":[20],"tags":[],"class_list":["post-84300","page","type-page","status-publish","has-post-thumbnail","hentry","category-product-fr"],"aioseo_notices":[],"aioseo_head":"\n\t\t<!-- All in One SEO Pro 4.9.5.2 - aioseo.com -->\n\t<meta name=\"description\" content=\"Renew est un apr\u00e8s-shampoing qui aide \u00e0 restaurer l\u2019hydratation essentielle afin de revitaliser les cheveux. Parfait pour les cheveux moyens \u00e0 \u00e9pais.\" \/>\n\t<meta name=\"robots\" content=\"noindex, nofollow, max-image-preview:large\" \/>\n\t<link rel=\"canonical\" href=\"https:\/\/monatglobal.com\/fr\/renew-conditioner\/\" \/>\n\t<meta name=\"generator\" content=\"All in One SEO Pro (AIOSEO) 4.9.5.2\" \/>\n\t\t<meta property=\"og:locale\" content=\"en_US\" \/>\n\t\t<meta property=\"og:site_name\" content=\"MONAT France - We Are Modern Nature\u2122\" \/>\n\t\t<meta property=\"og:type\" content=\"article\" \/>\n\t\t<meta property=\"og:title\" content=\"Renew Apr\u00e8s-shampooing | MONAT Produits pour cheveux secs\" \/>\n\t\t<meta property=\"og:description\" content=\"Renew est un apr\u00e8s-shampoing qui aide \u00e0 restaurer l\u2019hydratation essentielle afin de revitaliser les cheveux. Parfait pour les cheveux moyens \u00e0 \u00e9pais.\" \/>\n\t\t<meta property=\"og:url\" content=\"https:\/\/monatglobal.com\/fr\/renew-conditioner\/\" \/>\n\t\t<meta property=\"article:published_time\" content=\"2024-05-27T03:12:39+00:00\" \/>\n\t\t<meta property=\"article:modified_time\" content=\"2026-02-13T21:42:07+00:00\" \/>\n\t\t<meta name=\"twitter:card\" content=\"summary_large_image\" \/>\n\t\t<meta name=\"twitter:title\" content=\"Renew Apr\u00e8s-shampooing | MONAT Produits pour cheveux secs\" \/>\n\t\t<meta name=\"twitter:description\" content=\"Renew est un apr\u00e8s-shampoing qui aide \u00e0 restaurer l\u2019hydratation essentielle afin de revitaliser les cheveux. Parfait pour les cheveux moyens \u00e0 \u00e9pais.\" \/>\n\t\t<script type=\"application\/ld+json\" class=\"aioseo-schema\">\n\t\t\t{\"@context\":\"https:\\\/\\\/schema.org\",\"@graph\":[{\"@type\":\"BreadcrumbList\",\"@id\":\"https:\\\/\\\/monatglobal.com\\\/fr\\\/renew-conditioner\\\/#breadcrumblist\",\"itemListElement\":[{\"@type\":\"ListItem\",\"@id\":\"https:\\\/\\\/monatglobal.com\\\/fr#listItem\",\"position\":1,\"name\":\"Home\",\"item\":\"https:\\\/\\\/monatglobal.com\\\/fr\",\"nextItem\":{\"@type\":\"ListItem\",\"@id\":\"https:\\\/\\\/monatglobal.com\\\/fr\\\/renew-conditioner\\\/#listItem\",\"name\":\"Renew Apr\\u00e8s-shampooing | MONAT Produits pour cheveux secs\"}},{\"@type\":\"ListItem\",\"@id\":\"https:\\\/\\\/monatglobal.com\\\/fr\\\/renew-conditioner\\\/#listItem\",\"position\":2,\"name\":\"Renew Apr\\u00e8s-shampooing | MONAT Produits pour cheveux secs\",\"previousItem\":{\"@type\":\"ListItem\",\"@id\":\"https:\\\/\\\/monatglobal.com\\\/fr#listItem\",\"name\":\"Home\"}}]},{\"@type\":\"Organization\",\"@id\":\"https:\\\/\\\/monatglobal.com\\\/fr\\\/#organization\",\"name\":\"MONAT France\",\"description\":\"We Are Modern Nature\\u2122\",\"url\":\"https:\\\/\\\/monatglobal.com\\\/fr\\\/\"},{\"@type\":\"WebPage\",\"@id\":\"https:\\\/\\\/monatglobal.com\\\/fr\\\/renew-conditioner\\\/#webpage\",\"url\":\"https:\\\/\\\/monatglobal.com\\\/fr\\\/renew-conditioner\\\/\",\"name\":\"Renew Apr\\u00e8s-shampooing | MONAT Produits pour cheveux secs\",\"description\":\"Renew est un apr\\u00e8s-shampoing qui aide \\u00e0 restaurer l\\u2019hydratation essentielle afin de revitaliser les cheveux. Parfait pour les cheveux moyens \\u00e0 \\u00e9pais.\",\"inLanguage\":\"en-US\",\"isPartOf\":{\"@id\":\"https:\\\/\\\/monatglobal.com\\\/fr\\\/#website\"},\"breadcrumb\":{\"@id\":\"https:\\\/\\\/monatglobal.com\\\/fr\\\/renew-conditioner\\\/#breadcrumblist\"},\"image\":{\"@type\":\"ImageObject\",\"url\":\"https:\\\/\\\/monatglobal.com\\\/fr\\\/wp-content\\\/uploads\\\/sites\\\/19\\\/2024\\\/05\\\/renew-conditioner-ecomm-min.png\",\"@id\":\"https:\\\/\\\/monatglobal.com\\\/fr\\\/renew-conditioner\\\/#mainImage\",\"width\":641,\"height\":800},\"primaryImageOfPage\":{\"@id\":\"https:\\\/\\\/monatglobal.com\\\/fr\\\/renew-conditioner\\\/#mainImage\"},\"datePublished\":\"2024-05-27T04:12:39+01:00\",\"dateModified\":\"2026-02-13T21:42:07+00:00\"},{\"@type\":\"WebSite\",\"@id\":\"https:\\\/\\\/monatglobal.com\\\/fr\\\/#website\",\"url\":\"https:\\\/\\\/monatglobal.com\\\/fr\\\/\",\"name\":\"MONAT France\",\"description\":\"We Are Modern Nature\\u2122\",\"inLanguage\":\"en-US\",\"publisher\":{\"@id\":\"https:\\\/\\\/monatglobal.com\\\/fr\\\/#organization\"}}]}\n\t\t<\/script>\n\t\t<!-- All in One SEO Pro -->\r\n\t\t<title>Renew Apr\u00e8s-shampooing | MONAT Produits pour cheveux secs<\/title>\n\n","aioseo_head_json":{"title":"Renew Apr\u00e8s-shampooing | MONAT Produits pour cheveux secs","description":"Renew est un apr\u00e8s-shampoing qui aide \u00e0 restaurer l\u2019hydratation essentielle afin de revitaliser les cheveux. Parfait pour les cheveux moyens \u00e0 \u00e9pais.","canonical_url":"https:\/\/monatglobal.com\/fr\/renew-conditioner\/","robots":"noindex, nofollow, max-image-preview:large","keywords":"","webmasterTools":{"miscellaneous":""},"schema":{"@context":"https:\/\/schema.org","@graph":[{"@type":"BreadcrumbList","@id":"https:\/\/monatglobal.com\/fr\/renew-conditioner\/#breadcrumblist","itemListElement":[{"@type":"ListItem","@id":"https:\/\/monatglobal.com\/fr#listItem","position":1,"name":"Home","item":"https:\/\/monatglobal.com\/fr","nextItem":{"@type":"ListItem","@id":"https:\/\/monatglobal.com\/fr\/renew-conditioner\/#listItem","name":"Renew Apr\u00e8s-shampooing | MONAT Produits pour cheveux secs"}},{"@type":"ListItem","@id":"https:\/\/monatglobal.com\/fr\/renew-conditioner\/#listItem","position":2,"name":"Renew Apr\u00e8s-shampooing | MONAT Produits pour cheveux secs","previousItem":{"@type":"ListItem","@id":"https:\/\/monatglobal.com\/fr#listItem","name":"Home"}}]},{"@type":"Organization","@id":"https:\/\/monatglobal.com\/fr\/#organization","name":"MONAT France","description":"We Are Modern Nature\u2122","url":"https:\/\/monatglobal.com\/fr\/"},{"@type":"WebPage","@id":"https:\/\/monatglobal.com\/fr\/renew-conditioner\/#webpage","url":"https:\/\/monatglobal.com\/fr\/renew-conditioner\/","name":"Renew Apr\u00e8s-shampooing | MONAT Produits pour cheveux secs","description":"Renew est un apr\u00e8s-shampoing qui aide \u00e0 restaurer l\u2019hydratation essentielle afin de revitaliser les cheveux. Parfait pour les cheveux moyens \u00e0 \u00e9pais.","inLanguage":"en-US","isPartOf":{"@id":"https:\/\/monatglobal.com\/fr\/#website"},"breadcrumb":{"@id":"https:\/\/monatglobal.com\/fr\/renew-conditioner\/#breadcrumblist"},"image":{"@type":"ImageObject","url":"https:\/\/monatglobal.com\/fr\/wp-content\/uploads\/sites\/19\/2024\/05\/renew-conditioner-ecomm-min.png","@id":"https:\/\/monatglobal.com\/fr\/renew-conditioner\/#mainImage","width":641,"height":800},"primaryImageOfPage":{"@id":"https:\/\/monatglobal.com\/fr\/renew-conditioner\/#mainImage"},"datePublished":"2024-05-27T04:12:39+01:00","dateModified":"2026-02-13T21:42:07+00:00"},{"@type":"WebSite","@id":"https:\/\/monatglobal.com\/fr\/#website","url":"https:\/\/monatglobal.com\/fr\/","name":"MONAT France","description":"We Are Modern Nature\u2122","inLanguage":"en-US","publisher":{"@id":"https:\/\/monatglobal.com\/fr\/#organization"}}]},"og:locale":"en_US","og:site_name":"MONAT France - We Are Modern Nature\u2122","og:type":"article","og:title":"Renew Apr\u00e8s-shampooing | MONAT Produits pour cheveux secs","og:description":"Renew est un apr\u00e8s-shampoing qui aide \u00e0 restaurer l\u2019hydratation essentielle afin de revitaliser les cheveux. Parfait pour les cheveux moyens \u00e0 \u00e9pais.","og:url":"https:\/\/monatglobal.com\/fr\/renew-conditioner\/","article:published_time":"2024-05-27T03:12:39+00:00","article:modified_time":"2026-02-13T21:42:07+00:00","twitter:card":"summary_large_image","twitter:title":"Renew Apr\u00e8s-shampooing | MONAT Produits pour cheveux secs","twitter:description":"Renew est un apr\u00e8s-shampoing qui aide \u00e0 restaurer l\u2019hydratation essentielle afin de revitaliser les cheveux. Parfait pour les cheveux moyens \u00e0 \u00e9pais."},"aioseo_meta_data":{"post_id":"84300","title":"Renew Apr\u00e8s-shampooing | MONAT Produits pour cheveux secs","description":"Renew est un apr\u00e8s-shampoing qui aide \u00e0 restaurer l\u2019hydratation essentielle afin de revitaliser les cheveux. Parfait pour les cheveux moyens \u00e0 \u00e9pais.","keywords":null,"keyphrases":{"focus":{"keyphrase":"","score":0,"analysis":{"keyphraseInTitle":{"score":0,"maxScore":9,"error":1}}},"additional":[]},"primary_term":null,"canonical_url":null,"og_title":null,"og_description":null,"og_object_type":"default","og_image_type":"default","og_image_url":null,"og_image_width":null,"og_image_height":null,"og_image_custom_url":null,"og_image_custom_fields":null,"og_video":"","og_custom_url":null,"og_article_section":null,"og_article_tags":null,"twitter_use_og":false,"twitter_card":"default","twitter_image_type":"default","twitter_image_url":null,"twitter_image_custom_url":null,"twitter_image_custom_fields":null,"twitter_title":null,"twitter_description":null,"schema":{"blockGraphs":[],"customGraphs":[],"default":{"data":{"Article":[],"Course":[],"Dataset":[],"FAQPage":[],"Movie":[],"Person":[],"Product":[],"ProductReview":[],"Car":[],"Recipe":[],"Service":[],"SoftwareApplication":[],"WebPage":[]},"graphName":"WebPage","isEnabled":true},"graphs":[]},"schema_type":"default","schema_type_options":null,"pillar_content":false,"robots_default":true,"robots_noindex":false,"robots_noarchive":false,"robots_nosnippet":false,"robots_nofollow":false,"robots_noimageindex":false,"robots_noodp":false,"robots_notranslate":false,"robots_max_snippet":"-1","robots_max_videopreview":"-1","robots_max_imagepreview":"large","priority":null,"frequency":"default","local_seo":null,"seo_analyzer_scan_date":"2026-02-13 21:57:28","breadcrumb_settings":null,"limit_modified_date":false,"reviewed_by":"0","open_ai":"{\"title\":{\"suggestions\":[],\"usage\":0},\"description\":{\"suggestions\":[],\"usage\":0}}","ai":{"faqs":[],"keyPoints":[],"titles":[],"descriptions":[],"socialPosts":{"email":[],"linkedin":[],"twitter":[],"facebook":[],"instagram":[]}},"created":"2024-04-15 17:01:11","updated":"2026-02-13 21:57:28"},"aioseo_breadcrumb":"<div class=\"aioseo-breadcrumbs\"><span class=\"aioseo-breadcrumb\">\n\t<a href=\"https:\/\/monatglobal.com\/fr\" title=\"Home\">Home<\/a>\n<\/span><span class=\"aioseo-breadcrumb-separator\">&raquo;<\/span><span class=\"aioseo-breadcrumb\">\n\tRenew Apr\u00e8s-shampooing | MONAT Produits pour cheveux secs\n<\/span><\/div>","aioseo_breadcrumb_json":[{"label":"Home","link":"https:\/\/monatglobal.com\/fr"},{"label":"Renew Apr\u00e8s-shampooing | MONAT Produits pour cheveux secs","link":"https:\/\/monatglobal.com\/fr\/renew-conditioner\/"}],"_links":{"self":[{"href":"https:\/\/monatglobal.com\/fr\/wp-json\/wp\/v2\/pages\/84300","targetHints":{"allow":["GET"]}}],"collection":[{"href":"https:\/\/monatglobal.com\/fr\/wp-json\/wp\/v2\/pages"}],"about":[{"href":"https:\/\/monatglobal.com\/fr\/wp-json\/wp\/v2\/types\/page"}],"author":[{"embeddable":true,"href":"https:\/\/monatglobal.com\/fr\/wp-json\/wp\/v2\/users\/47"}],"replies":[{"embeddable":true,"href":"https:\/\/monatglobal.com\/fr\/wp-json\/wp\/v2\/comments?post=84300"}],"version-history":[{"count":27,"href":"https:\/\/monatglobal.com\/fr\/wp-json\/wp\/v2\/pages\/84300\/revisions"}],"predecessor-version":[{"id":109348,"href":"https:\/\/monatglobal.com\/fr\/wp-json\/wp\/v2\/pages\/84300\/revisions\/109348"}],"wp:featuredmedia":[{"embeddable":true,"href":"https:\/\/monatglobal.com\/fr\/wp-json\/wp\/v2\/media\/84407"}],"wp:attachment":[{"href":"https:\/\/monatglobal.com\/fr\/wp-json\/wp\/v2\/media?parent=84300"}],"wp:term":[{"taxonomy":"category","embeddable":true,"href":"https:\/\/monatglobal.com\/fr\/wp-json\/wp\/v2\/categories?post=84300"},{"taxonomy":"post_tag","embeddable":true,"href":"https:\/\/monatglobal.com\/fr\/wp-json\/wp\/v2\/tags?post=84300"}],"curies":[{"name":"wp","href":"https:\/\/api.w.org\/{rel}","templated":true}]}}