{"id":84234,"date":"2024-03-08T16:22:17","date_gmt":"2024-03-08T16:22:17","guid":{"rendered":"https:\/\/monatglobal.com\/fr\/?page_id=84234"},"modified":"2024-03-11T17:19:01","modified_gmt":"2024-03-11T17:19:01","slug":"before-and-after-submit","status":"publish","type":"page","link":"https:\/\/monatglobal.com\/fr\/before-and-after-submit\/","title":{"rendered":"Before And After"},"content":{"rendered":"\n\n         <h1>Avant et apr\u00e8s<\/h1>\n         <h2>PARTAGEZ VOTRE <br \/>\n         PHOTOS<br \/> AVANT ET APR\u00c8S\n<\/h2>\n               <p>Avant d&#8217;utiliser <br \/>Soin D\u00e9m\u00e9lant<\/p>\n               Apr\u00e8s une utilisation de<br \/> Soin D\u00e9m\u00e9lant\n               <h2>Merci de partager vos photos avant et apr\u00e8s avec nous&nbsp;!<\/h2>\n               Si nous avons d\u00e9j\u00e0 publi\u00e9 l&#8217;une de vos photos &#8220;avant et apr\u00e8s&#8221;, veuillez ne pas soumettre \u00e0 nouveau les m\u00eames photos. Nous aimerions voir quelque chose de nouveau&nbsp;!\n                       <p>* Remarque : si vous \u00eates un styliste et que vous souhaitez soumettre plusieurs photos avant et apr\u00e8s, veuillez envoyer un courrier \u00e9lectronique \u00e0 <a href=\"mailto:marketing@monatglobal.com\">marketing@monatglobal.com<\/a>.<\/p>\n            <hr id=\"Guidelines\"\/>\n         <h3>Conseils pour des photos r\u00e9ussies&nbsp;:<\/h3>\n         <p>Lorsque vous prenez et envoyez vos photos avant et apr\u00e8s, veuillez suivre les directives suivantes pour l&#8217;envoi de photos&nbsp;:<\/p>\n               <h2>Sp\u00e9cifications pour les produits de soins capillaires MONAT&nbsp;:<\/h2>\n                    <p>\/ Toutes les soumissions doivent \u00eatre des r\u00e9sultats et des photos&nbsp;authentiques.<\/p>\n                    <p>\/ S&#8217;assurer que les photos sont de haute qualit\u00e9, avec un bon \u00e9clairage et un arri\u00e8re-plan minimal\/nettoy\u00e9.<\/p>\n                    <p>\/ Pour la photo &#8220;Avant&#8221;, assurez-vous que vos cheveux sont exempts de tout produit capillaire. La photo &#8220;Apr\u00e8s&#8221; doit UNIQUEMENT contenir et\/ou \u00eatre le r\u00e9sultat des produits&nbsp;MONAT.<\/p>\n                    <p>\/ Indiquez la dur\u00e9e d&#8217;utilisation (exemple d&#8217;\u00e9tiquette de dur\u00e9e d&#8217;utilisation : La photo avant doit indiquer &#8220;Jour 1 de l&#8217;utilisation de [Nom du produit]&#8221;, et la photo apr\u00e8s doit indiquer &#8220;Jour 30 de l&#8217;utilisation de [Nom du&nbsp;produit]&#8221;).<\/p>\n                    <p>\/ Dites-nous \u00e0 quelle fr\u00e9quence et pendant combien de temps vous avez utilis\u00e9 le produit&nbsp;MONAT.<\/p>\n                    <p>\/ Indiquez le nom des produits MONAT utilis\u00e9s.<\/p>\n                    <a href=\"\/fr?page_id=84234#form\">T\u00c9L\u00c9CHARGER DES IMAGES<\/a>\n               <h2>Sp\u00e9cifications pour les produits de soins de la peau MONAT&nbsp;:<\/h2>\n                  <p>\/ Toutes les soumissions doivent \u00eatre des r\u00e9sultats et des photos&nbsp;authentiques.<\/p>\n                  <p>\/ S&#8217;assurer que les photos sont de haute qualit\u00e9, avec un bon \u00e9clairage et un arri\u00e8re-plan minimal\/nettoy\u00e9.<\/p>\n                  <p>\/ Pour les photos avant et apr\u00e8s mettant en valeur les produits de soins de la peau, le maquillage peut \u00eatre port\u00e9 \u00e0 condition qu&#8217;il n&#8217;alt\u00e8re pas l&#8217;impact des r\u00e9sultats. La photo &#8220;Apr\u00e8s&#8221; doit UNIQUEMENT \u00eatre le r\u00e9sultat des produits&nbsp;MONAT.<\/p>\n                  <p>\/ Les cheveux doivent \u00eatre tir\u00e9s loin du visage.<\/p>\n                  <p>\/ Indiquez la dur\u00e9e d&#8217;utilisation (exemple d&#8217;\u00e9tiquette de dur\u00e9e d&#8217;utilisation : La photo avant doit indiquer &#8220;Jour 1 de l&#8217;utilisation de [Nom du produit]&#8221;, et la photo apr\u00e8s doit indiquer &#8220;Jour 30 de l&#8217;utilisation de [Nom du&nbsp;produit]&#8221;).<\/p>\n                  <p>\/ Dites-nous \u00e0 quelle fr\u00e9quence et pendant combien de temps vous avez utilis\u00e9 le produit&nbsp;MONAT.<\/p>\n                  <p>\/ Indiquez le nom des produits MONAT&nbsp;utilis\u00e9s.<\/p>\n                    <a href=\"\/fr?page_id=84234#form\">T\u00c9L\u00c9CHARGER DES IMAGES<\/a>\n         <h3>Autres sp\u00e9cifications requises&nbsp;:<\/h3>\n                <p>\/ Toutes les soumissions de photos doivent \u00eatre soutenues et coh\u00e9rentes avec les revendications des produits&nbsp;MONAT.<\/p>\n                <p>\/ Utilisez le m\u00eame \u00e9clairage, le m\u00eame angle de prise de vue (de pr\u00e9f\u00e9rence de face), la m\u00eame pose et un arri\u00e8re-plan neutre\/solide pour toutes les&nbsp;photos.<\/p>\n                <p>\/ Les retouches, les \u00e9ditions de photos et les filtres ne sont pas&nbsp;autoris\u00e9s.<\/p>\n                <p>\/ Vous pouvez utiliser du maquillage pour les avant et apr\u00e8s des produits de soins capillaires MONAT SEULEMENT. Le maquillage et\/ou les couleurs et textures DOIVENT \u00eatre les m\u00eames sur les deux&nbsp;photos.<\/p>\n               <p>\/ Les photos doivent \u00eatre en haute r\u00e9solution (au moins 300 dpi ou plus). Utilisez le r\u00e9glage haute d\u00e9finition de votre appareil photo\/t\u00e9l\u00e9phone.<\/p>\n               <p>\/ Les photos doivent \u00eatre de vous et vous devez pouvoir reconna\u00eetre la m\u00eame personne sur chaque&nbsp;photo.<\/p>\n                <p>\/ Incluez la date \u00e0 laquelle les photos ont \u00e9t\u00e9 prises et notez la dur\u00e9e entre la photo avant et la photo&nbsp;apr\u00e8s.<\/p>\n                <p>\/ Si vous faites appel \u00e0 un photographe, assurez-vous d&#8217;avoir la permission du photographe d&#8217;utiliser les photos pour les publier sur les sites web de MONAT, les m\u00e9dias sociaux ou d&#8217;autres mat\u00e9riels&nbsp;promotionnels.<\/p>\n                <p>\/ Conservez des copies sign\u00e9es et dat\u00e9es de vos photos avant et apr\u00e8s, de vos t\u00e9moignages et de vos&nbsp;justificatifs.<\/p>\n                <p>\/ Veuillez inclure vos coordonn\u00e9es, y compris l&#8217;ID du Partenaire de March\u00e9 de MONAT, votre nom complet, votre adresse, votre num\u00e9ro de t\u00e9l\u00e9phone et votre adresse&nbsp;\u00e9lectronique.<\/p>\n\t<strong>AVERTISSEMENT:  <\/strong>\nLes r\u00e9sultats ne sont pas les m\u00eames pour tout le monde. Les r\u00e9sultats peuvent varier en fonction de facteurs individuels tels que l&#8217;\u00e2ge, les produits utilis\u00e9s, le sexe, la sant\u00e9, le r\u00e9gime alimentaire et le mode de vie. Toutes les photos soumises deviennent la propri\u00e9t\u00e9 de MONAT. MONAT sera libre d&#8217;utiliser de telles photos dans son mat\u00e9riel de marketing, sur n&#8217;importe quel m\u00e9dia, y compris les m\u00e9dias sociaux. En soumettant vos photos \u00e0 MONAT, vous confirmez que vous avez l&#8217;\u00e2ge l\u00e9gal et que vous assignez \u00e0 MONAT et \u00e0 toute personne autoris\u00e9e par MONAT le droit absolu et irr\u00e9vocable et la licence d&#8217;utiliser, de reproduire, d&#8217;\u00e9diter, d&#8217;exposer, de projeter, d&#8217;afficher, le droit d&#8217;auteur, et\/ou de publier et de circuler les photos sous toutes les formes et dans tous les m\u00e9dias pour l&#8217;art, la publicit\u00e9, l&#8217;affichage public, les expositions, et\/ou toutes autres fins. Vous confirmez \u00e9galement que vous ne serez pas compens\u00e9 ou que vous ne recevrez pas d&#8217;argent, de prix ou de r\u00e9mun\u00e9ration en \u00e9change de l&#8217;utilisation de vos photos par MONAT. Soumettre une photo ou un t\u00e9moignage ne garantit pas que votre photo ou t\u00e9moignage sera s\u00e9lectionn\u00e9 par MONAT pour une utilisation&nbsp;promotionnelle.\n\n\n","protected":false},"excerpt":{"rendered":"<p>Avant et apr\u00e8s PARTAGEZ VOTRE PHOTOS AVANT ET APR\u00c8S Avant d&#8217;utiliser Soin D\u00e9m\u00e9lant Apr\u00e8s une utilisation de Soin D\u00e9m\u00e9lant Merci de partager vos photos avant et apr\u00e8s avec nous&nbsp;! Si nous avons d\u00e9j\u00e0 publi\u00e9 l&#8217;une de vos photos &#8220;avant et apr\u00e8s&#8221;, veuillez ne pas soumettre \u00e0 nouveau les m\u00eames photos. Nous aimerions voir quelque chose&hellip;<\/p>\n","protected":false},"author":33,"featured_media":0,"parent":0,"menu_order":0,"comment_status":"closed","ping_status":"closed","template":"","meta":{"inline_featured_image":false,"om_disable_all_campaigns":false,"_monsterinsights_skip_tracking":false,"_monsterinsights_sitenote_active":false,"_monsterinsights_sitenote_note":"","_monsterinsights_sitenote_category":0,"footnotes":""},"categories":[],"tags":[],"class_list":["post-84234","page","type-page","status-publish","hentry"],"aioseo_notices":[],"aioseo_head":"\n\t\t<!-- All in One SEO Pro 4.9.6 - aioseo.com -->\n\t<meta name=\"description\" content=\"Avant et apr\u00e8s PARTAGEZ VOTRE PHOTOS AVANT ET APR\u00c8S Avant d&#039;utiliser Soin D\u00e9m\u00e9lant Apr\u00e8s une utilisation de Soin D\u00e9m\u00e9lant Merci de partager vos photos avant et apr\u00e8s avec nous ! Si nous avons d\u00e9j\u00e0 publi\u00e9 l&#039;une de vos photos &quot;avant et apr\u00e8s&quot;, veuillez ne pas soumettre \u00e0 nouveau les m\u00eames photos. Nous aimerions voir quelque chose\" \/>\n\t<meta name=\"robots\" content=\"noindex, nofollow, max-image-preview:large\" \/>\n\t<link rel=\"canonical\" href=\"https:\/\/monatglobal.com\/fr\/before-and-after-submit\/\" \/>\n\t<meta name=\"generator\" content=\"All in One SEO Pro (AIOSEO) 4.9.6\" \/>\n\t\t<meta property=\"og:locale\" content=\"en_US\" \/>\n\t\t<meta property=\"og:site_name\" content=\"MONAT France - We Are Modern Nature\u2122\" \/>\n\t\t<meta property=\"og:type\" content=\"article\" \/>\n\t\t<meta property=\"og:title\" content=\"Before And After - MONAT France\" \/>\n\t\t<meta property=\"og:description\" content=\"Avant et apr\u00e8s PARTAGEZ VOTRE PHOTOS AVANT ET APR\u00c8S Avant d&#039;utiliser Soin D\u00e9m\u00e9lant Apr\u00e8s une utilisation de Soin D\u00e9m\u00e9lant Merci de partager vos photos avant et apr\u00e8s avec nous ! Si nous avons d\u00e9j\u00e0 publi\u00e9 l&#039;une de vos photos &quot;avant et apr\u00e8s&quot;, veuillez ne pas soumettre \u00e0 nouveau les m\u00eames photos. Nous aimerions voir quelque chose\" \/>\n\t\t<meta property=\"og:url\" content=\"https:\/\/monatglobal.com\/fr\/before-and-after-submit\/\" \/>\n\t\t<meta property=\"article:published_time\" content=\"2024-03-08T16:22:17+00:00\" \/>\n\t\t<meta property=\"article:modified_time\" content=\"2024-03-11T17:19:01+00:00\" \/>\n\t\t<meta name=\"twitter:card\" content=\"summary_large_image\" \/>\n\t\t<meta name=\"twitter:title\" content=\"Before And After - MONAT France\" \/>\n\t\t<meta name=\"twitter:description\" content=\"Avant et apr\u00e8s PARTAGEZ VOTRE PHOTOS AVANT ET APR\u00c8S Avant d&#039;utiliser Soin D\u00e9m\u00e9lant Apr\u00e8s une utilisation de Soin D\u00e9m\u00e9lant Merci de partager vos photos avant et apr\u00e8s avec nous ! Si nous avons d\u00e9j\u00e0 publi\u00e9 l&#039;une de vos photos &quot;avant et apr\u00e8s&quot;, veuillez ne pas soumettre \u00e0 nouveau les m\u00eames photos. Nous aimerions voir quelque chose\" \/>\n\t\t<script type=\"application\/ld+json\" class=\"aioseo-schema\">\n\t\t\t{\"@context\":\"https:\\\/\\\/schema.org\",\"@graph\":[{\"@type\":\"BreadcrumbList\",\"@id\":\"https:\\\/\\\/monatglobal.com\\\/fr\\\/before-and-after-submit\\\/#breadcrumblist\",\"itemListElement\":[{\"@type\":\"ListItem\",\"@id\":\"https:\\\/\\\/monatglobal.com\\\/fr#listItem\",\"position\":1,\"name\":\"Home\",\"item\":\"https:\\\/\\\/monatglobal.com\\\/fr\",\"nextItem\":{\"@type\":\"ListItem\",\"@id\":\"https:\\\/\\\/monatglobal.com\\\/fr\\\/before-and-after-submit\\\/#listItem\",\"name\":\"Before And After\"}},{\"@type\":\"ListItem\",\"@id\":\"https:\\\/\\\/monatglobal.com\\\/fr\\\/before-and-after-submit\\\/#listItem\",\"position\":2,\"name\":\"Before And After\",\"previousItem\":{\"@type\":\"ListItem\",\"@id\":\"https:\\\/\\\/monatglobal.com\\\/fr#listItem\",\"name\":\"Home\"}}]},{\"@type\":\"Organization\",\"@id\":\"https:\\\/\\\/monatglobal.com\\\/fr\\\/#organization\",\"name\":\"MONAT France\",\"description\":\"We Are Modern Nature\\u2122\",\"url\":\"https:\\\/\\\/monatglobal.com\\\/fr\\\/\"},{\"@type\":\"WebPage\",\"@id\":\"https:\\\/\\\/monatglobal.com\\\/fr\\\/before-and-after-submit\\\/#webpage\",\"url\":\"https:\\\/\\\/monatglobal.com\\\/fr\\\/before-and-after-submit\\\/\",\"name\":\"Before And After - MONAT France\",\"description\":\"Avant et apr\\u00e8s PARTAGEZ VOTRE PHOTOS AVANT ET APR\\u00c8S Avant d'utiliser Soin D\\u00e9m\\u00e9lant Apr\\u00e8s une utilisation de Soin D\\u00e9m\\u00e9lant Merci de partager vos photos avant et apr\\u00e8s avec nous ! Si nous avons d\\u00e9j\\u00e0 publi\\u00e9 l'une de vos photos \\\"avant et apr\\u00e8s\\\", veuillez ne pas soumettre \\u00e0 nouveau les m\\u00eames photos. Nous aimerions voir quelque chose\",\"inLanguage\":\"en-US\",\"isPartOf\":{\"@id\":\"https:\\\/\\\/monatglobal.com\\\/fr\\\/#website\"},\"breadcrumb\":{\"@id\":\"https:\\\/\\\/monatglobal.com\\\/fr\\\/before-and-after-submit\\\/#breadcrumblist\"},\"datePublished\":\"2024-03-08T16:22:17+00:00\",\"dateModified\":\"2024-03-11T17:19:01+00:00\"},{\"@type\":\"WebSite\",\"@id\":\"https:\\\/\\\/monatglobal.com\\\/fr\\\/#website\",\"url\":\"https:\\\/\\\/monatglobal.com\\\/fr\\\/\",\"name\":\"MONAT France\",\"description\":\"We Are Modern Nature\\u2122\",\"inLanguage\":\"en-US\",\"publisher\":{\"@id\":\"https:\\\/\\\/monatglobal.com\\\/fr\\\/#organization\"}}]}\n\t\t<\/script>\n\t\t<!-- All in One SEO Pro -->\r\n\t\t<title>Before And After - MONAT France<\/title>\n\n","aioseo_head_json":{"title":"Before And After - MONAT France","description":"Avant et apr\u00e8s PARTAGEZ VOTRE PHOTOS AVANT ET APR\u00c8S Avant d'utiliser Soin D\u00e9m\u00e9lant Apr\u00e8s une utilisation de Soin D\u00e9m\u00e9lant Merci de partager vos photos avant et apr\u00e8s avec nous ! Si nous avons d\u00e9j\u00e0 publi\u00e9 l'une de vos photos \"avant et apr\u00e8s\", veuillez ne pas soumettre \u00e0 nouveau les m\u00eames photos. Nous aimerions voir quelque chose","canonical_url":"https:\/\/monatglobal.com\/fr\/before-and-after-submit\/","robots":"noindex, nofollow, max-image-preview:large","keywords":"","webmasterTools":{"miscellaneous":""},"schema":{"@context":"https:\/\/schema.org","@graph":[{"@type":"BreadcrumbList","@id":"https:\/\/monatglobal.com\/fr\/before-and-after-submit\/#breadcrumblist","itemListElement":[{"@type":"ListItem","@id":"https:\/\/monatglobal.com\/fr#listItem","position":1,"name":"Home","item":"https:\/\/monatglobal.com\/fr","nextItem":{"@type":"ListItem","@id":"https:\/\/monatglobal.com\/fr\/before-and-after-submit\/#listItem","name":"Before And After"}},{"@type":"ListItem","@id":"https:\/\/monatglobal.com\/fr\/before-and-after-submit\/#listItem","position":2,"name":"Before And After","previousItem":{"@type":"ListItem","@id":"https:\/\/monatglobal.com\/fr#listItem","name":"Home"}}]},{"@type":"Organization","@id":"https:\/\/monatglobal.com\/fr\/#organization","name":"MONAT France","description":"We Are Modern Nature\u2122","url":"https:\/\/monatglobal.com\/fr\/"},{"@type":"WebPage","@id":"https:\/\/monatglobal.com\/fr\/before-and-after-submit\/#webpage","url":"https:\/\/monatglobal.com\/fr\/before-and-after-submit\/","name":"Before And After - MONAT France","description":"Avant et apr\u00e8s PARTAGEZ VOTRE PHOTOS AVANT ET APR\u00c8S Avant d'utiliser Soin D\u00e9m\u00e9lant Apr\u00e8s une utilisation de Soin D\u00e9m\u00e9lant Merci de partager vos photos avant et apr\u00e8s avec nous ! Si nous avons d\u00e9j\u00e0 publi\u00e9 l'une de vos photos \"avant et apr\u00e8s\", veuillez ne pas soumettre \u00e0 nouveau les m\u00eames photos. Nous aimerions voir quelque chose","inLanguage":"en-US","isPartOf":{"@id":"https:\/\/monatglobal.com\/fr\/#website"},"breadcrumb":{"@id":"https:\/\/monatglobal.com\/fr\/before-and-after-submit\/#breadcrumblist"},"datePublished":"2024-03-08T16:22:17+00:00","dateModified":"2024-03-11T17:19:01+00:00"},{"@type":"WebSite","@id":"https:\/\/monatglobal.com\/fr\/#website","url":"https:\/\/monatglobal.com\/fr\/","name":"MONAT France","description":"We Are Modern Nature\u2122","inLanguage":"en-US","publisher":{"@id":"https:\/\/monatglobal.com\/fr\/#organization"}}]},"og:locale":"en_US","og:site_name":"MONAT France - We Are Modern Nature\u2122","og:type":"article","og:title":"Before And After - MONAT France","og:description":"Avant et apr\u00e8s PARTAGEZ VOTRE PHOTOS AVANT ET APR\u00c8S Avant d'utiliser Soin D\u00e9m\u00e9lant Apr\u00e8s une utilisation de Soin D\u00e9m\u00e9lant Merci de partager vos photos avant et apr\u00e8s avec nous ! Si nous avons d\u00e9j\u00e0 publi\u00e9 l'une de vos photos &quot;avant et apr\u00e8s&quot;, veuillez ne pas soumettre \u00e0 nouveau les m\u00eames photos. Nous aimerions voir quelque chose","og:url":"https:\/\/monatglobal.com\/fr\/before-and-after-submit\/","article:published_time":"2024-03-08T16:22:17+00:00","article:modified_time":"2024-03-11T17:19:01+00:00","twitter:card":"summary_large_image","twitter:title":"Before And After - MONAT France","twitter:description":"Avant et apr\u00e8s PARTAGEZ VOTRE PHOTOS AVANT ET APR\u00c8S Avant d'utiliser Soin D\u00e9m\u00e9lant Apr\u00e8s une utilisation de Soin D\u00e9m\u00e9lant Merci de partager vos photos avant et apr\u00e8s avec nous ! Si nous avons d\u00e9j\u00e0 publi\u00e9 l'une de vos photos &quot;avant et apr\u00e8s&quot;, veuillez ne pas soumettre \u00e0 nouveau les m\u00eames photos. Nous aimerions voir quelque chose"},"aioseo_meta_data":{"post_id":"84234","title":null,"description":null,"keywords":[],"keyphrases":{"focus":{"keyphrase":"","score":0,"analysis":{"keyphraseInTitle":{"score":0,"maxScore":9,"error":1}}},"additional":[]},"primary_term":null,"canonical_url":null,"og_title":null,"og_description":null,"og_object_type":"default","og_image_type":"default","og_image_url":null,"og_image_width":null,"og_image_height":null,"og_image_custom_url":null,"og_image_custom_fields":null,"og_video":"","og_custom_url":null,"og_article_section":null,"og_article_tags":[],"twitter_use_og":false,"twitter_card":"default","twitter_image_type":"default","twitter_image_url":null,"twitter_image_custom_url":null,"twitter_image_custom_fields":null,"twitter_title":null,"twitter_description":null,"schema":{"blockGraphs":[],"customGraphs":[],"default":{"data":{"Article":[],"Course":[],"Dataset":[],"FAQPage":[],"Movie":[],"Person":[],"Product":[],"ProductReview":[],"Car":[],"Recipe":[],"Service":[],"SoftwareApplication":[],"WebPage":[]},"graphName":"WebPage","isEnabled":true},"graphs":[]},"schema_type":"default","schema_type_options":null,"pillar_content":false,"robots_default":true,"robots_noindex":false,"robots_noarchive":false,"robots_nosnippet":false,"robots_nofollow":false,"robots_noimageindex":false,"robots_noodp":false,"robots_notranslate":false,"robots_max_snippet":"-1","robots_max_videopreview":"-1","robots_max_imagepreview":"large","priority":null,"frequency":"default","local_seo":null,"seo_analyzer_scan_date":"2026-02-10 19:06:17","breadcrumb_settings":null,"limit_modified_date":false,"reviewed_by":null,"open_ai":"{\"title\":{\"suggestions\":[],\"usage\":0},\"description\":{\"suggestions\":[],\"usage\":0}}","ai":null,"created":"2024-03-08 16:22:17","updated":"2026-02-10 19:06:17"},"aioseo_breadcrumb":"<div class=\"aioseo-breadcrumbs\"><span class=\"aioseo-breadcrumb\">\n\t<a href=\"https:\/\/monatglobal.com\/fr\" title=\"Home\">Home<\/a>\n<\/span><span class=\"aioseo-breadcrumb-separator\">&raquo;<\/span><span class=\"aioseo-breadcrumb\">\n\tBefore And After\n<\/span><\/div>","aioseo_breadcrumb_json":[{"label":"Home","link":"https:\/\/monatglobal.com\/fr"},{"label":"Before And After","link":"https:\/\/monatglobal.com\/fr\/before-and-after-submit\/"}],"_links":{"self":[{"href":"https:\/\/monatglobal.com\/fr\/wp-json\/wp\/v2\/pages\/84234","targetHints":{"allow":["GET"]}}],"collection":[{"href":"https:\/\/monatglobal.com\/fr\/wp-json\/wp\/v2\/pages"}],"about":[{"href":"https:\/\/monatglobal.com\/fr\/wp-json\/wp\/v2\/types\/page"}],"author":[{"embeddable":true,"href":"https:\/\/monatglobal.com\/fr\/wp-json\/wp\/v2\/users\/33"}],"replies":[{"embeddable":true,"href":"https:\/\/monatglobal.com\/fr\/wp-json\/wp\/v2\/comments?post=84234"}],"version-history":[{"count":5,"href":"https:\/\/monatglobal.com\/fr\/wp-json\/wp\/v2\/pages\/84234\/revisions"}],"predecessor-version":[{"id":84247,"href":"https:\/\/monatglobal.com\/fr\/wp-json\/wp\/v2\/pages\/84234\/revisions\/84247"}],"wp:attachment":[{"href":"https:\/\/monatglobal.com\/fr\/wp-json\/wp\/v2\/media?parent=84234"}],"wp:term":[{"taxonomy":"category","embeddable":true,"href":"https:\/\/monatglobal.com\/fr\/wp-json\/wp\/v2\/categories?post=84234"},{"taxonomy":"post_tag","embeddable":true,"href":"https:\/\/monatglobal.com\/fr\/wp-json\/wp\/v2\/tags?post=84234"}],"curies":[{"name":"wp","href":"https:\/\/api.w.org\/{rel}","templated":true}]}}