{"id":84218,"date":"2024-03-05T15:11:56","date_gmt":"2024-03-05T15:11:56","guid":{"rendered":"https:\/\/monatglobal.com\/fr\/?page_id=84218"},"modified":"2024-03-11T17:16:46","modified_gmt":"2024-03-11T17:16:46","slug":"before-and-after","status":"publish","type":"page","link":"https:\/\/monatglobal.com\/fr\/before-and-after\/","title":{"rendered":"R\u00e9sultats avant et apr\u00e8s"},"content":{"rendered":"\n<style>\n    .col_3 { grid-template-columns: repeat(3, 1fr); }\n    @media screen and (min-width: 1300px) { .big_col_4 { grid-template-columns: repeat(4, 1fr); } }\n    @media screen and (max-width: 992px) { .med_col_2 { grid-template-columns: repeat(2, 1fr); } }\n    @media screen and (max-width: 700px) { .small_col_1 { grid-template-columns: repeat(1, 1fr); } }\n<\/style>\n    <h1>Avant et apr\u00e8s<\/h1>\n        <h2>APR\u00c8S une utilisation de <br>SOIN D\u00c9M\u00c9LANT<\/h2>\n            <h2>AVANT d&#8217;utiliser <br>SOIN D\u00c9M\u00c9LANT<\/h2>\n    <input id=\"divisorSlider\" type=\"range\" min=\"0\" max=\"100\" value=\"50\">\n    <h2>Partagez vos photos Avant et apr\u00e8s<\/h2>\n    <a href=\"\/fr?page_id=84234#form\">T\u00e9l\u00e9chargez vos photos<\/a>\n    <h3>ou tagguez-nous sur les m\u00e9dias sociaux<br>@monat.franceofficial<\/h3>\n    <h2>CHEVEUX<\/h2>\n        <!--==============tara==============-->\n            <a href=\"https:\/\/www.instagram.com\/p\/COvoTHoFgNd\/\" target=\"_blank\" rel=\"noopener\">\n                        <img decoding=\"async\" src=\"https:\/\/monatglobal.com\/wp-content\/uploads\/2024\/01\/375737178_1346701369293098_5038725691223365423_n.jpg\">\n                        <p>tara_bohm<\/p>\n                    <img decoding=\"async\" src=\"https:\/\/monatglobal.com\/wp-content\/uploads\/2024\/01\/link-icon.svg\">\n                    <p>AVANT<\/p>\n                    <img decoding=\"async\" src=\"https:\/\/monatglobal.com\/wp-content\/uploads\/2024\/01\/Tara-bohm-before-and-after-min.jpg\">  \n                    <p>APR\u00c8S<\/p>\n            <\/a>\n            <!--<a href=\"https:\/\/monatglobal.com\/rejuvabeads\/\" target=\"_blank\" rel=\"noopener\">-->\n            <!--    <p>REJUVABEADS\u00ae BY MONAT<\/p>-->\n            <!--    <img decoding=\"async\" src=\"https:\/\/monatglobal.com\/wp-content\/uploads\/2021\/07\/REJUVABEADS\u00ae-BY-MONAT.png\"\/>-->\n            <!--    <img decoding=\"async\" src=\"https:\/\/monatglobal.com\/wp-content\/uploads\/2024\/01\/link-arrow-icon.svg\" id=\"imgHover_card\"\/>-->\n            <!--<\/a>-->\n          <!--==============tara==============-->\n          <!--==============doralizhernaiz==============-->\n            <a href=\"https:\/\/www.instagram.com\/p\/Csreb2wLFHq\/\" target=\"_blank\" rel=\"noopener\">\n                        <img decoding=\"async\" src=\"https:\/\/monatglobal.com\/wp-content\/uploads\/2024\/01\/279778883_112603844641632_8414247593260333201_n.jpg\">\n                        <p>doralizhernaiz<\/p>\n                    <img decoding=\"async\" src=\"https:\/\/monatglobal.com\/wp-content\/uploads\/2024\/01\/link-icon.svg\">\n                    <p>AVANT<\/p>\n                    <img decoding=\"async\" src=\"https:\/\/monatglobal.com\/wp-content\/uploads\/2024\/01\/doraliz-hernaiz-before-and-after-min.jpg\">  \n                    <p>APR\u00c8S<\/p>\n            <\/a>\n            <!--<a href=\"https:\/\/monatglobal.com\/rejuvabeads\/\" target=\"_blank\" rel=\"noopener\">-->\n            <!--    <p>REJUVABEADS\u00ae BY MONAT<\/p>-->\n            <!--    <img decoding=\"async\" src=\"https:\/\/monatglobal.com\/wp-content\/uploads\/2021\/07\/REJUVABEADS\u00ae-BY-MONAT.png\"\/>-->\n            <!--    <img decoding=\"async\" src=\"https:\/\/monatglobal.com\/wp-content\/uploads\/2024\/01\/link-arrow-icon.svg\" id=\"imgHover_card\"\/>-->\n            <!--<\/a>-->\n          <!--==============doralizhernaiz==============-->\n          <!--==============allisonmcglinchey==============-->          \n            <a href=\"https:\/\/www.instagram.com\/p\/CsjnomOuXw9\/\" target=\"_blank\" rel=\"noopener\">\n                        <img decoding=\"async\" src=\"https:\/\/monatglobal.com\/wp-content\/uploads\/2024\/01\/20766893_124458948185883_1810913762824159232_a.jpg\">\n                        <p>allisonmcglinchey<\/p>\n                    <img decoding=\"async\" src=\"https:\/\/monatglobal.com\/wp-content\/uploads\/2024\/01\/link-icon.svg\">\n                    <p>AVANT<\/p>\n                    <img decoding=\"async\" src=\"https:\/\/monatglobal.com\/wp-content\/uploads\/2024\/01\/allison-mcglinchey-before-and-after-min.jpg\">  \n                    <p>APR\u00c8S<\/p>\n            <\/a>\n            <!--<a href=\"https:\/\/monatglobal.com\/rejuvabeads\/\" target=\"_blank\" rel=\"noopener\">-->\n            <!--    <p>REJUVABEADS\u00ae BY MONAT<\/p>-->\n            <!--    <img decoding=\"async\" src=\"https:\/\/monatglobal.com\/wp-content\/uploads\/2021\/07\/REJUVABEADS\u00ae-BY-MONAT.png\"\/>-->\n            <!--    <img decoding=\"async\" src=\"https:\/\/monatglobal.com\/wp-content\/uploads\/2024\/01\/link-arrow-icon.svg\" id=\"imgHover_card\"\/>-->\n            <!--<\/a>-->\n          <!--==============allisonmcglinchey==============--> \n          <!--==============amanda_curlygal_matter==============-->           \n            <a href=\"https:\/\/www.instagram.com\/p\/Cvdi-8QNaty\/\" target=\"_blank\" rel=\"noopener\">\n                        <img decoding=\"async\" src=\"https:\/\/monatglobal.com\/wp-content\/uploads\/2024\/01\/332062261_853171449205849_2345437702183204855_n.jpg\">\n                        <p>amanda_curlygal_matter<\/p>\n                    <img decoding=\"async\" src=\"https:\/\/monatglobal.com\/wp-content\/uploads\/2024\/01\/link-icon.svg\">\n                    <p>AVANT<\/p>\n                    <img decoding=\"async\" src=\"https:\/\/monatglobal.com\/wp-content\/uploads\/2024\/01\/amanda-matter-before-and-after-min.jpg\">  \n                    <p>APR\u00c8S<\/p>\n            <\/a>\n            <!--<a href=\"https:\/\/monatglobal.com\/rejuvabeads\/\" target=\"_blank\" rel=\"noopener\">-->\n            <!--    <p>REJUVABEADS\u00ae BY MONAT<\/p>-->\n            <!--    <img decoding=\"async\" src=\"https:\/\/monatglobal.com\/wp-content\/uploads\/2021\/07\/REJUVABEADS\u00ae-BY-MONAT.png\"\/>-->\n            <!--    <img decoding=\"async\" src=\"https:\/\/monatglobal.com\/wp-content\/uploads\/2024\/01\/link-arrow-icon.svg\" id=\"imgHover_card\"\/>-->\n            <!--<\/a>-->\n          <!--==============amanda_curlygal_matter==============-->\n          <!--==============rachelballenger==============-->          \n            <a href=\"https:\/\/www.instagram.com\/p\/CsjpW6Fp52u\/\" target=\"_blank\" rel=\"noopener\">\n                        <img decoding=\"async\" src=\"https:\/\/monatglobal.com\/wp-content\/uploads\/2024\/01\/336178910_2393122144195411_152357337960698777_n.jpg\">\n                        <p>rachelballenger<\/p>\n                    <img decoding=\"async\" src=\"https:\/\/monatglobal.com\/wp-content\/uploads\/2024\/01\/link-icon.svg\">\n                    <p>AVANT<\/p>\n                    <img decoding=\"async\" src=\"https:\/\/monatglobal.com\/wp-content\/uploads\/2024\/01\/rachelballenger-before-and-after-min.jpg\">  \n                    <p>APR\u00c8S<\/p>\n            <\/a>\n            <!--<a href=\"https:\/\/monatglobal.com\/rejuvabeads\/\" target=\"_blank\" rel=\"noopener\">-->\n            <!--    <p>REJUVABEADS\u00ae BY MONAT<\/p>-->\n            <!--    <img decoding=\"async\" src=\"https:\/\/monatglobal.com\/wp-content\/uploads\/2021\/07\/REJUVABEADS\u00ae-BY-MONAT.png\"\/>-->\n            <!--    <img decoding=\"async\" src=\"https:\/\/monatglobal.com\/wp-content\/uploads\/2024\/01\/link-arrow-icon.svg\" id=\"imgHover_card\"\/>-->\n            <!--<\/a>-->\n          <!--==============rachelballenger==============-->  \n          <!--==============ljviolin==============-->            \n            <a href=\"https:\/\/www.instagram.com\/p\/CsjwzizPRrf\/\" target=\"_blank\" rel=\"noopener\">\n                        <img decoding=\"async\" src=\"https:\/\/monatglobal.com\/wp-content\/uploads\/2024\/01\/361386941_801894124755972_3555321030032721784_n.jpg\">\n                        <p>ljviolin<\/p>\n                    <img decoding=\"async\" src=\"https:\/\/monatglobal.com\/wp-content\/uploads\/2024\/01\/link-icon.svg\">\n                    <p>AVANT<\/p>\n                    <img decoding=\"async\" src=\"https:\/\/monatglobal.com\/wp-content\/uploads\/2024\/01\/Lori-Jean-before-and-after-min.jpg\">  \n                    <p>APR\u00c8S<\/p>\n            <\/a>\n            <!--<a href=\"https:\/\/monatglobal.com\/rejuvabeads\/\" target=\"_blank\" rel=\"noopener\">-->\n            <!--    <p>REJUVABEADS\u00ae BY MONAT<\/p>-->\n            <!--    <img decoding=\"async\" src=\"https:\/\/monatglobal.com\/wp-content\/uploads\/2021\/07\/REJUVABEADS\u00ae-BY-MONAT.png\"\/>-->\n            <!--    <img decoding=\"async\" src=\"https:\/\/monatglobal.com\/wp-content\/uploads\/2024\/01\/link-arrow-icon.svg\" id=\"imgHover_card\"\/>-->\n            <!--<\/a>-->\n          <!--==============ljviolin==============-->  \n    <h2>PEAU<\/h2>\n          <!--==============graceandersonhair==============-->  \n            <a href=\"https:\/\/www.instagram.com\/p\/C1crbE4v4_H\/\" target=\"_blank\" rel=\"noopener\">\n                        <img decoding=\"async\" src=\"https:\/\/monatglobal.com\/wp-content\/uploads\/2024\/01\/346679008_1270189987259777_4094664207512864340_n-1.jpg\">\n                        <p>graceandersonhair<\/p>\n                    <img decoding=\"async\" src=\"https:\/\/monatglobal.com\/wp-content\/uploads\/2024\/01\/link-icon.svg\">\n                    <p>AVANT<\/p>\n                    <img decoding=\"async\" src=\"https:\/\/monatglobal.com\/wp-content\/uploads\/2024\/01\/gracea-nderson-before-and-after-min.jpg\">  \n                    <p>APR\u00c8S<\/p>\n            <\/a>\n                    <a href=\"\/fr?page_id=69540\" target=\"_blank\" rel=\"noopener\">\n                        <p>BE PURIFIED\u2122 CLARIFYING CLEANSER<\/p>\n                        <img decoding=\"async\" src=\"https:\/\/monatglobal.com\/wp-content\/uploads\/2021\/02\/be-pcc.png\">\n                        <img decoding=\"async\" src=\"https:\/\/monatglobal.com\/wp-content\/uploads\/2024\/01\/link-arrow-icon.svg\" id=\"imgHover_card\">  \n                    <\/a>\n                    <a href=\"https:\/\/monatglobal.com\/fr\/peel-pads\/\" target=\"_blank\" rel=\"noopener\">\n                        <p>EXFOLIATING PEEL PADS\u2122 DAILY BRIGHTENING PEEL TREATMENT<\/p>\n                        <img decoding=\"async\" src=\"https:\/\/monatglobal.com\/wp-content\/uploads\/2023\/01\/EXFOLIATING-PEEL-PADSBOX_Ecomm-JAN-2023-ecomm_-min_all-prods-min.png\">\n                        <img decoding=\"async\" src=\"https:\/\/monatglobal.com\/wp-content\/uploads\/2024\/01\/link-arrow-icon.svg\" id=\"imgHover_card\">  \n                    <\/a>\n                    <a href=\"\/fr?page_id=64636\" target=\"_blank\" rel=\"noopener\">\n                        <p>C. RADIANCE\u2122 ILLUMINATING SERUM<\/p>\n                        <img decoding=\"async\" src=\"https:\/\/monatglobal.com\/wp-content\/uploads\/2019\/11\/c-radiance.png\">\n                        <img decoding=\"async\" src=\"https:\/\/monatglobal.com\/wp-content\/uploads\/2024\/01\/link-arrow-icon.svg\" id=\"imgHover_card\">  \n                    <\/a>\n                    <a href=\"\/fr?page_id=69536\" target=\"_blank\" rel=\"noopener\">\n                        <p>BOTANIC BAKUCHIOL<\/p>\n                        <img decoding=\"async\" src=\"https:\/\/monatglobal.com\/wp-content\/uploads\/2020\/11\/bbvr.png\">\n                        <img decoding=\"async\" src=\"https:\/\/monatglobal.com\/wp-content\/uploads\/2024\/01\/link-arrow-icon.svg\" id=\"imgHover_card\">  \n                    <\/a>                    \n          <!--==============graceandersonhair==============-->          \n    <h2>Merci de partager vos photos avant et apr\u00e8s avec nous&nbsp;!<\/h2>\n    Si nous avons d\u00e9j\u00e0 publi\u00e9 l&#8217;une de vos photos &#8220;avant et apr\u00e8s&#8221;, veuillez ne pas soumettre \u00e0 nouveau les m\u00eames photos. Nous aimerions voir quelque chose de nouveau&nbsp;!\n    <p>* Remarque : si vous \u00eates un styliste et que vous souhaitez soumettre plusieurs photos avant et apr\u00e8s, veuillez envoyer un courrier \u00e9lectronique \u00e0 <a href=\"mailto:marketing@monatglobal.com\">marketing@monatglobal.com<\/a>.<\/p>\n","protected":false},"excerpt":{"rendered":"<p>Avant et apr\u00e8s APR\u00c8S une utilisation de SOIN D\u00c9M\u00c9LANT AVANT d&#8217;utiliser SOIN D\u00c9M\u00c9LANT Partagez vos photos Avant et apr\u00e8s T\u00e9l\u00e9chargez vos photos ou tagguez-nous sur les m\u00e9dias sociaux@monat.franceofficial CHEVEUX tara_bohm AVANT APR\u00c8S doralizhernaiz AVANT APR\u00c8S allisonmcglinchey AVANT APR\u00c8S amanda_curlygal_matter AVANT APR\u00c8S rachelballenger AVANT APR\u00c8S ljviolin AVANT APR\u00c8S PEAU graceandersonhair AVANT APR\u00c8S BE PURIFIED\u2122 CLARIFYING CLEANSER&hellip;<\/p>\n","protected":false},"author":33,"featured_media":84219,"parent":0,"menu_order":0,"comment_status":"closed","ping_status":"closed","template":"","meta":{"inline_featured_image":false,"om_disable_all_campaigns":false,"_monsterinsights_skip_tracking":false,"_monsterinsights_sitenote_active":false,"_monsterinsights_sitenote_note":"","_monsterinsights_sitenote_category":0,"footnotes":""},"categories":[],"tags":[],"class_list":["post-84218","page","type-page","status-publish","has-post-thumbnail","hentry"],"aioseo_notices":[],"aioseo_head":"\n\t\t<!-- All in One SEO Pro 4.9.6 - aioseo.com -->\n\t<meta name=\"description\" content=\"Avant et apr\u00e8s APR\u00c8S une utilisation de SOIN D\u00c9M\u00c9LANT AVANT d&#039;utiliser SOIN D\u00c9M\u00c9LANT Partagez vos photos Avant et apr\u00e8s T\u00e9l\u00e9chargez vos photos ou tagguez-nous sur les m\u00e9dias sociaux@monat.franceofficial CHEVEUX --&gt; --&gt; --&gt; --&gt; --&gt; --&gt; PEAU graceandersonhair AVANT APR\u00c8S BE PURIFIED\u2122 CLARIFYING CLEANSER EXFOLIATING PEEL PADS\u2122 DAILY BRIGHTENING PEEL TREATMENT C. RADIANCE\u2122 ILLUMINATING SERUM BOTANIC\" \/>\n\t<meta name=\"robots\" content=\"noindex, nofollow, max-image-preview:large\" \/>\n\t<link rel=\"canonical\" href=\"https:\/\/monatglobal.com\/fr\/before-and-after\/\" \/>\n\t<meta name=\"generator\" content=\"All in One SEO Pro (AIOSEO) 4.9.6\" \/>\n\t\t<meta property=\"og:locale\" content=\"en_US\" \/>\n\t\t<meta property=\"og:site_name\" content=\"MONAT France - We Are Modern Nature\u2122\" \/>\n\t\t<meta property=\"og:type\" content=\"article\" \/>\n\t\t<meta property=\"og:title\" content=\"R\u00e9sultats avant et apr\u00e8s - MONAT France\" \/>\n\t\t<meta property=\"og:description\" content=\"Avant et apr\u00e8s APR\u00c8S une utilisation de SOIN D\u00c9M\u00c9LANT AVANT d&#039;utiliser SOIN D\u00c9M\u00c9LANT Partagez vos photos Avant et apr\u00e8s T\u00e9l\u00e9chargez vos photos ou tagguez-nous sur les m\u00e9dias sociaux@monat.franceofficial CHEVEUX --&gt; --&gt; --&gt; --&gt; --&gt; --&gt; PEAU graceandersonhair AVANT APR\u00c8S BE PURIFIED\u2122 CLARIFYING CLEANSER EXFOLIATING PEEL PADS\u2122 DAILY BRIGHTENING PEEL TREATMENT C. RADIANCE\u2122 ILLUMINATING SERUM BOTANIC\" \/>\n\t\t<meta property=\"og:url\" content=\"https:\/\/monatglobal.com\/fr\/before-and-after\/\" \/>\n\t\t<meta property=\"article:published_time\" content=\"2024-03-05T15:11:56+00:00\" \/>\n\t\t<meta property=\"article:modified_time\" content=\"2024-03-11T17:16:46+00:00\" \/>\n\t\t<meta name=\"twitter:card\" content=\"summary_large_image\" \/>\n\t\t<meta name=\"twitter:title\" content=\"R\u00e9sultats avant et apr\u00e8s - MONAT France\" \/>\n\t\t<meta name=\"twitter:description\" content=\"Avant et apr\u00e8s APR\u00c8S une utilisation de SOIN D\u00c9M\u00c9LANT AVANT d&#039;utiliser SOIN D\u00c9M\u00c9LANT Partagez vos photos Avant et apr\u00e8s T\u00e9l\u00e9chargez vos photos ou tagguez-nous sur les m\u00e9dias sociaux@monat.franceofficial CHEVEUX --&gt; --&gt; --&gt; --&gt; --&gt; --&gt; PEAU graceandersonhair AVANT APR\u00c8S BE PURIFIED\u2122 CLARIFYING CLEANSER EXFOLIATING PEEL PADS\u2122 DAILY BRIGHTENING PEEL TREATMENT C. RADIANCE\u2122 ILLUMINATING SERUM BOTANIC\" \/>\n\t\t<script type=\"application\/ld+json\" class=\"aioseo-schema\">\n\t\t\t{\"@context\":\"https:\\\/\\\/schema.org\",\"@graph\":[{\"@type\":\"BreadcrumbList\",\"@id\":\"https:\\\/\\\/monatglobal.com\\\/fr\\\/before-and-after\\\/#breadcrumblist\",\"itemListElement\":[{\"@type\":\"ListItem\",\"@id\":\"https:\\\/\\\/monatglobal.com\\\/fr#listItem\",\"position\":1,\"name\":\"Home\",\"item\":\"https:\\\/\\\/monatglobal.com\\\/fr\",\"nextItem\":{\"@type\":\"ListItem\",\"@id\":\"https:\\\/\\\/monatglobal.com\\\/fr\\\/before-and-after\\\/#listItem\",\"name\":\"R\\u00e9sultats avant et apr\\u00e8s\"}},{\"@type\":\"ListItem\",\"@id\":\"https:\\\/\\\/monatglobal.com\\\/fr\\\/before-and-after\\\/#listItem\",\"position\":2,\"name\":\"R\\u00e9sultats avant et apr\\u00e8s\",\"previousItem\":{\"@type\":\"ListItem\",\"@id\":\"https:\\\/\\\/monatglobal.com\\\/fr#listItem\",\"name\":\"Home\"}}]},{\"@type\":\"Organization\",\"@id\":\"https:\\\/\\\/monatglobal.com\\\/fr\\\/#organization\",\"name\":\"MONAT France\",\"description\":\"We Are Modern Nature\\u2122\",\"url\":\"https:\\\/\\\/monatglobal.com\\\/fr\\\/\"},{\"@type\":\"WebPage\",\"@id\":\"https:\\\/\\\/monatglobal.com\\\/fr\\\/before-and-after\\\/#webpage\",\"url\":\"https:\\\/\\\/monatglobal.com\\\/fr\\\/before-and-after\\\/\",\"name\":\"R\\u00e9sultats avant et apr\\u00e8s - MONAT France\",\"description\":\"Avant et apr\\u00e8s APR\\u00c8S une utilisation de SOIN D\\u00c9M\\u00c9LANT AVANT d'utiliser SOIN D\\u00c9M\\u00c9LANT Partagez vos photos Avant et apr\\u00e8s T\\u00e9l\\u00e9chargez vos photos ou tagguez-nous sur les m\\u00e9dias sociaux@monat.franceofficial CHEVEUX --> --> --> --> --> --> PEAU graceandersonhair AVANT APR\\u00c8S BE PURIFIED\\u2122 CLARIFYING CLEANSER EXFOLIATING PEEL PADS\\u2122 DAILY BRIGHTENING PEEL TREATMENT C. RADIANCE\\u2122 ILLUMINATING SERUM BOTANIC\",\"inLanguage\":\"en-US\",\"isPartOf\":{\"@id\":\"https:\\\/\\\/monatglobal.com\\\/fr\\\/#website\"},\"breadcrumb\":{\"@id\":\"https:\\\/\\\/monatglobal.com\\\/fr\\\/before-and-after\\\/#breadcrumblist\"},\"image\":{\"@type\":\"ImageObject\",\"url\":\"https:\\\/\\\/monatglobal.com\\\/fr\\\/wp-content\\\/uploads\\\/sites\\\/19\\\/2024\\\/03\\\/before-and-after-1024x579-1.jpg\",\"@id\":\"https:\\\/\\\/monatglobal.com\\\/fr\\\/before-and-after\\\/#mainImage\",\"width\":1024,\"height\":579},\"primaryImageOfPage\":{\"@id\":\"https:\\\/\\\/monatglobal.com\\\/fr\\\/before-and-after\\\/#mainImage\"},\"datePublished\":\"2024-03-05T15:11:56+00:00\",\"dateModified\":\"2024-03-11T17:16:46+00:00\"},{\"@type\":\"WebSite\",\"@id\":\"https:\\\/\\\/monatglobal.com\\\/fr\\\/#website\",\"url\":\"https:\\\/\\\/monatglobal.com\\\/fr\\\/\",\"name\":\"MONAT France\",\"description\":\"We Are Modern Nature\\u2122\",\"inLanguage\":\"en-US\",\"publisher\":{\"@id\":\"https:\\\/\\\/monatglobal.com\\\/fr\\\/#organization\"}}]}\n\t\t<\/script>\n\t\t<!-- All in One SEO Pro -->\r\n\t\t<title>R\u00e9sultats avant et apr\u00e8s - MONAT France<\/title>\n\n","aioseo_head_json":{"title":"R\u00e9sultats avant et apr\u00e8s - MONAT France","description":"Avant et apr\u00e8s APR\u00c8S une utilisation de SOIN D\u00c9M\u00c9LANT AVANT d'utiliser SOIN D\u00c9M\u00c9LANT Partagez vos photos Avant et apr\u00e8s T\u00e9l\u00e9chargez vos photos ou tagguez-nous sur les m\u00e9dias sociaux@monat.franceofficial CHEVEUX --> --> --> --> --> --> PEAU graceandersonhair AVANT APR\u00c8S BE PURIFIED\u2122 CLARIFYING CLEANSER EXFOLIATING PEEL PADS\u2122 DAILY BRIGHTENING PEEL TREATMENT C. RADIANCE\u2122 ILLUMINATING SERUM BOTANIC","canonical_url":"https:\/\/monatglobal.com\/fr\/before-and-after\/","robots":"noindex, nofollow, max-image-preview:large","keywords":"","webmasterTools":{"miscellaneous":""},"schema":{"@context":"https:\/\/schema.org","@graph":[{"@type":"BreadcrumbList","@id":"https:\/\/monatglobal.com\/fr\/before-and-after\/#breadcrumblist","itemListElement":[{"@type":"ListItem","@id":"https:\/\/monatglobal.com\/fr#listItem","position":1,"name":"Home","item":"https:\/\/monatglobal.com\/fr","nextItem":{"@type":"ListItem","@id":"https:\/\/monatglobal.com\/fr\/before-and-after\/#listItem","name":"R\u00e9sultats avant et apr\u00e8s"}},{"@type":"ListItem","@id":"https:\/\/monatglobal.com\/fr\/before-and-after\/#listItem","position":2,"name":"R\u00e9sultats avant et apr\u00e8s","previousItem":{"@type":"ListItem","@id":"https:\/\/monatglobal.com\/fr#listItem","name":"Home"}}]},{"@type":"Organization","@id":"https:\/\/monatglobal.com\/fr\/#organization","name":"MONAT France","description":"We Are Modern Nature\u2122","url":"https:\/\/monatglobal.com\/fr\/"},{"@type":"WebPage","@id":"https:\/\/monatglobal.com\/fr\/before-and-after\/#webpage","url":"https:\/\/monatglobal.com\/fr\/before-and-after\/","name":"R\u00e9sultats avant et apr\u00e8s - MONAT France","description":"Avant et apr\u00e8s APR\u00c8S une utilisation de SOIN D\u00c9M\u00c9LANT AVANT d'utiliser SOIN D\u00c9M\u00c9LANT Partagez vos photos Avant et apr\u00e8s T\u00e9l\u00e9chargez vos photos ou tagguez-nous sur les m\u00e9dias sociaux@monat.franceofficial CHEVEUX --> --> --> --> --> --> PEAU graceandersonhair AVANT APR\u00c8S BE PURIFIED\u2122 CLARIFYING CLEANSER EXFOLIATING PEEL PADS\u2122 DAILY BRIGHTENING PEEL TREATMENT C. RADIANCE\u2122 ILLUMINATING SERUM BOTANIC","inLanguage":"en-US","isPartOf":{"@id":"https:\/\/monatglobal.com\/fr\/#website"},"breadcrumb":{"@id":"https:\/\/monatglobal.com\/fr\/before-and-after\/#breadcrumblist"},"image":{"@type":"ImageObject","url":"https:\/\/monatglobal.com\/fr\/wp-content\/uploads\/sites\/19\/2024\/03\/before-and-after-1024x579-1.jpg","@id":"https:\/\/monatglobal.com\/fr\/before-and-after\/#mainImage","width":1024,"height":579},"primaryImageOfPage":{"@id":"https:\/\/monatglobal.com\/fr\/before-and-after\/#mainImage"},"datePublished":"2024-03-05T15:11:56+00:00","dateModified":"2024-03-11T17:16:46+00:00"},{"@type":"WebSite","@id":"https:\/\/monatglobal.com\/fr\/#website","url":"https:\/\/monatglobal.com\/fr\/","name":"MONAT France","description":"We Are Modern Nature\u2122","inLanguage":"en-US","publisher":{"@id":"https:\/\/monatglobal.com\/fr\/#organization"}}]},"og:locale":"en_US","og:site_name":"MONAT France - We Are Modern Nature\u2122","og:type":"article","og:title":"R\u00e9sultats avant et apr\u00e8s - MONAT France","og:description":"Avant et apr\u00e8s APR\u00c8S une utilisation de SOIN D\u00c9M\u00c9LANT AVANT d'utiliser SOIN D\u00c9M\u00c9LANT Partagez vos photos Avant et apr\u00e8s T\u00e9l\u00e9chargez vos photos ou tagguez-nous sur les m\u00e9dias sociaux@monat.franceofficial CHEVEUX --&gt; --&gt; --&gt; --&gt; --&gt; --&gt; PEAU graceandersonhair AVANT APR\u00c8S BE PURIFIED\u2122 CLARIFYING CLEANSER EXFOLIATING PEEL PADS\u2122 DAILY BRIGHTENING PEEL TREATMENT C. RADIANCE\u2122 ILLUMINATING SERUM BOTANIC","og:url":"https:\/\/monatglobal.com\/fr\/before-and-after\/","article:published_time":"2024-03-05T15:11:56+00:00","article:modified_time":"2024-03-11T17:16:46+00:00","twitter:card":"summary_large_image","twitter:title":"R\u00e9sultats avant et apr\u00e8s - MONAT France","twitter:description":"Avant et apr\u00e8s APR\u00c8S une utilisation de SOIN D\u00c9M\u00c9LANT AVANT d'utiliser SOIN D\u00c9M\u00c9LANT Partagez vos photos Avant et apr\u00e8s T\u00e9l\u00e9chargez vos photos ou tagguez-nous sur les m\u00e9dias sociaux@monat.franceofficial CHEVEUX --&gt; --&gt; --&gt; --&gt; --&gt; --&gt; PEAU graceandersonhair AVANT APR\u00c8S BE PURIFIED\u2122 CLARIFYING CLEANSER EXFOLIATING PEEL PADS\u2122 DAILY BRIGHTENING PEEL TREATMENT C. RADIANCE\u2122 ILLUMINATING SERUM BOTANIC"},"aioseo_meta_data":{"post_id":"84218","title":null,"description":null,"keywords":[],"keyphrases":{"focus":{"keyphrase":"","score":0,"analysis":{"keyphraseInTitle":{"score":0,"maxScore":9,"error":1}}},"additional":[]},"primary_term":null,"canonical_url":null,"og_title":null,"og_description":null,"og_object_type":"default","og_image_type":"default","og_image_url":null,"og_image_width":null,"og_image_height":null,"og_image_custom_url":null,"og_image_custom_fields":null,"og_video":"","og_custom_url":null,"og_article_section":null,"og_article_tags":[],"twitter_use_og":false,"twitter_card":"default","twitter_image_type":"default","twitter_image_url":null,"twitter_image_custom_url":null,"twitter_image_custom_fields":null,"twitter_title":null,"twitter_description":null,"schema":{"blockGraphs":[],"customGraphs":[],"default":{"data":{"Article":[],"Course":[],"Dataset":[],"FAQPage":[],"Movie":[],"Person":[],"Product":[],"ProductReview":[],"Car":[],"Recipe":[],"Service":[],"SoftwareApplication":[],"WebPage":[]},"graphName":"WebPage","isEnabled":true},"graphs":[]},"schema_type":"default","schema_type_options":null,"pillar_content":false,"robots_default":true,"robots_noindex":false,"robots_noarchive":false,"robots_nosnippet":false,"robots_nofollow":false,"robots_noimageindex":false,"robots_noodp":false,"robots_notranslate":false,"robots_max_snippet":"-1","robots_max_videopreview":"-1","robots_max_imagepreview":"large","priority":null,"frequency":"default","local_seo":null,"seo_analyzer_scan_date":"2026-02-10 19:06:15","breadcrumb_settings":null,"limit_modified_date":false,"reviewed_by":null,"open_ai":"{\"title\":{\"suggestions\":[],\"usage\":0},\"description\":{\"suggestions\":[],\"usage\":0}}","ai":null,"created":"2024-03-05 15:11:57","updated":"2026-02-10 19:06:15"},"aioseo_breadcrumb":"<div class=\"aioseo-breadcrumbs\"><span class=\"aioseo-breadcrumb\">\n\t<a href=\"https:\/\/monatglobal.com\/fr\" title=\"Home\">Home<\/a>\n<\/span><span class=\"aioseo-breadcrumb-separator\">&raquo;<\/span><span class=\"aioseo-breadcrumb\">\n\tR\u00e9sultats avant et apr\u00e8s\n<\/span><\/div>","aioseo_breadcrumb_json":[{"label":"Home","link":"https:\/\/monatglobal.com\/fr"},{"label":"R\u00e9sultats avant et apr\u00e8s","link":"https:\/\/monatglobal.com\/fr\/before-and-after\/"}],"_links":{"self":[{"href":"https:\/\/monatglobal.com\/fr\/wp-json\/wp\/v2\/pages\/84218","targetHints":{"allow":["GET"]}}],"collection":[{"href":"https:\/\/monatglobal.com\/fr\/wp-json\/wp\/v2\/pages"}],"about":[{"href":"https:\/\/monatglobal.com\/fr\/wp-json\/wp\/v2\/types\/page"}],"author":[{"embeddable":true,"href":"https:\/\/monatglobal.com\/fr\/wp-json\/wp\/v2\/users\/33"}],"replies":[{"embeddable":true,"href":"https:\/\/monatglobal.com\/fr\/wp-json\/wp\/v2\/comments?post=84218"}],"version-history":[{"count":6,"href":"https:\/\/monatglobal.com\/fr\/wp-json\/wp\/v2\/pages\/84218\/revisions"}],"predecessor-version":[{"id":84246,"href":"https:\/\/monatglobal.com\/fr\/wp-json\/wp\/v2\/pages\/84218\/revisions\/84246"}],"wp:featuredmedia":[{"embeddable":true,"href":"https:\/\/monatglobal.com\/fr\/wp-json\/wp\/v2\/media\/84219"}],"wp:attachment":[{"href":"https:\/\/monatglobal.com\/fr\/wp-json\/wp\/v2\/media?parent=84218"}],"wp:term":[{"taxonomy":"category","embeddable":true,"href":"https:\/\/monatglobal.com\/fr\/wp-json\/wp\/v2\/categories?post=84218"},{"taxonomy":"post_tag","embeddable":true,"href":"https:\/\/monatglobal.com\/fr\/wp-json\/wp\/v2\/tags?post=84218"}],"curies":[{"name":"wp","href":"https:\/\/api.w.org\/{rel}","templated":true}]}}