{"id":84059,"date":"2024-01-22T08:55:00","date_gmt":"2024-01-22T08:55:00","guid":{"rendered":"https:\/\/monatglobal.com\/fr\/?page_id=84059"},"modified":"2026-02-25T21:10:38","modified_gmt":"2026-02-25T21:10:38","slug":"pores-minimizing","status":"publish","type":"page","link":"https:\/\/monatglobal.com\/fr\/pores-minimizing\/","title":{"rendered":"MONAT Pore Refiner\u2122"},"content":{"rendered":"\n\n\t<link rel=\"stylesheet\" href=\"https:\/\/monatglobal.com\/wp-content\/creative_css\/product_styles_sheet.css\" \/>\n   <!--==================================================== ECOMM SECTION ====================================================-->\n      <!--==================================================== Ecomm image ====================================================-->\n         NOUVEAU\n               <img decoding=\"async\"  alt=\"Monat pore refiner product shot\" src=\"https:\/\/monatglobal.com\/wp-content\/uploads\/2023\/12\/pore-refiner-ecomm-2023-min.png\" loading=\"lazy\"\/>\n               <img decoding=\"async\"  alt=\"a close up picture of a blond female's face holding a Monat pore refiner tube next to her chin\" src=\"https:\/\/monatglobal.com\/wp-content\/uploads\/2023\/12\/pore-refiner-ecomm-closeup-min.jpg\" loading=\"lazy\"\/>\n               <!---->\n                  <img decoding=\"async\" alt=\"Monat pore refiner product shot\" src=\"https:\/\/monatglobal.com\/wp-content\/uploads\/2023\/12\/pore-refiner-ecomm-2023-min.png\" data-lbxp=\"\" loading=\"lazy\"\/>\n                  <img decoding=\"async\" data-lbxp=\"\" alt=\"a close up picture of a blond female's face holding a Monat pore refiner tube next to her chin\" src=\"https:\/\/monatglobal.com\/wp-content\/uploads\/2023\/12\/pore-refiner-ecomm-closeup-min.jpg\" loading=\"lazy\"\/>\n                  <!---->\n      <!--==================================================== Ecomm information  ====================================================-->\n         NOUVEAU\n         <p>MONAT<\/p>\n         <h1>Pore Refiner\u2122<\/h1>\n         <p>Traitement minimisant les pores<\/p>\n         <p>R\u00e9duit l&#8217;apparence des pores et la brillance non d\u00e9sir\u00e9e.<\/p>\n         <p>30 ml \u212e 1 oz liq.<\/p>\n         <!--==================================================== pricing box ====================================================--> \n         <p>Prix de d\u00e9tail<br \/>00.00 \u20ac<\/p>\n         <p>Prix de client VIP<br \/>00.00 \u20ac<\/p>\n         <!--==================================================== pricing box ====================================================--> \n         <p>Pour en savoir plus sur le MONAT Pore Refiner\u2122 , veuillez contacter votre Partenaire de March\u00e9&nbsp;MONAT.<\/p> \n      <a href=\"\" target=\"_blank\" role=\"button\" aria-label=\"\" rel=\"noopener\"><\/a>\n   <!--==================================================== \/ECOMM SECTION  ====================================================-->\n   <!--==================================================== Benefits image ====================================================-->\n   \n      <source media=\"(max-width: 700px)\" srcset=\"https:\/\/monatglobal.com\/wp-content\/uploads\/2023\/12\/pore-refiner-benefits-mobile-min.jpg\" loading=\"lazy\"\/>\n      <img decoding=\"async\" src=\"https:\/\/monatglobal.com\/wp-content\/uploads\/2023\/12\/pore-refiner-benefits-desktop-min.jpg\" \n         alt=\"a close up picture of a blond female's face holding a Monat pore refiner tube next to her chin\" loading=\"lazy\"\/>\n   \n   <!--==================================================== Benefits text ====================================================-->\n         <h2>BIENFAITS<\/h2>\n         <h3>Id\u00e9al pour la peau grasse ou mixte, le MONAT Pore&nbsp;Refiner\u2122 minimise instantan\u00e9ment l&#8217;apparence des pores et matifie la peau jusqu&#8217;\u00e0 8 heures*, cr\u00e9ant une base lisse pour permettre une application plus uniforme du&nbsp;maquillage.<\/h3>\n         <!--==================================================== features image  ====================================================-->\n         <img decoding=\"async\" alt=\"a tube of Monat pore refiner sitting on a rock next to a stack of novels books and a flower pot \" src=\"https:\/\/monatglobal.com\/wp-content\/uploads\/2023\/12\/pore-refiner-features-min.jpg\" loading=\"lazy\"\/>\n      <!--==================================================== features text ====================================================-->\n            <h3>Caract\u00e9ristiques<\/h3>\n               <p> \/ R\u00e9duit instantan\u00e9ment l&#8217;apparence des&nbsp;pores*<\/p>\n               <p> \/ Donne instantan\u00e9ment un fini mat d&#8217;aspect&nbsp;naturel* <\/p>\n               <p> \/ Matifie la peau jusqu&#8217;\u00e0 8&nbsp;heures*<\/p>\n               <p> \/ Les pores paraissent plus petits avec le&nbsp;temps*<\/p>\n               <p>\/ La peau a une apparence plus&nbsp;lisse*<\/p>\n               <br \/>\n            <p>Parfum \/ Non parfum\u00e9 <\/p>\n            <p> Texture \/ L\u00e9g\u00e8re cr\u00e8me velout\u00e9e<\/p>\n                <p>*Bas\u00e9 sur une \u00e9tude de consommateurs men\u00e9e aupr\u00e8s de 34 femmes \u00e2g\u00e9es de 18 \u00e0 60 ans, dont 50 % des pan\u00e9listes avaient la peau sensible. Test\u00e9 par un laboratoire&nbsp;ind\u00e9pendant.<\/p>\n   <!--==================================================== composition image mobile ====================================================-->\n   <img decoding=\"async\" alt=\"flat lay picture of multiple tubes of Monat pore refiner on a marble background\" src=\"https:\/\/monatglobal.com\/wp-content\/uploads\/2023\/12\/pore-refiner-standalone-min.jpg\" loading=\"lazy\"\/>\n   <!--==================================================== Why it works text ====================================================-->\n        <h2>Pour des pores impeccables<\/h2>\n      <h3>Dot\u00e9 d&#8217;un complexe de microparticules et d&#8217;une technologie minimisant l&#8217;apparence des pores, ce traitement a un effet matifiant instantan\u00e9 et am\u00e9liore l&#8217;apparence des pores. \u00c0 utiliser seul, avant le maquillage ou apr\u00e8s le maquillage pour contr\u00f4ler l&#8217;huile et faire des&nbsp;retouches.\n<!--==================================================== Composition section ====================================================-->\n      <img decoding=\"async\" alt=\"flat lay picture of multiple tubes of Monat pore refiner on a marble background\" src=\"https:\/\/monatglobal.com\/wp-content\/uploads\/2023\/12\/pore-refiner-standalone-min.jpg\" loading=\"lazy\"\/>\n      <img decoding=\"async\" alt=\"a close up picture of a blond female's face\" \n         src=\"https:\/\/monatglobal.com\/wp-content\/uploads\/2023\/12\/pore-refiner-comp1-min.jpg\" loading=\"lazy\"\/>\n            <!--==================================================== Directions text ====================================================--> \n               <\/h3><h3>Mode d&#8217;emploi<\/h3>\n                  <p>\/ Du bout des doigts, appliquer une mince couche sur le visage, du centre vers&nbsp;l&#8217;ext\u00e9rieur.<\/p>\n            <!--==================================================== Directions video ====================================================-->\n      <p>MONAT Pore Refiner\u2122<br \/>0:00<\/p>\n  <a href=\"\" target=\"_blank\" role=\"button\" aria-label=\"\" rel=\"noopener\"><\/a>\n   <!--==================================================== Ingredients section  ====================================================-->\n      <h2>INGR\u00c9DIENTS CL\u00c9S<\/h2>\n               <img decoding=\"async\" src=\"https:\/\/monatglobal.com\/wp-content\/uploads\/2022\/11\/REJUVENIQES.svg\" alt=\"REJUVENIQE S\u2122\"\/>\n               <p>REJUVENIQE S\u2122<\/p>\n               <img decoding=\"async\" src=\"https:\/\/monatglobal.com\/wp-content\/uploads\/2023\/12\/Botanical-Based-Complex.svg\" alt=\"Botanical-Based Complex\" src=\"\"\/> \n               <p>Complexe&nbsp;v\u00e9g\u00e9tal<\/p>\n               <img decoding=\"async\" src=\"https:\/\/monatglobal.com\/wp-content\/uploads\/2023\/12\/Microparticle-Complex.svg\" alt=\"Microparticle Complex\" src=\"\"\/> \n               <p>Complexe de&nbsp;microparticules<\/p>\n               <img decoding=\"async\" src=\"https:\/\/monatglobal.com\/wp-content\/uploads\/2023\/12\/Pore-Minimizing-Technology.svg\" alt=\"Pore-Minimizing Technology\" src=\"\"\/> \n               <p>Technologie minimisant les&nbsp;pores<\/p>\n      <button id=\"myBtn\" type=\"button\">LISTE D&#8217;INGR\u00c9DIENTS<\/button>\n      <!--==================================================== Modal content  ====================================================-->\n         &times;\n         <p>Aqua\/Water\/Eau, Coconut Alkanes, Heptyl Undecylenate, Propanediol, Aloe Barbadensis Leaf Juice, Glycerin, Polyglyceryl-2 Stearate, Isopentyldiol, Behenyl Alcohol, Tribehenin, Glyceryl Stearate, Stearyl Alcohol, Dimethicone, Mangifera Indica (Mango) Pulp Extract, Saccharum Officinarum (Sugarcane) Extract, Musa Sapientum (Banana) Pulp Extract, Trifolium Pratense (Clover) Flower Extract, Xanthan Gum, Limnanthes Alba (Meadowfoam) Seed Oil, Crambe Abyssinica Seed Oil, Camellia Oleifera Seed Oil, Solanum Lycopersicum (Tomato) Seed Oil, Daucus Carota Sativa (Carrot) Seed Oil, Citrus Limon (Lemon) Peel Oil, Citrus Aurantifolia (Lime) Oil, Citrus Aurantium Bergamia (Bergamot) Fruit Oil, Adansonia Digitata Oil, Cocos Nucifera (Coconut) Oil, Mauritia Flexuosa Fruit Oil, Caryocar Brasiliense Fruit Oil, Gardenia Taitensis Flower Extract, Moringa Oleifera Seed Oil, Helianthus Annuus (Sunflower) Seed Oil, Olea Europaea (Olive) Fruit Oil, Simmondsia Chinensis (Jojoba) Seed Extract, Benzyl Alcohol, Caprylhydroxamic Acid, Glycolic Acid, Capryloyl Glycerin\/Sebacic Acid Copolymer, Castor Oil\/IPDI Copolymer, Hydrated Silica, 1,2-Hexanediol, Lauroyl Lysine, Coco-Caprylate\/Caprate, Dilinoleic Acid\/Butanediol Copolymer, Phospholipids, Saccharomyces Ferment, Polyglyceryl-6 Polyricinoleate, Polyhydroxystearic Acid, Polysorbate 60, Disodium Phosphate, Disodium Stearoyl Glutamate, Silica, Magnesium Aluminum Silicate, Trisodium Ethylenediamine Disuccinate, Sodium Phosphate, Hydroxyethylcellulose, Cellulose, Sodium Benzoate, Potassium Sorbate, Citric Acid, Iron Oxides (CI 77491, CI 77492, CI 77499), Titanium Dioxide (CI 77891).<\/p>\n   <!--==================================================== You might also like section ====================================================-->\n      <h2>VOUS POURRIEZ AUSSI AIMER<\/h2>\n      <!--==================================================== Slider YOU MIGHT ALSO LIKE ====================================================-->\n      <!--  -->\n      <!--   -->\n            <!-- Slides products-->\n      <!--      -->\n      <!--         <a href=\"https:\/\/monatglobal.com\/fr\/makeup-vanishing-balm\/\" aria-label=\"Go to MAKEUP VANISHING BALM\u2122 page\">-->\n      <!--            <img decoding=\"async\" src=\"https:\/\/monatglobal.com\/wp-content\/uploads\/2021\/06\/Makeup-Vanishing-Balm_web_.png\" alt=\"MAKEUP VANISHING BALM\u2122\" loading=\"lazy\"\/>-->\n      <!--            <p>MAKEUP VANISHING BALM\u2122<\/p>-->\n      <!--         <\/a>-->\n      <!--      -->\n      <!--      -->\n      <!--         <a href=\"https:\/\/monatglobal.com\/fr\/makeup-liquid-blush\/#pink\" aria-label=\"Go to MONAT HYDRATING LIQUID-GEL CREAM BLUSH\u2122\ufe0f\ufe0f page\">-->\n      <!--            <img decoding=\"async\" src=\"https:\/\/monatglobal.com\/wp-content\/uploads\/2023\/08\/hydrating_liquid_gel_cream_blush_pink-ecomm.png\" alt=\"MONAT HYDRATING LIQUID-GEL CREAM BLUSH\u2122\ufe0f\" loading=\"lazy\"\/>-->\n      <!--            <p>MONAT HYDRATING LIQUID-GEL CREAM BLUSH\u2122\ufe0f\ufe0f<\/p>-->\n      <!--         <\/a>-->\n      <!--      -->\n      <!--      -->\n      <!--         <a href=\"https:\/\/monatglobal.com\/fr\/makeup-concealer\/\" aria-label=\"Go to MONAT Liquid Lipstick\u2122 page\">-->\n      <!--            <img decoding=\"async\" src=\"https:\/\/monatglobal.com\/wp-content\/uploads\/2023\/08\/brighten_correct_concealer_medium-ecomm.png\" alt=\"MONAT BRIGHTEN + CORRECT CONCEALER\u2122\ufe0f\" loading=\"lazy\"\/>-->\n      <!--            <p>MONAT BRIGHTEN + CORRECT CONCEALER\u2122\ufe0f<\/p>-->\n      <!--         <\/a>-->\n      <!--      -->\n      <!--   -->\n         <!-- If we need navigation buttons -->\n      <!--   -->\n      <!--   -->\n         <!-- If we need paginations -->\n      <!--   -->\n      <!---->\n         <!--==================================================== If we need navigation buttons  ====================================================-->\n         <!--==================================================== If we need paginations  ====================================================-->\n    <a href=\"\" aria-label=\"\"><\/a>\n\n","protected":false},"excerpt":{"rendered":"<p>NOUVEAU NOUVEAU MONAT Pore Refiner\u2122 Traitement minimisant les pores R\u00e9duit l&#8217;apparence des pores et la brillance non d\u00e9sir\u00e9e. 30 ml \u212e 1 oz liq. Prix de d\u00e9tail00.00 \u20ac Prix de client VIP00.00 \u20ac Pour en savoir plus sur le MONAT Pore Refiner\u2122 , veuillez contacter votre Partenaire de March\u00e9&nbsp;MONAT. BIENFAITS Id\u00e9al pour la peau grasse&hellip;<\/p>\n","protected":false},"author":33,"featured_media":109423,"parent":0,"menu_order":0,"comment_status":"closed","ping_status":"closed","template":"","meta":{"inline_featured_image":false,"om_disable_all_campaigns":false,"_monsterinsights_skip_tracking":false,"_monsterinsights_sitenote_active":false,"_monsterinsights_sitenote_note":"","_monsterinsights_sitenote_category":0,"footnotes":""},"categories":[20],"tags":[],"class_list":["post-84059","page","type-page","status-publish","has-post-thumbnail","hentry","category-product-fr"],"aioseo_notices":[],"aioseo_head":"\n\t\t<!-- All in One SEO Pro 4.9.5.2 - aioseo.com -->\n\t<meta name=\"description\" content=\"NOUVEAU NOUVEAU MONAT Pore Refiner\u2122 Traitement minimisant les pores R\u00e9duit l&#039;apparence des pores et la brillance non d\u00e9sir\u00e9e. 30 ml \u212e 1 oz liq. Prix de d\u00e9tail00.00 \u20ac Prix de client VIP00.00 \u20ac Pour en savoir plus sur le MONAT Pore Refiner\u2122 , veuillez contacter votre Partenaire de March\u00e9 MONAT. BIENFAITS Id\u00e9al pour la peau grasse\" \/>\n\t<meta name=\"robots\" content=\"noindex, nofollow, max-image-preview:large\" \/>\n\t<link rel=\"canonical\" href=\"https:\/\/monatglobal.com\/fr\/pores-minimizing\/\" \/>\n\t<meta name=\"generator\" content=\"All in One SEO Pro (AIOSEO) 4.9.5.2\" \/>\n\t\t<meta property=\"og:locale\" content=\"en_US\" \/>\n\t\t<meta property=\"og:site_name\" content=\"MONAT France - We Are Modern Nature\u2122\" \/>\n\t\t<meta property=\"og:type\" content=\"article\" \/>\n\t\t<meta property=\"og:title\" content=\"MONAT Pore Refiner\u2122 - MONAT France\" \/>\n\t\t<meta property=\"og:description\" content=\"NOUVEAU NOUVEAU MONAT Pore Refiner\u2122 Traitement minimisant les pores R\u00e9duit l&#039;apparence des pores et la brillance non d\u00e9sir\u00e9e. 30 ml \u212e 1 oz liq. Prix de d\u00e9tail00.00 \u20ac Prix de client VIP00.00 \u20ac Pour en savoir plus sur le MONAT Pore Refiner\u2122 , veuillez contacter votre Partenaire de March\u00e9 MONAT. BIENFAITS Id\u00e9al pour la peau grasse\" \/>\n\t\t<meta property=\"og:url\" content=\"https:\/\/monatglobal.com\/fr\/pores-minimizing\/\" \/>\n\t\t<meta property=\"article:published_time\" content=\"2024-01-22T08:55:00+00:00\" \/>\n\t\t<meta property=\"article:modified_time\" content=\"2026-02-25T21:10:38+00:00\" \/>\n\t\t<meta name=\"twitter:card\" content=\"summary_large_image\" \/>\n\t\t<meta name=\"twitter:title\" content=\"MONAT Pore Refiner\u2122 - MONAT France\" \/>\n\t\t<meta name=\"twitter:description\" content=\"NOUVEAU NOUVEAU MONAT Pore Refiner\u2122 Traitement minimisant les pores R\u00e9duit l&#039;apparence des pores et la brillance non d\u00e9sir\u00e9e. 30 ml \u212e 1 oz liq. Prix de d\u00e9tail00.00 \u20ac Prix de client VIP00.00 \u20ac Pour en savoir plus sur le MONAT Pore Refiner\u2122 , veuillez contacter votre Partenaire de March\u00e9 MONAT. BIENFAITS Id\u00e9al pour la peau grasse\" \/>\n\t\t<script type=\"application\/ld+json\" class=\"aioseo-schema\">\n\t\t\t{\"@context\":\"https:\\\/\\\/schema.org\",\"@graph\":[{\"@type\":\"BreadcrumbList\",\"@id\":\"https:\\\/\\\/monatglobal.com\\\/fr\\\/pores-minimizing\\\/#breadcrumblist\",\"itemListElement\":[{\"@type\":\"ListItem\",\"@id\":\"https:\\\/\\\/monatglobal.com\\\/fr#listItem\",\"position\":1,\"name\":\"Home\",\"item\":\"https:\\\/\\\/monatglobal.com\\\/fr\",\"nextItem\":{\"@type\":\"ListItem\",\"@id\":\"https:\\\/\\\/monatglobal.com\\\/fr\\\/pores-minimizing\\\/#listItem\",\"name\":\"MONAT Pore Refiner\\u2122\"}},{\"@type\":\"ListItem\",\"@id\":\"https:\\\/\\\/monatglobal.com\\\/fr\\\/pores-minimizing\\\/#listItem\",\"position\":2,\"name\":\"MONAT Pore Refiner\\u2122\",\"previousItem\":{\"@type\":\"ListItem\",\"@id\":\"https:\\\/\\\/monatglobal.com\\\/fr#listItem\",\"name\":\"Home\"}}]},{\"@type\":\"Organization\",\"@id\":\"https:\\\/\\\/monatglobal.com\\\/fr\\\/#organization\",\"name\":\"MONAT France\",\"description\":\"We Are Modern Nature\\u2122\",\"url\":\"https:\\\/\\\/monatglobal.com\\\/fr\\\/\"},{\"@type\":\"WebPage\",\"@id\":\"https:\\\/\\\/monatglobal.com\\\/fr\\\/pores-minimizing\\\/#webpage\",\"url\":\"https:\\\/\\\/monatglobal.com\\\/fr\\\/pores-minimizing\\\/\",\"name\":\"MONAT Pore Refiner\\u2122 - MONAT France\",\"description\":\"NOUVEAU NOUVEAU MONAT Pore Refiner\\u2122 Traitement minimisant les pores R\\u00e9duit l'apparence des pores et la brillance non d\\u00e9sir\\u00e9e. 30 ml \\u212e 1 oz liq. Prix de d\\u00e9tail00.00 \\u20ac Prix de client VIP00.00 \\u20ac Pour en savoir plus sur le MONAT Pore Refiner\\u2122 , veuillez contacter votre Partenaire de March\\u00e9 MONAT. BIENFAITS Id\\u00e9al pour la peau grasse\",\"inLanguage\":\"en-US\",\"isPartOf\":{\"@id\":\"https:\\\/\\\/monatglobal.com\\\/fr\\\/#website\"},\"breadcrumb\":{\"@id\":\"https:\\\/\\\/monatglobal.com\\\/fr\\\/pores-minimizing\\\/#breadcrumblist\"},\"image\":{\"@type\":\"ImageObject\",\"url\":\"https:\\\/\\\/monatglobal.com\\\/fr\\\/wp-content\\\/uploads\\\/sites\\\/19\\\/2026\\\/02\\\/pore-refiner-ecomm-2023-min.png\",\"@id\":\"https:\\\/\\\/monatglobal.com\\\/fr\\\/pores-minimizing\\\/#mainImage\",\"width\":641,\"height\":800},\"primaryImageOfPage\":{\"@id\":\"https:\\\/\\\/monatglobal.com\\\/fr\\\/pores-minimizing\\\/#mainImage\"},\"datePublished\":\"2024-01-22T08:55:00+00:00\",\"dateModified\":\"2026-02-25T21:10:38+00:00\"},{\"@type\":\"WebSite\",\"@id\":\"https:\\\/\\\/monatglobal.com\\\/fr\\\/#website\",\"url\":\"https:\\\/\\\/monatglobal.com\\\/fr\\\/\",\"name\":\"MONAT France\",\"description\":\"We Are Modern Nature\\u2122\",\"inLanguage\":\"en-US\",\"publisher\":{\"@id\":\"https:\\\/\\\/monatglobal.com\\\/fr\\\/#organization\"}}]}\n\t\t<\/script>\n\t\t<!-- All in One SEO Pro -->\r\n\t\t<title>MONAT Pore Refiner\u2122 - MONAT France<\/title>\n\n","aioseo_head_json":{"title":"MONAT Pore Refiner\u2122 - MONAT France","description":"NOUVEAU NOUVEAU MONAT Pore Refiner\u2122 Traitement minimisant les pores R\u00e9duit l'apparence des pores et la brillance non d\u00e9sir\u00e9e. 30 ml \u212e 1 oz liq. Prix de d\u00e9tail00.00 \u20ac Prix de client VIP00.00 \u20ac Pour en savoir plus sur le MONAT Pore Refiner\u2122 , veuillez contacter votre Partenaire de March\u00e9 MONAT. BIENFAITS Id\u00e9al pour la peau grasse","canonical_url":"https:\/\/monatglobal.com\/fr\/pores-minimizing\/","robots":"noindex, nofollow, max-image-preview:large","keywords":"","webmasterTools":{"miscellaneous":""},"schema":{"@context":"https:\/\/schema.org","@graph":[{"@type":"BreadcrumbList","@id":"https:\/\/monatglobal.com\/fr\/pores-minimizing\/#breadcrumblist","itemListElement":[{"@type":"ListItem","@id":"https:\/\/monatglobal.com\/fr#listItem","position":1,"name":"Home","item":"https:\/\/monatglobal.com\/fr","nextItem":{"@type":"ListItem","@id":"https:\/\/monatglobal.com\/fr\/pores-minimizing\/#listItem","name":"MONAT Pore Refiner\u2122"}},{"@type":"ListItem","@id":"https:\/\/monatglobal.com\/fr\/pores-minimizing\/#listItem","position":2,"name":"MONAT Pore Refiner\u2122","previousItem":{"@type":"ListItem","@id":"https:\/\/monatglobal.com\/fr#listItem","name":"Home"}}]},{"@type":"Organization","@id":"https:\/\/monatglobal.com\/fr\/#organization","name":"MONAT France","description":"We Are Modern Nature\u2122","url":"https:\/\/monatglobal.com\/fr\/"},{"@type":"WebPage","@id":"https:\/\/monatglobal.com\/fr\/pores-minimizing\/#webpage","url":"https:\/\/monatglobal.com\/fr\/pores-minimizing\/","name":"MONAT Pore Refiner\u2122 - MONAT France","description":"NOUVEAU NOUVEAU MONAT Pore Refiner\u2122 Traitement minimisant les pores R\u00e9duit l'apparence des pores et la brillance non d\u00e9sir\u00e9e. 30 ml \u212e 1 oz liq. Prix de d\u00e9tail00.00 \u20ac Prix de client VIP00.00 \u20ac Pour en savoir plus sur le MONAT Pore Refiner\u2122 , veuillez contacter votre Partenaire de March\u00e9 MONAT. BIENFAITS Id\u00e9al pour la peau grasse","inLanguage":"en-US","isPartOf":{"@id":"https:\/\/monatglobal.com\/fr\/#website"},"breadcrumb":{"@id":"https:\/\/monatglobal.com\/fr\/pores-minimizing\/#breadcrumblist"},"image":{"@type":"ImageObject","url":"https:\/\/monatglobal.com\/fr\/wp-content\/uploads\/sites\/19\/2026\/02\/pore-refiner-ecomm-2023-min.png","@id":"https:\/\/monatglobal.com\/fr\/pores-minimizing\/#mainImage","width":641,"height":800},"primaryImageOfPage":{"@id":"https:\/\/monatglobal.com\/fr\/pores-minimizing\/#mainImage"},"datePublished":"2024-01-22T08:55:00+00:00","dateModified":"2026-02-25T21:10:38+00:00"},{"@type":"WebSite","@id":"https:\/\/monatglobal.com\/fr\/#website","url":"https:\/\/monatglobal.com\/fr\/","name":"MONAT France","description":"We Are Modern Nature\u2122","inLanguage":"en-US","publisher":{"@id":"https:\/\/monatglobal.com\/fr\/#organization"}}]},"og:locale":"en_US","og:site_name":"MONAT France - We Are Modern Nature\u2122","og:type":"article","og:title":"MONAT Pore Refiner\u2122 - MONAT France","og:description":"NOUVEAU NOUVEAU MONAT Pore Refiner\u2122 Traitement minimisant les pores R\u00e9duit l'apparence des pores et la brillance non d\u00e9sir\u00e9e. 30 ml \u212e 1 oz liq. Prix de d\u00e9tail00.00 \u20ac Prix de client VIP00.00 \u20ac Pour en savoir plus sur le MONAT Pore Refiner\u2122 , veuillez contacter votre Partenaire de March\u00e9 MONAT. BIENFAITS Id\u00e9al pour la peau grasse","og:url":"https:\/\/monatglobal.com\/fr\/pores-minimizing\/","article:published_time":"2024-01-22T08:55:00+00:00","article:modified_time":"2026-02-25T21:10:38+00:00","twitter:card":"summary_large_image","twitter:title":"MONAT Pore Refiner\u2122 - MONAT France","twitter:description":"NOUVEAU NOUVEAU MONAT Pore Refiner\u2122 Traitement minimisant les pores R\u00e9duit l'apparence des pores et la brillance non d\u00e9sir\u00e9e. 30 ml \u212e 1 oz liq. Prix de d\u00e9tail00.00 \u20ac Prix de client VIP00.00 \u20ac Pour en savoir plus sur le MONAT Pore Refiner\u2122 , veuillez contacter votre Partenaire de March\u00e9 MONAT. BIENFAITS Id\u00e9al pour la peau grasse"},"aioseo_meta_data":{"post_id":"84059","title":null,"description":null,"keywords":[],"keyphrases":{"focus":{"keyphrase":"","score":0,"analysis":{"keyphraseInTitle":{"score":0,"maxScore":9,"error":1}}},"additional":[]},"primary_term":null,"canonical_url":null,"og_title":null,"og_description":null,"og_object_type":"default","og_image_type":"default","og_image_url":null,"og_image_width":null,"og_image_height":null,"og_image_custom_url":null,"og_image_custom_fields":null,"og_video":"","og_custom_url":null,"og_article_section":null,"og_article_tags":[],"twitter_use_og":false,"twitter_card":"default","twitter_image_type":"default","twitter_image_url":null,"twitter_image_custom_url":null,"twitter_image_custom_fields":null,"twitter_title":null,"twitter_description":null,"schema":{"blockGraphs":[],"customGraphs":[],"default":{"data":{"Article":[],"Course":[],"Dataset":[],"FAQPage":[],"Movie":[],"Person":[],"Product":[],"ProductReview":[],"Car":[],"Recipe":[],"Service":[],"SoftwareApplication":[],"WebPage":[]},"graphName":"WebPage","isEnabled":true},"graphs":[]},"schema_type":"default","schema_type_options":null,"pillar_content":false,"robots_default":true,"robots_noindex":false,"robots_noarchive":false,"robots_nosnippet":false,"robots_nofollow":false,"robots_noimageindex":false,"robots_noodp":false,"robots_notranslate":false,"robots_max_snippet":"-1","robots_max_videopreview":"-1","robots_max_imagepreview":"large","priority":null,"frequency":"default","local_seo":null,"seo_analyzer_scan_date":"2026-02-25 21:40:29","breadcrumb_settings":null,"limit_modified_date":false,"reviewed_by":null,"open_ai":null,"ai":null,"created":"2024-01-12 20:39:09","updated":"2026-02-25 22:00:06"},"aioseo_breadcrumb":"<div class=\"aioseo-breadcrumbs\"><span class=\"aioseo-breadcrumb\">\n\t<a href=\"https:\/\/monatglobal.com\/fr\" title=\"Home\">Home<\/a>\n<\/span><span class=\"aioseo-breadcrumb-separator\">&raquo;<\/span><span class=\"aioseo-breadcrumb\">\n\tMONAT Pore Refiner\u2122\n<\/span><\/div>","aioseo_breadcrumb_json":[{"label":"Home","link":"https:\/\/monatglobal.com\/fr"},{"label":"MONAT Pore Refiner\u2122","link":"https:\/\/monatglobal.com\/fr\/pores-minimizing\/"}],"_links":{"self":[{"href":"https:\/\/monatglobal.com\/fr\/wp-json\/wp\/v2\/pages\/84059","targetHints":{"allow":["GET"]}}],"collection":[{"href":"https:\/\/monatglobal.com\/fr\/wp-json\/wp\/v2\/pages"}],"about":[{"href":"https:\/\/monatglobal.com\/fr\/wp-json\/wp\/v2\/types\/page"}],"author":[{"embeddable":true,"href":"https:\/\/monatglobal.com\/fr\/wp-json\/wp\/v2\/users\/33"}],"replies":[{"embeddable":true,"href":"https:\/\/monatglobal.com\/fr\/wp-json\/wp\/v2\/comments?post=84059"}],"version-history":[{"count":21,"href":"https:\/\/monatglobal.com\/fr\/wp-json\/wp\/v2\/pages\/84059\/revisions"}],"predecessor-version":[{"id":109429,"href":"https:\/\/monatglobal.com\/fr\/wp-json\/wp\/v2\/pages\/84059\/revisions\/109429"}],"wp:featuredmedia":[{"embeddable":true,"href":"https:\/\/monatglobal.com\/fr\/wp-json\/wp\/v2\/media\/109423"}],"wp:attachment":[{"href":"https:\/\/monatglobal.com\/fr\/wp-json\/wp\/v2\/media?parent=84059"}],"wp:term":[{"taxonomy":"category","embeddable":true,"href":"https:\/\/monatglobal.com\/fr\/wp-json\/wp\/v2\/categories?post=84059"},{"taxonomy":"post_tag","embeddable":true,"href":"https:\/\/monatglobal.com\/fr\/wp-json\/wp\/v2\/tags?post=84059"}],"curies":[{"name":"wp","href":"https:\/\/api.w.org\/{rel}","templated":true}]}}