{"id":83844,"date":"2023-10-03T16:21:15","date_gmt":"2023-10-03T16:21:15","guid":{"rendered":"https:\/\/monatglobal.com\/fr\/?page_id=83844"},"modified":"2025-02-25T17:28:26","modified_gmt":"2025-02-25T17:28:26","slug":"ignite","status":"publish","type":"page","link":"https:\/\/monatglobal.com\/fr\/ignite\/","title":{"rendered":"MONAT EUROPE IGNITE 2024"},"content":{"rendered":"\n\n\t<style>\n    :root{\n        --sand: #fbf5f0;\n        --red: #c2514a;\n        --salmon: #f3b7b1;\n        --dark-purple: #572e3d;\n        --purple: #522f56;\n    }\n<\/style> \n<section id=\"bannerSec\">\n    <img decoding=\"async\" src=\"https:\/\/monatglobal.com\/uk\/wp-content\/uploads\/sites\/6\/2025\/02\/ignite-2025-Logo-w.svg\"\/>\n    \n        <source media=\"(max-width: 700px)\" srcset=\"https:\/\/monatglobal.com\/uk\/wp-content\/uploads\/sites\/6\/2025\/02\/EU-ignite-2025-banner-mobile-min-2.jpg\" loading=\"lazy\"\/>\n        <img decoding=\"async\" src=\"https:\/\/monatglobal.com\/uk\/wp-content\/uploads\/sites\/6\/2025\/02\/IGNITE-BANNER-2025-DESKTOP-min.jpg\" alt=\"A Moroccan-style tower stands prominently in the heart of the city, showcasing its elegance. It rises majestically against a blue sky, with the sunset light enhancing its magnificence.\" loading=\"lazy\"\/>\n    \n<\/section>\n<main id=\"igniteContainer\">\n    <section id=\"Sec1\">\n            <img decoding=\"async\" src=\"https:\/\/monatglobal.com\/wp-content\/uploads\/2025\/02\/marrakech-title.svg\" alt=\"Marrakech!\"\/>\n            <h1>vous attend &#8211; Votre<br \/> voyage de r\u00eave<br \/> commence ici !<\/h1>\n            <p>Qualification&nbsp;:<br \/> 1<sup>er<\/sup> f\u00e9vrier 2025 &#8211; 31 juillet 2025<\/p>\n            <p>Date de l&#8217;\u00e9v\u00e9nement&nbsp;: <br \/> 26-29 septembre 2025<\/p>\n    <\/section>\n    <section id=\"Sec2\">\n            <h2>Quelle est<br \/> la destination<br \/> de vos r\u00eaves&nbsp;?<br \/> Pr\u00eat \u00e0 passer<br \/> \u00e0 l&#8217;action&nbsp;?<\/h2>  \n            <img decoding=\"async\" src=\"https:\/\/monatglobal.com\/wp-content\/uploads\/2025\/02\/pattern-img.svg\" alt=\"pattern img\"\/>\n                    <h3>Le moment<br \/> est venu&nbsp;!<\/h3>\n                    <p>Nous sommes ravis d&#8217;annoncer le voyage de motivation exclusif de MONAT Europe \u00e0 Marrakech, et croyez-nous, c&#8217;est l&#8217;aventure que vous attendiez&nbsp;!<\/p>\n                <img decoding=\"async\" src=\"https:\/\/monatglobal.com\/uk\/wp-content\/uploads\/sites\/6\/2025\/02\/Incentive-Trip-to-Marrakech_archs-min.jpg\" alt=\"A woman seen from behind, wearing a green dress and holding a large hat in her hands, admires the arched architecture of a hallway with Moroccan-style design.\"\/>\n            <img decoding=\"async\" src=\"https:\/\/monatglobal.com\/wp-content\/uploads\/2025\/02\/yellow-star.svg\" alt=\"Yellow eight-pointed star shape\"\/>\n            <img decoding=\"async\" src=\"https:\/\/monatglobal.com\/wp-content\/uploads\/2025\/02\/salmon-star.svg\" alt=\"Salmon eight-pointed star shape\"\/> \n                <p>Si vous avez d\u00e9j\u00e0 fait l&#8217;exp\u00e9rience d&#8217;un voyage de motivation MONAT, vous savez d\u00e9j\u00e0 que c&#8217;est plus qu&#8217;une simple escapade &#8211; c&#8217;est un voyage \u00e9pique rempli de moments inoubliables, de nouvelles amiti\u00e9s et de souvenirs qui dureront toute une vie. <\/p>\n                <p>Imaginez que vous vous impr\u00e9gniez de l&#8217;\u00e9nergie vibrante de Marrakech, que vous rencontriez des gens incroyables et que vous viviez des exp\u00e9riences que l&#8217;argent ne peut pas acheter.<\/p>\n    <\/section>\n    <section id=\"sec3\">\n             <img decoding=\"async\" src=\"https:\/\/monatglobal.com\/uk\/wp-content\/uploads\/sites\/6\/2025\/02\/energy-of-Marrakech_woman-min.jpg\" alt=\"A woman wearing a vibrant, colorful dress is seated gracefully on a chair, exuding elegance and style.\"\/>\n                <img decoding=\"async\" src=\"https:\/\/monatglobal.com\/uk\/wp-content\/uploads\/sites\/6\/2025\/02\/more-than-just-a-getaway_arch-min.jpg\" alt=\"A picturesque scene of the royal palace courtyard in Marrakesh, Morocco, highlighting its stunning architecture and tranquil atmosphere.\"\/>\n            <p>C&#8217;est le moment<br \/> ou jamais. Ne vous contentez<br \/> pas d&#8217;en r\u00eaver, concr\u00e9tisons-le&nbsp;!<\/p>\n    <\/section>\n    <section id=\"tableSec\">\n            <img decoding=\"async\" src=\"https:\/\/monatglobal.com\/wp-content\/uploads\/2025\/02\/salmon-star.svg\" alt=\"Yellow eight-pointed star shape\"\/>\n            <img decoding=\"async\" src=\"https:\/\/monatglobal.com\/wp-content\/uploads\/2025\/02\/yellow-star.svg\" alt=\"Salmon eight-pointed star shape\"\/> \n            <img decoding=\"async\" src=\"https:\/\/monatglobal.com\/uk\/wp-content\/uploads\/sites\/6\/2025\/02\/ignite-2025Logo.svg\" alt=\"ignite logo\"\/>\n            <h2>Crit\u00e8res<br \/> de qualification<\/h2>\n            <p>Exigences PV, VIP et MP : 6 mois <br \/>(pour le Royaume-Uni, l&#8217;Irlande, la Pologne, l&#8217;Espagne, la Lituanie et la France)<\/p>\n            <p>\u00c9CHELON<\/p>\n            <p>Grade de carri\u00e8re&nbsp;:<br \/> MP, AMP, MMP, AMB, MB \u00e0 partir du 1er f\u00e9vrier 2025<\/p>\n            <p>R\u00e9compense<\/p> \n            <p>Rang de carri\u00e8re :<br \/> MMB et plus \u00e0 partir du 1er f\u00e9vrier 2025<\/p> \n            <p>R\u00e9compense<\/p>\n            <p>Exigences en mati\u00e8re de PV Niveau d\u00e9butant<\/p>\n            <p>7000 PV*<\/p>\n            <p>Programme + Chambre partag\u00e9e<\/p>\n            \n            <p>Conditions d&#8217;inscription Niveau d&#8217;entr\u00e9e<\/p>\n            <p>6 VIP + 2 MP<\/p>\n            <p>Exigences PV <br \/>Niveau 1<\/p>\n            <p>9000 PV*<\/p>\n            <p>Programme + Chambre partag\u00e9e + \u00a3100\/\u20ac115<\/p>\n            <p>12000 PV*<\/p>\n            <p>Programme + Chambre partag\u00e9e + \u00a3100\/\u20ac115<\/p>\n            <p>Exigences PV <br \/>Niveau 2<\/p>\n            <p>12000 PV*<\/p>\n            <p>Programme + Chambre partag\u00e9e + Vols<\/p>\n            <p>15000 PV*<\/p>\n            <p>Programme + Chambre partag\u00e9e + Vols<\/p>\n            <p>Conditions d&#8217;inscription Niveau 1 &#038; 2<\/p>\n            <p>10 VIP + 2 MP<\/p>\n            <p>*Le PV minimum doit provenir des achats effectu\u00e9s par les clients chaque mois (VIP ou d\u00e9tail)<\/p>\n            <p>VP de 4000<\/p>\n            \n            <p>VP de 6000<\/p>\n            \n            <p>Tous les partenaires de march\u00e9 doivent \u00eatre pay\u00e9s en tant que MMP ou plus en juillet 2025 pour \u00eatre \u00e9ligibles.<\/p>\n            \n                Niveau d&#8217;inscription VIP et MP Niveau\n                d&#8217;entr\u00e9e (seulement MP, AMP, MMP, AMB, MB) inscrire 6 VIP avec Active Flexship* et 2 MP avec Product Pack, dans une p\u00e9riode de 6 mois  Niveau\n 1 et Niveau 2 inscrire 10 VIP avec Active Flexship* et 2 MP avec Product Pack, dans une p\u00e9riode de 6 mois\n <br \/>\n*Flexship actif non requis en Pologne, en Espagne et en Lituanie\n            \n            \n                Exigences en mati\u00e8re de PV Les exigences en\n                mati\u00e8re de VP pour tous les niveaux sont cumul\u00e9es.\n             \n    <\/section>\n    <section id=\"lookLike_container\">  \n            <img decoding=\"async\" src=\"https:\/\/monatglobal.com\/wp-content\/uploads\/2025\/02\/salmon-star.svg\" alt=\"Yellow eight-pointed star shape\"\/>\n            <img decoding=\"async\" src=\"https:\/\/monatglobal.com\/wp-content\/uploads\/2025\/02\/yellow-star.svg\" alt=\"Salmon eight-pointed star shape\"\/> \n                <h2>\u00c7a vous int\u00e9resse?<\/h2>\n                <p>Ce \u00e0 quoi MONAT Ignite<br \/> peut ressembler pour vousu<\/p>\n                        <img decoding=\"async\" src=\"https:\/\/monatglobal.com\/uk\/wp-content\/uploads\/sites\/6\/2025\/02\/entry-level-icon.svg\" alt=\"Hotel icon illustration\"\/>\n                        <p>Le niveau d&#8217;entr\u00e9e <br \/>(disponible uniquement pour MP, AMP, MMP, AMB, MB) <br \/> comprend&nbsp;:<\/p>\n                        <ul>\n                            <li><p>\u2022 3 nuits d&#8217;h\u00e9bergement en chambre partag\u00e9e, petit-d\u00e9jeuner compris<\/p><\/li>\n                            <li><p>\u2022 Exp\u00e9rience sp\u00e9ciale MONAT<\/p><\/li>\n                            <li><p>\u2022 Soir\u00e9e de gala<\/p><\/li>\n                            <li><p>\u2022 De nombreuses touches sp\u00e9ciales de MONAT&nbsp;Europe<\/p><\/li>\n                        <\/ul>\n                        <p>\u00c0 ce niveau, les vols ne sont pas couverts par&nbsp;MONAT.<\/p>\n                        <img decoding=\"async\" src=\"https:\/\/monatglobal.com\/uk\/wp-content\/uploads\/sites\/6\/2025\/02\/tier-1-eu.svg\" alt=\"money icon illustration\"\/> \n                        <p>Le voyage de niveau 1<br \/> comprend&nbsp;:<\/p>\n                        <ul>\n                            <li><p>\u2022 3 nuits d&#8217;h\u00e9bergement en chambre partag\u00e9e, petit-d\u00e9jeuner compris<\/p><\/li>\n                            <li><p>\u2022 100 \u00a3 \/ 115 \u20ac \u00e0 d\u00e9penser comme vous le&nbsp;souhaitez<\/p><\/li>\n                            <li><p>\u2022 Exp\u00e9rience sp\u00e9ciale MONAT<\/p><\/li>\n                            <li><p>\u2022 Soir\u00e9e de gala<\/p><\/li>\n                            <li><p>\u2022 De nombreuses touches sp\u00e9ciales de MONAT&nbsp;Europe<\/p><\/li>\n                        <\/ul>\n                        <p>\u00c0 ce niveau, les vols ne sont pas couverts par&nbsp;MONAT.<\/p>\n                        <img decoding=\"async\" src=\"https:\/\/monatglobal.com\/uk\/wp-content\/uploads\/sites\/6\/2025\/02\/tier-2.svg\" alt=\"plane ticket icon illustration\"\/>\n                        <p>Le voyage de niveau 2<br \/> comprend&nbsp;:<\/p>\n                        <ul>\n                            <li><p>\u2022 Billets d&#8217;avion aller-retour au d\u00e9part des principaux a\u00e9roports du Royaume-Uni, de l&#8217;Irlande, de la Pologne, de l&#8217;Espagne, de la Lituanie et de la France*.<\/p><\/li>\n                            <li><p>\u2022 3 nuits d&#8217;h\u00e9bergement en chambre partag\u00e9e, petit-d\u00e9jeuner compris<\/p><\/li>\n                            <li><p>\u2022 Exp\u00e9rience sp\u00e9ciale MONAT<\/p><\/li>\n                            <li><p>\u2022 Soir\u00e9e de gala<\/p><\/li>\n                            <li><p>\u2022 De nombreuses touches sp\u00e9ciales de MONAT&nbsp;Europe<\/p><\/li>\n                        <\/ul>\n            <img decoding=\"async\" src=\"https:\/\/monatglobal.com\/uk\/wp-content\/uploads\/sites\/6\/2025\/02\/oil-drop.svg\" alt=\"oil drop logo\"\/>\n    <\/section>\n    <section id=\"bottomSec\">\n        <p>Rendez-vous \u00e0<\/p>\n        <img decoding=\"async\" src=\"https:\/\/monatglobal.com\/wp-content\/uploads\/2025\/02\/marrakech-title.svg\" alt=\"Marrakech!\"\/> \n        <a href=\"https:\/\/monatglobal.com\/fr\/wp-content\/uploads\/sites\/19\/2025\/02\/FRA_MONAT-Europe-Ignite-2025-FAQ_013125_v3-2.pdf\" target=\"_blank\" rel=\"noopener\">FAQ<\/a>\n        <p>*Veuillez consulter les <a href=\"https:\/\/monatglobal.com\/fr\/wp-content\/uploads\/sites\/19\/2025\/02\/FR_MONAT-Europe-Ignite-2025-Terms-and-Conditions_020725_v1-1.pdf\" target=\"_blank\" rel=\"noopener\"> Conditions g\u00e9n\u00e9rales<\/a> li\u00e9es<br \/> \u00e0 l&#8217;acceptation du transport a\u00e9rien pay\u00e9 par MONAT Global.<\/p>\n        <img decoding=\"async\" alt=\"pattern img\" src=\"https:\/\/monatglobal.com\/wp-content\/uploads\/2025\/02\/pattern-img.svg\"\/>\n    <\/section>\n<\/main>\n\n","protected":false},"excerpt":{"rendered":"<p>vous attend &#8211; Votre voyage de r\u00eave commence ici ! Qualification&nbsp;: 1er f\u00e9vrier 2025 &#8211; 31 juillet 2025 Date de l&#8217;\u00e9v\u00e9nement&nbsp;: 26-29 septembre 2025 Quelle est la destination de vos r\u00eaves&nbsp;? Pr\u00eat \u00e0 passer \u00e0 l&#8217;action&nbsp;? Le moment est venu&nbsp;! Nous sommes ravis d&#8217;annoncer le voyage de motivation exclusif de MONAT Europe \u00e0 Marrakech, et&hellip;<\/p>\n","protected":false},"author":33,"featured_media":86536,"parent":0,"menu_order":0,"comment_status":"closed","ping_status":"closed","template":"","meta":{"inline_featured_image":false,"om_disable_all_campaigns":false,"_monsterinsights_skip_tracking":false,"_monsterinsights_sitenote_active":false,"_monsterinsights_sitenote_note":"","_monsterinsights_sitenote_category":0,"footnotes":""},"categories":[],"tags":[],"class_list":["post-83844","page","type-page","status-publish","has-post-thumbnail","hentry"],"aioseo_notices":[],"aioseo_head":"\n\t\t<!-- All in One SEO Pro 4.9.6 - aioseo.com -->\n\t<meta name=\"description\" content=\"Qualifiez-vous pour MONAT Ignite 2025 et vivez un voyage inoubliable \u00e0 Marrakech avec h\u00e9bergement de luxe, \u00e9v\u00e9nements exclusifs et une soir\u00e9e de gala !\" \/>\n\t<meta name=\"robots\" content=\"noindex, nofollow, max-image-preview:large\" \/>\n\t<link rel=\"canonical\" href=\"https:\/\/monatglobal.com\/fr\/ignite\/\" \/>\n\t<meta name=\"generator\" content=\"All in One SEO Pro (AIOSEO) 4.9.6\" \/>\n\t\t<meta property=\"og:locale\" content=\"en_US\" \/>\n\t\t<meta property=\"og:site_name\" content=\"MONAT France - We Are Modern Nature\u2122\" \/>\n\t\t<meta property=\"og:type\" content=\"article\" \/>\n\t\t<meta property=\"og:title\" content=\"MONAT Ignite 2025 | Voyage Incentive Exclusif \u00e0 Marrakech\" \/>\n\t\t<meta property=\"og:description\" content=\"Qualifiez-vous pour MONAT Ignite 2025 et vivez un voyage inoubliable \u00e0 Marrakech avec h\u00e9bergement de luxe, \u00e9v\u00e9nements exclusifs et une soir\u00e9e de gala !\" \/>\n\t\t<meta property=\"og:url\" content=\"https:\/\/monatglobal.com\/fr\/ignite\/\" \/>\n\t\t<meta property=\"article:published_time\" content=\"2023-10-03T16:21:15+00:00\" \/>\n\t\t<meta property=\"article:modified_time\" content=\"2025-02-25T17:28:26+00:00\" \/>\n\t\t<meta name=\"twitter:card\" content=\"summary_large_image\" \/>\n\t\t<meta name=\"twitter:title\" content=\"MONAT Ignite 2025 | Voyage Incentive Exclusif \u00e0 Marrakech\" \/>\n\t\t<meta name=\"twitter:description\" content=\"Qualifiez-vous pour MONAT Ignite 2025 et vivez un voyage inoubliable \u00e0 Marrakech avec h\u00e9bergement de luxe, \u00e9v\u00e9nements exclusifs et une soir\u00e9e de gala !\" \/>\n\t\t<script type=\"application\/ld+json\" class=\"aioseo-schema\">\n\t\t\t{\"@context\":\"https:\\\/\\\/schema.org\",\"@graph\":[{\"@type\":\"BreadcrumbList\",\"@id\":\"https:\\\/\\\/monatglobal.com\\\/fr\\\/ignite\\\/#breadcrumblist\",\"itemListElement\":[{\"@type\":\"ListItem\",\"@id\":\"https:\\\/\\\/monatglobal.com\\\/fr#listItem\",\"position\":1,\"name\":\"Home\",\"item\":\"https:\\\/\\\/monatglobal.com\\\/fr\",\"nextItem\":{\"@type\":\"ListItem\",\"@id\":\"https:\\\/\\\/monatglobal.com\\\/fr\\\/ignite\\\/#listItem\",\"name\":\"MONAT EUROPE IGNITE 2024\"}},{\"@type\":\"ListItem\",\"@id\":\"https:\\\/\\\/monatglobal.com\\\/fr\\\/ignite\\\/#listItem\",\"position\":2,\"name\":\"MONAT EUROPE IGNITE 2024\",\"previousItem\":{\"@type\":\"ListItem\",\"@id\":\"https:\\\/\\\/monatglobal.com\\\/fr#listItem\",\"name\":\"Home\"}}]},{\"@type\":\"Organization\",\"@id\":\"https:\\\/\\\/monatglobal.com\\\/fr\\\/#organization\",\"name\":\"MONAT France\",\"description\":\"We Are Modern Nature\\u2122\",\"url\":\"https:\\\/\\\/monatglobal.com\\\/fr\\\/\"},{\"@type\":\"WebPage\",\"@id\":\"https:\\\/\\\/monatglobal.com\\\/fr\\\/ignite\\\/#webpage\",\"url\":\"https:\\\/\\\/monatglobal.com\\\/fr\\\/ignite\\\/\",\"name\":\"MONAT Ignite 2025 | Voyage Incentive Exclusif \\u00e0 Marrakech\",\"description\":\"Qualifiez-vous pour MONAT Ignite 2025 et vivez un voyage inoubliable \\u00e0 Marrakech avec h\\u00e9bergement de luxe, \\u00e9v\\u00e9nements exclusifs et une soir\\u00e9e de gala !\",\"inLanguage\":\"en-US\",\"isPartOf\":{\"@id\":\"https:\\\/\\\/monatglobal.com\\\/fr\\\/#website\"},\"breadcrumb\":{\"@id\":\"https:\\\/\\\/monatglobal.com\\\/fr\\\/ignite\\\/#breadcrumblist\"},\"image\":{\"@type\":\"ImageObject\",\"url\":\"https:\\\/\\\/monatglobal.com\\\/fr\\\/wp-content\\\/uploads\\\/sites\\\/19\\\/2025\\\/02\\\/Ignite-2025-MARRAKECH-FEATURED-min.jpg\",\"@id\":\"https:\\\/\\\/monatglobal.com\\\/fr\\\/ignite\\\/#mainImage\",\"width\":1200,\"height\":628},\"primaryImageOfPage\":{\"@id\":\"https:\\\/\\\/monatglobal.com\\\/fr\\\/ignite\\\/#mainImage\"},\"datePublished\":\"2023-10-03T16:21:15+01:00\",\"dateModified\":\"2025-02-25T17:28:26+00:00\"},{\"@type\":\"WebSite\",\"@id\":\"https:\\\/\\\/monatglobal.com\\\/fr\\\/#website\",\"url\":\"https:\\\/\\\/monatglobal.com\\\/fr\\\/\",\"name\":\"MONAT France\",\"description\":\"We Are Modern Nature\\u2122\",\"inLanguage\":\"en-US\",\"publisher\":{\"@id\":\"https:\\\/\\\/monatglobal.com\\\/fr\\\/#organization\"}}]}\n\t\t<\/script>\n\t\t<!-- All in One SEO Pro -->\r\n\t\t<title>MONAT Ignite 2025 | Voyage Incentive Exclusif \u00e0 Marrakech<\/title>\n\n","aioseo_head_json":{"title":"MONAT Ignite 2025 | Voyage Incentive Exclusif \u00e0 Marrakech","description":"Qualifiez-vous pour MONAT Ignite 2025 et vivez un voyage inoubliable \u00e0 Marrakech avec h\u00e9bergement de luxe, \u00e9v\u00e9nements exclusifs et une soir\u00e9e de gala !","canonical_url":"https:\/\/monatglobal.com\/fr\/ignite\/","robots":"noindex, nofollow, max-image-preview:large","keywords":"","webmasterTools":{"miscellaneous":""},"schema":{"@context":"https:\/\/schema.org","@graph":[{"@type":"BreadcrumbList","@id":"https:\/\/monatglobal.com\/fr\/ignite\/#breadcrumblist","itemListElement":[{"@type":"ListItem","@id":"https:\/\/monatglobal.com\/fr#listItem","position":1,"name":"Home","item":"https:\/\/monatglobal.com\/fr","nextItem":{"@type":"ListItem","@id":"https:\/\/monatglobal.com\/fr\/ignite\/#listItem","name":"MONAT EUROPE IGNITE 2024"}},{"@type":"ListItem","@id":"https:\/\/monatglobal.com\/fr\/ignite\/#listItem","position":2,"name":"MONAT EUROPE IGNITE 2024","previousItem":{"@type":"ListItem","@id":"https:\/\/monatglobal.com\/fr#listItem","name":"Home"}}]},{"@type":"Organization","@id":"https:\/\/monatglobal.com\/fr\/#organization","name":"MONAT France","description":"We Are Modern Nature\u2122","url":"https:\/\/monatglobal.com\/fr\/"},{"@type":"WebPage","@id":"https:\/\/monatglobal.com\/fr\/ignite\/#webpage","url":"https:\/\/monatglobal.com\/fr\/ignite\/","name":"MONAT Ignite 2025 | Voyage Incentive Exclusif \u00e0 Marrakech","description":"Qualifiez-vous pour MONAT Ignite 2025 et vivez un voyage inoubliable \u00e0 Marrakech avec h\u00e9bergement de luxe, \u00e9v\u00e9nements exclusifs et une soir\u00e9e de gala !","inLanguage":"en-US","isPartOf":{"@id":"https:\/\/monatglobal.com\/fr\/#website"},"breadcrumb":{"@id":"https:\/\/monatglobal.com\/fr\/ignite\/#breadcrumblist"},"image":{"@type":"ImageObject","url":"https:\/\/monatglobal.com\/fr\/wp-content\/uploads\/sites\/19\/2025\/02\/Ignite-2025-MARRAKECH-FEATURED-min.jpg","@id":"https:\/\/monatglobal.com\/fr\/ignite\/#mainImage","width":1200,"height":628},"primaryImageOfPage":{"@id":"https:\/\/monatglobal.com\/fr\/ignite\/#mainImage"},"datePublished":"2023-10-03T16:21:15+01:00","dateModified":"2025-02-25T17:28:26+00:00"},{"@type":"WebSite","@id":"https:\/\/monatglobal.com\/fr\/#website","url":"https:\/\/monatglobal.com\/fr\/","name":"MONAT France","description":"We Are Modern Nature\u2122","inLanguage":"en-US","publisher":{"@id":"https:\/\/monatglobal.com\/fr\/#organization"}}]},"og:locale":"en_US","og:site_name":"MONAT France - We Are Modern Nature\u2122","og:type":"article","og:title":"MONAT Ignite 2025 | Voyage Incentive Exclusif \u00e0 Marrakech","og:description":"Qualifiez-vous pour MONAT Ignite 2025 et vivez un voyage inoubliable \u00e0 Marrakech avec h\u00e9bergement de luxe, \u00e9v\u00e9nements exclusifs et une soir\u00e9e de gala !","og:url":"https:\/\/monatglobal.com\/fr\/ignite\/","article:published_time":"2023-10-03T16:21:15+00:00","article:modified_time":"2025-02-25T17:28:26+00:00","twitter:card":"summary_large_image","twitter:title":"MONAT Ignite 2025 | Voyage Incentive Exclusif \u00e0 Marrakech","twitter:description":"Qualifiez-vous pour MONAT Ignite 2025 et vivez un voyage inoubliable \u00e0 Marrakech avec h\u00e9bergement de luxe, \u00e9v\u00e9nements exclusifs et une soir\u00e9e de gala !"},"aioseo_meta_data":{"post_id":"83844","title":"MONAT Ignite 2025 | Voyage Incentive Exclusif \u00e0 Marrakech","description":"Qualifiez-vous pour MONAT Ignite 2025 et vivez un voyage inoubliable \u00e0 Marrakech avec h\u00e9bergement de luxe, \u00e9v\u00e9nements exclusifs et une soir\u00e9e de gala !","keywords":null,"keyphrases":{"focus":{"keyphrase":"","score":0,"analysis":{"keyphraseInTitle":{"score":0,"maxScore":9,"error":1}}},"additional":[]},"primary_term":null,"canonical_url":null,"og_title":null,"og_description":null,"og_object_type":"default","og_image_type":"default","og_image_url":null,"og_image_width":null,"og_image_height":null,"og_image_custom_url":null,"og_image_custom_fields":null,"og_video":"","og_custom_url":null,"og_article_section":null,"og_article_tags":null,"twitter_use_og":false,"twitter_card":"default","twitter_image_type":"default","twitter_image_url":null,"twitter_image_custom_url":null,"twitter_image_custom_fields":null,"twitter_title":null,"twitter_description":null,"schema":{"blockGraphs":[],"customGraphs":[],"default":{"data":{"Article":[],"Course":[],"Dataset":[],"FAQPage":[],"Movie":[],"Person":[],"Product":[],"ProductReview":[],"Car":[],"Recipe":[],"Service":[],"SoftwareApplication":[],"WebPage":[]},"graphName":"WebPage","isEnabled":true},"graphs":[]},"schema_type":"default","schema_type_options":null,"pillar_content":false,"robots_default":true,"robots_noindex":false,"robots_noarchive":false,"robots_nosnippet":false,"robots_nofollow":false,"robots_noimageindex":false,"robots_noodp":false,"robots_notranslate":false,"robots_max_snippet":"-1","robots_max_videopreview":"-1","robots_max_imagepreview":"large","priority":null,"frequency":"default","local_seo":null,"seo_analyzer_scan_date":"2026-02-10 19:04:56","breadcrumb_settings":null,"limit_modified_date":false,"reviewed_by":null,"open_ai":null,"ai":null,"created":"2023-10-03 16:21:18","updated":"2026-02-10 19:04:56"},"aioseo_breadcrumb":"<div class=\"aioseo-breadcrumbs\"><span class=\"aioseo-breadcrumb\">\n\t<a href=\"https:\/\/monatglobal.com\/fr\" title=\"Home\">Home<\/a>\n<\/span><span class=\"aioseo-breadcrumb-separator\">&raquo;<\/span><span class=\"aioseo-breadcrumb\">\n\tMONAT EUROPE IGNITE 2024\n<\/span><\/div>","aioseo_breadcrumb_json":[{"label":"Home","link":"https:\/\/monatglobal.com\/fr"},{"label":"MONAT EUROPE IGNITE 2024","link":"https:\/\/monatglobal.com\/fr\/ignite\/"}],"_links":{"self":[{"href":"https:\/\/monatglobal.com\/fr\/wp-json\/wp\/v2\/pages\/83844","targetHints":{"allow":["GET"]}}],"collection":[{"href":"https:\/\/monatglobal.com\/fr\/wp-json\/wp\/v2\/pages"}],"about":[{"href":"https:\/\/monatglobal.com\/fr\/wp-json\/wp\/v2\/types\/page"}],"author":[{"embeddable":true,"href":"https:\/\/monatglobal.com\/fr\/wp-json\/wp\/v2\/users\/33"}],"replies":[{"embeddable":true,"href":"https:\/\/monatglobal.com\/fr\/wp-json\/wp\/v2\/comments?post=83844"}],"version-history":[{"count":13,"href":"https:\/\/monatglobal.com\/fr\/wp-json\/wp\/v2\/pages\/83844\/revisions"}],"predecessor-version":[{"id":86634,"href":"https:\/\/monatglobal.com\/fr\/wp-json\/wp\/v2\/pages\/83844\/revisions\/86634"}],"wp:featuredmedia":[{"embeddable":true,"href":"https:\/\/monatglobal.com\/fr\/wp-json\/wp\/v2\/media\/86536"}],"wp:attachment":[{"href":"https:\/\/monatglobal.com\/fr\/wp-json\/wp\/v2\/media?parent=83844"}],"wp:term":[{"taxonomy":"category","embeddable":true,"href":"https:\/\/monatglobal.com\/fr\/wp-json\/wp\/v2\/categories?post=83844"},{"taxonomy":"post_tag","embeddable":true,"href":"https:\/\/monatglobal.com\/fr\/wp-json\/wp\/v2\/tags?post=83844"}],"curies":[{"name":"wp","href":"https:\/\/api.w.org\/{rel}","templated":true}]}}