{"id":83669,"date":"2023-09-09T23:09:46","date_gmt":"2023-09-09T23:09:46","guid":{"rendered":"https:\/\/monatglobal.com\/fr\/?page_id=83669"},"modified":"2023-09-20T21:41:11","modified_gmt":"2023-09-20T21:41:11","slug":"skincare-makeup-launch-party","status":"publish","type":"page","link":"https:\/\/monatglobal.com\/fr\/skincare-makeup-launch-party\/","title":{"rendered":"Skincare Makeup Launch Party"},"content":{"rendered":"\n<!-- HERO SECTION -->\n        <img decoding=\"async\" src=\"https:\/\/monatglobal.com\/wp-content\/uploads\/2023\/08\/logoSkincareMakeup.svg\" alt=\"logo Skincare Make up\">\n        <h2>D\u00c9COMPTE OFFICIEL DU LANCEMENT:<\/h2>\n  <!-- COUNTDOWN -->\n            <h2 id=\"day\">0<\/h2>\n            JOURS\n            <h2 id=\"hour\">0<\/h2>\n            HEURES\n            <h2 id=\"minute\">0<\/h2>\n            MINUTES\n            <h2 id=\"second\">0<\/h2>\n            SECONDES\n    <!-- END OF COUNTDOWN -->\n  <!-- END OF HERO SECTION -->\n  <!-- IFRAME video -->\n          <!-- FRANCE 21-09-23 -->\n          <iframe src=\"https:\/\/www.youtube.com\/embed\/vJvXDXjg_68\" frameborder=\"0\" allow=\"fullscreen; accelerometer; autoplay; clipboard-write; encrypted-media; gyroscope; picture-in-picture; web-share\"><\/iframe>\n  <!-- LAUNCH PARTY SECTION -->\n           <!--<img decoding=\"async\" src=\"images\/logo-ae.gif\" alt=\"logo_launch_party\"\/> -->\n             <img decoding=\"async\" src=\"https:\/\/monatglobal.com\/wp-content\/uploads\/2023\/09\/logo-ae_FRANCE-v2.gif\" alt=\"Logo MONAT Skincare MakeUp Party Launch\">\n           <h2>9.21.23 | 19 heures,<br>heure d&#8217;\u00e9t\u00e9 de l&#8217;Est<\/h2>\n        <h2>Rejoindre. Apprendre. Acheter.<\/h2>\n        <p>Vous voulez en savoir plus sur la NOUVELLE gamme de maquillage et soins de la peau MONAT ?<\/p>\n        <br>\n        <p>Vous avez h\u00e2te de VOIR, ACHETER et ADORER ?<\/p>\n        <br>\n        INSCRIVEZ-VOUS MAINTENANT POUR<br>\n  participer \u00e0 nos TIRAGES EN DIRECT<br>\n  pour des produits de maquillage et de soins de la peau<br>MONAT EN TAILLE R\u00c9ELLE !\n  \n          <a href=\"https:\/\/forms.office.com\/pages\/responsepage.aspx?id=khlLHBrq_UuAR8p4_ZmdfYOCUVV12ZZHnJlDxaRdbrJUQTVISkVVRERVMzA0STFPSENUNjdOS0lZSC4u\">S&#8217;INSCRIRE MAINTENANT<\/a>\n  <!-- END OF LAUNCH PARTY SECTION -->\n  <!-- EXPERTS SECTION -->\n          <img decoding=\"async\" src=\"https:\/\/monatglobal.com\/wp-content\/uploads\/2023\/08\/Beth-Balsdon-headshot.jpg\" alt=\"Bethany Balsdon\">\n        <h3>Bethany Balsdon<\/h3>\n        <p>Senior Director<br>Exp\u00e9rience et Reconnaissance des Partenaires de March\u00e9<\/p>\n          <img decoding=\"async\" src=\"https:\/\/monatglobal.com\/wp-content\/uploads\/2023\/08\/Zulima-Garcia-headshot.jpg\" alt=\"Zulima Garcia\">\n        <h3>Zulima Garcia<\/h3>\n        <p>Senior Director<br>D\u00e9veloppement de produits \u00e0 l&#8217;\u00e9chelle mondiale<\/p>\n          <img decoding=\"async\" src=\"https:\/\/monatglobal.com\/wp-content\/uploads\/2023\/08\/Sara-Lininger-headshot.jpeg\" alt=\"Sara Lininger\">\n        <h3>Sara Lininger<\/h3>\n        <p>Associate Executive Director<\/p>\n    <h2>Rejoignez nos experts pour une pr\u00e9sentation approfondie  avec des faits, des avantages et des d\u00e9monstrations d&#8217;application en direct de toute la gamme :<\/h2>\n  <!-- END OF EXPERTS SECTION -->\n      <img decoding=\"async\" src=\"https:\/\/monatglobal.com\/wp-content\/uploads\/2023\/09\/MONAT_2023_Makeup-Skin-Care_Product-Group_EU.jpg\" usemap=\"#image_map\">\n    <!-- products grid -->\n          <img decoding=\"async\" src=\"https:\/\/monatglobal.com\/wp-content\/uploads\/2023\/08\/MONAT_2023_Makeup-Skin-Care_Model_Brighten-Correct-Concealer.jpg\" alt=\"MONAT Brighten + Correct Concealer\">\n          <p>MONAT Brighten + Correct Concealer<sup>TM<\/sup><\/p>\n          <img decoding=\"async\" src=\"https:\/\/monatglobal.com\/wp-content\/uploads\/2023\/08\/MONAT_2023_SKINCARE-MAKEUP_Hydrating-Liquid-Gel-Cream-Blush.jpg\" alt=\"MONAT Hydrating Liquid-Gel Cream Blush\">\n            <p>MONAT Hydrating Liquid-Gel Cream Blush<sup>TM<\/sup><\/p>\n          <img decoding=\"async\" src=\"https:\/\/monatglobal.com\/wp-content\/uploads\/2023\/08\/MONAT_2023_Makeup-Skin-Care_Product_Liquid-Lipstick.jpg\" alt=\"MONAT Liquid Lipstick\">\n            <p>MONAT Liquid Lipstick<sup>TM<\/sup><\/p>\n          <img decoding=\"async\" src=\"https:\/\/monatglobal.com\/wp-content\/uploads\/2023\/08\/MONAT_2023_SKINCARE-MAKEUP_IR-Clinical-Mascara.jpg\" alt=\"\">\n            <p>MONAT IR Clinical<sup>TM<\/sup> Mascara<\/p>\n          <img decoding=\"async\" src=\"https:\/\/monatglobal.com\/wp-content\/uploads\/2023\/08\/MONAT_2023_SKINCARE-MAKEUP_IR-Clear-Brow-Gel.jpg\" alt=\"\">\n            <p>MONAT IR Clinical<sup>TM<\/sup> Clear Brow Gel<\/p>\n  <!-- end of products grid -->\n  <!-- party quote -->\n    <h2>Lorsque la f\u00eate se termine,  <br>le shopping commence pour tout le monde.<\/h2>\n    Tenez-vous pr\u00eat \u00e0 faire l&#8217;exp\u00e9rience du maquillage et soins de la peau MONAT par vous-m\u00eame.<br>\nLes d\u00e9tails seront annonc\u00e9s EN DIRECT pendant l&#8217;\u00e9v\u00e9nement !\n  <!-- end of party quote -->\n    <!-- future section -->\n          <h2>Le futur du maquillage, <br>c&#8217;est maintenant.<\/h2>\n            <a href=\"https:\/\/forms.office.com\/pages\/responsepage.aspx?id=khlLHBrq_UuAR8p4_ZmdfYOCUVV12ZZHnJlDxaRdbrJUQTVISkVVRERVMzA0STFPSENUNjdOS0lZSC4u\">S&#8217;INSCRIRE<\/a>\n        <video src=\"https:\/\/monatglobal.com\/wp-content\/uploads\/2023\/08\/Models-Gif_I.mp4\" alt=\"\" muted=\"\" autoplay=\"\" loop=\"\"><\/video>\n    <!-- end of future section -->\n","protected":false},"excerpt":{"rendered":"<p>D\u00c9COMPTE OFFICIEL DU LANCEMENT: 0 JOURS 0 HEURES 0 MINUTES 0 SECONDES 9.21.23 | 19 heures,heure d&#8217;\u00e9t\u00e9 de l&#8217;Est Rejoindre. Apprendre. Acheter. Vous voulez en savoir plus sur la NOUVELLE gamme de maquillage et soins de la peau MONAT ? Vous avez h\u00e2te de VOIR, ACHETER et ADORER ? INSCRIVEZ-VOUS MAINTENANT POUR participer \u00e0 nos&hellip;<\/p>\n","protected":false},"author":34,"featured_media":0,"parent":0,"menu_order":0,"comment_status":"closed","ping_status":"closed","template":"","meta":{"inline_featured_image":false,"om_disable_all_campaigns":false,"_monsterinsights_skip_tracking":false,"_monsterinsights_sitenote_active":false,"_monsterinsights_sitenote_note":"","_monsterinsights_sitenote_category":0,"footnotes":""},"categories":[],"tags":[],"class_list":["post-83669","page","type-page","status-publish","hentry"],"aioseo_notices":[],"aioseo_head":"\n\t\t<!-- All in One SEO Pro 4.9.6 - aioseo.com -->\n\t<meta name=\"description\" content=\"--&gt; 9.21.23 | 19 heures,heure d&#039;\u00e9t\u00e9 de l&#039;Est Rejoindre. Apprendre. Acheter. Vous voulez en savoir plus sur la NOUVELLE gamme de maquillage et soins de la peau MONAT ? Vous avez h\u00e2te de VOIR, ACHETER et ADORER ? INSCRIVEZ-VOUS MAINTENANT POUR participer \u00e0 nos TIRAGES EN DIRECT pour des produits de maquillage et de soins\" \/>\n\t<meta name=\"robots\" content=\"noindex, nofollow, max-image-preview:large\" \/>\n\t<link rel=\"canonical\" href=\"https:\/\/monatglobal.com\/fr\/skincare-makeup-launch-party\/\" \/>\n\t<meta name=\"generator\" content=\"All in One SEO Pro (AIOSEO) 4.9.6\" \/>\n\t\t<meta property=\"og:locale\" content=\"en_US\" \/>\n\t\t<meta property=\"og:site_name\" content=\"MONAT France - We Are Modern Nature\u2122\" \/>\n\t\t<meta property=\"og:type\" content=\"article\" \/>\n\t\t<meta property=\"og:title\" content=\"Skincare Makeup Launch Party - MONAT France\" \/>\n\t\t<meta property=\"og:description\" content=\"--&gt; 9.21.23 | 19 heures,heure d&#039;\u00e9t\u00e9 de l&#039;Est Rejoindre. Apprendre. Acheter. Vous voulez en savoir plus sur la NOUVELLE gamme de maquillage et soins de la peau MONAT ? Vous avez h\u00e2te de VOIR, ACHETER et ADORER ? INSCRIVEZ-VOUS MAINTENANT POUR participer \u00e0 nos TIRAGES EN DIRECT pour des produits de maquillage et de soins\" \/>\n\t\t<meta property=\"og:url\" content=\"https:\/\/monatglobal.com\/fr\/skincare-makeup-launch-party\/\" \/>\n\t\t<meta property=\"article:published_time\" content=\"2023-09-09T23:09:46+00:00\" \/>\n\t\t<meta property=\"article:modified_time\" content=\"2023-09-20T21:41:11+00:00\" \/>\n\t\t<meta name=\"twitter:card\" content=\"summary_large_image\" \/>\n\t\t<meta name=\"twitter:title\" content=\"Skincare Makeup Launch Party - MONAT France\" \/>\n\t\t<meta name=\"twitter:description\" content=\"--&gt; 9.21.23 | 19 heures,heure d&#039;\u00e9t\u00e9 de l&#039;Est Rejoindre. Apprendre. Acheter. Vous voulez en savoir plus sur la NOUVELLE gamme de maquillage et soins de la peau MONAT ? Vous avez h\u00e2te de VOIR, ACHETER et ADORER ? INSCRIVEZ-VOUS MAINTENANT POUR participer \u00e0 nos TIRAGES EN DIRECT pour des produits de maquillage et de soins\" \/>\n\t\t<script type=\"application\/ld+json\" class=\"aioseo-schema\">\n\t\t\t{\"@context\":\"https:\\\/\\\/schema.org\",\"@graph\":[{\"@type\":\"BreadcrumbList\",\"@id\":\"https:\\\/\\\/monatglobal.com\\\/fr\\\/skincare-makeup-launch-party\\\/#breadcrumblist\",\"itemListElement\":[{\"@type\":\"ListItem\",\"@id\":\"https:\\\/\\\/monatglobal.com\\\/fr#listItem\",\"position\":1,\"name\":\"Home\",\"item\":\"https:\\\/\\\/monatglobal.com\\\/fr\",\"nextItem\":{\"@type\":\"ListItem\",\"@id\":\"https:\\\/\\\/monatglobal.com\\\/fr\\\/skincare-makeup-launch-party\\\/#listItem\",\"name\":\"Skincare Makeup Launch Party\"}},{\"@type\":\"ListItem\",\"@id\":\"https:\\\/\\\/monatglobal.com\\\/fr\\\/skincare-makeup-launch-party\\\/#listItem\",\"position\":2,\"name\":\"Skincare Makeup Launch Party\",\"previousItem\":{\"@type\":\"ListItem\",\"@id\":\"https:\\\/\\\/monatglobal.com\\\/fr#listItem\",\"name\":\"Home\"}}]},{\"@type\":\"Organization\",\"@id\":\"https:\\\/\\\/monatglobal.com\\\/fr\\\/#organization\",\"name\":\"MONAT France\",\"description\":\"We Are Modern Nature\\u2122\",\"url\":\"https:\\\/\\\/monatglobal.com\\\/fr\\\/\"},{\"@type\":\"WebPage\",\"@id\":\"https:\\\/\\\/monatglobal.com\\\/fr\\\/skincare-makeup-launch-party\\\/#webpage\",\"url\":\"https:\\\/\\\/monatglobal.com\\\/fr\\\/skincare-makeup-launch-party\\\/\",\"name\":\"Skincare Makeup Launch Party - MONAT France\",\"description\":\"--> 9.21.23 | 19 heures,heure d'\\u00e9t\\u00e9 de l'Est Rejoindre. Apprendre. Acheter. Vous voulez en savoir plus sur la NOUVELLE gamme de maquillage et soins de la peau MONAT ? Vous avez h\\u00e2te de VOIR, ACHETER et ADORER ? INSCRIVEZ-VOUS MAINTENANT POUR participer \\u00e0 nos TIRAGES EN DIRECT pour des produits de maquillage et de soins\",\"inLanguage\":\"en-US\",\"isPartOf\":{\"@id\":\"https:\\\/\\\/monatglobal.com\\\/fr\\\/#website\"},\"breadcrumb\":{\"@id\":\"https:\\\/\\\/monatglobal.com\\\/fr\\\/skincare-makeup-launch-party\\\/#breadcrumblist\"},\"datePublished\":\"2023-09-09T23:09:46+01:00\",\"dateModified\":\"2023-09-20T21:41:11+01:00\"},{\"@type\":\"WebSite\",\"@id\":\"https:\\\/\\\/monatglobal.com\\\/fr\\\/#website\",\"url\":\"https:\\\/\\\/monatglobal.com\\\/fr\\\/\",\"name\":\"MONAT France\",\"description\":\"We Are Modern Nature\\u2122\",\"inLanguage\":\"en-US\",\"publisher\":{\"@id\":\"https:\\\/\\\/monatglobal.com\\\/fr\\\/#organization\"}}]}\n\t\t<\/script>\n\t\t<!-- All in One SEO Pro -->\r\n\t\t<title>Skincare Makeup Launch Party - MONAT France<\/title>\n\n","aioseo_head_json":{"title":"Skincare Makeup Launch Party - MONAT France","description":"--> 9.21.23 | 19 heures,heure d'\u00e9t\u00e9 de l'Est Rejoindre. Apprendre. Acheter. Vous voulez en savoir plus sur la NOUVELLE gamme de maquillage et soins de la peau MONAT ? Vous avez h\u00e2te de VOIR, ACHETER et ADORER ? INSCRIVEZ-VOUS MAINTENANT POUR participer \u00e0 nos TIRAGES EN DIRECT pour des produits de maquillage et de soins","canonical_url":"https:\/\/monatglobal.com\/fr\/skincare-makeup-launch-party\/","robots":"noindex, nofollow, max-image-preview:large","keywords":"","webmasterTools":{"miscellaneous":""},"schema":{"@context":"https:\/\/schema.org","@graph":[{"@type":"BreadcrumbList","@id":"https:\/\/monatglobal.com\/fr\/skincare-makeup-launch-party\/#breadcrumblist","itemListElement":[{"@type":"ListItem","@id":"https:\/\/monatglobal.com\/fr#listItem","position":1,"name":"Home","item":"https:\/\/monatglobal.com\/fr","nextItem":{"@type":"ListItem","@id":"https:\/\/monatglobal.com\/fr\/skincare-makeup-launch-party\/#listItem","name":"Skincare Makeup Launch Party"}},{"@type":"ListItem","@id":"https:\/\/monatglobal.com\/fr\/skincare-makeup-launch-party\/#listItem","position":2,"name":"Skincare Makeup Launch Party","previousItem":{"@type":"ListItem","@id":"https:\/\/monatglobal.com\/fr#listItem","name":"Home"}}]},{"@type":"Organization","@id":"https:\/\/monatglobal.com\/fr\/#organization","name":"MONAT France","description":"We Are Modern Nature\u2122","url":"https:\/\/monatglobal.com\/fr\/"},{"@type":"WebPage","@id":"https:\/\/monatglobal.com\/fr\/skincare-makeup-launch-party\/#webpage","url":"https:\/\/monatglobal.com\/fr\/skincare-makeup-launch-party\/","name":"Skincare Makeup Launch Party - MONAT France","description":"--> 9.21.23 | 19 heures,heure d'\u00e9t\u00e9 de l'Est Rejoindre. Apprendre. Acheter. Vous voulez en savoir plus sur la NOUVELLE gamme de maquillage et soins de la peau MONAT ? Vous avez h\u00e2te de VOIR, ACHETER et ADORER ? INSCRIVEZ-VOUS MAINTENANT POUR participer \u00e0 nos TIRAGES EN DIRECT pour des produits de maquillage et de soins","inLanguage":"en-US","isPartOf":{"@id":"https:\/\/monatglobal.com\/fr\/#website"},"breadcrumb":{"@id":"https:\/\/monatglobal.com\/fr\/skincare-makeup-launch-party\/#breadcrumblist"},"datePublished":"2023-09-09T23:09:46+01:00","dateModified":"2023-09-20T21:41:11+01:00"},{"@type":"WebSite","@id":"https:\/\/monatglobal.com\/fr\/#website","url":"https:\/\/monatglobal.com\/fr\/","name":"MONAT France","description":"We Are Modern Nature\u2122","inLanguage":"en-US","publisher":{"@id":"https:\/\/monatglobal.com\/fr\/#organization"}}]},"og:locale":"en_US","og:site_name":"MONAT France - We Are Modern Nature\u2122","og:type":"article","og:title":"Skincare Makeup Launch Party - MONAT France","og:description":"--&gt; 9.21.23 | 19 heures,heure d'\u00e9t\u00e9 de l'Est Rejoindre. Apprendre. Acheter. Vous voulez en savoir plus sur la NOUVELLE gamme de maquillage et soins de la peau MONAT ? Vous avez h\u00e2te de VOIR, ACHETER et ADORER ? INSCRIVEZ-VOUS MAINTENANT POUR participer \u00e0 nos TIRAGES EN DIRECT pour des produits de maquillage et de soins","og:url":"https:\/\/monatglobal.com\/fr\/skincare-makeup-launch-party\/","article:published_time":"2023-09-09T23:09:46+00:00","article:modified_time":"2023-09-20T21:41:11+00:00","twitter:card":"summary_large_image","twitter:title":"Skincare Makeup Launch Party - MONAT France","twitter:description":"--&gt; 9.21.23 | 19 heures,heure d'\u00e9t\u00e9 de l'Est Rejoindre. Apprendre. Acheter. Vous voulez en savoir plus sur la NOUVELLE gamme de maquillage et soins de la peau MONAT ? Vous avez h\u00e2te de VOIR, ACHETER et ADORER ? INSCRIVEZ-VOUS MAINTENANT POUR participer \u00e0 nos TIRAGES EN DIRECT pour des produits de maquillage et de soins"},"aioseo_meta_data":{"post_id":"83669","title":null,"description":null,"keywords":[],"keyphrases":{"focus":{"keyphrase":"","score":0,"analysis":{"keyphraseInTitle":{"score":0,"maxScore":9,"error":1}}},"additional":[]},"primary_term":null,"canonical_url":null,"og_title":null,"og_description":null,"og_object_type":"default","og_image_type":"default","og_image_url":null,"og_image_width":null,"og_image_height":null,"og_image_custom_url":null,"og_image_custom_fields":null,"og_video":"","og_custom_url":null,"og_article_section":null,"og_article_tags":[],"twitter_use_og":false,"twitter_card":"default","twitter_image_type":"default","twitter_image_url":null,"twitter_image_custom_url":null,"twitter_image_custom_fields":null,"twitter_title":null,"twitter_description":null,"schema":{"blockGraphs":[],"customGraphs":[],"default":{"data":{"Article":[],"Course":[],"Dataset":[],"FAQPage":[],"Movie":[],"Person":[],"Product":[],"ProductReview":[],"Car":[],"Recipe":[],"Service":[],"SoftwareApplication":[],"WebPage":[]},"graphName":"WebPage","isEnabled":true},"graphs":[]},"schema_type":"default","schema_type_options":null,"pillar_content":false,"robots_default":true,"robots_noindex":false,"robots_noarchive":false,"robots_nosnippet":false,"robots_nofollow":false,"robots_noimageindex":false,"robots_noodp":false,"robots_notranslate":false,"robots_max_snippet":"-1","robots_max_videopreview":"-1","robots_max_imagepreview":"large","priority":null,"frequency":"default","local_seo":null,"seo_analyzer_scan_date":"2026-02-10 19:03:26","breadcrumb_settings":null,"limit_modified_date":false,"reviewed_by":null,"open_ai":null,"ai":null,"created":"2023-09-06 22:53:59","updated":"2026-02-10 19:03:26"},"aioseo_breadcrumb":"<div class=\"aioseo-breadcrumbs\"><span class=\"aioseo-breadcrumb\">\n\t<a href=\"https:\/\/monatglobal.com\/fr\" title=\"Home\">Home<\/a>\n<\/span><span class=\"aioseo-breadcrumb-separator\">&raquo;<\/span><span class=\"aioseo-breadcrumb\">\n\tSkincare Makeup Launch Party\n<\/span><\/div>","aioseo_breadcrumb_json":[{"label":"Home","link":"https:\/\/monatglobal.com\/fr"},{"label":"Skincare Makeup Launch Party","link":"https:\/\/monatglobal.com\/fr\/skincare-makeup-launch-party\/"}],"_links":{"self":[{"href":"https:\/\/monatglobal.com\/fr\/wp-json\/wp\/v2\/pages\/83669","targetHints":{"allow":["GET"]}}],"collection":[{"href":"https:\/\/monatglobal.com\/fr\/wp-json\/wp\/v2\/pages"}],"about":[{"href":"https:\/\/monatglobal.com\/fr\/wp-json\/wp\/v2\/types\/page"}],"author":[{"embeddable":true,"href":"https:\/\/monatglobal.com\/fr\/wp-json\/wp\/v2\/users\/34"}],"replies":[{"embeddable":true,"href":"https:\/\/monatglobal.com\/fr\/wp-json\/wp\/v2\/comments?post=83669"}],"version-history":[{"count":12,"href":"https:\/\/monatglobal.com\/fr\/wp-json\/wp\/v2\/pages\/83669\/revisions"}],"predecessor-version":[{"id":83762,"href":"https:\/\/monatglobal.com\/fr\/wp-json\/wp\/v2\/pages\/83669\/revisions\/83762"}],"wp:attachment":[{"href":"https:\/\/monatglobal.com\/fr\/wp-json\/wp\/v2\/media?parent=83669"}],"wp:term":[{"taxonomy":"category","embeddable":true,"href":"https:\/\/monatglobal.com\/fr\/wp-json\/wp\/v2\/categories?post=83669"},{"taxonomy":"post_tag","embeddable":true,"href":"https:\/\/monatglobal.com\/fr\/wp-json\/wp\/v2\/tags?post=83669"}],"curies":[{"name":"wp","href":"https:\/\/api.w.org\/{rel}","templated":true}]}}