{"id":83634,"date":"2023-08-26T22:52:37","date_gmt":"2023-08-27T02:52:37","guid":{"rendered":"https:\/\/monatglobal.com\/ca\/?page_id=83634"},"modified":"2026-04-13T20:24:33","modified_gmt":"2026-04-13T19:24:33","slug":"makeup-liquid-blush","status":"publish","type":"page","link":"https:\/\/monatglobal.com\/fr\/makeup-liquid-blush\/","title":{"rendered":"Liquid Blush | MONAT Makeup | Liquid-Gel Cream Blush"},"content":{"rendered":"\n\n\t<link rel=\"stylesheet\" href=\"https:\/\/monatglobal.com\/wp-content\/creative_css\/product_styles_sheet.css\"\/>\n    <!--==================================================== ECOMM SECTION ====================================================-->\n        <!--==================================================== Ecomm image ====================================================-->\n            NOUVEAU\n                    <img decoding=\"async\" alt=\"\" src=\"\" loading=\"lazy\"\/>\n                    <img decoding=\"async\" alt=\"\" src=\"\" loading=\"lazy\"\/>\n                    <!---->\n                        <img decoding=\"async\" alt=\"\" src=\"\" data-lbxp=\"\" loading=\"lazy\"\/>\n                        <img decoding=\"async\" alt=\"\" src=\"\" loading=\"lazy\"\/>\n                        <!---->\n        <!--==================================================== Ecomm information  ====================================================-->\n            NOUVEAU\n            <h1>MONAT Hydrating Liquid-Gel Cream Blush\u2122<\/h1>\n            <p>MONAT<\/p>\n            <p>Vitamine E et esters de&nbsp;jojoba<\/p>\n            <p>Cette formule l\u00e9g\u00e8re hydrate instantan\u00e9ment la peau tout en la nourrissant, r\u00e9v\u00e9lant une lueur&nbsp;saine.<\/p>\n            <p>10 ml \u212e 0,34 oz liq.<\/p>\n            \n                <label><input type=\"radio\" name=\"toneCreamBlush\"\/><\/label>\n                <label><input type=\"radio\" name=\"toneCreamBlush\"\/><\/label>\n                <label><input type=\"radio\" name=\"toneCreamBlush\"\/><\/label>\n             <!--==================================================== pricing box ====================================================-->    \n                    <p>Prix de d\u00e9tail<br \/>00.00 \u20ac<\/p>\n                    <p>Prix de VIP<br \/>00.00 \u20ac<\/p>\n             <!--==================================================== pricing box ====================================================-->\n            <p>Pour en savoir plus sur le Blush cr\u00e8me + gel liquide hydratant MONAT\ufe0f, veuillez contacter votre Partenaire de March\u00e9&nbsp;MONAT.<\/p>\n            <a href=\"\" target=\"_blank\" role=\"button\" aria-label=\"\"><\/a> \n    <!--==================================================== \/ECOMM SECTION  ====================================================--> \n    <!--==================================================== Benefits image ====================================================-->\n    \n        <source id=\"benefitsMobImg\" media=\"(max-width: 700px)\" srcset=\"\"\/>\n        <img decoding=\"async\" id=\"benefitsImg\" src=\"\" alt=\"\" loading=\"lazy\"\/>\n    \n    <!--==================================================== Benefits text ====================================================-->\n            <h2>BIENFAITS<\/h2>\n            <h3>Il contient des ingr\u00e9dients pour dorloter la peau tout en donnant bonne mine.<\/h3>\n            <p> Ce blush cr\u00e8me l\u00e9ger sous forme de gel liquide est enrichi en acide hyaluronique pour hydrater et nourrir instantan\u00e9ment la peau tout en lui donnant une finition saine et ros\u00e9e qui tient toute la&nbsp;journ\u00e9e*.<\/p>\n            <!--==================================================== features image slide  ====================================================-->\n                    <img decoding=\"async\" src=\"\" alt=\"\" loading=\"lazy\"\/>\n                    <img decoding=\"async\" src=\"\" alt=\"\" loading=\"lazy\"\/>\n                    <img decoding=\"async\" src=\"\" alt=\"\" loading=\"lazy\"\/>\n                    <img decoding=\"async\" src=\"\" alt=\"\" loading=\"lazy\"\/>\n        <!--==================================================== features text ====================================================-->\n                <h3>Caract\u00e9ristiques<\/h3>\n                    <p>\/ Il se d\u00e9cline en trois teintes universelles qui se fondent \u00e0 la&nbsp;peau*<\/p> \n                    <p>\/ Il s&#8217;applique de fa\u00e7on uniforme et ne laisse pas de&nbsp;traces*<\/p> \n                    <p>\/ Il offre une couleur modulable pour une finition naturelle et&nbsp;ros\u00e9e*<\/p>\n                    <p>\/ Il hydrate et illumine la&nbsp;peau*<\/p>\n                    <p>\/ Il aide \u00e0 am\u00e9liorer l&#8217;apparence de la texture, l&#8217;\u00e9lasticit\u00e9 et la fermet\u00e9 de la&nbsp;peau*<\/p>\n                    <p>\/ Il convient \u00e0 la peau&nbsp;sensible<\/p>\n                    <br \/>\n                <p>Parfum \/ Non parfum\u00e9<\/p>\n                <p>Texture \/ Cr\u00e8me gel liquide<\/p>\n                <p>*Bas\u00e9 sur une \u00e9tude de consommateurs men\u00e9e aupr\u00e8s de 35 femmes \u00e2g\u00e9es de 18 \u00e0 60 ans qui utilisent un fard \u00e0 joues \u00e0 pr\u00e9sent. Test\u00e9 par un laboratoire&nbsp;ind\u00e9pendant.<\/p>\n    <!--==================================================== composition image mobile ====================================================-->\n    <img decoding=\"async\" src=\"\" alt=\"\" loading=\"lazy\"\/>\n    <!--==================================================== Why it works text ====================================================-->\n        <h3>Il hydrate la peau tout en donnant bonne&nbsp;mine.<\/h3>\n        <p>Cette formule hydratante contient de la vitamine E et des esters de jojoba pour aider \u00e0 am\u00e9liorer l&#8217;apparence de la texture de la peau et l&#8217;\u00e9lasticit\u00e9, tout en illuminant la peau. Sa texture liquide permet une application uniforme sans traces et donne une finition naturelle et&nbsp;ros\u00e9e.<\/p>\n<!--==================================================== Composition section ====================================================-->\n        <img decoding=\"async\" src=\"\" alt=\"\" loading=\"lazy\"\/>\n        <img decoding=\"async\" id=\"compImg_2\" src=\"\" alt=\"\" loading=\"lazy\"\/>\n                <!--==================================================== Directions text ====================================================--> \n                    <h3>Mode d&#8217;emploi<\/h3><br \/>\n                        <p>\/ Bien agiter.  Veuillez maintenir ce produit \u00e0 temp\u00e9rature ambiante en permanence.  <\/p>\n                        <p>\/ Appuyer d\u00e9licatement sur le tube pour d\u00e9poser une petite quantit\u00e9 de produit sur le dos de votre&nbsp;main.<\/p>\n                        <p>\/ Appliquer le produit sur les pommettes \u00e0 l&#8217;aide d&#8217;un pinceau ou de vos&nbsp;doigts.<\/p>\n                        <p>\/ Estomper d\u00e9licatement avec un pinceau, le bout des doigts ou une&nbsp;\u00e9ponge.<\/p>\n                        <p>\/ Superposer les couches au besoin pour obtenir un effet plus&nbsp;intense.<\/p>\n                <!--==================================================== Directions video ====================================================-->\n    <p>MONAT Hydrating Liquid-Gel <br \/> Cream Blush\u2122\ufe0f <br \/>5:00<\/p>\n            <a href=\"\" target=\"_blank\"  role=\"button\" aria-label=\"\"><\/a>\n    <!--==================================================== Ingredients section  ====================================================-->\n        <h2>INGR\u00c9DIENTS CL\u00c9S<\/h2>\n                    <img decoding=\"async\" alt=\"rejuveniqe icon\" src=\"https:\/\/monatglobal.com\/wp-content\/uploads\/2022\/11\/REJUVENIQES.svg\"\/> \n                    <p>REJUVENIQE S\u2122\t<\/p>\n                    <img decoding=\"async\" alt=\"Vitamin E icon\" src=\"https:\/\/monatglobal.com\/wp-content\/uploads\/2022\/09\/Vitamin-E.svg\"\/> \n                    <p>Vitamine E<\/p>\n                    <img decoding=\"async\" alt=\"Plant Derived Moisturizing Complex icon\" src=\"https:\/\/monatglobal.com\/wp-content\/uploads\/2023\/03\/Sodium-Hyaluronate.svg\"\/> \n                    <p>Hyaluronate de sodium<\/p>\n        <button id=\"myBtn\" type=\"button\">LISTE D&#8217;INGR\u00c9DIENTS<\/button>\n        <!--==================================================== Modal content  ====================================================-->\n            \u00d7\n            <p>Aqua\/Water\/Eau, Heptyl Undecylenate, Propanediol, Caprylic\/Capric Triglyceride, Polyglyceryl-4 Olivate\/Polyricinoleate, Capryloyl Glycerin\/Sebacic Acid Copolymer, Sorbitan Olivate, Cellulose, Dodecane, Diheptyl Succinate, Silica, Mica, Jojoba Esters, Ricinus Communis (Castor) Seed Oil, Butyrospermum Parkii (Shea) Butter, Hydrogenated Rapeseed Oil, Limnanthes Alba (Meadowfoam) Seed Oil, Crambe Abyssinica Seed Oil, Acacia Decurrens Flower Wax, Hydrogenated Castor Oil, Camellia Oleifera Seed Oil, Daucus Carota Sativa (Carrot) Seed Oil, Simmondsia Chinensis (Jojoba) Seed Extract, Magnesium Sulfate, Helianthus Annuus (Sunflower) Seed Wax, Sodium Hyaluronate, Solanum Lycopersicum (Tomato) Seed Oil, Adansonia Digitata Oil, Caryocar Brasiliense Fruit Oil, Polyhydroxystearic Acid, Triethyl Citrate, Disodium Stearoyl Glutamate, Citrus Aurantifolia (Lime) Oil, Citrus Aurantium Bergamia (Bergamot) Fruit Oil, Citrus Limon (Lemon) Peel Oil, Tocopheryl Acetate, Dilinoleic Acid\/Butanediol Copolymer, Citric Acid, Cocos Nucifera (Coconut) Oil, Gardenia Taitensis Flower Extract, Helianthus Annuus (Sunflower) Seed Oil, Polyglycerin-3, Castor Oil\/IPDI Copolymer, Mauritia Flexuosa Fruit Oil, Moringa Oleifera Seed Oil, Olea Europaea (Olive) Fruit Oil, Lecithin, Stearalkonium Bentonite, Coco-Caprylate\/Caprate, Barium Sulfate, Polyglyceryl-3 Diisostearate, Polyglyceryl-3 Polyricinoleate, Polyglyceryl-6 Polyricinoleate, Acacia Senegal Gum, Xanthan Gum, Sodium Benzoate, Potassium Sorbate, Tocopherol, May Contain (+\/-) Iron Oxides (CI 77491, CI 77492, CI 77499), Red 7 (CI 15850), Titanium Dioxide (CI 77891).<\/p>\n    <!--==================================================== You might also like section ====================================================-->\n        <h2>VOUS POURRIEZ AUSSI AIMER<\/h2>\n        <!--==================================================== Slider YOU MIGHT ALSO LIKE ====================================================-->\n            <!-- If we need navigation buttons -->\n            <!-- If we need paginations -->\n    <a href=\"\" aria-label=\"\"><\/a>\n<!--==================================================== this link has to go last for it to work   ====================================================-->\n\n","protected":false},"excerpt":{"rendered":"<p>NOUVEAU NOUVEAU MONAT Hydrating Liquid-Gel Cream Blush\u2122 MONAT Vitamine E et esters de&nbsp;jojoba Cette formule l\u00e9g\u00e8re hydrate instantan\u00e9ment la peau tout en la nourrissant, r\u00e9v\u00e9lant une lueur&nbsp;saine. 10 ml \u212e 0,34 oz liq. Prix de d\u00e9tail00.00 \u20ac Prix de VIP00.00 \u20ac Pour en savoir plus sur le Blush cr\u00e8me + gel liquide hydratant MONAT\ufe0f, veuillez&hellip;<\/p>\n","protected":false},"author":31,"featured_media":83722,"parent":0,"menu_order":0,"comment_status":"closed","ping_status":"closed","template":"","meta":{"inline_featured_image":false,"om_disable_all_campaigns":false,"_monsterinsights_skip_tracking":false,"_monsterinsights_sitenote_active":false,"_monsterinsights_sitenote_note":"","_monsterinsights_sitenote_category":0,"footnotes":""},"categories":[20],"tags":[],"class_list":["post-83634","page","type-page","status-publish","has-post-thumbnail","hentry","category-product-fr"],"aioseo_notices":[],"aioseo_head":"\n\t\t<!-- All in One SEO Pro 4.9.6 - aioseo.com -->\n\t<meta name=\"description\" content=\"NOUVEAU NOUVEAU MONAT Hydrating Liquid-Gel Cream Blush\u2122 MONAT Vitamine E et esters de jojoba Cette formule l\u00e9g\u00e8re hydrate instantan\u00e9ment la peau tout en la nourrissant, r\u00e9v\u00e9lant une lueur saine. 10 ml \u212e 0,34 oz liq. Prix de d\u00e9tail00.00 \u20ac Prix de VIP00.00 \u20ac Pour en savoir plus sur le Blush cr\u00e8me + gel liquide hydratant MONAT\ufe0f, veuillez\" \/>\n\t<meta name=\"robots\" content=\"noindex, nofollow, max-image-preview:large\" \/>\n\t<link rel=\"canonical\" href=\"https:\/\/monatglobal.com\/fr\/makeup-liquid-blush\/\" \/>\n\t<meta name=\"generator\" content=\"All in One SEO Pro (AIOSEO) 4.9.6\" \/>\n\t\t<meta property=\"og:locale\" content=\"en_US\" \/>\n\t\t<meta property=\"og:site_name\" content=\"MONAT France - We Are Modern Nature\u2122\" \/>\n\t\t<meta property=\"og:type\" content=\"article\" \/>\n\t\t<meta property=\"og:title\" content=\"Liquid Blush | MONAT Makeup | Liquid-Gel Cream Blush - MONAT France\" \/>\n\t\t<meta property=\"og:description\" content=\"NOUVEAU NOUVEAU MONAT Hydrating Liquid-Gel Cream Blush\u2122 MONAT Vitamine E et esters de jojoba Cette formule l\u00e9g\u00e8re hydrate instantan\u00e9ment la peau tout en la nourrissant, r\u00e9v\u00e9lant une lueur saine. 10 ml \u212e 0,34 oz liq. Prix de d\u00e9tail00.00 \u20ac Prix de VIP00.00 \u20ac Pour en savoir plus sur le Blush cr\u00e8me + gel liquide hydratant MONAT\ufe0f, veuillez\" \/>\n\t\t<meta property=\"og:url\" content=\"https:\/\/monatglobal.com\/fr\/makeup-liquid-blush\/\" \/>\n\t\t<meta property=\"article:published_time\" content=\"2023-08-27T02:52:37+00:00\" \/>\n\t\t<meta property=\"article:modified_time\" content=\"2026-04-13T19:24:33+00:00\" \/>\n\t\t<meta name=\"twitter:card\" content=\"summary_large_image\" \/>\n\t\t<meta name=\"twitter:title\" content=\"Liquid Blush | MONAT Makeup | Liquid-Gel Cream Blush - MONAT France\" \/>\n\t\t<meta name=\"twitter:description\" content=\"NOUVEAU NOUVEAU MONAT Hydrating Liquid-Gel Cream Blush\u2122 MONAT Vitamine E et esters de jojoba Cette formule l\u00e9g\u00e8re hydrate instantan\u00e9ment la peau tout en la nourrissant, r\u00e9v\u00e9lant une lueur saine. 10 ml \u212e 0,34 oz liq. Prix de d\u00e9tail00.00 \u20ac Prix de VIP00.00 \u20ac Pour en savoir plus sur le Blush cr\u00e8me + gel liquide hydratant MONAT\ufe0f, veuillez\" \/>\n\t\t<script type=\"application\/ld+json\" class=\"aioseo-schema\">\n\t\t\t{\"@context\":\"https:\\\/\\\/schema.org\",\"@graph\":[{\"@type\":\"BreadcrumbList\",\"@id\":\"https:\\\/\\\/monatglobal.com\\\/fr\\\/makeup-liquid-blush\\\/#breadcrumblist\",\"itemListElement\":[{\"@type\":\"ListItem\",\"@id\":\"https:\\\/\\\/monatglobal.com\\\/fr#listItem\",\"position\":1,\"name\":\"Home\",\"item\":\"https:\\\/\\\/monatglobal.com\\\/fr\",\"nextItem\":{\"@type\":\"ListItem\",\"@id\":\"https:\\\/\\\/monatglobal.com\\\/fr\\\/makeup-liquid-blush\\\/#listItem\",\"name\":\"Liquid Blush | MONAT Makeup | Liquid-Gel Cream Blush\"}},{\"@type\":\"ListItem\",\"@id\":\"https:\\\/\\\/monatglobal.com\\\/fr\\\/makeup-liquid-blush\\\/#listItem\",\"position\":2,\"name\":\"Liquid Blush | MONAT Makeup | Liquid-Gel Cream Blush\",\"previousItem\":{\"@type\":\"ListItem\",\"@id\":\"https:\\\/\\\/monatglobal.com\\\/fr#listItem\",\"name\":\"Home\"}}]},{\"@type\":\"Organization\",\"@id\":\"https:\\\/\\\/monatglobal.com\\\/fr\\\/#organization\",\"name\":\"MONAT France\",\"description\":\"We Are Modern Nature\\u2122\",\"url\":\"https:\\\/\\\/monatglobal.com\\\/fr\\\/\"},{\"@type\":\"WebPage\",\"@id\":\"https:\\\/\\\/monatglobal.com\\\/fr\\\/makeup-liquid-blush\\\/#webpage\",\"url\":\"https:\\\/\\\/monatglobal.com\\\/fr\\\/makeup-liquid-blush\\\/\",\"name\":\"Liquid Blush | MONAT Makeup | Liquid-Gel Cream Blush - MONAT France\",\"description\":\"NOUVEAU NOUVEAU MONAT Hydrating Liquid-Gel Cream Blush\\u2122 MONAT Vitamine E et esters de jojoba Cette formule l\\u00e9g\\u00e8re hydrate instantan\\u00e9ment la peau tout en la nourrissant, r\\u00e9v\\u00e9lant une lueur saine. 10 ml \\u212e 0,34 oz liq. Prix de d\\u00e9tail00.00 \\u20ac Prix de VIP00.00 \\u20ac Pour en savoir plus sur le Blush cr\\u00e8me + gel liquide hydratant MONAT\\ufe0f, veuillez\",\"inLanguage\":\"en-US\",\"isPartOf\":{\"@id\":\"https:\\\/\\\/monatglobal.com\\\/fr\\\/#website\"},\"breadcrumb\":{\"@id\":\"https:\\\/\\\/monatglobal.com\\\/fr\\\/makeup-liquid-blush\\\/#breadcrumblist\"},\"image\":{\"@type\":\"ImageObject\",\"url\":\"https:\\\/\\\/monatglobal.com\\\/fr\\\/wp-content\\\/uploads\\\/sites\\\/19\\\/2023\\\/09\\\/hydrating_liquid_gel_cream_blush_peach-ecomm.png\",\"@id\":\"https:\\\/\\\/monatglobal.com\\\/fr\\\/makeup-liquid-blush\\\/#mainImage\",\"width\":641,\"height\":800},\"primaryImageOfPage\":{\"@id\":\"https:\\\/\\\/monatglobal.com\\\/fr\\\/makeup-liquid-blush\\\/#mainImage\"},\"datePublished\":\"2023-08-26T22:52:37+01:00\",\"dateModified\":\"2026-04-13T20:24:33+01:00\"},{\"@type\":\"WebSite\",\"@id\":\"https:\\\/\\\/monatglobal.com\\\/fr\\\/#website\",\"url\":\"https:\\\/\\\/monatglobal.com\\\/fr\\\/\",\"name\":\"MONAT France\",\"description\":\"We Are Modern Nature\\u2122\",\"inLanguage\":\"en-US\",\"publisher\":{\"@id\":\"https:\\\/\\\/monatglobal.com\\\/fr\\\/#organization\"}}]}\n\t\t<\/script>\n\t\t<!-- All in One SEO Pro -->\r\n\t\t<title>Liquid Blush | MONAT Makeup | Liquid-Gel Cream Blush - MONAT France<\/title>\n\n","aioseo_head_json":{"title":"Liquid Blush | MONAT Makeup | Liquid-Gel Cream Blush - MONAT France","description":"NOUVEAU NOUVEAU MONAT Hydrating Liquid-Gel Cream Blush\u2122 MONAT Vitamine E et esters de jojoba Cette formule l\u00e9g\u00e8re hydrate instantan\u00e9ment la peau tout en la nourrissant, r\u00e9v\u00e9lant une lueur saine. 10 ml \u212e 0,34 oz liq. Prix de d\u00e9tail00.00 \u20ac Prix de VIP00.00 \u20ac Pour en savoir plus sur le Blush cr\u00e8me + gel liquide hydratant MONAT\ufe0f, veuillez","canonical_url":"https:\/\/monatglobal.com\/fr\/makeup-liquid-blush\/","robots":"noindex, nofollow, max-image-preview:large","keywords":"","webmasterTools":{"miscellaneous":""},"schema":{"@context":"https:\/\/schema.org","@graph":[{"@type":"BreadcrumbList","@id":"https:\/\/monatglobal.com\/fr\/makeup-liquid-blush\/#breadcrumblist","itemListElement":[{"@type":"ListItem","@id":"https:\/\/monatglobal.com\/fr#listItem","position":1,"name":"Home","item":"https:\/\/monatglobal.com\/fr","nextItem":{"@type":"ListItem","@id":"https:\/\/monatglobal.com\/fr\/makeup-liquid-blush\/#listItem","name":"Liquid Blush | MONAT Makeup | Liquid-Gel Cream Blush"}},{"@type":"ListItem","@id":"https:\/\/monatglobal.com\/fr\/makeup-liquid-blush\/#listItem","position":2,"name":"Liquid Blush | MONAT Makeup | Liquid-Gel Cream Blush","previousItem":{"@type":"ListItem","@id":"https:\/\/monatglobal.com\/fr#listItem","name":"Home"}}]},{"@type":"Organization","@id":"https:\/\/monatglobal.com\/fr\/#organization","name":"MONAT France","description":"We Are Modern Nature\u2122","url":"https:\/\/monatglobal.com\/fr\/"},{"@type":"WebPage","@id":"https:\/\/monatglobal.com\/fr\/makeup-liquid-blush\/#webpage","url":"https:\/\/monatglobal.com\/fr\/makeup-liquid-blush\/","name":"Liquid Blush | MONAT Makeup | Liquid-Gel Cream Blush - MONAT France","description":"NOUVEAU NOUVEAU MONAT Hydrating Liquid-Gel Cream Blush\u2122 MONAT Vitamine E et esters de jojoba Cette formule l\u00e9g\u00e8re hydrate instantan\u00e9ment la peau tout en la nourrissant, r\u00e9v\u00e9lant une lueur saine. 10 ml \u212e 0,34 oz liq. Prix de d\u00e9tail00.00 \u20ac Prix de VIP00.00 \u20ac Pour en savoir plus sur le Blush cr\u00e8me + gel liquide hydratant MONAT\ufe0f, veuillez","inLanguage":"en-US","isPartOf":{"@id":"https:\/\/monatglobal.com\/fr\/#website"},"breadcrumb":{"@id":"https:\/\/monatglobal.com\/fr\/makeup-liquid-blush\/#breadcrumblist"},"image":{"@type":"ImageObject","url":"https:\/\/monatglobal.com\/fr\/wp-content\/uploads\/sites\/19\/2023\/09\/hydrating_liquid_gel_cream_blush_peach-ecomm.png","@id":"https:\/\/monatglobal.com\/fr\/makeup-liquid-blush\/#mainImage","width":641,"height":800},"primaryImageOfPage":{"@id":"https:\/\/monatglobal.com\/fr\/makeup-liquid-blush\/#mainImage"},"datePublished":"2023-08-26T22:52:37+01:00","dateModified":"2026-04-13T20:24:33+01:00"},{"@type":"WebSite","@id":"https:\/\/monatglobal.com\/fr\/#website","url":"https:\/\/monatglobal.com\/fr\/","name":"MONAT France","description":"We Are Modern Nature\u2122","inLanguage":"en-US","publisher":{"@id":"https:\/\/monatglobal.com\/fr\/#organization"}}]},"og:locale":"en_US","og:site_name":"MONAT France - We Are Modern Nature\u2122","og:type":"article","og:title":"Liquid Blush | MONAT Makeup | Liquid-Gel Cream Blush - MONAT France","og:description":"NOUVEAU NOUVEAU MONAT Hydrating Liquid-Gel Cream Blush\u2122 MONAT Vitamine E et esters de jojoba Cette formule l\u00e9g\u00e8re hydrate instantan\u00e9ment la peau tout en la nourrissant, r\u00e9v\u00e9lant une lueur saine. 10 ml \u212e 0,34 oz liq. Prix de d\u00e9tail00.00 \u20ac Prix de VIP00.00 \u20ac Pour en savoir plus sur le Blush cr\u00e8me + gel liquide hydratant MONAT\ufe0f, veuillez","og:url":"https:\/\/monatglobal.com\/fr\/makeup-liquid-blush\/","article:published_time":"2023-08-27T02:52:37+00:00","article:modified_time":"2026-04-13T19:24:33+00:00","twitter:card":"summary_large_image","twitter:title":"Liquid Blush | MONAT Makeup | Liquid-Gel Cream Blush - MONAT France","twitter:description":"NOUVEAU NOUVEAU MONAT Hydrating Liquid-Gel Cream Blush\u2122 MONAT Vitamine E et esters de jojoba Cette formule l\u00e9g\u00e8re hydrate instantan\u00e9ment la peau tout en la nourrissant, r\u00e9v\u00e9lant une lueur saine. 10 ml \u212e 0,34 oz liq. Prix de d\u00e9tail00.00 \u20ac Prix de VIP00.00 \u20ac Pour en savoir plus sur le Blush cr\u00e8me + gel liquide hydratant MONAT\ufe0f, veuillez"},"aioseo_meta_data":{"post_id":"83634","title":null,"description":null,"keywords":[],"keyphrases":{"focus":{"keyphrase":"","score":0,"analysis":{"keyphraseInTitle":{"score":0,"maxScore":9,"error":1}}},"additional":[]},"primary_term":null,"canonical_url":null,"og_title":null,"og_description":null,"og_object_type":"default","og_image_type":"default","og_image_url":null,"og_image_width":null,"og_image_height":null,"og_image_custom_url":null,"og_image_custom_fields":null,"og_video":"","og_custom_url":null,"og_article_section":null,"og_article_tags":[],"twitter_use_og":false,"twitter_card":"default","twitter_image_type":"default","twitter_image_url":null,"twitter_image_custom_url":null,"twitter_image_custom_fields":null,"twitter_title":null,"twitter_description":null,"schema":{"blockGraphs":[],"customGraphs":[],"default":{"data":{"Article":[],"Course":[],"Dataset":[],"FAQPage":[],"Movie":[],"Person":[],"Product":[],"ProductReview":[],"Car":[],"Recipe":[],"Service":[],"SoftwareApplication":[],"WebPage":[]},"graphName":"WebPage","isEnabled":true},"graphs":[]},"schema_type":"default","schema_type_options":null,"pillar_content":false,"robots_default":true,"robots_noindex":false,"robots_noarchive":false,"robots_nosnippet":false,"robots_nofollow":false,"robots_noimageindex":false,"robots_noodp":false,"robots_notranslate":false,"robots_max_snippet":"-1","robots_max_videopreview":"-1","robots_max_imagepreview":"large","priority":null,"frequency":"default","local_seo":null,"seo_analyzer_scan_date":"2026-04-13 20:22:51","breadcrumb_settings":null,"limit_modified_date":false,"reviewed_by":null,"open_ai":null,"ai":null,"created":"2023-09-06 17:13:36","updated":"2026-04-13 20:23:41"},"aioseo_breadcrumb":"<div class=\"aioseo-breadcrumbs\"><span class=\"aioseo-breadcrumb\">\n\t<a href=\"https:\/\/monatglobal.com\/fr\" title=\"Home\">Home<\/a>\n<\/span><span class=\"aioseo-breadcrumb-separator\">&raquo;<\/span><span class=\"aioseo-breadcrumb\">\n\tLiquid Blush | MONAT Makeup | Liquid-Gel Cream Blush\n<\/span><\/div>","aioseo_breadcrumb_json":[{"label":"Home","link":"https:\/\/monatglobal.com\/fr"},{"label":"Liquid Blush | MONAT Makeup | Liquid-Gel Cream Blush","link":"https:\/\/monatglobal.com\/fr\/makeup-liquid-blush\/"}],"_links":{"self":[{"href":"https:\/\/monatglobal.com\/fr\/wp-json\/wp\/v2\/pages\/83634","targetHints":{"allow":["GET"]}}],"collection":[{"href":"https:\/\/monatglobal.com\/fr\/wp-json\/wp\/v2\/pages"}],"about":[{"href":"https:\/\/monatglobal.com\/fr\/wp-json\/wp\/v2\/types\/page"}],"author":[{"embeddable":true,"href":"https:\/\/monatglobal.com\/fr\/wp-json\/wp\/v2\/users\/31"}],"replies":[{"embeddable":true,"href":"https:\/\/monatglobal.com\/fr\/wp-json\/wp\/v2\/comments?post=83634"}],"version-history":[{"count":38,"href":"https:\/\/monatglobal.com\/fr\/wp-json\/wp\/v2\/pages\/83634\/revisions"}],"predecessor-version":[{"id":109465,"href":"https:\/\/monatglobal.com\/fr\/wp-json\/wp\/v2\/pages\/83634\/revisions\/109465"}],"wp:featuredmedia":[{"embeddable":true,"href":"https:\/\/monatglobal.com\/fr\/wp-json\/wp\/v2\/media\/83722"}],"wp:attachment":[{"href":"https:\/\/monatglobal.com\/fr\/wp-json\/wp\/v2\/media?parent=83634"}],"wp:term":[{"taxonomy":"category","embeddable":true,"href":"https:\/\/monatglobal.com\/fr\/wp-json\/wp\/v2\/categories?post=83634"},{"taxonomy":"post_tag","embeddable":true,"href":"https:\/\/monatglobal.com\/fr\/wp-json\/wp\/v2\/tags?post=83634"}],"curies":[{"name":"wp","href":"https:\/\/api.w.org\/{rel}","templated":true}]}}