{"id":83629,"date":"2023-08-26T22:47:21","date_gmt":"2023-08-27T02:47:21","guid":{"rendered":"https:\/\/monatglobal.com\/ca\/?page_id=83629"},"modified":"2026-01-29T18:11:05","modified_gmt":"2026-01-29T18:11:05","slug":"makeup-liquid-lipstick","status":"publish","type":"page","link":"https:\/\/monatglobal.com\/fr\/makeup-liquid-lipstick\/","title":{"rendered":"Rouge \u00e0 l\u00e8vres | Maquillage MONAT | Hydratant longue dur\u00e9e pour les l\u00e8vres"},"content":{"rendered":"\n\n\t<link rel=\"stylesheet\" href=\"https:\/\/monatglobal.com\/wp-content\/creative_css\/product_styles_sheet.css\"\/>\n    <!--==================================================== ECOMM SECTION ====================================================-->\n        <!--==================================================== Ecomm image ====================================================-->\n            NOUVEAU\n                    <img decoding=\"async\" alt=\"\" src=\"\" loading=\"lazy\"\/>\n                    <img decoding=\"async\" alt=\"\" src=\"\" loading=\"lazy\"\/>\n                    <!---->\n                        <img decoding=\"async\" alt=\"\" src=\"\" data-lbxp=\"\" loading=\"lazy\"\/>\n                        <img decoding=\"async\" alt=\"\" src=\"\" loading=\"lazy\"\/>\n                        <!---->\n        <!--==================================================== Ecomm information  ====================================================-->\n            NOUVEAU\n            <p>MONAT<\/p>\n            <h1>MONAT Liquid Lipstick\u2122<\/h1>\n            <p>Hyaluronate de sodium et huiles v\u00e9g\u00e9tales<\/p>\n            <p>Procure une hydratation rapide et offre une finition satin\u00e9e, longue dur\u00e9e<\/p>\n            <p>6 ml \u212e 0,20 oz liq.<\/p>\n            \n                <label><input type=\"radio\" name=\"toneLiquidLipstick\"\/><\/label>\n                <label><input type=\"radio\" name=\"toneLiquidLipstick\"\/><\/label>\n                <label><input type=\"radio\" name=\"toneLiquidLipstick\"\/><\/label>\n                <label><input type=\"radio\" name=\"toneLiquidLipstick\"\/><\/label>\n                <label><input type=\"radio\" name=\"toneLiquidLipstick\"\/><\/label>\n                <label><input type=\"radio\" name=\"toneLiquidLipstick\"\/><\/label>\n            <!--==================================================== pricing box ====================================================-->      \n                    <p>Prix de d\u00e9tail<br \/>00.00 \u20ac<\/p>\n                    <p>Prix de VIP<br \/>00.00 \u20ac<\/p>\n            <!--==================================================== pricing box ====================================================-->   \n            <p>Pour en savoir plus sur le Rouge \u00e0 l\u00e8vres liquide MONAT Liquid Lipstick\u2122\ufe0f, veuillez contacter votre Partenaire de March\u00e9 MONAT. <\/p>\n            <a href=\"\" target=\"_blank\" role=\"button\" aria-label=\"\" rel=\"noopener\"><\/a> \n    <!--==================================================== \/ECOMM SECTION  ====================================================-->\n    <!--==================================================== Benefits image ====================================================-->\n    \n        <source id=\"benefitsMobImg\" media=\"(max-width: 700px)\" srcset=\"\"\/>\n        <img decoding=\"async\" id=\"benefitsImg\" src=\"\" alt=\"\" loading=\"lazy\"\/>\n    \n    <!--==================================================== Benefits text ====================================================-->\n            <h2>BIENFAITS<\/h2>\n            <h3>Contient des ingr\u00e9dients pour dorloter la peau et offre une couleur audacieuse. <\/h3>\n            <p> Ce rouge \u00e0 l\u00e8vres liquide est l\u00e9ger et enrichi en huiles v\u00e9g\u00e9tales et en hyaluronate de sodium pour nourrir les l\u00e8vres et offrir jusqu&#8217;\u00e0 12 heures d&#8217;hydratation et de couleur tendance et intense.<\/p>\n            <!--==================================================== features image slide  ====================================================-->\n                    <img decoding=\"async\" src=\"\" alt=\"\" loading=\"lazy\"\/>\n                    <img decoding=\"async\" src=\"\" alt=\"\" loading=\"lazy\"\/>\n                    <img decoding=\"async\" src=\"\" alt=\"\" loading=\"lazy\"\/>\n                    <img decoding=\"async\" src=\"\" alt=\"\" loading=\"lazy\"\/>\n        <!--==================================================== features text ====================================================-->\n                <h3>Caract\u00e9ristiques<\/h3>\n                    <p> \/ Offert en six teintes au fini satin\u00e9 de longue tenue*<\/p>\n                    <p>\/ Nourrit les l\u00e8vres et offre jusqu&#8217;\u00e0 12 heures d&#8217;hydratation*  <\/p>\n                    <p>\/ Sa formule l\u00e9g\u00e8re et cr\u00e9meuse apaise et adoucit les l\u00e8vres*    <\/p>\n                    <p> \/ Aide \u00e0 diminuer et \u00e0 camoufler l&#8217;apparence des plis sur les l\u00e8vres*  <\/p>\n                    <p> \/ Au fini doux et velout\u00e9*     <\/p>\n                    <p>\/ L&#8217;applicateur de pr\u00e9cision permet une application uniforme<\/p>\n                    <br \/>\n                <p>Parfum \/ Non parfum\u00e9<\/p>\n                <p>Texture \/ Liquide cr\u00e9meux<\/p>\n                <p>*Bas\u00e9 sur une \u00e9tude de consommateurs men\u00e9e aupr\u00e8s de 34 femmes \u00e2g\u00e9es de 18 \u00e0 60 ans qui utilisent un rouge \u00e0 l\u00e8vres liquide \u00e0 pr\u00e9sent. Test\u00e9 par un laboratoire ind\u00e9pendant.  <\/p>\n    <!--==================================================== composition image mobile ====================================================-->\n    <img decoding=\"async\" src=\"\" alt=\"\" loading=\"lazy\"\/>\n    <!--==================================================== Why it works text ====================================================-->\n        <h3>Hydratez les l\u00e8vres tout en profitant d&#8217;une couleur audacieuse.   <\/h3>\n        Cette formule douce et velout\u00e9e contient de l&#8217;hyaluronate de sodium et un m\u00e9lange exclusif d&#8217;huiles et d&#8217;humectants v\u00e9g\u00e9taux, dont la cire de mimosa et la cire de tournesol, pour procurer une hydratation, une couleur et un \u00e9clat longue dur\u00e9e tout en r\u00e9duisant l&#8217;apparence des plis sur les l\u00e8vres. \n \n<!--==================================================== Composition section ====================================================-->\n        <img decoding=\"async\" src=\"\" alt=\"\" loading=\"lazy\"\/>\n        <img decoding=\"async\" id=\"compImg_2\" src=\"\" alt=\"\" loading=\"lazy\"\/>\n                <!--==================================================== Directions text ====================================================--> \n                    <h3>Mode d&#8217;emploi<\/h3>\n                        <p>\/ Appliquer sur des l\u00e8vres propres et s\u00e8ches.  <\/p>\n                        <p>\/ Tracer le contour des l\u00e8vres et remplir avec l&#8217;applicateur de pr\u00e9cision. <\/p>\n                <!--==================================================== Directions video ====================================================-->\n    <p>MONAT Liquid Lipstick\u2122\ufe0f\ufe0f <br \/>5:00<\/p>\n            <a href=\"\" target=\"_blank\" role=\"button\" aria-label=\"\" rel=\"noopener\"><\/a>\n    <!--==================================================== Ingredients section  ====================================================-->\n        <h2>INGR\u00c9DIENTS CL\u00c9S<\/h2>\n                    <img decoding=\"async\" alt=\"rejuveniqe icon\" src=\"https:\/\/monatglobal.com\/wp-content\/uploads\/2022\/11\/REJUVENIQES.svg\"\/> \n                    <p>REJUVENIQE S\u2122<\/p>\n                    <img decoding=\"async\" alt=\"Vitamin E icon\" src=\"https:\/\/monatglobal.com\/wp-content\/uploads\/2022\/09\/Vitamin-E.svg\"\/> \n                    <p>Vitamine E<\/p>\n                    <img decoding=\"async\" alt=\"Vitamin E icon\" src=\"https:\/\/monatglobal.com\/wp-content\/uploads\/2023\/03\/Sodium-Hyaluronate.svg\"\/> \n                    <p>Hyaluronate de sodium<\/p>\n        <button id=\"myBtn\" type=\"button\">LISTE D&#8217;INGR\u00c9DIENTS<\/button>\n        <!--==================================================== Modal content  ====================================================-->\n            \u00d7\n            <p>Aqua\/Water\/Eau, Pentaerythrityl Tetraisostearate, Coconut Alkanes, Capryloyl Glycerin\/Sebacic Acid Copolymer, Hydrolyzed Corn Starch, Dodecane, Butylene Glycol, Bis-Diglyceryl Polyacyladipate-2, Lauroyl Lysine, Jojoba Esters, Cellulose, Stearalkonium Bentonite, Polyglyceryl-6 Polyricinoleate, Polyglyceryl-6 Polyhydroxystearate, Helianthus Annuus (Sunflower) Seed Wax, Silica, Sodium Hyaluronate, Tocopheryl Acetate, Tocopherol, Ricinus Communis (Castor) Seed Oil, Limnanthes Alba (Meadowfoam) Seed Oil, Coco-Caprylate\/Caprate, Gardenia Taitensis Flower Extract, Simmondsia Chinensis (Jojoba) Seed Extract, Crambe Abyssinica Seed Oil, Camellia Oleifera Seed Oil, Daucus Carota Sativa (Carrot) Seed Oil, Mauritia Flexuosa Fruit Oil, Cocos Nucifera (Coconut) Oil, Olea Europaea (Olive) Fruit Oil, Solanum Lycopersicum (Tomato) Seed Oil, Acacia Decurrens Flower Wax, Glycerin, Helianthus Annuus (Sunflower) Seed Oil, Glyceryl Rosinate, Moringa Oleifera Seed Oil, Caryocar Brasiliense Fruit Oil, Dilinoleic Acid\/Butanediol Copolymer, Castor Oil\/IPDI Copolymer, Citrus Limon (Lemon) Peel Oil, Citrus Aurantifolia (Lime) Oil, Citrus Aurantium Bergamia (Bergamot) Fruit Oil, Polyglycerin-3, Triethyl Citrate, Adansonia Digitata Oil, Polyhydroxystearic Acid, Polyglycerin-6, Disodium Stearoyl Glutamate, Barium Sulfate, Polyglyceryl-3 Diisostearate, Polyglyceryl-3 Polyricinoleate, Mica, Magnesium Sulfate, Hydrogenated Castor Oil, Benzyl Alcohol, Ethylhexylglycerin, Citric Acid. May Contain (+\/-) Iron Oxides (CI 77491), Iron Oxides (CI 77492), Iron Oxides (CI 77499), Red 7 (CI 15850), Titanium Dioxide (CI 77891), Blue 1 Lake (CI 42090), Red 6 Lake (CI 15850), Red 27 (CI 45410), Red 28 Lake (CI 45410), Red 33 Lake (CL 17200), Ultramarines (CI 77007), Yellow 5 Lake (CI 19140), Yellow 6 Lake (CI 15985).<\/p>\n    <!--==================================================== You might also like section ====================================================-->\n        <h2>VOUS POURRIEZ AUSSI AIMER<\/h2>\n        <!--==================================================== Slider YOU MIGHT ALSO LIKE ====================================================-->\n            <!-- If we need navigation buttons -->\n            <!-- If we need paginations -->\n    <a href=\"\" aria-label=\"\"><\/a>\n<!--==================================================== this link has to go last for it to work   ====================================================-->\n\n","protected":false},"excerpt":{"rendered":"<p>NOUVEAU NOUVEAU MONAT MONAT Liquid Lipstick\u2122 Hyaluronate de sodium et huiles v\u00e9g\u00e9tales Procure une hydratation rapide et offre une finition satin\u00e9e, longue dur\u00e9e 6 ml \u212e 0,20 oz liq. Prix de d\u00e9tail00.00 \u20ac Prix de VIP00.00 \u20ac Pour en savoir plus sur le Rouge \u00e0 l\u00e8vres liquide MONAT Liquid Lipstick\u2122\ufe0f, veuillez contacter votre Partenaire de&hellip;<\/p>\n","protected":false},"author":31,"featured_media":83719,"parent":0,"menu_order":0,"comment_status":"closed","ping_status":"closed","template":"","meta":{"inline_featured_image":false,"om_disable_all_campaigns":false,"_monsterinsights_skip_tracking":false,"_monsterinsights_sitenote_active":false,"_monsterinsights_sitenote_note":"","_monsterinsights_sitenote_category":0,"footnotes":""},"categories":[20],"tags":[],"class_list":["post-83629","page","type-page","status-publish","has-post-thumbnail","hentry","category-product-fr"],"aioseo_notices":[],"aioseo_head":"\n\t\t<!-- All in One SEO Pro 4.9.5.2 - aioseo.com -->\n\t<meta name=\"description\" content=\"NOUVEAU NOUVEAU MONAT MONAT Liquid Lipstick\u2122 Hyaluronate de sodium et huiles v\u00e9g\u00e9tales Procure une hydratation rapide et offre une finition satin\u00e9e, longue dur\u00e9e 6 ml \u212e 0,20 oz liq. Prix de d\u00e9tail00.00 \u20ac Prix de VIP00.00 \u20ac Pour en savoir plus sur le Rouge \u00e0 l\u00e8vres liquide MONAT Liquid Lipstick\u2122\ufe0f, veuillez contacter votre Partenaire de\" \/>\n\t<meta name=\"robots\" content=\"noindex, nofollow, max-image-preview:large\" \/>\n\t<link rel=\"canonical\" href=\"https:\/\/monatglobal.com\/fr\/makeup-liquid-lipstick\/\" \/>\n\t<meta name=\"generator\" content=\"All in One SEO Pro (AIOSEO) 4.9.5.2\" \/>\n\t\t<meta property=\"og:locale\" content=\"en_US\" \/>\n\t\t<meta property=\"og:site_name\" content=\"MONAT France - We Are Modern Nature\u2122\" \/>\n\t\t<meta property=\"og:type\" content=\"article\" \/>\n\t\t<meta property=\"og:title\" content=\"Rouge \u00e0 l\u00e8vres | Maquillage MONAT | Hydratant longue dur\u00e9e pour les l\u00e8vres - MONAT France\" \/>\n\t\t<meta property=\"og:description\" content=\"NOUVEAU NOUVEAU MONAT MONAT Liquid Lipstick\u2122 Hyaluronate de sodium et huiles v\u00e9g\u00e9tales Procure une hydratation rapide et offre une finition satin\u00e9e, longue dur\u00e9e 6 ml \u212e 0,20 oz liq. Prix de d\u00e9tail00.00 \u20ac Prix de VIP00.00 \u20ac Pour en savoir plus sur le Rouge \u00e0 l\u00e8vres liquide MONAT Liquid Lipstick\u2122\ufe0f, veuillez contacter votre Partenaire de\" \/>\n\t\t<meta property=\"og:url\" content=\"https:\/\/monatglobal.com\/fr\/makeup-liquid-lipstick\/\" \/>\n\t\t<meta property=\"article:published_time\" content=\"2023-08-27T02:47:21+00:00\" \/>\n\t\t<meta property=\"article:modified_time\" content=\"2026-01-29T18:11:05+00:00\" \/>\n\t\t<meta name=\"twitter:card\" content=\"summary_large_image\" \/>\n\t\t<meta name=\"twitter:title\" content=\"Rouge \u00e0 l\u00e8vres | Maquillage MONAT | Hydratant longue dur\u00e9e pour les l\u00e8vres - MONAT France\" \/>\n\t\t<meta name=\"twitter:description\" content=\"NOUVEAU NOUVEAU MONAT MONAT Liquid Lipstick\u2122 Hyaluronate de sodium et huiles v\u00e9g\u00e9tales Procure une hydratation rapide et offre une finition satin\u00e9e, longue dur\u00e9e 6 ml \u212e 0,20 oz liq. Prix de d\u00e9tail00.00 \u20ac Prix de VIP00.00 \u20ac Pour en savoir plus sur le Rouge \u00e0 l\u00e8vres liquide MONAT Liquid Lipstick\u2122\ufe0f, veuillez contacter votre Partenaire de\" \/>\n\t\t<script type=\"application\/ld+json\" class=\"aioseo-schema\">\n\t\t\t{\"@context\":\"https:\\\/\\\/schema.org\",\"@graph\":[{\"@type\":\"BreadcrumbList\",\"@id\":\"https:\\\/\\\/monatglobal.com\\\/fr\\\/makeup-liquid-lipstick\\\/#breadcrumblist\",\"itemListElement\":[{\"@type\":\"ListItem\",\"@id\":\"https:\\\/\\\/monatglobal.com\\\/fr#listItem\",\"position\":1,\"name\":\"Home\",\"item\":\"https:\\\/\\\/monatglobal.com\\\/fr\",\"nextItem\":{\"@type\":\"ListItem\",\"@id\":\"https:\\\/\\\/monatglobal.com\\\/fr\\\/makeup-liquid-lipstick\\\/#listItem\",\"name\":\"Rouge \\u00e0 l\\u00e8vres | Maquillage MONAT | Hydratant longue dur\\u00e9e pour les l\\u00e8vres\"}},{\"@type\":\"ListItem\",\"@id\":\"https:\\\/\\\/monatglobal.com\\\/fr\\\/makeup-liquid-lipstick\\\/#listItem\",\"position\":2,\"name\":\"Rouge \\u00e0 l\\u00e8vres | Maquillage MONAT | Hydratant longue dur\\u00e9e pour les l\\u00e8vres\",\"previousItem\":{\"@type\":\"ListItem\",\"@id\":\"https:\\\/\\\/monatglobal.com\\\/fr#listItem\",\"name\":\"Home\"}}]},{\"@type\":\"Organization\",\"@id\":\"https:\\\/\\\/monatglobal.com\\\/fr\\\/#organization\",\"name\":\"MONAT France\",\"description\":\"We Are Modern Nature\\u2122\",\"url\":\"https:\\\/\\\/monatglobal.com\\\/fr\\\/\"},{\"@type\":\"WebPage\",\"@id\":\"https:\\\/\\\/monatglobal.com\\\/fr\\\/makeup-liquid-lipstick\\\/#webpage\",\"url\":\"https:\\\/\\\/monatglobal.com\\\/fr\\\/makeup-liquid-lipstick\\\/\",\"name\":\"Rouge \\u00e0 l\\u00e8vres | Maquillage MONAT | Hydratant longue dur\\u00e9e pour les l\\u00e8vres - MONAT France\",\"description\":\"NOUVEAU NOUVEAU MONAT MONAT Liquid Lipstick\\u2122 Hyaluronate de sodium et huiles v\\u00e9g\\u00e9tales Procure une hydratation rapide et offre une finition satin\\u00e9e, longue dur\\u00e9e 6 ml \\u212e 0,20 oz liq. Prix de d\\u00e9tail00.00 \\u20ac Prix de VIP00.00 \\u20ac Pour en savoir plus sur le Rouge \\u00e0 l\\u00e8vres liquide MONAT Liquid Lipstick\\u2122\\ufe0f, veuillez contacter votre Partenaire de\",\"inLanguage\":\"en-US\",\"isPartOf\":{\"@id\":\"https:\\\/\\\/monatglobal.com\\\/fr\\\/#website\"},\"breadcrumb\":{\"@id\":\"https:\\\/\\\/monatglobal.com\\\/fr\\\/makeup-liquid-lipstick\\\/#breadcrumblist\"},\"image\":{\"@type\":\"ImageObject\",\"url\":\"https:\\\/\\\/monatglobal.com\\\/fr\\\/wp-content\\\/uploads\\\/sites\\\/19\\\/2023\\\/09\\\/liquid_lipstick_divine-ecomm-1.png\",\"@id\":\"https:\\\/\\\/monatglobal.com\\\/fr\\\/makeup-liquid-lipstick\\\/#mainImage\",\"width\":641,\"height\":800},\"primaryImageOfPage\":{\"@id\":\"https:\\\/\\\/monatglobal.com\\\/fr\\\/makeup-liquid-lipstick\\\/#mainImage\"},\"datePublished\":\"2023-08-26T22:47:21+01:00\",\"dateModified\":\"2026-01-29T18:11:05+00:00\"},{\"@type\":\"WebSite\",\"@id\":\"https:\\\/\\\/monatglobal.com\\\/fr\\\/#website\",\"url\":\"https:\\\/\\\/monatglobal.com\\\/fr\\\/\",\"name\":\"MONAT France\",\"description\":\"We Are Modern Nature\\u2122\",\"inLanguage\":\"en-US\",\"publisher\":{\"@id\":\"https:\\\/\\\/monatglobal.com\\\/fr\\\/#organization\"}}]}\n\t\t<\/script>\n\t\t<!-- All in One SEO Pro -->\r\n\t\t<title>Rouge \u00e0 l\u00e8vres | Maquillage MONAT | Hydratant longue dur\u00e9e pour les l\u00e8vres - MONAT France<\/title>\n\n","aioseo_head_json":{"title":"Rouge \u00e0 l\u00e8vres | Maquillage MONAT | Hydratant longue dur\u00e9e pour les l\u00e8vres - MONAT France","description":"NOUVEAU NOUVEAU MONAT MONAT Liquid Lipstick\u2122 Hyaluronate de sodium et huiles v\u00e9g\u00e9tales Procure une hydratation rapide et offre une finition satin\u00e9e, longue dur\u00e9e 6 ml \u212e 0,20 oz liq. Prix de d\u00e9tail00.00 \u20ac Prix de VIP00.00 \u20ac Pour en savoir plus sur le Rouge \u00e0 l\u00e8vres liquide MONAT Liquid Lipstick\u2122\ufe0f, veuillez contacter votre Partenaire de","canonical_url":"https:\/\/monatglobal.com\/fr\/makeup-liquid-lipstick\/","robots":"noindex, nofollow, max-image-preview:large","keywords":"","webmasterTools":{"miscellaneous":""},"schema":{"@context":"https:\/\/schema.org","@graph":[{"@type":"BreadcrumbList","@id":"https:\/\/monatglobal.com\/fr\/makeup-liquid-lipstick\/#breadcrumblist","itemListElement":[{"@type":"ListItem","@id":"https:\/\/monatglobal.com\/fr#listItem","position":1,"name":"Home","item":"https:\/\/monatglobal.com\/fr","nextItem":{"@type":"ListItem","@id":"https:\/\/monatglobal.com\/fr\/makeup-liquid-lipstick\/#listItem","name":"Rouge \u00e0 l\u00e8vres | Maquillage MONAT | Hydratant longue dur\u00e9e pour les l\u00e8vres"}},{"@type":"ListItem","@id":"https:\/\/monatglobal.com\/fr\/makeup-liquid-lipstick\/#listItem","position":2,"name":"Rouge \u00e0 l\u00e8vres | Maquillage MONAT | Hydratant longue dur\u00e9e pour les l\u00e8vres","previousItem":{"@type":"ListItem","@id":"https:\/\/monatglobal.com\/fr#listItem","name":"Home"}}]},{"@type":"Organization","@id":"https:\/\/monatglobal.com\/fr\/#organization","name":"MONAT France","description":"We Are Modern Nature\u2122","url":"https:\/\/monatglobal.com\/fr\/"},{"@type":"WebPage","@id":"https:\/\/monatglobal.com\/fr\/makeup-liquid-lipstick\/#webpage","url":"https:\/\/monatglobal.com\/fr\/makeup-liquid-lipstick\/","name":"Rouge \u00e0 l\u00e8vres | Maquillage MONAT | Hydratant longue dur\u00e9e pour les l\u00e8vres - MONAT France","description":"NOUVEAU NOUVEAU MONAT MONAT Liquid Lipstick\u2122 Hyaluronate de sodium et huiles v\u00e9g\u00e9tales Procure une hydratation rapide et offre une finition satin\u00e9e, longue dur\u00e9e 6 ml \u212e 0,20 oz liq. Prix de d\u00e9tail00.00 \u20ac Prix de VIP00.00 \u20ac Pour en savoir plus sur le Rouge \u00e0 l\u00e8vres liquide MONAT Liquid Lipstick\u2122\ufe0f, veuillez contacter votre Partenaire de","inLanguage":"en-US","isPartOf":{"@id":"https:\/\/monatglobal.com\/fr\/#website"},"breadcrumb":{"@id":"https:\/\/monatglobal.com\/fr\/makeup-liquid-lipstick\/#breadcrumblist"},"image":{"@type":"ImageObject","url":"https:\/\/monatglobal.com\/fr\/wp-content\/uploads\/sites\/19\/2023\/09\/liquid_lipstick_divine-ecomm-1.png","@id":"https:\/\/monatglobal.com\/fr\/makeup-liquid-lipstick\/#mainImage","width":641,"height":800},"primaryImageOfPage":{"@id":"https:\/\/monatglobal.com\/fr\/makeup-liquid-lipstick\/#mainImage"},"datePublished":"2023-08-26T22:47:21+01:00","dateModified":"2026-01-29T18:11:05+00:00"},{"@type":"WebSite","@id":"https:\/\/monatglobal.com\/fr\/#website","url":"https:\/\/monatglobal.com\/fr\/","name":"MONAT France","description":"We Are Modern Nature\u2122","inLanguage":"en-US","publisher":{"@id":"https:\/\/monatglobal.com\/fr\/#organization"}}]},"og:locale":"en_US","og:site_name":"MONAT France - We Are Modern Nature\u2122","og:type":"article","og:title":"Rouge \u00e0 l\u00e8vres | Maquillage MONAT | Hydratant longue dur\u00e9e pour les l\u00e8vres - MONAT France","og:description":"NOUVEAU NOUVEAU MONAT MONAT Liquid Lipstick\u2122 Hyaluronate de sodium et huiles v\u00e9g\u00e9tales Procure une hydratation rapide et offre une finition satin\u00e9e, longue dur\u00e9e 6 ml \u212e 0,20 oz liq. Prix de d\u00e9tail00.00 \u20ac Prix de VIP00.00 \u20ac Pour en savoir plus sur le Rouge \u00e0 l\u00e8vres liquide MONAT Liquid Lipstick\u2122\ufe0f, veuillez contacter votre Partenaire de","og:url":"https:\/\/monatglobal.com\/fr\/makeup-liquid-lipstick\/","article:published_time":"2023-08-27T02:47:21+00:00","article:modified_time":"2026-01-29T18:11:05+00:00","twitter:card":"summary_large_image","twitter:title":"Rouge \u00e0 l\u00e8vres | Maquillage MONAT | Hydratant longue dur\u00e9e pour les l\u00e8vres - MONAT France","twitter:description":"NOUVEAU NOUVEAU MONAT MONAT Liquid Lipstick\u2122 Hyaluronate de sodium et huiles v\u00e9g\u00e9tales Procure une hydratation rapide et offre une finition satin\u00e9e, longue dur\u00e9e 6 ml \u212e 0,20 oz liq. Prix de d\u00e9tail00.00 \u20ac Prix de VIP00.00 \u20ac Pour en savoir plus sur le Rouge \u00e0 l\u00e8vres liquide MONAT Liquid Lipstick\u2122\ufe0f, veuillez contacter votre Partenaire de"},"aioseo_meta_data":{"post_id":"83629","title":null,"description":null,"keywords":[],"keyphrases":{"focus":{"keyphrase":"","score":0,"analysis":{"keyphraseInTitle":{"score":0,"maxScore":9,"error":1}}},"additional":[]},"primary_term":null,"canonical_url":null,"og_title":null,"og_description":null,"og_object_type":"default","og_image_type":"default","og_image_url":null,"og_image_width":null,"og_image_height":null,"og_image_custom_url":null,"og_image_custom_fields":null,"og_video":"","og_custom_url":null,"og_article_section":null,"og_article_tags":[],"twitter_use_og":false,"twitter_card":"default","twitter_image_type":"default","twitter_image_url":null,"twitter_image_custom_url":null,"twitter_image_custom_fields":null,"twitter_title":null,"twitter_description":null,"schema":{"blockGraphs":[],"customGraphs":[],"default":{"data":{"Article":[],"Course":[],"Dataset":[],"FAQPage":[],"Movie":[],"Person":[],"Product":[],"ProductReview":[],"Car":[],"Recipe":[],"Service":[],"SoftwareApplication":[],"WebPage":[]},"graphName":"WebPage","isEnabled":true},"graphs":[]},"schema_type":"default","schema_type_options":null,"pillar_content":false,"robots_default":true,"robots_noindex":false,"robots_noarchive":false,"robots_nosnippet":false,"robots_nofollow":false,"robots_noimageindex":false,"robots_noodp":false,"robots_notranslate":false,"robots_max_snippet":"-1","robots_max_videopreview":"-1","robots_max_imagepreview":"large","priority":null,"frequency":"default","local_seo":null,"seo_analyzer_scan_date":"2026-02-10 19:03:20","breadcrumb_settings":null,"limit_modified_date":false,"reviewed_by":null,"open_ai":null,"ai":null,"created":"2023-09-06 17:13:34","updated":"2026-02-10 19:03:20"},"aioseo_breadcrumb":"<div class=\"aioseo-breadcrumbs\"><span class=\"aioseo-breadcrumb\">\n\t<a href=\"https:\/\/monatglobal.com\/fr\" title=\"Home\">Home<\/a>\n<\/span><span class=\"aioseo-breadcrumb-separator\">&raquo;<\/span><span class=\"aioseo-breadcrumb\">\n\tRouge \u00e0 l\u00e8vres | Maquillage MONAT | Hydratant longue dur\u00e9e pour les l\u00e8vres\n<\/span><\/div>","aioseo_breadcrumb_json":[{"label":"Home","link":"https:\/\/monatglobal.com\/fr"},{"label":"Rouge \u00e0 l\u00e8vres | Maquillage MONAT | Hydratant longue dur\u00e9e pour les l\u00e8vres","link":"https:\/\/monatglobal.com\/fr\/makeup-liquid-lipstick\/"}],"_links":{"self":[{"href":"https:\/\/monatglobal.com\/fr\/wp-json\/wp\/v2\/pages\/83629","targetHints":{"allow":["GET"]}}],"collection":[{"href":"https:\/\/monatglobal.com\/fr\/wp-json\/wp\/v2\/pages"}],"about":[{"href":"https:\/\/monatglobal.com\/fr\/wp-json\/wp\/v2\/types\/page"}],"author":[{"embeddable":true,"href":"https:\/\/monatglobal.com\/fr\/wp-json\/wp\/v2\/users\/31"}],"replies":[{"embeddable":true,"href":"https:\/\/monatglobal.com\/fr\/wp-json\/wp\/v2\/comments?post=83629"}],"version-history":[{"count":32,"href":"https:\/\/monatglobal.com\/fr\/wp-json\/wp\/v2\/pages\/83629\/revisions"}],"predecessor-version":[{"id":109431,"href":"https:\/\/monatglobal.com\/fr\/wp-json\/wp\/v2\/pages\/83629\/revisions\/109431"}],"wp:featuredmedia":[{"embeddable":true,"href":"https:\/\/monatglobal.com\/fr\/wp-json\/wp\/v2\/media\/83719"}],"wp:attachment":[{"href":"https:\/\/monatglobal.com\/fr\/wp-json\/wp\/v2\/media?parent=83629"}],"wp:term":[{"taxonomy":"category","embeddable":true,"href":"https:\/\/monatglobal.com\/fr\/wp-json\/wp\/v2\/categories?post=83629"},{"taxonomy":"post_tag","embeddable":true,"href":"https:\/\/monatglobal.com\/fr\/wp-json\/wp\/v2\/tags?post=83629"}],"curies":[{"name":"wp","href":"https:\/\/api.w.org\/{rel}","templated":true}]}}