{"id":83625,"date":"2023-08-26T22:42:03","date_gmt":"2023-08-27T02:42:03","guid":{"rendered":"https:\/\/monatglobal.com\/ca\/?page_id=83625"},"modified":"2026-01-29T18:10:53","modified_gmt":"2026-01-29T18:10:53","slug":"makeup-concealer","status":"publish","type":"page","link":"https:\/\/monatglobal.com\/fr\/makeup-concealer\/","title":{"rendered":"Anticerne \u00c9clat + Correction Brighten + Correct ConcealerTM | Maquillage MONAT | Anticerne"},"content":{"rendered":"\n\n\t<link rel=\"stylesheet\" href=\"https:\/\/cdn.jsdelivr.net\/npm\/swiper@8\/swiper-bundle.min.css\"\/>\n<!--<link rel=\"stylesheet\" href=\"https:\/\/unpkg.com\/swiper\/swiper-bundle.min.css\" \/>-->\n<link rel=\"stylesheet\" href=\"https:\/\/monatglobal.com\/wp-content\/creative_css\/product_styles_sheet.css\"\/>\n    <!--==================================================== ECOMM SECTION ====================================================-->\n        <!--==================================================== Ecomm image ====================================================-->\n        NOUVEAU\n              <img decoding=\"async\" alt=\"\" src=\"\" loading=\"lazy\"\/>\n              <img decoding=\"async\" alt=\"\" src=\"\" loading=\"lazy\"\/>\n              <!---->\n                    <img decoding=\"async\" alt=\"\" src=\"\" data-lbxp=\"\" loading=\"lazy\"\/>\n                    <img decoding=\"async\" alt=\"\" src=\"\" loading=\"lazy\"\/>\n                    <!---->\n        <!--==================================================== Ecomm information  ====================================================--> \n            NOUVEAU \n            <p>MONAT<\/p>\n            <h1>MONAT Brighten + Correct Concealer\u2122 \ufe0f\ufe0f<\/h1>  \n            <p>Niacinamide et peptides<\/p>\n            <p>Contribue \u00e0 att\u00e9nuer l&#8217;apparence des cernes, des ridules, des rides et des poches sous les yeux, pour r\u00e9v\u00e9ler une peau plus \u00e9clatante et d&#8217;apparence plus jeune.<\/p>\n            <p>8 ml \u212e 0,27 oz liq.<\/p>\n             \n                <label><input type=\"radio\" name=\"toneCorrectConcealer\"\/><\/label>\n                <label><input type=\"radio\" name=\"toneCorrectConcealer\"\/><\/label>\n                <label><input type=\"radio\" name=\"toneCorrectConcealer\"\/><\/label>\n                <label><input type=\"radio\" name=\"toneCorrectConcealer\"\/><\/label> \n                <label><input type=\"radio\" name=\"toneCorrectConcealer\"\/><\/label>\n         <!--==================================================== pricing box ====================================================-->\n                    <p>Prix de d\u00e9tail<br \/>00.00 \u20ac<\/p>\n                    <p>Prix de VIP<br \/>00.00 \u20ac<\/p>\n         <!--==================================================== pricing box ====================================================-->\n            <p>Pour en savoir plus sur l&#8217;Anticerne \u00c9clat + Correction Brighten + Correct Concealer\u2122, veuillez contacter votre Partenaire de March\u00e9 MONAT. <\/p>\n            <a href=\"\" target=\"_blank\" role=\"button\" aria-label=\"\" rel=\"noopener\"><\/a> \n    <!--==================================================== \/ECOMM SECTION  ====================================================-->\n    <!--==================================================== Benefits image ====================================================-->\n    \n        <source id=\"benefitsMobImg\" media=\"(max-width: 700px)\" srcset=\"\"\/>\n        <img decoding=\"async\" id=\"benefitsImg\" src=\"\" alt=\"\" loading=\"lazy\"\/>\n    \n    <!--==================================================== Benefits text ====================================================-->\n            <h2>BIENFAITS<\/h2>\n            <h3>Contient des ingr\u00e9dients pour dorloter la peau et offre une couverture impeccable.<\/h3>\n            <p>  L\u00e9ger et cr\u00e9meux, cet anticerne est dot\u00e9 de la technologie Eye Smooth\u2122 pour offrir les bienfaits pour la peau que vous aimez d\u00e9j\u00e0. Superposez les couches pour obtenir la couverture d\u00e9sir\u00e9e et avoir un regard plus jeune instantan\u00e9ment et avec le temps.  <\/p>\n            <!--==================================================== features image slide  ====================================================-->\n                    <img decoding=\"async\" src=\"\" alt=\"\" loading=\"lazy\"\/>\n                    <img decoding=\"async\" src=\"\" alt=\"\" loading=\"lazy\"\/>\n                    <img decoding=\"async\" src=\"\" alt=\"\" loading=\"lazy\"\/>\n                    <img decoding=\"async\" src=\"\" alt=\"\" loading=\"lazy\"\/>\n        <!--==================================================== features text ====================================================-->\n                <h3>Caract\u00e9ristiques<\/h3>\n                    <p>\/ Il se d\u00e9cline en cinq nuances modulables pour une couverture moyenne \u00e0 compl\u00e8te  <\/p>\n                    <p>\/ Il camoufle les poches, les cernes et les imperfections*  <\/p>\n                    <p>\/ Il lisse les ridules et les rides*  <\/p>\n                    <p>\/ Il hydrate la peau et aide \u00e0 lui donner une apparence plus lumineuse*  <\/p>\n                    <p>\/ Il se m\u00e9lange bien et offre une tenue de longue dur\u00e9e*<\/p>\n                    <p>\/ Il convient \u00e0 la peau sensible  <\/p>\n                    <br \/>\n                <p>Parfum \/ Non parfum\u00e9 <\/p>\n                <p>Texture \/  Cr\u00e8me l\u00e9g\u00e8re <\/p>\n                <p> *Bas\u00e9 sur une \u00e9tude de consommateurs men\u00e9e aupr\u00e8s de 35 femmes \u00e2g\u00e9es de 18 \u00e0 60 ans qui utilisent un anticerne \u00e0 pr\u00e9sent. Test\u00e9 par un laboratoire ind\u00e9pendant.<\/p>\n    <!--==================================================== composition image mobile ====================================================-->\n    <img decoding=\"async\" src=\"\" alt=\"\" loading=\"lazy\"\/>\n    <!--==================================================== Why it works text ====================================================-->\n        <h3>Camouflez les imperfections. R\u00e9v\u00e9lez une peau plus lumineuse.  <\/h3>\n        <p>Cette formule longue tenue contient des pigments min\u00e9raux pour cacher et camoufler les imperfections tandis que le REJUVENIQE&nbsp;S\u2122, la vitamine E, le niacinamide et les peptides nourrissent la peau tout en l&#8217;embellissant pour lui donner un fini radieux et satin\u00e9. <\/p>\n<!--==================================================== Composition section ====================================================-->\n        <img decoding=\"async\" src=\"\" alt=\"\" loading=\"lazy\"\/>\n        <img decoding=\"async\" id=\"compImg_2\" src=\"\" alt=\"\" loading=\"lazy\"\/>\n                <!--==================================================== Directions text ====================================================--> \n                    <h3>Mode d&#8217;emploi<\/h3>\n                        <p>\/ Appliquer sous les yeux avec un applicateur ou le bout des doigts pour retrouver un \u00e9clat instantan\u00e9.  <\/p>\n                        <p>\/ \u00c0 porter seul pour une apparence plus naturelle.  <\/p>\n                <!--==================================================== Directions video ====================================================-->\n    <p>MONAT Brighten + <br \/> Correct Concealer\u2122 \ufe0f\ufe0f\ufe0f\ufe0f <br \/>5:00<\/p>\n            <a href=\"\" target=\"_blank\" role=\"button\" aria-label=\"\" rel=\"noopener\"><\/a>\n    <!--==================================================== Ingredients section  ====================================================-->\n        <h2>INGR\u00c9DIENTS CL\u00c9S<\/h2>\n                    <img decoding=\"async\" alt=\"rejuveniqe s icon\" src=\"https:\/\/monatglobal.com\/wp-content\/uploads\/2022\/11\/REJUVENIQES.svg\"\/> \n                    <p>REJUVENIQE S\u2122<\/p>\n                    <img decoding=\"async\" alt=\"Niacinamide\" src=\"https:\/\/monatglobal.com\/wp-content\/uploads\/2023\/03\/Niacinamide.svg\"\/> \n                    <p>Niacinamide<\/p>\n                    <img decoding=\"async\" alt=\"Vitamin E icon\" src=\"https:\/\/monatglobal.com\/wp-content\/uploads\/2022\/09\/Vitamin-E.svg\"\/> \n                    <p>Vitamine E<\/p>\n                    <img decoding=\"async\" alt=\"Eye Smooth\u2122 Technology \" src=\"https:\/\/monatglobal.com\/wp-content\/uploads\/2023\/08\/Eye-Smooth-Technology.svg\"\/> \n                    <p>Technologie<br \/> Eye Smooth\u2122<\/p>\n        <button id=\"myBtn\" type=\"button\">LISTE D&#8217;INGR\u00c9DIENTS<\/button>\n        <!--==================================================== Modal content  ====================================================-->\n            \u00d7\n            <p>Aqua\/Water\/Eau, Coco-Caprylate\/Caprate, Dodecane, Isoamyl Laurate, Capryloyl Glycerin\/Sebacic Acid Copolymer, Hydroxypropyl Starch, Polyglyceryl-3 Polyricinoleate, Propanediol, Stearalkonium Bentonite, Polyglyceryl-6 Polyricinoleate, Polyhydroxystearic Acid, Triheptanoin, Glyceryl Caprylate, Dilinoleic Acid\/Butanediol Copolymer, Polyglyceryl-3 Diisostearate, Trifluoroacetyl Tripeptide-5, Niacinamide, Caffeine, Tocopheryl Acetate, Cellulose, Triethyl Citrate, Castor Oil\/IPDI Copolymer, Isomalt, Glycerin, Helianthus Annuus (Sunflower) Seed Oil,Mauritia Flexuosa Fruit Oil, Moringa Oleifera Seed Oil, Jojoba Esters, Betaine, Limnanthes Alba (Meadowfoam) Seed Oil, Crambe Abyssinica Seed Oil, Tremella Fuciformix Sporocarp Extract, Camellia Oleifera Seed Oil,Daucus Carota Sativa (Carrot) Seed Oil, Simmondsia Chinensis (Jojoba) Seed Extract, Solanum Lycopersicum (Tomato) Seed Oil, Dextran, Adansonia Digitata Oil, Caryocar Brasiliense Fruit Oil, Citrus Aurantifolia (Lime) Oil, Citrus Aurantium Bergamia (Bergamot) Fruit Oil, Citrus Limon (Lemon) Peel Oil, Cocos Nucifera (Coconut) Oil, Gardenia Taitensis Flower Extract, Olea Europaea (Olive) Fruit Oil, Phytol, C9-12 Alkane, Magnesium Sulfate, Silica, Barium Sulfate, Glyceryl Undecylenate, Disodium Stearoyl Glutamate, Ethylene Brassylate, Mica, May Contain (+\/-): Titanium Dioxide (CI 77891), Iron Oxides (CI 77491, CI 77492, CI 77499).<\/p>\n    <!--==================================================== You might also like section ====================================================-->\n      <h2>VOUS POURRIEZ AUSSI AIMER<\/h2>\n      <!--==================================================== Slider YOU MIGHT ALSO LIKE ====================================================-->\n             <!-- If we need navigation buttons -->\n             <!-- If we need paginations -->\n    <a href=\"\" aria-label=\"\"><\/a>\n<!--==================================================== this link has to go last for it to work   ====================================================-->\n\n","protected":false},"excerpt":{"rendered":"<p>NOUVEAU NOUVEAU MONAT MONAT Brighten + Correct Concealer\u2122 \ufe0f\ufe0f Niacinamide et peptides Contribue \u00e0 att\u00e9nuer l&#8217;apparence des cernes, des ridules, des rides et des poches sous les yeux, pour r\u00e9v\u00e9ler une peau plus \u00e9clatante et d&#8217;apparence plus jeune. 8 ml \u212e 0,27 oz liq. Prix de d\u00e9tail00.00 \u20ac Prix de VIP00.00 \u20ac Pour en savoir&hellip;<\/p>\n","protected":false},"author":31,"featured_media":83725,"parent":0,"menu_order":0,"comment_status":"closed","ping_status":"closed","template":"","meta":{"inline_featured_image":false,"om_disable_all_campaigns":false,"_monsterinsights_skip_tracking":false,"_monsterinsights_sitenote_active":false,"_monsterinsights_sitenote_note":"","_monsterinsights_sitenote_category":0,"footnotes":""},"categories":[20],"tags":[],"class_list":["post-83625","page","type-page","status-publish","has-post-thumbnail","hentry","category-product-fr"],"aioseo_notices":[],"aioseo_head":"\n\t\t<!-- All in One SEO Pro 4.9.5.2 - aioseo.com -->\n\t<meta name=\"description\" content=\"NOUVEAU NOUVEAU MONAT MONAT Brighten + Correct Concealer\u2122 \ufe0f\ufe0f Niacinamide et peptides Contribue \u00e0 att\u00e9nuer l&#039;apparence des cernes, des ridules, des rides et des poches sous les yeux, pour r\u00e9v\u00e9ler une peau plus \u00e9clatante et d&#039;apparence plus jeune. 8 ml \u212e 0,27 oz liq. Prix de d\u00e9tail00.00 \u20ac Prix de VIP00.00 \u20ac Pour en savoir\" \/>\n\t<meta name=\"robots\" content=\"noindex, nofollow, max-image-preview:large\" \/>\n\t<link rel=\"canonical\" href=\"https:\/\/monatglobal.com\/fr\/makeup-concealer\/\" \/>\n\t<meta name=\"generator\" content=\"All in One SEO Pro (AIOSEO) 4.9.5.2\" \/>\n\t\t<meta property=\"og:locale\" content=\"en_US\" \/>\n\t\t<meta property=\"og:site_name\" content=\"MONAT France - We Are Modern Nature\u2122\" \/>\n\t\t<meta property=\"og:type\" content=\"article\" \/>\n\t\t<meta property=\"og:title\" content=\"Anticerne \u00c9clat + Correction Brighten + Correct ConcealerTM | Maquillage MONAT | Anticerne - MONAT France\" \/>\n\t\t<meta property=\"og:description\" content=\"NOUVEAU NOUVEAU MONAT MONAT Brighten + Correct Concealer\u2122 \ufe0f\ufe0f Niacinamide et peptides Contribue \u00e0 att\u00e9nuer l&#039;apparence des cernes, des ridules, des rides et des poches sous les yeux, pour r\u00e9v\u00e9ler une peau plus \u00e9clatante et d&#039;apparence plus jeune. 8 ml \u212e 0,27 oz liq. Prix de d\u00e9tail00.00 \u20ac Prix de VIP00.00 \u20ac Pour en savoir\" \/>\n\t\t<meta property=\"og:url\" content=\"https:\/\/monatglobal.com\/fr\/makeup-concealer\/\" \/>\n\t\t<meta property=\"article:published_time\" content=\"2023-08-27T02:42:03+00:00\" \/>\n\t\t<meta property=\"article:modified_time\" content=\"2026-01-29T18:10:53+00:00\" \/>\n\t\t<meta name=\"twitter:card\" content=\"summary_large_image\" \/>\n\t\t<meta name=\"twitter:title\" content=\"Anticerne \u00c9clat + Correction Brighten + Correct ConcealerTM | Maquillage MONAT | Anticerne - MONAT France\" \/>\n\t\t<meta name=\"twitter:description\" content=\"NOUVEAU NOUVEAU MONAT MONAT Brighten + Correct Concealer\u2122 \ufe0f\ufe0f Niacinamide et peptides Contribue \u00e0 att\u00e9nuer l&#039;apparence des cernes, des ridules, des rides et des poches sous les yeux, pour r\u00e9v\u00e9ler une peau plus \u00e9clatante et d&#039;apparence plus jeune. 8 ml \u212e 0,27 oz liq. Prix de d\u00e9tail00.00 \u20ac Prix de VIP00.00 \u20ac Pour en savoir\" \/>\n\t\t<script type=\"application\/ld+json\" class=\"aioseo-schema\">\n\t\t\t{\"@context\":\"https:\\\/\\\/schema.org\",\"@graph\":[{\"@type\":\"BreadcrumbList\",\"@id\":\"https:\\\/\\\/monatglobal.com\\\/fr\\\/makeup-concealer\\\/#breadcrumblist\",\"itemListElement\":[{\"@type\":\"ListItem\",\"@id\":\"https:\\\/\\\/monatglobal.com\\\/fr#listItem\",\"position\":1,\"name\":\"Home\",\"item\":\"https:\\\/\\\/monatglobal.com\\\/fr\",\"nextItem\":{\"@type\":\"ListItem\",\"@id\":\"https:\\\/\\\/monatglobal.com\\\/fr\\\/makeup-concealer\\\/#listItem\",\"name\":\"Anticerne \\u00c9clat + Correction Brighten + Correct ConcealerTM | Maquillage MONAT | Anticerne\"}},{\"@type\":\"ListItem\",\"@id\":\"https:\\\/\\\/monatglobal.com\\\/fr\\\/makeup-concealer\\\/#listItem\",\"position\":2,\"name\":\"Anticerne \\u00c9clat + Correction Brighten + Correct ConcealerTM | Maquillage MONAT | Anticerne\",\"previousItem\":{\"@type\":\"ListItem\",\"@id\":\"https:\\\/\\\/monatglobal.com\\\/fr#listItem\",\"name\":\"Home\"}}]},{\"@type\":\"Organization\",\"@id\":\"https:\\\/\\\/monatglobal.com\\\/fr\\\/#organization\",\"name\":\"MONAT France\",\"description\":\"We Are Modern Nature\\u2122\",\"url\":\"https:\\\/\\\/monatglobal.com\\\/fr\\\/\"},{\"@type\":\"WebPage\",\"@id\":\"https:\\\/\\\/monatglobal.com\\\/fr\\\/makeup-concealer\\\/#webpage\",\"url\":\"https:\\\/\\\/monatglobal.com\\\/fr\\\/makeup-concealer\\\/\",\"name\":\"Anticerne \\u00c9clat + Correction Brighten + Correct ConcealerTM | Maquillage MONAT | Anticerne - MONAT France\",\"description\":\"NOUVEAU NOUVEAU MONAT MONAT Brighten + Correct Concealer\\u2122 \\ufe0f\\ufe0f Niacinamide et peptides Contribue \\u00e0 att\\u00e9nuer l'apparence des cernes, des ridules, des rides et des poches sous les yeux, pour r\\u00e9v\\u00e9ler une peau plus \\u00e9clatante et d'apparence plus jeune. 8 ml \\u212e 0,27 oz liq. Prix de d\\u00e9tail00.00 \\u20ac Prix de VIP00.00 \\u20ac Pour en savoir\",\"inLanguage\":\"en-US\",\"isPartOf\":{\"@id\":\"https:\\\/\\\/monatglobal.com\\\/fr\\\/#website\"},\"breadcrumb\":{\"@id\":\"https:\\\/\\\/monatglobal.com\\\/fr\\\/makeup-concealer\\\/#breadcrumblist\"},\"image\":{\"@type\":\"ImageObject\",\"url\":\"https:\\\/\\\/monatglobal.com\\\/fr\\\/wp-content\\\/uploads\\\/sites\\\/19\\\/2023\\\/09\\\/brighten_correct_concealer_medium-ecomm.png\",\"@id\":\"https:\\\/\\\/monatglobal.com\\\/fr\\\/makeup-concealer\\\/#mainImage\",\"width\":641,\"height\":800},\"primaryImageOfPage\":{\"@id\":\"https:\\\/\\\/monatglobal.com\\\/fr\\\/makeup-concealer\\\/#mainImage\"},\"datePublished\":\"2023-08-26T22:42:03+01:00\",\"dateModified\":\"2026-01-29T18:10:53+00:00\"},{\"@type\":\"WebSite\",\"@id\":\"https:\\\/\\\/monatglobal.com\\\/fr\\\/#website\",\"url\":\"https:\\\/\\\/monatglobal.com\\\/fr\\\/\",\"name\":\"MONAT France\",\"description\":\"We Are Modern Nature\\u2122\",\"inLanguage\":\"en-US\",\"publisher\":{\"@id\":\"https:\\\/\\\/monatglobal.com\\\/fr\\\/#organization\"}}]}\n\t\t<\/script>\n\t\t<!-- All in One SEO Pro -->\r\n\t\t<title>Anticerne \u00c9clat + Correction Brighten + Correct ConcealerTM | Maquillage MONAT | Anticerne - MONAT France<\/title>\n\n","aioseo_head_json":{"title":"Anticerne \u00c9clat + Correction Brighten + Correct ConcealerTM | Maquillage MONAT | Anticerne - MONAT France","description":"NOUVEAU NOUVEAU MONAT MONAT Brighten + Correct Concealer\u2122 \ufe0f\ufe0f Niacinamide et peptides Contribue \u00e0 att\u00e9nuer l'apparence des cernes, des ridules, des rides et des poches sous les yeux, pour r\u00e9v\u00e9ler une peau plus \u00e9clatante et d'apparence plus jeune. 8 ml \u212e 0,27 oz liq. Prix de d\u00e9tail00.00 \u20ac Prix de VIP00.00 \u20ac Pour en savoir","canonical_url":"https:\/\/monatglobal.com\/fr\/makeup-concealer\/","robots":"noindex, nofollow, max-image-preview:large","keywords":"","webmasterTools":{"miscellaneous":""},"schema":{"@context":"https:\/\/schema.org","@graph":[{"@type":"BreadcrumbList","@id":"https:\/\/monatglobal.com\/fr\/makeup-concealer\/#breadcrumblist","itemListElement":[{"@type":"ListItem","@id":"https:\/\/monatglobal.com\/fr#listItem","position":1,"name":"Home","item":"https:\/\/monatglobal.com\/fr","nextItem":{"@type":"ListItem","@id":"https:\/\/monatglobal.com\/fr\/makeup-concealer\/#listItem","name":"Anticerne \u00c9clat + Correction Brighten + Correct ConcealerTM | Maquillage MONAT | Anticerne"}},{"@type":"ListItem","@id":"https:\/\/monatglobal.com\/fr\/makeup-concealer\/#listItem","position":2,"name":"Anticerne \u00c9clat + Correction Brighten + Correct ConcealerTM | Maquillage MONAT | Anticerne","previousItem":{"@type":"ListItem","@id":"https:\/\/monatglobal.com\/fr#listItem","name":"Home"}}]},{"@type":"Organization","@id":"https:\/\/monatglobal.com\/fr\/#organization","name":"MONAT France","description":"We Are Modern Nature\u2122","url":"https:\/\/monatglobal.com\/fr\/"},{"@type":"WebPage","@id":"https:\/\/monatglobal.com\/fr\/makeup-concealer\/#webpage","url":"https:\/\/monatglobal.com\/fr\/makeup-concealer\/","name":"Anticerne \u00c9clat + Correction Brighten + Correct ConcealerTM | Maquillage MONAT | Anticerne - MONAT France","description":"NOUVEAU NOUVEAU MONAT MONAT Brighten + Correct Concealer\u2122 \ufe0f\ufe0f Niacinamide et peptides Contribue \u00e0 att\u00e9nuer l'apparence des cernes, des ridules, des rides et des poches sous les yeux, pour r\u00e9v\u00e9ler une peau plus \u00e9clatante et d'apparence plus jeune. 8 ml \u212e 0,27 oz liq. Prix de d\u00e9tail00.00 \u20ac Prix de VIP00.00 \u20ac Pour en savoir","inLanguage":"en-US","isPartOf":{"@id":"https:\/\/monatglobal.com\/fr\/#website"},"breadcrumb":{"@id":"https:\/\/monatglobal.com\/fr\/makeup-concealer\/#breadcrumblist"},"image":{"@type":"ImageObject","url":"https:\/\/monatglobal.com\/fr\/wp-content\/uploads\/sites\/19\/2023\/09\/brighten_correct_concealer_medium-ecomm.png","@id":"https:\/\/monatglobal.com\/fr\/makeup-concealer\/#mainImage","width":641,"height":800},"primaryImageOfPage":{"@id":"https:\/\/monatglobal.com\/fr\/makeup-concealer\/#mainImage"},"datePublished":"2023-08-26T22:42:03+01:00","dateModified":"2026-01-29T18:10:53+00:00"},{"@type":"WebSite","@id":"https:\/\/monatglobal.com\/fr\/#website","url":"https:\/\/monatglobal.com\/fr\/","name":"MONAT France","description":"We Are Modern Nature\u2122","inLanguage":"en-US","publisher":{"@id":"https:\/\/monatglobal.com\/fr\/#organization"}}]},"og:locale":"en_US","og:site_name":"MONAT France - We Are Modern Nature\u2122","og:type":"article","og:title":"Anticerne \u00c9clat + Correction Brighten + Correct ConcealerTM | Maquillage MONAT | Anticerne - MONAT France","og:description":"NOUVEAU NOUVEAU MONAT MONAT Brighten + Correct Concealer\u2122 \ufe0f\ufe0f Niacinamide et peptides Contribue \u00e0 att\u00e9nuer l'apparence des cernes, des ridules, des rides et des poches sous les yeux, pour r\u00e9v\u00e9ler une peau plus \u00e9clatante et d'apparence plus jeune. 8 ml \u212e 0,27 oz liq. Prix de d\u00e9tail00.00 \u20ac Prix de VIP00.00 \u20ac Pour en savoir","og:url":"https:\/\/monatglobal.com\/fr\/makeup-concealer\/","article:published_time":"2023-08-27T02:42:03+00:00","article:modified_time":"2026-01-29T18:10:53+00:00","twitter:card":"summary_large_image","twitter:title":"Anticerne \u00c9clat + Correction Brighten + Correct ConcealerTM | Maquillage MONAT | Anticerne - MONAT France","twitter:description":"NOUVEAU NOUVEAU MONAT MONAT Brighten + Correct Concealer\u2122 \ufe0f\ufe0f Niacinamide et peptides Contribue \u00e0 att\u00e9nuer l'apparence des cernes, des ridules, des rides et des poches sous les yeux, pour r\u00e9v\u00e9ler une peau plus \u00e9clatante et d'apparence plus jeune. 8 ml \u212e 0,27 oz liq. Prix de d\u00e9tail00.00 \u20ac Prix de VIP00.00 \u20ac Pour en savoir"},"aioseo_meta_data":{"post_id":"83625","title":null,"description":null,"keywords":[],"keyphrases":{"focus":{"keyphrase":"","score":0,"analysis":{"keyphraseInTitle":{"score":0,"maxScore":9,"error":1}}},"additional":[]},"primary_term":null,"canonical_url":null,"og_title":null,"og_description":null,"og_object_type":"default","og_image_type":"default","og_image_url":null,"og_image_width":null,"og_image_height":null,"og_image_custom_url":null,"og_image_custom_fields":null,"og_video":"","og_custom_url":null,"og_article_section":null,"og_article_tags":[],"twitter_use_og":false,"twitter_card":"default","twitter_image_type":"default","twitter_image_url":null,"twitter_image_custom_url":null,"twitter_image_custom_fields":null,"twitter_title":null,"twitter_description":null,"schema":{"blockGraphs":[],"customGraphs":[],"default":{"data":{"Article":[],"Course":[],"Dataset":[],"FAQPage":[],"Movie":[],"Person":[],"Product":[],"ProductReview":[],"Car":[],"Recipe":[],"Service":[],"SoftwareApplication":[],"WebPage":[]},"graphName":"WebPage","isEnabled":true},"graphs":[]},"schema_type":"default","schema_type_options":null,"pillar_content":false,"robots_default":true,"robots_noindex":false,"robots_noarchive":false,"robots_nosnippet":false,"robots_nofollow":false,"robots_noimageindex":false,"robots_noodp":false,"robots_notranslate":false,"robots_max_snippet":"-1","robots_max_videopreview":"-1","robots_max_imagepreview":"large","priority":null,"frequency":"default","local_seo":null,"seo_analyzer_scan_date":"2026-02-10 19:03:18","breadcrumb_settings":null,"limit_modified_date":false,"reviewed_by":null,"open_ai":null,"ai":null,"created":"2023-09-06 17:13:32","updated":"2026-02-10 19:03:18"},"aioseo_breadcrumb":"<div class=\"aioseo-breadcrumbs\"><span class=\"aioseo-breadcrumb\">\n\t<a href=\"https:\/\/monatglobal.com\/fr\" title=\"Home\">Home<\/a>\n<\/span><span class=\"aioseo-breadcrumb-separator\">&raquo;<\/span><span class=\"aioseo-breadcrumb\">\n\tAnticerne \u00c9clat + Correction Brighten + Correct ConcealerTM | Maquillage MONAT | Anticerne\n<\/span><\/div>","aioseo_breadcrumb_json":[{"label":"Home","link":"https:\/\/monatglobal.com\/fr"},{"label":"Anticerne \u00c9clat + Correction Brighten + Correct ConcealerTM | Maquillage MONAT | Anticerne","link":"https:\/\/monatglobal.com\/fr\/makeup-concealer\/"}],"_links":{"self":[{"href":"https:\/\/monatglobal.com\/fr\/wp-json\/wp\/v2\/pages\/83625","targetHints":{"allow":["GET"]}}],"collection":[{"href":"https:\/\/monatglobal.com\/fr\/wp-json\/wp\/v2\/pages"}],"about":[{"href":"https:\/\/monatglobal.com\/fr\/wp-json\/wp\/v2\/types\/page"}],"author":[{"embeddable":true,"href":"https:\/\/monatglobal.com\/fr\/wp-json\/wp\/v2\/users\/31"}],"replies":[{"embeddable":true,"href":"https:\/\/monatglobal.com\/fr\/wp-json\/wp\/v2\/comments?post=83625"}],"version-history":[{"count":35,"href":"https:\/\/monatglobal.com\/fr\/wp-json\/wp\/v2\/pages\/83625\/revisions"}],"predecessor-version":[{"id":109436,"href":"https:\/\/monatglobal.com\/fr\/wp-json\/wp\/v2\/pages\/83625\/revisions\/109436"}],"wp:featuredmedia":[{"embeddable":true,"href":"https:\/\/monatglobal.com\/fr\/wp-json\/wp\/v2\/media\/83725"}],"wp:attachment":[{"href":"https:\/\/monatglobal.com\/fr\/wp-json\/wp\/v2\/media?parent=83625"}],"wp:term":[{"taxonomy":"category","embeddable":true,"href":"https:\/\/monatglobal.com\/fr\/wp-json\/wp\/v2\/categories?post=83625"},{"taxonomy":"post_tag","embeddable":true,"href":"https:\/\/monatglobal.com\/fr\/wp-json\/wp\/v2\/tags?post=83625"}],"curies":[{"name":"wp","href":"https:\/\/api.w.org\/{rel}","templated":true}]}}