{"id":79140,"date":"2023-08-25T00:10:35","date_gmt":"2023-08-25T04:10:35","guid":{"rendered":"https:\/\/monatglobal.com\/ca\/?page_id=79140"},"modified":"2026-02-13T20:27:39","modified_gmt":"2026-02-13T20:27:39","slug":"makeup-mascara","status":"publish","type":"page","link":"https:\/\/monatglobal.com\/fr\/makeup-mascara\/","title":{"rendered":"Mascara | Maquillage MONAT"},"content":{"rendered":"\n\n\t<link rel=\"stylesheet\" href=\"https:\/\/monatglobal.com\/wp-content\/creative_css\/product_styles_sheet.css\" \/>\n   <!--==================================================== ECOMM SECTION ====================================================-->\n      <!--==================================================== Ecomm image ====================================================-->\n         <p>\u00ab BEST SELLERS \u00bb<\/p>\n               <img decoding=\"async\" alt=\"Product shot of the MONAT IR Clinical\u2122 Mascara Jetsetter Black\" src=\"https:\/\/monatglobal.com\/wp-content\/uploads\/2023\/08\/ir_clinical_mascara_jetsetter_black-ecomm.png\" loading=\"lazy\"\/>\n               <img decoding=\"async\" alt=\"Product shot of the MONAT IR Clinical\u2122 Mascara Jetsetter Black\" src=\"https:\/\/monatglobal.com\/wp-content\/uploads\/2023\/08\/mascara-jetsetter-black-ecomm-closeup-min.jpg\" loading=\"lazy\"\/>\n               <!---->\n                  <img decoding=\"async\" alt=\"\" src=\"https:\/\/monatglobal.com\/wp-content\/uploads\/2023\/08\/ir_clinical_mascara_jetsetter_black-ecomm.png\" data-lbxp=\"\" loading=\"lazy\"\/>\n                  <img decoding=\"async\" alt=\"Female holding the MONAT IR Clinical\u2122 Mascara Jetsetter Black brush and applying it to her lashes.\" src=\"https:\/\/monatglobal.com\/wp-content\/uploads\/2023\/08\/mascara-jetsetter-black-ecomm-closeup-min.jpg\" loading=\"lazy\"\/>\n                  <!---->\n      <!--==================================================== Ecomm information  ====================================================-->\n         <p>\u00ab BEST SELLERS \u00bb<\/p>\n         <p>MONAT<\/p>\n         <h1>IR Clinical\u2122 <br \/> Mascara<\/h1>\n         <p>M\u00e9latonine, caf\u00e9ine et REJUVENIQE<sup>\u00ae<\/sup><\/p>\n         <p>Allonge et donne instantan\u00e9ment du volume au cils pour leur donner un aspect plus fourni.<\/p>\n         <p>Poids net 0,29 oz (8,5 g)<\/p>\n        <!--==================================================== pricing box ====================================================-->  \n         <p>Prix de d\u00e9tail<br \/>00.00 \u20ac<\/p>\n         <p>Prix de client VIP<br \/>00.00 \u20ac<\/p>\n        <!--==================================================== pricing box ====================================================--> \n         <p>Pour en savoir plus sur le Mascara MONAT IR Clinical\u2122, veuillez contacter votre Partenaire de March\u00e9 MONAT.<\/p>\n      <a href=\"\" target=\"_blank\" role=\"button\" aria-label=\"\" rel=\"noopener\"><\/a>\n   <!--==================================================== \/ECOMM SECTION  ====================================================-->\n   <!--==================================================== Benefits image ====================================================-->\n   \n      <source media=\"(max-width: 700px)\" srcset=\"https:\/\/monatglobal.com\/wp-content\/uploads\/2023\/08\/mascara-jetsetter-black-benefits-mobile-min.jpg\" loading=\"lazy\"\/>\n      <img decoding=\"async\" src=\"https:\/\/monatglobal.com\/wp-content\/uploads\/2023\/08\/Mascara-jetsetter-black-benefits-desktop-min.jpg\" \n         alt=\"Female holding the MONAT IR Clinical\u2122 Mascara Jetsetter Black brush and applying it to her lashes.\" loading=\"lazy\"\/>\n   \n   <!--==================================================== Benefits text ====================================================-->\n         <h2>BIENFAITS<\/h2>\n         <h3>Il dorlote la peau et offre un volume instantan\u00e9.<\/h3>\n         <p>Ce mascara multifonction combine les bienfaits d&#8217;un s\u00e9rum pour les cils et d&#8217;un mascara traditionnel ! Sa&nbsp;formule modulable allonge instantan\u00e9ment les cils tout en les nourrissant et les renfor\u00e7ant pour un magnifique look volumineux.<\/p>\n         <!--==================================================== features image  ====================================================-->\n         <img decoding=\"async\" alt=\"MONAT IR Clinical\u2122 Mascara Jetsetter Black on a flat surface, with streaks of black mascara.\" src=\"https:\/\/monatglobal.com\/wp-content\/uploads\/2023\/08\/mascara-jetsetter-black-features-min.jpg\" loading=\"lazy\"\/>\n      <!--==================================================== features text ====================================================-->\n            <h3>Caract\u00e9ristiques<\/h3>\n               <p>\/ Embellit, allonge et donne instantan\u00e9ment du volume aux cils* <\/p>\n               <p>\/ Conditionne et nourrit les cils* <\/p>\n               <p>\/ Offre une longue tenue sans s&#8217;\u00e9cailler jusqu&#8217;\u00e0 12 heures* <\/p>\n               <p>\/ Renforce les cils tout en r\u00e9duisant la casse et la chute*<\/p>\n               <p>\/ S&#8217;enl\u00e8ve facilement<\/p>\n               <p>\/ Convient aux personnes aux yeux sensibles et aux porteuses de lentilles corn\u00e9ennes. <\/p>\n               <br \/>\n            <p>Parfum \/ Non parfum\u00e9<\/p>\n            <p>Texture \/ Liquide cr\u00e9meux<\/p>\n                <p>*Bas\u00e9 sur une \u00e9tude de consommateurs men\u00e9e aupr\u00e8s de 43 femmes \u00e2g\u00e9es de 19 \u00e0 54 ans qui utilisent un mascara volumisant \u00e0 pr\u00e9sent. Test\u00e9 par un laboratoire ind\u00e9pendant.<\/p>\n   <!--==================================================== composition image mobile ====================================================-->\n   <img decoding=\"async\" alt=\"4 bottles of MONAT IR Clinical\u2122 Mascara Jetsetter Black. \" src=\"https:\/\/monatglobal.com\/wp-content\/uploads\/2023\/08\/mascara-jetsetter-black-standalone-min.jpg\" loading=\"lazy\"\/>\n   <!--==================================================== Why it works text ====================================================-->\n      <h3>Renforcez vos cils tout en accentuant vos yeux.<\/h3>\n      <p>Ce mascara noir est dot\u00e9 la technologie IR CLINICAL\u2122 r\u00e9volutionnaire et contient de la caf\u00e9ine, de la m\u00e9latonine et du REJUVENIQE<sup>\u00ae<\/sup> pour nourrir et renforcer les cils afin de r\u00e9duire la casse et la chute. Sa formule longue tenue r\u00e9siste aux taches et ne s&#8217;\u00e9caille pas. <\/p>\n<!--==================================================== Composition section ====================================================-->\n      <img decoding=\"async\" alt=\"4 bottles of MONAT IR Clinical\u2122 Mascara Jetsetter Black. \" src=\"https:\/\/monatglobal.com\/wp-content\/uploads\/2023\/08\/mascara-jetsetter-black-standalone-min.jpg\" loading=\"lazy\"\/>\n      <img decoding=\"async\" alt=\"A female holding the MONAT IR Clinical\u2122 Mascara Jetsetter black infront of her face, overlaying a photo of black mascara streaks.\" \n         src=\"https:\/\/monatglobal.com\/wp-content\/uploads\/2023\/08\/mascara-jetsetter-black-composition-min.jpg\" loading=\"lazy\"\/>\n            <!--==================================================== Directions text ====================================================--> \n               <h3>Mode d&#8217;emploi<\/h3>\n                  <p>\/ Appliquer en effectuant un mouvement de balayage vers le haut. <\/p>\n                  <p>\/ Commencer \u00e0 la base des cils et balayer des racines vers les pointes pour donner du volume. <\/p>\n                  <p>\/ Superposer les couches selon l&#8217;envie pour un effet plus intense.<\/p>\n            <!--==================================================== Directions video ====================================================-->\n      <p>Mascara <br \/>MONAT IR Clinical\u2122<br \/>5:00<\/p> \n  <a href=\"\" target=\"_blank\" role=\"button\" aria-label=\"\" rel=\"noopener\"><\/a>\n   <!--==================================================== Ingredients section  ====================================================-->\n      <h2>INGR\u00c9DIENTS CL\u00c9S<\/h2>\n               <img decoding=\"async\" alt=\"Vitamin E icon\" src=\"https:\/\/monatglobal.com\/wp-content\/uploads\/2023\/08\/IR-Clinical-Technology.svg\"\/> \n               <p>Technologie <br \/>IR CLINICAL\u2122<\/p>\n               <img decoding=\"async\" alt=\"rejuveniqe icon\" src=\"https:\/\/monatglobal.com\/wp-content\/uploads\/2022\/09\/rejuveniqe-icon.svg\"\/> \n               <p>REJUVENIQE<sup>\u00ae<\/sup><\/p>\n               <img decoding=\"async\" alt=\"Vitamin E icon\" src=\"https:\/\/monatglobal.com\/wp-content\/uploads\/2022\/09\/Vitamin-E.svg\"\/> \n               <p>Vitamine E<\/p>\n               <img decoding=\"async\" alt=\"rejuveniqe icon\" src=\"https:\/\/monatglobal.com\/wp-content\/uploads\/2022\/11\/capixyl.svg\"\/> \n               <p>CAPIXYL<sup>\u00ae<\/sup><\/p>\n      <button id=\"myBtn\" type=\"button\">LISTE D&#8217;INGR\u00c9DIENTS<\/button>\n      <!--==================================================== Modal content  ====================================================-->\n         &times;\n         <p>Aqua\/Water\/Eau, Hydrolyzed Corn Starch, Copernicia Cerifera (Carnauba) Wax\/Cire de Carnauba, Euphorbia Cerifera (Candelilla) Wax\/Cire de Candelilla, Behenyl Behenate, Capryloyl Glycerin\/Sebacic Acid Copolymer, Glycerin, Candelilla\/Jojoba\/Rice Bran Polyglyceryl-3 Esters, Glyceryl Stearate, Jojoba Esters, Glyceryl Rosinate, Polyhydroxystearic Acid, Helianthus Annuus (Sunflower) Seed Wax, Pentylene Glycol, Polyglyceryl-10 Oleate, Propanediol, Arginine, Caffeine, Melatonin, Adansonia Digitata Oil, Caryocar Brasiliense Fruit Oil, Cocos Nucifera (Coconut) Oil, Gardenia Taitensis Flower Extract, Helianthus Annuus (Sunflower) Seed Oil, Mauritia Flexuosa Fruit Oil, Moringa Oleifera Seed Oil, Trifolium Pratense (Clover) Flower Extract, Acetyl Tetrapeptide-3, Citrus Aurantifolia (Lime) Oil, Citrus Aurantium Bergamia (Bergamot) Fruit Oil, Dextran, Citrus Limon (Lemon) Peel Oil, Daucus Carota Sativa (Carrot) Seed Oil, Solanum Lycopersicum (Tomato) Seed Oil, Camellia Oleifera Seed Oil, Crambe Abyssinica Seed Oil, Lauric Acid, Myristic Acid, Limnanthes Alba (Meadowfoam) Seed Oil, Tocopherol, Butylene Glycol, Silica, Acacia Decurrens Flower Wax, Polyglycerin-3, Ethylhexylglycerin, Panthenol, Stearic Acid, Palmitic Acid, Galactoarbinan, Xanthan Gum, Tocopheryl Acetate, Acacia Senegal Gum, Cetearyl Alcohol, Sodium Stearoyl Lactylate, Phenoxyethanol, Iron Oxide (CI 77499).<\/p>\n   <!--==================================================== You might also like section ====================================================-->\n      <h2>VOUS POURRIEZ AUSSI AIMER<\/h2>\n      <!--==================================================== Slider YOU MIGHT ALSO LIKE ====================================================-->\n      <!---->\n      <!--   -->\n            <!-- Slides products-->\n      <!-- -->\n      <!--              <a href=\"https:\/\/monatglobal.com\/fr\/makeup-concealer\/\" aria-label=\"Go to MONAT Brighten + Correct Concealer\u2122 page\">-->\n      <!--                  <img decoding=\"async\" src=\"https:\/\/monatglobal.com\/wp-content\/uploads\/2023\/08\/brighten_correct_concealer_medium-ecomm.png\" alt=\"MONAT Brighten + Correct Concealer\u2122\" loading=\"lazy\"\/>-->\n      <!--                  <p>MONAT Brighten + Correct Concealer\u2122<\/p>-->\n      <!--              <\/a>-->\n      <!--          -->\n      <!--      -->\n      <!--         <a href=\"https:\/\/monatglobal.com\/fr\/makeup-brow-gel\/\" aria-label=\"Go to MONAT IR Clinical\u2122 Clear Brow Gel  page\">-->\n      <!--            <img decoding=\"async\" src=\"https:\/\/monatglobal.com\/wp-content\/uploads\/2023\/08\/ir_clinical_clear_brown_gel_clear-ecomm.png\" alt=\"MONAT IR Clinical\u2122 Clear Brow Gel\" loading=\"lazy\"\/>-->\n      <!--            <p>MONAT IR Clinical\u2122 <br \/> Gel transparent pour sourcils<\/p>-->\n      <!--         <\/a>-->\n      <!--      -->\n      <!--      -->\n      <!--         <a href=\"https:\/\/monatglobal.com\/fr\/makeup-liquid-lipstick\/\" aria-label=\"Go to MONAT Liquid Lipstick\u2122 page\">-->\n      <!--            <img decoding=\"async\" src=\"https:\/\/monatglobal.com\/wp-content\/uploads\/2023\/08\/liquid_lipstick_goddess-ecomm-1.png\" alt=\"MONAT Liquid Lipstick\u2122\" loading=\"lazy\"\/>-->\n      <!--            <p>MONAT Liquid Lipstick\u2122<\/p>-->\n      <!--         <\/a>-->\n      <!--      -->\n      <!--   -->\n         <!-- If we need navigation buttons -->\n      <!--   -->\n      <!--   -->\n         <!-- If we need paginations -->\n      <!--   -->\n      <!---->\n         <!--==================================================== If we need navigation buttons  ====================================================-->\n         <!--==================================================== If we need paginations  ====================================================-->\n    <a href=\"\" aria-label=\"\"><\/a>\n\n","protected":false},"excerpt":{"rendered":"<p>\u00ab BEST SELLERS \u00bb \u00ab BEST SELLERS \u00bb MONAT IR Clinical\u2122 Mascara M\u00e9latonine, caf\u00e9ine et REJUVENIQE\u00ae Allonge et donne instantan\u00e9ment du volume au cils pour leur donner un aspect plus fourni. Poids net 0,29 oz (8,5 g) Prix de d\u00e9tail00.00 \u20ac Prix de client VIP00.00 \u20ac Pour en savoir plus sur le Mascara MONAT IR&hellip;<\/p>\n","protected":false},"author":31,"featured_media":83728,"parent":0,"menu_order":0,"comment_status":"closed","ping_status":"closed","template":"","meta":{"inline_featured_image":false,"om_disable_all_campaigns":false,"_monsterinsights_skip_tracking":false,"_monsterinsights_sitenote_active":false,"_monsterinsights_sitenote_note":"","_monsterinsights_sitenote_category":0,"footnotes":""},"categories":[20],"tags":[],"class_list":["post-79140","page","type-page","status-publish","has-post-thumbnail","hentry","category-product-fr"],"aioseo_notices":[],"aioseo_head":"\n\t\t<!-- All in One SEO Pro 4.9.6 - aioseo.com -->\n\t<meta name=\"description\" content=\"\u00ab BEST SELLERS \u00bb \u00ab BEST SELLERS \u00bb MONAT IR Clinical\u2122 Mascara M\u00e9latonine, caf\u00e9ine et REJUVENIQE\u00ae Allonge et donne instantan\u00e9ment du volume au cils pour leur donner un aspect plus fourni. Poids net 0,29 oz (8,5 g) Prix de d\u00e9tail00.00 \u20ac Prix de client VIP00.00 \u20ac Pour en savoir plus sur le Mascara MONAT IR\" \/>\n\t<meta name=\"robots\" content=\"noindex, nofollow, max-image-preview:large\" \/>\n\t<link rel=\"canonical\" href=\"https:\/\/monatglobal.com\/fr\/makeup-mascara\/\" \/>\n\t<meta name=\"generator\" content=\"All in One SEO Pro (AIOSEO) 4.9.6\" \/>\n\t\t<meta property=\"og:locale\" content=\"en_US\" \/>\n\t\t<meta property=\"og:site_name\" content=\"MONAT France - We Are Modern Nature\u2122\" \/>\n\t\t<meta property=\"og:type\" content=\"article\" \/>\n\t\t<meta property=\"og:title\" content=\"Mascara | Maquillage MONAT - MONAT France\" \/>\n\t\t<meta property=\"og:description\" content=\"\u00ab BEST SELLERS \u00bb \u00ab BEST SELLERS \u00bb MONAT IR Clinical\u2122 Mascara M\u00e9latonine, caf\u00e9ine et REJUVENIQE\u00ae Allonge et donne instantan\u00e9ment du volume au cils pour leur donner un aspect plus fourni. Poids net 0,29 oz (8,5 g) Prix de d\u00e9tail00.00 \u20ac Prix de client VIP00.00 \u20ac Pour en savoir plus sur le Mascara MONAT IR\" \/>\n\t\t<meta property=\"og:url\" content=\"https:\/\/monatglobal.com\/fr\/makeup-mascara\/\" \/>\n\t\t<meta property=\"article:published_time\" content=\"2023-08-25T04:10:35+00:00\" \/>\n\t\t<meta property=\"article:modified_time\" content=\"2026-02-13T20:27:39+00:00\" \/>\n\t\t<meta name=\"twitter:card\" content=\"summary_large_image\" \/>\n\t\t<meta name=\"twitter:title\" content=\"Mascara | Maquillage MONAT - MONAT France\" \/>\n\t\t<meta name=\"twitter:description\" content=\"\u00ab BEST SELLERS \u00bb \u00ab BEST SELLERS \u00bb MONAT IR Clinical\u2122 Mascara M\u00e9latonine, caf\u00e9ine et REJUVENIQE\u00ae Allonge et donne instantan\u00e9ment du volume au cils pour leur donner un aspect plus fourni. Poids net 0,29 oz (8,5 g) Prix de d\u00e9tail00.00 \u20ac Prix de client VIP00.00 \u20ac Pour en savoir plus sur le Mascara MONAT IR\" \/>\n\t\t<script type=\"application\/ld+json\" class=\"aioseo-schema\">\n\t\t\t{\"@context\":\"https:\\\/\\\/schema.org\",\"@graph\":[{\"@type\":\"BreadcrumbList\",\"@id\":\"https:\\\/\\\/monatglobal.com\\\/fr\\\/makeup-mascara\\\/#breadcrumblist\",\"itemListElement\":[{\"@type\":\"ListItem\",\"@id\":\"https:\\\/\\\/monatglobal.com\\\/fr#listItem\",\"position\":1,\"name\":\"Home\",\"item\":\"https:\\\/\\\/monatglobal.com\\\/fr\",\"nextItem\":{\"@type\":\"ListItem\",\"@id\":\"https:\\\/\\\/monatglobal.com\\\/fr\\\/makeup-mascara\\\/#listItem\",\"name\":\"Mascara | Maquillage MONAT\"}},{\"@type\":\"ListItem\",\"@id\":\"https:\\\/\\\/monatglobal.com\\\/fr\\\/makeup-mascara\\\/#listItem\",\"position\":2,\"name\":\"Mascara | Maquillage MONAT\",\"previousItem\":{\"@type\":\"ListItem\",\"@id\":\"https:\\\/\\\/monatglobal.com\\\/fr#listItem\",\"name\":\"Home\"}}]},{\"@type\":\"Organization\",\"@id\":\"https:\\\/\\\/monatglobal.com\\\/fr\\\/#organization\",\"name\":\"MONAT France\",\"description\":\"We Are Modern Nature\\u2122\",\"url\":\"https:\\\/\\\/monatglobal.com\\\/fr\\\/\"},{\"@type\":\"WebPage\",\"@id\":\"https:\\\/\\\/monatglobal.com\\\/fr\\\/makeup-mascara\\\/#webpage\",\"url\":\"https:\\\/\\\/monatglobal.com\\\/fr\\\/makeup-mascara\\\/\",\"name\":\"Mascara | Maquillage MONAT - MONAT France\",\"description\":\"\\u00ab BEST SELLERS \\u00bb \\u00ab BEST SELLERS \\u00bb MONAT IR Clinical\\u2122 Mascara M\\u00e9latonine, caf\\u00e9ine et REJUVENIQE\\u00ae Allonge et donne instantan\\u00e9ment du volume au cils pour leur donner un aspect plus fourni. Poids net 0,29 oz (8,5 g) Prix de d\\u00e9tail00.00 \\u20ac Prix de client VIP00.00 \\u20ac Pour en savoir plus sur le Mascara MONAT IR\",\"inLanguage\":\"en-US\",\"isPartOf\":{\"@id\":\"https:\\\/\\\/monatglobal.com\\\/fr\\\/#website\"},\"breadcrumb\":{\"@id\":\"https:\\\/\\\/monatglobal.com\\\/fr\\\/makeup-mascara\\\/#breadcrumblist\"},\"image\":{\"@type\":\"ImageObject\",\"url\":\"https:\\\/\\\/monatglobal.com\\\/fr\\\/wp-content\\\/uploads\\\/sites\\\/19\\\/2023\\\/09\\\/ir_clinical_mascara_jetsetter_black-ecomm.png\",\"@id\":\"https:\\\/\\\/monatglobal.com\\\/fr\\\/makeup-mascara\\\/#mainImage\",\"width\":641,\"height\":800},\"primaryImageOfPage\":{\"@id\":\"https:\\\/\\\/monatglobal.com\\\/fr\\\/makeup-mascara\\\/#mainImage\"},\"datePublished\":\"2023-08-25T00:10:35+01:00\",\"dateModified\":\"2026-02-13T20:27:39+00:00\"},{\"@type\":\"WebSite\",\"@id\":\"https:\\\/\\\/monatglobal.com\\\/fr\\\/#website\",\"url\":\"https:\\\/\\\/monatglobal.com\\\/fr\\\/\",\"name\":\"MONAT France\",\"description\":\"We Are Modern Nature\\u2122\",\"inLanguage\":\"en-US\",\"publisher\":{\"@id\":\"https:\\\/\\\/monatglobal.com\\\/fr\\\/#organization\"}}]}\n\t\t<\/script>\n\t\t<!-- All in One SEO Pro -->\r\n\t\t<title>Mascara | Maquillage MONAT - MONAT France<\/title>\n\n","aioseo_head_json":{"title":"Mascara | Maquillage MONAT - MONAT France","description":"\u00ab BEST SELLERS \u00bb \u00ab BEST SELLERS \u00bb MONAT IR Clinical\u2122 Mascara M\u00e9latonine, caf\u00e9ine et REJUVENIQE\u00ae Allonge et donne instantan\u00e9ment du volume au cils pour leur donner un aspect plus fourni. Poids net 0,29 oz (8,5 g) Prix de d\u00e9tail00.00 \u20ac Prix de client VIP00.00 \u20ac Pour en savoir plus sur le Mascara MONAT IR","canonical_url":"https:\/\/monatglobal.com\/fr\/makeup-mascara\/","robots":"noindex, nofollow, max-image-preview:large","keywords":"","webmasterTools":{"miscellaneous":""},"schema":{"@context":"https:\/\/schema.org","@graph":[{"@type":"BreadcrumbList","@id":"https:\/\/monatglobal.com\/fr\/makeup-mascara\/#breadcrumblist","itemListElement":[{"@type":"ListItem","@id":"https:\/\/monatglobal.com\/fr#listItem","position":1,"name":"Home","item":"https:\/\/monatglobal.com\/fr","nextItem":{"@type":"ListItem","@id":"https:\/\/monatglobal.com\/fr\/makeup-mascara\/#listItem","name":"Mascara | Maquillage MONAT"}},{"@type":"ListItem","@id":"https:\/\/monatglobal.com\/fr\/makeup-mascara\/#listItem","position":2,"name":"Mascara | Maquillage MONAT","previousItem":{"@type":"ListItem","@id":"https:\/\/monatglobal.com\/fr#listItem","name":"Home"}}]},{"@type":"Organization","@id":"https:\/\/monatglobal.com\/fr\/#organization","name":"MONAT France","description":"We Are Modern Nature\u2122","url":"https:\/\/monatglobal.com\/fr\/"},{"@type":"WebPage","@id":"https:\/\/monatglobal.com\/fr\/makeup-mascara\/#webpage","url":"https:\/\/monatglobal.com\/fr\/makeup-mascara\/","name":"Mascara | Maquillage MONAT - MONAT France","description":"\u00ab BEST SELLERS \u00bb \u00ab BEST SELLERS \u00bb MONAT IR Clinical\u2122 Mascara M\u00e9latonine, caf\u00e9ine et REJUVENIQE\u00ae Allonge et donne instantan\u00e9ment du volume au cils pour leur donner un aspect plus fourni. Poids net 0,29 oz (8,5 g) Prix de d\u00e9tail00.00 \u20ac Prix de client VIP00.00 \u20ac Pour en savoir plus sur le Mascara MONAT IR","inLanguage":"en-US","isPartOf":{"@id":"https:\/\/monatglobal.com\/fr\/#website"},"breadcrumb":{"@id":"https:\/\/monatglobal.com\/fr\/makeup-mascara\/#breadcrumblist"},"image":{"@type":"ImageObject","url":"https:\/\/monatglobal.com\/fr\/wp-content\/uploads\/sites\/19\/2023\/09\/ir_clinical_mascara_jetsetter_black-ecomm.png","@id":"https:\/\/monatglobal.com\/fr\/makeup-mascara\/#mainImage","width":641,"height":800},"primaryImageOfPage":{"@id":"https:\/\/monatglobal.com\/fr\/makeup-mascara\/#mainImage"},"datePublished":"2023-08-25T00:10:35+01:00","dateModified":"2026-02-13T20:27:39+00:00"},{"@type":"WebSite","@id":"https:\/\/monatglobal.com\/fr\/#website","url":"https:\/\/monatglobal.com\/fr\/","name":"MONAT France","description":"We Are Modern Nature\u2122","inLanguage":"en-US","publisher":{"@id":"https:\/\/monatglobal.com\/fr\/#organization"}}]},"og:locale":"en_US","og:site_name":"MONAT France - We Are Modern Nature\u2122","og:type":"article","og:title":"Mascara | Maquillage MONAT - MONAT France","og:description":"\u00ab BEST SELLERS \u00bb \u00ab BEST SELLERS \u00bb MONAT IR Clinical\u2122 Mascara M\u00e9latonine, caf\u00e9ine et REJUVENIQE\u00ae Allonge et donne instantan\u00e9ment du volume au cils pour leur donner un aspect plus fourni. Poids net 0,29 oz (8,5 g) Prix de d\u00e9tail00.00 \u20ac Prix de client VIP00.00 \u20ac Pour en savoir plus sur le Mascara MONAT IR","og:url":"https:\/\/monatglobal.com\/fr\/makeup-mascara\/","article:published_time":"2023-08-25T04:10:35+00:00","article:modified_time":"2026-02-13T20:27:39+00:00","twitter:card":"summary_large_image","twitter:title":"Mascara | Maquillage MONAT - MONAT France","twitter:description":"\u00ab BEST SELLERS \u00bb \u00ab BEST SELLERS \u00bb MONAT IR Clinical\u2122 Mascara M\u00e9latonine, caf\u00e9ine et REJUVENIQE\u00ae Allonge et donne instantan\u00e9ment du volume au cils pour leur donner un aspect plus fourni. Poids net 0,29 oz (8,5 g) Prix de d\u00e9tail00.00 \u20ac Prix de client VIP00.00 \u20ac Pour en savoir plus sur le Mascara MONAT IR"},"aioseo_meta_data":{"post_id":"79140","title":null,"description":null,"keywords":[],"keyphrases":{"focus":{"keyphrase":"","score":0,"analysis":{"keyphraseInTitle":{"score":0,"maxScore":9,"error":1}}},"additional":[]},"primary_term":null,"canonical_url":null,"og_title":null,"og_description":null,"og_object_type":"default","og_image_type":"default","og_image_url":null,"og_image_width":null,"og_image_height":null,"og_image_custom_url":null,"og_image_custom_fields":null,"og_video":"","og_custom_url":null,"og_article_section":null,"og_article_tags":[],"twitter_use_og":false,"twitter_card":"default","twitter_image_type":"default","twitter_image_url":null,"twitter_image_custom_url":null,"twitter_image_custom_fields":null,"twitter_title":null,"twitter_description":null,"schema":{"blockGraphs":[],"customGraphs":[],"default":{"data":{"Article":[],"Course":[],"Dataset":[],"FAQPage":[],"Movie":[],"Person":[],"Product":[],"ProductReview":[],"Car":[],"Recipe":[],"Service":[],"SoftwareApplication":[],"WebPage":[]},"graphName":"WebPage","isEnabled":true},"graphs":[]},"schema_type":"default","schema_type_options":null,"pillar_content":false,"robots_default":true,"robots_noindex":false,"robots_noarchive":false,"robots_nosnippet":false,"robots_nofollow":false,"robots_noimageindex":false,"robots_noodp":false,"robots_notranslate":false,"robots_max_snippet":"-1","robots_max_videopreview":"-1","robots_max_imagepreview":"large","priority":null,"frequency":"default","local_seo":null,"seo_analyzer_scan_date":"2026-02-13 20:32:15","breadcrumb_settings":null,"limit_modified_date":false,"reviewed_by":null,"open_ai":null,"ai":null,"created":"2023-09-06 17:13:26","updated":"2026-02-13 20:32:15"},"aioseo_breadcrumb":"<div class=\"aioseo-breadcrumbs\"><span class=\"aioseo-breadcrumb\">\n\t<a href=\"https:\/\/monatglobal.com\/fr\" title=\"Home\">Home<\/a>\n<\/span><span class=\"aioseo-breadcrumb-separator\">&raquo;<\/span><span class=\"aioseo-breadcrumb\">\n\tMascara | Maquillage MONAT\n<\/span><\/div>","aioseo_breadcrumb_json":[{"label":"Home","link":"https:\/\/monatglobal.com\/fr"},{"label":"Mascara | Maquillage MONAT","link":"https:\/\/monatglobal.com\/fr\/makeup-mascara\/"}],"_links":{"self":[{"href":"https:\/\/monatglobal.com\/fr\/wp-json\/wp\/v2\/pages\/79140","targetHints":{"allow":["GET"]}}],"collection":[{"href":"https:\/\/monatglobal.com\/fr\/wp-json\/wp\/v2\/pages"}],"about":[{"href":"https:\/\/monatglobal.com\/fr\/wp-json\/wp\/v2\/types\/page"}],"author":[{"embeddable":true,"href":"https:\/\/monatglobal.com\/fr\/wp-json\/wp\/v2\/users\/31"}],"replies":[{"embeddable":true,"href":"https:\/\/monatglobal.com\/fr\/wp-json\/wp\/v2\/comments?post=79140"}],"version-history":[{"count":28,"href":"https:\/\/monatglobal.com\/fr\/wp-json\/wp\/v2\/pages\/79140\/revisions"}],"predecessor-version":[{"id":109434,"href":"https:\/\/monatglobal.com\/fr\/wp-json\/wp\/v2\/pages\/79140\/revisions\/109434"}],"wp:featuredmedia":[{"embeddable":true,"href":"https:\/\/monatglobal.com\/fr\/wp-json\/wp\/v2\/media\/83728"}],"wp:attachment":[{"href":"https:\/\/monatglobal.com\/fr\/wp-json\/wp\/v2\/media?parent=79140"}],"wp:term":[{"taxonomy":"category","embeddable":true,"href":"https:\/\/monatglobal.com\/fr\/wp-json\/wp\/v2\/categories?post=79140"},{"taxonomy":"post_tag","embeddable":true,"href":"https:\/\/monatglobal.com\/fr\/wp-json\/wp\/v2\/tags?post=79140"}],"curies":[{"name":"wp","href":"https:\/\/api.w.org\/{rel}","templated":true}]}}