{"id":79139,"date":"2023-08-25T00:08:24","date_gmt":"2023-08-25T04:08:24","guid":{"rendered":"https:\/\/monatglobal.com\/ca\/?page_id=79139"},"modified":"2026-02-13T20:26:02","modified_gmt":"2026-02-13T20:26:02","slug":"makeup-brow-gel","status":"publish","type":"page","link":"https:\/\/monatglobal.com\/fr\/makeup-brow-gel\/","title":{"rendered":"Gel pour sourcils | Maquillage MONAT | Gel transparent pour sourcils"},"content":{"rendered":"\n\n\t<link rel=\"stylesheet\" href=\"https:\/\/monatglobal.com\/wp-content\/creative_css\/product_styles_sheet.css\" \/>\n   <!--==================================================== ECOMM SECTION ====================================================-->\n      <!--==================================================== Ecomm image ====================================================-->\n         NOUVEAU\n               <img decoding=\"async\" alt=\"Product shot of the MONAT IR Clinical\u2122 Clear Brow Gel\" src=\"https:\/\/monatglobal.com\/wp-content\/uploads\/2023\/08\/ir_clinical_clear_brown_gel_clear-ecomm.png\" loading=\"lazy\"\/>\n               <img decoding=\"async\" alt=\"Female holding the brush of the MONAT IR Clinical\u2122 Clear Brow Gel infront of her brows.\" src=\"https:\/\/monatglobal.com\/wp-content\/uploads\/2023\/08\/clear-brow-gel-clear-ecomm-closeup-min.jpg\" loading=\"lazy\"\/>\n               <!---->\n                  <img decoding=\"async\" alt=\"Product shot of the MONAT IR Clinical\u2122 Clear Brow Gel\" src=\"https:\/\/monatglobal.com\/wp-content\/uploads\/2023\/08\/ir_clinical_clear_brown_gel_clear-ecomm.png\" data-lbxp=\"\" loading=\"lazy\"\/>\n                  <img decoding=\"async\" alt=\"Female holding the brush of the MONAT IR Clinical\u2122 Clear Brow Gel infront of her brows.\" src=\"https:\/\/monatglobal.com\/wp-content\/uploads\/2023\/08\/clear-brow-gel-clear-ecomm-closeup-min.jpg\" loading=\"lazy\"\/>\n                  <!---->\n      <!--==================================================== Ecomm information  ====================================================-->\n         NOUVEAU\n         <p>MONAT <\/p>\n         <h1>MONAT IR Clinical\u2122 <br \/> Gel transparent pour sourcils<\/h1>\n         <p>M\u00e9latonine, caf\u00e9ine et REJUVENIQE<sup>\u00ae<\/sup><\/p>\n         <p>Il rehausse, donne du volume et fixe les sourcils en place tout au long de la journ\u00e9e. <\/p>\n         <p>4 ml \u212e 0,13 oz liq.<\/p>\n        <!--==================================================== pricing box ====================================================-->\n         <p>Prix de d\u00e9tail<br \/>00.00 \u20ac<\/p>\n         <p>Prix de client VIP<br \/>00.00 \u20ac<\/p>\n        <!--==================================================== pricing box ====================================================--> \n         <p>Pour en savoir plus sur le Gel transparent pour sourcils IR Clinical\u2122, veuillez contacter votre Partenaire de March\u00e9&nbsp;MONAT.<\/p> \n      <a href=\"\" target=\"_blank\" role=\"button\" aria-label=\"\" rel=\"noopener\"><\/a>\n   <!--==================================================== \/ECOMM SECTION  ====================================================-->\n   <!--==================================================== Benefits image ====================================================-->\n   \n      <source media=\"(max-width: 700px)\" srcset=\"https:\/\/monatglobal.com\/wp-content\/uploads\/2023\/08\/clear-brow-gel-clear-benefits-mobile-min.jpg\" loading=\"lazy\"\/>\n      <img decoding=\"async\" src=\"https:\/\/monatglobal.com\/wp-content\/uploads\/2023\/08\/clear-brow-gel-clear-benefits-desktop-min.jpg\" alt=\"Female holding the brush of the MONAT IR Clinical\u2122 Clear Brow Gel infront of her brows.\" loading=\"lazy\"\/>\n   \n   <!--==================================================== Benefits text ====================================================-->\n         <h2>BIENFAITS<\/h2>\n         <h3>Il dorlote la peau et donne un look soign\u00e9 aux sourcils.<\/h3>\n         <p>Ce gel rehausse les sourcils et sa formule modulable ne s&#8217;\u00e9caille pas. Il d\u00e9finit et ma\u00eetrise les sourcils pour leur donner un look lamin\u00e9. Il est id\u00e9al pour suivre la tendance sans maquillage et avoir des sourcils d&#8217;aspect soign\u00e9 en quelques secondes !<\/p>\n         <!--==================================================== features image  ====================================================-->\n         <img decoding=\"async\" alt=\"The brush of the MONAT IR Clinical\u2122 Clear Brow Gel on a flat surface, on top of clear gel.\" src=\"https:\/\/monatglobal.com\/wp-content\/uploads\/2023\/08\/clear-brow-gel-clear-features-min.jpg\" loading=\"lazy\"\/>\n      <!--==================================================== features text ====================================================-->\n            <h3>Caract\u00e9ristiques<\/h3>\n               <p>\/ Sa formule modulable sans r\u00e9sidus donne un look lamin\u00e9 aux sourcils* <\/p>\n               <p>\/ Fixe les sourcils en place pendant 8 heures*<\/p>\n               <p>\/ Aide \u00e0 renforcer les sourcils*<\/p>\n               <p>\/ Enduit les sourcils pour leur donner une apparence plus \u00e9paisse et fournie*<\/p>\n               <p>\/ Coiffe, d\u00e9finit et ma\u00eetrise les sourcils*<\/p>\n               <p>\/ Convient aux personnes aux yeux sensibles et aux porteuses de lentilles corn\u00e9ennes <\/p>\n               <br \/>\n            <p>Parfum \/ Non parfum\u00e9<\/p>\n            <p>Texture \/ Gel l\u00e9ger <\/p>\n            <p>*Bas\u00e9 sur une \u00e9tude de consommateurs men\u00e9e aupr\u00e8s de 34 femmes \u00e2g\u00e9es de 18 \u00e0 60 ans qui utilisent un gel pour sourcils \u00e0 pr\u00e9sent. Test\u00e9 par un laboratoire ind\u00e9pendant.<\/p>\n   <!--==================================================== composition image mobile ====================================================-->\n   <img decoding=\"async\" alt=\"An opened MONAT IR Clinical\u2122 Clear Brow Gel on a flat surface, on top of clear gel.\" src=\"https:\/\/monatglobal.com\/wp-content\/uploads\/2023\/08\/clear-brow-gel-clear-standalone-min.jpg\" loading=\"lazy\"\/>\n   <!--==================================================== Why it works text ====================================================-->\n      <h3>Renforcez vos sourcils tout en accentuant vos yeux.<\/h3>\n      <p>Ce gel transparent pour les sourcils est dot\u00e9 la technologie IR CLINICAL\u2122 r\u00e9volutionnaire et contient de la caf\u00e9ine, de la m\u00e9latonine et du REJUVENIQE<sup>\u00ae<\/sup> pour nourrir et renforcer les sourcils. Sa formule longue tenue enduit les sourcils pour leur donner une apparence plus \u00e9paisse et volumineuse.<\/p>\n<!--==================================================== Composition section ====================================================-->\n      <img decoding=\"async\" alt=\"An opened MONAT IR Clinical\u2122 Clear Brow Gel on a flat surface, on top of clear gel.\" src=\"https:\/\/monatglobal.com\/wp-content\/uploads\/2023\/08\/clear-brow-gel-clear-standalone-min.jpg\" loading=\"lazy\"\/>\n      <img decoding=\"async\" alt=\"Female holding the brush of the MONAT IR Clinical\u2122 Clear Brow Gel infront of her brows.\" src=\"https:\/\/monatglobal.com\/wp-content\/uploads\/2023\/08\/clear-brow-gel-clear-composition-min.jpg\" loading=\"lazy\"\/>\n            <!--==================================================== Directions text ====================================================--> \n               <h3>Mode d&#8217;emploi<\/h3>\n                  <p>\/ Appliquer sur des sourcils propres en effectuant un mouvement de balayage vers le haut pour les rehausser et les fixer.<\/p>\n                  <p>\/ Superposer les couches selon l&#8217;envie pour un effet plus intense et lamin\u00e9. <\/p>\n            <!--==================================================== Directions video ====================================================-->\n      MONAT IR Clinical\u2122<br \/>\nGel transparent pour sourcils  <br \/>5:00\n  <a href=\"\" target=\"_blank\" role=\"button\" aria-label=\"\" rel=\"noopener\"><\/a>\n   <!--==================================================== Ingredients section  ====================================================-->\n      <h2>INGR\u00c9DIENTS CL\u00c9S<\/h2>\n               <img decoding=\"async\" alt=\"IR Clinical\u2122 Technology icon\" src=\"https:\/\/monatglobal.com\/wp-content\/uploads\/2023\/08\/IR-Clinical-Technology.svg\"\/> \n               <p>Technologie IR CLINICAL\u2122<\/p>\n               <img decoding=\"async\" alt=\"rejuveniqe icon\" src=\"https:\/\/monatglobal.com\/wp-content\/uploads\/2022\/09\/rejuveniqe-icon.svg\"\/> \n               <p>REJUVENIQE<sup>\u00ae<\/sup><\/p>\n      <button id=\"myBtn\" type=\"button\">LISTE D&#8217;INGR\u00c9DIENTS<\/button>\n      <!--==================================================== Modal content  ====================================================-->\n         &times;\n         <p>Aqua\/Water\/Eau, Alcohol Denat., Propanediol, Acrylates Copolymer, Pentylene Glycol, Melatonin, Caffeine, Adansonia Digitata Oil, Caryocar Brasiliense Fruit Oil, Citrus Aurantifolia (Lime) Oil, Citrus Aurantium Bergamia (Bergamot) Fruit Oil, Citrus Limon (Lemon) Peel Oil, Cocos Nucifera (Coconut) Oil, Gardenia Taitensis Flower Extract, Helianthus Annuus (Sunflower) Seed Oil, Mauritia Flexuosa Fruit Oil, Moringa Oleifera Seed Oil, Daucus Carota Sativa (Carrot) Seed Oil, Solanum Lycopersicum (Tomato) Seed Oil, Camellia Oleifera Seed Oil, Crambe Abyssinica Seed Oil, Limnanthes Alba (Meadowfoam) Seed Oil, Sodium Phosphate, Disodium Phosphate, Polysorbate 60, Sorbic Acid, Sodium Gluconate, Hydroxyacetophenone, Hydroxyethylcellulose, Aminomethyl Propanol, Citric Acid.\u202c\u202c\u202c\u202c\u202c\u202c\u202c\u202c\u202c\u202c\u202c\u202c\u202c\u202c\u202c\u202c\u202c\u202c\u202c\u202c\u202c\u202c\u202c\u202c\u202c\u202c\u202c\u202c\u202c\u202c\u202c\u202c\u202c\u202c\u202c\u202c\u202c\u202c\u202c\u202c\u202c\u202c\u202c\u202c\u202c\u202c\u202c\u202c\u202c\u202c\u202c\u202c\u202c\u202c\u202c\u202c\u202c\u202c\u202c\u202c\u202c\u202c\u202c\u202c\u202c\u202c\u202c\u202c\u202c\u202c\u202c\u202c\u202c\u202c\u202c\u202c\u202c\u202c\u202c\u202c\u202c\u202c\u202c\u202c\u202c\u202c\u202c\u202c\u202c\u202c\u202c\u202c\u202c\u202c\u202c\u202c\u202c\u202c\u202c\u202c\u202c\u202c\u202c\u202c\u202c\u202c\u202c\u202c\u202c\u202c\u202c\u202c\u202c\u202c\u202c\u202c<\/p>\n   <!--==================================================== You might also like section ====================================================-->\n      <h2>VOUS POURRIEZ AUSSI AIMER<\/h2>\n      <!--==================================================== Slider YOU MIGHT ALSO LIKE ====================================================-->\n      <!---->\n      <!--   -->\n            <!-- Slides products-->\n      <!--      -->\n      <!--              <a href=\"https:\/\/monatglobal.com\/fr\/makeup-liquid-blush\/\" aria-label=\"Go to MONAT Hydrating Liquid-Gel Cream Blush\u2122 page\">-->\n      <!--                  <img decoding=\"async\" src=\"https:\/\/monatglobal.com\/wp-content\/uploads\/2023\/08\/hydrating_liquid_gel_cream_blush_peach-ecomm.png\" alt=\"MONAT Hydrating Liquid-Gel Cream Blush\u2122\" loading=\"lazy\"\/>-->\n      <!--                  <p>MONAT Hydrating Liquid-Gel Cream Blush\u2122<\/p>-->\n      <!--              <\/a>-->\n      <!--          -->\n      <!--      -->\n      <!--         <a href=\"https:\/\/monatglobal.com\/fr\/makeup-mascara\/\" aria-label=\"Go to MONAT IR Clinical\u2122 Mascara page\">-->\n      <!--            <img decoding=\"async\" src=\"https:\/\/monatglobal.com\/wp-content\/uploads\/2023\/08\/ir_clinical_mascara_jetsetter_black-ecomm.png\" alt=\"MONAT IR Clinical\u2122 Mascara\" loading=\"lazy\"\/>-->\n      <!--            <p>MONAT IR Clinical\u2122 Mascara<\/p>-->\n      <!--         <\/a>-->\n      <!--      -->\n      <!--      -->\n      <!--         <a href=\"https:\/\/monatglobal.com\/fr\/makeup-liquid-lipstick\/\" aria-label=\"Go to MONAT Liquid Lipstick\u2122 page\">-->\n      <!--            <img decoding=\"async\" src=\"https:\/\/monatglobal.com\/wp-content\/uploads\/2023\/08\/liquid_lipstick_goddess-ecomm-1.png\" alt=\"MONAT Liquid Lipstick\u2122\" loading=\"lazy\"\/>-->\n      <!--            <p>MONAT Liquid Lipstick\u2122<\/p>-->\n      <!--         <\/a>-->\n      <!--      -->\n      <!--   -->\n         <!-- If we need navigation buttons -->\n      <!--   -->\n      <!--   -->\n         <!-- If we need paginations -->\n      <!--   -->\n      <!-- -->\n         <!--==================================================== If we need navigation buttons  ====================================================-->\n         <!--==================================================== If we need paginations  ====================================================-->\n    <a href=\"\" aria-label=\"\"><\/a>\n\n","protected":false},"excerpt":{"rendered":"<p>NOUVEAU NOUVEAU MONAT MONAT IR Clinical\u2122 Gel transparent pour sourcils M\u00e9latonine, caf\u00e9ine et REJUVENIQE\u00ae Il rehausse, donne du volume et fixe les sourcils en place tout au long de la journ\u00e9e. 4 ml \u212e 0,13 oz liq. Prix de d\u00e9tail00.00 \u20ac Prix de client VIP00.00 \u20ac Pour en savoir plus sur le Gel transparent pour&hellip;<\/p>\n","protected":false},"author":31,"featured_media":83731,"parent":0,"menu_order":0,"comment_status":"closed","ping_status":"closed","template":"","meta":{"inline_featured_image":false,"om_disable_all_campaigns":false,"_monsterinsights_skip_tracking":false,"_monsterinsights_sitenote_active":false,"_monsterinsights_sitenote_note":"","_monsterinsights_sitenote_category":0,"footnotes":""},"categories":[20],"tags":[],"class_list":["post-79139","page","type-page","status-publish","has-post-thumbnail","hentry","category-product-fr"],"aioseo_notices":[],"aioseo_head":"\n\t\t<!-- All in One SEO Pro 4.9.5.2 - aioseo.com -->\n\t<meta name=\"description\" content=\"NOUVEAU NOUVEAU MONAT MONAT IR Clinical\u2122 Gel transparent pour sourcils M\u00e9latonine, caf\u00e9ine et REJUVENIQE\u00ae Il rehausse, donne du volume et fixe les sourcils en place tout au long de la journ\u00e9e. 4 ml \u212e 0,13 oz liq. Prix de d\u00e9tail00.00 \u20ac Prix de client VIP00.00 \u20ac Pour en savoir plus sur le Gel transparent pour\" \/>\n\t<meta name=\"robots\" content=\"noindex, nofollow, max-image-preview:large\" \/>\n\t<link rel=\"canonical\" href=\"https:\/\/monatglobal.com\/fr\/makeup-brow-gel\/\" \/>\n\t<meta name=\"generator\" content=\"All in One SEO Pro (AIOSEO) 4.9.5.2\" \/>\n\t\t<meta property=\"og:locale\" content=\"en_US\" \/>\n\t\t<meta property=\"og:site_name\" content=\"MONAT France - We Are Modern Nature\u2122\" \/>\n\t\t<meta property=\"og:type\" content=\"article\" \/>\n\t\t<meta property=\"og:title\" content=\"Gel pour sourcils | Maquillage MONAT | Gel transparent pour sourcils - MONAT France\" \/>\n\t\t<meta property=\"og:description\" content=\"NOUVEAU NOUVEAU MONAT MONAT IR Clinical\u2122 Gel transparent pour sourcils M\u00e9latonine, caf\u00e9ine et REJUVENIQE\u00ae Il rehausse, donne du volume et fixe les sourcils en place tout au long de la journ\u00e9e. 4 ml \u212e 0,13 oz liq. Prix de d\u00e9tail00.00 \u20ac Prix de client VIP00.00 \u20ac Pour en savoir plus sur le Gel transparent pour\" \/>\n\t\t<meta property=\"og:url\" content=\"https:\/\/monatglobal.com\/fr\/makeup-brow-gel\/\" \/>\n\t\t<meta property=\"article:published_time\" content=\"2023-08-25T04:08:24+00:00\" \/>\n\t\t<meta property=\"article:modified_time\" content=\"2026-02-13T20:26:02+00:00\" \/>\n\t\t<meta name=\"twitter:card\" content=\"summary_large_image\" \/>\n\t\t<meta name=\"twitter:title\" content=\"Gel pour sourcils | Maquillage MONAT | Gel transparent pour sourcils - MONAT France\" \/>\n\t\t<meta name=\"twitter:description\" content=\"NOUVEAU NOUVEAU MONAT MONAT IR Clinical\u2122 Gel transparent pour sourcils M\u00e9latonine, caf\u00e9ine et REJUVENIQE\u00ae Il rehausse, donne du volume et fixe les sourcils en place tout au long de la journ\u00e9e. 4 ml \u212e 0,13 oz liq. Prix de d\u00e9tail00.00 \u20ac Prix de client VIP00.00 \u20ac Pour en savoir plus sur le Gel transparent pour\" \/>\n\t\t<script type=\"application\/ld+json\" class=\"aioseo-schema\">\n\t\t\t{\"@context\":\"https:\\\/\\\/schema.org\",\"@graph\":[{\"@type\":\"BreadcrumbList\",\"@id\":\"https:\\\/\\\/monatglobal.com\\\/fr\\\/makeup-brow-gel\\\/#breadcrumblist\",\"itemListElement\":[{\"@type\":\"ListItem\",\"@id\":\"https:\\\/\\\/monatglobal.com\\\/fr#listItem\",\"position\":1,\"name\":\"Home\",\"item\":\"https:\\\/\\\/monatglobal.com\\\/fr\",\"nextItem\":{\"@type\":\"ListItem\",\"@id\":\"https:\\\/\\\/monatglobal.com\\\/fr\\\/makeup-brow-gel\\\/#listItem\",\"name\":\"Gel pour sourcils | Maquillage MONAT | Gel transparent pour sourcils\"}},{\"@type\":\"ListItem\",\"@id\":\"https:\\\/\\\/monatglobal.com\\\/fr\\\/makeup-brow-gel\\\/#listItem\",\"position\":2,\"name\":\"Gel pour sourcils | Maquillage MONAT | Gel transparent pour sourcils\",\"previousItem\":{\"@type\":\"ListItem\",\"@id\":\"https:\\\/\\\/monatglobal.com\\\/fr#listItem\",\"name\":\"Home\"}}]},{\"@type\":\"Organization\",\"@id\":\"https:\\\/\\\/monatglobal.com\\\/fr\\\/#organization\",\"name\":\"MONAT France\",\"description\":\"We Are Modern Nature\\u2122\",\"url\":\"https:\\\/\\\/monatglobal.com\\\/fr\\\/\"},{\"@type\":\"WebPage\",\"@id\":\"https:\\\/\\\/monatglobal.com\\\/fr\\\/makeup-brow-gel\\\/#webpage\",\"url\":\"https:\\\/\\\/monatglobal.com\\\/fr\\\/makeup-brow-gel\\\/\",\"name\":\"Gel pour sourcils | Maquillage MONAT | Gel transparent pour sourcils - MONAT France\",\"description\":\"NOUVEAU NOUVEAU MONAT MONAT IR Clinical\\u2122 Gel transparent pour sourcils M\\u00e9latonine, caf\\u00e9ine et REJUVENIQE\\u00ae Il rehausse, donne du volume et fixe les sourcils en place tout au long de la journ\\u00e9e. 4 ml \\u212e 0,13 oz liq. Prix de d\\u00e9tail00.00 \\u20ac Prix de client VIP00.00 \\u20ac Pour en savoir plus sur le Gel transparent pour\",\"inLanguage\":\"en-US\",\"isPartOf\":{\"@id\":\"https:\\\/\\\/monatglobal.com\\\/fr\\\/#website\"},\"breadcrumb\":{\"@id\":\"https:\\\/\\\/monatglobal.com\\\/fr\\\/makeup-brow-gel\\\/#breadcrumblist\"},\"image\":{\"@type\":\"ImageObject\",\"url\":\"https:\\\/\\\/monatglobal.com\\\/fr\\\/wp-content\\\/uploads\\\/sites\\\/19\\\/2023\\\/09\\\/ir_clinical_clear_brown_gel_clear-ecomm.png\",\"@id\":\"https:\\\/\\\/monatglobal.com\\\/fr\\\/makeup-brow-gel\\\/#mainImage\",\"width\":641,\"height\":800},\"primaryImageOfPage\":{\"@id\":\"https:\\\/\\\/monatglobal.com\\\/fr\\\/makeup-brow-gel\\\/#mainImage\"},\"datePublished\":\"2023-08-25T00:08:24+01:00\",\"dateModified\":\"2026-02-13T20:26:02+00:00\"},{\"@type\":\"WebSite\",\"@id\":\"https:\\\/\\\/monatglobal.com\\\/fr\\\/#website\",\"url\":\"https:\\\/\\\/monatglobal.com\\\/fr\\\/\",\"name\":\"MONAT France\",\"description\":\"We Are Modern Nature\\u2122\",\"inLanguage\":\"en-US\",\"publisher\":{\"@id\":\"https:\\\/\\\/monatglobal.com\\\/fr\\\/#organization\"}}]}\n\t\t<\/script>\n\t\t<!-- All in One SEO Pro -->\r\n\t\t<title>Gel pour sourcils | Maquillage MONAT | Gel transparent pour sourcils - MONAT France<\/title>\n\n","aioseo_head_json":{"title":"Gel pour sourcils | Maquillage MONAT | Gel transparent pour sourcils - MONAT France","description":"NOUVEAU NOUVEAU MONAT MONAT IR Clinical\u2122 Gel transparent pour sourcils M\u00e9latonine, caf\u00e9ine et REJUVENIQE\u00ae Il rehausse, donne du volume et fixe les sourcils en place tout au long de la journ\u00e9e. 4 ml \u212e 0,13 oz liq. Prix de d\u00e9tail00.00 \u20ac Prix de client VIP00.00 \u20ac Pour en savoir plus sur le Gel transparent pour","canonical_url":"https:\/\/monatglobal.com\/fr\/makeup-brow-gel\/","robots":"noindex, nofollow, max-image-preview:large","keywords":"","webmasterTools":{"miscellaneous":""},"schema":{"@context":"https:\/\/schema.org","@graph":[{"@type":"BreadcrumbList","@id":"https:\/\/monatglobal.com\/fr\/makeup-brow-gel\/#breadcrumblist","itemListElement":[{"@type":"ListItem","@id":"https:\/\/monatglobal.com\/fr#listItem","position":1,"name":"Home","item":"https:\/\/monatglobal.com\/fr","nextItem":{"@type":"ListItem","@id":"https:\/\/monatglobal.com\/fr\/makeup-brow-gel\/#listItem","name":"Gel pour sourcils | Maquillage MONAT | Gel transparent pour sourcils"}},{"@type":"ListItem","@id":"https:\/\/monatglobal.com\/fr\/makeup-brow-gel\/#listItem","position":2,"name":"Gel pour sourcils | Maquillage MONAT | Gel transparent pour sourcils","previousItem":{"@type":"ListItem","@id":"https:\/\/monatglobal.com\/fr#listItem","name":"Home"}}]},{"@type":"Organization","@id":"https:\/\/monatglobal.com\/fr\/#organization","name":"MONAT France","description":"We Are Modern Nature\u2122","url":"https:\/\/monatglobal.com\/fr\/"},{"@type":"WebPage","@id":"https:\/\/monatglobal.com\/fr\/makeup-brow-gel\/#webpage","url":"https:\/\/monatglobal.com\/fr\/makeup-brow-gel\/","name":"Gel pour sourcils | Maquillage MONAT | Gel transparent pour sourcils - MONAT France","description":"NOUVEAU NOUVEAU MONAT MONAT IR Clinical\u2122 Gel transparent pour sourcils M\u00e9latonine, caf\u00e9ine et REJUVENIQE\u00ae Il rehausse, donne du volume et fixe les sourcils en place tout au long de la journ\u00e9e. 4 ml \u212e 0,13 oz liq. Prix de d\u00e9tail00.00 \u20ac Prix de client VIP00.00 \u20ac Pour en savoir plus sur le Gel transparent pour","inLanguage":"en-US","isPartOf":{"@id":"https:\/\/monatglobal.com\/fr\/#website"},"breadcrumb":{"@id":"https:\/\/monatglobal.com\/fr\/makeup-brow-gel\/#breadcrumblist"},"image":{"@type":"ImageObject","url":"https:\/\/monatglobal.com\/fr\/wp-content\/uploads\/sites\/19\/2023\/09\/ir_clinical_clear_brown_gel_clear-ecomm.png","@id":"https:\/\/monatglobal.com\/fr\/makeup-brow-gel\/#mainImage","width":641,"height":800},"primaryImageOfPage":{"@id":"https:\/\/monatglobal.com\/fr\/makeup-brow-gel\/#mainImage"},"datePublished":"2023-08-25T00:08:24+01:00","dateModified":"2026-02-13T20:26:02+00:00"},{"@type":"WebSite","@id":"https:\/\/monatglobal.com\/fr\/#website","url":"https:\/\/monatglobal.com\/fr\/","name":"MONAT France","description":"We Are Modern Nature\u2122","inLanguage":"en-US","publisher":{"@id":"https:\/\/monatglobal.com\/fr\/#organization"}}]},"og:locale":"en_US","og:site_name":"MONAT France - We Are Modern Nature\u2122","og:type":"article","og:title":"Gel pour sourcils | Maquillage MONAT | Gel transparent pour sourcils - MONAT France","og:description":"NOUVEAU NOUVEAU MONAT MONAT IR Clinical\u2122 Gel transparent pour sourcils M\u00e9latonine, caf\u00e9ine et REJUVENIQE\u00ae Il rehausse, donne du volume et fixe les sourcils en place tout au long de la journ\u00e9e. 4 ml \u212e 0,13 oz liq. Prix de d\u00e9tail00.00 \u20ac Prix de client VIP00.00 \u20ac Pour en savoir plus sur le Gel transparent pour","og:url":"https:\/\/monatglobal.com\/fr\/makeup-brow-gel\/","article:published_time":"2023-08-25T04:08:24+00:00","article:modified_time":"2026-02-13T20:26:02+00:00","twitter:card":"summary_large_image","twitter:title":"Gel pour sourcils | Maquillage MONAT | Gel transparent pour sourcils - MONAT France","twitter:description":"NOUVEAU NOUVEAU MONAT MONAT IR Clinical\u2122 Gel transparent pour sourcils M\u00e9latonine, caf\u00e9ine et REJUVENIQE\u00ae Il rehausse, donne du volume et fixe les sourcils en place tout au long de la journ\u00e9e. 4 ml \u212e 0,13 oz liq. Prix de d\u00e9tail00.00 \u20ac Prix de client VIP00.00 \u20ac Pour en savoir plus sur le Gel transparent pour"},"aioseo_meta_data":{"post_id":"79139","title":null,"description":null,"keywords":[],"keyphrases":{"focus":{"keyphrase":"","score":0,"analysis":{"keyphraseInTitle":{"score":0,"maxScore":9,"error":1}}},"additional":[]},"primary_term":null,"canonical_url":null,"og_title":null,"og_description":null,"og_object_type":"default","og_image_type":"default","og_image_url":null,"og_image_width":null,"og_image_height":null,"og_image_custom_url":null,"og_image_custom_fields":null,"og_video":"","og_custom_url":null,"og_article_section":null,"og_article_tags":[],"twitter_use_og":false,"twitter_card":"default","twitter_image_type":"default","twitter_image_url":null,"twitter_image_custom_url":null,"twitter_image_custom_fields":null,"twitter_title":null,"twitter_description":null,"schema":{"blockGraphs":[],"customGraphs":[],"default":{"data":{"Article":[],"Course":[],"Dataset":[],"FAQPage":[],"Movie":[],"Person":[],"Product":[],"ProductReview":[],"Car":[],"Recipe":[],"Service":[],"SoftwareApplication":[],"WebPage":[]},"graphName":"WebPage","isEnabled":true},"graphs":[]},"schema_type":"default","schema_type_options":null,"pillar_content":false,"robots_default":true,"robots_noindex":false,"robots_noarchive":false,"robots_nosnippet":false,"robots_nofollow":false,"robots_noimageindex":false,"robots_noodp":false,"robots_notranslate":false,"robots_max_snippet":"-1","robots_max_videopreview":"-1","robots_max_imagepreview":"large","priority":null,"frequency":"default","local_seo":null,"seo_analyzer_scan_date":"2026-02-13 20:27:36","breadcrumb_settings":null,"limit_modified_date":false,"reviewed_by":null,"open_ai":null,"ai":null,"created":"2023-09-06 17:13:24","updated":"2026-02-13 20:29:52"},"aioseo_breadcrumb":"<div class=\"aioseo-breadcrumbs\"><span class=\"aioseo-breadcrumb\">\n\t<a href=\"https:\/\/monatglobal.com\/fr\" title=\"Home\">Home<\/a>\n<\/span><span class=\"aioseo-breadcrumb-separator\">&raquo;<\/span><span class=\"aioseo-breadcrumb\">\n\tGel pour sourcils | Maquillage MONAT | Gel transparent pour sourcils\n<\/span><\/div>","aioseo_breadcrumb_json":[{"label":"Home","link":"https:\/\/monatglobal.com\/fr"},{"label":"Gel pour sourcils | Maquillage MONAT | Gel transparent pour sourcils","link":"https:\/\/monatglobal.com\/fr\/makeup-brow-gel\/"}],"_links":{"self":[{"href":"https:\/\/monatglobal.com\/fr\/wp-json\/wp\/v2\/pages\/79139","targetHints":{"allow":["GET"]}}],"collection":[{"href":"https:\/\/monatglobal.com\/fr\/wp-json\/wp\/v2\/pages"}],"about":[{"href":"https:\/\/monatglobal.com\/fr\/wp-json\/wp\/v2\/types\/page"}],"author":[{"embeddable":true,"href":"https:\/\/monatglobal.com\/fr\/wp-json\/wp\/v2\/users\/31"}],"replies":[{"embeddable":true,"href":"https:\/\/monatglobal.com\/fr\/wp-json\/wp\/v2\/comments?post=79139"}],"version-history":[{"count":31,"href":"https:\/\/monatglobal.com\/fr\/wp-json\/wp\/v2\/pages\/79139\/revisions"}],"predecessor-version":[{"id":109433,"href":"https:\/\/monatglobal.com\/fr\/wp-json\/wp\/v2\/pages\/79139\/revisions\/109433"}],"wp:featuredmedia":[{"embeddable":true,"href":"https:\/\/monatglobal.com\/fr\/wp-json\/wp\/v2\/media\/83731"}],"wp:attachment":[{"href":"https:\/\/monatglobal.com\/fr\/wp-json\/wp\/v2\/media?parent=79139"}],"wp:term":[{"taxonomy":"category","embeddable":true,"href":"https:\/\/monatglobal.com\/fr\/wp-json\/wp\/v2\/categories?post=79139"},{"taxonomy":"post_tag","embeddable":true,"href":"https:\/\/monatglobal.com\/fr\/wp-json\/wp\/v2\/tags?post=79139"}],"curies":[{"name":"wp","href":"https:\/\/api.w.org\/{rel}","templated":true}]}}