{"id":76869,"date":"2023-06-07T20:00:57","date_gmt":"2023-06-07T20:00:57","guid":{"rendered":"https:\/\/monatglobal.com\/fr\/?page_id=76869"},"modified":"2026-03-24T15:17:54","modified_gmt":"2026-03-24T15:17:54","slug":"irt-shampoo","status":"publish","type":"page","link":"https:\/\/monatglobal.com\/fr\/irt-shampoo\/","title":{"rendered":"Shampooing \u00e9paississant IR Clinical\u2122"},"content":{"rendered":"\n\n\t<link rel=\"stylesheet\" href=\"https:\/\/unpkg.com\/swiper\/swiper-bundle.min.css\" \/>\n<link rel=\"stylesheet\" href=\"https:\/\/monatglobal.com\/wp-content\/creative_css\/product_styles_sheet.css\" \/>\n    <!--==================================================== ECOMM SECTION ====================================================-->\n    <p>\u00ab BEST SELLERS \u00bb<\/p>\n        <!--==================================================== Ecomm image ====================================================-->\n        <img decoding=\"async\" alt=\"Product shot of IR Clinical\u2122 Thickening Shampoo.\" src=\"https:\/\/monatglobal.com\/wp-content\/uploads\/2022\/08\/IR-CLINICAL-THICKENING-SHAMPOO_ecomm-2022_web-page.png\" loading=\"lazy\"\/> \n        <!--==================================================== Ecomm information  ====================================================-->\n            \n            <p>\u00ab BEST SELLERS \u00bb<\/p>\n            <h1>Shampooing<br \/>\u00e9paississant<\/h1>\n            <p>IR Clinical\u2122<\/p>\n            \n            <p>Offre une exp\u00e9rience de nettoyage rafra\u00eechissante et donne des cheveux plus \u00e9pais et plus volumineux*.<\/p>\n            <p>*Bas\u00e9 sur des tests instrumentaux mesurant le diam\u00e8tre de la fibre capillaire apr\u00e8s l&#8217;application du produit.<\/p>\n            <p>237 ml \u212e 8 oz liq.<\/p> \n           <!--==================================================== pricing box  ====================================================-->\n         <p>Prix de d\u00e9tail<br \/>00.00 \u20ac<\/p>\n         <p>Prix de client VIP<br \/>00.00 \u20ac<\/p>\n           <!--==================================================== pricing box  ====================================================-->\n            <p>Pour en savoir plus sur le Shampooing \u00e9paississant IR Clinical\u2122, veuillez contacter votre Partenaire de March\u00e9 MONAT.<\/p>\n          <a href=\"\" target=\"_blank\" role=\"button\" aria-label=\"\"><\/a>\n\t<!--==================================================== \/ECOMM SECTION  ====================================================-->\n    <!--==================================================== Benefits image ====================================================-->\n\t\n\t\t<source media=\"(max-width: 700px)\" srcset=\"https:\/\/monatglobal.com\/wp-content\/uploads\/2022\/08\/benefits-mobile-Ir-clinical-shampoo.jpg\" loading=\"lazy\"\/>\n\t\t<img decoding=\"async\" alt=\"Blonde female infront of a white background.\" src=\"https:\/\/monatglobal.com\/wp-content\/uploads\/2022\/08\/IRC-Shampoo-desktop-benefits.jpg\" loading=\"lazy\"\/>\n\t\n\t<!--==================================================== Benefits text ====================================================-->\n\t\t\t<h2>BIENFAITS<\/h2>\n\t\t\t<h3>Pr\u00e9parez-vous \u00e0 lutter contre la chute des cheveux et \u00e0 r\u00e9v\u00e9ler une chevelure plus forte, plus volumineuse et plus \u00e9clatante* Cette formule d\u00e9velopp\u00e9e gr\u00e2ce \u00e0 la recherche clinique \u00e9limine le s\u00e9bum et les impuret\u00e9s li\u00e9es \u00e0 la pollution tout en \u00e9paississant les cheveux au fil des&nbsp;utilisations**.<\/h3>\n\t\t\t<p>*Bas\u00e9 sur une \u00e9tude de la casse des cheveux au peigne et \u00e0 la&nbsp;brosse.<br \/>**Bas\u00e9 sur la mesure du diam\u00e8tre de la fibre capillaire apr\u00e8s deux&nbsp;applications.<\/p>\n\t\t\t<!--==================================================== features image  ====================================================-->\n\t\t\t<img decoding=\"async\" alt=\"Petri dishes with different ingredients sitting on a lavendar surface.\" src=\"https:\/\/monatglobal.com\/wp-content\/uploads\/2022\/08\/IR-Clinical-ingredients-mobile-.jpg\" loading=\"lazy\"\/>\n\t\t<!--==================================================== features text ====================================================-->\n\t\t\t\t<h3>Caract\u00e9ristiques<\/h3>  \n\t\t\t\t    <p>\/ CAPIXYL\u2122 pour aider \u00e0 renforcer, \u00e9paissir et augmenter la densit\u00e9<\/p>\n\t\t\t\t\t<p>\/ REJUVENIQE<sup>\u00ae<\/sup> avec des acides gras om\u00e9ga, des antioxydants et des nutriments<\/p>\n\t\t\t\t\t<p>\/ Extrait de pois pour favoriser des cheveux d&#8217;apparence plus saine<\/p>\n\t\t\t\t    <br \/>\n\t\t\t\t<p>Parfum \/ Notes rafra\u00eechissantes d&#8217;huile de romarin et de menthe.<\/p>\n\t\t\t\t<p> Texture \/ Shampooing riche et moussant<\/p>\n\t<!--==================================================== composition image mobile ====================================================-->\n\t<img decoding=\"async\" alt=\"IR Clinical\u2122 Thickening Shampoo on a white surface, infront of test tubes filled with purple liquid.\" src=\"https:\/\/monatglobal.com\/wp-content\/uploads\/2022\/08\/IR-Clinical-Shampo-Comp1.jpg\" loading=\"lazy\"\/>\n\t<!--==================================================== Why it works text ====================================================-->\n\t\t<h2>Cheveux visiblement plus \u00e9pais et plus denses*<\/h2>\n\t\t<h3>Un m\u00e9lange unique d&#8217;actifs \u00e9paississants et fortifiants, d&#8217;extraits et de REJUVENIQE\u00ae agit pour r\u00e9pondre au besoin de cheveux visiblement plus \u00e9pais et plus denses, tout en offrant une exp\u00e9rience de shampooing revitalisante.<\/h3>\n\t\t<p>*Bas\u00e9 sur des tests instrumentaux mesurant le diam\u00e8tre de la fibre capillaire apr\u00e8s l&#8217;application du produit.<\/p>\n<!--==================================================== Composition section ====================================================-->\n\t\t<img decoding=\"async\" alt=\"IR Clinical\u2122 Thickening Shampoo on a white surface, infront of test tubes filled with purple liquid.\" src=\"https:\/\/monatglobal.com\/wp-content\/uploads\/2022\/08\/IR-Clinical-Shampo-Comp1.jpg\" loading=\"lazy\"\/>\n\t\t<img decoding=\"async\" alt=\"A blonde female washing her hair in the shower, overlaying a photo of bubbles on a purple background.\" src=\"https:\/\/monatglobal.com\/wp-content\/uploads\/2022\/08\/IR-Clinical-Composition-2.jpg\" loading=\"lazy\"\/>\n\t\t\t\t<!--=============================================== Directions text ===============================================--> \n\t\t\t\t\t<h3>Mode d&#8217;emploi<\/h3>\n\t\t\t\t\t\t<p>\/ Appliquer sur les cheveux mouill\u00e9s.<\/p>\n\t\t\t\t\t\t<p>\/ Faire mousser pendant 1 \u00e0 2 minutes. Rincer et r\u00e9p\u00e9ter.<\/p>\n\t\t\t\t\t\t<p>\/ Suivre avec l&#8217;apr\u00e8s-shampooing \u00e9paississant IR Clinical\u2122.<\/p>\n\t\t\t\t<!--=============================================== Directions video ===============================================-->\n        <p>IR Clinical\u2122<br \/>Shampooing \u00e9paississant<br \/>0:44<\/p>\n      <a href=\"\" target=\"_blank\"  role=\"button\" aria-label=\"\"><\/a>\n    <!--==================================================== Ingredients section  ====================================================-->\n        <h2>PRINCIPAUX INGR\u00c9DIENTS<\/h2>\n                    <img decoding=\"async\" src=\"https:\/\/monatglobal.com\/wp-content\/uploads\/2022\/11\/Rosemary-Oil.svg\" alt=\"Huile de Romarin\"\/>\n                    <p>Huile de Romarin<\/p>\n                    <img decoding=\"async\" src=\"https:\/\/monatglobal.com\/wp-content\/uploads\/2022\/11\/Peppermint-Oil.svg\" alt=\"Huile de menthe poivr\u00e9e\"\/>\n                    <p>Huile de menthe poivr\u00e9e<\/p>\n                    <img decoding=\"async\" src=\"https:\/\/monatglobal.com\/wp-content\/uploads\/2022\/11\/REJUVENIQE\u2122.svg\" alt=\"REJUVENIQE\u2122\"\/>\n                    <p>REJUVENIQE<sup>\u00ae<\/sup><\/p>\n                    <img decoding=\"async\" src=\"https:\/\/monatglobal.com\/wp-content\/uploads\/2022\/11\/capixyl.svg\" alt=\"Capixyl\u2122 Icon\"\/>\n                    <p>CAPIXYL\u2122 <\/p>\n                    <img decoding=\"async\" src=\"https:\/\/monatglobal.com\/wp-content\/uploads\/2022\/11\/Pea-extract.svg\" alt=\"Extrait de pois\"\/>\n                    <p>Extrait de pois<\/p>\n                    <img decoding=\"async\" src=\"https:\/\/monatglobal.com\/wp-content\/uploads\/2022\/08\/Vegan-uv-protect.svg\" alt=\"Protecteur UV v\u00e9g\u00e9talien\"\/>\n                    <p>Protecteur UV v\u00e9g\u00e9talien<\/p>\n        <button id=\"myBtn\" type=\"button\">LISTE D&#8217;INGR\u00c9DIENTS<\/button>\n        <!--==================================================== Modal content  ====================================================-->\n            &times;\n            <p>Aqua\/Water\/Eau, Sodium Lauroyl Methyl Isethionate, Sodium Cocoyl Isethionate, Acrylates Copolymer, Lauramidopropyl Betaine, Glycol Distearate, Glycereth-26, Cetearyl Alcohol, Pisum Sativum (Pea) Extract, Acetyl Tetrapeptide-3, Trifolium Pratense (Clover) Flower Extract, Limnanthes Alba (Meadowfoam) Seed Oil, Crambe Abyssinica Seed Oil, Camellia Oleifera Seed Oil, Solanum Lycopersicum (Tomato) Seed Oil, Daucus Carota Sativa (Carrot) Seed Oil, Citrus Limon (Lemon) Peel Oil, Citrus Aurantifolia (Lime) Oil, Citrus Aurantium Bergamia (Bergamot) Fruit Oil, Adansonia Digitata Oil, Mauritia Flexuosa Fruit Oil, Cocos Nucifera (Coconut) Oil, Gardenia Taitensis Flower Extract, Moringa Oleifera Seed Oil, Caryocar Brasiliense Fruit Oil, Helianthus Annuus (Sunflower) Seed Oil, Mentha Piperita (Peppermint) Oil, Rosmarinus Officinalis (Rosemary) Leaf Oil, Glycerin, Cinnamidopropyltrimonium Chloride, Dextran, Polyquaternium-7, Butylene Glycol, Citric Acid, Vanillyl Butyl Ether, Polyquaternium-10, Disodium EDTA, Sodium Hydroxide, Benzyl Alcohol, Caprylyl Glycol, Benzoic Acid, Sodium Isethionate, Coconut Aid, Trisodium Ethylenediamine Disuccinate, Sodium Benzoate.<\/p>\n    <!--==================================================== You might also like section ====================================================-->\n        <h2>VOUS POURRIEZ AUSSI AIMER<\/h2>\n    <!--    =============================================== Slider YOU MIGHT ALSO LIKE ===============================================-->\n        <!---->\n        <!--    -->\n                <!--==================================================== Slides products ====================================================-->\n            <!--    -->\n            <!--        <a href=\"https:\/\/monatglobal.com\/fr\/intense-repair-treatment-conditioner\/\" aria-label=\"Go to Apr\u00e8s-shampooing \u00e9paississant IR Clinical\u2122 page\">-->\n            <!--            <img decoding=\"async\" src=\"https:\/\/monatglobal.com\/wp-content\/uploads\/2022\/12\/IR-CLINICAL-THICKENING-CONDITIONER_E_comm-min.png\" alt=\"Apr\u00e8s-shampooing \u00e9paississant IR Clinical\u2122\" loading=\"lazy\"\/>-->\n            <!--            <p>Apr\u00e8s-shampooing \u00e9paississant<br \/>IR Clinical\u2122<\/p>-->\n            <!--        <\/a>-->\n            <!--    -->\n            <!--    -->\n            <!--        <a href=\"https:\/\/monatglobal.com\/fr\/intense-repair-serum\/\" aria-label=\"Go to Soin pour cheveux amincissants IR Clinical\u2122 page\">-->\n            <!--            <img decoding=\"async\" src=\"https:\/\/monatglobal.com\/wp-content\/uploads\/2022\/12\/IR-CLINICAL-HAIR-THINNING-DEFENSE-SERUM_E_comm-min.png\" alt=\"Soin pour cheveux amincissants IR Clinical\u2122\" loading=\"lazy\"\/>-->\n            <!--            <p>Soin pour cheveux amincissants<br \/>IR Clinical\u2122<\/p>-->\n            <!--        <\/a>-->\n            <!--    -->\n            <!--    -->\n            <!--        <a href=\"https:\/\/monatglobal.com\/fr\/volume-spray\/\" aria-label=\"Go to Spray volumisant et amplifiant MONAT STUDIO ONE\u2122 page\">-->\n            <!--            <img decoding=\"async\" src=\"https:\/\/monatglobal.com\/wp-content\/uploads\/2022\/12\/STUDIO-ONE-VOLUME-LIFT-SPRAY_-ecomm-min.png\" alt=\"Spray volumisant et amplifiant MONAT STUDIO ONE\u2122\" loading=\"lazy\"\/>-->\n            <!--            <p>Spray volumisant et amplifiant<br \/> MONAT STUDIO ONE\u2122<\/p>-->\n            <!--        <\/a>-->\n            <!--    -->\n            <!---->\n            <!--=============================================== If we need navigation buttons  ===============================================-->\n        <!--    -->\n        <!--    -->\n            <!--=============================================== If we need paginations  ===============================================--> \n        <!--    -->\n        <!---->\n         <!--==================================================== If we need navigation buttons  ====================================================-->\n         <!--==================================================== If we need paginations  ====================================================-->\n    <a href=\"\" aria-label=\"\"><\/a>\n<!--==================================================== this link has to go last for it to work   ====================================================-->\n\n","protected":false},"excerpt":{"rendered":"<p>\u00ab BEST SELLERS \u00bb \u00ab BEST SELLERS \u00bb Shampooing\u00e9paississant IR Clinical\u2122 Offre une exp\u00e9rience de nettoyage rafra\u00eechissante et donne des cheveux plus \u00e9pais et plus volumineux*. *Bas\u00e9 sur des tests instrumentaux mesurant le diam\u00e8tre de la fibre capillaire apr\u00e8s l&#8217;application du produit. 237 ml \u212e 8 oz liq. Prix de d\u00e9tail00.00 \u20ac Prix de client&hellip;<\/p>\n","protected":false},"author":31,"featured_media":76870,"parent":0,"menu_order":0,"comment_status":"closed","ping_status":"closed","template":"","meta":{"inline_featured_image":false,"om_disable_all_campaigns":false,"_monsterinsights_skip_tracking":false,"_monsterinsights_sitenote_active":false,"_monsterinsights_sitenote_note":"","_monsterinsights_sitenote_category":0,"footnotes":""},"categories":[20],"tags":[],"class_list":["post-76869","page","type-page","status-publish","has-post-thumbnail","hentry","category-product-fr"],"aioseo_notices":[],"aioseo_head":"\n\t\t<!-- All in One SEO Pro 4.9.5.2 - aioseo.com -->\n\t<meta name=\"description\" content=\"\u00ab BEST SELLERS \u00bb \u00ab BEST SELLERS \u00bb Shampooing\u00e9paississant IR Clinical\u2122 Offre une exp\u00e9rience de nettoyage rafra\u00eechissante et donne des cheveux plus \u00e9pais et plus volumineux*. *Bas\u00e9 sur des tests instrumentaux mesurant le diam\u00e8tre de la fibre capillaire apr\u00e8s l&#039;application du produit. 237 ml \u212e 8 oz liq. Prix de d\u00e9tail00.00 \u20ac Prix de client\" \/>\n\t<meta name=\"robots\" content=\"noindex, nofollow, max-image-preview:large\" \/>\n\t<link rel=\"canonical\" href=\"https:\/\/monatglobal.com\/fr\/irt-shampoo\/\" \/>\n\t<meta name=\"generator\" content=\"All in One SEO Pro (AIOSEO) 4.9.5.2\" \/>\n\t\t<meta property=\"og:locale\" content=\"en_US\" \/>\n\t\t<meta property=\"og:site_name\" content=\"MONAT France - We Are Modern Nature\u2122\" \/>\n\t\t<meta property=\"og:type\" content=\"article\" \/>\n\t\t<meta property=\"og:title\" content=\"Shampooing \u00e9paississant IR Clinical\u2122 - MONAT France\" \/>\n\t\t<meta property=\"og:description\" content=\"\u00ab BEST SELLERS \u00bb \u00ab BEST SELLERS \u00bb Shampooing\u00e9paississant IR Clinical\u2122 Offre une exp\u00e9rience de nettoyage rafra\u00eechissante et donne des cheveux plus \u00e9pais et plus volumineux*. *Bas\u00e9 sur des tests instrumentaux mesurant le diam\u00e8tre de la fibre capillaire apr\u00e8s l&#039;application du produit. 237 ml \u212e 8 oz liq. Prix de d\u00e9tail00.00 \u20ac Prix de client\" \/>\n\t\t<meta property=\"og:url\" content=\"https:\/\/monatglobal.com\/fr\/irt-shampoo\/\" \/>\n\t\t<meta property=\"article:published_time\" content=\"2023-06-07T20:00:57+00:00\" \/>\n\t\t<meta property=\"article:modified_time\" content=\"2026-03-24T15:17:54+00:00\" \/>\n\t\t<meta name=\"twitter:card\" content=\"summary_large_image\" \/>\n\t\t<meta name=\"twitter:title\" content=\"Shampooing \u00e9paississant IR Clinical\u2122 - MONAT France\" \/>\n\t\t<meta name=\"twitter:description\" content=\"\u00ab BEST SELLERS \u00bb \u00ab BEST SELLERS \u00bb Shampooing\u00e9paississant IR Clinical\u2122 Offre une exp\u00e9rience de nettoyage rafra\u00eechissante et donne des cheveux plus \u00e9pais et plus volumineux*. *Bas\u00e9 sur des tests instrumentaux mesurant le diam\u00e8tre de la fibre capillaire apr\u00e8s l&#039;application du produit. 237 ml \u212e 8 oz liq. Prix de d\u00e9tail00.00 \u20ac Prix de client\" \/>\n\t\t<script type=\"application\/ld+json\" class=\"aioseo-schema\">\n\t\t\t{\"@context\":\"https:\\\/\\\/schema.org\",\"@graph\":[{\"@type\":\"BreadcrumbList\",\"@id\":\"https:\\\/\\\/monatglobal.com\\\/fr\\\/irt-shampoo\\\/#breadcrumblist\",\"itemListElement\":[{\"@type\":\"ListItem\",\"@id\":\"https:\\\/\\\/monatglobal.com\\\/fr#listItem\",\"position\":1,\"name\":\"Home\",\"item\":\"https:\\\/\\\/monatglobal.com\\\/fr\",\"nextItem\":{\"@type\":\"ListItem\",\"@id\":\"https:\\\/\\\/monatglobal.com\\\/fr\\\/irt-shampoo\\\/#listItem\",\"name\":\"Shampooing \\u00e9paississant IR Clinical\\u2122\"}},{\"@type\":\"ListItem\",\"@id\":\"https:\\\/\\\/monatglobal.com\\\/fr\\\/irt-shampoo\\\/#listItem\",\"position\":2,\"name\":\"Shampooing \\u00e9paississant IR Clinical\\u2122\",\"previousItem\":{\"@type\":\"ListItem\",\"@id\":\"https:\\\/\\\/monatglobal.com\\\/fr#listItem\",\"name\":\"Home\"}}]},{\"@type\":\"Organization\",\"@id\":\"https:\\\/\\\/monatglobal.com\\\/fr\\\/#organization\",\"name\":\"MONAT France\",\"description\":\"We Are Modern Nature\\u2122\",\"url\":\"https:\\\/\\\/monatglobal.com\\\/fr\\\/\"},{\"@type\":\"WebPage\",\"@id\":\"https:\\\/\\\/monatglobal.com\\\/fr\\\/irt-shampoo\\\/#webpage\",\"url\":\"https:\\\/\\\/monatglobal.com\\\/fr\\\/irt-shampoo\\\/\",\"name\":\"Shampooing \\u00e9paississant IR Clinical\\u2122 - MONAT France\",\"description\":\"\\u00ab BEST SELLERS \\u00bb \\u00ab BEST SELLERS \\u00bb Shampooing\\u00e9paississant IR Clinical\\u2122 Offre une exp\\u00e9rience de nettoyage rafra\\u00eechissante et donne des cheveux plus \\u00e9pais et plus volumineux*. *Bas\\u00e9 sur des tests instrumentaux mesurant le diam\\u00e8tre de la fibre capillaire apr\\u00e8s l'application du produit. 237 ml \\u212e 8 oz liq. Prix de d\\u00e9tail00.00 \\u20ac Prix de client\",\"inLanguage\":\"en-US\",\"isPartOf\":{\"@id\":\"https:\\\/\\\/monatglobal.com\\\/fr\\\/#website\"},\"breadcrumb\":{\"@id\":\"https:\\\/\\\/monatglobal.com\\\/fr\\\/irt-shampoo\\\/#breadcrumblist\"},\"image\":{\"@type\":\"ImageObject\",\"url\":\"https:\\\/\\\/monatglobal.com\\\/fr\\\/wp-content\\\/uploads\\\/sites\\\/19\\\/2023\\\/05\\\/IR-CLINICAL-THICKENING-SHAMPOO_ecomm-2022_web-page.png\",\"@id\":\"https:\\\/\\\/monatglobal.com\\\/fr\\\/irt-shampoo\\\/#mainImage\",\"width\":641,\"height\":800},\"primaryImageOfPage\":{\"@id\":\"https:\\\/\\\/monatglobal.com\\\/fr\\\/irt-shampoo\\\/#mainImage\"},\"datePublished\":\"2023-06-07T20:00:57+01:00\",\"dateModified\":\"2026-03-24T15:17:54+00:00\"},{\"@type\":\"WebSite\",\"@id\":\"https:\\\/\\\/monatglobal.com\\\/fr\\\/#website\",\"url\":\"https:\\\/\\\/monatglobal.com\\\/fr\\\/\",\"name\":\"MONAT France\",\"description\":\"We Are Modern Nature\\u2122\",\"inLanguage\":\"en-US\",\"publisher\":{\"@id\":\"https:\\\/\\\/monatglobal.com\\\/fr\\\/#organization\"}}]}\n\t\t<\/script>\n\t\t<!-- All in One SEO Pro -->\r\n\t\t<title>Shampooing \u00e9paississant IR Clinical\u2122 - MONAT France<\/title>\n\n","aioseo_head_json":{"title":"Shampooing \u00e9paississant IR Clinical\u2122 - MONAT France","description":"\u00ab BEST SELLERS \u00bb \u00ab BEST SELLERS \u00bb Shampooing\u00e9paississant IR Clinical\u2122 Offre une exp\u00e9rience de nettoyage rafra\u00eechissante et donne des cheveux plus \u00e9pais et plus volumineux*. *Bas\u00e9 sur des tests instrumentaux mesurant le diam\u00e8tre de la fibre capillaire apr\u00e8s l'application du produit. 237 ml \u212e 8 oz liq. Prix de d\u00e9tail00.00 \u20ac Prix de client","canonical_url":"https:\/\/monatglobal.com\/fr\/irt-shampoo\/","robots":"noindex, nofollow, max-image-preview:large","keywords":"","webmasterTools":{"miscellaneous":""},"schema":{"@context":"https:\/\/schema.org","@graph":[{"@type":"BreadcrumbList","@id":"https:\/\/monatglobal.com\/fr\/irt-shampoo\/#breadcrumblist","itemListElement":[{"@type":"ListItem","@id":"https:\/\/monatglobal.com\/fr#listItem","position":1,"name":"Home","item":"https:\/\/monatglobal.com\/fr","nextItem":{"@type":"ListItem","@id":"https:\/\/monatglobal.com\/fr\/irt-shampoo\/#listItem","name":"Shampooing \u00e9paississant IR Clinical\u2122"}},{"@type":"ListItem","@id":"https:\/\/monatglobal.com\/fr\/irt-shampoo\/#listItem","position":2,"name":"Shampooing \u00e9paississant IR Clinical\u2122","previousItem":{"@type":"ListItem","@id":"https:\/\/monatglobal.com\/fr#listItem","name":"Home"}}]},{"@type":"Organization","@id":"https:\/\/monatglobal.com\/fr\/#organization","name":"MONAT France","description":"We Are Modern Nature\u2122","url":"https:\/\/monatglobal.com\/fr\/"},{"@type":"WebPage","@id":"https:\/\/monatglobal.com\/fr\/irt-shampoo\/#webpage","url":"https:\/\/monatglobal.com\/fr\/irt-shampoo\/","name":"Shampooing \u00e9paississant IR Clinical\u2122 - MONAT France","description":"\u00ab BEST SELLERS \u00bb \u00ab BEST SELLERS \u00bb Shampooing\u00e9paississant IR Clinical\u2122 Offre une exp\u00e9rience de nettoyage rafra\u00eechissante et donne des cheveux plus \u00e9pais et plus volumineux*. *Bas\u00e9 sur des tests instrumentaux mesurant le diam\u00e8tre de la fibre capillaire apr\u00e8s l'application du produit. 237 ml \u212e 8 oz liq. Prix de d\u00e9tail00.00 \u20ac Prix de client","inLanguage":"en-US","isPartOf":{"@id":"https:\/\/monatglobal.com\/fr\/#website"},"breadcrumb":{"@id":"https:\/\/monatglobal.com\/fr\/irt-shampoo\/#breadcrumblist"},"image":{"@type":"ImageObject","url":"https:\/\/monatglobal.com\/fr\/wp-content\/uploads\/sites\/19\/2023\/05\/IR-CLINICAL-THICKENING-SHAMPOO_ecomm-2022_web-page.png","@id":"https:\/\/monatglobal.com\/fr\/irt-shampoo\/#mainImage","width":641,"height":800},"primaryImageOfPage":{"@id":"https:\/\/monatglobal.com\/fr\/irt-shampoo\/#mainImage"},"datePublished":"2023-06-07T20:00:57+01:00","dateModified":"2026-03-24T15:17:54+00:00"},{"@type":"WebSite","@id":"https:\/\/monatglobal.com\/fr\/#website","url":"https:\/\/monatglobal.com\/fr\/","name":"MONAT France","description":"We Are Modern Nature\u2122","inLanguage":"en-US","publisher":{"@id":"https:\/\/monatglobal.com\/fr\/#organization"}}]},"og:locale":"en_US","og:site_name":"MONAT France - We Are Modern Nature\u2122","og:type":"article","og:title":"Shampooing \u00e9paississant IR Clinical\u2122 - MONAT France","og:description":"\u00ab BEST SELLERS \u00bb \u00ab BEST SELLERS \u00bb Shampooing\u00e9paississant IR Clinical\u2122 Offre une exp\u00e9rience de nettoyage rafra\u00eechissante et donne des cheveux plus \u00e9pais et plus volumineux*. *Bas\u00e9 sur des tests instrumentaux mesurant le diam\u00e8tre de la fibre capillaire apr\u00e8s l'application du produit. 237 ml \u212e 8 oz liq. Prix de d\u00e9tail00.00 \u20ac Prix de client","og:url":"https:\/\/monatglobal.com\/fr\/irt-shampoo\/","article:published_time":"2023-06-07T20:00:57+00:00","article:modified_time":"2026-03-24T15:17:54+00:00","twitter:card":"summary_large_image","twitter:title":"Shampooing \u00e9paississant IR Clinical\u2122 - MONAT France","twitter:description":"\u00ab BEST SELLERS \u00bb \u00ab BEST SELLERS \u00bb Shampooing\u00e9paississant IR Clinical\u2122 Offre une exp\u00e9rience de nettoyage rafra\u00eechissante et donne des cheveux plus \u00e9pais et plus volumineux*. *Bas\u00e9 sur des tests instrumentaux mesurant le diam\u00e8tre de la fibre capillaire apr\u00e8s l'application du produit. 237 ml \u212e 8 oz liq. Prix de d\u00e9tail00.00 \u20ac Prix de client"},"aioseo_meta_data":{"post_id":"76869","title":null,"description":null,"keywords":null,"keyphrases":{"focus":{"keyphrase":"","score":0,"analysis":{"keyphraseInTitle":{"score":0,"maxScore":9,"error":1}}},"additional":[]},"primary_term":null,"canonical_url":null,"og_title":null,"og_description":null,"og_object_type":"default","og_image_type":"default","og_image_url":null,"og_image_width":null,"og_image_height":null,"og_image_custom_url":null,"og_image_custom_fields":null,"og_video":"","og_custom_url":null,"og_article_section":null,"og_article_tags":null,"twitter_use_og":false,"twitter_card":"default","twitter_image_type":"default","twitter_image_url":null,"twitter_image_custom_url":null,"twitter_image_custom_fields":null,"twitter_title":null,"twitter_description":null,"schema":{"blockGraphs":[],"customGraphs":[],"default":{"data":{"Article":[],"Course":[],"Dataset":[],"FAQPage":[],"Movie":[],"Person":[],"Product":[],"ProductReview":[],"Car":[],"Recipe":[],"Service":[],"SoftwareApplication":[],"WebPage":[]},"graphName":"WebPage","isEnabled":true},"graphs":[]},"schema_type":"default","schema_type_options":null,"pillar_content":false,"robots_default":true,"robots_noindex":false,"robots_noarchive":false,"robots_nosnippet":false,"robots_nofollow":false,"robots_noimageindex":false,"robots_noodp":false,"robots_notranslate":false,"robots_max_snippet":"-1","robots_max_videopreview":"-1","robots_max_imagepreview":"large","priority":null,"frequency":"default","local_seo":null,"seo_analyzer_scan_date":"2026-03-24 15:56:11","breadcrumb_settings":null,"limit_modified_date":false,"reviewed_by":"0","open_ai":null,"ai":{"faqs":[],"keyPoints":[],"titles":[],"descriptions":[],"socialPosts":{"email":[],"linkedin":[],"twitter":[],"facebook":[],"instagram":[]}},"created":"2023-07-26 00:12:52","updated":"2026-03-24 15:57:08"},"aioseo_breadcrumb":"<div class=\"aioseo-breadcrumbs\"><span class=\"aioseo-breadcrumb\">\n\t<a href=\"https:\/\/monatglobal.com\/fr\" title=\"Home\">Home<\/a>\n<\/span><span class=\"aioseo-breadcrumb-separator\">&raquo;<\/span><span class=\"aioseo-breadcrumb\">\n\tShampooing \u00e9paississant IR Clinical\u2122\n<\/span><\/div>","aioseo_breadcrumb_json":[{"label":"Home","link":"https:\/\/monatglobal.com\/fr"},{"label":"Shampooing \u00e9paississant IR Clinical\u2122","link":"https:\/\/monatglobal.com\/fr\/irt-shampoo\/"}],"_links":{"self":[{"href":"https:\/\/monatglobal.com\/fr\/wp-json\/wp\/v2\/pages\/76869","targetHints":{"allow":["GET"]}}],"collection":[{"href":"https:\/\/monatglobal.com\/fr\/wp-json\/wp\/v2\/pages"}],"about":[{"href":"https:\/\/monatglobal.com\/fr\/wp-json\/wp\/v2\/types\/page"}],"author":[{"embeddable":true,"href":"https:\/\/monatglobal.com\/fr\/wp-json\/wp\/v2\/users\/31"}],"replies":[{"embeddable":true,"href":"https:\/\/monatglobal.com\/fr\/wp-json\/wp\/v2\/comments?post=76869"}],"version-history":[{"count":33,"href":"https:\/\/monatglobal.com\/fr\/wp-json\/wp\/v2\/pages\/76869\/revisions"}],"predecessor-version":[{"id":109469,"href":"https:\/\/monatglobal.com\/fr\/wp-json\/wp\/v2\/pages\/76869\/revisions\/109469"}],"wp:featuredmedia":[{"embeddable":true,"href":"https:\/\/monatglobal.com\/fr\/wp-json\/wp\/v2\/media\/76870"}],"wp:attachment":[{"href":"https:\/\/monatglobal.com\/fr\/wp-json\/wp\/v2\/media?parent=76869"}],"wp:term":[{"taxonomy":"category","embeddable":true,"href":"https:\/\/monatglobal.com\/fr\/wp-json\/wp\/v2\/categories?post=76869"},{"taxonomy":"post_tag","embeddable":true,"href":"https:\/\/monatglobal.com\/fr\/wp-json\/wp\/v2\/tags?post=76869"}],"curies":[{"name":"wp","href":"https:\/\/api.w.org\/{rel}","templated":true}]}}