{"id":76823,"date":"2023-05-24T21:58:30","date_gmt":"2023-05-24T21:58:30","guid":{"rendered":"https:\/\/monatglobal.com\/fr\/?page_id=76823"},"modified":"2023-05-26T16:43:51","modified_gmt":"2023-05-26T16:43:51","slug":"monatfrance-copy","status":"publish","type":"page","link":"https:\/\/monatglobal.com\/fr\/monatfrance-copy\/","title":{"rendered":"Copie de BIENVENUE CHEZ MONAT"},"content":{"rendered":"\n\n\t<!--<link rel=\"stylesheet\" href=\"https:\/\/cdn.jsdelivr.net\/npm\/swiper@9\/swiper-bundle.min.css\"\/> -->\n    <a href=\"https:\/\/mymonat.com\/pyr_core\/v2_enrollments\/select_market?sponsor_id=12924103&#038;enroll_params=profile_form_type%3Dexpress&#038;market=FR&#038;lang_code=FR&#038;_ga=2.29504895.1533682252.1683053126-1836530929.1682100555\" aria-label=\"go to Market Partner enrollment flow\" target=\"_blank\" rel=\"noopener\">S&#8217;INSCRIRE <\/a>\n    <a href=\"https:\/\/monatglobal.com\/fr\/\"  aria-label=\"go to France home page\"><img decoding=\"async\" alt=\"MONAT LOGO\" src=\"https:\/\/monatglobal.com\/wp-content\/uploads\/2023\/02\/logoMonatW.svg\"\/> <\/a>\n            <img decoding=\"async\" src=\"https:\/\/monatglobal.com\/wp-content\/uploads\/sites\/19\/2023\/02\/france-flag-.jpg\" alt=\"France flag\"\/>\n            <p>FR<\/p>\n            <img decoding=\"async\" src=\"https:\/\/monatglobal.com\/wp-content\/uploads\/sites\/6\/2021\/07\/uk-flag-.png\" alt=\"United Kingdom flag\"\/>\n            <p>EN<\/p>\n            <img decoding=\"async\" alt=\"MONAT logo\" src=\"https:\/\/monatglobal.com\/wp-content\/uploads\/2023\/02\/logoMonatW.svg\"\/>\n            <h1>BIENVENUEeeeeee<br \/> CHEZ <br \/>MONAT<\/h1>\n            <img decoding=\"async\" id=\"scroll_arrow\" alt=\"scroll down arrow graphic\" src=\"https:\/\/monatglobal.com\/wp-content\/uploads\/2023\/05\/Vector-1.png\"\/>\n            <img decoding=\"async\" alt=\"brunette female grabbing a strando of her hair on a light pruple background\" src=\"https:\/\/monatglobal.com\/wp-content\/uploads\/2023\/05\/939A3238_EDITED-puple-2.jpg\"\/>\n               <img decoding=\"async\" alt=\"brunette female grabbing a strando of her hair on a light pruple background\" src=\"https:\/\/monatglobal.com\/fr\/wp-content\/uploads\/sites\/19\/2023\/05\/brunette-female-mobile-purple-background-min.jpg\"\/>\n                <img decoding=\"async\" alt=\"green leaf with water drops \" src=\"https:\/\/monatglobal.com\/wp-content\/uploads\/2023\/05\/nature_leaf.jpg\"\/>\n                <img decoding=\"async\" alt=\"curly female holding an IR CLINICAL\u2122 HAIR THINNING DEFENSE SCALP SERUM next to here face on a light pruple background\" data-speed=\"1.5\" src=\"https:\/\/monatglobal.com\/wp-content\/uploads\/2023\/05\/beautiful-curly-hair-woman-min.jpg\"\/>\n    <h2 id=\"slogan_title\">MONAT SIGNIFIE  MODERN NATURE <\/h2>\n            <h2>GAGNEZ<\/h2>\n            <p>En tant que Partenaire de March\u00e9 MONAT,  vous gagnerez de 15 \u00e0 40 % de commissions  sur les produits que vous&nbsp;vendez. <\/p>\n            <p>Constituez une \u00e9quipe de Partenaires de March\u00e9 et vous gagnerez \u00e9galement des commissions sur leurs ventes !<\/p>\n            <h2>DEVENEZ UN <br \/>FONDATEUR<\/h2>\n            <p>Inscrivez-vous en mai et vous aurez \u00e9galement l&#8217;occasion unique de devenir un Fondateur Europ\u00e9en.<\/p>\n            B\u00e9n\u00e9ficiez d&#8217;une participation dans un groupe d&#8217;actions offrant un potentiel de paiement suppl\u00e9mentaire !\n\n            <h2>VOYAGEZ<\/h2>\n            <p>En tant que Partenaire de March\u00e9 fran\u00e7ais, vous aurez la possibilit\u00e9 de vous qualifier pour notre prochain voyage de r\u00e9compense, qui se d\u00e9roulera aux Bahamas en octobre prochain ! <\/p>\n    <h2 id=\"stroke_date\">2014<\/h2>\n        <h2>EN 2014, <br \/>UNE R\u00c9VOLUTION <br \/>A COMMENC\u00c9<\/h2>\n        Une \u00e9quipe visionnaire d&#8217;entrepreneurs et de <br \/>scientifiques a donn\u00e9 vie \u00e0 une id\u00e9e novatrice&nbsp;: \n        <img decoding=\"async\" alt=\"Fresh ginger root picture\" src=\"https:\/\/monatglobal.com\/wp-content\/uploads\/2023\/05\/Fresh-ginger-root-piecture-min.png\"\/>\n        <img decoding=\"async\" alt=\"essential oil drops picture\" src=\"https:\/\/monatglobal.com\/wp-content\/uploads\/2023\/05\/essential-oil-drops-picture-min.png\"\/>\n        <img decoding=\"async\" alt=\"group of almonds picture\"  src=\"https:\/\/monatglobal.com\/wp-content\/uploads\/2023\/05\/istockphoto-1390257052-612x612_1-removebg-preview-min.png\"\/>\n        <img decoding=\"async\" alt=\"open Pomegranate picture\" src=\"https:\/\/monatglobal.com\/wp-content\/uploads\/2023\/05\/open-Pomegranate-picture-min.png\"\/>\n        <img decoding=\"async\" alt=\"Group-aloe-vera-slice-picture\" src=\"https:\/\/monatglobal.com\/wp-content\/uploads\/2023\/05\/Group-aloe-vera-slice-picture-min.png\"\/>\n    <h3>Combiner des ingr\u00e9dients naturels aux propri\u00e9t\u00e9s rajeunissantes avec les avanc\u00e9es technologiques de pointe actuelles.<\/h3>\n        <img decoding=\"async\" alt=\"\" src=\"https:\/\/monatglobal.com\/wp-content\/uploads\/2023\/05\/Dried-goji-berries-picture-min.png\"\/>\n        <img decoding=\"async\" alt=\"algae picture\"  src=\"https:\/\/monatglobal.com\/wp-content\/uploads\/2023\/05\/algae-picture-min.png\"\/>\n        <img decoding=\"async\" alt=\" Heap of chia seeds picture\" src=\"https:\/\/monatglobal.com\/wp-content\/uploads\/2023\/05\/Heap-of-chia-seeds-min.png\"\/>\n        <img decoding=\"async\" alt=\"Serum gel swatch picture\" src=\"https:\/\/monatglobal.com\/wp-content\/uploads\/2023\/05\/Serum-gel-swatch-picture-min.png\"\/>\n        <img decoding=\"async\" alt=\"Red grapes picture\" src=\"https:\/\/monatglobal.com\/wp-content\/uploads\/2023\/05\/Red-grapes-picture-min.png\"\/>\n        <h2>Aujourd&#8217;hui, <br \/> MONAT est un <br \/> ph\u00e9nom\u00e8ne mondial<\/h2>\n                <img decoding=\"async\" alt=\"REJUVENIQE\u00ae bottle resting on top of a Succulent plant\" src=\"https:\/\/monatglobal.com\/wp-content\/uploads\/2023\/05\/Rejuveniqe-france-min-1.jpg\"\/>\n                        <img decoding=\"async\" alt=\"Brunette female smiling looking directly at the camera.\" src=\"https:\/\/monatglobal.com\/wp-content\/uploads\/2023\/05\/flagship-blend-REJUVENIQE-min.jpg\"\/>\n                    <p>MONAT offre \u00e0 des millions de clients \u00e0 travers le monde son c\u00e9l\u00e8bre m\u00e9lange REJUVENIQE<sup>\u00ae<\/sup> ainsi qu&#8217;une gamme compl\u00e8te de produits de haute qualit\u00e9.<\/p>\n                    <img decoding=\"async\" alt=\"Petri dishes with oil drops sitting on a lavendar surface.\" src=\"https:\/\/monatglobal.com\/wp-content\/uploads\/2023\/05\/leading-edge-technology_img-min.jpg\"\/>\n                <img decoding=\"async\" alt=\"Petri dishes with oil drops sitting on a lavendar surface.\" src=\"https:\/\/monatglobal.com\/wp-content\/uploads\/2023\/05\/leading-edge-technology_comp-min.jpg\"\/>\n                 L&#8217;Am\u00e9rique du Nord,  \n                 <p>l&#8217;Asie-Pacifique et<\/p> \n                 <p>l&#8217;Europe, qui<\/p> \n                 <p>inclut d\u00e9sormais<\/p> \n                 <p>la France !<\/p> \n            <img decoding=\"async\" id=\"asia\" alt=\"picture of Uluru also known as Ayers Rock \" src=\"https:\/\/monatglobal.com\/wp-content\/uploads\/2023\/05\/henrique-felix-aAvG0VrTYxg-unsplash-1.png\"\/>\n            <img decoding=\"async\" id=\"america\" alt=\"picture of Las Vegas Nevada Sign\" src=\"https:\/\/monatglobal.com\/wp-content\/uploads\/2023\/05\/GettyImages-614875716-3.png\"\/>\n            <img decoding=\"async\" id=\"europe\" alt=\"picture of a vinyard european field\" src=\"https:\/\/monatglobal.com\/wp-content\/uploads\/2023\/05\/dan-meyers-0AgtPoAARtE-unsplash-1.png\"\/>\n        <!---->\n            <img decoding=\"async\" id=\"franceImg\" alt=\"picture of the arc de triomphe in paris\" src=\"https:\/\/monatglobal.com\/wp-content\/uploads\/2023\/05\/Arc-de-Triomphe-Paris-picture-min.jpg\"\/>\n        <!---->\n                <p>Marie Lou <br \/>Beaupr\u00e9<\/p>\n                <p>Melissa <br \/>Boucher<\/p>\n                <p>Joanie <br \/>Simard<\/p>\n                <p>Josiane <br \/> Jean<\/p>\n    <p>Nos produits sont mondialement reconnus et notre opportunit\u00e9 d&#8217;affaires est extr\u00eamement gratifiante.<\/p>\n    <p> Nous sommes fiers de vous inviter \u00e0 devenir l&#8217;un des tout premiers membres de la famille MONAT France.<\/p>\n [instagram-feed feed=1]\n<footer id=\"footerMonat\"> \n    <p>We Are<br \/> Modern Nature\u2122<\/p>\n            <p>We Are<br \/> Modern Nature\u2122<\/p>\n                <a id=\"bunny\" arial-label=\"leaping bunny certificate MONAT page\" href=\"https:\/\/www.leapingbunny.org\/brand\/monat\">\n                    <img decoding=\"async\" alt=\"leaping bunny certificate MONAT logo\" src=\"https:\/\/monatglobal.com\/fr\/wp-content\/uploads\/sites\/5\/2022\/10\/monat-leaping-bunny-certified-FR.svg\"\/>\n                <\/a>\n                <img decoding=\"async\" id=\"inc\" alt=\"inc 5000 logo\" src=\"https:\/\/monatglobal.com\/wp-content\/uploads\/2022\/08\/inc-5000.svg\"\/>\n                <a id=\"dsa\" href=\"http:\/\/www.dsa.ca\" target=\"_blank\" rel=\"noopener\">\n                    <img decoding=\"async\" src=\"https:\/\/www.dsa.ca\/wp-content\/uploads\/2018\/09\/2-0.png\" alt=\"\"\/>\n                <\/a>\n                    <p>Notre mission<\/p>\n                    <p>Notre mission est d&#8217;aider des personnes partout dans le monde \u00e0 profiter d&#8217;une vie belle, saine et \u00e9panouissante gr\u00e2ce \u00e0 nos produits \u00e0 base d&#8217;ingr\u00e9dients naturels exceptionnels, \u00e0 notre opportunit\u00e9 commerciale amusante et gratifiante et \u00e0 notre culture de la famille, du service et de la gratitude.<\/p>\n                    <p>Notre vision <\/p>\n                    <p>Notre vision est d&#8217;\u00eatre un leader mondial dans le domaine des innovations en mati\u00e8re de soins naturels anti-\u00e2ge de la peau et des cheveux, avec un mod\u00e8le commercial in\u00e9gal\u00e9 qui am\u00e9liore la confiance en soi et le bien-\u00eatre financier d&#8217;un million de familles dans le monde chaque ann\u00e9e.<\/p>\n            <p>Documentation de r\u00e9f\u00e9rence<\/p>\n                <ul>\n                    <li><a href=\"\/fr?page_id=69727\"> Conditions d&#8217;utilisation du site&nbsp;Web <\/a><\/li>\n                        <li><a href=\"\/fr?page_id=68148\">Politique de confidentialit\u00e9<\/a><\/li>\n                    <li><a href=\"\/fr?page_id=68149\">Politique de cookies<\/a><\/li> \n                <\/ul>\n                <ul>\n                     <li><a href=\"\/fr?page_id=73554\">Politique de remboursement, de retour et d&#8217;annulation<\/a><\/li>\n                <\/ul>\n                <ul>\n                         <li><a href=\"\">Conditions g\u00e9n\u00e9rales<\/a><\/li>\n                    <li><a href=\"\/fr?page_id=73411\">Politiques et proc\u00e9dures<\/a><\/li> \n                    <li><a href=\"\">Nouveaux partenaires de march\u00e9<\/a><\/li>\n                    <li><a href=\"\/fr?page_id=75517\">Nous contacter<\/a><\/li>\n                <\/ul>\n                   <hr \/>\n                     <p>MONAT Global France, SAS<\/p>\n                   <p>Soci\u00e9t\u00e9 immatricul\u00e9e en France<\/p>\n             <p>78 avenue des Champs-Elys\u00e9es 75008 Paris<\/p>\n               <p>Num\u00e9ro d&#8217;immatriculation : 909 284 820<\/p>\n           \u00a9 COPYRIGHT MONAT GLOBAL FRANCE  TOUS DROITS R\u00c9SERV\u00c9S\n\n                <!--<a aria-label=\"Monat global twitter\" href=\"https:\/\/twitter.com\/monatofficial\" target=\"_blank\" rel=\"noopener\">-->\n                <!--    <img decoding=\"async\" alt=\"twitter icon\" src=\"https:\/\/monatglobal.com\/wp-content\/uploads\/2022\/08\/twiterIcon.svg\"\/> -->\n                <!--<\/a>-->\n                <a aria-label=\"Monat global instagram\" href=\"https:\/\/www.instagram.com\/monat.franceofficial\/\" target=\"_blank\" rel=\"noopener\">\n                    <img decoding=\"async\" alt=\"instagram icon\" src=\"https:\/\/monatglobal.com\/wp-content\/uploads\/2022\/08\/instagramIcon.svg\"\/>\n                <\/a>\n                <a aria-label=\"Monat global facebook\" href=\"https:\/\/www.facebook.com\/monat.franceofficial\" target=\"_blank\" rel=\"noopener\">\n                    <img decoding=\"async\" alt=\"facebook icon\" src=\"https:\/\/monatglobal.com\/wp-content\/uploads\/2022\/08\/facebookIcon.svg\"\/>\n                <\/a>\n                <a aria-label=\"Monat global youtube\" href=\"https:\/\/www.youtube.com\/user\/MONATOfficial\" target=\"_blank\" rel=\"noopener\">\n                    <img decoding=\"async\" alt=\"youtube icon\" src=\"https:\/\/monatglobal.com\/wp-content\/uploads\/2022\/08\/youtubeIcon.svg\"\/>\n                <\/a>\n                <a aria-label=\"Monat global pinterest\" href=\"https:\/\/co.pinterest.com\/MonatOfficial\/\" target=\"_blank\" rel=\"noopener\">\n                    <img decoding=\"async\" alt=\"pinterest icon\" src=\"https:\/\/monatglobal.com\/wp-content\/uploads\/2022\/08\/pinterest-circular-logo-symbol-svgrepo-com.svg\"\/>\n                <\/a>\n                <a aria-label=\"Monat global tiktok\" href=\"https:\/\/www.tiktok.com\/@monatofficial?lang=en\" target=\"_blank\" rel=\"noopener\">\n                    <img decoding=\"async\" alt=\"tiktok icon\" src=\"https:\/\/monatglobal.com\/wp-content\/uploads\/2022\/08\/logo-tiktok-svg-.svg\"\/>\n                <\/a>\n<\/footer>  \n<!---->\n<!--   -->\n<!---->\n<!---->\n\n","protected":false},"excerpt":{"rendered":"<p>S&#8217;INSCRIRE FR EN BIENVENUEeeeeee CHEZ MONAT MONAT SIGNIFIE MODERN NATURE GAGNEZ En tant que Partenaire de March\u00e9 MONAT, vous gagnerez de 15 \u00e0 40 % de commissions sur les produits que vous&nbsp;vendez. Constituez une \u00e9quipe de Partenaires de March\u00e9 et vous gagnerez \u00e9galement des commissions sur leurs ventes ! DEVENEZ UN FONDATEUR Inscrivez-vous en mai&hellip;<\/p>\n","protected":false},"author":47,"featured_media":76773,"parent":0,"menu_order":0,"comment_status":"closed","ping_status":"closed","template":"tpl-no-header-footer.php","meta":{"inline_featured_image":false,"om_disable_all_campaigns":false,"_monsterinsights_skip_tracking":false,"_monsterinsights_sitenote_active":false,"_monsterinsights_sitenote_note":"","_monsterinsights_sitenote_category":0,"footnotes":""},"categories":[17],"tags":[],"class_list":["post-76823","page","type-page","status-publish","has-post-thumbnail","hentry","category-leading"],"aioseo_notices":[],"aioseo_head":"\n\t\t<!-- All in One SEO Pro 4.9.6 - aioseo.com -->\n\t<meta name=\"description\" content=\"S&#039;INSCRIRE FR EN BIENVENUEeeeeee CHEZ MONAT MONAT SIGNIFIE MODERN NATURE GAGNEZ En tant que Partenaire de March\u00e9 MONAT, vous gagnerez de 15 \u00e0 40 % de commissions sur les produits que vous vendez. Constituez une \u00e9quipe de Partenaires de March\u00e9 et vous gagnerez \u00e9galement des commissions sur leurs ventes ! DEVENEZ UN FONDATEUR Inscrivez-vous en mai\" \/>\n\t<meta name=\"robots\" content=\"noindex, nofollow, max-image-preview:large\" \/>\n\t<link rel=\"canonical\" href=\"https:\/\/monatglobal.com\/fr\/monatfrance-copy\/\" \/>\n\t<meta name=\"generator\" content=\"All in One SEO Pro (AIOSEO) 4.9.6\" \/>\n\t\t<meta property=\"og:locale\" content=\"en_US\" \/>\n\t\t<meta property=\"og:site_name\" content=\"MONAT France - We Are Modern Nature\u2122\" \/>\n\t\t<meta property=\"og:type\" content=\"article\" \/>\n\t\t<meta property=\"og:title\" content=\"Copie de BIENVENUE CHEZ MONAT - MONAT France\" \/>\n\t\t<meta property=\"og:description\" content=\"S&#039;INSCRIRE FR EN BIENVENUEeeeeee CHEZ MONAT MONAT SIGNIFIE MODERN NATURE GAGNEZ En tant que Partenaire de March\u00e9 MONAT, vous gagnerez de 15 \u00e0 40 % de commissions sur les produits que vous vendez. Constituez une \u00e9quipe de Partenaires de March\u00e9 et vous gagnerez \u00e9galement des commissions sur leurs ventes ! DEVENEZ UN FONDATEUR Inscrivez-vous en mai\" \/>\n\t\t<meta property=\"og:url\" content=\"https:\/\/monatglobal.com\/fr\/monatfrance-copy\/\" \/>\n\t\t<meta property=\"article:published_time\" content=\"2023-05-24T21:58:30+00:00\" \/>\n\t\t<meta property=\"article:modified_time\" content=\"2023-05-26T16:43:51+00:00\" \/>\n\t\t<meta name=\"twitter:card\" content=\"summary_large_image\" \/>\n\t\t<meta name=\"twitter:title\" content=\"Copie de BIENVENUE CHEZ MONAT - MONAT France\" \/>\n\t\t<meta name=\"twitter:description\" content=\"S&#039;INSCRIRE FR EN BIENVENUEeeeeee CHEZ MONAT MONAT SIGNIFIE MODERN NATURE GAGNEZ En tant que Partenaire de March\u00e9 MONAT, vous gagnerez de 15 \u00e0 40 % de commissions sur les produits que vous vendez. Constituez une \u00e9quipe de Partenaires de March\u00e9 et vous gagnerez \u00e9galement des commissions sur leurs ventes ! DEVENEZ UN FONDATEUR Inscrivez-vous en mai\" \/>\n\t\t<script type=\"application\/ld+json\" class=\"aioseo-schema\">\n\t\t\t{\"@context\":\"https:\\\/\\\/schema.org\",\"@graph\":[{\"@type\":\"BreadcrumbList\",\"@id\":\"https:\\\/\\\/monatglobal.com\\\/fr\\\/monatfrance-copy\\\/#breadcrumblist\",\"itemListElement\":[{\"@type\":\"ListItem\",\"@id\":\"https:\\\/\\\/monatglobal.com\\\/fr#listItem\",\"position\":1,\"name\":\"Home\",\"item\":\"https:\\\/\\\/monatglobal.com\\\/fr\",\"nextItem\":{\"@type\":\"ListItem\",\"@id\":\"https:\\\/\\\/monatglobal.com\\\/fr\\\/monatfrance-copy\\\/#listItem\",\"name\":\"Copie de BIENVENUE CHEZ MONAT\"}},{\"@type\":\"ListItem\",\"@id\":\"https:\\\/\\\/monatglobal.com\\\/fr\\\/monatfrance-copy\\\/#listItem\",\"position\":2,\"name\":\"Copie de BIENVENUE CHEZ MONAT\",\"previousItem\":{\"@type\":\"ListItem\",\"@id\":\"https:\\\/\\\/monatglobal.com\\\/fr#listItem\",\"name\":\"Home\"}}]},{\"@type\":\"Organization\",\"@id\":\"https:\\\/\\\/monatglobal.com\\\/fr\\\/#organization\",\"name\":\"MONAT France\",\"description\":\"We Are Modern Nature\\u2122\",\"url\":\"https:\\\/\\\/monatglobal.com\\\/fr\\\/\"},{\"@type\":\"WebPage\",\"@id\":\"https:\\\/\\\/monatglobal.com\\\/fr\\\/monatfrance-copy\\\/#webpage\",\"url\":\"https:\\\/\\\/monatglobal.com\\\/fr\\\/monatfrance-copy\\\/\",\"name\":\"Copie de BIENVENUE CHEZ MONAT - MONAT France\",\"description\":\"S'INSCRIRE FR EN BIENVENUEeeeeee CHEZ MONAT MONAT SIGNIFIE MODERN NATURE GAGNEZ En tant que Partenaire de March\\u00e9 MONAT, vous gagnerez de 15 \\u00e0 40 % de commissions sur les produits que vous vendez. Constituez une \\u00e9quipe de Partenaires de March\\u00e9 et vous gagnerez \\u00e9galement des commissions sur leurs ventes ! DEVENEZ UN FONDATEUR Inscrivez-vous en mai\",\"inLanguage\":\"en-US\",\"isPartOf\":{\"@id\":\"https:\\\/\\\/monatglobal.com\\\/fr\\\/#website\"},\"breadcrumb\":{\"@id\":\"https:\\\/\\\/monatglobal.com\\\/fr\\\/monatfrance-copy\\\/#breadcrumblist\"},\"image\":{\"@type\":\"ImageObject\",\"url\":\"https:\\\/\\\/monatglobal.com\\\/fr\\\/wp-content\\\/uploads\\\/sites\\\/19\\\/2023\\\/05\\\/BIENVENUE-CHEZ-MONAT.jpg\",\"@id\":\"https:\\\/\\\/monatglobal.com\\\/fr\\\/monatfrance-copy\\\/#mainImage\",\"width\":1200,\"height\":784},\"primaryImageOfPage\":{\"@id\":\"https:\\\/\\\/monatglobal.com\\\/fr\\\/monatfrance-copy\\\/#mainImage\"},\"datePublished\":\"2023-05-24T21:58:30+01:00\",\"dateModified\":\"2023-05-26T16:43:51+01:00\"},{\"@type\":\"WebSite\",\"@id\":\"https:\\\/\\\/monatglobal.com\\\/fr\\\/#website\",\"url\":\"https:\\\/\\\/monatglobal.com\\\/fr\\\/\",\"name\":\"MONAT France\",\"description\":\"We Are Modern Nature\\u2122\",\"inLanguage\":\"en-US\",\"publisher\":{\"@id\":\"https:\\\/\\\/monatglobal.com\\\/fr\\\/#organization\"}}]}\n\t\t<\/script>\n\t\t<!-- All in One SEO Pro -->\r\n\t\t<title>Copie de BIENVENUE CHEZ MONAT - MONAT France<\/title>\n\n","aioseo_head_json":{"title":"Copie de BIENVENUE CHEZ MONAT - MONAT France","description":"S'INSCRIRE FR EN BIENVENUEeeeeee CHEZ MONAT MONAT SIGNIFIE MODERN NATURE GAGNEZ En tant que Partenaire de March\u00e9 MONAT, vous gagnerez de 15 \u00e0 40 % de commissions sur les produits que vous vendez. Constituez une \u00e9quipe de Partenaires de March\u00e9 et vous gagnerez \u00e9galement des commissions sur leurs ventes ! DEVENEZ UN FONDATEUR Inscrivez-vous en mai","canonical_url":"https:\/\/monatglobal.com\/fr\/monatfrance-copy\/","robots":"noindex, nofollow, max-image-preview:large","keywords":"","webmasterTools":{"miscellaneous":""},"schema":{"@context":"https:\/\/schema.org","@graph":[{"@type":"BreadcrumbList","@id":"https:\/\/monatglobal.com\/fr\/monatfrance-copy\/#breadcrumblist","itemListElement":[{"@type":"ListItem","@id":"https:\/\/monatglobal.com\/fr#listItem","position":1,"name":"Home","item":"https:\/\/monatglobal.com\/fr","nextItem":{"@type":"ListItem","@id":"https:\/\/monatglobal.com\/fr\/monatfrance-copy\/#listItem","name":"Copie de BIENVENUE CHEZ MONAT"}},{"@type":"ListItem","@id":"https:\/\/monatglobal.com\/fr\/monatfrance-copy\/#listItem","position":2,"name":"Copie de BIENVENUE CHEZ MONAT","previousItem":{"@type":"ListItem","@id":"https:\/\/monatglobal.com\/fr#listItem","name":"Home"}}]},{"@type":"Organization","@id":"https:\/\/monatglobal.com\/fr\/#organization","name":"MONAT France","description":"We Are Modern Nature\u2122","url":"https:\/\/monatglobal.com\/fr\/"},{"@type":"WebPage","@id":"https:\/\/monatglobal.com\/fr\/monatfrance-copy\/#webpage","url":"https:\/\/monatglobal.com\/fr\/monatfrance-copy\/","name":"Copie de BIENVENUE CHEZ MONAT - MONAT France","description":"S'INSCRIRE FR EN BIENVENUEeeeeee CHEZ MONAT MONAT SIGNIFIE MODERN NATURE GAGNEZ En tant que Partenaire de March\u00e9 MONAT, vous gagnerez de 15 \u00e0 40 % de commissions sur les produits que vous vendez. Constituez une \u00e9quipe de Partenaires de March\u00e9 et vous gagnerez \u00e9galement des commissions sur leurs ventes ! DEVENEZ UN FONDATEUR Inscrivez-vous en mai","inLanguage":"en-US","isPartOf":{"@id":"https:\/\/monatglobal.com\/fr\/#website"},"breadcrumb":{"@id":"https:\/\/monatglobal.com\/fr\/monatfrance-copy\/#breadcrumblist"},"image":{"@type":"ImageObject","url":"https:\/\/monatglobal.com\/fr\/wp-content\/uploads\/sites\/19\/2023\/05\/BIENVENUE-CHEZ-MONAT.jpg","@id":"https:\/\/monatglobal.com\/fr\/monatfrance-copy\/#mainImage","width":1200,"height":784},"primaryImageOfPage":{"@id":"https:\/\/monatglobal.com\/fr\/monatfrance-copy\/#mainImage"},"datePublished":"2023-05-24T21:58:30+01:00","dateModified":"2023-05-26T16:43:51+01:00"},{"@type":"WebSite","@id":"https:\/\/monatglobal.com\/fr\/#website","url":"https:\/\/monatglobal.com\/fr\/","name":"MONAT France","description":"We Are Modern Nature\u2122","inLanguage":"en-US","publisher":{"@id":"https:\/\/monatglobal.com\/fr\/#organization"}}]},"og:locale":"en_US","og:site_name":"MONAT France - We Are Modern Nature\u2122","og:type":"article","og:title":"Copie de BIENVENUE CHEZ MONAT - MONAT France","og:description":"S'INSCRIRE FR EN BIENVENUEeeeeee CHEZ MONAT MONAT SIGNIFIE MODERN NATURE GAGNEZ En tant que Partenaire de March\u00e9 MONAT, vous gagnerez de 15 \u00e0 40 % de commissions sur les produits que vous vendez. Constituez une \u00e9quipe de Partenaires de March\u00e9 et vous gagnerez \u00e9galement des commissions sur leurs ventes ! DEVENEZ UN FONDATEUR Inscrivez-vous en mai","og:url":"https:\/\/monatglobal.com\/fr\/monatfrance-copy\/","article:published_time":"2023-05-24T21:58:30+00:00","article:modified_time":"2023-05-26T16:43:51+00:00","twitter:card":"summary_large_image","twitter:title":"Copie de BIENVENUE CHEZ MONAT - MONAT France","twitter:description":"S'INSCRIRE FR EN BIENVENUEeeeeee CHEZ MONAT MONAT SIGNIFIE MODERN NATURE GAGNEZ En tant que Partenaire de March\u00e9 MONAT, vous gagnerez de 15 \u00e0 40 % de commissions sur les produits que vous vendez. Constituez une \u00e9quipe de Partenaires de March\u00e9 et vous gagnerez \u00e9galement des commissions sur leurs ventes ! DEVENEZ UN FONDATEUR Inscrivez-vous en mai"},"aioseo_meta_data":{"post_id":"76823","title":null,"description":null,"keywords":null,"keyphrases":null,"primary_term":null,"canonical_url":null,"og_title":null,"og_description":null,"og_object_type":"default","og_image_type":"default","og_image_url":null,"og_image_width":null,"og_image_height":null,"og_image_custom_url":null,"og_image_custom_fields":null,"og_video":null,"og_custom_url":null,"og_article_section":null,"og_article_tags":null,"twitter_use_og":false,"twitter_card":"default","twitter_image_type":"default","twitter_image_url":null,"twitter_image_custom_url":null,"twitter_image_custom_fields":null,"twitter_title":null,"twitter_description":null,"schema":{"blockGraphs":[],"customGraphs":[],"default":{"data":{"Article":[],"Course":[],"Dataset":[],"FAQPage":[],"Movie":[],"Person":[],"Product":[],"ProductReview":[],"Car":[],"Recipe":[],"Service":[],"SoftwareApplication":[],"WebPage":[]},"graphName":"","isEnabled":true},"graphs":[]},"schema_type":"default","schema_type_options":null,"pillar_content":false,"robots_default":true,"robots_noindex":false,"robots_noarchive":false,"robots_nosnippet":false,"robots_nofollow":false,"robots_noimageindex":false,"robots_noodp":false,"robots_notranslate":false,"robots_max_snippet":null,"robots_max_videopreview":null,"robots_max_imagepreview":"large","priority":null,"frequency":null,"local_seo":null,"seo_analyzer_scan_date":"2026-02-10 18:57:52","breadcrumb_settings":null,"limit_modified_date":false,"reviewed_by":null,"open_ai":null,"ai":null,"created":"2023-07-26 00:07:10","updated":"2026-02-10 18:57:52"},"aioseo_breadcrumb":"<div class=\"aioseo-breadcrumbs\"><span class=\"aioseo-breadcrumb\">\n\t<a href=\"https:\/\/monatglobal.com\/fr\" title=\"Home\">Home<\/a>\n<\/span><span class=\"aioseo-breadcrumb-separator\">&raquo;<\/span><span class=\"aioseo-breadcrumb\">\n\tCopie de BIENVENUE CHEZ MONAT\n<\/span><\/div>","aioseo_breadcrumb_json":[{"label":"Home","link":"https:\/\/monatglobal.com\/fr"},{"label":"Copie de BIENVENUE CHEZ MONAT","link":"https:\/\/monatglobal.com\/fr\/monatfrance-copy\/"}],"_links":{"self":[{"href":"https:\/\/monatglobal.com\/fr\/wp-json\/wp\/v2\/pages\/76823","targetHints":{"allow":["GET"]}}],"collection":[{"href":"https:\/\/monatglobal.com\/fr\/wp-json\/wp\/v2\/pages"}],"about":[{"href":"https:\/\/monatglobal.com\/fr\/wp-json\/wp\/v2\/types\/page"}],"author":[{"embeddable":true,"href":"https:\/\/monatglobal.com\/fr\/wp-json\/wp\/v2\/users\/47"}],"replies":[{"embeddable":true,"href":"https:\/\/monatglobal.com\/fr\/wp-json\/wp\/v2\/comments?post=76823"}],"version-history":[{"count":9,"href":"https:\/\/monatglobal.com\/fr\/wp-json\/wp\/v2\/pages\/76823\/revisions"}],"predecessor-version":[{"id":76914,"href":"https:\/\/monatglobal.com\/fr\/wp-json\/wp\/v2\/pages\/76823\/revisions\/76914"}],"wp:featuredmedia":[{"embeddable":true,"href":"https:\/\/monatglobal.com\/fr\/wp-json\/wp\/v2\/media\/76773"}],"wp:attachment":[{"href":"https:\/\/monatglobal.com\/fr\/wp-json\/wp\/v2\/media?parent=76823"}],"wp:term":[{"taxonomy":"category","embeddable":true,"href":"https:\/\/monatglobal.com\/fr\/wp-json\/wp\/v2\/categories?post=76823"},{"taxonomy":"post_tag","embeddable":true,"href":"https:\/\/monatglobal.com\/fr\/wp-json\/wp\/v2\/tags?post=76823"}],"curies":[{"name":"wp","href":"https:\/\/api.w.org\/{rel}","templated":true}]}}