{"id":76814,"date":"2023-06-08T01:46:01","date_gmt":"2023-06-08T01:46:01","guid":{"rendered":"https:\/\/monatglobal.com\/fr\/?page_id=76814"},"modified":"2026-02-13T21:30:24","modified_gmt":"2026-02-13T21:30:24","slug":"unknot-detangler","status":"publish","type":"page","link":"https:\/\/monatglobal.com\/fr\/unknot-detangler\/","title":{"rendered":"Soin d\u00e9m\u00e9lant"},"content":{"rendered":"\n\n\t<link rel=\"stylesheet\" href=\"https:\/\/unpkg.com\/swiper\/swiper-bundle.min.css\" \/>\n<link rel=\"stylesheet\" href=\"https:\/\/monatglobal.com\/wp-content\/creative_css\/product_styles_sheet.css\" \/>\n    <!--==================================================== ECOMM SECTION ====================================================-->\n        <!--==================================================== Ecomm image ====================================================-->\n            \n                <img decoding=\"async\" src=\"https:\/\/monatglobal.com\/es\/wp-content\/uploads\/sites\/10\/2022\/07\/unknot-detangler-ecomm.png\" alt=\"Imagen del producto Desenredante de nudos.\" loading=\"lazy\"\/>\n            \n        <!--==================================================== Ecomm information  ====================================================-->\n            \n            <h1>Soin d\u00e9m\u00e9lant<\/h1>\n            <p>Avec REJUVENIQE S\u2122<\/p>\n            <p>Un l\u00e9ger d\u00e9m\u00ealant qui traite, renouvelle et adoucit les cheveux, tout en \u00e9liminant les n\u0153uds.<\/p>\n            <p>134 ml \u212e 4.5 oz liq.<\/p>\n          <!--==================================================== pricing box  ====================================================-->  \n         <p>Prix de d\u00e9tail<br \/>00.00 \u20ac<\/p>\n         <p>Prix de client VIP<br \/>00.00 \u20ac<\/p>\n           <!--==================================================== pricing box  ====================================================--> \n            <p>Pour en savoir plus sur le Soin d\u00e9m\u00e9lant, veuillez contacter votre Partenaire de March\u00e9&nbsp;MONAT.<\/p>\n          <a href=\"\" target=\"_blank\" role=\"button\" aria-label=\"\" rel=\"noopener\"><\/a>\n    <!--==================================================== \/ECOMM SECTION  ====================================================-->\n    <!--==================================================== Benefits image ====================================================-->\n    \n        <source media=\"(max-width: 700px)\" srcset=\"https:\/\/monatglobal.com\/es\/wp-content\/uploads\/sites\/10\/2022\/07\/unknot-detangler-benefits-700-1.jpg\" loading=\"lazy\"\/>\n        <img decoding=\"async\" src=\"https:\/\/monatglobal.com\/es\/wp-content\/uploads\/sites\/10\/2022\/07\/unknot-detangler-benefits-1.jpg\" alt=\"Mujer casta\u00f1a sonriendo mientras sujeta su voluminoso cabello.\" loading=\"lazy\"\/>\n    \n    <!--==================================================== Benefits text ====================================================-->\n            <h2>BIENFAITS<\/h2>\n            <h3>Laisse les cheveux doux, maniables et revitalis\u00e9s.<\/h3>\n            <p>Ma\u00eetrise les frisottis et aide \u00e0 r\u00e9duire l&#8217;\u00e9lectricit\u00e9 statique. Contient un absorbeur de rayons UV afin de prot\u00e9ger contre l&#8217;att\u00e9nuation de la couleur. Renforce les cheveux et les prot\u00e8ge contre la cassure pendant le brossage. Pr\u00e9pare les cheveux afin d&#8217;optimiser la performance des produits coiffants. S&#8217;utilise sur cheveux secs ou humides.<\/p>\n            <!--==================================================== features image  ====================================================-->\n            <img decoding=\"async\" alt=\"El Desenredante de nudos tumbado sobre un largo cabello rubio sobre un fondo blanco.\" src=\"https:\/\/monatglobal.com\/es\/wp-content\/uploads\/sites\/10\/2022\/07\/unknot-features.jpg\" loading=\"lazy\"\/>\n        <!--==================================================== features text ====================================================-->\n                <h3>Caract\u00e9ristiques<\/h3>\n                    <p>\/ Sa formule l\u00e9g\u00e8re d\u00e9m\u00eale instantan\u00e9ment les cheveux sans les alourdir<\/p>\n                    <p>\/ Aide \u00e0 renforcer les cheveux tout en maintenant l&#8217;hydratation et la douceur<\/p>\n                    <p>\/ Sans risque pour les cheveux color\u00e9s<\/p>\n                    <p>\/ Convient \u00e0 tous les types et toutes les textures de&nbsp;cheveux<\/p>\n                    <p>\/ Test\u00e9 dermatologiquement<\/p>\n                    <p>\/ Non test\u00e9 sur les animaux<\/p>\n                    <p>\/ V\u00e9gan<\/p>\n                    <br \/>\n                <p>Fragrance<\/p>\n                <p>Texture<\/p>\n    <!--==================================================== composition image mobile ====================================================-->\n    <img decoding=\"async\" alt=\"Un envase de Desenredante de nudos abierto sobre una baldosa de m\u00e1rmol, junto a un peine morado, una toalla y un peque\u00f1o plato blanco.\" src=\"https:\/\/monatglobal.com\/es\/wp-content\/uploads\/sites\/10\/2022\/07\/unknot-detangler-comp-1-1.jpg\" loading=\"lazy\"\/>\n    <!--==================================================== Why it works text ====================================================-->\n        \n        <h3>REVITALISE. ADOUCIT. RENFORCE.<\/h3>\n        <p>Gagnez la bataille contre les n\u0153uds et cr\u00e9ez le look parfait. Ce Soin d\u00e9m\u00ealant laissera vos cheveux lisses et maniables. Dites adieu aux n\u0153uds et aux cheveux emm\u00eal\u00e9s. Avec REJUVENIQE S\u2122, ce produit multifonction sans rin\u00e7age renforce et traite les cheveux tout en \u00e9liminant instantan\u00e9ment les emm\u00ealements et les frisottis, laissant les cheveux soyeux.<\/p>\n<!--==================================================== Composition section ====================================================-->\n        <img decoding=\"async\" alt=\"Un envase de Desenredante de nudos abierto sobre una baldosa de m\u00e1rmol, junto a un peine morado, una toalla y un peque\u00f1o plato blanco.\" src=\"https:\/\/monatglobal.com\/es\/wp-content\/uploads\/sites\/10\/2022\/07\/unknot-detangler-comp-1-1.jpg\" loading=\"lazy\"\/>\n        <img decoding=\"async\" alt=\"Mujer casta\u00f1a sonriendo y cepill\u00e1ndose el cabello sobre un brillante fondo p\u00farpura.\" src=\"https:\/\/monatglobal.com\/es\/wp-content\/uploads\/sites\/10\/2022\/07\/unknot-detangler-comp-3.jpg\" loading=\"lazy\"\/>\n                <!--==================================================== Directions text ====================================================-->\n                    <h3>Mode d&#8217;emploi<\/h3>\n                        <p>\/ Vaporiser sur cheveux essor\u00e9s, en insistant sur les&nbsp;n\u0153uds.<\/p>\n                        <p>\/ Brosser et coiffer comme d&#8217;habitude.<\/p>\n                <!--==================================================== Directions video ====================================================-->\n        <p>Be Balanced\u2122 <br \/>Lightweight Moisturizer <br \/>0:35<\/p>\n      <a href=\"\" target=\"_blank\" role=\"button\" aria-label=\"\" rel=\"noopener\"><\/a>\n    <!--==================================================== Ingredients section  ====================================================-->\n        <h2>PRINCIPAUX INGR\u00c9DIENTS<\/h2>\n                <p>REJUVENIQE S\u2122 <\/p>\n                <p>Fiber Rescue\u2122<\/p>\n                <p>Procataline\u2122<\/p>\n                <p>Crodasorb\u2122<\/p>\n                <p>Rejuvasoft\u2122<\/p>\n        <button id=\"myBtn\" type=\"button\">LISTE D&#8217;INGR\u00c9DIENTS<\/button>\n        <!--==================================================== Modal content  ====================================================-->\n            &times;\n            <p>Aqua\/Water\/Eau, Cetearyl Alcohol, Coconut Alkanes, Panthenol, Pisum Sativum (Pea) Extract, Prunus Amygdalus Dulcis (Sweet Almond) Protein, Limnanthes Alba (Meadowfoam) Seed Oil, Crambe Abyssinica Seed Oil, Camellia Oleifera Seed Oil, Solanum Lycopersicum (Tomato) Seed Oil, Daucus Carota Sativa (Carrot) Seed Oil, Citrus Limon (Lemon) Peel Oil, Citrus Aurantifolia (Lime) Oil, Citrus Aurantium Bergamia (Bergamot) Fruit Oil, Adansonia Digitata Oil, Mauritia Flexuosa Fruit Oil, Cocos Nucifera (Coconut) Oil, Gardenia Taitensis Flower Extract, Moringa Oleifera Seed Oil, Caryocar Brasiliense Fruit Oil, Helianthus Annuus (Sunflower) Seed Oil, Olea Europaea (Olive) Fruit Oil, Simmondsia Chinensis (Jojoba) Seed Extract, Tocopherol, Glycerin, Lauryl Glucoside, Myristyl Glucoside, Polyglyceryl-6 Laurate, Quaternium-91, Myristyl Myristate, Behentrimonium Chloride, Coco-Caprylate\/Caprate, Cinnamidopropyltrimonium Chloride, Sodium Palmitate, Fragrance\/Parfum, Ethylhexylglycerin, Benzyl Alcohol, Limonene, Linalool.<\/p>\n    <!--==================================================== You might also like section ====================================================-->\n        <h2>VOUS POURRIEZ AUSSI AIMER<\/h2>\n        <!--==================================================== Slider YOU MIGHT ALSO LIKE ====================================================-->\n        <!---->\n        <!--    -->\n                <!--==================================================== Slides products ====================================================-->\n        <!--        -->\n        <!--            <a href=\"https:\/\/monatglobal.com\/fr\/volumizing-revive-shampoo\" aria-label=\"Go to Shampooing volumisant Revive\u2122 page\">-->\n        <!--                <img decoding=\"async\" src=\"https:\/\/monatglobal.com\/nz\/wp-content\/uploads\/sites\/15\/2022\/10\/volumizing-revive-shampoo-ecomm.jpg\" alt=\"Shampooing volumisant Revive\u2122\" loading=\"lazy\"\/>-->\n        <!--                <p>Shampooing volumisant<br \/>Revive\u2122<\/p>-->\n        <!--            <\/a>-->\n        <!--        -->\n        <!--        -->\n        <!--            <a href=\"https:\/\/monatglobal.com\/fr\/volumizing-revitalize-conditioner\" aria-label=\"Go to Apr\u00e8s-shampooing volumisant Revitalize\u2122 page\">-->\n        <!--                <img decoding=\"async\" src=\"https:\/\/monatglobal.com\/wp-content\/uploads\/2022\/12\/Volumizing-revitalize-conditioner_Ecomm-min.png\" alt=\"Apr\u00e8s-shampooing volumisant Revitalize\u2122\" loading=\"lazy\"\/>-->\n        <!--                <p>Apr\u00e8s-shampooing volumisant<br \/>Revitalize\u2122<\/p>-->\n        <!--            <\/a>-->\n        <!--        -->\n        <!--        -->\n        <!--            <a href=\"https:\/\/monatglobal.com\/fr\/conditioning-dry-shampoo\/\" aria-label=\"Go to Shampooing sec The Champ\u2122 MONAT STUDIO ONE\u2122 page\">-->\n        <!--                <img decoding=\"async\" src=\"https:\/\/monatglobal.com\/wp-content\/uploads\/2022\/12\/CHAMPU-ACONDICIONADOR-EN-SECO-MONAT-STUDIO-ONE-THE-CHAMP-ecomm.png\" alt=\"Shampooing sec The Champ\u2122 MONAT STUDIO ONE\u2122\" loading=\"lazy\"\/>-->\n        <!--                <p>Shampooing sec The Champ\u2122<br \/>MONAT STUDIO ONE\u2122<\/p>-->\n        <!--            <\/a>-->\n        <!--        -->\n        <!--    -->\n            <!--================================================= If we need navigation buttons  ==================================================-->\n        <!--    -->\n        <!--    -->\n            <!--==================================================== If we need paginations  ====================================================-->\n        <!--    -->\n        <!---->\n         <!--==================================================== If we need navigation buttons  ====================================================-->\n         <!--==================================================== If we need paginations  ====================================================-->\n    <a href=\"\" aria-label=\"\"><\/a>\n<!--================================================ this link has to go last for it to work   ================================================-->\n\n","protected":false},"excerpt":{"rendered":"<p>Soin d\u00e9m\u00e9lant Avec REJUVENIQE S\u2122 Un l\u00e9ger d\u00e9m\u00ealant qui traite, renouvelle et adoucit les cheveux, tout en \u00e9liminant les n\u0153uds. 134 ml \u212e 4.5 oz liq. Prix de d\u00e9tail00.00 \u20ac Prix de client VIP00.00 \u20ac Pour en savoir plus sur le Soin d\u00e9m\u00e9lant, veuillez contacter votre Partenaire de March\u00e9&nbsp;MONAT. BIENFAITS Laisse les cheveux doux, maniables&hellip;<\/p>\n","protected":false},"author":31,"featured_media":76815,"parent":0,"menu_order":0,"comment_status":"closed","ping_status":"closed","template":"","meta":{"inline_featured_image":false,"om_disable_all_campaigns":false,"_monsterinsights_skip_tracking":false,"_monsterinsights_sitenote_active":false,"_monsterinsights_sitenote_note":"","_monsterinsights_sitenote_category":0,"footnotes":""},"categories":[20],"tags":[],"class_list":["post-76814","page","type-page","status-publish","has-post-thumbnail","hentry","category-product-fr"],"aioseo_notices":[],"aioseo_head":"\n\t\t<!-- All in One SEO Pro 4.9.6 - aioseo.com -->\n\t<meta name=\"description\" content=\"Soin d\u00e9m\u00e9lant Avec REJUVENIQE S\u2122 Un l\u00e9ger d\u00e9m\u00ealant qui traite, renouvelle et adoucit les cheveux, tout en \u00e9liminant les n\u0153uds. 134 ml \u212e 4.5 oz liq. Prix de d\u00e9tail00.00 \u20ac Prix de client VIP00.00 \u20ac Pour en savoir plus sur le Soin d\u00e9m\u00e9lant, veuillez contacter votre Partenaire de March\u00e9 MONAT. BIENFAITS Laisse les cheveux doux, maniables\" \/>\n\t<meta name=\"robots\" content=\"noindex, nofollow, max-image-preview:large\" \/>\n\t<link rel=\"canonical\" href=\"https:\/\/monatglobal.com\/fr\/unknot-detangler\/\" \/>\n\t<meta name=\"generator\" content=\"All in One SEO Pro (AIOSEO) 4.9.6\" \/>\n\t\t<meta property=\"og:locale\" content=\"en_US\" \/>\n\t\t<meta property=\"og:site_name\" content=\"MONAT France - We Are Modern Nature\u2122\" \/>\n\t\t<meta property=\"og:type\" content=\"article\" \/>\n\t\t<meta property=\"og:title\" content=\"Soin d\u00e9m\u00e9lant - MONAT France\" \/>\n\t\t<meta property=\"og:description\" content=\"Soin d\u00e9m\u00e9lant Avec REJUVENIQE S\u2122 Un l\u00e9ger d\u00e9m\u00ealant qui traite, renouvelle et adoucit les cheveux, tout en \u00e9liminant les n\u0153uds. 134 ml \u212e 4.5 oz liq. Prix de d\u00e9tail00.00 \u20ac Prix de client VIP00.00 \u20ac Pour en savoir plus sur le Soin d\u00e9m\u00e9lant, veuillez contacter votre Partenaire de March\u00e9 MONAT. BIENFAITS Laisse les cheveux doux, maniables\" \/>\n\t\t<meta property=\"og:url\" content=\"https:\/\/monatglobal.com\/fr\/unknot-detangler\/\" \/>\n\t\t<meta property=\"article:published_time\" content=\"2023-06-08T01:46:01+00:00\" \/>\n\t\t<meta property=\"article:modified_time\" content=\"2026-02-13T21:30:24+00:00\" \/>\n\t\t<meta name=\"twitter:card\" content=\"summary_large_image\" \/>\n\t\t<meta name=\"twitter:title\" content=\"Soin d\u00e9m\u00e9lant - MONAT France\" \/>\n\t\t<meta name=\"twitter:description\" content=\"Soin d\u00e9m\u00e9lant Avec REJUVENIQE S\u2122 Un l\u00e9ger d\u00e9m\u00ealant qui traite, renouvelle et adoucit les cheveux, tout en \u00e9liminant les n\u0153uds. 134 ml \u212e 4.5 oz liq. Prix de d\u00e9tail00.00 \u20ac Prix de client VIP00.00 \u20ac Pour en savoir plus sur le Soin d\u00e9m\u00e9lant, veuillez contacter votre Partenaire de March\u00e9 MONAT. BIENFAITS Laisse les cheveux doux, maniables\" \/>\n\t\t<script type=\"application\/ld+json\" class=\"aioseo-schema\">\n\t\t\t{\"@context\":\"https:\\\/\\\/schema.org\",\"@graph\":[{\"@type\":\"BreadcrumbList\",\"@id\":\"https:\\\/\\\/monatglobal.com\\\/fr\\\/unknot-detangler\\\/#breadcrumblist\",\"itemListElement\":[{\"@type\":\"ListItem\",\"@id\":\"https:\\\/\\\/monatglobal.com\\\/fr#listItem\",\"position\":1,\"name\":\"Home\",\"item\":\"https:\\\/\\\/monatglobal.com\\\/fr\",\"nextItem\":{\"@type\":\"ListItem\",\"@id\":\"https:\\\/\\\/monatglobal.com\\\/fr\\\/unknot-detangler\\\/#listItem\",\"name\":\"Soin d\\u00e9m\\u00e9lant\"}},{\"@type\":\"ListItem\",\"@id\":\"https:\\\/\\\/monatglobal.com\\\/fr\\\/unknot-detangler\\\/#listItem\",\"position\":2,\"name\":\"Soin d\\u00e9m\\u00e9lant\",\"previousItem\":{\"@type\":\"ListItem\",\"@id\":\"https:\\\/\\\/monatglobal.com\\\/fr#listItem\",\"name\":\"Home\"}}]},{\"@type\":\"Organization\",\"@id\":\"https:\\\/\\\/monatglobal.com\\\/fr\\\/#organization\",\"name\":\"MONAT France\",\"description\":\"We Are Modern Nature\\u2122\",\"url\":\"https:\\\/\\\/monatglobal.com\\\/fr\\\/\"},{\"@type\":\"WebPage\",\"@id\":\"https:\\\/\\\/monatglobal.com\\\/fr\\\/unknot-detangler\\\/#webpage\",\"url\":\"https:\\\/\\\/monatglobal.com\\\/fr\\\/unknot-detangler\\\/\",\"name\":\"Soin d\\u00e9m\\u00e9lant - MONAT France\",\"description\":\"Soin d\\u00e9m\\u00e9lant Avec REJUVENIQE S\\u2122 Un l\\u00e9ger d\\u00e9m\\u00ealant qui traite, renouvelle et adoucit les cheveux, tout en \\u00e9liminant les n\\u0153uds. 134 ml \\u212e 4.5 oz liq. Prix de d\\u00e9tail00.00 \\u20ac Prix de client VIP00.00 \\u20ac Pour en savoir plus sur le Soin d\\u00e9m\\u00e9lant, veuillez contacter votre Partenaire de March\\u00e9 MONAT. BIENFAITS Laisse les cheveux doux, maniables\",\"inLanguage\":\"en-US\",\"isPartOf\":{\"@id\":\"https:\\\/\\\/monatglobal.com\\\/fr\\\/#website\"},\"breadcrumb\":{\"@id\":\"https:\\\/\\\/monatglobal.com\\\/fr\\\/unknot-detangler\\\/#breadcrumblist\"},\"image\":{\"@type\":\"ImageObject\",\"url\":\"https:\\\/\\\/monatglobal.com\\\/fr\\\/wp-content\\\/uploads\\\/sites\\\/19\\\/2023\\\/05\\\/unknot-detangler-ecomm.png\",\"@id\":\"https:\\\/\\\/monatglobal.com\\\/fr\\\/unknot-detangler\\\/#mainImage\",\"width\":641,\"height\":800},\"primaryImageOfPage\":{\"@id\":\"https:\\\/\\\/monatglobal.com\\\/fr\\\/unknot-detangler\\\/#mainImage\"},\"datePublished\":\"2023-06-08T01:46:01+01:00\",\"dateModified\":\"2026-02-13T21:30:24+00:00\"},{\"@type\":\"WebSite\",\"@id\":\"https:\\\/\\\/monatglobal.com\\\/fr\\\/#website\",\"url\":\"https:\\\/\\\/monatglobal.com\\\/fr\\\/\",\"name\":\"MONAT France\",\"description\":\"We Are Modern Nature\\u2122\",\"inLanguage\":\"en-US\",\"publisher\":{\"@id\":\"https:\\\/\\\/monatglobal.com\\\/fr\\\/#organization\"}}]}\n\t\t<\/script>\n\t\t<!-- All in One SEO Pro -->\r\n\t\t<title>Soin d\u00e9m\u00e9lant - MONAT France<\/title>\n\n","aioseo_head_json":{"title":"Soin d\u00e9m\u00e9lant - MONAT France","description":"Soin d\u00e9m\u00e9lant Avec REJUVENIQE S\u2122 Un l\u00e9ger d\u00e9m\u00ealant qui traite, renouvelle et adoucit les cheveux, tout en \u00e9liminant les n\u0153uds. 134 ml \u212e 4.5 oz liq. Prix de d\u00e9tail00.00 \u20ac Prix de client VIP00.00 \u20ac Pour en savoir plus sur le Soin d\u00e9m\u00e9lant, veuillez contacter votre Partenaire de March\u00e9 MONAT. BIENFAITS Laisse les cheveux doux, maniables","canonical_url":"https:\/\/monatglobal.com\/fr\/unknot-detangler\/","robots":"noindex, nofollow, max-image-preview:large","keywords":"","webmasterTools":{"miscellaneous":""},"schema":{"@context":"https:\/\/schema.org","@graph":[{"@type":"BreadcrumbList","@id":"https:\/\/monatglobal.com\/fr\/unknot-detangler\/#breadcrumblist","itemListElement":[{"@type":"ListItem","@id":"https:\/\/monatglobal.com\/fr#listItem","position":1,"name":"Home","item":"https:\/\/monatglobal.com\/fr","nextItem":{"@type":"ListItem","@id":"https:\/\/monatglobal.com\/fr\/unknot-detangler\/#listItem","name":"Soin d\u00e9m\u00e9lant"}},{"@type":"ListItem","@id":"https:\/\/monatglobal.com\/fr\/unknot-detangler\/#listItem","position":2,"name":"Soin d\u00e9m\u00e9lant","previousItem":{"@type":"ListItem","@id":"https:\/\/monatglobal.com\/fr#listItem","name":"Home"}}]},{"@type":"Organization","@id":"https:\/\/monatglobal.com\/fr\/#organization","name":"MONAT France","description":"We Are Modern Nature\u2122","url":"https:\/\/monatglobal.com\/fr\/"},{"@type":"WebPage","@id":"https:\/\/monatglobal.com\/fr\/unknot-detangler\/#webpage","url":"https:\/\/monatglobal.com\/fr\/unknot-detangler\/","name":"Soin d\u00e9m\u00e9lant - MONAT France","description":"Soin d\u00e9m\u00e9lant Avec REJUVENIQE S\u2122 Un l\u00e9ger d\u00e9m\u00ealant qui traite, renouvelle et adoucit les cheveux, tout en \u00e9liminant les n\u0153uds. 134 ml \u212e 4.5 oz liq. Prix de d\u00e9tail00.00 \u20ac Prix de client VIP00.00 \u20ac Pour en savoir plus sur le Soin d\u00e9m\u00e9lant, veuillez contacter votre Partenaire de March\u00e9 MONAT. BIENFAITS Laisse les cheveux doux, maniables","inLanguage":"en-US","isPartOf":{"@id":"https:\/\/monatglobal.com\/fr\/#website"},"breadcrumb":{"@id":"https:\/\/monatglobal.com\/fr\/unknot-detangler\/#breadcrumblist"},"image":{"@type":"ImageObject","url":"https:\/\/monatglobal.com\/fr\/wp-content\/uploads\/sites\/19\/2023\/05\/unknot-detangler-ecomm.png","@id":"https:\/\/monatglobal.com\/fr\/unknot-detangler\/#mainImage","width":641,"height":800},"primaryImageOfPage":{"@id":"https:\/\/monatglobal.com\/fr\/unknot-detangler\/#mainImage"},"datePublished":"2023-06-08T01:46:01+01:00","dateModified":"2026-02-13T21:30:24+00:00"},{"@type":"WebSite","@id":"https:\/\/monatglobal.com\/fr\/#website","url":"https:\/\/monatglobal.com\/fr\/","name":"MONAT France","description":"We Are Modern Nature\u2122","inLanguage":"en-US","publisher":{"@id":"https:\/\/monatglobal.com\/fr\/#organization"}}]},"og:locale":"en_US","og:site_name":"MONAT France - We Are Modern Nature\u2122","og:type":"article","og:title":"Soin d\u00e9m\u00e9lant - MONAT France","og:description":"Soin d\u00e9m\u00e9lant Avec REJUVENIQE S\u2122 Un l\u00e9ger d\u00e9m\u00ealant qui traite, renouvelle et adoucit les cheveux, tout en \u00e9liminant les n\u0153uds. 134 ml \u212e 4.5 oz liq. Prix de d\u00e9tail00.00 \u20ac Prix de client VIP00.00 \u20ac Pour en savoir plus sur le Soin d\u00e9m\u00e9lant, veuillez contacter votre Partenaire de March\u00e9 MONAT. BIENFAITS Laisse les cheveux doux, maniables","og:url":"https:\/\/monatglobal.com\/fr\/unknot-detangler\/","article:published_time":"2023-06-08T01:46:01+00:00","article:modified_time":"2026-02-13T21:30:24+00:00","twitter:card":"summary_large_image","twitter:title":"Soin d\u00e9m\u00e9lant - MONAT France","twitter:description":"Soin d\u00e9m\u00e9lant Avec REJUVENIQE S\u2122 Un l\u00e9ger d\u00e9m\u00ealant qui traite, renouvelle et adoucit les cheveux, tout en \u00e9liminant les n\u0153uds. 134 ml \u212e 4.5 oz liq. Prix de d\u00e9tail00.00 \u20ac Prix de client VIP00.00 \u20ac Pour en savoir plus sur le Soin d\u00e9m\u00e9lant, veuillez contacter votre Partenaire de March\u00e9 MONAT. BIENFAITS Laisse les cheveux doux, maniables"},"aioseo_meta_data":{"post_id":"76814","title":null,"description":null,"keywords":null,"keyphrases":null,"primary_term":null,"canonical_url":null,"og_title":null,"og_description":null,"og_object_type":"default","og_image_type":"default","og_image_url":null,"og_image_width":null,"og_image_height":null,"og_image_custom_url":null,"og_image_custom_fields":null,"og_video":null,"og_custom_url":null,"og_article_section":null,"og_article_tags":null,"twitter_use_og":false,"twitter_card":"default","twitter_image_type":"default","twitter_image_url":null,"twitter_image_custom_url":null,"twitter_image_custom_fields":null,"twitter_title":null,"twitter_description":null,"schema":{"blockGraphs":[],"customGraphs":[],"default":{"data":{"Article":[],"Course":[],"Dataset":[],"FAQPage":[],"Movie":[],"Person":[],"Product":[],"ProductReview":[],"Car":[],"Recipe":[],"Service":[],"SoftwareApplication":[],"WebPage":[]},"graphName":"WebPage","isEnabled":true},"graphs":[]},"schema_type":"default","schema_type_options":null,"pillar_content":false,"robots_default":true,"robots_noindex":false,"robots_noarchive":false,"robots_nosnippet":false,"robots_nofollow":false,"robots_noimageindex":false,"robots_noodp":false,"robots_notranslate":false,"robots_max_snippet":null,"robots_max_videopreview":null,"robots_max_imagepreview":"large","priority":null,"frequency":null,"local_seo":null,"seo_analyzer_scan_date":"2026-02-13 21:31:50","breadcrumb_settings":null,"limit_modified_date":false,"reviewed_by":null,"open_ai":null,"ai":null,"created":"2023-07-26 00:12:52","updated":"2026-02-13 21:34:15"},"aioseo_breadcrumb":"<div class=\"aioseo-breadcrumbs\"><span class=\"aioseo-breadcrumb\">\n\t<a href=\"https:\/\/monatglobal.com\/fr\" title=\"Home\">Home<\/a>\n<\/span><span class=\"aioseo-breadcrumb-separator\">&raquo;<\/span><span class=\"aioseo-breadcrumb\">\n\tSoin d\u00e9m\u00e9lant\n<\/span><\/div>","aioseo_breadcrumb_json":[{"label":"Home","link":"https:\/\/monatglobal.com\/fr"},{"label":"Soin d\u00e9m\u00e9lant","link":"https:\/\/monatglobal.com\/fr\/unknot-detangler\/"}],"_links":{"self":[{"href":"https:\/\/monatglobal.com\/fr\/wp-json\/wp\/v2\/pages\/76814","targetHints":{"allow":["GET"]}}],"collection":[{"href":"https:\/\/monatglobal.com\/fr\/wp-json\/wp\/v2\/pages"}],"about":[{"href":"https:\/\/monatglobal.com\/fr\/wp-json\/wp\/v2\/types\/page"}],"author":[{"embeddable":true,"href":"https:\/\/monatglobal.com\/fr\/wp-json\/wp\/v2\/users\/31"}],"replies":[{"embeddable":true,"href":"https:\/\/monatglobal.com\/fr\/wp-json\/wp\/v2\/comments?post=76814"}],"version-history":[{"count":28,"href":"https:\/\/monatglobal.com\/fr\/wp-json\/wp\/v2\/pages\/76814\/revisions"}],"predecessor-version":[{"id":109344,"href":"https:\/\/monatglobal.com\/fr\/wp-json\/wp\/v2\/pages\/76814\/revisions\/109344"}],"wp:featuredmedia":[{"embeddable":true,"href":"https:\/\/monatglobal.com\/fr\/wp-json\/wp\/v2\/media\/76815"}],"wp:attachment":[{"href":"https:\/\/monatglobal.com\/fr\/wp-json\/wp\/v2\/media?parent=76814"}],"wp:term":[{"taxonomy":"category","embeddable":true,"href":"https:\/\/monatglobal.com\/fr\/wp-json\/wp\/v2\/categories?post=76814"},{"taxonomy":"post_tag","embeddable":true,"href":"https:\/\/monatglobal.com\/fr\/wp-json\/wp\/v2\/tags?post=76814"}],"curies":[{"name":"wp","href":"https:\/\/api.w.org\/{rel}","templated":true}]}}