{"id":76620,"date":"2023-06-07T16:24:54","date_gmt":"2023-06-07T16:24:54","guid":{"rendered":"https:\/\/monatglobal.com\/fr\/?page_id=76620"},"modified":"2026-02-13T21:44:59","modified_gmt":"2026-02-13T21:44:59","slug":"frizz-fix-smoothing-hair-primer","status":"publish","type":"page","link":"https:\/\/monatglobal.com\/fr\/frizz-fix-smoothing-hair-primer\/","title":{"rendered":"Anti-frisottis lissant MONAT STUDIO ONE\u2122"},"content":{"rendered":"\n\n\t<link rel=\"stylesheet\" href=\"https:\/\/cdn.jsdelivr.net\/npm\/swiper@8\/swiper-bundle.min.css\" \/>\n<link rel=\"stylesheet\" href=\"https:\/\/monatglobal.com\/wp-content\/creative_css\/product_styles_sheet.css\" \/> \n    <!--==================================================== ECOMM SECTION ====================================================-->\n        <!--==================================================== Ecomm image ====================================================-->\n        <img decoding=\"async\" src=\"https:\/\/monatglobal.com\/fr\/wp-content\/uploads\/2023\/01\/Frizz-fix-smoothing-hair-primer-e_comm-min.png\" alt=\"Product shot of MONAT STUDIO ONE\u2122 Frizz fix smoothing hair primer\" loading=\"lazy\"\/>\n        <!--==================================================== Ecomm information  ====================================================-->\n            \n            <h1>Anti-frisottis lissant<\/h1>\n            <p>MONAT STUDIO ONE\u2122<\/p>\n            <p>Un traitement pr\u00e9-coiffage qui aide \u00e0 contr\u00f4ler les frisottis et \u00e0 lutter contre l&#8217;humidit\u00e9.<\/p> \n            <p>127 ml \u212e 4,3 oz liq.<\/p>\n         <!--==================================================== pricing box  ====================================================-->   \n         <p>Prix de d\u00e9tail<br \/>00.00 \u20ac<\/p>\n         <p>Prix de client VIP<br \/>00.00 \u20ac<\/p>\n         <!--==================================================== pricing box  ====================================================-->   \n            <p>Pour en savoir plus sur le Anti-frisottis lissant MONAT STUDIO ONE\u2122, veuillez contacter votre Partenaire de March\u00e9 MONAT.<\/p>\n      <a href=\"\" target=\"_blank\" role=\"button\" aria-label=\"\" rel=\"noopener\"><\/a>\n    <!--==================================================== \/ECOMM SECTION  ====================================================-->\n   <!--==================================================== Benefits image ====================================================-->\n   \n      <source media=\"(max-width: 700px)\" srcset=\"https:\/\/monatglobal.com\/fr\/wp-content\/uploads\/2023\/01\/Frizz-fix-benefits-mobile.jpg\" loading=\"lazy\"\/>\n      <img decoding=\"async\" alt=\"curly hair female holding a Monat studio one product in front her face\" \n      src=\"https:\/\/monatglobal.com\/wp-content\/uploads\/2023\/01\/Frizz-fix-smoothing-hair-primer-benefits-desk.jpg\" loading=\"lazy\"\/>\n   \n    <!--==================================================== Benefits text ====================================================-->\n            <h2>BIENFAITS<\/h2>\n            <h3>Obtenez des cheveux lisses et soyeux pendant 12 heures gr\u00e2ce \u00e0 cette cr\u00e8me hydratante, l\u00e9g\u00e8re et anti-frisottis.<\/h3>\n            <p>Id\u00e9ale pour tous les types et textures de cheveux, sans danger pour les cheveux color\u00e9s. Test\u00e9e en allergologie et en dermatologie.<\/p>\n            <!--==================================================== features image  ====================================================-->\n            <img decoding=\"async\" alt=\"Monat studio one Frizz fix Smoothing hair primer surrounded by key ingredients\" src=\"https:\/\/monatglobal.com\/wp-content\/uploads\/2023\/01\/Frizz-fix-smoothing-hairprimer-features.jpg\" loading=\"lazy\"\/>\n        <!--==================================================== features text ====================================================-->\n                <h3>Caract\u00e9ristiques<\/h3>\n                    <p>\/ Bloque les frisottis et l&#8217;humidit\u00e9 \u00e9lev\u00e9e<\/p>\n                    <p>\/ Donne un aspect lisse<\/p>\n                    <p>\/ Laisse les cheveux nourris, revitalis\u00e9s et plus hydrat\u00e9s pendant 12 heures <\/p>\n                    \n                    <br \/>\n                <p>Parfum \/ Des fruits s\u00e9duisants \u00e9clatent de douceur dans ce parfum inspir\u00e9 des confitures, avec des notes de p\u00eache, de mangue, d&#8217;orange et de grenade, att\u00e9nu\u00e9es par la sauge sclar\u00e9e, le jasmin et la vanille cr\u00e9meuse.<\/p>\n                <p> Texture \/ Cr\u00e8me l\u00e9g\u00e8re et hydratante<\/p>\n    <!--==================================================== composition image mobile ====================================================-->\n    <img decoding=\"async\" alt=\" frizz fix smoothing hair primer placed on a circular marble plate.\" src=\"https:\/\/monatglobal.com\/wp-content\/uploads\/2023\/01\/Frizz-fix-hairprimer-comp1.jpg\" loading=\"lazy\"\/>\n    <!--==================================================== Why it works text ====================================================-->\n        <h2>VOUS LUTTEZ CONTRE LES FRISOTTIS ? ADOUCISSONS LES CHOSES.<\/h2>\n        <h3>Cet appr\u00eat pr\u00e9-coiffage cr\u00e9e un bouclier l\u00e9ger qui bloque l&#8217;humidit\u00e9 et lisse chaque m\u00e8che pour un look sans frisottis qui dure jusqu&#8217;\u00e0 12 heures.<\/h3>\n<!--==================================================== Composition section ====================================================-->\n        <img decoding=\"async\" alt=\" frizz fix smoothing hair primer placed on a circular marble plate.\" src=\"https:\/\/monatglobal.com\/wp-content\/uploads\/2023\/01\/Frizz-fix-hairprimer-comp1.jpg\" loading=\"lazy\"\/>\n        <img decoding=\"async\" alt=\"Curly hair female holding a monat studio one product in front of her chest overlaying a shot of the product texture\" src=\"https:\/\/monatglobal.com\/wp-content\/uploads\/2023\/01\/frizz-fix-smoothing-hairprimer-comp2.jpg\" loading=\"lazy\"\/>\n                <!--==================================================== Directions text ====================================================--> \n                    <h3>Mode d&#8217;emploi<\/h3>\n                        <p>\/ Appliquez sur les cheveux propres et essor\u00e9s pour les pr\u00e9parer au coiffage.<\/p>\n                        <p>\/ Coiffer comme d&#8217;habitude.<\/p>\n                <!--==================================================== Directions video ====================================================-->\n        <p>Damage Repair <br \/>Bond-Fortifying Hair Leave-In Cr\u00e8me  <br \/>1:28<\/p>\n  <a href=\"\" target=\"_blank\" role=\"button\" aria-label=\"\" rel=\"noopener\"><\/a>\n    <!--==================================================== Ingredients section  ====================================================--> \n        <h2>PRINCIPAUX INGR\u00c9DIENTS<\/h2>\n                    <img decoding=\"async\" src=\"https:\/\/monatglobal.com\/wp-content\/uploads\/2022\/11\/FIXATE\u2122-PLUS.svg\" alt=\"FIXATE\u2122 PLUS\"\/>\n                    <p>Fixate<sup>\u2122<\/sup> Plus<sup>\u2122<\/sup><\/p>\n                    <img decoding=\"async\" src=\"https:\/\/monatglobal.com\/wp-content\/uploads\/2022\/11\/Amino-Acid-Complex.svg\" alt=\"Amino Acid&nbsp;Complex\"\/>\n                    <p>COMPLEXE D&#8217;ACIDES AMIN\u00c9S<\/p>\n                    <img decoding=\"async\" src=\"https:\/\/monatglobal.com\/wp-content\/uploads\/2022\/11\/Plant-based-Silicone-Alternative.svg\" alt=\"Plant-based Silicone&nbsp;Alternative\"\/>\n                    <p>Plant-based Silicone Alternative<\/p>\n        <button id=\"myBtn\" type=\"button\">LISTE D&#8217;INGR\u00c9DIENTS<\/button>\n        <!--==================================================== Modal content  ====================================================-->\n            &times;\n            <p>Aqua\/Water\/Eau, Polyquaternium-69, Diheptyl Succinate, Capryloyl Glycerin\/Sebacic Acid Copolymer, Coconut Alkanes, Polyacrylate-14, Serine, Threonine, Arginine HCl, Wheat Amino Acids, Soy Amino Acids, Tocopherol, Coco-Caprylate\/Caprate, Aminomethyl Propanol, Fragrance\/Parfum, Ethylhexylglycerin, Benzyl Alcohol, Linalool, Limonene.<\/p>\n    <!--==================================================== You might also like section ====================================================-->\n        <h2>VOUS POURRIEZ AUSSI AIMER<\/h2>\n        <!--==================================================== Slider YOU MIGHT ALSO LIKE ====================================================-->\n        <!---->\n        <!--    -->\n                <!--==================================================== Slides products ====================================================-->\n        <!--                        -->\n        <!--            <a href=\"https:\/\/monatglobal.com\/fr\/renew-shampoo\/\" aria-label=\"Go to Shampooing Renew\u2122 page\">-->\n        <!--                <img decoding=\"async\" src=\"https:\/\/monatglobal.com\/wp-content\/uploads\/2022\/06\/renew-shampoo-e-comm.png\" alt=\"Shampooing Renew\u2122\" loading=\"lazy\"\/>-->\n        <!--                <p> Shampooing<br \/>Renew\u2122 <\/p>-->\n        <!--            <\/a>-->\n        <!--        -->\n        <!--        -->\n        <!--            <a href=\"https:\/\/monatglobal.com\/fr\/restore-leave-in-conditioner\/\" aria-label=\"Go to APR\u00c8S-SHAMPOOING SANS RIN\u00c7AGE RESTORE\u2122 Shampoo page\">-->\n        <!--                <img decoding=\"async\" src=\"https:\/\/monatglobal.com\/nz\/wp-content\/uploads\/sites\/15\/2022\/10\/RESTORE-LEAVE-IN-CONDITIONER-ecomm.png\"alt=\"APR\u00c8S-SHAMPOOING SANS RIN\u00c7AGE RESTORE\u2122\" loading=\"lazy\"\/>-->\n        <!--                <p> APR\u00c8S-SHAMPOOING SANS<br \/> RIN\u00c7AGE RESTORE\u2122<\/p>-->\n        <!--            <\/a>-->\n        <!--        -->\n        <!--        -->\n        <!--            <a href=\"https:\/\/monatglobal.com\/fr\/blow-out-cream\/\" aria-label=\"Go to Cr\u00e8me pour brushing MONAT STUDIO ONE\u2122 page\">-->\n        <!--                <img decoding=\"async\" src=\"https:\/\/monatglobal.com\/wp-content\/uploads\/2022\/12\/blow-out-cream-e-comm-min.png\" alt=\"Cr\u00e8me pour brushing MONAT STUDIO ONE\u2122\" loading=\"lazy\"\/>-->\n        <!--                <p>Cr\u00e8me pour brushing<br \/>MONAT STUDIO ONE\u2122<\/p>-->\n        <!--            <\/a>-->\n        <!--        -->\n        <!--    -->\n            <!--================================================ If we need navigation buttons  ================================================-->\n        <!--    -->\n        <!--    -->\n            <!--==================================================== If we need paginations  ====================================================-->\n        <!--    -->\n        <!---->\n         <!--==================================================== If we need navigation buttons  ====================================================-->\n         <!--==================================================== If we need paginations  ====================================================-->\n    <a href=\"\" aria-label=\"\"><\/a>\n<!--================================================ this link has to go last for it to work   ================================================-->\n\n","protected":false},"excerpt":{"rendered":"<p>Anti-frisottis lissant MONAT STUDIO ONE\u2122 Un traitement pr\u00e9-coiffage qui aide \u00e0 contr\u00f4ler les frisottis et \u00e0 lutter contre l&#8217;humidit\u00e9. 127 ml \u212e 4,3 oz liq. Prix de d\u00e9tail00.00 \u20ac Prix de client VIP00.00 \u20ac Pour en savoir plus sur le Anti-frisottis lissant MONAT STUDIO ONE\u2122, veuillez contacter votre Partenaire de March\u00e9 MONAT. BIENFAITS Obtenez des&hellip;<\/p>\n","protected":false},"author":31,"featured_media":77170,"parent":0,"menu_order":0,"comment_status":"closed","ping_status":"closed","template":"","meta":{"inline_featured_image":false,"om_disable_all_campaigns":false,"_monsterinsights_skip_tracking":false,"_monsterinsights_sitenote_active":false,"_monsterinsights_sitenote_note":"","_monsterinsights_sitenote_category":0,"footnotes":""},"categories":[20],"tags":[],"class_list":["post-76620","page","type-page","status-publish","has-post-thumbnail","hentry","category-product-fr"],"aioseo_notices":[],"aioseo_head":"\n\t\t<!-- All in One SEO Pro 4.9.6 - aioseo.com -->\n\t<meta name=\"description\" content=\"Anti-frisottis lissant MONAT STUDIO ONE\u2122 Un traitement pr\u00e9-coiffage qui aide \u00e0 contr\u00f4ler les frisottis et \u00e0 lutter contre l&#039;humidit\u00e9. 127 ml \u212e 4,3 oz liq. Prix de d\u00e9tail00.00 \u20ac Prix de client VIP00.00 \u20ac Pour en savoir plus sur le Anti-frisottis lissant MONAT STUDIO ONE\u2122, veuillez contacter votre Partenaire de March\u00e9 MONAT. BIENFAITS Obtenez des\" \/>\n\t<meta name=\"robots\" content=\"noindex, nofollow, max-image-preview:large\" \/>\n\t<link rel=\"canonical\" href=\"https:\/\/monatglobal.com\/fr\/frizz-fix-smoothing-hair-primer\/\" \/>\n\t<meta name=\"generator\" content=\"All in One SEO Pro (AIOSEO) 4.9.6\" \/>\n\t\t<meta property=\"og:locale\" content=\"en_US\" \/>\n\t\t<meta property=\"og:site_name\" content=\"MONAT France - We Are Modern Nature\u2122\" \/>\n\t\t<meta property=\"og:type\" content=\"article\" \/>\n\t\t<meta property=\"og:title\" content=\"Anti-frisottis lissant MONAT STUDIO ONE\u2122 - MONAT France\" \/>\n\t\t<meta property=\"og:description\" content=\"Anti-frisottis lissant MONAT STUDIO ONE\u2122 Un traitement pr\u00e9-coiffage qui aide \u00e0 contr\u00f4ler les frisottis et \u00e0 lutter contre l&#039;humidit\u00e9. 127 ml \u212e 4,3 oz liq. Prix de d\u00e9tail00.00 \u20ac Prix de client VIP00.00 \u20ac Pour en savoir plus sur le Anti-frisottis lissant MONAT STUDIO ONE\u2122, veuillez contacter votre Partenaire de March\u00e9 MONAT. BIENFAITS Obtenez des\" \/>\n\t\t<meta property=\"og:url\" content=\"https:\/\/monatglobal.com\/fr\/frizz-fix-smoothing-hair-primer\/\" \/>\n\t\t<meta property=\"article:published_time\" content=\"2023-06-07T16:24:54+00:00\" \/>\n\t\t<meta property=\"article:modified_time\" content=\"2026-02-13T21:44:59+00:00\" \/>\n\t\t<meta name=\"twitter:card\" content=\"summary_large_image\" \/>\n\t\t<meta name=\"twitter:title\" content=\"Anti-frisottis lissant MONAT STUDIO ONE\u2122 - MONAT France\" \/>\n\t\t<meta name=\"twitter:description\" content=\"Anti-frisottis lissant MONAT STUDIO ONE\u2122 Un traitement pr\u00e9-coiffage qui aide \u00e0 contr\u00f4ler les frisottis et \u00e0 lutter contre l&#039;humidit\u00e9. 127 ml \u212e 4,3 oz liq. Prix de d\u00e9tail00.00 \u20ac Prix de client VIP00.00 \u20ac Pour en savoir plus sur le Anti-frisottis lissant MONAT STUDIO ONE\u2122, veuillez contacter votre Partenaire de March\u00e9 MONAT. BIENFAITS Obtenez des\" \/>\n\t\t<script type=\"application\/ld+json\" class=\"aioseo-schema\">\n\t\t\t{\"@context\":\"https:\\\/\\\/schema.org\",\"@graph\":[{\"@type\":\"BreadcrumbList\",\"@id\":\"https:\\\/\\\/monatglobal.com\\\/fr\\\/frizz-fix-smoothing-hair-primer\\\/#breadcrumblist\",\"itemListElement\":[{\"@type\":\"ListItem\",\"@id\":\"https:\\\/\\\/monatglobal.com\\\/fr#listItem\",\"position\":1,\"name\":\"Home\",\"item\":\"https:\\\/\\\/monatglobal.com\\\/fr\",\"nextItem\":{\"@type\":\"ListItem\",\"@id\":\"https:\\\/\\\/monatglobal.com\\\/fr\\\/frizz-fix-smoothing-hair-primer\\\/#listItem\",\"name\":\"Anti-frisottis lissant MONAT STUDIO ONE\\u2122\"}},{\"@type\":\"ListItem\",\"@id\":\"https:\\\/\\\/monatglobal.com\\\/fr\\\/frizz-fix-smoothing-hair-primer\\\/#listItem\",\"position\":2,\"name\":\"Anti-frisottis lissant MONAT STUDIO ONE\\u2122\",\"previousItem\":{\"@type\":\"ListItem\",\"@id\":\"https:\\\/\\\/monatglobal.com\\\/fr#listItem\",\"name\":\"Home\"}}]},{\"@type\":\"Organization\",\"@id\":\"https:\\\/\\\/monatglobal.com\\\/fr\\\/#organization\",\"name\":\"MONAT France\",\"description\":\"We Are Modern Nature\\u2122\",\"url\":\"https:\\\/\\\/monatglobal.com\\\/fr\\\/\"},{\"@type\":\"WebPage\",\"@id\":\"https:\\\/\\\/monatglobal.com\\\/fr\\\/frizz-fix-smoothing-hair-primer\\\/#webpage\",\"url\":\"https:\\\/\\\/monatglobal.com\\\/fr\\\/frizz-fix-smoothing-hair-primer\\\/\",\"name\":\"Anti-frisottis lissant MONAT STUDIO ONE\\u2122 - MONAT France\",\"description\":\"Anti-frisottis lissant MONAT STUDIO ONE\\u2122 Un traitement pr\\u00e9-coiffage qui aide \\u00e0 contr\\u00f4ler les frisottis et \\u00e0 lutter contre l'humidit\\u00e9. 127 ml \\u212e 4,3 oz liq. Prix de d\\u00e9tail00.00 \\u20ac Prix de client VIP00.00 \\u20ac Pour en savoir plus sur le Anti-frisottis lissant MONAT STUDIO ONE\\u2122, veuillez contacter votre Partenaire de March\\u00e9 MONAT. BIENFAITS Obtenez des\",\"inLanguage\":\"en-US\",\"isPartOf\":{\"@id\":\"https:\\\/\\\/monatglobal.com\\\/fr\\\/#website\"},\"breadcrumb\":{\"@id\":\"https:\\\/\\\/monatglobal.com\\\/fr\\\/frizz-fix-smoothing-hair-primer\\\/#breadcrumblist\"},\"image\":{\"@type\":\"ImageObject\",\"url\":\"https:\\\/\\\/monatglobal.com\\\/fr\\\/wp-content\\\/uploads\\\/sites\\\/19\\\/2023\\\/06\\\/Frizz-fix-smoothing-hair-primer-e_comm-min.png\",\"@id\":\"https:\\\/\\\/monatglobal.com\\\/fr\\\/frizz-fix-smoothing-hair-primer\\\/#mainImage\",\"width\":641,\"height\":800},\"primaryImageOfPage\":{\"@id\":\"https:\\\/\\\/monatglobal.com\\\/fr\\\/frizz-fix-smoothing-hair-primer\\\/#mainImage\"},\"datePublished\":\"2023-06-07T16:24:54+01:00\",\"dateModified\":\"2026-02-13T21:44:59+00:00\"},{\"@type\":\"WebSite\",\"@id\":\"https:\\\/\\\/monatglobal.com\\\/fr\\\/#website\",\"url\":\"https:\\\/\\\/monatglobal.com\\\/fr\\\/\",\"name\":\"MONAT France\",\"description\":\"We Are Modern Nature\\u2122\",\"inLanguage\":\"en-US\",\"publisher\":{\"@id\":\"https:\\\/\\\/monatglobal.com\\\/fr\\\/#organization\"}}]}\n\t\t<\/script>\n\t\t<!-- All in One SEO Pro -->\r\n\t\t<title>Anti-frisottis lissant MONAT STUDIO ONE\u2122 - MONAT France<\/title>\n\n","aioseo_head_json":{"title":"Anti-frisottis lissant MONAT STUDIO ONE\u2122 - MONAT France","description":"Anti-frisottis lissant MONAT STUDIO ONE\u2122 Un traitement pr\u00e9-coiffage qui aide \u00e0 contr\u00f4ler les frisottis et \u00e0 lutter contre l'humidit\u00e9. 127 ml \u212e 4,3 oz liq. Prix de d\u00e9tail00.00 \u20ac Prix de client VIP00.00 \u20ac Pour en savoir plus sur le Anti-frisottis lissant MONAT STUDIO ONE\u2122, veuillez contacter votre Partenaire de March\u00e9 MONAT. BIENFAITS Obtenez des","canonical_url":"https:\/\/monatglobal.com\/fr\/frizz-fix-smoothing-hair-primer\/","robots":"noindex, nofollow, max-image-preview:large","keywords":"","webmasterTools":{"miscellaneous":""},"schema":{"@context":"https:\/\/schema.org","@graph":[{"@type":"BreadcrumbList","@id":"https:\/\/monatglobal.com\/fr\/frizz-fix-smoothing-hair-primer\/#breadcrumblist","itemListElement":[{"@type":"ListItem","@id":"https:\/\/monatglobal.com\/fr#listItem","position":1,"name":"Home","item":"https:\/\/monatglobal.com\/fr","nextItem":{"@type":"ListItem","@id":"https:\/\/monatglobal.com\/fr\/frizz-fix-smoothing-hair-primer\/#listItem","name":"Anti-frisottis lissant MONAT STUDIO ONE\u2122"}},{"@type":"ListItem","@id":"https:\/\/monatglobal.com\/fr\/frizz-fix-smoothing-hair-primer\/#listItem","position":2,"name":"Anti-frisottis lissant MONAT STUDIO ONE\u2122","previousItem":{"@type":"ListItem","@id":"https:\/\/monatglobal.com\/fr#listItem","name":"Home"}}]},{"@type":"Organization","@id":"https:\/\/monatglobal.com\/fr\/#organization","name":"MONAT France","description":"We Are Modern Nature\u2122","url":"https:\/\/monatglobal.com\/fr\/"},{"@type":"WebPage","@id":"https:\/\/monatglobal.com\/fr\/frizz-fix-smoothing-hair-primer\/#webpage","url":"https:\/\/monatglobal.com\/fr\/frizz-fix-smoothing-hair-primer\/","name":"Anti-frisottis lissant MONAT STUDIO ONE\u2122 - MONAT France","description":"Anti-frisottis lissant MONAT STUDIO ONE\u2122 Un traitement pr\u00e9-coiffage qui aide \u00e0 contr\u00f4ler les frisottis et \u00e0 lutter contre l'humidit\u00e9. 127 ml \u212e 4,3 oz liq. Prix de d\u00e9tail00.00 \u20ac Prix de client VIP00.00 \u20ac Pour en savoir plus sur le Anti-frisottis lissant MONAT STUDIO ONE\u2122, veuillez contacter votre Partenaire de March\u00e9 MONAT. BIENFAITS Obtenez des","inLanguage":"en-US","isPartOf":{"@id":"https:\/\/monatglobal.com\/fr\/#website"},"breadcrumb":{"@id":"https:\/\/monatglobal.com\/fr\/frizz-fix-smoothing-hair-primer\/#breadcrumblist"},"image":{"@type":"ImageObject","url":"https:\/\/monatglobal.com\/fr\/wp-content\/uploads\/sites\/19\/2023\/06\/Frizz-fix-smoothing-hair-primer-e_comm-min.png","@id":"https:\/\/monatglobal.com\/fr\/frizz-fix-smoothing-hair-primer\/#mainImage","width":641,"height":800},"primaryImageOfPage":{"@id":"https:\/\/monatglobal.com\/fr\/frizz-fix-smoothing-hair-primer\/#mainImage"},"datePublished":"2023-06-07T16:24:54+01:00","dateModified":"2026-02-13T21:44:59+00:00"},{"@type":"WebSite","@id":"https:\/\/monatglobal.com\/fr\/#website","url":"https:\/\/monatglobal.com\/fr\/","name":"MONAT France","description":"We Are Modern Nature\u2122","inLanguage":"en-US","publisher":{"@id":"https:\/\/monatglobal.com\/fr\/#organization"}}]},"og:locale":"en_US","og:site_name":"MONAT France - We Are Modern Nature\u2122","og:type":"article","og:title":"Anti-frisottis lissant MONAT STUDIO ONE\u2122 - MONAT France","og:description":"Anti-frisottis lissant MONAT STUDIO ONE\u2122 Un traitement pr\u00e9-coiffage qui aide \u00e0 contr\u00f4ler les frisottis et \u00e0 lutter contre l'humidit\u00e9. 127 ml \u212e 4,3 oz liq. Prix de d\u00e9tail00.00 \u20ac Prix de client VIP00.00 \u20ac Pour en savoir plus sur le Anti-frisottis lissant MONAT STUDIO ONE\u2122, veuillez contacter votre Partenaire de March\u00e9 MONAT. BIENFAITS Obtenez des","og:url":"https:\/\/monatglobal.com\/fr\/frizz-fix-smoothing-hair-primer\/","article:published_time":"2023-06-07T16:24:54+00:00","article:modified_time":"2026-02-13T21:44:59+00:00","twitter:card":"summary_large_image","twitter:title":"Anti-frisottis lissant MONAT STUDIO ONE\u2122 - MONAT France","twitter:description":"Anti-frisottis lissant MONAT STUDIO ONE\u2122 Un traitement pr\u00e9-coiffage qui aide \u00e0 contr\u00f4ler les frisottis et \u00e0 lutter contre l'humidit\u00e9. 127 ml \u212e 4,3 oz liq. Prix de d\u00e9tail00.00 \u20ac Prix de client VIP00.00 \u20ac Pour en savoir plus sur le Anti-frisottis lissant MONAT STUDIO ONE\u2122, veuillez contacter votre Partenaire de March\u00e9 MONAT. BIENFAITS Obtenez des"},"aioseo_meta_data":{"post_id":"76620","title":null,"description":null,"keywords":null,"keyphrases":null,"primary_term":null,"canonical_url":null,"og_title":null,"og_description":null,"og_object_type":"default","og_image_type":"default","og_image_url":null,"og_image_width":null,"og_image_height":null,"og_image_custom_url":null,"og_image_custom_fields":null,"og_video":null,"og_custom_url":null,"og_article_section":null,"og_article_tags":null,"twitter_use_og":false,"twitter_card":"default","twitter_image_type":"default","twitter_image_url":null,"twitter_image_custom_url":null,"twitter_image_custom_fields":null,"twitter_title":null,"twitter_description":null,"schema":{"blockGraphs":[],"customGraphs":[],"default":{"data":{"Article":[],"Course":[],"Dataset":[],"FAQPage":[],"Movie":[],"Person":[],"Product":[],"ProductReview":[],"Car":[],"Recipe":[],"Service":[],"SoftwareApplication":[],"WebPage":[]},"graphName":"WebPage","isEnabled":true},"graphs":[]},"schema_type":"default","schema_type_options":null,"pillar_content":false,"robots_default":true,"robots_noindex":false,"robots_noarchive":false,"robots_nosnippet":false,"robots_nofollow":false,"robots_noimageindex":false,"robots_noodp":false,"robots_notranslate":false,"robots_max_snippet":null,"robots_max_videopreview":null,"robots_max_imagepreview":"large","priority":null,"frequency":null,"local_seo":null,"seo_analyzer_scan_date":"2026-02-13 21:57:24","breadcrumb_settings":null,"limit_modified_date":false,"reviewed_by":null,"open_ai":null,"ai":null,"created":"2023-07-26 00:12:52","updated":"2026-02-13 21:57:24"},"aioseo_breadcrumb":"<div class=\"aioseo-breadcrumbs\"><span class=\"aioseo-breadcrumb\">\n\t<a href=\"https:\/\/monatglobal.com\/fr\" title=\"Home\">Home<\/a>\n<\/span><span class=\"aioseo-breadcrumb-separator\">&raquo;<\/span><span class=\"aioseo-breadcrumb\">\n\tAnti-frisottis lissant MONAT STUDIO ONE\u2122\n<\/span><\/div>","aioseo_breadcrumb_json":[{"label":"Home","link":"https:\/\/monatglobal.com\/fr"},{"label":"Anti-frisottis lissant MONAT STUDIO ONE\u2122","link":"https:\/\/monatglobal.com\/fr\/frizz-fix-smoothing-hair-primer\/"}],"_links":{"self":[{"href":"https:\/\/monatglobal.com\/fr\/wp-json\/wp\/v2\/pages\/76620","targetHints":{"allow":["GET"]}}],"collection":[{"href":"https:\/\/monatglobal.com\/fr\/wp-json\/wp\/v2\/pages"}],"about":[{"href":"https:\/\/monatglobal.com\/fr\/wp-json\/wp\/v2\/types\/page"}],"author":[{"embeddable":true,"href":"https:\/\/monatglobal.com\/fr\/wp-json\/wp\/v2\/users\/31"}],"replies":[{"embeddable":true,"href":"https:\/\/monatglobal.com\/fr\/wp-json\/wp\/v2\/comments?post=76620"}],"version-history":[{"count":23,"href":"https:\/\/monatglobal.com\/fr\/wp-json\/wp\/v2\/pages\/76620\/revisions"}],"predecessor-version":[{"id":109354,"href":"https:\/\/monatglobal.com\/fr\/wp-json\/wp\/v2\/pages\/76620\/revisions\/109354"}],"wp:featuredmedia":[{"embeddable":true,"href":"https:\/\/monatglobal.com\/fr\/wp-json\/wp\/v2\/media\/77170"}],"wp:attachment":[{"href":"https:\/\/monatglobal.com\/fr\/wp-json\/wp\/v2\/media?parent=76620"}],"wp:term":[{"taxonomy":"category","embeddable":true,"href":"https:\/\/monatglobal.com\/fr\/wp-json\/wp\/v2\/categories?post=76620"},{"taxonomy":"post_tag","embeddable":true,"href":"https:\/\/monatglobal.com\/fr\/wp-json\/wp\/v2\/tags?post=76620"}],"curies":[{"name":"wp","href":"https:\/\/api.w.org\/{rel}","templated":true}]}}