{"id":76514,"date":"2023-06-05T20:55:16","date_gmt":"2023-06-05T20:55:16","guid":{"rendered":"https:\/\/monatglobal.com\/fr\/?page_id=76514"},"modified":"2026-02-13T21:27:04","modified_gmt":"2026-02-13T21:27:04","slug":"hair-thermal-protectant","status":"publish","type":"page","link":"https:\/\/monatglobal.com\/fr\/hair-thermal-protectant\/","title":{"rendered":"Spray thermoprotecteur MONAT STUDIO ONE\u2122"},"content":{"rendered":"\n\n\t<link rel=\"stylesheet\" href=\"https:\/\/cdn.jsdelivr.net\/npm\/swiper@8\/swiper-bundle.min.css\" \/>\n<link rel=\"stylesheet\" href=\"https:\/\/monatglobal.com\/wp-content\/creative_css\/product_styles_sheet.css\" \/> \n   <!--==================================================== ECOMM SECTION ====================================================-->\n      <!--==================================================== Ecomm image ====================================================-->\n      <img decoding=\"async\" src=\"https:\/\/monatglobal.com\/wp-content\/uploads\/2022\/12\/Heat-protectant-spray_ecomm-min.png\" alt=\"Product shot of MONAT STUDIO ONE\u2122 Heat protectant spray\" loading=\"lazy\"\/>\n      <!--==================================================== Ecomm information  ====================================================-->\n         \n            <h1>Spray<br \/>thermoprotecteur<\/h1>\n         <p>MONAT STUDIO ONE\u2122<\/p>\n         <p>Un l\u00e9ger spray thermoprotecteur qui prot\u00e8ge et renforce les cheveux tout en offrant une m\u00e9moire de&nbsp;forme.<\/p> \n         <p>134 ml \u212e 4,5 oz liq.<\/p>\n     <!--==================================================== pricing box  ====================================================-->\n         <p>Prix de d\u00e9tail<br \/>00.00 \u20ac<\/p>\n         <p>Prix de client VIP<br \/>00.00 \u20ac<\/p>\n      <!--==================================================== pricing box  ====================================================-->     \n         <p>Pour en savoir plus sur le Spray thermoprotecteur MONAT STUDIO ONE\u2122, veuillez contacter votre Partenaire de March\u00e9&nbsp;MONAT.<\/p>\n      <a href=\"\" target=\"_blank\" role=\"button\" aria-label=\"\" rel=\"noopener\"><\/a>\n   <!--==================================================== \/ECOMM SECTION  ====================================================-->\n   <!--==================================================== Benefits image ====================================================-->\n   \n      <source media=\"(max-width: 700px)\" srcset=\"https:\/\/monatglobal.com\/wp-content\/uploads\/2023\/01\/Heat-protectant-spray-benefits-mobile.jpg\" loading=\"lazy\"\/>\n      <img decoding=\"async\" alt=\"blond female holding a Monat studio one product in front her face\" \n      src=\"https:\/\/monatglobal.com\/wp-content\/uploads\/2023\/01\/Heat-protectant-spray-benefits-desk.jpg\" loading=\"lazy\"\/>\n   \n   <!--==================================================== Benefits text ====================================================-->\n         <h2>BIENFAITS<\/h2>\n         <h3>Augmentez la maniabilit\u00e9 et r\u00e9duisez la r\u00e9sistance pendant le coiffage gr\u00e2ce \u00e0 ce l\u00e9ger spray sans rin\u00e7age qui prot\u00e8ge les cheveux jusqu&#8217;\u00e0 232 \u00b0C (450 \u00b0F) pendant l&#8217;utilisation du s\u00e8che-cheveux, du fer \u00e0 friser ou du fer&nbsp;plat.<\/h3>\n         \n         <!--==================================================== features image  ====================================================-->\n         <img decoding=\"async\" alt=\"Monat studio one Heat protectant product placed on top of  seeds, surrounded by orange, and mango slices.\" \n         src=\"https:\/\/monatglobal.com\/wp-content\/uploads\/2023\/01\/Heat-protectant-spray-features.jpg\" loading=\"lazy\"\/>\n      <!--==================================================== features text ====================================================-->\n            <h3>Caract\u00e9ristiques<\/h3>\n               <p>\/ Ce produit contient une prot\u00e9ine v\u00e9g\u00e9tale qui aide \u00e0 prot\u00e9ger les cheveux jusqu&#8217;\u00e0 232 \u00b0C (450&nbsp;\u00b0F)<\/p>\n               <p>\/ L&#8217;extrait de Cystoseira compressa\/d\u00e9riv\u00e9 d&#8217;algue brune est connu pour reconstituer la fibre de la k\u00e9ratine et prot\u00e9ger les cheveux contre les dommages&nbsp;thermiques<\/p>\n               <p>\/ Ce produit peut \u00eatre appliqu\u00e9 sur cheveux humides avant d&#8217;utiliser le s\u00e8che-cheveux ou sur cheveux secs avant d&#8217;utiliser le fer \u00e0 friser ou fer&nbsp;plat<\/p>\n               <p>*Based on instrumental tests by a third-party&nbsp;laboratory.<\/p>\n               <br \/>\n            <p>Parfum \/ Un m\u00e9lange all\u00e9chant de fruits s&#8217;inspirant de confiture aux notes de p\u00eache, de mangue, d&#8217;orange et de grenade, rehauss\u00e9 de sauge sclar\u00e9e, de jasmin et de vanille&nbsp;cr\u00e9meuse.<\/p>\n            <p> Texture \/ Vaporisateur&nbsp;liquide<\/p>\n   <!--==================================================== composition image mobile ====================================================-->\n   <img decoding=\"async\" alt=\"Heat protectant spray placed on a round plate surrounded by other Monat studio one products\" src=\"https:\/\/monatglobal.com\/wp-content\/uploads\/2023\/01\/Heat-protectant-spray-comp1.jpg\" loading=\"lazy\"\/>\n   <!--==================================================== Why it works text ====================================================-->\n      <h2>UN M\u00c9LANGE EXCLUSIF D&#8217;INGR\u00c9DIENTS PROTECTEURS PROT\u00c8GE LES CHEVEUX AVANT L&#8217;UTILISATION D&#8217;OUTILS CHAUFFANTS, SANS LES&nbsp;ALOURDIR.<\/h2>\n      <h3>Prot\u00e9gez, r\u00e9g\u00e9n\u00e9rez et renforcez les cheveux gr\u00e2ce \u00e0 un m\u00e9lange de prot\u00e9ines v\u00e9g\u00e9tales, d&#8217;extrait de pois et d&#8217;extrait d&#8217;algues pour permettre un coiffage en toute s\u00e9curit\u00e9 lorsque vous utilisez le s\u00e8che-cheveux, le fer \u00e0 friser ou le fer&nbsp;plat.<\/h3>\n<!--==================================================== Composition section ====================================================-->\n      <img decoding=\"async\" alt=\"Heat protectant spray placed on a round plate surrounded by other Monat studio one products\" src=\"https:\/\/monatglobal.com\/wp-content\/uploads\/2023\/01\/Heat-protectant-spray-comp1.jpg\" loading=\"lazy\"\/>\n      <img decoding=\"async\" alt=\"Blond female smiling overlaying a purple texture.\" src=\"https:\/\/monatglobal.com\/wp-content\/uploads\/2023\/01\/Heat-protectant-spray-comp2.jpg\" loading=\"lazy\"\/>\n            <!--==================================================== Directions text ====================================================--> \n                    <h3>Mode d&#8217;emploi<\/h3>\n                        <p>\/ Appliquer sur cheveux propres et&nbsp;essor\u00e9s. <\/p>\n                        <p>\/ S\u00e9cher au s\u00e8che-cheveux et coiffer comme&nbsp;d&#8217;habitude.<\/p>\n                        <p>*Peut aussi s&#8217;appliquer sur cheveux secs avant l&#8217;utilisation d&#8217;outils&nbsp;coiffants.<\/p>\n            <!--==================================================== Directions video ====================================================-->\n      <p>MONAT STUDIO ONE\u2122<br \/>Heat Protectant Spray<br \/>1:28<\/p>\n  <a href=\"\" target=\"_blank\" role=\"button\" aria-label=\"\" rel=\"noopener\"><\/a>\n   <!--==================================================== Ingredients section  ====================================================--> \n        <h2>PRINCIPAUX INGR\u00c9DIENTS<\/h2>\n                    <img decoding=\"async\" src=\"https:\/\/monatglobal.com\/wp-content\/uploads\/2022\/11\/Hydrolyzed-Plant-Protein-.svg\" alt=\"Hydrolyzed Plant&nbsp;Protein\"\/>\n                   <p>Prot\u00e9ine v\u00e9g\u00e9tale<sup>\u2122<\/sup><\/p>\n                    <img decoding=\"async\" src=\"https:\/\/monatglobal.com\/wp-content\/uploads\/2022\/11\/Pea-extract.svg\" alt=\"Pea Extract\"\/>\n                   <p>Extrait de pois <\/p>\n                    <img decoding=\"async\" src=\"https:\/\/monatglobal.com\/wp-content\/uploads\/2022\/11\/A-Derivative-Of-Algae.svg\" alt=\"A Derivative Of&nbsp;Algae\"\/>\n                   <p>D\u00e9riv\u00e9 d&#8217;algue brune<\/p>\n        <button id=\"myBtn\" type=\"button\">LISTE D&#8217;INGR\u00c9DIENTS<\/button>\n      <!--==================================================== Modal content  ====================================================-->\n         &times;\n         <p>Aqua\/Water\/Eau, Alcohol Denat., Fragrance\/Parfum, Laurdimonium Hydroxypropyl Hydrolyzed Barley Protein, Salvia Hispanica Seed Extract, Linum Usitatissimum (Linseed) Seed Extract, Pisum Sativum (Pea) Extract, Cystoseira Compressa Extract, Camellia Sinensis Leaf Extract, Panthenol, Cinnamidopropyltrimonium Chloride, Polyquartenium-39, Glycerin, Galactoarabinan, Trehalose, Xylitol, Sclerotium Gum, Zea Mays Starch, Polyacrylate-1 Crosspolymer, Sodium Phosphate, Citric Acid, Limonene, Linalool.<\/p>\n   <!--==================================================== You might also like section ====================================================-->\n      <h2>VOUS POURRIEZ AUSSI AIMER<\/h2>\n      <!--==================================================== Slider YOU MIGHT ALSO LIKE ====================================================-->\n      <!---->\n      <!--   -->\n            <!--==================================================== Slides products ====================================================-->\n      <!--      -->\n      <!--         <a href=\"https:\/\/monatglobal.com\/fr\/blow-out-cream\/\" aria-label=\"Go to Cr\u00e8me pour brushing MONAT STUDIO ONE\u2122 page\">-->\n      <!--            <img decoding=\"async\" src=\"https:\/\/monatglobal.com\/wp-content\/uploads\/2022\/12\/blow-out-cream-e-comm-min.png\" alt=\"Cr\u00e8me pour brushing MONAT STUDIO ONE\u2122\" loading=\"lazy\"\/>-->\n      <!--            <p>Cr\u00e8me pour brushing<br \/>MONAT STUDIO ONE\u2122<\/p>-->\n      <!--         <\/a>-->\n      <!--      -->\n      <!--      -->\n      <!--         <a href=\"https:\/\/monatglobal.com\/fr\/moxie-magnifying-mousse\/\" aria-label=\"Go to MOUSSE AMPLIFIANTE THE MOXIE\u2122 MONAT STUDIO ONE\u2122 page\">-->\n      <!--            <img decoding=\"async\" src=\"https:\/\/monatglobal.com\/wp-content\/uploads\/2021\/07\/THE-MOXIE-MAGNIFYING-MOUSSE.png\" alt=\"MOUSSE AMPLIFIANTE THE MOXIE\u2122 MONAT STUDIO ONE\u2122\" loading=\"lazy\"\/>-->\n      <!--            <p>MOUSSE AMPLIFIANTE THE MOXIE\u2122<br \/>MONAT STUDIO ONE\u2122<\/p>-->\n      <!--         <\/a>-->\n      <!--      -->\n      <!--      -->\n      <!--         <a href=\"https:\/\/monatglobal.com\/fr\/monat-black-shampoo-conditioner\/\" aria-label=\"Go to Shampooing + Apr\u00e8s-shampooing<br>MONAT BLACK\u2122 page\">-->\n      <!--            <img decoding=\"async\" src=\"https:\/\/monatglobal.com\/wp-content\/uploads\/2022\/05\/BLACK-2-in-1-Shampoo-Conditioner-ecomm-pic-.png\" alt=\"Shampooing + Apr\u00e8s-shampooing<br\/>MONAT BLACK\u2122\" loading=\"lazy\"\/>-->\n      <!--            <p>Shampooing + Apr\u00e8s-shampooing<br \/>MONAT BLACK\u2122<\/p>-->\n      <!--         <\/a>-->\n      <!--      -->\n      <!--   -->\n         <!--==================================================== If we need navigation buttons  ====================================================-->\n      <!--  -->\n      <!--   -->\n         <!--==================================================== If we need paginations  ====================================================-->\n      <!--   -->\n      <!---->\n         <!--==================================================== If we need navigation buttons  ====================================================-->\n         <!--==================================================== If we need paginations  ====================================================-->\n    <a href=\"\" aria-label=\"\"><\/a>\n<!--==================================================== this link has to go last for it to work   ====================================================-->\n\n","protected":false},"excerpt":{"rendered":"<p>Spraythermoprotecteur MONAT STUDIO ONE\u2122 Un l\u00e9ger spray thermoprotecteur qui prot\u00e8ge et renforce les cheveux tout en offrant une m\u00e9moire de&nbsp;forme. 134 ml \u212e 4,5 oz liq. Prix de d\u00e9tail00.00 \u20ac Prix de client VIP00.00 \u20ac Pour en savoir plus sur le Spray thermoprotecteur MONAT STUDIO ONE\u2122, veuillez contacter votre Partenaire de March\u00e9&nbsp;MONAT. BIENFAITS Augmentez la&hellip;<\/p>\n","protected":false},"author":31,"featured_media":77007,"parent":0,"menu_order":0,"comment_status":"closed","ping_status":"closed","template":"","meta":{"inline_featured_image":false,"om_disable_all_campaigns":false,"_monsterinsights_skip_tracking":false,"_monsterinsights_sitenote_active":false,"_monsterinsights_sitenote_note":"","_monsterinsights_sitenote_category":0,"footnotes":""},"categories":[20],"tags":[],"class_list":["post-76514","page","type-page","status-publish","has-post-thumbnail","hentry","category-product-fr"],"aioseo_notices":[],"aioseo_head":"\n\t\t<!-- All in One SEO Pro 4.9.6 - aioseo.com -->\n\t<meta name=\"description\" content=\"Spraythermoprotecteur MONAT STUDIO ONE\u2122 Un l\u00e9ger spray thermoprotecteur qui prot\u00e8ge et renforce les cheveux tout en offrant une m\u00e9moire de forme. 134 ml \u212e 4,5 oz liq. Prix de d\u00e9tail00.00 \u20ac Prix de client VIP00.00 \u20ac Pour en savoir plus sur le Spray thermoprotecteur MONAT STUDIO ONE\u2122, veuillez contacter votre Partenaire de March\u00e9 MONAT. BIENFAITS Augmentez la\" \/>\n\t<meta name=\"robots\" content=\"noindex, nofollow, max-image-preview:large\" \/>\n\t<link rel=\"canonical\" href=\"https:\/\/monatglobal.com\/fr\/hair-thermal-protectant\/\" \/>\n\t<meta name=\"generator\" content=\"All in One SEO Pro (AIOSEO) 4.9.6\" \/>\n\t\t<meta property=\"og:locale\" content=\"en_US\" \/>\n\t\t<meta property=\"og:site_name\" content=\"MONAT France - We Are Modern Nature\u2122\" \/>\n\t\t<meta property=\"og:type\" content=\"article\" \/>\n\t\t<meta property=\"og:title\" content=\"Spray thermoprotecteur MONAT STUDIO ONE\u2122 - MONAT France\" \/>\n\t\t<meta property=\"og:description\" content=\"Spraythermoprotecteur MONAT STUDIO ONE\u2122 Un l\u00e9ger spray thermoprotecteur qui prot\u00e8ge et renforce les cheveux tout en offrant une m\u00e9moire de forme. 134 ml \u212e 4,5 oz liq. Prix de d\u00e9tail00.00 \u20ac Prix de client VIP00.00 \u20ac Pour en savoir plus sur le Spray thermoprotecteur MONAT STUDIO ONE\u2122, veuillez contacter votre Partenaire de March\u00e9 MONAT. BIENFAITS Augmentez la\" \/>\n\t\t<meta property=\"og:url\" content=\"https:\/\/monatglobal.com\/fr\/hair-thermal-protectant\/\" \/>\n\t\t<meta property=\"article:published_time\" content=\"2023-06-05T20:55:16+00:00\" \/>\n\t\t<meta property=\"article:modified_time\" content=\"2026-02-13T21:27:04+00:00\" \/>\n\t\t<meta name=\"twitter:card\" content=\"summary_large_image\" \/>\n\t\t<meta name=\"twitter:title\" content=\"Spray thermoprotecteur MONAT STUDIO ONE\u2122 - MONAT France\" \/>\n\t\t<meta name=\"twitter:description\" content=\"Spraythermoprotecteur MONAT STUDIO ONE\u2122 Un l\u00e9ger spray thermoprotecteur qui prot\u00e8ge et renforce les cheveux tout en offrant une m\u00e9moire de forme. 134 ml \u212e 4,5 oz liq. Prix de d\u00e9tail00.00 \u20ac Prix de client VIP00.00 \u20ac Pour en savoir plus sur le Spray thermoprotecteur MONAT STUDIO ONE\u2122, veuillez contacter votre Partenaire de March\u00e9 MONAT. BIENFAITS Augmentez la\" \/>\n\t\t<script type=\"application\/ld+json\" class=\"aioseo-schema\">\n\t\t\t{\"@context\":\"https:\\\/\\\/schema.org\",\"@graph\":[{\"@type\":\"BreadcrumbList\",\"@id\":\"https:\\\/\\\/monatglobal.com\\\/fr\\\/hair-thermal-protectant\\\/#breadcrumblist\",\"itemListElement\":[{\"@type\":\"ListItem\",\"@id\":\"https:\\\/\\\/monatglobal.com\\\/fr#listItem\",\"position\":1,\"name\":\"Home\",\"item\":\"https:\\\/\\\/monatglobal.com\\\/fr\",\"nextItem\":{\"@type\":\"ListItem\",\"@id\":\"https:\\\/\\\/monatglobal.com\\\/fr\\\/hair-thermal-protectant\\\/#listItem\",\"name\":\"Spray thermoprotecteur MONAT STUDIO ONE\\u2122\"}},{\"@type\":\"ListItem\",\"@id\":\"https:\\\/\\\/monatglobal.com\\\/fr\\\/hair-thermal-protectant\\\/#listItem\",\"position\":2,\"name\":\"Spray thermoprotecteur MONAT STUDIO ONE\\u2122\",\"previousItem\":{\"@type\":\"ListItem\",\"@id\":\"https:\\\/\\\/monatglobal.com\\\/fr#listItem\",\"name\":\"Home\"}}]},{\"@type\":\"Organization\",\"@id\":\"https:\\\/\\\/monatglobal.com\\\/fr\\\/#organization\",\"name\":\"MONAT France\",\"description\":\"We Are Modern Nature\\u2122\",\"url\":\"https:\\\/\\\/monatglobal.com\\\/fr\\\/\"},{\"@type\":\"WebPage\",\"@id\":\"https:\\\/\\\/monatglobal.com\\\/fr\\\/hair-thermal-protectant\\\/#webpage\",\"url\":\"https:\\\/\\\/monatglobal.com\\\/fr\\\/hair-thermal-protectant\\\/\",\"name\":\"Spray thermoprotecteur MONAT STUDIO ONE\\u2122 - MONAT France\",\"description\":\"Spraythermoprotecteur MONAT STUDIO ONE\\u2122 Un l\\u00e9ger spray thermoprotecteur qui prot\\u00e8ge et renforce les cheveux tout en offrant une m\\u00e9moire de forme. 134 ml \\u212e 4,5 oz liq. Prix de d\\u00e9tail00.00 \\u20ac Prix de client VIP00.00 \\u20ac Pour en savoir plus sur le Spray thermoprotecteur MONAT STUDIO ONE\\u2122, veuillez contacter votre Partenaire de March\\u00e9 MONAT. BIENFAITS Augmentez la\",\"inLanguage\":\"en-US\",\"isPartOf\":{\"@id\":\"https:\\\/\\\/monatglobal.com\\\/fr\\\/#website\"},\"breadcrumb\":{\"@id\":\"https:\\\/\\\/monatglobal.com\\\/fr\\\/hair-thermal-protectant\\\/#breadcrumblist\"},\"image\":{\"@type\":\"ImageObject\",\"url\":\"https:\\\/\\\/monatglobal.com\\\/fr\\\/wp-content\\\/uploads\\\/sites\\\/19\\\/2023\\\/06\\\/Heat-protectant-spray_ecomm-min.png\",\"@id\":\"https:\\\/\\\/monatglobal.com\\\/fr\\\/hair-thermal-protectant\\\/#mainImage\",\"width\":641,\"height\":800},\"primaryImageOfPage\":{\"@id\":\"https:\\\/\\\/monatglobal.com\\\/fr\\\/hair-thermal-protectant\\\/#mainImage\"},\"datePublished\":\"2023-06-05T20:55:16+01:00\",\"dateModified\":\"2026-02-13T21:27:04+00:00\"},{\"@type\":\"WebSite\",\"@id\":\"https:\\\/\\\/monatglobal.com\\\/fr\\\/#website\",\"url\":\"https:\\\/\\\/monatglobal.com\\\/fr\\\/\",\"name\":\"MONAT France\",\"description\":\"We Are Modern Nature\\u2122\",\"inLanguage\":\"en-US\",\"publisher\":{\"@id\":\"https:\\\/\\\/monatglobal.com\\\/fr\\\/#organization\"}}]}\n\t\t<\/script>\n\t\t<!-- All in One SEO Pro -->\r\n\t\t<title>Spray thermoprotecteur MONAT STUDIO ONE\u2122 - MONAT France<\/title>\n\n","aioseo_head_json":{"title":"Spray thermoprotecteur MONAT STUDIO ONE\u2122 - MONAT France","description":"Spraythermoprotecteur MONAT STUDIO ONE\u2122 Un l\u00e9ger spray thermoprotecteur qui prot\u00e8ge et renforce les cheveux tout en offrant une m\u00e9moire de forme. 134 ml \u212e 4,5 oz liq. Prix de d\u00e9tail00.00 \u20ac Prix de client VIP00.00 \u20ac Pour en savoir plus sur le Spray thermoprotecteur MONAT STUDIO ONE\u2122, veuillez contacter votre Partenaire de March\u00e9 MONAT. BIENFAITS Augmentez la","canonical_url":"https:\/\/monatglobal.com\/fr\/hair-thermal-protectant\/","robots":"noindex, nofollow, max-image-preview:large","keywords":"","webmasterTools":{"miscellaneous":""},"schema":{"@context":"https:\/\/schema.org","@graph":[{"@type":"BreadcrumbList","@id":"https:\/\/monatglobal.com\/fr\/hair-thermal-protectant\/#breadcrumblist","itemListElement":[{"@type":"ListItem","@id":"https:\/\/monatglobal.com\/fr#listItem","position":1,"name":"Home","item":"https:\/\/monatglobal.com\/fr","nextItem":{"@type":"ListItem","@id":"https:\/\/monatglobal.com\/fr\/hair-thermal-protectant\/#listItem","name":"Spray thermoprotecteur MONAT STUDIO ONE\u2122"}},{"@type":"ListItem","@id":"https:\/\/monatglobal.com\/fr\/hair-thermal-protectant\/#listItem","position":2,"name":"Spray thermoprotecteur MONAT STUDIO ONE\u2122","previousItem":{"@type":"ListItem","@id":"https:\/\/monatglobal.com\/fr#listItem","name":"Home"}}]},{"@type":"Organization","@id":"https:\/\/monatglobal.com\/fr\/#organization","name":"MONAT France","description":"We Are Modern Nature\u2122","url":"https:\/\/monatglobal.com\/fr\/"},{"@type":"WebPage","@id":"https:\/\/monatglobal.com\/fr\/hair-thermal-protectant\/#webpage","url":"https:\/\/monatglobal.com\/fr\/hair-thermal-protectant\/","name":"Spray thermoprotecteur MONAT STUDIO ONE\u2122 - MONAT France","description":"Spraythermoprotecteur MONAT STUDIO ONE\u2122 Un l\u00e9ger spray thermoprotecteur qui prot\u00e8ge et renforce les cheveux tout en offrant une m\u00e9moire de forme. 134 ml \u212e 4,5 oz liq. Prix de d\u00e9tail00.00 \u20ac Prix de client VIP00.00 \u20ac Pour en savoir plus sur le Spray thermoprotecteur MONAT STUDIO ONE\u2122, veuillez contacter votre Partenaire de March\u00e9 MONAT. BIENFAITS Augmentez la","inLanguage":"en-US","isPartOf":{"@id":"https:\/\/monatglobal.com\/fr\/#website"},"breadcrumb":{"@id":"https:\/\/monatglobal.com\/fr\/hair-thermal-protectant\/#breadcrumblist"},"image":{"@type":"ImageObject","url":"https:\/\/monatglobal.com\/fr\/wp-content\/uploads\/sites\/19\/2023\/06\/Heat-protectant-spray_ecomm-min.png","@id":"https:\/\/monatglobal.com\/fr\/hair-thermal-protectant\/#mainImage","width":641,"height":800},"primaryImageOfPage":{"@id":"https:\/\/monatglobal.com\/fr\/hair-thermal-protectant\/#mainImage"},"datePublished":"2023-06-05T20:55:16+01:00","dateModified":"2026-02-13T21:27:04+00:00"},{"@type":"WebSite","@id":"https:\/\/monatglobal.com\/fr\/#website","url":"https:\/\/monatglobal.com\/fr\/","name":"MONAT France","description":"We Are Modern Nature\u2122","inLanguage":"en-US","publisher":{"@id":"https:\/\/monatglobal.com\/fr\/#organization"}}]},"og:locale":"en_US","og:site_name":"MONAT France - We Are Modern Nature\u2122","og:type":"article","og:title":"Spray thermoprotecteur MONAT STUDIO ONE\u2122 - MONAT France","og:description":"Spraythermoprotecteur MONAT STUDIO ONE\u2122 Un l\u00e9ger spray thermoprotecteur qui prot\u00e8ge et renforce les cheveux tout en offrant une m\u00e9moire de forme. 134 ml \u212e 4,5 oz liq. Prix de d\u00e9tail00.00 \u20ac Prix de client VIP00.00 \u20ac Pour en savoir plus sur le Spray thermoprotecteur MONAT STUDIO ONE\u2122, veuillez contacter votre Partenaire de March\u00e9 MONAT. BIENFAITS Augmentez la","og:url":"https:\/\/monatglobal.com\/fr\/hair-thermal-protectant\/","article:published_time":"2023-06-05T20:55:16+00:00","article:modified_time":"2026-02-13T21:27:04+00:00","twitter:card":"summary_large_image","twitter:title":"Spray thermoprotecteur MONAT STUDIO ONE\u2122 - MONAT France","twitter:description":"Spraythermoprotecteur MONAT STUDIO ONE\u2122 Un l\u00e9ger spray thermoprotecteur qui prot\u00e8ge et renforce les cheveux tout en offrant une m\u00e9moire de forme. 134 ml \u212e 4,5 oz liq. Prix de d\u00e9tail00.00 \u20ac Prix de client VIP00.00 \u20ac Pour en savoir plus sur le Spray thermoprotecteur MONAT STUDIO ONE\u2122, veuillez contacter votre Partenaire de March\u00e9 MONAT. BIENFAITS Augmentez la"},"aioseo_meta_data":{"post_id":"76514","title":null,"description":null,"keywords":null,"keyphrases":null,"primary_term":null,"canonical_url":null,"og_title":null,"og_description":null,"og_object_type":"default","og_image_type":"default","og_image_url":null,"og_image_width":null,"og_image_height":null,"og_image_custom_url":null,"og_image_custom_fields":null,"og_video":null,"og_custom_url":null,"og_article_section":null,"og_article_tags":null,"twitter_use_og":false,"twitter_card":"default","twitter_image_type":"default","twitter_image_url":null,"twitter_image_custom_url":null,"twitter_image_custom_fields":null,"twitter_title":null,"twitter_description":null,"schema":{"blockGraphs":[],"customGraphs":[],"default":{"data":{"Article":[],"Course":[],"Dataset":[],"FAQPage":[],"Movie":[],"Person":[],"Product":[],"ProductReview":[],"Car":[],"Recipe":[],"Service":[],"SoftwareApplication":[],"WebPage":[]},"graphName":"WebPage","isEnabled":true},"graphs":[]},"schema_type":"default","schema_type_options":null,"pillar_content":false,"robots_default":true,"robots_noindex":false,"robots_noarchive":false,"robots_nosnippet":false,"robots_nofollow":false,"robots_noimageindex":false,"robots_noodp":false,"robots_notranslate":false,"robots_max_snippet":null,"robots_max_videopreview":null,"robots_max_imagepreview":"large","priority":null,"frequency":null,"local_seo":null,"seo_analyzer_scan_date":"2026-02-13 21:31:46","breadcrumb_settings":null,"limit_modified_date":false,"reviewed_by":null,"open_ai":null,"ai":null,"created":"2023-07-26 00:07:11","updated":"2026-02-13 21:34:15"},"aioseo_breadcrumb":"<div class=\"aioseo-breadcrumbs\"><span class=\"aioseo-breadcrumb\">\n\t<a href=\"https:\/\/monatglobal.com\/fr\" title=\"Home\">Home<\/a>\n<\/span><span class=\"aioseo-breadcrumb-separator\">&raquo;<\/span><span class=\"aioseo-breadcrumb\">\n\tSpray thermoprotecteur MONAT STUDIO ONE\u2122\n<\/span><\/div>","aioseo_breadcrumb_json":[{"label":"Home","link":"https:\/\/monatglobal.com\/fr"},{"label":"Spray thermoprotecteur MONAT STUDIO ONE\u2122","link":"https:\/\/monatglobal.com\/fr\/hair-thermal-protectant\/"}],"_links":{"self":[{"href":"https:\/\/monatglobal.com\/fr\/wp-json\/wp\/v2\/pages\/76514","targetHints":{"allow":["GET"]}}],"collection":[{"href":"https:\/\/monatglobal.com\/fr\/wp-json\/wp\/v2\/pages"}],"about":[{"href":"https:\/\/monatglobal.com\/fr\/wp-json\/wp\/v2\/types\/page"}],"author":[{"embeddable":true,"href":"https:\/\/monatglobal.com\/fr\/wp-json\/wp\/v2\/users\/31"}],"replies":[{"embeddable":true,"href":"https:\/\/monatglobal.com\/fr\/wp-json\/wp\/v2\/comments?post=76514"}],"version-history":[{"count":43,"href":"https:\/\/monatglobal.com\/fr\/wp-json\/wp\/v2\/pages\/76514\/revisions"}],"predecessor-version":[{"id":109399,"href":"https:\/\/monatglobal.com\/fr\/wp-json\/wp\/v2\/pages\/76514\/revisions\/109399"}],"wp:featuredmedia":[{"embeddable":true,"href":"https:\/\/monatglobal.com\/fr\/wp-json\/wp\/v2\/media\/77007"}],"wp:attachment":[{"href":"https:\/\/monatglobal.com\/fr\/wp-json\/wp\/v2\/media?parent=76514"}],"wp:term":[{"taxonomy":"category","embeddable":true,"href":"https:\/\/monatglobal.com\/fr\/wp-json\/wp\/v2\/categories?post=76514"},{"taxonomy":"post_tag","embeddable":true,"href":"https:\/\/monatglobal.com\/fr\/wp-json\/wp\/v2\/tags?post=76514"}],"curies":[{"name":"wp","href":"https:\/\/api.w.org\/{rel}","templated":true}]}}