{"id":76372,"date":"2023-04-04T18:09:52","date_gmt":"2023-04-04T18:09:52","guid":{"rendered":"https:\/\/monatglobal.com\/fr\/?page_id=76372"},"modified":"2026-03-19T20:13:33","modified_gmt":"2026-03-19T20:13:33","slug":"join","status":"publish","type":"page","link":"https:\/\/monatglobal.com\/fr\/join\/","title":{"rendered":"Rejoignez MONAT aujourd\u2019hui | D\u00e9couvrez MONAT"},"content":{"rendered":"\n\n\t<section id=\"joinSec\">\n        <img decoding=\"async\" src=\"https:\/\/monatglobal.com\/de\/wp-content\/uploads\/sites\/22\/2025\/01\/oil-drop-MONAT-logo-black-.png\" alt=\"MONAT oild drop logo\" loading=\"lazy\"\/>\n        <p>Bienvenue chez MONAT<\/p>\n        <h1>Qu&#8217;aimeriez-vous <br \/>faire aujourd&#8217;hui ?<\/h1> \n                <a href=\"https:\/\/corp.mymonat.com\/pyr_core\/v2_enrollments\/select_market?sponsor_id=&#038;enroll_params=profile_form_type%3Dexpress&#038;market=fr&#038;lang_code=fr\" target=\"_blank\">\n                    <img decoding=\"async\" src=\"https:\/\/monatglobal.com\/wp-content\/uploads\/2025\/02\/maket-partner-min.jpg\" loading=\"lazy\"\/>\n                        <p>Mon\u00e9tiser ma routine beaut\u00e9!<br \/> Cr\u00e9er une petite entreprise <br \/> + Constituer une \u00e9quipe <\/p>\n                            <p>REJOIGNEZ-NOUS EN TANT QUE<\/p>\n                            <button>partenaire de march\u00e9 chez&nbsp;MONAT<\/button> \n                <\/a>\n                <p>Pour plus d&#8217;informations, visitez le site<br \/> <a href=\"https:\/\/monatglobal.com\/fr\/the-monat-opportunity\/\">https:\/\/monatglobal.com\/fr\/the-monat-opportunity\/<\/a><\/p>\n                <a href=\"https:\/\/corp.mymonat.com\/pyr_core\/v2_enrollments\/select_market?enroll_params=profile_form_type%3Dvip_for_life&#038;lang_code=fr&#038;market=FR\" target=\"_blank\">\n                    <img decoding=\"async\" src=\"https:\/\/monatglobal.com\/wp-content\/uploads\/2025\/02\/join-as-a-VIP-min.jpg\" loading=\"lazy\"\/>\n                        <p>Acheter des produits de qualit\u00e9 prenium avec&nbsp;15%&nbsp;de&nbsp;r\u00e9duction <br \/>+ Gagner des r\u00e9compenses pour \u00e9conomiser de l&#8217;argent<\/p>\n                            <p>REJOIGNEZ-NOUS EN TANT QUE <\/p>\n                            <button>VIP<\/button>\n                <\/a>\n                <p>Pour plus d&#8217;informations, visitez le site<br \/> <a href=\"https:\/\/monatglobal.com\/fr\/vip\/\">https:\/\/monatglobal.com\/fr\/vip\/<\/a><\/p>\n                <a href=\"https:\/\/corp.mymonat.com\/pyr_core\/v2_enrollments\/select_market?sponsor_id=&#038;enroll_params=profile_form_type%3Dcustomer&#038;market=fr&#038;lang_code=fr\" target=\"_blank\">\n                    <img decoding=\"async\" src=\"https:\/\/monatglobal.com\/wp-content\/uploads\/2025\/02\/shop-retail-price-min.jpg\" loading=\"lazy\"\/>\n                        <p>Acheter des produits au prix de&nbsp;d\u00e9tail <\/p>\n                            <button>Acheter<\/button>\n                <\/a>\n                <p>Pour plus d&#8217;informations, visitez <br \/> <a href=\"https:\/\/monatglobal.com\/fr\/products\/\">https:\/\/monatglobal.com\/fr\/products\/<\/a><\/p>\n<!-- TrustBox widget - Mini -->\n  <a href=\"https:\/\/fr.trustpilot.com\/review\/monatglobal.com\" target=\"_blank\" rel=\"noopener\">Trustpilot<\/a>\n<!-- End TrustBox widget -->\n        <!---->\n        <!---->\n        <!---->\n<\/section>\n\n","protected":false},"excerpt":{"rendered":"<p>Bienvenue chez MONAT Qu&#8217;aimeriez-vous faire aujourd&#8217;hui ? Mon\u00e9tiser ma routine beaut\u00e9! Cr\u00e9er une petite entreprise + Constituer une \u00e9quipe REJOIGNEZ-NOUS EN TANT QUE partenaire de march\u00e9 chez&nbsp;MONAT Pour plus d&#8217;informations, visitez le site https:\/\/monatglobal.com\/fr\/the-monat-opportunity\/ Acheter des produits de qualit\u00e9 prenium avec&nbsp;15%&nbsp;de&nbsp;r\u00e9duction + Gagner des r\u00e9compenses pour \u00e9conomiser de l&#8217;argent REJOIGNEZ-NOUS EN TANT QUE VIP Pour&hellip;<\/p>\n","protected":false},"author":31,"featured_media":86635,"parent":0,"menu_order":0,"comment_status":"closed","ping_status":"closed","template":"","meta":{"inline_featured_image":false,"om_disable_all_campaigns":false,"_monsterinsights_skip_tracking":false,"_monsterinsights_sitenote_active":false,"_monsterinsights_sitenote_note":"","_monsterinsights_sitenote_category":0,"footnotes":""},"categories":[],"tags":[],"class_list":["post-76372","page","type-page","status-publish","has-post-thumbnail","hentry"],"aioseo_notices":[],"aioseo_head":"\n\t\t<!-- All in One SEO Pro 4.9.5.2 - aioseo.com -->\n\t<meta name=\"description\" content=\"D\u00e9couvrez MONAT et commencez votre parcours d\u00e8s aujourd\u2019hui! Que vous vouliez mon\u00e9tiser votre routine beaut\u00e9 en tant que partenaire de march\u00e9, profiter de r\u00e9compenses exclusives en tant que client VIP ou magasiner en tant que client de d\u00e9tail, c\u2019est facile de commencer.\" \/>\n\t<meta name=\"robots\" content=\"noindex, nofollow, max-image-preview:large\" \/>\n\t<link rel=\"canonical\" href=\"https:\/\/monatglobal.com\/fr\/join\/\" \/>\n\t<meta name=\"generator\" content=\"All in One SEO Pro (AIOSEO) 4.9.5.2\" \/>\n\t\t<meta property=\"og:locale\" content=\"en_US\" \/>\n\t\t<meta property=\"og:site_name\" content=\"MONAT France - We Are Modern Nature\u2122\" \/>\n\t\t<meta property=\"og:type\" content=\"article\" \/>\n\t\t<meta property=\"og:title\" content=\"Rejoignez MONAT aujourd\u2019hui | D\u00e9couvrez MONAT\" \/>\n\t\t<meta property=\"og:description\" content=\"D\u00e9couvrez MONAT et commencez votre parcours d\u00e8s aujourd\u2019hui! Que vous vouliez mon\u00e9tiser votre routine beaut\u00e9 en tant que partenaire de march\u00e9, profiter de r\u00e9compenses exclusives en tant que client VIP ou magasiner en tant que client de d\u00e9tail, c\u2019est facile de commencer.\" \/>\n\t\t<meta property=\"og:url\" content=\"https:\/\/monatglobal.com\/fr\/join\/\" \/>\n\t\t<meta property=\"article:published_time\" content=\"2023-04-04T18:09:52+00:00\" \/>\n\t\t<meta property=\"article:modified_time\" content=\"2026-03-19T20:13:33+00:00\" \/>\n\t\t<meta name=\"twitter:card\" content=\"summary_large_image\" \/>\n\t\t<meta name=\"twitter:title\" content=\"Rejoignez MONAT aujourd\u2019hui | D\u00e9couvrez MONAT\" \/>\n\t\t<meta name=\"twitter:description\" content=\"D\u00e9couvrez MONAT et commencez votre parcours d\u00e8s aujourd\u2019hui! Que vous vouliez mon\u00e9tiser votre routine beaut\u00e9 en tant que partenaire de march\u00e9, profiter de r\u00e9compenses exclusives en tant que client VIP ou magasiner en tant que client de d\u00e9tail, c\u2019est facile de commencer.\" \/>\n\t\t<script type=\"application\/ld+json\" class=\"aioseo-schema\">\n\t\t\t{\"@context\":\"https:\\\/\\\/schema.org\",\"@graph\":[{\"@type\":\"BreadcrumbList\",\"@id\":\"https:\\\/\\\/monatglobal.com\\\/fr\\\/join\\\/#breadcrumblist\",\"itemListElement\":[{\"@type\":\"ListItem\",\"@id\":\"https:\\\/\\\/monatglobal.com\\\/fr#listItem\",\"position\":1,\"name\":\"Home\",\"item\":\"https:\\\/\\\/monatglobal.com\\\/fr\",\"nextItem\":{\"@type\":\"ListItem\",\"@id\":\"https:\\\/\\\/monatglobal.com\\\/fr\\\/join\\\/#listItem\",\"name\":\"Rejoignez MONAT aujourd\\u2019hui | D\\u00e9couvrez MONAT\"}},{\"@type\":\"ListItem\",\"@id\":\"https:\\\/\\\/monatglobal.com\\\/fr\\\/join\\\/#listItem\",\"position\":2,\"name\":\"Rejoignez MONAT aujourd\\u2019hui | D\\u00e9couvrez MONAT\",\"previousItem\":{\"@type\":\"ListItem\",\"@id\":\"https:\\\/\\\/monatglobal.com\\\/fr#listItem\",\"name\":\"Home\"}}]},{\"@type\":\"Organization\",\"@id\":\"https:\\\/\\\/monatglobal.com\\\/fr\\\/#organization\",\"name\":\"MONAT France\",\"description\":\"We Are Modern Nature\\u2122\",\"url\":\"https:\\\/\\\/monatglobal.com\\\/fr\\\/\"},{\"@type\":\"WebPage\",\"@id\":\"https:\\\/\\\/monatglobal.com\\\/fr\\\/join\\\/#webpage\",\"url\":\"https:\\\/\\\/monatglobal.com\\\/fr\\\/join\\\/\",\"name\":\"Rejoignez MONAT aujourd\\u2019hui | D\\u00e9couvrez MONAT\",\"description\":\"D\\u00e9couvrez MONAT et commencez votre parcours d\\u00e8s aujourd\\u2019hui! Que vous vouliez mon\\u00e9tiser votre routine beaut\\u00e9 en tant que partenaire de march\\u00e9, profiter de r\\u00e9compenses exclusives en tant que client VIP ou magasiner en tant que client de d\\u00e9tail, c\\u2019est facile de commencer.\",\"inLanguage\":\"en-US\",\"isPartOf\":{\"@id\":\"https:\\\/\\\/monatglobal.com\\\/fr\\\/#website\"},\"breadcrumb\":{\"@id\":\"https:\\\/\\\/monatglobal.com\\\/fr\\\/join\\\/#breadcrumblist\"},\"image\":{\"@type\":\"ImageObject\",\"url\":\"https:\\\/\\\/monatglobal.com\\\/fr\\\/wp-content\\\/uploads\\\/sites\\\/19\\\/2025\\\/02\\\/FR_FT_IMG-min.jpg\",\"@id\":\"https:\\\/\\\/monatglobal.com\\\/fr\\\/join\\\/#mainImage\",\"width\":1200,\"height\":628},\"primaryImageOfPage\":{\"@id\":\"https:\\\/\\\/monatglobal.com\\\/fr\\\/join\\\/#mainImage\"},\"datePublished\":\"2023-04-04T18:09:52+01:00\",\"dateModified\":\"2026-03-19T20:13:33+00:00\"},{\"@type\":\"WebSite\",\"@id\":\"https:\\\/\\\/monatglobal.com\\\/fr\\\/#website\",\"url\":\"https:\\\/\\\/monatglobal.com\\\/fr\\\/\",\"name\":\"MONAT France\",\"description\":\"We Are Modern Nature\\u2122\",\"inLanguage\":\"en-US\",\"publisher\":{\"@id\":\"https:\\\/\\\/monatglobal.com\\\/fr\\\/#organization\"}}]}\n\t\t<\/script>\n\t\t<!-- All in One SEO Pro -->\r\n\t\t<title>Rejoignez MONAT aujourd\u2019hui | D\u00e9couvrez MONAT<\/title>\n\n","aioseo_head_json":{"title":"Rejoignez MONAT aujourd\u2019hui | D\u00e9couvrez MONAT","description":"D\u00e9couvrez MONAT et commencez votre parcours d\u00e8s aujourd\u2019hui! Que vous vouliez mon\u00e9tiser votre routine beaut\u00e9 en tant que partenaire de march\u00e9, profiter de r\u00e9compenses exclusives en tant que client VIP ou magasiner en tant que client de d\u00e9tail, c\u2019est facile de commencer.","canonical_url":"https:\/\/monatglobal.com\/fr\/join\/","robots":"noindex, nofollow, max-image-preview:large","keywords":"","webmasterTools":{"miscellaneous":""},"schema":{"@context":"https:\/\/schema.org","@graph":[{"@type":"BreadcrumbList","@id":"https:\/\/monatglobal.com\/fr\/join\/#breadcrumblist","itemListElement":[{"@type":"ListItem","@id":"https:\/\/monatglobal.com\/fr#listItem","position":1,"name":"Home","item":"https:\/\/monatglobal.com\/fr","nextItem":{"@type":"ListItem","@id":"https:\/\/monatglobal.com\/fr\/join\/#listItem","name":"Rejoignez MONAT aujourd\u2019hui | D\u00e9couvrez MONAT"}},{"@type":"ListItem","@id":"https:\/\/monatglobal.com\/fr\/join\/#listItem","position":2,"name":"Rejoignez MONAT aujourd\u2019hui | D\u00e9couvrez MONAT","previousItem":{"@type":"ListItem","@id":"https:\/\/monatglobal.com\/fr#listItem","name":"Home"}}]},{"@type":"Organization","@id":"https:\/\/monatglobal.com\/fr\/#organization","name":"MONAT France","description":"We Are Modern Nature\u2122","url":"https:\/\/monatglobal.com\/fr\/"},{"@type":"WebPage","@id":"https:\/\/monatglobal.com\/fr\/join\/#webpage","url":"https:\/\/monatglobal.com\/fr\/join\/","name":"Rejoignez MONAT aujourd\u2019hui | D\u00e9couvrez MONAT","description":"D\u00e9couvrez MONAT et commencez votre parcours d\u00e8s aujourd\u2019hui! Que vous vouliez mon\u00e9tiser votre routine beaut\u00e9 en tant que partenaire de march\u00e9, profiter de r\u00e9compenses exclusives en tant que client VIP ou magasiner en tant que client de d\u00e9tail, c\u2019est facile de commencer.","inLanguage":"en-US","isPartOf":{"@id":"https:\/\/monatglobal.com\/fr\/#website"},"breadcrumb":{"@id":"https:\/\/monatglobal.com\/fr\/join\/#breadcrumblist"},"image":{"@type":"ImageObject","url":"https:\/\/monatglobal.com\/fr\/wp-content\/uploads\/sites\/19\/2025\/02\/FR_FT_IMG-min.jpg","@id":"https:\/\/monatglobal.com\/fr\/join\/#mainImage","width":1200,"height":628},"primaryImageOfPage":{"@id":"https:\/\/monatglobal.com\/fr\/join\/#mainImage"},"datePublished":"2023-04-04T18:09:52+01:00","dateModified":"2026-03-19T20:13:33+00:00"},{"@type":"WebSite","@id":"https:\/\/monatglobal.com\/fr\/#website","url":"https:\/\/monatglobal.com\/fr\/","name":"MONAT France","description":"We Are Modern Nature\u2122","inLanguage":"en-US","publisher":{"@id":"https:\/\/monatglobal.com\/fr\/#organization"}}]},"og:locale":"en_US","og:site_name":"MONAT France - We Are Modern Nature\u2122","og:type":"article","og:title":"Rejoignez MONAT aujourd\u2019hui | D\u00e9couvrez MONAT","og:description":"D\u00e9couvrez MONAT et commencez votre parcours d\u00e8s aujourd\u2019hui! Que vous vouliez mon\u00e9tiser votre routine beaut\u00e9 en tant que partenaire de march\u00e9, profiter de r\u00e9compenses exclusives en tant que client VIP ou magasiner en tant que client de d\u00e9tail, c\u2019est facile de commencer.","og:url":"https:\/\/monatglobal.com\/fr\/join\/","article:published_time":"2023-04-04T18:09:52+00:00","article:modified_time":"2026-03-19T20:13:33+00:00","twitter:card":"summary_large_image","twitter:title":"Rejoignez MONAT aujourd\u2019hui | D\u00e9couvrez MONAT","twitter:description":"D\u00e9couvrez MONAT et commencez votre parcours d\u00e8s aujourd\u2019hui! Que vous vouliez mon\u00e9tiser votre routine beaut\u00e9 en tant que partenaire de march\u00e9, profiter de r\u00e9compenses exclusives en tant que client VIP ou magasiner en tant que client de d\u00e9tail, c\u2019est facile de commencer."},"aioseo_meta_data":{"post_id":"76372","title":"Rejoignez MONAT aujourd\u2019hui | D\u00e9couvrez MONAT","description":"D\u00e9couvrez MONAT et commencez votre parcours d\u00e8s aujourd\u2019hui! Que vous vouliez mon\u00e9tiser votre routine beaut\u00e9 en tant que partenaire de march\u00e9, profiter de r\u00e9compenses exclusives en tant que client VIP ou magasiner en tant que client de d\u00e9tail, c\u2019est facile de commencer.","keywords":null,"keyphrases":{"focus":{"keyphrase":"","score":0,"analysis":{"keyphraseInTitle":{"score":0,"maxScore":9,"error":1}}},"additional":[]},"primary_term":null,"canonical_url":null,"og_title":null,"og_description":null,"og_object_type":"default","og_image_type":"default","og_image_url":null,"og_image_width":null,"og_image_height":null,"og_image_custom_url":null,"og_image_custom_fields":null,"og_video":"","og_custom_url":null,"og_article_section":null,"og_article_tags":null,"twitter_use_og":false,"twitter_card":"default","twitter_image_type":"default","twitter_image_url":null,"twitter_image_custom_url":null,"twitter_image_custom_fields":null,"twitter_title":null,"twitter_description":null,"schema":{"blockGraphs":[],"customGraphs":[],"default":{"data":{"Article":[],"Course":[],"Dataset":[],"FAQPage":[],"Movie":[],"Person":[],"Product":[],"ProductReview":[],"Car":[],"Recipe":[],"Service":[],"SoftwareApplication":[],"WebPage":[]},"graphName":"WebPage","isEnabled":true},"graphs":[]},"schema_type":"default","schema_type_options":null,"pillar_content":false,"robots_default":true,"robots_noindex":false,"robots_noarchive":false,"robots_nosnippet":false,"robots_nofollow":false,"robots_noimageindex":false,"robots_noodp":false,"robots_notranslate":false,"robots_max_snippet":"-1","robots_max_videopreview":"-1","robots_max_imagepreview":"large","priority":null,"frequency":"default","local_seo":null,"seo_analyzer_scan_date":"2026-03-20 19:26:42","breadcrumb_settings":null,"limit_modified_date":false,"reviewed_by":null,"open_ai":null,"ai":null,"created":"2023-07-26 00:01:38","updated":"2026-03-20 20:45:57"},"aioseo_breadcrumb":"<div class=\"aioseo-breadcrumbs\"><span class=\"aioseo-breadcrumb\">\n\t<a href=\"https:\/\/monatglobal.com\/fr\" title=\"Home\">Home<\/a>\n<\/span><span class=\"aioseo-breadcrumb-separator\">&raquo;<\/span><span class=\"aioseo-breadcrumb\">\n\tRejoignez MONAT aujourd\u2019hui | D\u00e9couvrez MONAT\n<\/span><\/div>","aioseo_breadcrumb_json":[{"label":"Home","link":"https:\/\/monatglobal.com\/fr"},{"label":"Rejoignez MONAT aujourd\u2019hui | D\u00e9couvrez MONAT","link":"https:\/\/monatglobal.com\/fr\/join\/"}],"_links":{"self":[{"href":"https:\/\/monatglobal.com\/fr\/wp-json\/wp\/v2\/pages\/76372","targetHints":{"allow":["GET"]}}],"collection":[{"href":"https:\/\/monatglobal.com\/fr\/wp-json\/wp\/v2\/pages"}],"about":[{"href":"https:\/\/monatglobal.com\/fr\/wp-json\/wp\/v2\/types\/page"}],"author":[{"embeddable":true,"href":"https:\/\/monatglobal.com\/fr\/wp-json\/wp\/v2\/users\/31"}],"replies":[{"embeddable":true,"href":"https:\/\/monatglobal.com\/fr\/wp-json\/wp\/v2\/comments?post=76372"}],"version-history":[{"count":21,"href":"https:\/\/monatglobal.com\/fr\/wp-json\/wp\/v2\/pages\/76372\/revisions"}],"predecessor-version":[{"id":109459,"href":"https:\/\/monatglobal.com\/fr\/wp-json\/wp\/v2\/pages\/76372\/revisions\/109459"}],"wp:featuredmedia":[{"embeddable":true,"href":"https:\/\/monatglobal.com\/fr\/wp-json\/wp\/v2\/media\/86635"}],"wp:attachment":[{"href":"https:\/\/monatglobal.com\/fr\/wp-json\/wp\/v2\/media?parent=76372"}],"wp:term":[{"taxonomy":"category","embeddable":true,"href":"https:\/\/monatglobal.com\/fr\/wp-json\/wp\/v2\/categories?post=76372"},{"taxonomy":"post_tag","embeddable":true,"href":"https:\/\/monatglobal.com\/fr\/wp-json\/wp\/v2\/tags?post=76372"}],"curies":[{"name":"wp","href":"https:\/\/api.w.org\/{rel}","templated":true}]}}