{"id":75831,"date":"2022-11-16T18:36:18","date_gmt":"2022-11-16T18:36:18","guid":{"rendered":"https:\/\/monatglobal.com\/nz\/?page_id=75831"},"modified":"2025-01-28T18:07:18","modified_gmt":"2025-01-28T18:07:18","slug":"special-annual-awards","status":"publish","type":"page","link":"https:\/\/monatglobal.com\/fr\/special-annual-awards\/","title":{"rendered":"Special Annual Awards"},"content":{"rendered":"\n\n            <img decoding=\"async\" src=\"https:\/\/monatglobal.com\/wp-content\/uploads\/2018\/05\/01.-Managing-market-partner.png\" loading=\"lazy\"\/>\n            <h1>2023 Troph\u00e9e\n <br \/>sp\u00e9ciaux annuels<\/h1><br \/>\n            <p>WATCH VIDEO<\/p>\n        <p>Les Troph\u00e9es du Pr\u00e9sident du Conseil d&#8217;Administrationt, du Directeur G\u00e9n\u00e9ral et du Pr\u00e9sident sont d\u00e9cern\u00e9s aux Partenaires de March\u00e9 qui ont atteint un grand succ\u00e8s et qui en sont venus \u00e0 incarner la culture et le caract\u00e8re de MONAT que d&#8217;autres cherchent \u00e0 imiter.  <\/p>\n        <p>Ces prix annuels sont pr\u00e9sent\u00e9s lors du Spectacle Dream Bigger \u00e0 MONATions.<\/p>\n                <h2>Troph\u00e9e du Pr\u00e9sident du\n <br \/>Conseil d&#8217;Administration<\/h2>\n                <hr \/>\n                <p>Le prestigieux Troph\u00e9e du Pr\u00e9sident du Conseil d&#8217;Administrationl r\u00e9compense un Partenaire de March\u00e9 ou une personne de rang sup\u00e9rieur nomm\u00e9e par le secteur. Le laur\u00e9at incarne les id\u00e9aux de MONAT en mati\u00e8re de gratitude, de bienveillance, de service communautaire, d&#8217;humilit\u00e9, de philanthropie et de leadership.<\/p>\n                <img decoding=\"async\" src=\"https:\/\/monatglobal.com\/wp-content\/uploads\/2023\/12\/chairman-award_2023-min.png\" loading=\"lazy\"\/>\n            <p>Le laur\u00e9at de ce troph\u00e9e annuel est une personne que les Partenaires de March\u00e9 admirent, qu&#8217;ils consid\u00e8rent comme un mod\u00e8le et qui contribue \u00e0 l&#8217;am\u00e9lioration de leur communaut\u00e9.<\/p>\n        <hr \/>\n                    <img decoding=\"async\" src=\"https:\/\/monatglobal.com\/wp-content\/uploads\/2021\/07\/USA-flag.png\" loading=\"lazy\"\/>\n                    <p>Brittany<br \/>Sauer<\/p>\n                    <h2>prix du Pr\u00e9sident du conseil<\/h2>\n                    <p>Parmi les six MONATions auxquelles Brittany a particip\u00e9 &#8211; chaque ann\u00e9e depuis ses d\u00e9buts avec MONAT en 2017 &#8211; la derni\u00e8re en 2023 est peut-\u00eatre la plus inoubliable.<\/p>\n                    <br \/>\n                    <hr \/>\n                    <br \/>\n                    <p>C&#8217;est alors qu&#8217;elle a re\u00e7u l&#8217;ultime distinction MONAT : prix du Pr\u00e9sident du conseil d\u00e9cern\u00e9 \u00e0 un Partenaire de March\u00e9 choisi par ses pairs comme le h\u00e9ros MONAT de l&#8217;ann\u00e9e.<\/p>\n                    <br \/>\n                    <hr \/>\n                    <br \/>\n                    <p>Senior Executive Director qui r\u00e9side avec son mari \u00e0 Miami Beach, en Floride, Brittany est fi\u00e8re d&#8217;\u00eatre membre du Million Dollar Club et du MONAT Motor Club.<\/p>\n            <p>C&#8217;est alors qu&#8217;elle a re\u00e7u l&#8217;ultime distinction MONAT : prix du Pr\u00e9sident du conseil d\u00e9cern\u00e9 \u00e0 un Partenaire de March\u00e9 choisi par ses pairs comme le h\u00e9ros MONAT de l&#8217;ann\u00e9e.<\/p>\n            <hr \/>\n            <p>Senior Executive Director qui r\u00e9side avec son mari \u00e0 Miami Beach, en Floride, Brittany est fi\u00e8re d&#8217;\u00eatre membre du Million Dollar Club et du MONAT Motor Club.<\/p>\n        <hr \/>\n                <h2>Troph\u00e9e du <br \/>Directeur G\u00e9n\u00e9ral<\/h2>\n                <hr \/>\n                <p>Le Performer de l&#8217;ann\u00e9e de MONAT est un Associate Executive Director ou sup\u00e9rieur qui est avec MONAT depuis un an ou plus. Cette personnne d\u00e9montre un engagement in\u00e9branlable \u00e0 faire cro\u00eetre son entreprise MONAT, \u00e0 surmonter les obstacles, et sert d&#8217;exemple de r\u00e9ussite aux autres.<\/p>\n                <img decoding=\"async\" src=\"https:\/\/monatglobal.com\/wp-content\/uploads\/2023\/12\/ceo-award_2023-min.png\" loading=\"lazy\"\/>\n            <p>Le gagnant est s\u00e9lectionn\u00e9 sur la base d&#8217;un syst\u00e8me de points et les points sont gagn\u00e9s en se classant premier, deuxi\u00e8me ou troisi\u00e8me dans l&#8217;une des cat\u00e9gories reconnues lors du spectacle annuel &#8220;Dream bigger&#8221;.<\/p>\n        <hr \/>\n                    <img decoding=\"async\" src=\"https:\/\/monatglobal.com\/wp-content\/uploads\/2021\/07\/USA-flag.png\" loading=\"lazy\"\/>\n                      <p>Jade<br \/>Free<\/p>\n                      <h2>Prix du PDG <\/h2>\n                    \u00c9pouse, m\u00e8re et r\u00e9sidente californienne, Jade Free a connu un parcours palpitant et plein de succ\u00e8s avec MONAT depuis ses d\u00e9buts en 2019 :\n\n                    <br \/>\n                    <hr \/>\n                    <br \/>\n                    Devenir membre du MONAT Motor Club et du 100K Club et acc\u00e9der au poste de Associate Executive Director en juillet 2022.\n\n<br \/>\n                    <hr \/>\n                    <br \/>\n                    <p>Jade a particip\u00e9 \u00e0 quatre MONATions, dont le dernier lui a permis de remporter le prix du PDG 2023.<\/p>\n            <p>Devenir membre du MONAT Motor Club et du 100K Club et acc\u00e9der au poste de Associate Executive Director en juillet 2022.<\/p>\n            <hr \/>\n            <p>Jade a particip\u00e9 \u00e0 quatre MONATions, dont le dernier lui a permis de remporter le prix du PDG 2023.<\/p>\n        <hr \/>\n                <h2>Troph\u00e9e <br \/>du Pr\u00e9sident<\/h2>\n                <hr \/>\n                <p>LeTroph\u00e9e du Pr\u00e9sident est la version MONAT du prix &#8220;Recrue de l&#8217;ann\u00e9e&#8221;. Il est d\u00e9cern\u00e9 \u00e0 un Market Mentor ou \u00e0 une personne de niveau sup\u00e9rieur qui travaille pour MONAT depuis moins d&#8217;un an. Le gagnant est reconnu pour donner l&#8217;exemple, d\u00e9montrer une &#8220;MONATitude&#8221; gagnante et soutenir les autres.<\/p>\n                <img decoding=\"async\" src=\"https:\/\/monatglobal.com\/wp-content\/uploads\/2023\/12\/president-award_2023-min.png\" loading=\"lazy\"\/>\n            <p>Ce Partenaire de March\u00e9 incarne ce que chaque Partenaire de March\u00e9 MONAT devrait s&#8217;efforcer de devenir. Le laur\u00e9at est s\u00e9lectionn\u00e9 sur la base d&#8217;un syst\u00e8me de points et les points sont gagn\u00e9s en se classant premier, deuxi\u00e8me ou troisi\u00e8me dans l&#8217;une des cat\u00e9gories reconnues lors du spectacle annuel &#8220;R\u00eaver plus grand&#8221;.<\/p>\n        <hr \/>\n                    <img decoding=\"async\" src=\"https:\/\/monatglobal.com\/wp-content\/uploads\/2021\/09\/Australia-flag.png\" loading=\"lazy\"\/>\n                    <p>Malaahi <br \/>Davis<\/p>\n                        <h2> President&#8217;s Award:<\/h2>\n                    <p>Une \u00e9toile brillante parmi notre MOfam australienne, Malaahi Davis a commenc\u00e9 son voyage MONAT en d\u00e9cembre 2022 et a gravi tous les \u00e9chelons jusqu&#8217;\u00e0 devenir Managing Market Mentor en mai 2023.<\/p>\n                    <br \/>\n                    <hr \/>\n                    <br \/>\n                    <p>Une r\u00e9ussite impressionnante pour cette maman tr\u00e8s occup\u00e9e !<\/p>\n                    <br \/>\n                    <hr \/>\n                    <br \/>\n                    <p>Le d\u00e9vouement et la passion de Malaahi pour MONAT l&#8217;ont incit\u00e9e \u00e0 se rendre aux \u00c9tats-Unis pour MONATions United 2023, o\u00f9 elle a re\u00e7u le prestigieux prix du pr\u00e9sident.<\/p>\n            <p>Une r\u00e9ussite impressionnante pour cette maman tr\u00e8s occup\u00e9e !<\/p>\n            <hr \/>\n            <p>Le d\u00e9vouement et la passion de Malaahi pour MONAT l&#8217;ont incit\u00e9e \u00e0 se rendre aux \u00c9tats-Unis pour MONATions United 2023, o\u00f9 elle a re\u00e7u le prestigieux prix du pr\u00e9sident.<\/p>\n            <h2>F\u00e9licitations \u00e0 tous les laur\u00e9ats pour leurs incroyables r\u00e9alisations !  <\/h2>\n            <p>Ce n&#8217;est que le d\u00e9but !<\/p>\n            <p>SEE OUR 2020<br \/> DREAM BIGGER<br \/> WINNERS<\/p>\n\n","protected":false},"excerpt":{"rendered":"<p>2023 Troph\u00e9e sp\u00e9ciaux annuels WATCH VIDEO Les Troph\u00e9es du Pr\u00e9sident du Conseil d&#8217;Administrationt, du Directeur G\u00e9n\u00e9ral et du Pr\u00e9sident sont d\u00e9cern\u00e9s aux Partenaires de March\u00e9 qui ont atteint un grand succ\u00e8s et qui en sont venus \u00e0 incarner la culture et le caract\u00e8re de MONAT que d&#8217;autres cherchent \u00e0 imiter. Ces prix annuels sont pr\u00e9sent\u00e9s&hellip;<\/p>\n","protected":false},"author":31,"featured_media":0,"parent":0,"menu_order":0,"comment_status":"closed","ping_status":"closed","template":"","meta":{"inline_featured_image":false,"om_disable_all_campaigns":false,"_monsterinsights_skip_tracking":false,"_monsterinsights_sitenote_active":false,"_monsterinsights_sitenote_note":"","_monsterinsights_sitenote_category":0,"footnotes":""},"categories":[],"tags":[],"class_list":["post-75831","page","type-page","status-publish","hentry"],"aioseo_notices":[],"aioseo_head":"\n\t\t<!-- All in One SEO Pro 4.9.6 - aioseo.com -->\n\t<meta name=\"description\" content=\"2023 Troph\u00e9e sp\u00e9ciaux annuels WATCH VIDEO Les Troph\u00e9es du Pr\u00e9sident du Conseil d&#039;Administrationt, du Directeur G\u00e9n\u00e9ral et du Pr\u00e9sident sont d\u00e9cern\u00e9s aux Partenaires de March\u00e9 qui ont atteint un grand succ\u00e8s et qui en sont venus \u00e0 incarner la culture et le caract\u00e8re de MONAT que d&#039;autres cherchent \u00e0 imiter. Ces prix annuels sont pr\u00e9sent\u00e9s\" \/>\n\t<meta name=\"robots\" content=\"noindex, nofollow, max-image-preview:large\" \/>\n\t<link rel=\"canonical\" href=\"https:\/\/monatglobal.com\/fr\/special-annual-awards\/\" \/>\n\t<meta name=\"generator\" content=\"All in One SEO Pro (AIOSEO) 4.9.6\" \/>\n\t\t<meta property=\"og:locale\" content=\"en_US\" \/>\n\t\t<meta property=\"og:site_name\" content=\"MONAT France - We Are Modern Nature\u2122\" \/>\n\t\t<meta property=\"og:type\" content=\"article\" \/>\n\t\t<meta property=\"og:title\" content=\"Special Annual Awards - MONAT France\" \/>\n\t\t<meta property=\"og:description\" content=\"2023 Troph\u00e9e sp\u00e9ciaux annuels WATCH VIDEO Les Troph\u00e9es du Pr\u00e9sident du Conseil d&#039;Administrationt, du Directeur G\u00e9n\u00e9ral et du Pr\u00e9sident sont d\u00e9cern\u00e9s aux Partenaires de March\u00e9 qui ont atteint un grand succ\u00e8s et qui en sont venus \u00e0 incarner la culture et le caract\u00e8re de MONAT que d&#039;autres cherchent \u00e0 imiter. Ces prix annuels sont pr\u00e9sent\u00e9s\" \/>\n\t\t<meta property=\"og:url\" content=\"https:\/\/monatglobal.com\/fr\/special-annual-awards\/\" \/>\n\t\t<meta property=\"article:published_time\" content=\"2022-11-16T18:36:18+00:00\" \/>\n\t\t<meta property=\"article:modified_time\" content=\"2025-01-28T18:07:18+00:00\" \/>\n\t\t<meta name=\"twitter:card\" content=\"summary_large_image\" \/>\n\t\t<meta name=\"twitter:title\" content=\"Special Annual Awards - MONAT France\" \/>\n\t\t<meta name=\"twitter:description\" content=\"2023 Troph\u00e9e sp\u00e9ciaux annuels WATCH VIDEO Les Troph\u00e9es du Pr\u00e9sident du Conseil d&#039;Administrationt, du Directeur G\u00e9n\u00e9ral et du Pr\u00e9sident sont d\u00e9cern\u00e9s aux Partenaires de March\u00e9 qui ont atteint un grand succ\u00e8s et qui en sont venus \u00e0 incarner la culture et le caract\u00e8re de MONAT que d&#039;autres cherchent \u00e0 imiter. Ces prix annuels sont pr\u00e9sent\u00e9s\" \/>\n\t\t<script type=\"application\/ld+json\" class=\"aioseo-schema\">\n\t\t\t{\"@context\":\"https:\\\/\\\/schema.org\",\"@graph\":[{\"@type\":\"BreadcrumbList\",\"@id\":\"https:\\\/\\\/monatglobal.com\\\/fr\\\/special-annual-awards\\\/#breadcrumblist\",\"itemListElement\":[{\"@type\":\"ListItem\",\"@id\":\"https:\\\/\\\/monatglobal.com\\\/fr#listItem\",\"position\":1,\"name\":\"Home\",\"item\":\"https:\\\/\\\/monatglobal.com\\\/fr\",\"nextItem\":{\"@type\":\"ListItem\",\"@id\":\"https:\\\/\\\/monatglobal.com\\\/fr\\\/special-annual-awards\\\/#listItem\",\"name\":\"Special Annual Awards\"}},{\"@type\":\"ListItem\",\"@id\":\"https:\\\/\\\/monatglobal.com\\\/fr\\\/special-annual-awards\\\/#listItem\",\"position\":2,\"name\":\"Special Annual Awards\",\"previousItem\":{\"@type\":\"ListItem\",\"@id\":\"https:\\\/\\\/monatglobal.com\\\/fr#listItem\",\"name\":\"Home\"}}]},{\"@type\":\"Organization\",\"@id\":\"https:\\\/\\\/monatglobal.com\\\/fr\\\/#organization\",\"name\":\"MONAT France\",\"description\":\"We Are Modern Nature\\u2122\",\"url\":\"https:\\\/\\\/monatglobal.com\\\/fr\\\/\"},{\"@type\":\"WebPage\",\"@id\":\"https:\\\/\\\/monatglobal.com\\\/fr\\\/special-annual-awards\\\/#webpage\",\"url\":\"https:\\\/\\\/monatglobal.com\\\/fr\\\/special-annual-awards\\\/\",\"name\":\"Special Annual Awards - MONAT France\",\"description\":\"2023 Troph\\u00e9e sp\\u00e9ciaux annuels WATCH VIDEO Les Troph\\u00e9es du Pr\\u00e9sident du Conseil d'Administrationt, du Directeur G\\u00e9n\\u00e9ral et du Pr\\u00e9sident sont d\\u00e9cern\\u00e9s aux Partenaires de March\\u00e9 qui ont atteint un grand succ\\u00e8s et qui en sont venus \\u00e0 incarner la culture et le caract\\u00e8re de MONAT que d'autres cherchent \\u00e0 imiter. Ces prix annuels sont pr\\u00e9sent\\u00e9s\",\"inLanguage\":\"en-US\",\"isPartOf\":{\"@id\":\"https:\\\/\\\/monatglobal.com\\\/fr\\\/#website\"},\"breadcrumb\":{\"@id\":\"https:\\\/\\\/monatglobal.com\\\/fr\\\/special-annual-awards\\\/#breadcrumblist\"},\"datePublished\":\"2022-11-16T18:36:18+00:00\",\"dateModified\":\"2025-01-28T18:07:18+00:00\"},{\"@type\":\"WebSite\",\"@id\":\"https:\\\/\\\/monatglobal.com\\\/fr\\\/#website\",\"url\":\"https:\\\/\\\/monatglobal.com\\\/fr\\\/\",\"name\":\"MONAT France\",\"description\":\"We Are Modern Nature\\u2122\",\"inLanguage\":\"en-US\",\"publisher\":{\"@id\":\"https:\\\/\\\/monatglobal.com\\\/fr\\\/#organization\"}}]}\n\t\t<\/script>\n\t\t<!-- All in One SEO Pro -->\r\n\t\t<title>Special Annual Awards - MONAT France<\/title>\n\n","aioseo_head_json":{"title":"Special Annual Awards - MONAT France","description":"2023 Troph\u00e9e sp\u00e9ciaux annuels WATCH VIDEO Les Troph\u00e9es du Pr\u00e9sident du Conseil d'Administrationt, du Directeur G\u00e9n\u00e9ral et du Pr\u00e9sident sont d\u00e9cern\u00e9s aux Partenaires de March\u00e9 qui ont atteint un grand succ\u00e8s et qui en sont venus \u00e0 incarner la culture et le caract\u00e8re de MONAT que d'autres cherchent \u00e0 imiter. Ces prix annuels sont pr\u00e9sent\u00e9s","canonical_url":"https:\/\/monatglobal.com\/fr\/special-annual-awards\/","robots":"noindex, nofollow, max-image-preview:large","keywords":"","webmasterTools":{"miscellaneous":""},"schema":{"@context":"https:\/\/schema.org","@graph":[{"@type":"BreadcrumbList","@id":"https:\/\/monatglobal.com\/fr\/special-annual-awards\/#breadcrumblist","itemListElement":[{"@type":"ListItem","@id":"https:\/\/monatglobal.com\/fr#listItem","position":1,"name":"Home","item":"https:\/\/monatglobal.com\/fr","nextItem":{"@type":"ListItem","@id":"https:\/\/monatglobal.com\/fr\/special-annual-awards\/#listItem","name":"Special Annual Awards"}},{"@type":"ListItem","@id":"https:\/\/monatglobal.com\/fr\/special-annual-awards\/#listItem","position":2,"name":"Special Annual Awards","previousItem":{"@type":"ListItem","@id":"https:\/\/monatglobal.com\/fr#listItem","name":"Home"}}]},{"@type":"Organization","@id":"https:\/\/monatglobal.com\/fr\/#organization","name":"MONAT France","description":"We Are Modern Nature\u2122","url":"https:\/\/monatglobal.com\/fr\/"},{"@type":"WebPage","@id":"https:\/\/monatglobal.com\/fr\/special-annual-awards\/#webpage","url":"https:\/\/monatglobal.com\/fr\/special-annual-awards\/","name":"Special Annual Awards - MONAT France","description":"2023 Troph\u00e9e sp\u00e9ciaux annuels WATCH VIDEO Les Troph\u00e9es du Pr\u00e9sident du Conseil d'Administrationt, du Directeur G\u00e9n\u00e9ral et du Pr\u00e9sident sont d\u00e9cern\u00e9s aux Partenaires de March\u00e9 qui ont atteint un grand succ\u00e8s et qui en sont venus \u00e0 incarner la culture et le caract\u00e8re de MONAT que d'autres cherchent \u00e0 imiter. Ces prix annuels sont pr\u00e9sent\u00e9s","inLanguage":"en-US","isPartOf":{"@id":"https:\/\/monatglobal.com\/fr\/#website"},"breadcrumb":{"@id":"https:\/\/monatglobal.com\/fr\/special-annual-awards\/#breadcrumblist"},"datePublished":"2022-11-16T18:36:18+00:00","dateModified":"2025-01-28T18:07:18+00:00"},{"@type":"WebSite","@id":"https:\/\/monatglobal.com\/fr\/#website","url":"https:\/\/monatglobal.com\/fr\/","name":"MONAT France","description":"We Are Modern Nature\u2122","inLanguage":"en-US","publisher":{"@id":"https:\/\/monatglobal.com\/fr\/#organization"}}]},"og:locale":"en_US","og:site_name":"MONAT France - We Are Modern Nature\u2122","og:type":"article","og:title":"Special Annual Awards - MONAT France","og:description":"2023 Troph\u00e9e sp\u00e9ciaux annuels WATCH VIDEO Les Troph\u00e9es du Pr\u00e9sident du Conseil d'Administrationt, du Directeur G\u00e9n\u00e9ral et du Pr\u00e9sident sont d\u00e9cern\u00e9s aux Partenaires de March\u00e9 qui ont atteint un grand succ\u00e8s et qui en sont venus \u00e0 incarner la culture et le caract\u00e8re de MONAT que d'autres cherchent \u00e0 imiter. Ces prix annuels sont pr\u00e9sent\u00e9s","og:url":"https:\/\/monatglobal.com\/fr\/special-annual-awards\/","article:published_time":"2022-11-16T18:36:18+00:00","article:modified_time":"2025-01-28T18:07:18+00:00","twitter:card":"summary_large_image","twitter:title":"Special Annual Awards - MONAT France","twitter:description":"2023 Troph\u00e9e sp\u00e9ciaux annuels WATCH VIDEO Les Troph\u00e9es du Pr\u00e9sident du Conseil d'Administrationt, du Directeur G\u00e9n\u00e9ral et du Pr\u00e9sident sont d\u00e9cern\u00e9s aux Partenaires de March\u00e9 qui ont atteint un grand succ\u00e8s et qui en sont venus \u00e0 incarner la culture et le caract\u00e8re de MONAT que d'autres cherchent \u00e0 imiter. Ces prix annuels sont pr\u00e9sent\u00e9s"},"aioseo_meta_data":{"post_id":"75831","title":null,"description":null,"keywords":null,"keyphrases":null,"primary_term":null,"canonical_url":null,"og_title":null,"og_description":null,"og_object_type":"default","og_image_type":"default","og_image_url":null,"og_image_width":null,"og_image_height":null,"og_image_custom_url":null,"og_image_custom_fields":null,"og_video":null,"og_custom_url":null,"og_article_section":null,"og_article_tags":null,"twitter_use_og":false,"twitter_card":"default","twitter_image_type":"default","twitter_image_url":null,"twitter_image_custom_url":null,"twitter_image_custom_fields":null,"twitter_title":null,"twitter_description":null,"schema":{"blockGraphs":[],"customGraphs":[],"default":{"data":{"Article":[],"Course":[],"Dataset":[],"FAQPage":[],"Movie":[],"Person":[],"Product":[],"ProductReview":[],"Car":[],"Recipe":[],"Service":[],"SoftwareApplication":[],"WebPage":[]},"graphName":"","isEnabled":true},"graphs":[]},"schema_type":"default","schema_type_options":null,"pillar_content":false,"robots_default":true,"robots_noindex":false,"robots_noarchive":false,"robots_nosnippet":false,"robots_nofollow":false,"robots_noimageindex":false,"robots_noodp":false,"robots_notranslate":false,"robots_max_snippet":null,"robots_max_videopreview":null,"robots_max_imagepreview":"large","priority":null,"frequency":null,"local_seo":null,"seo_analyzer_scan_date":"2026-02-10 18:51:58","breadcrumb_settings":null,"limit_modified_date":false,"reviewed_by":null,"open_ai":null,"ai":null,"created":"2023-07-25 23:43:52","updated":"2026-02-10 18:51:58"},"aioseo_breadcrumb":"<div class=\"aioseo-breadcrumbs\"><span class=\"aioseo-breadcrumb\">\n\t<a href=\"https:\/\/monatglobal.com\/fr\" title=\"Home\">Home<\/a>\n<\/span><span class=\"aioseo-breadcrumb-separator\">&raquo;<\/span><span class=\"aioseo-breadcrumb\">\n\tSpecial Annual Awards\n<\/span><\/div>","aioseo_breadcrumb_json":[{"label":"Home","link":"https:\/\/monatglobal.com\/fr"},{"label":"Special Annual Awards","link":"https:\/\/monatglobal.com\/fr\/special-annual-awards\/"}],"_links":{"self":[{"href":"https:\/\/monatglobal.com\/fr\/wp-json\/wp\/v2\/pages\/75831","targetHints":{"allow":["GET"]}}],"collection":[{"href":"https:\/\/monatglobal.com\/fr\/wp-json\/wp\/v2\/pages"}],"about":[{"href":"https:\/\/monatglobal.com\/fr\/wp-json\/wp\/v2\/types\/page"}],"author":[{"embeddable":true,"href":"https:\/\/monatglobal.com\/fr\/wp-json\/wp\/v2\/users\/31"}],"replies":[{"embeddable":true,"href":"https:\/\/monatglobal.com\/fr\/wp-json\/wp\/v2\/comments?post=75831"}],"version-history":[{"count":8,"href":"https:\/\/monatglobal.com\/fr\/wp-json\/wp\/v2\/pages\/75831\/revisions"}],"predecessor-version":[{"id":86224,"href":"https:\/\/monatglobal.com\/fr\/wp-json\/wp\/v2\/pages\/75831\/revisions\/86224"}],"wp:attachment":[{"href":"https:\/\/monatglobal.com\/fr\/wp-json\/wp\/v2\/media?parent=75831"}],"wp:term":[{"taxonomy":"category","embeddable":true,"href":"https:\/\/monatglobal.com\/fr\/wp-json\/wp\/v2\/categories?post=75831"},{"taxonomy":"post_tag","embeddable":true,"href":"https:\/\/monatglobal.com\/fr\/wp-json\/wp\/v2\/tags?post=75831"}],"curies":[{"name":"wp","href":"https:\/\/api.w.org\/{rel}","templated":true}]}}