{"id":75612,"date":"2022-10-31T16:49:00","date_gmt":"2022-10-31T16:49:00","guid":{"rendered":"https:\/\/monatglobal.com\/nz\/?page_id=75612"},"modified":"2026-02-26T16:31:03","modified_gmt":"2026-02-26T16:31:03","slug":"advanced-hydrating-shampoo","status":"publish","type":"page","link":"https:\/\/monatglobal.com\/fr\/advanced-hydrating-shampoo\/","title":{"rendered":"Shampooing Hydratation avanc\u00e9e\u00a0"},"content":{"rendered":"\n\n\t<link rel=\"stylesheet\" href=\"https:\/\/cdn.jsdelivr.net\/npm\/swiper@8\/swiper-bundle.min.css\" \/>\n<link rel=\"stylesheet\" href=\"https:\/\/monatglobal.com\/wp-content\/creative_css\/product_styles_sheet.css\" \/> \n    <!--==================================================== ECOMM SECTION ====================================================-->\n        <!--==================================================== Ecomm image ====================================================-->\n        <img decoding=\"async\" src=\"https:\/\/monatglobal.com\/nz\/wp-content\/uploads\/sites\/15\/2022\/10\/intense-repair-shampoo-ecomm-.png\" alt=\"Product shot of Shampooing Hydratation avanc\u00e9e.\" loading=\"lazy\"\/>\n        <!--==================================================== Ecomm information  ====================================================-->\n            \n            <h1>Shampooing<br \/>Hydratation avanc\u00e9e<\/h1>\n            <p>Avec REJUVENIQE S\u2122<\/p>\n            <p>Un l\u00e9ger nettoyant hydratant qui nourrit les cheveux fins \u00e0&nbsp;moyens.<\/p> \n            <p>237 ml \u212e 8 oz liq.<\/p>\n         <!--==================================================== pricing box  ====================================================-->\n         <p>Prix de d\u00e9tail<br \/>00.00 \u20ac<\/p>\n         <p>Prix de VIP<br \/>00.00  \u20ac<\/p>\n          <!--==================================================== pricing box  ====================================================-->  \n            <p>Pour en savoir plus sur le Shampooing Hydratation avanc\u00e9e, veuillez contacter votre Partenaire de March\u00e9&nbsp;MONAT.<\/p>\n      <a href=\"\" target=\"_blank\" role=\"button\" aria-label=\"\"><\/a>\n    <!--==================================================== \/ECOMM SECTION  ====================================================-->\n    <!--==================================================== Benefits image ====================================================-->\n    \n        <source media=\"(max-width: 700px)\" srcset=\"https:\/\/monatglobal.com\/nz\/wp-content\/uploads\/sites\/15\/2022\/10\/Advance-Hydrating-Shampoo-Benefits-Mobile.jpg\" loading=\"lazy\"\/>\n        <img decoding=\"async\" alt=\"Brunette female holding the Advanced Hydrating Shampoo in front of her face.\" src=\"https:\/\/monatglobal.com\/nz\/wp-content\/uploads\/sites\/15\/2022\/10\/Advance-hydrating-Shampoo-Benefits-Desk.jpg\" loading=\"lazy\"\/>\n    \n    <!--==================================================== Benefits text ====================================================-->\n            <h2>BIENFAITS<\/h2>\n            <h3>Il offre une dose de 20 % d&#8217;hydratation pour lutter contre les cheveux secs \u00e0 l&#8217;aide d&#8217;une technologie \u00e0 base d&#8217;acide&nbsp;hyaluronique.<\/h3>\n            <p>Ce shampooing est s\u00e9curitaire pour les cheveux color\u00e9s et nourrit les cheveux tout en les nettoyant, les laissant doux et&nbsp;radieux.<\/p>\n            <!--==================================================== features image  ====================================================-->\n            <img decoding=\"async\" alt=\"Advanced Hydrating Shampoo laying on a flat surface, along with ingredients such as lemon slices, coconut pieces, tomatoes and oil.\" src=\"https:\/\/monatglobal.com\/nz\/wp-content\/uploads\/sites\/15\/2022\/10\/Advance-Hydrating-Shampoo-Features.jpg\" loading=\"lazy\"\/>\n        <!--==================================================== features text ====================================================-->\n                <h3>Caract\u00e9ristiques<\/h3>\n                    <p>\/ Il nettoie les cheveux gr\u00e2ce aux huiles v\u00e9g\u00e9tales et de fruits d&#8217;origine naturelle, les laissant&nbsp;radieux<\/p>\n                    <p>\/ REJUVENIQE S\u2122<\/p>\n                    <br \/>\n                <p>Parfum \/ Aux notes d&#8217;orange sanguine, de coque de noix de coco, de noix de cajou et de bois de&nbsp;santal.<\/p>\n                <p> Texture \/ Cr\u00e8me<\/p>\n    <!--==================================================== composition image mobile ====================================================-->\n    <img decoding=\"async\" alt=\"Advanced Hydrating Shampoo and Advanced Hydrating Conditioner on a marble surface.\" src=\"https:\/\/monatglobal.com\/nz\/wp-content\/uploads\/sites\/15\/2022\/10\/Adavance-Hydrating-Conditioner-Comp_1.jpg\" loading=\"lazy\"\/>\n    <!--==================================================== Why it works text ====================================================-->\n        <h2>Il r\u00e9tablit l&#8217;\u00e9quilibre des cheveux fins \u00e0 moyens gr\u00e2ce \u00e0 la technologie d\u00e9salt\u00e9rante exclusive \u00e0&nbsp;MONAT.<\/h2>\n        <h3>Il augmente l&#8217;hydratation tout en nettoyant les cheveux.<\/h3>\n        <p>Un trio d&#8217;ingr\u00e9dients actifs hydratants comprenant le REJUVENIQE S\u2122, les acides hyaluroniques et les prot\u00e9ines v\u00e9g\u00e9tales laissent les cheveux plus doux et&nbsp;\u00e9quilibr\u00e9s.<\/p>\n<!--==================================================== Composition section ====================================================-->\n        <img decoding=\"async\" alt=\"Advanced Hydrating Shampoo and Advanced Hydrating Conditioner on a marble surface.\" src=\"https:\/\/monatglobal.com\/nz\/wp-content\/uploads\/sites\/15\/2022\/10\/Adavance-Hydrating-Conditioner-Comp_1.jpg\" loading=\"lazy\"\/>\n        <img decoding=\"async\" alt=\"Brunette female washing her hair in the shower with Advanced Hydrating Shampoo, overlaying a texture shot of Advanced Hydrating Shampoo.\" src=\"https:\/\/monatglobal.com\/nz\/wp-content\/uploads\/sites\/15\/2022\/10\/Advance-Hydrating-shampoo-Comp.jpg\" loading=\"lazy\"\/>\n                <!--==================================================== Directions text ====================================================--> \n                    <h3>Mode d&#8217;emploi<\/h3>\n                        <p>\/ \u00c9mulsionner dans les mains.<\/p>\n                        <p>\/ Appliquer sur cheveux mouill\u00e9s.<\/p>\n                        <p>\/ Laisser agir 1 \u00e0 2 minutes.<\/p>\n                        <p>\/ Rincer et r\u00e9p\u00e9ter l&#8217;op\u00e9ration. <\/p>\n                        <p>\/ Compl\u00e9ter avec l&#8217;Apr\u00e8s-shampooing Hydratation avanc\u00e9e.<\/p>\n                <!--==================================================== Directions video ====================================================-->\n        <p>Damage Repair <br \/>Bond-Fortifying Hair Leave-In Cr\u00e8me  <br \/>1:28<\/p>\n  <a href=\"\" target=\"_blank\"  role=\"button\" aria-label=\"\"><\/a>\n    <!--==================================================== Ingredients section  ====================================================-->\n        <h2>PRINCIPAUX INGR\u00c9DIENTS<\/h2>\n                    <img decoding=\"async\" src=\"https:\/\/monatglobal.com\/wp-content\/uploads\/2022\/11\/REJUVENIQES.svg\" alt=\"REJUVENIQE\u2122\"\/>\n                    <p> REJUVENIQE S\u2122<\/p>\n                    <img decoding=\"async\" src=\"https:\/\/monatglobal.com\/wp-content\/uploads\/2022\/11\/Hyaluronic-acid.svg\" alt=\"Technologie \u00e0 l'acide hyaluronique\"\/>\n                    <p>Technologie \u00e0 l&#8217;acide hyaluronique<\/p>\n                    <img decoding=\"async\" src=\"https:\/\/monatglobal.com\/wp-content\/uploads\/2022\/11\/Vegetable-Derived-Protein.svg\" alt=\"Prot\u00e9ine v\u00e9g\u00e9talienne\"\/>\n                    <p>Prot\u00e9ine v\u00e9g\u00e9talienne<\/p>\n        <button id=\"myBtn\" type=\"button\">LISTE D&#8217;INGR\u00c9DIENTS<\/button>\n        <!--==================================================== Modal content  ====================================================-->\n            &times;\n            <p>Aqua\/Water\/Eau, Sodium Lauroyl Methyl Isethionate, Glycerin, Sodium Cocoyl Isethionate, Lauramidopropyl Betaine, Glycol Distearate, Hydroxyethyl Diethylenetriamine Dioleamide\/Palmitamide, Acrylates Copolymer, Isoamyl Laurate, Acetyl Tetrapeptide-3, Pisum Sativum (Pea) Extract, Trifolium Pratense (Clover) Flower Extract, Hydrolyzed Pea Protein, Hydrolyzed Vegetable Protein, Limnanthes Alba (Meadowfoam) Seed Oil, Crambe Abyssinica Seed Oil, Camellia Oleifera Seed Oil, Solanum Lycopersicum (Tomato) Seed Oil, Daucus Carota Sativa (Carrot) Seed Oil, Citrus Limon (Lemon) Peel Oil, Citrus Aurantifolia (Lime) Oil, Citrus Aurantium Bergamia (Bergamot) Fruit Oil, Adansonia Digitata Oil, Mauritia Flexuosa Fruit Oil, Cocos Nucifera (Coconut) Oil, Gardenia Taitensis Flower Extract, Moringa Oleifera Seed Oil, Caryocar Brasiliense Fruit Oil, Helianthus Annuus (Sunflower) Seed Oil, Olea Europaea (Olive) Fruit Oil, Simmondsia Chinensis (Jojoba) Seed Extract, Polyquaternium-7, Sodium Hyaluronate, Hydroxyethylcellulose, Disodium Phosphate, Sodium Phosphate, Polysorbate 60, Sodium Phytate, Alcohol, Behenyl Alcohol, Cetearyl Alcohol, Hydroxyethyl Cetearamidopropyldimonium Chloride, Triisodecyl Phosphite, Coconut Acid, Sodium Isethionate, Trisodium Ethylenediamine Disuccinate, Cinnamidopropyltrimonium Chloride, Trehalose, Urea, Serine, Pentylene Glycol, Glyceryl Polyacrylate, Algin, Caprylyl Glycol, Pullulan, Potassium Phosphate, Butylene Glycol, Dextran, Methylchloroisothiazolinone, Methylisothiazolinone, Sodium Chloride, Sodium Benzoate, Potassium Sorbate, Fragrance\/Parfum, Citric Acid.<\/p>\n    <!--==================================================== You might also like section ====================================================-->\n        <h2>VOUS POURRIEZ AUSSI AIMER<\/h2>\n        <!--==================================================== Slider YOU MIGHT ALSO LIKE ====================================================-->\n        <!---->\n        <!--     -->\n                <!--==================================================== Slides products ====================================================-->\n        <!--       -->\n        <!--            <a href=\"https:\/\/monatglobal.com\/fr\/advanced-hydrating-conditioner\/\" aria-label=\"Go to Apr\u00e8s-shampooing Hydratation avanc\u00e9e page\">-->\n        <!--                <img decoding=\"async\" src=\"https:\/\/monatglobal.com\/wp-content\/uploads\/2022\/12\/Adavance-Hydrating-Conditioner-Ecomm-min.png\"alt=\"Apr\u00e8s-shampooing Hydratation avanc\u00e9e\" loading=\"lazy\"\/>-->\n        <!--                <p>Apr\u00e8s-shampooing<br \/>Hydratation avanc\u00e9e<\/p>-->\n        <!--            <\/a>-->\n        <!--        -->\n        <!--        -->\n        <!--            <a href=\"https:\/\/monatglobal.com\/fr\/moxie-magnifying-mousse\/\" aria-label=\"Go to MOUSSE AMPLIFIANTE THE MOXIE\u2122 MONAT STUDIO ONE\u2122 page\">-->\n        <!--                <img decoding=\"async\" src=\"https:\/\/monatglobal.com\/nz\/wp-content\/uploads\/sites\/15\/2022\/10\/the-moxie-ecomm-scaled-1.png\" alt=\"MOUSSE AMPLIFIANTE THE MOXIE\u2122 MONAT STUDIO ONE\u2122\" loading=\"lazy\"\/>-->\n        <!--                <p>MOUSSE AMPLIFIANTE THE MOXIE\u2122<br \/>MONAT STUDIO ONE\u2122<\/p>-->\n        <!--            <\/a>-->\n        <!--        -->\n        <!--    -->\n            <!--================================================ If we need navigation buttons  ================================================-->\n        <!--    -->\n        <!--    -->\n            <!--==================================================== If we need paginations  ====================================================-->\n        <!--    -->\n        <!---->\n         <!--==================================================== If we need navigation buttons  ====================================================-->\n         <!--==================================================== If we need paginations  ====================================================-->\n    <a href=\"\" aria-label=\"\"><\/a>\n<!--==================================================== this link has to go last for it to work   ====================================================-->\n\n","protected":false},"excerpt":{"rendered":"<p>ShampooingHydratation avanc\u00e9e Avec REJUVENIQE S\u2122 Un l\u00e9ger nettoyant hydratant qui nourrit les cheveux fins \u00e0&nbsp;moyens. 237 ml \u212e 8 oz liq. Prix de d\u00e9tail00.00 \u20ac Prix de VIP00.00 \u20ac Pour en savoir plus sur le Shampooing Hydratation avanc\u00e9e, veuillez contacter votre Partenaire de March\u00e9&nbsp;MONAT. BIENFAITS Il offre une dose de 20 % d&#8217;hydratation pour lutter&hellip;<\/p>\n","protected":false},"author":31,"featured_media":77314,"parent":0,"menu_order":0,"comment_status":"closed","ping_status":"closed","template":"","meta":{"inline_featured_image":false,"om_disable_all_campaigns":false,"_monsterinsights_skip_tracking":false,"_monsterinsights_sitenote_active":false,"_monsterinsights_sitenote_note":"","_monsterinsights_sitenote_category":0,"footnotes":""},"categories":[20],"tags":[],"class_list":["post-75612","page","type-page","status-publish","has-post-thumbnail","hentry","category-product-fr"],"aioseo_notices":[],"aioseo_head":"\n\t\t<!-- All in One SEO Pro 4.9.6 - aioseo.com -->\n\t<meta name=\"description\" content=\"ShampooingHydratation avanc\u00e9e Avec REJUVENIQE S\u2122 Un l\u00e9ger nettoyant hydratant qui nourrit les cheveux fins \u00e0 moyens. 237 ml \u212e 8 oz liq. Prix de d\u00e9tail00.00 \u20ac Prix de VIP00.00 \u20ac Pour en savoir plus sur le Shampooing Hydratation avanc\u00e9e, veuillez contacter votre Partenaire de March\u00e9 MONAT. BIENFAITS Il offre une dose de 20 % d&#039;hydratation pour lutter\" \/>\n\t<meta name=\"robots\" content=\"noindex, nofollow, max-image-preview:large\" \/>\n\t<link rel=\"canonical\" href=\"https:\/\/monatglobal.com\/fr\/advanced-hydrating-shampoo\/\" \/>\n\t<meta name=\"generator\" content=\"All in One SEO Pro (AIOSEO) 4.9.6\" \/>\n\t\t<meta property=\"og:locale\" content=\"en_US\" \/>\n\t\t<meta property=\"og:site_name\" content=\"MONAT France - We Are Modern Nature\u2122\" \/>\n\t\t<meta property=\"og:type\" content=\"article\" \/>\n\t\t<meta property=\"og:title\" content=\"Shampooing Hydratation avanc\u00e9e - MONAT France\" \/>\n\t\t<meta property=\"og:description\" content=\"ShampooingHydratation avanc\u00e9e Avec REJUVENIQE S\u2122 Un l\u00e9ger nettoyant hydratant qui nourrit les cheveux fins \u00e0 moyens. 237 ml \u212e 8 oz liq. Prix de d\u00e9tail00.00 \u20ac Prix de VIP00.00 \u20ac Pour en savoir plus sur le Shampooing Hydratation avanc\u00e9e, veuillez contacter votre Partenaire de March\u00e9 MONAT. BIENFAITS Il offre une dose de 20 % d&#039;hydratation pour lutter\" \/>\n\t\t<meta property=\"og:url\" content=\"https:\/\/monatglobal.com\/fr\/advanced-hydrating-shampoo\/\" \/>\n\t\t<meta property=\"article:published_time\" content=\"2022-10-31T16:49:00+00:00\" \/>\n\t\t<meta property=\"article:modified_time\" content=\"2026-02-26T16:31:03+00:00\" \/>\n\t\t<meta name=\"twitter:card\" content=\"summary_large_image\" \/>\n\t\t<meta name=\"twitter:title\" content=\"Shampooing Hydratation avanc\u00e9e - MONAT France\" \/>\n\t\t<meta name=\"twitter:description\" content=\"ShampooingHydratation avanc\u00e9e Avec REJUVENIQE S\u2122 Un l\u00e9ger nettoyant hydratant qui nourrit les cheveux fins \u00e0 moyens. 237 ml \u212e 8 oz liq. Prix de d\u00e9tail00.00 \u20ac Prix de VIP00.00 \u20ac Pour en savoir plus sur le Shampooing Hydratation avanc\u00e9e, veuillez contacter votre Partenaire de March\u00e9 MONAT. BIENFAITS Il offre une dose de 20 % d&#039;hydratation pour lutter\" \/>\n\t\t<script type=\"application\/ld+json\" class=\"aioseo-schema\">\n\t\t\t{\"@context\":\"https:\\\/\\\/schema.org\",\"@graph\":[{\"@type\":\"BreadcrumbList\",\"@id\":\"https:\\\/\\\/monatglobal.com\\\/fr\\\/advanced-hydrating-shampoo\\\/#breadcrumblist\",\"itemListElement\":[{\"@type\":\"ListItem\",\"@id\":\"https:\\\/\\\/monatglobal.com\\\/fr#listItem\",\"position\":1,\"name\":\"Home\",\"item\":\"https:\\\/\\\/monatglobal.com\\\/fr\",\"nextItem\":{\"@type\":\"ListItem\",\"@id\":\"https:\\\/\\\/monatglobal.com\\\/fr\\\/advanced-hydrating-shampoo\\\/#listItem\",\"name\":\"Shampooing Hydratation avanc\\u00e9e\\u00a0\"}},{\"@type\":\"ListItem\",\"@id\":\"https:\\\/\\\/monatglobal.com\\\/fr\\\/advanced-hydrating-shampoo\\\/#listItem\",\"position\":2,\"name\":\"Shampooing Hydratation avanc\\u00e9e\\u00a0\",\"previousItem\":{\"@type\":\"ListItem\",\"@id\":\"https:\\\/\\\/monatglobal.com\\\/fr#listItem\",\"name\":\"Home\"}}]},{\"@type\":\"Organization\",\"@id\":\"https:\\\/\\\/monatglobal.com\\\/fr\\\/#organization\",\"name\":\"MONAT France\",\"description\":\"We Are Modern Nature\\u2122\",\"url\":\"https:\\\/\\\/monatglobal.com\\\/fr\\\/\"},{\"@type\":\"WebPage\",\"@id\":\"https:\\\/\\\/monatglobal.com\\\/fr\\\/advanced-hydrating-shampoo\\\/#webpage\",\"url\":\"https:\\\/\\\/monatglobal.com\\\/fr\\\/advanced-hydrating-shampoo\\\/\",\"name\":\"Shampooing Hydratation avanc\\u00e9e - MONAT France\",\"description\":\"ShampooingHydratation avanc\\u00e9e Avec REJUVENIQE S\\u2122 Un l\\u00e9ger nettoyant hydratant qui nourrit les cheveux fins \\u00e0 moyens. 237 ml \\u212e 8 oz liq. Prix de d\\u00e9tail00.00 \\u20ac Prix de VIP00.00 \\u20ac Pour en savoir plus sur le Shampooing Hydratation avanc\\u00e9e, veuillez contacter votre Partenaire de March\\u00e9 MONAT. BIENFAITS Il offre une dose de 20 % d'hydratation pour lutter\",\"inLanguage\":\"en-US\",\"isPartOf\":{\"@id\":\"https:\\\/\\\/monatglobal.com\\\/fr\\\/#website\"},\"breadcrumb\":{\"@id\":\"https:\\\/\\\/monatglobal.com\\\/fr\\\/advanced-hydrating-shampoo\\\/#breadcrumblist\"},\"image\":{\"@type\":\"ImageObject\",\"url\":\"https:\\\/\\\/monatglobal.com\\\/fr\\\/wp-content\\\/uploads\\\/sites\\\/19\\\/2023\\\/06\\\/intense-repair-shampoo-ecomm-.png\",\"@id\":\"https:\\\/\\\/monatglobal.com\\\/fr\\\/advanced-hydrating-shampoo\\\/#mainImage\",\"width\":641,\"height\":800},\"primaryImageOfPage\":{\"@id\":\"https:\\\/\\\/monatglobal.com\\\/fr\\\/advanced-hydrating-shampoo\\\/#mainImage\"},\"datePublished\":\"2022-10-31T16:49:00+00:00\",\"dateModified\":\"2026-02-26T16:31:03+00:00\"},{\"@type\":\"WebSite\",\"@id\":\"https:\\\/\\\/monatglobal.com\\\/fr\\\/#website\",\"url\":\"https:\\\/\\\/monatglobal.com\\\/fr\\\/\",\"name\":\"MONAT France\",\"description\":\"We Are Modern Nature\\u2122\",\"inLanguage\":\"en-US\",\"publisher\":{\"@id\":\"https:\\\/\\\/monatglobal.com\\\/fr\\\/#organization\"}}]}\n\t\t<\/script>\n\t\t<!-- All in One SEO Pro -->\r\n\t\t<title>Shampooing Hydratation avanc\u00e9e - MONAT France<\/title>\n\n","aioseo_head_json":{"title":"Shampooing Hydratation avanc\u00e9e - MONAT France","description":"ShampooingHydratation avanc\u00e9e Avec REJUVENIQE S\u2122 Un l\u00e9ger nettoyant hydratant qui nourrit les cheveux fins \u00e0 moyens. 237 ml \u212e 8 oz liq. Prix de d\u00e9tail00.00 \u20ac Prix de VIP00.00 \u20ac Pour en savoir plus sur le Shampooing Hydratation avanc\u00e9e, veuillez contacter votre Partenaire de March\u00e9 MONAT. BIENFAITS Il offre une dose de 20 % d'hydratation pour lutter","canonical_url":"https:\/\/monatglobal.com\/fr\/advanced-hydrating-shampoo\/","robots":"noindex, nofollow, max-image-preview:large","keywords":"","webmasterTools":{"miscellaneous":""},"schema":{"@context":"https:\/\/schema.org","@graph":[{"@type":"BreadcrumbList","@id":"https:\/\/monatglobal.com\/fr\/advanced-hydrating-shampoo\/#breadcrumblist","itemListElement":[{"@type":"ListItem","@id":"https:\/\/monatglobal.com\/fr#listItem","position":1,"name":"Home","item":"https:\/\/monatglobal.com\/fr","nextItem":{"@type":"ListItem","@id":"https:\/\/monatglobal.com\/fr\/advanced-hydrating-shampoo\/#listItem","name":"Shampooing Hydratation avanc\u00e9e\u00a0"}},{"@type":"ListItem","@id":"https:\/\/monatglobal.com\/fr\/advanced-hydrating-shampoo\/#listItem","position":2,"name":"Shampooing Hydratation avanc\u00e9e\u00a0","previousItem":{"@type":"ListItem","@id":"https:\/\/monatglobal.com\/fr#listItem","name":"Home"}}]},{"@type":"Organization","@id":"https:\/\/monatglobal.com\/fr\/#organization","name":"MONAT France","description":"We Are Modern Nature\u2122","url":"https:\/\/monatglobal.com\/fr\/"},{"@type":"WebPage","@id":"https:\/\/monatglobal.com\/fr\/advanced-hydrating-shampoo\/#webpage","url":"https:\/\/monatglobal.com\/fr\/advanced-hydrating-shampoo\/","name":"Shampooing Hydratation avanc\u00e9e - MONAT France","description":"ShampooingHydratation avanc\u00e9e Avec REJUVENIQE S\u2122 Un l\u00e9ger nettoyant hydratant qui nourrit les cheveux fins \u00e0 moyens. 237 ml \u212e 8 oz liq. Prix de d\u00e9tail00.00 \u20ac Prix de VIP00.00 \u20ac Pour en savoir plus sur le Shampooing Hydratation avanc\u00e9e, veuillez contacter votre Partenaire de March\u00e9 MONAT. BIENFAITS Il offre une dose de 20 % d'hydratation pour lutter","inLanguage":"en-US","isPartOf":{"@id":"https:\/\/monatglobal.com\/fr\/#website"},"breadcrumb":{"@id":"https:\/\/monatglobal.com\/fr\/advanced-hydrating-shampoo\/#breadcrumblist"},"image":{"@type":"ImageObject","url":"https:\/\/monatglobal.com\/fr\/wp-content\/uploads\/sites\/19\/2023\/06\/intense-repair-shampoo-ecomm-.png","@id":"https:\/\/monatglobal.com\/fr\/advanced-hydrating-shampoo\/#mainImage","width":641,"height":800},"primaryImageOfPage":{"@id":"https:\/\/monatglobal.com\/fr\/advanced-hydrating-shampoo\/#mainImage"},"datePublished":"2022-10-31T16:49:00+00:00","dateModified":"2026-02-26T16:31:03+00:00"},{"@type":"WebSite","@id":"https:\/\/monatglobal.com\/fr\/#website","url":"https:\/\/monatglobal.com\/fr\/","name":"MONAT France","description":"We Are Modern Nature\u2122","inLanguage":"en-US","publisher":{"@id":"https:\/\/monatglobal.com\/fr\/#organization"}}]},"og:locale":"en_US","og:site_name":"MONAT France - We Are Modern Nature\u2122","og:type":"article","og:title":"Shampooing Hydratation avanc\u00e9e - MONAT France","og:description":"ShampooingHydratation avanc\u00e9e Avec REJUVENIQE S\u2122 Un l\u00e9ger nettoyant hydratant qui nourrit les cheveux fins \u00e0 moyens. 237 ml \u212e 8 oz liq. Prix de d\u00e9tail00.00 \u20ac Prix de VIP00.00 \u20ac Pour en savoir plus sur le Shampooing Hydratation avanc\u00e9e, veuillez contacter votre Partenaire de March\u00e9 MONAT. BIENFAITS Il offre une dose de 20 % d'hydratation pour lutter","og:url":"https:\/\/monatglobal.com\/fr\/advanced-hydrating-shampoo\/","article:published_time":"2022-10-31T16:49:00+00:00","article:modified_time":"2026-02-26T16:31:03+00:00","twitter:card":"summary_large_image","twitter:title":"Shampooing Hydratation avanc\u00e9e - MONAT France","twitter:description":"ShampooingHydratation avanc\u00e9e Avec REJUVENIQE S\u2122 Un l\u00e9ger nettoyant hydratant qui nourrit les cheveux fins \u00e0 moyens. 237 ml \u212e 8 oz liq. Prix de d\u00e9tail00.00 \u20ac Prix de VIP00.00 \u20ac Pour en savoir plus sur le Shampooing Hydratation avanc\u00e9e, veuillez contacter votre Partenaire de March\u00e9 MONAT. BIENFAITS Il offre une dose de 20 % d'hydratation pour lutter"},"aioseo_meta_data":{"post_id":"75612","title":null,"description":null,"keywords":null,"keyphrases":null,"primary_term":null,"canonical_url":null,"og_title":null,"og_description":null,"og_object_type":"default","og_image_type":"default","og_image_url":null,"og_image_width":null,"og_image_height":null,"og_image_custom_url":null,"og_image_custom_fields":null,"og_video":null,"og_custom_url":null,"og_article_section":null,"og_article_tags":null,"twitter_use_og":false,"twitter_card":"default","twitter_image_type":"default","twitter_image_url":null,"twitter_image_custom_url":null,"twitter_image_custom_fields":null,"twitter_title":null,"twitter_description":null,"schema":{"blockGraphs":[],"customGraphs":[],"default":{"data":{"Article":[],"Course":[],"Dataset":[],"FAQPage":[],"Movie":[],"Person":[],"Product":[],"ProductReview":[],"Car":[],"Recipe":[],"Service":[],"SoftwareApplication":[],"WebPage":[]},"graphName":"WebPage","isEnabled":true},"graphs":[]},"schema_type":"default","schema_type_options":null,"pillar_content":false,"robots_default":true,"robots_noindex":false,"robots_noarchive":false,"robots_nosnippet":false,"robots_nofollow":false,"robots_noimageindex":false,"robots_noodp":false,"robots_notranslate":false,"robots_max_snippet":null,"robots_max_videopreview":null,"robots_max_imagepreview":"large","priority":null,"frequency":null,"local_seo":null,"seo_analyzer_scan_date":"2026-02-26 16:59:48","breadcrumb_settings":null,"limit_modified_date":false,"reviewed_by":null,"open_ai":null,"ai":null,"created":"2023-07-25 23:43:52","updated":"2026-02-26 17:33:47"},"aioseo_breadcrumb":"<div class=\"aioseo-breadcrumbs\"><span class=\"aioseo-breadcrumb\">\n\t<a href=\"https:\/\/monatglobal.com\/fr\" title=\"Home\">Home<\/a>\n<\/span><span class=\"aioseo-breadcrumb-separator\">&raquo;<\/span><span class=\"aioseo-breadcrumb\">\n\tShampooing Hydratation avanc\u00e9e \n<\/span><\/div>","aioseo_breadcrumb_json":[{"label":"Home","link":"https:\/\/monatglobal.com\/fr"},{"label":"Shampooing Hydratation avanc\u00e9e\u00a0","link":"https:\/\/monatglobal.com\/fr\/advanced-hydrating-shampoo\/"}],"_links":{"self":[{"href":"https:\/\/monatglobal.com\/fr\/wp-json\/wp\/v2\/pages\/75612","targetHints":{"allow":["GET"]}}],"collection":[{"href":"https:\/\/monatglobal.com\/fr\/wp-json\/wp\/v2\/pages"}],"about":[{"href":"https:\/\/monatglobal.com\/fr\/wp-json\/wp\/v2\/types\/page"}],"author":[{"embeddable":true,"href":"https:\/\/monatglobal.com\/fr\/wp-json\/wp\/v2\/users\/31"}],"replies":[{"embeddable":true,"href":"https:\/\/monatglobal.com\/fr\/wp-json\/wp\/v2\/comments?post=75612"}],"version-history":[{"count":40,"href":"https:\/\/monatglobal.com\/fr\/wp-json\/wp\/v2\/pages\/75612\/revisions"}],"predecessor-version":[{"id":109439,"href":"https:\/\/monatglobal.com\/fr\/wp-json\/wp\/v2\/pages\/75612\/revisions\/109439"}],"wp:featuredmedia":[{"embeddable":true,"href":"https:\/\/monatglobal.com\/fr\/wp-json\/wp\/v2\/media\/77314"}],"wp:attachment":[{"href":"https:\/\/monatglobal.com\/fr\/wp-json\/wp\/v2\/media?parent=75612"}],"wp:term":[{"taxonomy":"category","embeddable":true,"href":"https:\/\/monatglobal.com\/fr\/wp-json\/wp\/v2\/categories?post=75612"},{"taxonomy":"post_tag","embeddable":true,"href":"https:\/\/monatglobal.com\/fr\/wp-json\/wp\/v2\/tags?post=75612"}],"curies":[{"name":"wp","href":"https:\/\/api.w.org\/{rel}","templated":true}]}}