{"id":75517,"date":"2022-10-27T21:42:30","date_gmt":"2022-10-27T21:42:30","guid":{"rendered":"https:\/\/monatglobal.com\/nz\/?page_id=75517"},"modified":"2025-02-27T18:04:06","modified_gmt":"2025-02-27T18:04:06","slug":"contact","status":"publish","type":"page","link":"https:\/\/monatglobal.com\/fr\/contact\/","title":{"rendered":"Contact"},"content":{"rendered":"\n<p>Remarque importante :  Pour votre protection, n&#8217;envoyez jamais les renseignements concernant les cartes de cr\u00e9dit<br>ou les renseignements sensibles par courriel ou pendant les sessions de clavardage.<\/p>\n    <h1>Nous Contacter<\/h1> \n    <h2>E-mail<\/h2>\n                <a href=\"mailto:FRserviceclient@monatglobal.com.\">FRserviceclient@monatglobal.com. \u2197<\/a>\n                <p>Service \u00e0 la client\u00e8le et aux PM<\/p>\n                <a href=\"mailto:FRevents@monatglobal.com\">FRevents@monatglobal.com \u2197<\/a>\n                <p>Soutien pour les \u00e9v\u00e8nements<\/p>\n    <h2>Par t\u00e9l\u00e9phone<\/h2>\n                <p><a href=\"tel:0805 102 849\">0805 102 849<\/a><\/p>\n                <p>Service \u00e0 la client\u00e8le et aux PM<\/p>\n                <!--<p>Service \u00e0 la client\u00e8le<\/p>-->\n                <p>Du lundi au vendredi : 10:00 \u00e0 18:30 CET<\/p>\n                <!--<p>Samedi : 14:00 h \u00e0 18:00 CET<\/p>\n                <p>Dimanche :14:00 h \u00e0 18:00 CET<\/p>-->\n                <!--<ul>-->\n                <!--    <li>Commandes<\/li>-->\n                <!--    <li>Commandes Flexship<\/li>-->\n                <!--    <li>Inscriptions<\/li>-->\n                <!--    <li>Remplacements<\/li>-->\n                <!--    <li>Remboursements<\/li>-->\n                <!--    <li>Questions g\u00e9n\u00e9rales<\/li>-->\n                <!--<\/ul>-->\n        <!---->\n        <!--    -->\n        <!--        <p><a href=\"tel:0805 102 850\">0805 102 850<\/a><\/p>-->\n        <!--        <p>Pour leaders seulement<\/p>-->\n        <!--    -->\n        <!--    -->\n        <!--        <p>Service \u00e0 PM<\/p>-->\n        <!--        <p>Du lundi au vendredi : 10:00 \u00e0 18:30 CET<\/p>-->\n        <!--        <p>Samedi : 14:00 h \u00e0 18:00 CET<\/p>-->\n        <!--        <p>Dimanche :14:00 h \u00e0 18:00 CET<\/p>-->\n        <!--        <ul>-->\n        <!--            <li>Plan de r\u00e9mun\u00e9ration<\/li>-->\n        <!--            <li>Incitatifs<\/li>-->\n        <!--            <li>Rapports<\/li>-->\n        <!--            <li>Renouvellements<\/li>-->\n        <!--            <li>R\u00e9activations<\/li>-->\n        <!--            <li>Questions fiscales<\/li>-->\n        <!--        <\/ul>-->\n        <!--    -->\n        <!---->\n    <h2>Par la poste<\/h2>\n    <p>78 avenue des Champs Elys\u00e9es <\/p>\n    <p>75008 Paris<\/p>\n      \n    <h1>Head Office Info<\/h1>\n    <h2>By E-mail<\/h2>\n            <a href=\"mailto:productquestions@monatglobal.com \">productquestions@monatglobal.com \u2197<\/a>\n            <p>For questions regarding product ingredients and usage<\/p>\n            <a href=\"mailto:MPCareUSA@monatglobal.com\">MPCareUSA@monatglobal.com \u2197<\/a>\n            <p>Market Partner<\/p>\n            <a href=\"mailto:MPCareUSA_ESP@monatglobal.com\">MPCareUSA_ESP@monatglobal.com \u2197<\/a>\n            <p>Market Partner Spanish<\/p>\n            <a href=\"mailto:CustomerCareUSA@monatglobal.com\">CustomerCareUSA@monatglobal.com \u2197<\/a>\n            <p>VIP &amp; Retail Customer<\/p>\n            <a href=\"mailto:CustomerCareUSA_ESP@monatglobal.com\">CustomerCareUSA_ESP@monatglobal.com \u2197<\/a>\n            <p>VIP &amp; Retail Customer Spanish<\/p>\n            <a href=\"mailto:media@monatglobal.com\">media@monatglobal.com \u2197<\/a>\n            <p>Media inquiries<\/p>\n            <a href=\"mailto:gratitude@monatglobal.com\">gratitude@monatglobal.com \u2197 <\/a>\n            <p>Gratitude ideas<\/p>\n            <a href=\"mailto:recognition@monatglobal.com\">recognition@monatglobal.com \u2197<\/a>\n            <p>Recognition inquiries<\/p>\n            <a href=\"mailto:brandguidelines@monatglobal.com\">brandguidelines@monatglobal.com \u2197<\/a>\n            <p>Use of MONAT logo, participation in trade shows<\/p>\n            <a href=\"mailto:toursusa@monatglobal.com\">toursusa@monatglobal.com \u2197<\/a>\n            <p>Home Office visits or tours<\/p>\n    <h2>By Telephone<\/h2>\n                <p>(888) 867- 9987<\/p>\n                <p>Retail, VIP Customer &amp; Market Partner Care (USA)<\/p>\n                <p>(855) 450-0055<\/p>\n                <p>Retail, VIP Customer &amp; Market Partner Care (Puerto Rico)<\/p>\n                <p>Customer Care Hours<\/p>\n                <p>Monday to Friday: 8 a.m. &#8211; 11:00 p.m. EST<\/p>\n                <p>Saturday to Sunday: 8:00 a.m. &#8211; 5:00 p.m. EST<\/p>\n    <h2>By Mail<\/h2>\n    <p>78 avenue des Champs Elys\u00e9es <\/p>\n    <p>75008 Paris<\/p>\n","protected":false},"excerpt":{"rendered":"<p>Remarque importante : Pour votre protection, n&#8217;envoyez jamais les renseignements concernant les cartes de cr\u00e9ditou les renseignements sensibles par courriel ou pendant les sessions de clavardage. Nous Contacter E-mail FRserviceclient@monatglobal.com. \u2197 Service \u00e0 la client\u00e8le et aux PM FRevents@monatglobal.com \u2197 Soutien pour les \u00e9v\u00e8nements Par t\u00e9l\u00e9phone 0805 102 849 Service \u00e0 la client\u00e8le et aux&hellip;<\/p>\n","protected":false},"author":31,"featured_media":0,"parent":0,"menu_order":0,"comment_status":"closed","ping_status":"closed","template":"","meta":{"inline_featured_image":false,"om_disable_all_campaigns":false,"_monsterinsights_skip_tracking":false,"_monsterinsights_sitenote_active":false,"_monsterinsights_sitenote_note":"","_monsterinsights_sitenote_category":0,"footnotes":""},"categories":[],"tags":[],"class_list":["post-75517","page","type-page","status-publish","hentry"],"aioseo_notices":[],"aioseo_head":"\n\t\t<!-- All in One SEO Pro 4.9.5.2 - aioseo.com -->\n\t<meta name=\"description\" content=\"Remarque importante : Pour votre protection, n&#039;envoyez jamais les renseignements concernant les cartes de cr\u00e9ditou les renseignements sensibles par courriel ou pendant les sessions de clavardage. Nous Contacter E-mail FRserviceclient@monatglobal.com. \u2197 Service \u00e0 la client\u00e8le et aux PM FRevents@monatglobal.com \u2197 Soutien pour les \u00e9v\u00e8nements Par t\u00e9l\u00e9phone 0805 102 849 Service \u00e0 la client\u00e8le et aux\" \/>\n\t<meta name=\"robots\" content=\"noindex, nofollow, max-image-preview:large\" \/>\n\t<link rel=\"canonical\" href=\"https:\/\/monatglobal.com\/fr\/contact\/\" \/>\n\t<meta name=\"generator\" content=\"All in One SEO Pro (AIOSEO) 4.9.5.2\" \/>\n\t\t<meta property=\"og:locale\" content=\"en_US\" \/>\n\t\t<meta property=\"og:site_name\" content=\"MONAT France - We Are Modern Nature\u2122\" \/>\n\t\t<meta property=\"og:type\" content=\"article\" \/>\n\t\t<meta property=\"og:title\" content=\"Contact - MONAT France\" \/>\n\t\t<meta property=\"og:description\" content=\"Remarque importante : Pour votre protection, n&#039;envoyez jamais les renseignements concernant les cartes de cr\u00e9ditou les renseignements sensibles par courriel ou pendant les sessions de clavardage. Nous Contacter E-mail FRserviceclient@monatglobal.com. \u2197 Service \u00e0 la client\u00e8le et aux PM FRevents@monatglobal.com \u2197 Soutien pour les \u00e9v\u00e8nements Par t\u00e9l\u00e9phone 0805 102 849 Service \u00e0 la client\u00e8le et aux\" \/>\n\t\t<meta property=\"og:url\" content=\"https:\/\/monatglobal.com\/fr\/contact\/\" \/>\n\t\t<meta property=\"article:published_time\" content=\"2022-10-27T21:42:30+00:00\" \/>\n\t\t<meta property=\"article:modified_time\" content=\"2025-02-27T18:04:06+00:00\" \/>\n\t\t<meta name=\"twitter:card\" content=\"summary_large_image\" \/>\n\t\t<meta name=\"twitter:title\" content=\"Contact - MONAT France\" \/>\n\t\t<meta name=\"twitter:description\" content=\"Remarque importante : Pour votre protection, n&#039;envoyez jamais les renseignements concernant les cartes de cr\u00e9ditou les renseignements sensibles par courriel ou pendant les sessions de clavardage. Nous Contacter E-mail FRserviceclient@monatglobal.com. \u2197 Service \u00e0 la client\u00e8le et aux PM FRevents@monatglobal.com \u2197 Soutien pour les \u00e9v\u00e8nements Par t\u00e9l\u00e9phone 0805 102 849 Service \u00e0 la client\u00e8le et aux\" \/>\n\t\t<script type=\"application\/ld+json\" class=\"aioseo-schema\">\n\t\t\t{\"@context\":\"https:\\\/\\\/schema.org\",\"@graph\":[{\"@type\":\"BreadcrumbList\",\"@id\":\"https:\\\/\\\/monatglobal.com\\\/fr\\\/contact\\\/#breadcrumblist\",\"itemListElement\":[{\"@type\":\"ListItem\",\"@id\":\"https:\\\/\\\/monatglobal.com\\\/fr#listItem\",\"position\":1,\"name\":\"Home\",\"item\":\"https:\\\/\\\/monatglobal.com\\\/fr\",\"nextItem\":{\"@type\":\"ListItem\",\"@id\":\"https:\\\/\\\/monatglobal.com\\\/fr\\\/contact\\\/#listItem\",\"name\":\"Contact\"}},{\"@type\":\"ListItem\",\"@id\":\"https:\\\/\\\/monatglobal.com\\\/fr\\\/contact\\\/#listItem\",\"position\":2,\"name\":\"Contact\",\"previousItem\":{\"@type\":\"ListItem\",\"@id\":\"https:\\\/\\\/monatglobal.com\\\/fr#listItem\",\"name\":\"Home\"}}]},{\"@type\":\"Organization\",\"@id\":\"https:\\\/\\\/monatglobal.com\\\/fr\\\/#organization\",\"name\":\"MONAT France\",\"description\":\"We Are Modern Nature\\u2122\",\"url\":\"https:\\\/\\\/monatglobal.com\\\/fr\\\/\"},{\"@type\":\"WebPage\",\"@id\":\"https:\\\/\\\/monatglobal.com\\\/fr\\\/contact\\\/#webpage\",\"url\":\"https:\\\/\\\/monatglobal.com\\\/fr\\\/contact\\\/\",\"name\":\"Contact - MONAT France\",\"description\":\"Remarque importante : Pour votre protection, n'envoyez jamais les renseignements concernant les cartes de cr\\u00e9ditou les renseignements sensibles par courriel ou pendant les sessions de clavardage. Nous Contacter E-mail FRserviceclient@monatglobal.com. \\u2197 Service \\u00e0 la client\\u00e8le et aux PM FRevents@monatglobal.com \\u2197 Soutien pour les \\u00e9v\\u00e8nements Par t\\u00e9l\\u00e9phone 0805 102 849 Service \\u00e0 la client\\u00e8le et aux\",\"inLanguage\":\"en-US\",\"isPartOf\":{\"@id\":\"https:\\\/\\\/monatglobal.com\\\/fr\\\/#website\"},\"breadcrumb\":{\"@id\":\"https:\\\/\\\/monatglobal.com\\\/fr\\\/contact\\\/#breadcrumblist\"},\"datePublished\":\"2022-10-27T21:42:30+01:00\",\"dateModified\":\"2025-02-27T18:04:06+00:00\"},{\"@type\":\"WebSite\",\"@id\":\"https:\\\/\\\/monatglobal.com\\\/fr\\\/#website\",\"url\":\"https:\\\/\\\/monatglobal.com\\\/fr\\\/\",\"name\":\"MONAT France\",\"description\":\"We Are Modern Nature\\u2122\",\"inLanguage\":\"en-US\",\"publisher\":{\"@id\":\"https:\\\/\\\/monatglobal.com\\\/fr\\\/#organization\"}}]}\n\t\t<\/script>\n\t\t<!-- All in One SEO Pro -->\r\n\t\t<title>Contact - MONAT France<\/title>\n\n","aioseo_head_json":{"title":"Contact - MONAT France","description":"Remarque importante : Pour votre protection, n'envoyez jamais les renseignements concernant les cartes de cr\u00e9ditou les renseignements sensibles par courriel ou pendant les sessions de clavardage. Nous Contacter E-mail FRserviceclient@monatglobal.com. \u2197 Service \u00e0 la client\u00e8le et aux PM FRevents@monatglobal.com \u2197 Soutien pour les \u00e9v\u00e8nements Par t\u00e9l\u00e9phone 0805 102 849 Service \u00e0 la client\u00e8le et aux","canonical_url":"https:\/\/monatglobal.com\/fr\/contact\/","robots":"noindex, nofollow, max-image-preview:large","keywords":"","webmasterTools":{"miscellaneous":""},"schema":{"@context":"https:\/\/schema.org","@graph":[{"@type":"BreadcrumbList","@id":"https:\/\/monatglobal.com\/fr\/contact\/#breadcrumblist","itemListElement":[{"@type":"ListItem","@id":"https:\/\/monatglobal.com\/fr#listItem","position":1,"name":"Home","item":"https:\/\/monatglobal.com\/fr","nextItem":{"@type":"ListItem","@id":"https:\/\/monatglobal.com\/fr\/contact\/#listItem","name":"Contact"}},{"@type":"ListItem","@id":"https:\/\/monatglobal.com\/fr\/contact\/#listItem","position":2,"name":"Contact","previousItem":{"@type":"ListItem","@id":"https:\/\/monatglobal.com\/fr#listItem","name":"Home"}}]},{"@type":"Organization","@id":"https:\/\/monatglobal.com\/fr\/#organization","name":"MONAT France","description":"We Are Modern Nature\u2122","url":"https:\/\/monatglobal.com\/fr\/"},{"@type":"WebPage","@id":"https:\/\/monatglobal.com\/fr\/contact\/#webpage","url":"https:\/\/monatglobal.com\/fr\/contact\/","name":"Contact - MONAT France","description":"Remarque importante : Pour votre protection, n'envoyez jamais les renseignements concernant les cartes de cr\u00e9ditou les renseignements sensibles par courriel ou pendant les sessions de clavardage. Nous Contacter E-mail FRserviceclient@monatglobal.com. \u2197 Service \u00e0 la client\u00e8le et aux PM FRevents@monatglobal.com \u2197 Soutien pour les \u00e9v\u00e8nements Par t\u00e9l\u00e9phone 0805 102 849 Service \u00e0 la client\u00e8le et aux","inLanguage":"en-US","isPartOf":{"@id":"https:\/\/monatglobal.com\/fr\/#website"},"breadcrumb":{"@id":"https:\/\/monatglobal.com\/fr\/contact\/#breadcrumblist"},"datePublished":"2022-10-27T21:42:30+01:00","dateModified":"2025-02-27T18:04:06+00:00"},{"@type":"WebSite","@id":"https:\/\/monatglobal.com\/fr\/#website","url":"https:\/\/monatglobal.com\/fr\/","name":"MONAT France","description":"We Are Modern Nature\u2122","inLanguage":"en-US","publisher":{"@id":"https:\/\/monatglobal.com\/fr\/#organization"}}]},"og:locale":"en_US","og:site_name":"MONAT France - We Are Modern Nature\u2122","og:type":"article","og:title":"Contact - MONAT France","og:description":"Remarque importante : Pour votre protection, n'envoyez jamais les renseignements concernant les cartes de cr\u00e9ditou les renseignements sensibles par courriel ou pendant les sessions de clavardage. Nous Contacter E-mail FRserviceclient@monatglobal.com. \u2197 Service \u00e0 la client\u00e8le et aux PM FRevents@monatglobal.com \u2197 Soutien pour les \u00e9v\u00e8nements Par t\u00e9l\u00e9phone 0805 102 849 Service \u00e0 la client\u00e8le et aux","og:url":"https:\/\/monatglobal.com\/fr\/contact\/","article:published_time":"2022-10-27T21:42:30+00:00","article:modified_time":"2025-02-27T18:04:06+00:00","twitter:card":"summary_large_image","twitter:title":"Contact - MONAT France","twitter:description":"Remarque importante : Pour votre protection, n'envoyez jamais les renseignements concernant les cartes de cr\u00e9ditou les renseignements sensibles par courriel ou pendant les sessions de clavardage. Nous Contacter E-mail FRserviceclient@monatglobal.com. \u2197 Service \u00e0 la client\u00e8le et aux PM FRevents@monatglobal.com \u2197 Soutien pour les \u00e9v\u00e8nements Par t\u00e9l\u00e9phone 0805 102 849 Service \u00e0 la client\u00e8le et aux"},"aioseo_meta_data":{"post_id":"75517","title":null,"description":null,"keywords":null,"keyphrases":{"focus":{"keyphrase":"","score":0,"analysis":{"keyphraseInTitle":{"score":0,"maxScore":9,"error":1}}},"additional":[]},"primary_term":null,"canonical_url":null,"og_title":null,"og_description":null,"og_object_type":"default","og_image_type":"default","og_image_url":null,"og_image_width":null,"og_image_height":null,"og_image_custom_url":null,"og_image_custom_fields":null,"og_video":"","og_custom_url":null,"og_article_section":null,"og_article_tags":null,"twitter_use_og":false,"twitter_card":"default","twitter_image_type":"default","twitter_image_url":null,"twitter_image_custom_url":null,"twitter_image_custom_fields":null,"twitter_title":null,"twitter_description":null,"schema":{"blockGraphs":[],"customGraphs":[],"default":{"data":{"Article":[],"Course":[],"Dataset":[],"FAQPage":[],"Movie":[],"Person":[],"Product":[],"ProductReview":[],"Car":[],"Recipe":[],"Service":[],"SoftwareApplication":[],"WebPage":[]},"graphName":"WebPage","isEnabled":true},"graphs":[]},"schema_type":"default","schema_type_options":null,"pillar_content":false,"robots_default":true,"robots_noindex":false,"robots_noarchive":false,"robots_nosnippet":false,"robots_nofollow":false,"robots_noimageindex":false,"robots_noodp":false,"robots_notranslate":false,"robots_max_snippet":"-1","robots_max_videopreview":"-1","robots_max_imagepreview":"large","priority":null,"frequency":"default","local_seo":null,"seo_analyzer_scan_date":"2026-02-10 18:51:50","breadcrumb_settings":null,"limit_modified_date":false,"reviewed_by":null,"open_ai":null,"ai":null,"created":"2023-07-25 23:43:52","updated":"2026-02-10 18:51:50"},"aioseo_breadcrumb":"<div class=\"aioseo-breadcrumbs\"><span class=\"aioseo-breadcrumb\">\n\t<a href=\"https:\/\/monatglobal.com\/fr\" title=\"Home\">Home<\/a>\n<\/span><span class=\"aioseo-breadcrumb-separator\">&raquo;<\/span><span class=\"aioseo-breadcrumb\">\n\tContact\n<\/span><\/div>","aioseo_breadcrumb_json":[{"label":"Home","link":"https:\/\/monatglobal.com\/fr"},{"label":"Contact","link":"https:\/\/monatglobal.com\/fr\/contact\/"}],"_links":{"self":[{"href":"https:\/\/monatglobal.com\/fr\/wp-json\/wp\/v2\/pages\/75517","targetHints":{"allow":["GET"]}}],"collection":[{"href":"https:\/\/monatglobal.com\/fr\/wp-json\/wp\/v2\/pages"}],"about":[{"href":"https:\/\/monatglobal.com\/fr\/wp-json\/wp\/v2\/types\/page"}],"author":[{"embeddable":true,"href":"https:\/\/monatglobal.com\/fr\/wp-json\/wp\/v2\/users\/31"}],"replies":[{"embeddable":true,"href":"https:\/\/monatglobal.com\/fr\/wp-json\/wp\/v2\/comments?post=75517"}],"version-history":[{"count":12,"href":"https:\/\/monatglobal.com\/fr\/wp-json\/wp\/v2\/pages\/75517\/revisions"}],"predecessor-version":[{"id":86646,"href":"https:\/\/monatglobal.com\/fr\/wp-json\/wp\/v2\/pages\/75517\/revisions\/86646"}],"wp:attachment":[{"href":"https:\/\/monatglobal.com\/fr\/wp-json\/wp\/v2\/media?parent=75517"}],"wp:term":[{"taxonomy":"category","embeddable":true,"href":"https:\/\/monatglobal.com\/fr\/wp-json\/wp\/v2\/categories?post=75517"},{"taxonomy":"post_tag","embeddable":true,"href":"https:\/\/monatglobal.com\/fr\/wp-json\/wp\/v2\/tags?post=75517"}],"curies":[{"name":"wp","href":"https:\/\/api.w.org\/{rel}","templated":true}]}}