{"id":75179,"date":"2023-05-03T11:00:48","date_gmt":"2023-05-03T11:00:48","guid":{"rendered":"https:\/\/monatglobal.com\/nz\/?page_id=75179"},"modified":"2025-01-28T13:45:33","modified_gmt":"2025-01-28T13:45:33","slug":"culture","status":"publish","type":"page","link":"https:\/\/monatglobal.com\/fr\/culture\/","title":{"rendered":"La culture de MONAT | La mission de MONAT"},"content":{"rendered":"\n\n\t<link rel=\"stylesheet\" href=\"https:\/\/unpkg.com\/swiper\/swiper-bundle.min.css\" \/>\n<section id=\"welcomeSec\"> \n            <p>Bienvenue au<\/p>\n            <img decoding=\"async\" src=\"https:\/\/monatglobal.com\/wp-content\/uploads\/2022\/10\/Rectangle-15Imagen1-1.png\" loading=\"lazy\"\/>\n            <img decoding=\"async\" src=\"https:\/\/monatglobal.com\/wp-content\/uploads\/2022\/10\/193168168a50b2ff3e7a2b160179a2b9-min.gif\" loading=\"lazy\"\/>\n            <p>sein de la<\/p>\n            <p>famille MONAT !<\/p>\n            <img decoding=\"async\" src=\"https:\/\/monatglobal.com\/wp-content\/uploads\/2022\/10\/Rectangle-16Imagen3-1.png\" loading=\"lazy\"\/>\n        <p>La culture MONAT<\/p>\n<\/section>\n<section id=\"aboutSec\">\n        <img decoding=\"async\" src=\"https:\/\/monatglobal.com\/wp-content\/uploads\/2022\/10\/Group-151circulo.png\" loading=\"lazy\"\/>\n            <h2>Chez MONAT, nous sommes fiers des produits naturels que nous cr\u00e9ons, mais nous sommes bien plus que de beaux cheveux et une belle peau ! <\/h2>\n            <p>Nous sommes surtout fiers des vies que nous changeons gr\u00e2ce \u00e0 notre incroyable opportunit\u00e9  d&#8217;affaires, parce que changer des vies est le v\u00e9ritable but de notre&nbsp;compagnie.<\/p>\n<\/section> \n<section id=\"largeSec\">\n                <h2>Notre mission est d&#8217;aider des personnes partout dans le monde \u00e0 profiter d&#8217;une vie belle, saine et \u00e9panouissante gr\u00e2ce \u00e0 nos produits \u00e0 base d&#8217;ingr\u00e9dients naturels exceptionnels, \u00e0 notre opportunit\u00e9 commerciale amusante et gratifiante et \u00e0 notre culture de la famille, du service et de la gratitude.<\/h2>\n                            <img decoding=\"async\" src=\"https:\/\/monatglobal.com\/wp-content\/uploads\/2022\/10\/slider3.jpg\" alt=\"\" loading=\"lazy\"\/>\n                            <img decoding=\"async\" src=\"https:\/\/monatglobal.com\/wp-content\/uploads\/2022\/10\/slider1.jpg\" alt=\"\" loading=\"lazy\"\/>\n                            <img decoding=\"async\" src=\"https:\/\/monatglobal.com\/wp-content\/uploads\/2022\/10\/slider2.jpg\" alt=\"\" loading=\"lazy\"\/>\n                <img decoding=\"async\" src=\"https:\/\/monatglobal.com\/wp-content\/uploads\/2022\/10\/hover1.jpg\" loading=\"lazy\"\/>\n                    <h2>PRODUITS NATURELS<\/h2>\n                <img decoding=\"async\" src=\"https:\/\/monatglobal.com\/wp-content\/uploads\/2022\/10\/hover2.jpg\" loading=\"lazy\"\/>\n                    <h2>OPPORTUNIT\u00c9 AMUSANTE ET ENRICHISSANTE<\/h2>\n                <img decoding=\"async\" src=\"https:\/\/monatglobal.com\/wp-content\/uploads\/2022\/10\/hover3-1.jpg\"  loading=\"lazy\"\/>\n                    <h2>CULTURE DE LA FAMILLE, DU SERVICE ET DE LA GRATITUDE<\/h2>\n            <h2>Nous nous engageons \u00e0 respecter des valeurs fondamentales qui font partie de toutes les d\u00e9cisions que nous prenons<\/h2>\n            <img decoding=\"async\" src=\"https:\/\/monatglobal.com\/wp-content\/uploads\/2022\/10\/Rectangle-230familia-con-perrito.jpg\" loading=\"lazy\"\/> \n                <h2>Nous nous engageons \u00e0 respecter des valeurs fondamentales qui font partie de toutes les d\u00e9cisions que nous prenons. <\/h2>\n                <p>Nous travaillons afin d&#8217;avoir une incidence positive et significative sur la vie des gens. Surtout, nous croyons que la famille passe avant tout &#8211; et nous croyons que nos Partenaires de March\u00e9 et leurs clients doivent toujours \u00eatre trait\u00e9s comme des membres de la&nbsp;famille. <\/p>\n<\/section>\n<section id=\"philosophySec\">\n        <img decoding=\"async\" src=\"https:\/\/monatglobal.com\/wp-content\/uploads\/2022\/10\/EJR09178-1Philosofy2.jpg\" loading=\"lazy\"\/>\n                <h2>Notre philosophie est tr\u00e8s simple<\/h2>\n                <h3>Nous r\u00e9ussissons lorsque nous aidons les autres \u00e0 r\u00e9ussir.<\/h3>\n                <p>Nous sommes heureux lorsque nous aidons les autres \u00e0 conna\u00eetre le bonheur. Chez MONAT, nous aidons les gens \u00e0 vivre une belle vie, \u00e0 l&#8217;int\u00e9rieur comme \u00e0 l&#8217;ext\u00e9rieur. Cela inclut \u00eatre reconnaissants pour tout ce que nous avons et redonner aux communaut\u00e9s dans lesquelles nous habitons et nous prosp\u00e9rons !<\/p>\n        <img decoding=\"async\" src=\"https:\/\/monatglobal.com\/wp-content\/uploads\/2022\/10\/Component-7Pholosophy.jpg\" loading=\"lazy\"\/>\n        <img decoding=\"async\" src=\"https:\/\/monatglobal.com\/wp-content\/uploads\/2022\/10\/EJR09178-1Philosofy2.jpg\" loading=\"lazy\"\/>\n<\/section>\n\n","protected":false},"excerpt":{"rendered":"<p>Bienvenue au sein de la famille MONAT ! La culture MONAT Chez MONAT, nous sommes fiers des produits naturels que nous cr\u00e9ons, mais nous sommes bien plus que de beaux cheveux et une belle peau ! Nous sommes surtout fiers des vies que nous changeons gr\u00e2ce \u00e0 notre incroyable opportunit\u00e9 d&#8217;affaires, parce que changer des&hellip;<\/p>\n","protected":false},"author":31,"featured_media":0,"parent":0,"menu_order":0,"comment_status":"closed","ping_status":"closed","template":"","meta":{"inline_featured_image":false,"om_disable_all_campaigns":false,"_monsterinsights_skip_tracking":false,"_monsterinsights_sitenote_active":false,"_monsterinsights_sitenote_note":"","_monsterinsights_sitenote_category":0,"footnotes":""},"categories":[],"tags":[],"class_list":["post-75179","page","type-page","status-publish","hentry"],"aioseo_notices":[],"aioseo_head":"\n\t\t<!-- All in One SEO Pro 4.9.5.2 - aioseo.com -->\n\t<meta name=\"description\" content=\"Bienvenue au sein de la famille MONAT ! La culture MONAT Chez MONAT, nous sommes fiers des produits naturels que nous cr\u00e9ons, mais nous sommes bien plus que de beaux cheveux et une belle peau ! Nous sommes surtout fiers des vies que nous changeons gr\u00e2ce \u00e0 notre incroyable opportunit\u00e9 d&#039;affaires, parce que changer des\" \/>\n\t<meta name=\"robots\" content=\"noindex, nofollow, max-image-preview:large\" \/>\n\t<link rel=\"canonical\" href=\"https:\/\/monatglobal.com\/fr\/culture\/\" \/>\n\t<meta name=\"generator\" content=\"All in One SEO Pro (AIOSEO) 4.9.5.2\" \/>\n\t\t<meta property=\"og:locale\" content=\"en_US\" \/>\n\t\t<meta property=\"og:site_name\" content=\"MONAT France - We Are Modern Nature\u2122\" \/>\n\t\t<meta property=\"og:type\" content=\"article\" \/>\n\t\t<meta property=\"og:title\" content=\"La culture de MONAT | La mission de MONAT - MONAT France\" \/>\n\t\t<meta property=\"og:description\" content=\"Bienvenue au sein de la famille MONAT ! La culture MONAT Chez MONAT, nous sommes fiers des produits naturels que nous cr\u00e9ons, mais nous sommes bien plus que de beaux cheveux et une belle peau ! Nous sommes surtout fiers des vies que nous changeons gr\u00e2ce \u00e0 notre incroyable opportunit\u00e9 d&#039;affaires, parce que changer des\" \/>\n\t\t<meta property=\"og:url\" content=\"https:\/\/monatglobal.com\/fr\/culture\/\" \/>\n\t\t<meta property=\"article:published_time\" content=\"2023-05-03T11:00:48+00:00\" \/>\n\t\t<meta property=\"article:modified_time\" content=\"2025-01-28T13:45:33+00:00\" \/>\n\t\t<meta name=\"twitter:card\" content=\"summary_large_image\" \/>\n\t\t<meta name=\"twitter:title\" content=\"La culture de MONAT | La mission de MONAT - MONAT France\" \/>\n\t\t<meta name=\"twitter:description\" content=\"Bienvenue au sein de la famille MONAT ! La culture MONAT Chez MONAT, nous sommes fiers des produits naturels que nous cr\u00e9ons, mais nous sommes bien plus que de beaux cheveux et une belle peau ! Nous sommes surtout fiers des vies que nous changeons gr\u00e2ce \u00e0 notre incroyable opportunit\u00e9 d&#039;affaires, parce que changer des\" \/>\n\t\t<script type=\"application\/ld+json\" class=\"aioseo-schema\">\n\t\t\t{\"@context\":\"https:\\\/\\\/schema.org\",\"@graph\":[{\"@type\":\"BreadcrumbList\",\"@id\":\"https:\\\/\\\/monatglobal.com\\\/fr\\\/culture\\\/#breadcrumblist\",\"itemListElement\":[{\"@type\":\"ListItem\",\"@id\":\"https:\\\/\\\/monatglobal.com\\\/fr#listItem\",\"position\":1,\"name\":\"Home\",\"item\":\"https:\\\/\\\/monatglobal.com\\\/fr\",\"nextItem\":{\"@type\":\"ListItem\",\"@id\":\"https:\\\/\\\/monatglobal.com\\\/fr\\\/culture\\\/#listItem\",\"name\":\"La culture de MONAT | La mission de MONAT\"}},{\"@type\":\"ListItem\",\"@id\":\"https:\\\/\\\/monatglobal.com\\\/fr\\\/culture\\\/#listItem\",\"position\":2,\"name\":\"La culture de MONAT | La mission de MONAT\",\"previousItem\":{\"@type\":\"ListItem\",\"@id\":\"https:\\\/\\\/monatglobal.com\\\/fr#listItem\",\"name\":\"Home\"}}]},{\"@type\":\"Organization\",\"@id\":\"https:\\\/\\\/monatglobal.com\\\/fr\\\/#organization\",\"name\":\"MONAT France\",\"description\":\"We Are Modern Nature\\u2122\",\"url\":\"https:\\\/\\\/monatglobal.com\\\/fr\\\/\"},{\"@type\":\"WebPage\",\"@id\":\"https:\\\/\\\/monatglobal.com\\\/fr\\\/culture\\\/#webpage\",\"url\":\"https:\\\/\\\/monatglobal.com\\\/fr\\\/culture\\\/\",\"name\":\"La culture de MONAT | La mission de MONAT - MONAT France\",\"description\":\"Bienvenue au sein de la famille MONAT ! La culture MONAT Chez MONAT, nous sommes fiers des produits naturels que nous cr\\u00e9ons, mais nous sommes bien plus que de beaux cheveux et une belle peau ! Nous sommes surtout fiers des vies que nous changeons gr\\u00e2ce \\u00e0 notre incroyable opportunit\\u00e9 d'affaires, parce que changer des\",\"inLanguage\":\"en-US\",\"isPartOf\":{\"@id\":\"https:\\\/\\\/monatglobal.com\\\/fr\\\/#website\"},\"breadcrumb\":{\"@id\":\"https:\\\/\\\/monatglobal.com\\\/fr\\\/culture\\\/#breadcrumblist\"},\"datePublished\":\"2023-05-03T11:00:48+01:00\",\"dateModified\":\"2025-01-28T13:45:33+00:00\"},{\"@type\":\"WebSite\",\"@id\":\"https:\\\/\\\/monatglobal.com\\\/fr\\\/#website\",\"url\":\"https:\\\/\\\/monatglobal.com\\\/fr\\\/\",\"name\":\"MONAT France\",\"description\":\"We Are Modern Nature\\u2122\",\"inLanguage\":\"en-US\",\"publisher\":{\"@id\":\"https:\\\/\\\/monatglobal.com\\\/fr\\\/#organization\"}}]}\n\t\t<\/script>\n\t\t<!-- All in One SEO Pro -->\r\n\t\t<title>La culture de MONAT | La mission de MONAT - MONAT France<\/title>\n\n","aioseo_head_json":{"title":"La culture de MONAT | La mission de MONAT - MONAT France","description":"Bienvenue au sein de la famille MONAT ! La culture MONAT Chez MONAT, nous sommes fiers des produits naturels que nous cr\u00e9ons, mais nous sommes bien plus que de beaux cheveux et une belle peau ! Nous sommes surtout fiers des vies que nous changeons gr\u00e2ce \u00e0 notre incroyable opportunit\u00e9 d'affaires, parce que changer des","canonical_url":"https:\/\/monatglobal.com\/fr\/culture\/","robots":"noindex, nofollow, max-image-preview:large","keywords":"","webmasterTools":{"miscellaneous":""},"schema":{"@context":"https:\/\/schema.org","@graph":[{"@type":"BreadcrumbList","@id":"https:\/\/monatglobal.com\/fr\/culture\/#breadcrumblist","itemListElement":[{"@type":"ListItem","@id":"https:\/\/monatglobal.com\/fr#listItem","position":1,"name":"Home","item":"https:\/\/monatglobal.com\/fr","nextItem":{"@type":"ListItem","@id":"https:\/\/monatglobal.com\/fr\/culture\/#listItem","name":"La culture de MONAT | La mission de MONAT"}},{"@type":"ListItem","@id":"https:\/\/monatglobal.com\/fr\/culture\/#listItem","position":2,"name":"La culture de MONAT | La mission de MONAT","previousItem":{"@type":"ListItem","@id":"https:\/\/monatglobal.com\/fr#listItem","name":"Home"}}]},{"@type":"Organization","@id":"https:\/\/monatglobal.com\/fr\/#organization","name":"MONAT France","description":"We Are Modern Nature\u2122","url":"https:\/\/monatglobal.com\/fr\/"},{"@type":"WebPage","@id":"https:\/\/monatglobal.com\/fr\/culture\/#webpage","url":"https:\/\/monatglobal.com\/fr\/culture\/","name":"La culture de MONAT | La mission de MONAT - MONAT France","description":"Bienvenue au sein de la famille MONAT ! La culture MONAT Chez MONAT, nous sommes fiers des produits naturels que nous cr\u00e9ons, mais nous sommes bien plus que de beaux cheveux et une belle peau ! Nous sommes surtout fiers des vies que nous changeons gr\u00e2ce \u00e0 notre incroyable opportunit\u00e9 d'affaires, parce que changer des","inLanguage":"en-US","isPartOf":{"@id":"https:\/\/monatglobal.com\/fr\/#website"},"breadcrumb":{"@id":"https:\/\/monatglobal.com\/fr\/culture\/#breadcrumblist"},"datePublished":"2023-05-03T11:00:48+01:00","dateModified":"2025-01-28T13:45:33+00:00"},{"@type":"WebSite","@id":"https:\/\/monatglobal.com\/fr\/#website","url":"https:\/\/monatglobal.com\/fr\/","name":"MONAT France","description":"We Are Modern Nature\u2122","inLanguage":"en-US","publisher":{"@id":"https:\/\/monatglobal.com\/fr\/#organization"}}]},"og:locale":"en_US","og:site_name":"MONAT France - We Are Modern Nature\u2122","og:type":"article","og:title":"La culture de MONAT | La mission de MONAT - MONAT France","og:description":"Bienvenue au sein de la famille MONAT ! La culture MONAT Chez MONAT, nous sommes fiers des produits naturels que nous cr\u00e9ons, mais nous sommes bien plus que de beaux cheveux et une belle peau ! Nous sommes surtout fiers des vies que nous changeons gr\u00e2ce \u00e0 notre incroyable opportunit\u00e9 d'affaires, parce que changer des","og:url":"https:\/\/monatglobal.com\/fr\/culture\/","article:published_time":"2023-05-03T11:00:48+00:00","article:modified_time":"2025-01-28T13:45:33+00:00","twitter:card":"summary_large_image","twitter:title":"La culture de MONAT | La mission de MONAT - MONAT France","twitter:description":"Bienvenue au sein de la famille MONAT ! La culture MONAT Chez MONAT, nous sommes fiers des produits naturels que nous cr\u00e9ons, mais nous sommes bien plus que de beaux cheveux et une belle peau ! Nous sommes surtout fiers des vies que nous changeons gr\u00e2ce \u00e0 notre incroyable opportunit\u00e9 d'affaires, parce que changer des"},"aioseo_meta_data":{"post_id":"75179","title":null,"description":null,"keywords":null,"keyphrases":null,"primary_term":null,"canonical_url":null,"og_title":null,"og_description":null,"og_object_type":"default","og_image_type":"default","og_image_url":null,"og_image_width":null,"og_image_height":null,"og_image_custom_url":null,"og_image_custom_fields":null,"og_video":null,"og_custom_url":null,"og_article_section":null,"og_article_tags":null,"twitter_use_og":false,"twitter_card":"default","twitter_image_type":"default","twitter_image_url":null,"twitter_image_custom_url":null,"twitter_image_custom_fields":null,"twitter_title":null,"twitter_description":null,"schema":{"blockGraphs":[],"customGraphs":[],"default":{"data":{"Article":[],"Course":[],"Dataset":[],"FAQPage":[],"Movie":[],"Person":[],"Product":[],"ProductReview":[],"Car":[],"Recipe":[],"Service":[],"SoftwareApplication":[],"WebPage":[]},"graphName":"","isEnabled":true},"graphs":[]},"schema_type":"default","schema_type_options":null,"pillar_content":false,"robots_default":true,"robots_noindex":false,"robots_noarchive":false,"robots_nosnippet":false,"robots_nofollow":false,"robots_noimageindex":false,"robots_noodp":false,"robots_notranslate":false,"robots_max_snippet":null,"robots_max_videopreview":null,"robots_max_imagepreview":"large","priority":null,"frequency":null,"local_seo":null,"seo_analyzer_scan_date":"2026-02-10 18:56:14","breadcrumb_settings":null,"limit_modified_date":false,"reviewed_by":null,"open_ai":null,"ai":null,"created":"2023-07-26 00:01:38","updated":"2026-02-10 18:56:14"},"aioseo_breadcrumb":"<div class=\"aioseo-breadcrumbs\"><span class=\"aioseo-breadcrumb\">\n\t<a href=\"https:\/\/monatglobal.com\/fr\" title=\"Home\">Home<\/a>\n<\/span><span class=\"aioseo-breadcrumb-separator\">&raquo;<\/span><span class=\"aioseo-breadcrumb\">\n\tLa culture de MONAT | La mission de MONAT\n<\/span><\/div>","aioseo_breadcrumb_json":[{"label":"Home","link":"https:\/\/monatglobal.com\/fr"},{"label":"La culture de MONAT | La mission de MONAT","link":"https:\/\/monatglobal.com\/fr\/culture\/"}],"_links":{"self":[{"href":"https:\/\/monatglobal.com\/fr\/wp-json\/wp\/v2\/pages\/75179","targetHints":{"allow":["GET"]}}],"collection":[{"href":"https:\/\/monatglobal.com\/fr\/wp-json\/wp\/v2\/pages"}],"about":[{"href":"https:\/\/monatglobal.com\/fr\/wp-json\/wp\/v2\/types\/page"}],"author":[{"embeddable":true,"href":"https:\/\/monatglobal.com\/fr\/wp-json\/wp\/v2\/users\/31"}],"replies":[{"embeddable":true,"href":"https:\/\/monatglobal.com\/fr\/wp-json\/wp\/v2\/comments?post=75179"}],"version-history":[{"count":13,"href":"https:\/\/monatglobal.com\/fr\/wp-json\/wp\/v2\/pages\/75179\/revisions"}],"predecessor-version":[{"id":86163,"href":"https:\/\/monatglobal.com\/fr\/wp-json\/wp\/v2\/pages\/75179\/revisions\/86163"}],"wp:attachment":[{"href":"https:\/\/monatglobal.com\/fr\/wp-json\/wp\/v2\/media?parent=75179"}],"wp:term":[{"taxonomy":"category","embeddable":true,"href":"https:\/\/monatglobal.com\/fr\/wp-json\/wp\/v2\/categories?post=75179"},{"taxonomy":"post_tag","embeddable":true,"href":"https:\/\/monatglobal.com\/fr\/wp-json\/wp\/v2\/tags?post=75179"}],"curies":[{"name":"wp","href":"https:\/\/api.w.org\/{rel}","templated":true}]}}