{"id":74184,"date":"2022-09-30T21:47:22","date_gmt":"2022-09-30T21:47:22","guid":{"rendered":"https:\/\/monatglobal.com\/nz\/?page_id=74184"},"modified":"2026-02-13T20:55:01","modified_gmt":"2026-02-13T20:55:01","slug":"moxie-magnifying-mousse","status":"publish","type":"page","link":"https:\/\/monatglobal.com\/fr\/moxie-magnifying-mousse\/","title":{"rendered":"La mousse amplifiante The Moxie\u2122 MONAT STUDIO ONE\u2122"},"content":{"rendered":"\n\n\t<link rel=\"stylesheet\" href=\"https:\/\/unpkg.com\/swiper\/swiper-bundle.min.css\" \/>\n<link rel=\"stylesheet\" href=\"https:\/\/monatglobal.com\/wp-content\/creative_css\/product_styles_sheet.css\" \/> \n    <!--==================================================== ECOMM SECTION ====================================================-->\n        <!--==================================================== Ecomm image ====================================================-->\n        <img decoding=\"async\" src=\"https:\/\/monatglobal.com\/nz\/wp-content\/uploads\/sites\/15\/2022\/10\/the-moxie-ecomm-scaled-1.png\" alt=\"Product shot of MONAT STUDIO ONE\u2122 The Moxie Magnifying Mousse.\" loading=\"lazy\"\/>\n        <!--==================================================== Ecomm information  ====================================================-->\n            \n            <h1>Mousse amplifiante<br \/>The Moxie\u2122<\/h1>\n            <p>MONAT STUDIO ONE\u2122<\/p>\n            <p>Une mousse l\u00e9g\u00e8re qui aide \u00e0 cr\u00e9er des coiffures volumineuse qui sont douces au toucher.<\/p>\n            <p>170,1 g (poids net de 6 oz) 63,2 ml (5,5 oz liq.)<\/p>\n         <!--==================================================== pricing box  ====================================================-->   \n         <p>Prix de d\u00e9tail<br \/>00.00 \u20ac<\/p>\n         <p>Prix de client VIP<br \/>00.00 \u20ac<\/p>\n          <!--==================================================== pricing box  ====================================================-->  \n            Pour en savoir plus sur la Mousse amplifiante\n                 The Moxie\u2122 MONAT STUDIO ONE\u2122, veuillez contacter votre Partenaire de March\u00e9 MONAT.\n          <a href=\"\" target=\"_blank\" role=\"button\" aria-label=\"\" rel=\"noopener\"><\/a>\n    <!--==================================================== \/ECOMM SECTION  ====================================================-->\n    <!--==================================================== Benefits image ====================================================-->\n    \n        <source media=\"(max-width: 700px)\" srcset=\"https:\/\/monatglobal.com\/nz\/wp-content\/uploads\/sites\/15\/2022\/10\/the-moxie-benefits-mobile.jpg\" loading=\"lazy\"\/>\n        <img decoding=\"async\" alt=\"Brunette female with curls holding MONAT STUDIO ONE\u2122 The Moxie Magnifying Mousse.\" src=\"https:\/\/monatglobal.com\/nz\/wp-content\/uploads\/sites\/15\/2022\/10\/the-moxie-benefits-desk.jpg\" loading=\"lazy\"\/>\n    \n    <!--==================================================== Benefits text ====================================================-->\n            <h2>BIENFAITS<\/h2>\n            <h3>La mousse amplifiante The Moxie\u2122 MONAT STUDIO ONE\u2122 ajoute du corps, du volume et de l&#8217;amplitude aux cheveux fins et plats sans les alourdir. <\/h3>\n            \n            <!--==================================================== features image  ====================================================-->\n            <img decoding=\"async\" alt=\"MONAT STUDIO ONE\u2122 The Moxie Magnifying Mousse on a marble surface, next to a purple orchid.\" src=\"https:\/\/monatglobal.com\/nz\/wp-content\/uploads\/sites\/15\/2022\/10\/THE-MOXIE-FEATURES-NZ.jpg\" loading=\"lazy\"\/>\n        <!--==================================================== features text ====================================================-->\n                <h3>Caract\u00e9ristiques<\/h3>\n                    <p>\/ Cr\u00e9e corps et volume<\/p>\n                    <p>\/ Fournit une texture douce sans rigidit\u00e9<\/p>\n                    <p>\/ R\u00e9duit les frisottis de 91 % apr\u00e8s 48 heures en conditions d&#8217;humidit\u00e9 \u00e9lev\u00e9e*<\/p>\n                <p>*Bas\u00e9 sur un test instrumental du contr\u00f4le des frisottis de 48 heures en conditions d&#8217;humidit\u00e9 \u00e9lev\u00e9e.<\/p><br \/>\n                <p>Parfum \/ ce parfum cr\u00e9meux au bouquet floral frais est rehauss\u00e9 de fruits \u00e0 noyaux, avec des accents persistants de bois de santal, d&#8217;ambre et de musc.<\/p>\n                <p> Texture \/ une l\u00e9g\u00e8re mousse a\u00e9r\u00e9e<\/p>\n    <!--==================================================== composition image mobile ====================================================-->\n    <img decoding=\"async\" alt=\"A hand grabbing MONAT STUDIO ONE\u2122 The Moxie Magnifying Mousse on a white counter, next to gray bath towels and two glass containers.\" src=\"https:\/\/monatglobal.com\/nz\/wp-content\/uploads\/sites\/15\/2022\/10\/the-moxie-comp1.jpg\" loading=\"lazy\"\/>\n    <!--==================================================== Why it works text ====================================================-->\n        <h2>Cette mousse l\u00e9g\u00e8re procure un volume de longue dur\u00e9e et donne du corps aux cheveux tout en les laissant doux au toucher.<\/h2>\n        <h3>Cette mousse l\u00e9g\u00e8re donne instantan\u00e9ment du volume et de l&#8217;ampleur aux cheveux, en plus de r\u00e9duire les frisottis.<\/h3>\n        <p>Elle donne corps,  volume et une texture l\u00e9g\u00e8re aux cheveux, sans rigidit\u00e9.<\/p>\n<!--==================================================== Composition section ====================================================-->\n        <img decoding=\"async\" alt=\"A hand grabbing MONAT STUDIO ONE\u2122 The Moxie Magnifying Mousse on a white counter, next to gray bath towels and two glass containers.\" src=\"https:\/\/monatglobal.com\/nz\/wp-content\/uploads\/sites\/15\/2022\/10\/the-moxie-comp1.jpg\" loading=\"lazy\"\/>\n        <img decoding=\"async\" alt=\"Brunette female with curls holding MONAT STUDIO ONE\u2122 The Moxie Magnifying Mousse.\" src=\"https:\/\/monatglobal.com\/nz\/wp-content\/uploads\/sites\/15\/2022\/10\/the-moxie-comp2.jpg\" loading=\"lazy\"\/>\n                <!--==================================================== Directions text ====================================================--> \n                    <h3>Mode d&#8217;emploi<\/h3>\n                        <p>\/ Bien secouer.<\/p>\n                        <p>\/ Appliquer sur cheveux propres, mouill\u00e9s ou essor\u00e9s.<\/p>\n                        <p>\/ S\u00e9cher au s\u00e8che-cheveux et coiffer comme d&#8217;habitude.<\/p>\n                <!--==================================================== Directions video ====================================================-->\n        <p>Damage Repair <br \/>Bond-Fortifying Hair Leave-In Cr\u00e8me  <br \/>1:28<\/p>\n      <a href=\"\" target=\"_blank\" role=\"button\" aria-label=\"\" rel=\"noopener\"><\/a>\n    <!--==================================================== Ingredients section  ====================================================-->\n        <h2>PRINCIPAUX INGR\u00c9DIENTS<\/h2>\n                    <p>REJUVENIQE<sup>\u00ae<\/sup><\/p>\n                    <p>CAPIXYL<sup>\u2122<\/sup><\/p>\n                    <p>PROCATALINE<sup>\u2122<\/sup><\/p>\n                    <p>CRODASORB<sup>\u2122<\/sup><\/p>\n        <button id=\"myBtn\" type=\"button\">LISTE D&#8217;INGR\u00c9DIENTS<\/button>\n        <!--==================================================== Modal content  ====================================================-->\n            &times;\n            <p>Aqua\/Water\/Eau, Tetrafluoropropene, Polyquaternium-69, Caprylyl\/Capryl Glucoside, Polyglyceryl-10 Laurate, Palmitamidopropyltrimonium Chloride, Acetyl Tetrapeptide-3, Trifolium Pratense (Clover) Flower Extract, Pisum Sativum (Pea) Extract, Limnanthes Alba (Meadowfoam) Seed Oil, Crambe Abyssinica Seed Oil, Camellia Oleifera Seed Oil, Solanum Lycopersicum (Tomato) Seed Oil, Daucus Carota Sativa (Carrot) Seed Oil, Citrus Limon (Lemon) Peel Oil, Citrus Aurantifolia (Lime) Oil, Citrus Aurantium Bergamia (Bergamot) Fruit Oil, Adansonia Digitata Oil, Mauritia Flexuosa Fruit Oil, Cocos Nucifera (Coconut) Oil, Gardenia Taitensis Flower Extract, Moringa Oleifera Seed Oil, Caryocar Brasiliense Fruit Oil, Helianthus Annuus (Sunflower) Seed Oil, Cinnamidopropyltrimonium Chloride, Glycerin, Butylene Glycol, Dextran, Ethylhexylglycerin, Tocopherol, Polyglyceryl10 Oleate, Fragrance\/Parfum, Benzyl Alcohol.<\/p>\n    <!--==================================================== You might also like section ====================================================-->\n        <h2>VOUS POURRIEZ AUSSI AIMER<\/h2>\n        <!--==================================================== Slider YOU MIGHT ALSO LIKE====================================================-->\n        <!---->\n        <!--    -->\n                <!--==================================================== Slides products ====================================================-->\n        <!--        -->\n        <!--            <a href=\"https:\/\/monatglobal.com\/fr\/volumizing-revive-shampoo\/\" aria-label=\"Go to Shampooing volumisant Revive\u2122 page\">-->\n        <!--                <img decoding=\"async\" src=\"https:\/\/monatglobal.com\/nz\/wp-content\/uploads\/sites\/15\/2022\/10\/volumizing-revive-shampoo-ecomm.jpg\" alt=\"Shampooing volumisant Revive\u2122\" loading=\"lazy\"\/>-->\n        <!--                <p>Shampooing<br \/>volumisant Revive\u2122<\/p>-->\n        <!--            <\/a>-->\n        <!--        -->\n        <!--        -->\n        <!--            <a href=\"https:\/\/monatglobal.com\/fr\/volumizing-revitalize-conditioner\/\" aria-label=\"Go to Apr\u00e8s-shampooing volumisant Revitalize\u2122 page\">-->\n        <!--                <img decoding=\"async\" src=\"https:\/\/monatglobal.com\/wp-content\/uploads\/2022\/12\/Volumizing-revitalize-conditioner_Ecomm-min.png\" alt=\"Apr\u00e8s-shampooing volumisant Revitalize\u2122\" loading=\"lazy\"\/>-->\n        <!--                <p>Apr\u00e8s-shampooing<br \/>volumisant Revitalize\u2122<\/p>-->\n        <!--            <\/a>-->\n        <!--        -->\n        <!--        -->\n        <!--            <a href=\"https:\/\/corp.mymonat.com\/shop\/products\/revive-volumizing-system-6000004227\/?globallanguage=fr&globalmarket=fr\" target=\"_blank\" aria-label=\"Go to Syst\u00e8me volumisant Revive\u2122 page\" rel=\"noopener\">-->\n        <!--                <img decoding=\"async\" src=\"\/wp-content\/uploads\/2022\/06\/REVIVE-VOLUMIZING-SYSTEM_ecomm-.png\" alt=\"Syst\u00e8me volumisant Revive\u2122\" loading=\"lazy\"\/>-->\n        <!--                <p>Syst\u00e8me volumisant Revive\u2122 <\/p>-->\n        <!--            <\/a>-->\n        <!--        -->\n        <!--    -->\n            <!--=============================================== If we need navigation buttons  ===============================================-->\n        <!--    -->\n        <!--    -->\n            <!--=============================================== If we need paginations  ==============================================-->\n        <!--    -->\n        <!---->\n         <!--==================================================== If we need navigation buttons  ====================================================-->\n         <!--==================================================== If we need paginations  ====================================================-->\n    <a href=\"\" aria-label=\"\"><\/a>\n<!--=============================================== this link has to go last for it to work   ===============================================-->\n\n","protected":false},"excerpt":{"rendered":"<p>Mousse amplifianteThe Moxie\u2122 MONAT STUDIO ONE\u2122 Une mousse l\u00e9g\u00e8re qui aide \u00e0 cr\u00e9er des coiffures volumineuse qui sont douces au toucher. 170,1 g (poids net de 6 oz) 63,2 ml (5,5 oz liq.) Prix de d\u00e9tail00.00 \u20ac Prix de client VIP00.00 \u20ac Pour en savoir plus sur la Mousse amplifiante The Moxie\u2122 MONAT STUDIO ONE\u2122,&hellip;<\/p>\n","protected":false},"author":31,"featured_media":77192,"parent":0,"menu_order":0,"comment_status":"closed","ping_status":"closed","template":"","meta":{"inline_featured_image":false,"om_disable_all_campaigns":false,"_monsterinsights_skip_tracking":false,"_monsterinsights_sitenote_active":false,"_monsterinsights_sitenote_note":"","_monsterinsights_sitenote_category":0,"footnotes":""},"categories":[20],"tags":[],"class_list":["post-74184","page","type-page","status-publish","has-post-thumbnail","hentry","category-product-fr"],"aioseo_notices":[],"aioseo_head":"\n\t\t<!-- All in One SEO Pro 4.9.6 - aioseo.com -->\n\t<meta name=\"description\" content=\"Mousse amplifianteThe Moxie\u2122 MONAT STUDIO ONE\u2122 Une mousse l\u00e9g\u00e8re qui aide \u00e0 cr\u00e9er des coiffures volumineuse qui sont douces au toucher. 170,1 g (poids net de 6 oz) 63,2 ml (5,5 oz liq.) Prix de d\u00e9tail00.00 \u20ac Prix de client VIP00.00 \u20ac Pour en savoir plus sur la Mousse amplifiante The Moxie\u2122 MONAT STUDIO ONE\u2122,\" \/>\n\t<meta name=\"robots\" content=\"noindex, nofollow, max-image-preview:large\" \/>\n\t<link rel=\"canonical\" href=\"https:\/\/monatglobal.com\/fr\/moxie-magnifying-mousse\/\" \/>\n\t<meta name=\"generator\" content=\"All in One SEO Pro (AIOSEO) 4.9.6\" \/>\n\t\t<meta property=\"og:locale\" content=\"en_US\" \/>\n\t\t<meta property=\"og:site_name\" content=\"MONAT France - We Are Modern Nature\u2122\" \/>\n\t\t<meta property=\"og:type\" content=\"article\" \/>\n\t\t<meta property=\"og:title\" content=\"La mousse amplifiante The Moxie\u2122 MONAT STUDIO ONE\u2122 - MONAT France\" \/>\n\t\t<meta property=\"og:description\" content=\"Mousse amplifianteThe Moxie\u2122 MONAT STUDIO ONE\u2122 Une mousse l\u00e9g\u00e8re qui aide \u00e0 cr\u00e9er des coiffures volumineuse qui sont douces au toucher. 170,1 g (poids net de 6 oz) 63,2 ml (5,5 oz liq.) Prix de d\u00e9tail00.00 \u20ac Prix de client VIP00.00 \u20ac Pour en savoir plus sur la Mousse amplifiante The Moxie\u2122 MONAT STUDIO ONE\u2122,\" \/>\n\t\t<meta property=\"og:url\" content=\"https:\/\/monatglobal.com\/fr\/moxie-magnifying-mousse\/\" \/>\n\t\t<meta property=\"article:published_time\" content=\"2022-09-30T21:47:22+00:00\" \/>\n\t\t<meta property=\"article:modified_time\" content=\"2026-02-13T20:55:01+00:00\" \/>\n\t\t<meta name=\"twitter:card\" content=\"summary_large_image\" \/>\n\t\t<meta name=\"twitter:title\" content=\"La mousse amplifiante The Moxie\u2122 MONAT STUDIO ONE\u2122 - MONAT France\" \/>\n\t\t<meta name=\"twitter:description\" content=\"Mousse amplifianteThe Moxie\u2122 MONAT STUDIO ONE\u2122 Une mousse l\u00e9g\u00e8re qui aide \u00e0 cr\u00e9er des coiffures volumineuse qui sont douces au toucher. 170,1 g (poids net de 6 oz) 63,2 ml (5,5 oz liq.) Prix de d\u00e9tail00.00 \u20ac Prix de client VIP00.00 \u20ac Pour en savoir plus sur la Mousse amplifiante The Moxie\u2122 MONAT STUDIO ONE\u2122,\" \/>\n\t\t<script type=\"application\/ld+json\" class=\"aioseo-schema\">\n\t\t\t{\"@context\":\"https:\\\/\\\/schema.org\",\"@graph\":[{\"@type\":\"BreadcrumbList\",\"@id\":\"https:\\\/\\\/monatglobal.com\\\/fr\\\/moxie-magnifying-mousse\\\/#breadcrumblist\",\"itemListElement\":[{\"@type\":\"ListItem\",\"@id\":\"https:\\\/\\\/monatglobal.com\\\/fr#listItem\",\"position\":1,\"name\":\"Home\",\"item\":\"https:\\\/\\\/monatglobal.com\\\/fr\",\"nextItem\":{\"@type\":\"ListItem\",\"@id\":\"https:\\\/\\\/monatglobal.com\\\/fr\\\/moxie-magnifying-mousse\\\/#listItem\",\"name\":\"La mousse amplifiante The Moxie\\u2122 MONAT STUDIO ONE\\u2122\"}},{\"@type\":\"ListItem\",\"@id\":\"https:\\\/\\\/monatglobal.com\\\/fr\\\/moxie-magnifying-mousse\\\/#listItem\",\"position\":2,\"name\":\"La mousse amplifiante The Moxie\\u2122 MONAT STUDIO ONE\\u2122\",\"previousItem\":{\"@type\":\"ListItem\",\"@id\":\"https:\\\/\\\/monatglobal.com\\\/fr#listItem\",\"name\":\"Home\"}}]},{\"@type\":\"Organization\",\"@id\":\"https:\\\/\\\/monatglobal.com\\\/fr\\\/#organization\",\"name\":\"MONAT France\",\"description\":\"We Are Modern Nature\\u2122\",\"url\":\"https:\\\/\\\/monatglobal.com\\\/fr\\\/\"},{\"@type\":\"WebPage\",\"@id\":\"https:\\\/\\\/monatglobal.com\\\/fr\\\/moxie-magnifying-mousse\\\/#webpage\",\"url\":\"https:\\\/\\\/monatglobal.com\\\/fr\\\/moxie-magnifying-mousse\\\/\",\"name\":\"La mousse amplifiante The Moxie\\u2122 MONAT STUDIO ONE\\u2122 - MONAT France\",\"description\":\"Mousse amplifianteThe Moxie\\u2122 MONAT STUDIO ONE\\u2122 Une mousse l\\u00e9g\\u00e8re qui aide \\u00e0 cr\\u00e9er des coiffures volumineuse qui sont douces au toucher. 170,1 g (poids net de 6 oz) 63,2 ml (5,5 oz liq.) Prix de d\\u00e9tail00.00 \\u20ac Prix de client VIP00.00 \\u20ac Pour en savoir plus sur la Mousse amplifiante The Moxie\\u2122 MONAT STUDIO ONE\\u2122,\",\"inLanguage\":\"en-US\",\"isPartOf\":{\"@id\":\"https:\\\/\\\/monatglobal.com\\\/fr\\\/#website\"},\"breadcrumb\":{\"@id\":\"https:\\\/\\\/monatglobal.com\\\/fr\\\/moxie-magnifying-mousse\\\/#breadcrumblist\"},\"image\":{\"@type\":\"ImageObject\",\"url\":\"https:\\\/\\\/monatglobal.com\\\/fr\\\/wp-content\\\/uploads\\\/sites\\\/19\\\/2023\\\/06\\\/the-moxie-ecomm-scaled-1.png\",\"@id\":\"https:\\\/\\\/monatglobal.com\\\/fr\\\/moxie-magnifying-mousse\\\/#mainImage\",\"width\":641,\"height\":800},\"primaryImageOfPage\":{\"@id\":\"https:\\\/\\\/monatglobal.com\\\/fr\\\/moxie-magnifying-mousse\\\/#mainImage\"},\"datePublished\":\"2022-09-30T21:47:22+01:00\",\"dateModified\":\"2026-02-13T20:55:01+00:00\"},{\"@type\":\"WebSite\",\"@id\":\"https:\\\/\\\/monatglobal.com\\\/fr\\\/#website\",\"url\":\"https:\\\/\\\/monatglobal.com\\\/fr\\\/\",\"name\":\"MONAT France\",\"description\":\"We Are Modern Nature\\u2122\",\"inLanguage\":\"en-US\",\"publisher\":{\"@id\":\"https:\\\/\\\/monatglobal.com\\\/fr\\\/#organization\"}}]}\n\t\t<\/script>\n\t\t<!-- All in One SEO Pro -->\r\n\t\t<title>La mousse amplifiante The Moxie\u2122 MONAT STUDIO ONE\u2122 - MONAT France<\/title>\n\n","aioseo_head_json":{"title":"La mousse amplifiante The Moxie\u2122 MONAT STUDIO ONE\u2122 - MONAT France","description":"Mousse amplifianteThe Moxie\u2122 MONAT STUDIO ONE\u2122 Une mousse l\u00e9g\u00e8re qui aide \u00e0 cr\u00e9er des coiffures volumineuse qui sont douces au toucher. 170,1 g (poids net de 6 oz) 63,2 ml (5,5 oz liq.) Prix de d\u00e9tail00.00 \u20ac Prix de client VIP00.00 \u20ac Pour en savoir plus sur la Mousse amplifiante The Moxie\u2122 MONAT STUDIO ONE\u2122,","canonical_url":"https:\/\/monatglobal.com\/fr\/moxie-magnifying-mousse\/","robots":"noindex, nofollow, max-image-preview:large","keywords":"","webmasterTools":{"miscellaneous":""},"schema":{"@context":"https:\/\/schema.org","@graph":[{"@type":"BreadcrumbList","@id":"https:\/\/monatglobal.com\/fr\/moxie-magnifying-mousse\/#breadcrumblist","itemListElement":[{"@type":"ListItem","@id":"https:\/\/monatglobal.com\/fr#listItem","position":1,"name":"Home","item":"https:\/\/monatglobal.com\/fr","nextItem":{"@type":"ListItem","@id":"https:\/\/monatglobal.com\/fr\/moxie-magnifying-mousse\/#listItem","name":"La mousse amplifiante The Moxie\u2122 MONAT STUDIO ONE\u2122"}},{"@type":"ListItem","@id":"https:\/\/monatglobal.com\/fr\/moxie-magnifying-mousse\/#listItem","position":2,"name":"La mousse amplifiante The Moxie\u2122 MONAT STUDIO ONE\u2122","previousItem":{"@type":"ListItem","@id":"https:\/\/monatglobal.com\/fr#listItem","name":"Home"}}]},{"@type":"Organization","@id":"https:\/\/monatglobal.com\/fr\/#organization","name":"MONAT France","description":"We Are Modern Nature\u2122","url":"https:\/\/monatglobal.com\/fr\/"},{"@type":"WebPage","@id":"https:\/\/monatglobal.com\/fr\/moxie-magnifying-mousse\/#webpage","url":"https:\/\/monatglobal.com\/fr\/moxie-magnifying-mousse\/","name":"La mousse amplifiante The Moxie\u2122 MONAT STUDIO ONE\u2122 - MONAT France","description":"Mousse amplifianteThe Moxie\u2122 MONAT STUDIO ONE\u2122 Une mousse l\u00e9g\u00e8re qui aide \u00e0 cr\u00e9er des coiffures volumineuse qui sont douces au toucher. 170,1 g (poids net de 6 oz) 63,2 ml (5,5 oz liq.) Prix de d\u00e9tail00.00 \u20ac Prix de client VIP00.00 \u20ac Pour en savoir plus sur la Mousse amplifiante The Moxie\u2122 MONAT STUDIO ONE\u2122,","inLanguage":"en-US","isPartOf":{"@id":"https:\/\/monatglobal.com\/fr\/#website"},"breadcrumb":{"@id":"https:\/\/monatglobal.com\/fr\/moxie-magnifying-mousse\/#breadcrumblist"},"image":{"@type":"ImageObject","url":"https:\/\/monatglobal.com\/fr\/wp-content\/uploads\/sites\/19\/2023\/06\/the-moxie-ecomm-scaled-1.png","@id":"https:\/\/monatglobal.com\/fr\/moxie-magnifying-mousse\/#mainImage","width":641,"height":800},"primaryImageOfPage":{"@id":"https:\/\/monatglobal.com\/fr\/moxie-magnifying-mousse\/#mainImage"},"datePublished":"2022-09-30T21:47:22+01:00","dateModified":"2026-02-13T20:55:01+00:00"},{"@type":"WebSite","@id":"https:\/\/monatglobal.com\/fr\/#website","url":"https:\/\/monatglobal.com\/fr\/","name":"MONAT France","description":"We Are Modern Nature\u2122","inLanguage":"en-US","publisher":{"@id":"https:\/\/monatglobal.com\/fr\/#organization"}}]},"og:locale":"en_US","og:site_name":"MONAT France - We Are Modern Nature\u2122","og:type":"article","og:title":"La mousse amplifiante The Moxie\u2122 MONAT STUDIO ONE\u2122 - MONAT France","og:description":"Mousse amplifianteThe Moxie\u2122 MONAT STUDIO ONE\u2122 Une mousse l\u00e9g\u00e8re qui aide \u00e0 cr\u00e9er des coiffures volumineuse qui sont douces au toucher. 170,1 g (poids net de 6 oz) 63,2 ml (5,5 oz liq.) Prix de d\u00e9tail00.00 \u20ac Prix de client VIP00.00 \u20ac Pour en savoir plus sur la Mousse amplifiante The Moxie\u2122 MONAT STUDIO ONE\u2122,","og:url":"https:\/\/monatglobal.com\/fr\/moxie-magnifying-mousse\/","article:published_time":"2022-09-30T21:47:22+00:00","article:modified_time":"2026-02-13T20:55:01+00:00","twitter:card":"summary_large_image","twitter:title":"La mousse amplifiante The Moxie\u2122 MONAT STUDIO ONE\u2122 - MONAT France","twitter:description":"Mousse amplifianteThe Moxie\u2122 MONAT STUDIO ONE\u2122 Une mousse l\u00e9g\u00e8re qui aide \u00e0 cr\u00e9er des coiffures volumineuse qui sont douces au toucher. 170,1 g (poids net de 6 oz) 63,2 ml (5,5 oz liq.) Prix de d\u00e9tail00.00 \u20ac Prix de client VIP00.00 \u20ac Pour en savoir plus sur la Mousse amplifiante The Moxie\u2122 MONAT STUDIO ONE\u2122,"},"aioseo_meta_data":{"post_id":"74184","title":null,"description":null,"keywords":null,"keyphrases":null,"primary_term":null,"canonical_url":null,"og_title":null,"og_description":null,"og_object_type":"default","og_image_type":"default","og_image_url":null,"og_image_width":null,"og_image_height":null,"og_image_custom_url":null,"og_image_custom_fields":null,"og_video":null,"og_custom_url":null,"og_article_section":null,"og_article_tags":null,"twitter_use_og":false,"twitter_card":"default","twitter_image_type":"default","twitter_image_url":null,"twitter_image_custom_url":null,"twitter_image_custom_fields":null,"twitter_title":null,"twitter_description":null,"schema":{"blockGraphs":[],"customGraphs":[],"default":{"data":{"Article":[],"Course":[],"Dataset":[],"FAQPage":[],"Movie":[],"Person":[],"Product":[],"ProductReview":[],"Car":[],"Recipe":[],"Service":[],"SoftwareApplication":[],"WebPage":[]},"graphName":"WebPage","isEnabled":true},"graphs":[]},"schema_type":"default","schema_type_options":null,"pillar_content":false,"robots_default":true,"robots_noindex":false,"robots_noarchive":false,"robots_nosnippet":false,"robots_nofollow":false,"robots_noimageindex":false,"robots_noodp":false,"robots_notranslate":false,"robots_max_snippet":null,"robots_max_videopreview":null,"robots_max_imagepreview":"large","priority":null,"frequency":null,"local_seo":null,"seo_analyzer_scan_date":"2026-02-13 20:57:23","breadcrumb_settings":null,"limit_modified_date":false,"reviewed_by":null,"open_ai":null,"ai":null,"created":"2023-07-25 23:43:52","updated":"2026-02-13 21:00:32"},"aioseo_breadcrumb":"<div class=\"aioseo-breadcrumbs\"><span class=\"aioseo-breadcrumb\">\n\t<a href=\"https:\/\/monatglobal.com\/fr\" title=\"Home\">Home<\/a>\n<\/span><span class=\"aioseo-breadcrumb-separator\">&raquo;<\/span><span class=\"aioseo-breadcrumb\">\n\tLa mousse amplifiante The Moxie\u2122 MONAT STUDIO ONE\u2122\n<\/span><\/div>","aioseo_breadcrumb_json":[{"label":"Home","link":"https:\/\/monatglobal.com\/fr"},{"label":"La mousse amplifiante The Moxie\u2122 MONAT STUDIO ONE\u2122","link":"https:\/\/monatglobal.com\/fr\/moxie-magnifying-mousse\/"}],"_links":{"self":[{"href":"https:\/\/monatglobal.com\/fr\/wp-json\/wp\/v2\/pages\/74184","targetHints":{"allow":["GET"]}}],"collection":[{"href":"https:\/\/monatglobal.com\/fr\/wp-json\/wp\/v2\/pages"}],"about":[{"href":"https:\/\/monatglobal.com\/fr\/wp-json\/wp\/v2\/types\/page"}],"author":[{"embeddable":true,"href":"https:\/\/monatglobal.com\/fr\/wp-json\/wp\/v2\/users\/31"}],"replies":[{"embeddable":true,"href":"https:\/\/monatglobal.com\/fr\/wp-json\/wp\/v2\/comments?post=74184"}],"version-history":[{"count":29,"href":"https:\/\/monatglobal.com\/fr\/wp-json\/wp\/v2\/pages\/74184\/revisions"}],"predecessor-version":[{"id":109317,"href":"https:\/\/monatglobal.com\/fr\/wp-json\/wp\/v2\/pages\/74184\/revisions\/109317"}],"wp:featuredmedia":[{"embeddable":true,"href":"https:\/\/monatglobal.com\/fr\/wp-json\/wp\/v2\/media\/77192"}],"wp:attachment":[{"href":"https:\/\/monatglobal.com\/fr\/wp-json\/wp\/v2\/media?parent=74184"}],"wp:term":[{"taxonomy":"category","embeddable":true,"href":"https:\/\/monatglobal.com\/fr\/wp-json\/wp\/v2\/categories?post=74184"},{"taxonomy":"post_tag","embeddable":true,"href":"https:\/\/monatglobal.com\/fr\/wp-json\/wp\/v2\/tags?post=74184"}],"curies":[{"name":"wp","href":"https:\/\/api.w.org\/{rel}","templated":true}]}}