{"id":74174,"date":"2023-06-05T22:06:34","date_gmt":"2023-06-05T22:06:34","guid":{"rendered":"https:\/\/monatglobal.com\/nz\/?page_id=74174"},"modified":"2026-03-18T21:09:54","modified_gmt":"2026-03-18T21:09:54","slug":"volumizing-revitalize-conditioner","status":"publish","type":"page","link":"https:\/\/monatglobal.com\/fr\/volumizing-revitalize-conditioner\/","title":{"rendered":"Apr\u00e8s-shampooing volumisant Revitalize\u2122"},"content":{"rendered":"\n\n\t<link rel=\"stylesheet\" href=\"https:\/\/unpkg.com\/swiper\/swiper-bundle.min.css\" \/>\n<link rel=\"stylesheet\" href=\"https:\/\/monatglobal.com\/\/wp-content\/creative_css\/product_styles_sheet.css\" \/> \n    <!--==================================================== ECOMM SECTION ====================================================-->\n    <p>\u00ab BEST SELLERS \u00bb<\/p>\n        <!--==================================================== Ecomm image ====================================================-->\n        <img decoding=\"async\" src=\"https:\/\/monatglobal.com\/\/nz\/wp-content\/uploads\/sites\/15\/2022\/10\/IR-CLINICAL-THICKENING-CONDITIONER_ecomm-2022_web_page-1.jpg\" alt=\"Product shot of Volumizing Revitalize Conditioner.\" loading=\"lazy\"\/>\n        <!--==================================================== Ecomm information  ====================================================-->\n            \n            <p>\u00ab BEST SELLERS \u00bb<\/p>\n            <h1>Apr\u00e8s-shampooing volumisant<br \/>Revitalize\u2122<\/h1>\n            <p>Avec REJUVENIQE<sup>\u00ae<\/sup><\/p>\n            <p>Un apr\u00e8s-shampooing revitalisant l\u00e9ger et volumisant pour cheveux les fins.<\/p>\n            <p>179 ml \u212e 6 oz liq.<\/p>\n        <!--==================================================== pricing box  ====================================================-->  \n         <p>Prix de d\u00e9tail<br \/>00.00 \u20ac<\/p>\n         <p>Prix de client VIP<br \/>00.00 \u20ac<\/p>\n            <p>Pour en savoir plus sur le Apr\u00e8s-shampooing volumisant Revitalize\u2122, veuillez contacter votre Partenaire de March\u00e9 MONAT.<\/p>\n      <a href=\"\" target=\"_blank\" role=\"button\" aria-label=\"\"><\/a>\n    <!--==================================================== \/ECOMM SECTION  ====================================================-->\n    <!--==================================================== Benefits image ====================================================-->\n    \n        <source media=\"(max-width: 700px)\" srcset=\"https:\/\/monatglobal.com\/nz\/wp-content\/uploads\/sites\/15\/2022\/10\/volumizing-revitalize-conditioner-benefints-mobile.jpg\" loading=\"lazy\"\/>\n        <img decoding=\"async\" alt=\"Brunette female holding the Volumizing Revitalize Conditioner in front of her face.\" src=\"https:\/\/monatglobal.com\/nz\/wp-content\/uploads\/sites\/15\/2022\/10\/Volumizing-revitalize-benefits-desk.jpg\" loading=\"lazy\"\/>\n    \n    <!--==================================================== Benefits text ====================================================-->\n            <h2>BIENFAITS<\/h2>\n            <h3>Cet apr\u00e8s-shampooing l\u00e9ger et revitalisant donne du volume aux cheveux fins et plats tout en les laissant doux et brillants. <\/h3>\n            <p>Id\u00e9al pour les cheveux fins \u00e0 moyens et pour tous les types de cheveux en manque de corps et de volume. <\/p>\n            <!--==================================================== features image  ====================================================-->\n            <img decoding=\"async\" alt=\"Volumizing Revitalize Conditioner laying on a flat surface, along with ingredients such as lemon slices, coconut pieces, tomatoes, carrots and oil.\" src=\"https:\/\/monatglobal.com\/nz\/wp-content\/uploads\/sites\/15\/2022\/10\/volumizing-rvitalize-conditioner-features.jpg\" loading=\"lazy\"\/>\n        <!--==================================================== features text ====================================================-->\n                <h3>Caract\u00e9ristiques<\/h3>\n                    <p>\/ Donne de l&#8217;amplitude aux cheveux<\/p>\n                    <p>\/ Ajoute volume et corps <\/p>\n                    \n                    <br \/>\n                <p>Parfum \/ au parfum rafra\u00eechissant de fleurs et d&#8217;herbes fra\u00eeches aux notes de jasmin, de citron Meyer, de n\u00e9roli et de th\u00e9 vert.<\/p>\n                <p> Texture \/ cr\u00e8me l\u00e9g\u00e8re<\/p>\n    <!--==================================================== composition image mobile ====================================================-->\n    <img decoding=\"async\" alt=\"Volumizing Revitalize Conditioner laying on a flat surface, along with ingredients such as lemon slices, coconut pieces, tomatoes, carrots and oil.\" src=\"Volumizing Revive Shampoo and Volumizing Revitalize Conditioner laying on a flat beige surface.\"\/>\n    <!--==================================================== Why it works text ====================================================-->\n        <h2>Il augmente le volume, la douceur et l&#8217;\u00e9clat des cheveux fins. <\/h2>\n        <h3>Il transforme les cheveux fins, plats et sans vie gr\u00e2ce \u00e0 un m\u00e9lange d&#8217;ingr\u00e9dients dont le REJUVENIQE<sup>\u00ae<\/sup>, l&#8217;extrait de pois et un protecteur UV v\u00e9gan, leur donnant plus de corps et de volume <\/h3>\n        \n<!--==================================================== Composition section ====================================================-->\n        <img decoding=\"async\" alt=\"Volumizing Revive Shampoo and Volumizing Revitalize Conditioner laying on a flat marble surface.\" src=\"https:\/\/monatglobal.com\/nz\/wp-content\/uploads\/sites\/15\/2022\/10\/Volumizing-Revitallize-Conditioner-standalone.jpg\" loading=\"lazy\"\/>\n        <img decoding=\"async\" alt=\"Brunette female washing her hair in the shower, while overlaying a texture shot of  Volumizing Revitalize Conditioner.\" src=\"https:\/\/monatglobal.com\/nz\/wp-content\/uploads\/sites\/15\/2022\/10\/volumizing-revitalize-conditioner-comp3.jpg\" loading=\"lazy\"\/>\n                <!--==================================================== Directions text ====================================================--> \n                    <h3>Mode d&#8217;emploi<\/h3>\n                        <p>\/ Apr\u00e8s avoir utilis\u00e9 le Shampooing volumisant Revive\u2122, essorer d\u00e9licatement les cheveux pour retirer l&#8217;exc\u00e8s d&#8217;eau. <\/p>\n                        <p>\/ Appliquer l&#8217;apr\u00e8s-shampooing volumisant Revitalize\u2122.<\/p>\n                        <p>\/ Bien rincer.<\/p>\n                <!--==================================================== Directions video ====================================================-->\n        <p>Damage Repair <br \/>Bond-Fortifying Hair Leave-In Cr\u00e8me  <br \/>1:28<\/p>\n  <a href=\"\" target=\"_blank\"  role=\"button\" aria-label=\"\"><\/a>\n    <!--==================================================== Ingredients section  ====================================================-->\n        <h2>PRINCIPAUX INGR\u00c9DIENTS<\/h2>\n                    <p>REJUVENIQE<sup>\u00ae<\/sup><\/p>\n                    <p>CAPIXYL<sup>\u2122<\/sup><\/p>\n                    <p>Extrait de pois<\/p>\n                    <p>Protecteur UV v\u00e9gan <\/p>\n        <button id=\"myBtn\" type=\"button\">LISTE D&#8217;INGR\u00c9DIENTS<\/button>\n        <!--==================================================== Modal content  ====================================================-->\n            &times;\n            <p>Aqua\/Water\/Eau, Cetyl Alcohol, Behentrimonium Methosulfate, Cinnamidopropyltrimonium Chloride, Isoamyl Laurate, Hydrolyzed Rice Protein, Pisum Sativum (Pea) Extract, Acetyl Tetrapeptide-3, Trifolium Pratense (Clover) Flower Extract, Limnanthes Alba (Meadowfoam) Seed Oil, Crambe Abyssinica Seed Oil, Camellia Oleifera Seed Oil, Solanum Lycopersicum (Tomato) Seed Oil, Daucus Carota Sativa (Carrot) Seed Oil, Citrus Limon (Lemon) Peel Oil, Citrus Aurantifolia (Lime) Oil, Citrus Aurantium Bergamia (Bergamot) Fruit Oil, Adansonia Digitata Oil, Mauritia Flexuosa Fruit Oil, Cocos Nucifera (Coconut) Oil, Gardenia Taitensis Flower Extract, Moringa Oleifera Seed Oil, Caryocar Brasiliense Fruit Oil, Helianthus Annuus (Sunflower) Seed Oil, Glycerin, Dextran, Polyquaternium-7, Fragrance\/Parfum, Butylene Glycol, Benzyl Alcohol, Dehydroacetic Acid, Sodium Benzoate, Potassium Sorbate, Citronellol, Hexyl Cinnamal, Limonene, Linalool.<\/p>\n    <!--==================================================== You might also like section ====================================================-->\n        <h2>VOUS POURRIEZ AUSSI AIMER<\/h2>\n        <!--==================================================== Slider YOU MIGHT ALSO LIKE ====================================================-->\n        <!---->\n        <!--    -->\n                <!--==================================================== Slides products ====================================================-->\n        <!--        -->\n        <!--            <a href=\"https:\/\/monatglobal.com\/fr\/volumizing-revive-shampoo\/\" aria-label=\"Go to Volumizing Revive\u2122 Shampoo page\">-->\n        <!--                <img decoding=\"async\" src=\"https:\/\/monatglobal.com\/wp-content\/uploads\/sites\/15\/2022\/10\/volumizing-revive-shampoo-ecomm.jpg\" alt=\"Volumizing Revive\u2122 Shampoo\" loading=\"lazy\"\/>-->\n        <!--                <p>Shampooing<br \/>volumisant Revive\u2122<\/p>-->\n        <!--            <\/a>-->\n        <!--        -->\n        <!--        -->\n        <!--            <a href=\"https:\/\/monatglobal.com\/fr\/volume-spray\/\" aria-label=\"Go to Spray volumisant et amplifiant MONAT STUDIO ONE\u2122 page\">-->\n        <!--                <img decoding=\"async\" src=\"https:\/\/monatglobal.com\/wp-content\/uploads\/2022\/12\/STUDIO-ONE-VOLUME-LIFT-SPRAY_-ecomm-min.png\" alt=\"Spray volumisant et amplifiant MONAT STUDIO ONE\u2122\" loading=\"lazy\"\/>-->\n        <!--                <p>Spray volumisant et amplifiant<br \/>MONAT STUDIO ONE\u2122<\/p>-->\n        <!--            <\/a>-->\n        <!--        -->\n        <!--        -->\n        <!--            <a href=\"https:\/\/monatglobal.com\/fr\/conditioning-dry-shampoo\/\" aria-label=\"Go to Spray sec texturisant MONAT STUDIO ONE\u2122 page\">-->\n        <!--                <img decoding=\"async\" src=\"https:\/\/monatglobal.com\/es\/wp-content\/uploads\/sites\/10\/2021\/10\/CHAMPU-ACONDICIONADOR-EN-SECO-MONAT-STUDIO-ONE-THE-CHAMP-ecomm.png\" alt=\"Spray sec texturisant MONAT STUDIO ONE\u2122\" loading=\"lazy\"\/>-->\n        <!--                <p>Shampooing sec The Champ\u2122 <br \/> MONAT STUDIO ONE\u2122<\/p>-->\n        <!--            <\/a>-->\n        <!--        -->\n        <!--    -->\n            <!--================================================= If we need navigation buttons  ==================================================-->\n        <!--    -->\n        <!--    -->\n            <!--==================================================== If we need paginations  ====================================================-->\n        <!--    -->\n        <!---->\n         <!--==================================================== If we need navigation buttons  ====================================================-->\n         <!--==================================================== If we need paginations  ====================================================-->\n    <a href=\"\" aria-label=\"\"><\/a>\n<!--==================================================== this link has to go last for it to work   ====================================================-->\n\n","protected":false},"excerpt":{"rendered":"<p>\u00ab BEST SELLERS \u00bb \u00ab BEST SELLERS \u00bb Apr\u00e8s-shampooing volumisantRevitalize\u2122 Avec REJUVENIQE\u00ae Un apr\u00e8s-shampooing revitalisant l\u00e9ger et volumisant pour cheveux les fins. 179 ml \u212e 6 oz liq. Prix de d\u00e9tail00.00 \u20ac Prix de client VIP00.00 \u20ac Pour en savoir plus sur le Apr\u00e8s-shampooing volumisant Revitalize\u2122, veuillez contacter votre Partenaire de March\u00e9 MONAT. BIENFAITS Cet&hellip;<\/p>\n","protected":false},"author":31,"featured_media":77015,"parent":0,"menu_order":0,"comment_status":"closed","ping_status":"closed","template":"","meta":{"inline_featured_image":false,"om_disable_all_campaigns":false,"_monsterinsights_skip_tracking":false,"_monsterinsights_sitenote_active":false,"_monsterinsights_sitenote_note":"","_monsterinsights_sitenote_category":0,"footnotes":""},"categories":[20],"tags":[],"class_list":["post-74174","page","type-page","status-publish","has-post-thumbnail","hentry","category-product-fr"],"aioseo_notices":[],"aioseo_head":"\n\t\t<!-- All in One SEO Pro 4.9.5.2 - aioseo.com -->\n\t<meta name=\"description\" content=\"\u00ab BEST SELLERS \u00bb \u00ab BEST SELLERS \u00bb Apr\u00e8s-shampooing volumisantRevitalize\u2122 Avec REJUVENIQE\u00ae Un apr\u00e8s-shampooing revitalisant l\u00e9ger et volumisant pour cheveux les fins. 179 ml \u212e 6 oz liq. Prix de d\u00e9tail00.00 \u20ac Prix de client VIP00.00 \u20ac Pour en savoir plus sur le Apr\u00e8s-shampooing volumisant Revitalize\u2122, veuillez contacter votre Partenaire de March\u00e9 MONAT. BIENFAITS Cet\" \/>\n\t<meta name=\"robots\" content=\"noindex, nofollow, max-image-preview:large\" \/>\n\t<link rel=\"canonical\" href=\"https:\/\/monatglobal.com\/fr\/volumizing-revitalize-conditioner\/\" \/>\n\t<meta name=\"generator\" content=\"All in One SEO Pro (AIOSEO) 4.9.5.2\" \/>\n\t\t<meta property=\"og:locale\" content=\"en_US\" \/>\n\t\t<meta property=\"og:site_name\" content=\"MONAT France - We Are Modern Nature\u2122\" \/>\n\t\t<meta property=\"og:type\" content=\"article\" \/>\n\t\t<meta property=\"og:title\" content=\"Apr\u00e8s-shampooing volumisant Revitalize\u2122 - MONAT France\" \/>\n\t\t<meta property=\"og:description\" content=\"\u00ab BEST SELLERS \u00bb \u00ab BEST SELLERS \u00bb Apr\u00e8s-shampooing volumisantRevitalize\u2122 Avec REJUVENIQE\u00ae Un apr\u00e8s-shampooing revitalisant l\u00e9ger et volumisant pour cheveux les fins. 179 ml \u212e 6 oz liq. Prix de d\u00e9tail00.00 \u20ac Prix de client VIP00.00 \u20ac Pour en savoir plus sur le Apr\u00e8s-shampooing volumisant Revitalize\u2122, veuillez contacter votre Partenaire de March\u00e9 MONAT. BIENFAITS Cet\" \/>\n\t\t<meta property=\"og:url\" content=\"https:\/\/monatglobal.com\/fr\/volumizing-revitalize-conditioner\/\" \/>\n\t\t<meta property=\"article:published_time\" content=\"2023-06-05T22:06:34+00:00\" \/>\n\t\t<meta property=\"article:modified_time\" content=\"2026-03-18T21:09:54+00:00\" \/>\n\t\t<meta name=\"twitter:card\" content=\"summary_large_image\" \/>\n\t\t<meta name=\"twitter:title\" content=\"Apr\u00e8s-shampooing volumisant Revitalize\u2122 - MONAT France\" \/>\n\t\t<meta name=\"twitter:description\" content=\"\u00ab BEST SELLERS \u00bb \u00ab BEST SELLERS \u00bb Apr\u00e8s-shampooing volumisantRevitalize\u2122 Avec REJUVENIQE\u00ae Un apr\u00e8s-shampooing revitalisant l\u00e9ger et volumisant pour cheveux les fins. 179 ml \u212e 6 oz liq. Prix de d\u00e9tail00.00 \u20ac Prix de client VIP00.00 \u20ac Pour en savoir plus sur le Apr\u00e8s-shampooing volumisant Revitalize\u2122, veuillez contacter votre Partenaire de March\u00e9 MONAT. BIENFAITS Cet\" \/>\n\t\t<script type=\"application\/ld+json\" class=\"aioseo-schema\">\n\t\t\t{\"@context\":\"https:\\\/\\\/schema.org\",\"@graph\":[{\"@type\":\"BreadcrumbList\",\"@id\":\"https:\\\/\\\/monatglobal.com\\\/fr\\\/volumizing-revitalize-conditioner\\\/#breadcrumblist\",\"itemListElement\":[{\"@type\":\"ListItem\",\"@id\":\"https:\\\/\\\/monatglobal.com\\\/fr#listItem\",\"position\":1,\"name\":\"Home\",\"item\":\"https:\\\/\\\/monatglobal.com\\\/fr\",\"nextItem\":{\"@type\":\"ListItem\",\"@id\":\"https:\\\/\\\/monatglobal.com\\\/fr\\\/volumizing-revitalize-conditioner\\\/#listItem\",\"name\":\"Apr\\u00e8s-shampooing volumisant Revitalize\\u2122\"}},{\"@type\":\"ListItem\",\"@id\":\"https:\\\/\\\/monatglobal.com\\\/fr\\\/volumizing-revitalize-conditioner\\\/#listItem\",\"position\":2,\"name\":\"Apr\\u00e8s-shampooing volumisant Revitalize\\u2122\",\"previousItem\":{\"@type\":\"ListItem\",\"@id\":\"https:\\\/\\\/monatglobal.com\\\/fr#listItem\",\"name\":\"Home\"}}]},{\"@type\":\"Organization\",\"@id\":\"https:\\\/\\\/monatglobal.com\\\/fr\\\/#organization\",\"name\":\"MONAT France\",\"description\":\"We Are Modern Nature\\u2122\",\"url\":\"https:\\\/\\\/monatglobal.com\\\/fr\\\/\"},{\"@type\":\"WebPage\",\"@id\":\"https:\\\/\\\/monatglobal.com\\\/fr\\\/volumizing-revitalize-conditioner\\\/#webpage\",\"url\":\"https:\\\/\\\/monatglobal.com\\\/fr\\\/volumizing-revitalize-conditioner\\\/\",\"name\":\"Apr\\u00e8s-shampooing volumisant Revitalize\\u2122 - MONAT France\",\"description\":\"\\u00ab BEST SELLERS \\u00bb \\u00ab BEST SELLERS \\u00bb Apr\\u00e8s-shampooing volumisantRevitalize\\u2122 Avec REJUVENIQE\\u00ae Un apr\\u00e8s-shampooing revitalisant l\\u00e9ger et volumisant pour cheveux les fins. 179 ml \\u212e 6 oz liq. Prix de d\\u00e9tail00.00 \\u20ac Prix de client VIP00.00 \\u20ac Pour en savoir plus sur le Apr\\u00e8s-shampooing volumisant Revitalize\\u2122, veuillez contacter votre Partenaire de March\\u00e9 MONAT. BIENFAITS Cet\",\"inLanguage\":\"en-US\",\"isPartOf\":{\"@id\":\"https:\\\/\\\/monatglobal.com\\\/fr\\\/#website\"},\"breadcrumb\":{\"@id\":\"https:\\\/\\\/monatglobal.com\\\/fr\\\/volumizing-revitalize-conditioner\\\/#breadcrumblist\"},\"image\":{\"@type\":\"ImageObject\",\"url\":\"https:\\\/\\\/monatglobal.com\\\/fr\\\/wp-content\\\/uploads\\\/sites\\\/19\\\/2023\\\/06\\\/volumizing-revitalize-conditioner-ecomm.jpg\",\"@id\":\"https:\\\/\\\/monatglobal.com\\\/fr\\\/volumizing-revitalize-conditioner\\\/#mainImage\",\"width\":641,\"height\":800},\"primaryImageOfPage\":{\"@id\":\"https:\\\/\\\/monatglobal.com\\\/fr\\\/volumizing-revitalize-conditioner\\\/#mainImage\"},\"datePublished\":\"2023-06-05T22:06:34+01:00\",\"dateModified\":\"2026-03-18T21:09:54+00:00\"},{\"@type\":\"WebSite\",\"@id\":\"https:\\\/\\\/monatglobal.com\\\/fr\\\/#website\",\"url\":\"https:\\\/\\\/monatglobal.com\\\/fr\\\/\",\"name\":\"MONAT France\",\"description\":\"We Are Modern Nature\\u2122\",\"inLanguage\":\"en-US\",\"publisher\":{\"@id\":\"https:\\\/\\\/monatglobal.com\\\/fr\\\/#organization\"}}]}\n\t\t<\/script>\n\t\t<!-- All in One SEO Pro -->\r\n\t\t<title>Apr\u00e8s-shampooing volumisant Revitalize\u2122 - MONAT France<\/title>\n\n","aioseo_head_json":{"title":"Apr\u00e8s-shampooing volumisant Revitalize\u2122 - MONAT France","description":"\u00ab BEST SELLERS \u00bb \u00ab BEST SELLERS \u00bb Apr\u00e8s-shampooing volumisantRevitalize\u2122 Avec REJUVENIQE\u00ae Un apr\u00e8s-shampooing revitalisant l\u00e9ger et volumisant pour cheveux les fins. 179 ml \u212e 6 oz liq. Prix de d\u00e9tail00.00 \u20ac Prix de client VIP00.00 \u20ac Pour en savoir plus sur le Apr\u00e8s-shampooing volumisant Revitalize\u2122, veuillez contacter votre Partenaire de March\u00e9 MONAT. BIENFAITS Cet","canonical_url":"https:\/\/monatglobal.com\/fr\/volumizing-revitalize-conditioner\/","robots":"noindex, nofollow, max-image-preview:large","keywords":"","webmasterTools":{"miscellaneous":""},"schema":{"@context":"https:\/\/schema.org","@graph":[{"@type":"BreadcrumbList","@id":"https:\/\/monatglobal.com\/fr\/volumizing-revitalize-conditioner\/#breadcrumblist","itemListElement":[{"@type":"ListItem","@id":"https:\/\/monatglobal.com\/fr#listItem","position":1,"name":"Home","item":"https:\/\/monatglobal.com\/fr","nextItem":{"@type":"ListItem","@id":"https:\/\/monatglobal.com\/fr\/volumizing-revitalize-conditioner\/#listItem","name":"Apr\u00e8s-shampooing volumisant Revitalize\u2122"}},{"@type":"ListItem","@id":"https:\/\/monatglobal.com\/fr\/volumizing-revitalize-conditioner\/#listItem","position":2,"name":"Apr\u00e8s-shampooing volumisant Revitalize\u2122","previousItem":{"@type":"ListItem","@id":"https:\/\/monatglobal.com\/fr#listItem","name":"Home"}}]},{"@type":"Organization","@id":"https:\/\/monatglobal.com\/fr\/#organization","name":"MONAT France","description":"We Are Modern Nature\u2122","url":"https:\/\/monatglobal.com\/fr\/"},{"@type":"WebPage","@id":"https:\/\/monatglobal.com\/fr\/volumizing-revitalize-conditioner\/#webpage","url":"https:\/\/monatglobal.com\/fr\/volumizing-revitalize-conditioner\/","name":"Apr\u00e8s-shampooing volumisant Revitalize\u2122 - MONAT France","description":"\u00ab BEST SELLERS \u00bb \u00ab BEST SELLERS \u00bb Apr\u00e8s-shampooing volumisantRevitalize\u2122 Avec REJUVENIQE\u00ae Un apr\u00e8s-shampooing revitalisant l\u00e9ger et volumisant pour cheveux les fins. 179 ml \u212e 6 oz liq. Prix de d\u00e9tail00.00 \u20ac Prix de client VIP00.00 \u20ac Pour en savoir plus sur le Apr\u00e8s-shampooing volumisant Revitalize\u2122, veuillez contacter votre Partenaire de March\u00e9 MONAT. BIENFAITS Cet","inLanguage":"en-US","isPartOf":{"@id":"https:\/\/monatglobal.com\/fr\/#website"},"breadcrumb":{"@id":"https:\/\/monatglobal.com\/fr\/volumizing-revitalize-conditioner\/#breadcrumblist"},"image":{"@type":"ImageObject","url":"https:\/\/monatglobal.com\/fr\/wp-content\/uploads\/sites\/19\/2023\/06\/volumizing-revitalize-conditioner-ecomm.jpg","@id":"https:\/\/monatglobal.com\/fr\/volumizing-revitalize-conditioner\/#mainImage","width":641,"height":800},"primaryImageOfPage":{"@id":"https:\/\/monatglobal.com\/fr\/volumizing-revitalize-conditioner\/#mainImage"},"datePublished":"2023-06-05T22:06:34+01:00","dateModified":"2026-03-18T21:09:54+00:00"},{"@type":"WebSite","@id":"https:\/\/monatglobal.com\/fr\/#website","url":"https:\/\/monatglobal.com\/fr\/","name":"MONAT France","description":"We Are Modern Nature\u2122","inLanguage":"en-US","publisher":{"@id":"https:\/\/monatglobal.com\/fr\/#organization"}}]},"og:locale":"en_US","og:site_name":"MONAT France - We Are Modern Nature\u2122","og:type":"article","og:title":"Apr\u00e8s-shampooing volumisant Revitalize\u2122 - MONAT France","og:description":"\u00ab BEST SELLERS \u00bb \u00ab BEST SELLERS \u00bb Apr\u00e8s-shampooing volumisantRevitalize\u2122 Avec REJUVENIQE\u00ae Un apr\u00e8s-shampooing revitalisant l\u00e9ger et volumisant pour cheveux les fins. 179 ml \u212e 6 oz liq. Prix de d\u00e9tail00.00 \u20ac Prix de client VIP00.00 \u20ac Pour en savoir plus sur le Apr\u00e8s-shampooing volumisant Revitalize\u2122, veuillez contacter votre Partenaire de March\u00e9 MONAT. BIENFAITS Cet","og:url":"https:\/\/monatglobal.com\/fr\/volumizing-revitalize-conditioner\/","article:published_time":"2023-06-05T22:06:34+00:00","article:modified_time":"2026-03-18T21:09:54+00:00","twitter:card":"summary_large_image","twitter:title":"Apr\u00e8s-shampooing volumisant Revitalize\u2122 - MONAT France","twitter:description":"\u00ab BEST SELLERS \u00bb \u00ab BEST SELLERS \u00bb Apr\u00e8s-shampooing volumisantRevitalize\u2122 Avec REJUVENIQE\u00ae Un apr\u00e8s-shampooing revitalisant l\u00e9ger et volumisant pour cheveux les fins. 179 ml \u212e 6 oz liq. Prix de d\u00e9tail00.00 \u20ac Prix de client VIP00.00 \u20ac Pour en savoir plus sur le Apr\u00e8s-shampooing volumisant Revitalize\u2122, veuillez contacter votre Partenaire de March\u00e9 MONAT. BIENFAITS Cet"},"aioseo_meta_data":{"post_id":"74174","title":null,"description":null,"keywords":null,"keyphrases":null,"primary_term":null,"canonical_url":null,"og_title":null,"og_description":null,"og_object_type":"default","og_image_type":"default","og_image_url":null,"og_image_width":null,"og_image_height":null,"og_image_custom_url":null,"og_image_custom_fields":null,"og_video":null,"og_custom_url":null,"og_article_section":null,"og_article_tags":null,"twitter_use_og":false,"twitter_card":"default","twitter_image_type":"default","twitter_image_url":null,"twitter_image_custom_url":null,"twitter_image_custom_fields":null,"twitter_title":null,"twitter_description":null,"schema":{"blockGraphs":[],"customGraphs":[],"default":{"data":{"Article":[],"Course":[],"Dataset":[],"FAQPage":[],"Movie":[],"Person":[],"Product":[],"ProductReview":[],"Car":[],"Recipe":[],"Service":[],"SoftwareApplication":[],"WebPage":[]},"graphName":"WebPage","isEnabled":true},"graphs":[]},"schema_type":"default","schema_type_options":null,"pillar_content":false,"robots_default":true,"robots_noindex":false,"robots_noarchive":false,"robots_nosnippet":false,"robots_nofollow":false,"robots_noimageindex":false,"robots_noodp":false,"robots_notranslate":false,"robots_max_snippet":null,"robots_max_videopreview":null,"robots_max_imagepreview":"large","priority":null,"frequency":null,"local_seo":null,"seo_analyzer_scan_date":"2026-03-18 22:28:50","breadcrumb_settings":null,"limit_modified_date":false,"reviewed_by":null,"open_ai":null,"ai":null,"created":"2023-07-26 00:07:11","updated":"2026-03-18 22:29:47"},"aioseo_breadcrumb":"<div class=\"aioseo-breadcrumbs\"><span class=\"aioseo-breadcrumb\">\n\t<a href=\"https:\/\/monatglobal.com\/fr\" title=\"Home\">Home<\/a>\n<\/span><span class=\"aioseo-breadcrumb-separator\">&raquo;<\/span><span class=\"aioseo-breadcrumb\">\n\tApr\u00e8s-shampooing volumisant Revitalize\u2122\n<\/span><\/div>","aioseo_breadcrumb_json":[{"label":"Home","link":"https:\/\/monatglobal.com\/fr"},{"label":"Apr\u00e8s-shampooing volumisant Revitalize\u2122","link":"https:\/\/monatglobal.com\/fr\/volumizing-revitalize-conditioner\/"}],"_links":{"self":[{"href":"https:\/\/monatglobal.com\/fr\/wp-json\/wp\/v2\/pages\/74174","targetHints":{"allow":["GET"]}}],"collection":[{"href":"https:\/\/monatglobal.com\/fr\/wp-json\/wp\/v2\/pages"}],"about":[{"href":"https:\/\/monatglobal.com\/fr\/wp-json\/wp\/v2\/types\/page"}],"author":[{"embeddable":true,"href":"https:\/\/monatglobal.com\/fr\/wp-json\/wp\/v2\/users\/31"}],"replies":[{"embeddable":true,"href":"https:\/\/monatglobal.com\/fr\/wp-json\/wp\/v2\/comments?post=74174"}],"version-history":[{"count":31,"href":"https:\/\/monatglobal.com\/fr\/wp-json\/wp\/v2\/pages\/74174\/revisions"}],"predecessor-version":[{"id":109461,"href":"https:\/\/monatglobal.com\/fr\/wp-json\/wp\/v2\/pages\/74174\/revisions\/109461"}],"wp:featuredmedia":[{"embeddable":true,"href":"https:\/\/monatglobal.com\/fr\/wp-json\/wp\/v2\/media\/77015"}],"wp:attachment":[{"href":"https:\/\/monatglobal.com\/fr\/wp-json\/wp\/v2\/media?parent=74174"}],"wp:term":[{"taxonomy":"category","embeddable":true,"href":"https:\/\/monatglobal.com\/fr\/wp-json\/wp\/v2\/categories?post=74174"},{"taxonomy":"post_tag","embeddable":true,"href":"https:\/\/monatglobal.com\/fr\/wp-json\/wp\/v2\/tags?post=74174"}],"curies":[{"name":"wp","href":"https:\/\/api.w.org\/{rel}","templated":true}]}}