{"id":74172,"date":"2022-09-30T21:23:08","date_gmt":"2022-09-30T21:23:08","guid":{"rendered":"https:\/\/monatglobal.com\/nz\/?page_id=74172"},"modified":"2026-02-03T16:37:45","modified_gmt":"2026-02-03T16:37:45","slug":"restore-leave-in-conditioner","status":"publish","type":"page","link":"https:\/\/monatglobal.com\/fr\/restore-leave-in-conditioner\/","title":{"rendered":"Apr\u00e8s-shampooing sans rin\u00e7age Restore"},"content":{"rendered":"\n\n\t<link rel=\"stylesheet\" href=\"https:\/\/unpkg.com\/swiper\/swiper-bundle.min.css\" \/>\n<link rel=\"stylesheet\" href=\"https:\/\/monatglobal.com\/wp-content\/creative_css\/product_styles_sheet.css\" \/> \n   <!--==================================================== ECOMM SECTION ====================================================-->\n   <p>\u00ab BEST SELLERS \u00bb<\/p>\n      <!--==================================================== Ecomm image ====================================================-->\n      <img decoding=\"async\" src=\"https:\/\/monatglobal.com\/nz\/wp-content\/uploads\/sites\/15\/2022\/10\/RESTORE-LEAVE-IN-CONDITIONER-ecomm.png\" alt=\"Product shot of Restore Leave-In Conditioner.\" loading=\"lazy\"\/>\n      <!--==================================================== Ecomm information  ====================================================--> \n         \n         <p>\u00ab BEST SELLERS \u00bb<\/p>\n         <h1>Apr\u00e8s-shampooing sans<br \/>rin\u00e7age Restore\u2122<\/h1> \n         <p>Avec REJUVENIQE<sup>\u00ae<\/sup><\/p>\n         <p>Un revitalisant sans rin\u00e7age qui hydrate les cheveux&nbsp;secs.<\/p>\n         <p>134 ml \u212e 4,5 oz liq.<\/p>\n      <!--==================================================== pricing box  ====================================================-->   \n               <p>Prix de d\u00e9tail<br \/>42.00 \u20ac<\/p>\n               <p>Prix de VIP<br \/>36.00 \u20ac<\/p>\n       <!--==================================================== pricing box  ====================================================-->    \n         <p>Pour en savoir plus sur le Apr\u00e8s-shampooing sans rin\u00e7age Restore\u2122, veuillez contacter votre Partenaire de March\u00e9&nbsp;MONAT.<\/p>\n            <a href=\"https:\/\/corp.mymonat.com\/shop\/products\/restore-leave-in-conditioner-6000005935?taxon_id=30\/?globallanguage=fr&#038;globalmarket=fr\" target=\"_blank\" role=\"button\" aria-label=\"Go to Apr\u00e8s-shampooing sans rin\u00e7age Restore\u2122 shop\" rel=\"noopener\">ACHETER<\/a>\n            <a href=\"\">stocks \u00e9puis\u00e9s<\/a>\n   <!--==================================================== \/ECOMM SECTION  ====================================================-->\n   <!--==================================================== Benefits image ====================================================-->\n   \n      <source media=\"(max-width: 700px)\" srcset=\"https:\/\/monatglobal.com\/nz\/wp-content\/uploads\/sites\/15\/2022\/10\/Restore-leave-in-benefits-mobile.jpg\" loading=\"lazy\"\/>\n      <img decoding=\"async\" alt=\"A brunette female smiling.\" \n      src=\"https:\/\/monatglobal.com\/nz\/wp-content\/uploads\/sites\/15\/2022\/10\/Restore-leave-in-benefits-desktop.jpg\" loading=\"lazy\"\/>\n   \n   <!--==================================================== Benefits text ====================================================-->\n         <h2>BIENFAITS<\/h2>\n         <h3>Ce revitalisant sans rin\u00e7age est nourrissant et r\u00e9tablit l&#8217;humidit\u00e9 essentielle, sans alourdir les&nbsp;cheveux.<\/h3>\n         <p>86 % des utilisatrices sont d&#8217;accord que le produit d\u00e9m\u00eale les&nbsp;cheveux.*<\/p>\n         <p>83 % des utilisatrices sont d&#8217;accord que le produit offre une l\u00e9g\u00e8re hydratation&nbsp;instantan\u00e9e.*<\/p>\n         <p>* Selon une \u00e9tude men\u00e9e par un dermatologue aupr\u00e8s de 35 femmes de 38 \u00e0 60&nbsp;ans.<\/p>\n         <!--==================================================== features image  ====================================================-->\n         <img decoding=\"async\" alt=\"Restore Leave-In Conditioner laying on a flat surface, along with ingredients such as lemon and orange slices, a flower and green beans.\" \n         src=\"https:\/\/monatglobal.com\/nz\/wp-content\/uploads\/sites\/15\/2022\/10\/Restore-leave-in-features.jpg\" loading=\"lazy\"\/>\n      <!--==================================================== features text ====================================================-->\n            <h3>Caract\u00e9ristiques<\/h3>\n               <p>\/ Il hydrate gr\u00e2ce au REJUVENIQE<sup>\u00ae<\/sup><\/p>\n               <p>\/ Il est riche en acides gras&nbsp;om\u00e9ga<\/p>\n               <p>*Based on instrumental tests by a third-party &nbsp;laboratory. <\/p>\n               <br \/>\n            <p>Parfum \/ au parfum rafra\u00eechissant de fleurs et d&#8217;herbes fra\u00eeches aux notes de jasmin, de citron Meyer, de n\u00e9roli et de th\u00e9&nbsp;vert.<\/p>\n            <p> Texture \/  vaporisateur liquide<\/p>\n   <!--==================================================== composition image mobile ====================================================-->\n   <img decoding=\"async\" alt=\"Renew Shampoo and Restore Leave-In Conditioner on a marble surface, next to a white towel.\" src=\"https:\/\/monatglobal.com\/nz\/wp-content\/uploads\/sites\/15\/2022\/10\/Restore-leave-in-benefits-comp1.jpg\" loading=\"lazy\"\/>\n   <!--==================================================== Why it works text ====================================================-->\n      <h2>CETTE L\u00c9G\u00c8RE CR\u00c8ME NOURRISSANTE MULTIFONCTION LUTTE CONTRE LA S\u00c9CHERESSE DES CHEVEUX MOYENS \u00c0 \u00c9PAIS.<\/h2>\n      <h3>Notre formule sans rin\u00e7age offre une hydratation de longue dur\u00e9e pour am\u00e9liorer la maniabilit\u00e9, laissant les cheveux plus doux au toucher, plus forts et plus&nbsp;brillants.<\/h3>\n      \n<!--==================================================== Composition section ====================================================-->\n      <img decoding=\"async\" alt=\"Renew Shampoo and Restore Leave-In Conditioner on a marble surface, next to a white towel.\" src=\"https:\/\/monatglobal.com\/nz\/wp-content\/uploads\/sites\/15\/2022\/10\/Restore-leave-in-benefits-comp1.jpg\" loading=\"lazy\"\/>\n      <img decoding=\"async\" alt=\"A blonde female smiling, overlapping a photo of a texture shot of Renew Shampoo.\" src=\"https:\/\/monatglobal.com\/nz\/wp-content\/uploads\/sites\/15\/2022\/10\/Restore-leave-in-comp3.jpg\" loading=\"lazy\"\/>\n            <!--==================================================== Directions text ====================================================--> \n               <h3>Mode d&#8217;emploi<\/h3>\n               <p>\/ Appliquer sur la longueur et les pointes des cheveux&nbsp;humides.<\/p>\n               <p>\/ Peigner les cheveux et coiffer comme&nbsp;d&#8217;habitude.<\/p>\n            <!--==================================================== Directions video ====================================================-->\n      <p>Damage Repair <br \/>Bond-Fortifying Hair Leave-In Cr\u00e8me  <br \/>1:28<\/p>\n   <a href=\"https:\/\/corp.mymonat.com\/shop\/products\/restore-leave-in-conditioner-6000005935?taxon_id=30\/?globallanguage=fr&#038;globalmarket=fr\" target=\"_blank\" role=\"button\" aria-label=\"Go to Apr\u00e8s-shampooing sans rin\u00e7age Restore\u2122 shop\" rel=\"noopener\">ACHETER<\/a>\n            <a href=\"\">stocks \u00e9puis\u00e9s<\/a>\n   <!--==================================================== Ingredients section  ====================================================-->\n      <h2>PRINCIPAUX INGR\u00c9DIENTS<\/h2>\n               <p>REJUVENIQE<sup>\u00ae<\/sup><\/p>\n               <p>CAPIXYL<sup>\u2122<\/sup><\/p>\n               <p>Extrait de pois<\/p>\n               <p>Protecteur UV v\u00e9gan<\/p>\n        <button id=\"myBtn\" type=\"button\">LISTE D&#8217;INGR\u00c9DIENTS<\/button>\n      <!--==================================================== Modal content  ====================================================-->\n         &times;\n         <p>Aqua\/Water\/Eau, Cetearyl Alcohol, Quaternium-91, Isoamyl Laurate, Cinnamidopropyltrimonium Chloride,Pisum Sativum (Pea) Extract, Acetyl Tetrapeptide-3,Trifolium Pratense (Clover) Flower Extract, Limnanthes Alba (Meadowfoam) Seed Oil, Crambe Abyssinica Seed Oil      ,Camellia Oleifera Seed Oil, Solanum Lycopersicum (Tomato) Seed Oil, Daucus Carota Sativa (Carrot) Seed Oil, Citrus Limon (Lemon) Peel Oil, Citrus Aurantifolia (Lime) Oil, Citrus Aurantium Bergamia (Bergamot) Fruit Oil, Adansonia Digitata Oil, Mauritia Flexuosa Fruit Oil,Cocos Nucifera (Coconut) Oil, Gardenia Taitensis Flower Extract, Moringa Oleifera Seed Oil, Caryocar Brasiliense Fruit Oil, Helianthus Annuus (Sunflower) Seed Oil, Hydrolyzed Wheat Protein, Myristyl Myristate, Glycerin, Dextran, Citric Acid, Behentrimonium Chloride, Fragrance\/Parfum, Butylene Glycol, Glyceryl Caprylate, Caprylhydroxamic Acid, Benzyl Alcohol, Dehydroacetic Acid, Sodium Benzoate, Potassium Sorbate, Citronellol, Limonene, Hexyl Cinnamal, Linalool.<\/p>\n   <!--==================================================== You might also like section ====================================================-->\n      <h2>VOUS POURRIEZ AUSSI AIMER<\/h2>\n      <!--==================================================== Slider YOU MIGHT ALSO LIKE ====================================================-->\n            <!--==================================================== Slides products ====================================================-->\n               <a href=\"https:\/\/monatglobal.com\/fr\/renew-shampoo\" aria-label=\"Go to Shampooing Renew\u2122 Shampoo page\">\n                  <img decoding=\"async\" src=\"https:\/\/monatglobal.com\/wp-content\/uploads\/2022\/06\/renew-shampoo-e-comm.png\" alt=\"Shampooing Renew\u2122 Shampoo\" loading=\"lazy\"\/>\n                  <p>Shampooing Renew\u2122<\/p>\n               <\/a>\n               <a href=\"https:\/\/monatglobal.com\/fr\/replenish-masque\/\" aria-label=\"Go to Masque Replenish\u2122 page\">\n                  <img decoding=\"async\" src=\"https:\/\/monatglobal.com\/wp-content\/uploads\/2022\/06\/replenish-masque-e-comm.png\" alt=\"Masque Replenish\u2122\" loading=\"lazy\"\/>\n                  <p>Masque<br \/>Replenish\u2122<\/p>\n               <\/a>\n               <a href=\"https:\/\/monatglobal.com\/fr\/rejuveniqe-oil\/\" aria-label=\"Go to REJUVENIQE\u00ae page\">\n                  <img decoding=\"async\" src=\"https:\/\/monatglobal.com\/es\/wp-content\/uploads\/sites\/10\/2021\/10\/rejuveniqe_2021-ecomm.png\" alt=\"REJUVENIQE\u00ae\" loading=\"lazy\"\/>\n                  <p>REJUVENIQE<sup>\u00ae<\/sup><\/p>\n               <\/a>\n         <!--==================================================== If we need navigation buttons  ====================================================-->\n         <!--==================================================== If we need paginations  ====================================================-->\n       <a href=\"https:\/\/monatglobal.com\/fr\/products\/?line=soins-capillaires\" aria-label=\"Go to Tous les soins capillaires\"><h3>Tous les soins capillaires<\/h3><\/a>\n<!--==================================================== this link has to go last for it to work   ====================================================-->\n\n","protected":false},"excerpt":{"rendered":"<p>\u00ab BEST SELLERS \u00bb \u00ab BEST SELLERS \u00bb Apr\u00e8s-shampooing sansrin\u00e7age Restore\u2122 Avec REJUVENIQE\u00ae Un revitalisant sans rin\u00e7age qui hydrate les cheveux&nbsp;secs. 134 ml \u212e 4,5 oz liq. Prix de d\u00e9tail42.00 \u20ac Prix de VIP36.00 \u20ac Pour en savoir plus sur le Apr\u00e8s-shampooing sans rin\u00e7age Restore\u2122, veuillez contacter votre Partenaire de March\u00e9&nbsp;MONAT. ACHETER stocks \u00e9puis\u00e9s BIENFAITS&hellip;<\/p>\n","protected":false},"author":31,"featured_media":77112,"parent":0,"menu_order":0,"comment_status":"closed","ping_status":"closed","template":"","meta":{"inline_featured_image":false,"om_disable_all_campaigns":false,"_monsterinsights_skip_tracking":false,"_monsterinsights_sitenote_active":false,"_monsterinsights_sitenote_note":"","_monsterinsights_sitenote_category":0,"footnotes":""},"categories":[20],"tags":[],"class_list":["post-74172","page","type-page","status-publish","has-post-thumbnail","hentry","category-product-fr"],"aioseo_notices":[],"aioseo_head":"\n\t\t<!-- All in One SEO Pro 4.9.5.2 - aioseo.com -->\n\t<meta name=\"description\" content=\"\u00ab BEST SELLERS \u00bb \u00ab BEST SELLERS \u00bb Apr\u00e8s-shampooing sansrin\u00e7age Restore\u2122 Avec REJUVENIQE\u00ae Un revitalisant sans rin\u00e7age qui hydrate les cheveux secs. 134 ml \u212e 4,5 oz liq. Prix de d\u00e9tail42.00 \u20ac Prix de VIP36.00 \u20ac Pour en savoir plus sur le Apr\u00e8s-shampooing sans rin\u00e7age Restore\u2122, veuillez contacter votre Partenaire de March\u00e9 MONAT. ACHETER stocks \u00e9puis\u00e9s BIENFAITS\" \/>\n\t<meta name=\"robots\" content=\"noindex, nofollow, max-image-preview:large\" \/>\n\t<link rel=\"canonical\" href=\"https:\/\/monatglobal.com\/fr\/restore-leave-in-conditioner\/\" \/>\n\t<meta name=\"generator\" content=\"All in One SEO Pro (AIOSEO) 4.9.5.2\" \/>\n\t\t<meta property=\"og:locale\" content=\"en_US\" \/>\n\t\t<meta property=\"og:site_name\" content=\"MONAT France - We Are Modern Nature\u2122\" \/>\n\t\t<meta property=\"og:type\" content=\"article\" \/>\n\t\t<meta property=\"og:title\" content=\"Apr\u00e8s-shampooing sans rin\u00e7age Restore - MONAT France\" \/>\n\t\t<meta property=\"og:description\" content=\"\u00ab BEST SELLERS \u00bb \u00ab BEST SELLERS \u00bb Apr\u00e8s-shampooing sansrin\u00e7age Restore\u2122 Avec REJUVENIQE\u00ae Un revitalisant sans rin\u00e7age qui hydrate les cheveux secs. 134 ml \u212e 4,5 oz liq. Prix de d\u00e9tail42.00 \u20ac Prix de VIP36.00 \u20ac Pour en savoir plus sur le Apr\u00e8s-shampooing sans rin\u00e7age Restore\u2122, veuillez contacter votre Partenaire de March\u00e9 MONAT. ACHETER stocks \u00e9puis\u00e9s BIENFAITS\" \/>\n\t\t<meta property=\"og:url\" content=\"https:\/\/monatglobal.com\/fr\/restore-leave-in-conditioner\/\" \/>\n\t\t<meta property=\"article:published_time\" content=\"2022-09-30T21:23:08+00:00\" \/>\n\t\t<meta property=\"article:modified_time\" content=\"2026-02-03T16:37:45+00:00\" \/>\n\t\t<meta name=\"twitter:card\" content=\"summary_large_image\" \/>\n\t\t<meta name=\"twitter:title\" content=\"Apr\u00e8s-shampooing sans rin\u00e7age Restore - MONAT France\" \/>\n\t\t<meta name=\"twitter:description\" content=\"\u00ab BEST SELLERS \u00bb \u00ab BEST SELLERS \u00bb Apr\u00e8s-shampooing sansrin\u00e7age Restore\u2122 Avec REJUVENIQE\u00ae Un revitalisant sans rin\u00e7age qui hydrate les cheveux secs. 134 ml \u212e 4,5 oz liq. Prix de d\u00e9tail42.00 \u20ac Prix de VIP36.00 \u20ac Pour en savoir plus sur le Apr\u00e8s-shampooing sans rin\u00e7age Restore\u2122, veuillez contacter votre Partenaire de March\u00e9 MONAT. ACHETER stocks \u00e9puis\u00e9s BIENFAITS\" \/>\n\t\t<script type=\"application\/ld+json\" class=\"aioseo-schema\">\n\t\t\t{\"@context\":\"https:\\\/\\\/schema.org\",\"@graph\":[{\"@type\":\"BreadcrumbList\",\"@id\":\"https:\\\/\\\/monatglobal.com\\\/fr\\\/restore-leave-in-conditioner\\\/#breadcrumblist\",\"itemListElement\":[{\"@type\":\"ListItem\",\"@id\":\"https:\\\/\\\/monatglobal.com\\\/fr#listItem\",\"position\":1,\"name\":\"Home\",\"item\":\"https:\\\/\\\/monatglobal.com\\\/fr\",\"nextItem\":{\"@type\":\"ListItem\",\"@id\":\"https:\\\/\\\/monatglobal.com\\\/fr\\\/restore-leave-in-conditioner\\\/#listItem\",\"name\":\"Apr\\u00e8s-shampooing sans rin\\u00e7age Restore\"}},{\"@type\":\"ListItem\",\"@id\":\"https:\\\/\\\/monatglobal.com\\\/fr\\\/restore-leave-in-conditioner\\\/#listItem\",\"position\":2,\"name\":\"Apr\\u00e8s-shampooing sans rin\\u00e7age Restore\",\"previousItem\":{\"@type\":\"ListItem\",\"@id\":\"https:\\\/\\\/monatglobal.com\\\/fr#listItem\",\"name\":\"Home\"}}]},{\"@type\":\"Organization\",\"@id\":\"https:\\\/\\\/monatglobal.com\\\/fr\\\/#organization\",\"name\":\"MONAT France\",\"description\":\"We Are Modern Nature\\u2122\",\"url\":\"https:\\\/\\\/monatglobal.com\\\/fr\\\/\"},{\"@type\":\"WebPage\",\"@id\":\"https:\\\/\\\/monatglobal.com\\\/fr\\\/restore-leave-in-conditioner\\\/#webpage\",\"url\":\"https:\\\/\\\/monatglobal.com\\\/fr\\\/restore-leave-in-conditioner\\\/\",\"name\":\"Apr\\u00e8s-shampooing sans rin\\u00e7age Restore - MONAT France\",\"description\":\"\\u00ab BEST SELLERS \\u00bb \\u00ab BEST SELLERS \\u00bb Apr\\u00e8s-shampooing sansrin\\u00e7age Restore\\u2122 Avec REJUVENIQE\\u00ae Un revitalisant sans rin\\u00e7age qui hydrate les cheveux secs. 134 ml \\u212e 4,5 oz liq. Prix de d\\u00e9tail42.00 \\u20ac Prix de VIP36.00 \\u20ac Pour en savoir plus sur le Apr\\u00e8s-shampooing sans rin\\u00e7age Restore\\u2122, veuillez contacter votre Partenaire de March\\u00e9 MONAT. ACHETER stocks \\u00e9puis\\u00e9s BIENFAITS\",\"inLanguage\":\"en-US\",\"isPartOf\":{\"@id\":\"https:\\\/\\\/monatglobal.com\\\/fr\\\/#website\"},\"breadcrumb\":{\"@id\":\"https:\\\/\\\/monatglobal.com\\\/fr\\\/restore-leave-in-conditioner\\\/#breadcrumblist\"},\"image\":{\"@type\":\"ImageObject\",\"url\":\"https:\\\/\\\/monatglobal.com\\\/fr\\\/wp-content\\\/uploads\\\/sites\\\/19\\\/2023\\\/06\\\/RESTORE-LEAVE-IN-CONDITIONER-ecomm.png\",\"@id\":\"https:\\\/\\\/monatglobal.com\\\/fr\\\/restore-leave-in-conditioner\\\/#mainImage\",\"width\":641,\"height\":800},\"primaryImageOfPage\":{\"@id\":\"https:\\\/\\\/monatglobal.com\\\/fr\\\/restore-leave-in-conditioner\\\/#mainImage\"},\"datePublished\":\"2022-09-30T21:23:08+01:00\",\"dateModified\":\"2026-02-03T16:37:45+00:00\"},{\"@type\":\"WebSite\",\"@id\":\"https:\\\/\\\/monatglobal.com\\\/fr\\\/#website\",\"url\":\"https:\\\/\\\/monatglobal.com\\\/fr\\\/\",\"name\":\"MONAT France\",\"description\":\"We Are Modern Nature\\u2122\",\"inLanguage\":\"en-US\",\"publisher\":{\"@id\":\"https:\\\/\\\/monatglobal.com\\\/fr\\\/#organization\"}}]}\n\t\t<\/script>\n\t\t<!-- All in One SEO Pro -->\r\n\t\t<title>Apr\u00e8s-shampooing sans rin\u00e7age Restore - MONAT France<\/title>\n\n","aioseo_head_json":{"title":"Apr\u00e8s-shampooing sans rin\u00e7age Restore - MONAT France","description":"\u00ab BEST SELLERS \u00bb \u00ab BEST SELLERS \u00bb Apr\u00e8s-shampooing sansrin\u00e7age Restore\u2122 Avec REJUVENIQE\u00ae Un revitalisant sans rin\u00e7age qui hydrate les cheveux secs. 134 ml \u212e 4,5 oz liq. Prix de d\u00e9tail42.00 \u20ac Prix de VIP36.00 \u20ac Pour en savoir plus sur le Apr\u00e8s-shampooing sans rin\u00e7age Restore\u2122, veuillez contacter votre Partenaire de March\u00e9 MONAT. ACHETER stocks \u00e9puis\u00e9s BIENFAITS","canonical_url":"https:\/\/monatglobal.com\/fr\/restore-leave-in-conditioner\/","robots":"noindex, nofollow, max-image-preview:large","keywords":"","webmasterTools":{"miscellaneous":""},"schema":{"@context":"https:\/\/schema.org","@graph":[{"@type":"BreadcrumbList","@id":"https:\/\/monatglobal.com\/fr\/restore-leave-in-conditioner\/#breadcrumblist","itemListElement":[{"@type":"ListItem","@id":"https:\/\/monatglobal.com\/fr#listItem","position":1,"name":"Home","item":"https:\/\/monatglobal.com\/fr","nextItem":{"@type":"ListItem","@id":"https:\/\/monatglobal.com\/fr\/restore-leave-in-conditioner\/#listItem","name":"Apr\u00e8s-shampooing sans rin\u00e7age Restore"}},{"@type":"ListItem","@id":"https:\/\/monatglobal.com\/fr\/restore-leave-in-conditioner\/#listItem","position":2,"name":"Apr\u00e8s-shampooing sans rin\u00e7age Restore","previousItem":{"@type":"ListItem","@id":"https:\/\/monatglobal.com\/fr#listItem","name":"Home"}}]},{"@type":"Organization","@id":"https:\/\/monatglobal.com\/fr\/#organization","name":"MONAT France","description":"We Are Modern Nature\u2122","url":"https:\/\/monatglobal.com\/fr\/"},{"@type":"WebPage","@id":"https:\/\/monatglobal.com\/fr\/restore-leave-in-conditioner\/#webpage","url":"https:\/\/monatglobal.com\/fr\/restore-leave-in-conditioner\/","name":"Apr\u00e8s-shampooing sans rin\u00e7age Restore - MONAT France","description":"\u00ab BEST SELLERS \u00bb \u00ab BEST SELLERS \u00bb Apr\u00e8s-shampooing sansrin\u00e7age Restore\u2122 Avec REJUVENIQE\u00ae Un revitalisant sans rin\u00e7age qui hydrate les cheveux secs. 134 ml \u212e 4,5 oz liq. Prix de d\u00e9tail42.00 \u20ac Prix de VIP36.00 \u20ac Pour en savoir plus sur le Apr\u00e8s-shampooing sans rin\u00e7age Restore\u2122, veuillez contacter votre Partenaire de March\u00e9 MONAT. ACHETER stocks \u00e9puis\u00e9s BIENFAITS","inLanguage":"en-US","isPartOf":{"@id":"https:\/\/monatglobal.com\/fr\/#website"},"breadcrumb":{"@id":"https:\/\/monatglobal.com\/fr\/restore-leave-in-conditioner\/#breadcrumblist"},"image":{"@type":"ImageObject","url":"https:\/\/monatglobal.com\/fr\/wp-content\/uploads\/sites\/19\/2023\/06\/RESTORE-LEAVE-IN-CONDITIONER-ecomm.png","@id":"https:\/\/monatglobal.com\/fr\/restore-leave-in-conditioner\/#mainImage","width":641,"height":800},"primaryImageOfPage":{"@id":"https:\/\/monatglobal.com\/fr\/restore-leave-in-conditioner\/#mainImage"},"datePublished":"2022-09-30T21:23:08+01:00","dateModified":"2026-02-03T16:37:45+00:00"},{"@type":"WebSite","@id":"https:\/\/monatglobal.com\/fr\/#website","url":"https:\/\/monatglobal.com\/fr\/","name":"MONAT France","description":"We Are Modern Nature\u2122","inLanguage":"en-US","publisher":{"@id":"https:\/\/monatglobal.com\/fr\/#organization"}}]},"og:locale":"en_US","og:site_name":"MONAT France - We Are Modern Nature\u2122","og:type":"article","og:title":"Apr\u00e8s-shampooing sans rin\u00e7age Restore - MONAT France","og:description":"\u00ab BEST SELLERS \u00bb \u00ab BEST SELLERS \u00bb Apr\u00e8s-shampooing sansrin\u00e7age Restore\u2122 Avec REJUVENIQE\u00ae Un revitalisant sans rin\u00e7age qui hydrate les cheveux secs. 134 ml \u212e 4,5 oz liq. Prix de d\u00e9tail42.00 \u20ac Prix de VIP36.00 \u20ac Pour en savoir plus sur le Apr\u00e8s-shampooing sans rin\u00e7age Restore\u2122, veuillez contacter votre Partenaire de March\u00e9 MONAT. ACHETER stocks \u00e9puis\u00e9s BIENFAITS","og:url":"https:\/\/monatglobal.com\/fr\/restore-leave-in-conditioner\/","article:published_time":"2022-09-30T21:23:08+00:00","article:modified_time":"2026-02-03T16:37:45+00:00","twitter:card":"summary_large_image","twitter:title":"Apr\u00e8s-shampooing sans rin\u00e7age Restore - MONAT France","twitter:description":"\u00ab BEST SELLERS \u00bb \u00ab BEST SELLERS \u00bb Apr\u00e8s-shampooing sansrin\u00e7age Restore\u2122 Avec REJUVENIQE\u00ae Un revitalisant sans rin\u00e7age qui hydrate les cheveux secs. 134 ml \u212e 4,5 oz liq. Prix de d\u00e9tail42.00 \u20ac Prix de VIP36.00 \u20ac Pour en savoir plus sur le Apr\u00e8s-shampooing sans rin\u00e7age Restore\u2122, veuillez contacter votre Partenaire de March\u00e9 MONAT. ACHETER stocks \u00e9puis\u00e9s BIENFAITS"},"aioseo_meta_data":{"post_id":"74172","title":null,"description":null,"keywords":null,"keyphrases":null,"primary_term":null,"canonical_url":null,"og_title":null,"og_description":null,"og_object_type":"default","og_image_type":"default","og_image_url":null,"og_image_width":null,"og_image_height":null,"og_image_custom_url":null,"og_image_custom_fields":null,"og_video":null,"og_custom_url":null,"og_article_section":null,"og_article_tags":null,"twitter_use_og":false,"twitter_card":"default","twitter_image_type":"default","twitter_image_url":null,"twitter_image_custom_url":null,"twitter_image_custom_fields":null,"twitter_title":null,"twitter_description":null,"schema":{"blockGraphs":[],"customGraphs":[],"default":{"data":{"Article":[],"Course":[],"Dataset":[],"FAQPage":[],"Movie":[],"Person":[],"Product":[],"ProductReview":[],"Car":[],"Recipe":[],"Service":[],"SoftwareApplication":[],"WebPage":[]},"graphName":"WebPage","isEnabled":true},"graphs":[]},"schema_type":"default","schema_type_options":null,"pillar_content":false,"robots_default":true,"robots_noindex":false,"robots_noarchive":false,"robots_nosnippet":false,"robots_nofollow":false,"robots_noimageindex":false,"robots_noodp":false,"robots_notranslate":false,"robots_max_snippet":null,"robots_max_videopreview":null,"robots_max_imagepreview":"large","priority":null,"frequency":null,"local_seo":null,"seo_analyzer_scan_date":"2026-02-10 18:49:01","breadcrumb_settings":null,"limit_modified_date":false,"reviewed_by":null,"open_ai":null,"ai":null,"created":"2023-07-25 23:38:52","updated":"2026-02-10 18:49:01"},"aioseo_breadcrumb":"<div class=\"aioseo-breadcrumbs\"><span class=\"aioseo-breadcrumb\">\n\t<a href=\"https:\/\/monatglobal.com\/fr\" title=\"Home\">Home<\/a>\n<\/span><span class=\"aioseo-breadcrumb-separator\">&raquo;<\/span><span class=\"aioseo-breadcrumb\">\n\tApr\u00e8s-shampooing sans rin\u00e7age Restore\n<\/span><\/div>","aioseo_breadcrumb_json":[{"label":"Home","link":"https:\/\/monatglobal.com\/fr"},{"label":"Apr\u00e8s-shampooing sans rin\u00e7age Restore","link":"https:\/\/monatglobal.com\/fr\/restore-leave-in-conditioner\/"}],"_links":{"self":[{"href":"https:\/\/monatglobal.com\/fr\/wp-json\/wp\/v2\/pages\/74172","targetHints":{"allow":["GET"]}}],"collection":[{"href":"https:\/\/monatglobal.com\/fr\/wp-json\/wp\/v2\/pages"}],"about":[{"href":"https:\/\/monatglobal.com\/fr\/wp-json\/wp\/v2\/types\/page"}],"author":[{"embeddable":true,"href":"https:\/\/monatglobal.com\/fr\/wp-json\/wp\/v2\/users\/31"}],"replies":[{"embeddable":true,"href":"https:\/\/monatglobal.com\/fr\/wp-json\/wp\/v2\/comments?post=74172"}],"version-history":[{"count":31,"href":"https:\/\/monatglobal.com\/fr\/wp-json\/wp\/v2\/pages\/74172\/revisions"}],"predecessor-version":[{"id":109244,"href":"https:\/\/monatglobal.com\/fr\/wp-json\/wp\/v2\/pages\/74172\/revisions\/109244"}],"wp:featuredmedia":[{"embeddable":true,"href":"https:\/\/monatglobal.com\/fr\/wp-json\/wp\/v2\/media\/77112"}],"wp:attachment":[{"href":"https:\/\/monatglobal.com\/fr\/wp-json\/wp\/v2\/media?parent=74172"}],"wp:term":[{"taxonomy":"category","embeddable":true,"href":"https:\/\/monatglobal.com\/fr\/wp-json\/wp\/v2\/categories?post=74172"},{"taxonomy":"post_tag","embeddable":true,"href":"https:\/\/monatglobal.com\/fr\/wp-json\/wp\/v2\/tags?post=74172"}],"curies":[{"name":"wp","href":"https:\/\/api.w.org\/{rel}","templated":true}]}}