{"id":74006,"date":"2022-10-11T14:55:47","date_gmt":"2022-10-11T14:55:47","guid":{"rendered":"https:\/\/monatglobal.com\/nz\/?page_id=74006"},"modified":"2026-02-25T20:38:15","modified_gmt":"2026-02-25T20:38:15","slug":"eye-smooth","status":"publish","type":"page","link":"https:\/\/monatglobal.com\/fr\/eye-smooth\/","title":{"rendered":"Eye Smooth\u2122"},"content":{"rendered":"\n\n\t<!-- Meta: Cr\u00e8me pour les yeux, cernes, cr\u00e8me pour les yeux pour les ridules, soins de la peau, cr\u00e8me anti-\u00e2ge pour les yeux  -->\n<link rel=\"stylesheet\" href=\"https:\/\/unpkg.com\/swiper\/swiper-bundle.min.css\" \/>\n<link rel=\"stylesheet\" href=\"https:\/\/monatglobal.com\/wp-content\/creative_css\/product_styles_sheet.css\" \/>\n   <!--==================================================== ECOMM SECTION ====================================================-->\n   <p>BEST SELLER<\/p>\n      <!--==================================================== Ecomm image ====================================================-->\n       \n      <source media=\"(max-width: 700px)\" srcset=\"https:\/\/monatglobal.com\/au\/wp-content\/uploads\/sites\/12\/2021\/12\/Eye-smooth-ecomm-2022_mobile.png\" loading=\"lazy\"\/>\n      <img decoding=\"async\" src=\"https:\/\/monatglobal.com\/au\/wp-content\/uploads\/sites\/12\/2021\/12\/Eye-smooth-ecomm-2022.png\" alt=\"Berry Refined Scrub\u2122\" loading=\"lazy\"\/>\n         \n      <!--==================================================== Ecomm information  ====================================================-->\n         NOUVEAU\n         <p>BEST SELLER<\/p>\n         <h1>Eye Smooth\u2122<\/h1>\n         \n         <p>Renouvelante et hydratante<br \/>Cellules souches v\u00e9g\u00e9tales transformatrices et squalane<\/p>\n         <p>5 ml \u212e 0.5 fl. oz.<\/p>\n      <!--==================================================== pricing box ====================================================-->\n         <p>Prix de d\u00e9tail<br \/>00.00 \u20ac<\/p>\n         <p>Prix de client VIP<br \/>00.00 \u20ac<\/p>\n      <!--==================================================== pricing box ====================================================--> \n         <p>Pour en savoir plus sur Eye Smooth\u2122, veuillez contacter votre partenaire de march\u00e9&nbsp;MONAT.<\/p> \n      <a href=\"\" target=\"_blank\" role=\"button\" aria-label=\"\" rel=\"noopener\"><\/a>\n   <!--==================================================== \/ECOMM SECTION  ====================================================-->\n   <!--==================================================== Benefits image ====================================================-->\n  \n    <source media=\"(max-width: 700px)\" srcset=\"https:\/\/monatglobal.com\/au\/wp-content\/uploads\/sites\/12\/2021\/12\/eye-smooth-benefits-close-up_mobile.jpg\" loading=\"lazy\"\/>\n      <img decoding=\"async\" src=\"https:\/\/monatglobal.com\/au\/wp-content\/uploads\/sites\/12\/2021\/12\/eye-smooth-benefits-close-up.jpg\" \n      alt=\"\" loading=\"lazy\"\/>\n    \n   <!--==================================================== Benefits text ====================================================-->\n         <h2>BIENFAITS<\/h2>\n         <h3>Cette cr\u00e8me pour les yeux raffermit la peau d\u00e9licate du contour de l&#8217;\u0153il et att\u00e9nue l&#8217;apparence des cernes, des ridules, des rides et des poches, pour r\u00e9v\u00e9ler un regard plus lumineux et plus&nbsp;jeune.<\/h3>\n         <!--==================================================== features image  ====================================================-->\n         <img decoding=\"async\" alt=\"\" src=\"https:\/\/monatglobal.com\/au\/wp-content\/uploads\/sites\/12\/2021\/12\/eye-smooth-features.jpg\" loading=\"lazy\"\/>\n      <!--==================================================== features text ====================================================-->\n            <h3>Caract\u00e9ristiques<\/h3>\n               <p>\/ Cible les poches, les cernes, les ridules, les rides et les pattes d&#8217;oie autour des&nbsp;yeux<\/p>\n               <p>\/ La peau para\u00eet plus jeune, plus lumineuse et plus&nbsp;\u00e9clatante<\/p>\n               <p>\/ La peau est plus ferme, plus douce, plus lisse et&nbsp;revitalis\u00e9e<\/p>\n               <p>\/ La peau est rafra\u00eechie et&nbsp;dynamis\u00e9e<\/p>\n               <p>\/ Hydratation de longue&nbsp;dur\u00e9e<\/p>\n            <p>Fragrance \/ Unwind and enjoy a coconut-forward, citrusy aroma with notes of blood orange, coconut husk, cashew nut and&nbsp;sandalwood. <\/p>\n            <p> Texture \/ Cream <\/p>\n   <!--==================================================== composition image mobile ====================================================-->\n   <img decoding=\"async\" alt=\"\" src=\"https:\/\/monatglobal.com\/au\/wp-content\/uploads\/sites\/12\/2021\/12\/smooth-composition-1.jpg\" loading=\"lazy\"\/>\n   <!--==================================================== Why it works text ====================================================-->\n      <h2>RENOUVELANTE ET HYDRATANTE<\/h2>\n      <h3>Une cr\u00e8me soyeuse qui r\u00e9v\u00e8le un regard plus \u00e9clatant, plus lisse et plus jeune. Cette cr\u00e8me rajeunissante pour les yeux resserre et renforce l&#8217;\u00e9lasticit\u00e9 tout en diminuant l&#8217;apparence des rides, des ridules, des poches et des&nbsp;cernes.<\/h3>\n      <p>L&#8217;applicateur rose dor\u00e9 compl\u00e8te cette cr\u00e8me \u00e0 merveille, en luttant contre les poches et en offrant des <br \/>propri\u00e9t\u00e9s&nbsp;anti-stress.<\/p>\n<!--==================================================== Composition section ====================================================-->\n      <img decoding=\"async\" alt=\"\" src=\"https:\/\/monatglobal.com\/au\/wp-content\/uploads\/sites\/12\/2021\/12\/smooth-composition-1.jpg\" loading=\"lazy\"\/>\n      <img decoding=\"async\" alt=\"\" \n      src=\"https:\/\/monatglobal.com\/au\/wp-content\/uploads\/sites\/12\/2021\/12\/Eye-Smooth-composition-3.jpg\" loading=\"lazy\"\/>\n            <!--==================================================== Directions text ====================================================--> \n               <h3>Mode d&#8217;emploi<\/h3>\n                    <p>\/ Utiliser quotidiennement, matin et soir.<\/p>\n                    <p>\/ Vous remarquerez que l&#8217;applicateur fourni est \u00e0 double face. Un c\u00f4t\u00e9 est une spatule, et l&#8217;autre, un rouleau pour les yeux.<\/p>\n                    <p>\/ Pr\u00e9lever une petite quantit\u00e9 du pot \u00e0 l&#8217;aide de la&nbsp;spatule.<\/p>\n                    <p>\/ R\u00e9partir uniform\u00e9ment le produit entre les&nbsp;annulaires.<\/p>\n                    <p>\/ A l&#8217;aide de l&#8217;annulaire, tapotez doucement le contour de l&#8217;\u0153il d&#8217;un mouvement vers l&#8217;ext\u00e9rieur pour \u00e9viter d&#8217;\u00e9tirer la peau d\u00e9licate du contour de&nbsp;l&#8217;\u0153il.<\/p>\n                    <p>\/ Faire glisser le roller autour des yeux en effectuant des mouvements de bas en haut et de haut en bas jusqu&#8217;\u00e0 ce qu&#8217;il soit compl\u00e8tement absorb\u00e9.<\/p>\n                    <p>\/ Suivre avec la cr\u00e8me hydratante MONAT.<\/p>\n            <!--==================================================== Directions video ====================================================-->\n              <p>Eye Smooth\u2122 <br \/>0:32<\/p>\n         <!--==================================================== features image  ====================================================-->\n         <img decoding=\"async\" alt=\"\" src=\"https:\/\/monatglobal.com\/au\/wp-content\/uploads\/sites\/12\/2021\/12\/sunscreen-suggestion.jpg\" loading=\"lazy\"\/>\n      <!--==================================================== features text ====================================================-->\n            <h3>Suggestions<\/h3>\n               <p>\/ Pour un effet rafra\u00eechissant suppl\u00e9mentaire, conservez l&#8217;applicateur au&nbsp;r\u00e9frig\u00e9rateur.<\/p>\n  <a href=\"\" target=\"_blank\" role=\"button\" aria-label=\"\" rel=\"noopener\"><\/a>\n   <!--==================================================== Ingredients section  ====================================================-->\n      <h2>INGR\u00c9DIENTS PRINCIPAUX<\/h2>\n      <p>REJUVENIQE S\u2122<br \/>Hydrate, hydrate et nourrit<\/p>\n      <p>Peptides<br \/>Resserre et repulpe<\/p>\n      <p>Cellules souches v\u00e9g\u00e9tales<br \/>Renforcent et prot\u00e8gent<\/p>\n      <p>Squalane d&#8217;origine v\u00e9g\u00e9tale<br \/>Hydrate et revitalise<\/p>\n      <p>Caf\u00e9ine<br \/>D\u00e9gonfle et illumine<\/p>\n        <button id=\"myBtn\" type=\"button\">LISTE D&#8217;INGR\u00c9DIENTS<\/button>\n      <!--==================================================== Modal content  ====================================================-->\n         &times;\n         <p>Aqua\/Water\/Eau, Glyceryl Stearate SE, Glycerin, Isoamyl Laurate, Cetyl Alcohol, Butyrospermum Parkii (Shea) Butter, Elaeis Guineensis (Palm) Butter, Isomalt, Cetearyl Olivate, Caffeine, Sorbitan Olivate, Squalane, Fructooligosaccharides, Beta Vulgaris (Beet) Root Extract, Coffea Arabica (Coffee) Seed Extract, Trifluoroacetyl Tripeptide-2, Limnanthes Alba (Meadowfoam) Seed Oil, Crambe Abyssinica Seed Oil, Camellia Oleifera Seed Oil, Solanum Lycopersicum (Tomato) Seed Oil, Daucus Carota Sativa (Carrot) Seed Oil, Citrus Limon (Lemon) Peel Oil, Citrus Aurantifolia (Lime) Oil, Citrus Aurantium Bergamia (Bergamot) Fruit Oil, Adansonia Digitata Oil, Mauritia Flexuosa Fruit Oil, Cocos Nucifera (Coconut) Oil, Gardenia Taitensis Flower Extract, Moringa Oleifera Seed Oil, Caryocar Brasiliense Fruit Oil, Helianthus Annuus (Sunflower) Seed Oil, Olea Europaea (Olive) Fruit Oil, Simmondsia Chinensis (Jojoba) Seed Extract, Phytol, Tocopherol, Potassium Lactate, Lactic Acid, Lecithin, Dextran, Ethylhexylglycerin, Benzyl Alcohol.<\/p>\n   <!--==================================================== You might also like section ====================================================-->\n      <h2>VOUS AIMERIEZ AUSSI<\/h2>\n      <!--==================================================== Slider YOU MIGHT ALSO LIKE ====================================================-->\n         <!--==================================================== If we need navigation buttons  ====================================================-->\n         <!--==================================================== If we need paginations  ====================================================-->\n    <a href=\"\" aria-label=\"\"><\/a>\n<!--==================================================== this link has to go last for it to work   ====================================================-->\n\n","protected":false},"excerpt":{"rendered":"<p>BEST SELLER NOUVEAU BEST SELLER Eye Smooth\u2122 Renouvelante et hydratanteCellules souches v\u00e9g\u00e9tales transformatrices et squalane 5 ml \u212e 0.5 fl. oz. Prix de d\u00e9tail00.00 \u20ac Prix de client VIP00.00 \u20ac Pour en savoir plus sur Eye Smooth\u2122, veuillez contacter votre partenaire de march\u00e9&nbsp;MONAT. BIENFAITS Cette cr\u00e8me pour les yeux raffermit la peau d\u00e9licate du contour&hellip;<\/p>\n","protected":false},"author":31,"featured_media":109412,"parent":0,"menu_order":0,"comment_status":"closed","ping_status":"closed","template":"","meta":{"inline_featured_image":false,"om_disable_all_campaigns":false,"_monsterinsights_skip_tracking":false,"_monsterinsights_sitenote_active":false,"_monsterinsights_sitenote_note":"","_monsterinsights_sitenote_category":0,"footnotes":""},"categories":[20],"tags":[],"class_list":["post-74006","page","type-page","status-publish","has-post-thumbnail","hentry","category-product-fr"],"aioseo_notices":[],"aioseo_head":"\n\t\t<!-- All in One SEO Pro 4.9.5.2 - aioseo.com -->\n\t<meta name=\"description\" content=\"BEST SELLER NOUVEAU BEST SELLER Eye Smooth\u2122 Renouvelante et hydratanteCellules souches v\u00e9g\u00e9tales transformatrices et squalane 5 ml \u212e 0.5 fl. oz. Prix de d\u00e9tail00.00 \u20ac Prix de client VIP00.00 \u20ac Pour en savoir plus sur Eye Smooth\u2122, veuillez contacter votre partenaire de march\u00e9 MONAT. BIENFAITS Cette cr\u00e8me pour les yeux raffermit la peau d\u00e9licate du contour\" \/>\n\t<meta name=\"robots\" content=\"noindex, nofollow, max-image-preview:large\" \/>\n\t<link rel=\"canonical\" href=\"https:\/\/monatglobal.com\/fr\/eye-smooth\/\" \/>\n\t<meta name=\"generator\" content=\"All in One SEO Pro (AIOSEO) 4.9.5.2\" \/>\n\t\t<meta property=\"og:locale\" content=\"en_US\" \/>\n\t\t<meta property=\"og:site_name\" content=\"MONAT France - We Are Modern Nature\u2122\" \/>\n\t\t<meta property=\"og:type\" content=\"article\" \/>\n\t\t<meta property=\"og:title\" content=\"Eye Smooth\u2122 - MONAT France\" \/>\n\t\t<meta property=\"og:description\" content=\"BEST SELLER NOUVEAU BEST SELLER Eye Smooth\u2122 Renouvelante et hydratanteCellules souches v\u00e9g\u00e9tales transformatrices et squalane 5 ml \u212e 0.5 fl. oz. Prix de d\u00e9tail00.00 \u20ac Prix de client VIP00.00 \u20ac Pour en savoir plus sur Eye Smooth\u2122, veuillez contacter votre partenaire de march\u00e9 MONAT. BIENFAITS Cette cr\u00e8me pour les yeux raffermit la peau d\u00e9licate du contour\" \/>\n\t\t<meta property=\"og:url\" content=\"https:\/\/monatglobal.com\/fr\/eye-smooth\/\" \/>\n\t\t<meta property=\"article:published_time\" content=\"2022-10-11T14:55:47+00:00\" \/>\n\t\t<meta property=\"article:modified_time\" content=\"2026-02-25T20:38:15+00:00\" \/>\n\t\t<meta name=\"twitter:card\" content=\"summary_large_image\" \/>\n\t\t<meta name=\"twitter:title\" content=\"Eye Smooth\u2122 - MONAT France\" \/>\n\t\t<meta name=\"twitter:description\" content=\"BEST SELLER NOUVEAU BEST SELLER Eye Smooth\u2122 Renouvelante et hydratanteCellules souches v\u00e9g\u00e9tales transformatrices et squalane 5 ml \u212e 0.5 fl. oz. Prix de d\u00e9tail00.00 \u20ac Prix de client VIP00.00 \u20ac Pour en savoir plus sur Eye Smooth\u2122, veuillez contacter votre partenaire de march\u00e9 MONAT. BIENFAITS Cette cr\u00e8me pour les yeux raffermit la peau d\u00e9licate du contour\" \/>\n\t\t<script type=\"application\/ld+json\" class=\"aioseo-schema\">\n\t\t\t{\"@context\":\"https:\\\/\\\/schema.org\",\"@graph\":[{\"@type\":\"BreadcrumbList\",\"@id\":\"https:\\\/\\\/monatglobal.com\\\/fr\\\/eye-smooth\\\/#breadcrumblist\",\"itemListElement\":[{\"@type\":\"ListItem\",\"@id\":\"https:\\\/\\\/monatglobal.com\\\/fr#listItem\",\"position\":1,\"name\":\"Home\",\"item\":\"https:\\\/\\\/monatglobal.com\\\/fr\",\"nextItem\":{\"@type\":\"ListItem\",\"@id\":\"https:\\\/\\\/monatglobal.com\\\/fr\\\/eye-smooth\\\/#listItem\",\"name\":\"Eye Smooth\\u2122\"}},{\"@type\":\"ListItem\",\"@id\":\"https:\\\/\\\/monatglobal.com\\\/fr\\\/eye-smooth\\\/#listItem\",\"position\":2,\"name\":\"Eye Smooth\\u2122\",\"previousItem\":{\"@type\":\"ListItem\",\"@id\":\"https:\\\/\\\/monatglobal.com\\\/fr#listItem\",\"name\":\"Home\"}}]},{\"@type\":\"Organization\",\"@id\":\"https:\\\/\\\/monatglobal.com\\\/fr\\\/#organization\",\"name\":\"MONAT France\",\"description\":\"We Are Modern Nature\\u2122\",\"url\":\"https:\\\/\\\/monatglobal.com\\\/fr\\\/\"},{\"@type\":\"WebPage\",\"@id\":\"https:\\\/\\\/monatglobal.com\\\/fr\\\/eye-smooth\\\/#webpage\",\"url\":\"https:\\\/\\\/monatglobal.com\\\/fr\\\/eye-smooth\\\/\",\"name\":\"Eye Smooth\\u2122 - MONAT France\",\"description\":\"BEST SELLER NOUVEAU BEST SELLER Eye Smooth\\u2122 Renouvelante et hydratanteCellules souches v\\u00e9g\\u00e9tales transformatrices et squalane 5 ml \\u212e 0.5 fl. oz. Prix de d\\u00e9tail00.00 \\u20ac Prix de client VIP00.00 \\u20ac Pour en savoir plus sur Eye Smooth\\u2122, veuillez contacter votre partenaire de march\\u00e9 MONAT. BIENFAITS Cette cr\\u00e8me pour les yeux raffermit la peau d\\u00e9licate du contour\",\"inLanguage\":\"en-US\",\"isPartOf\":{\"@id\":\"https:\\\/\\\/monatglobal.com\\\/fr\\\/#website\"},\"breadcrumb\":{\"@id\":\"https:\\\/\\\/monatglobal.com\\\/fr\\\/eye-smooth\\\/#breadcrumblist\"},\"image\":{\"@type\":\"ImageObject\",\"url\":\"https:\\\/\\\/monatglobal.com\\\/fr\\\/wp-content\\\/uploads\\\/sites\\\/19\\\/2026\\\/02\\\/Eye-smooth-ecomm-2022.png\",\"@id\":\"https:\\\/\\\/monatglobal.com\\\/fr\\\/eye-smooth\\\/#mainImage\",\"width\":641,\"height\":800},\"primaryImageOfPage\":{\"@id\":\"https:\\\/\\\/monatglobal.com\\\/fr\\\/eye-smooth\\\/#mainImage\"},\"datePublished\":\"2022-10-11T14:55:47+01:00\",\"dateModified\":\"2026-02-25T20:38:15+00:00\"},{\"@type\":\"WebSite\",\"@id\":\"https:\\\/\\\/monatglobal.com\\\/fr\\\/#website\",\"url\":\"https:\\\/\\\/monatglobal.com\\\/fr\\\/\",\"name\":\"MONAT France\",\"description\":\"We Are Modern Nature\\u2122\",\"inLanguage\":\"en-US\",\"publisher\":{\"@id\":\"https:\\\/\\\/monatglobal.com\\\/fr\\\/#organization\"}}]}\n\t\t<\/script>\n\t\t<!-- All in One SEO Pro -->\r\n\t\t<title>Eye Smooth\u2122 - MONAT France<\/title>\n\n","aioseo_head_json":{"title":"Eye Smooth\u2122 - MONAT France","description":"BEST SELLER NOUVEAU BEST SELLER Eye Smooth\u2122 Renouvelante et hydratanteCellules souches v\u00e9g\u00e9tales transformatrices et squalane 5 ml \u212e 0.5 fl. oz. Prix de d\u00e9tail00.00 \u20ac Prix de client VIP00.00 \u20ac Pour en savoir plus sur Eye Smooth\u2122, veuillez contacter votre partenaire de march\u00e9 MONAT. BIENFAITS Cette cr\u00e8me pour les yeux raffermit la peau d\u00e9licate du contour","canonical_url":"https:\/\/monatglobal.com\/fr\/eye-smooth\/","robots":"noindex, nofollow, max-image-preview:large","keywords":"","webmasterTools":{"miscellaneous":""},"schema":{"@context":"https:\/\/schema.org","@graph":[{"@type":"BreadcrumbList","@id":"https:\/\/monatglobal.com\/fr\/eye-smooth\/#breadcrumblist","itemListElement":[{"@type":"ListItem","@id":"https:\/\/monatglobal.com\/fr#listItem","position":1,"name":"Home","item":"https:\/\/monatglobal.com\/fr","nextItem":{"@type":"ListItem","@id":"https:\/\/monatglobal.com\/fr\/eye-smooth\/#listItem","name":"Eye Smooth\u2122"}},{"@type":"ListItem","@id":"https:\/\/monatglobal.com\/fr\/eye-smooth\/#listItem","position":2,"name":"Eye Smooth\u2122","previousItem":{"@type":"ListItem","@id":"https:\/\/monatglobal.com\/fr#listItem","name":"Home"}}]},{"@type":"Organization","@id":"https:\/\/monatglobal.com\/fr\/#organization","name":"MONAT France","description":"We Are Modern Nature\u2122","url":"https:\/\/monatglobal.com\/fr\/"},{"@type":"WebPage","@id":"https:\/\/monatglobal.com\/fr\/eye-smooth\/#webpage","url":"https:\/\/monatglobal.com\/fr\/eye-smooth\/","name":"Eye Smooth\u2122 - MONAT France","description":"BEST SELLER NOUVEAU BEST SELLER Eye Smooth\u2122 Renouvelante et hydratanteCellules souches v\u00e9g\u00e9tales transformatrices et squalane 5 ml \u212e 0.5 fl. oz. Prix de d\u00e9tail00.00 \u20ac Prix de client VIP00.00 \u20ac Pour en savoir plus sur Eye Smooth\u2122, veuillez contacter votre partenaire de march\u00e9 MONAT. BIENFAITS Cette cr\u00e8me pour les yeux raffermit la peau d\u00e9licate du contour","inLanguage":"en-US","isPartOf":{"@id":"https:\/\/monatglobal.com\/fr\/#website"},"breadcrumb":{"@id":"https:\/\/monatglobal.com\/fr\/eye-smooth\/#breadcrumblist"},"image":{"@type":"ImageObject","url":"https:\/\/monatglobal.com\/fr\/wp-content\/uploads\/sites\/19\/2026\/02\/Eye-smooth-ecomm-2022.png","@id":"https:\/\/monatglobal.com\/fr\/eye-smooth\/#mainImage","width":641,"height":800},"primaryImageOfPage":{"@id":"https:\/\/monatglobal.com\/fr\/eye-smooth\/#mainImage"},"datePublished":"2022-10-11T14:55:47+01:00","dateModified":"2026-02-25T20:38:15+00:00"},{"@type":"WebSite","@id":"https:\/\/monatglobal.com\/fr\/#website","url":"https:\/\/monatglobal.com\/fr\/","name":"MONAT France","description":"We Are Modern Nature\u2122","inLanguage":"en-US","publisher":{"@id":"https:\/\/monatglobal.com\/fr\/#organization"}}]},"og:locale":"en_US","og:site_name":"MONAT France - We Are Modern Nature\u2122","og:type":"article","og:title":"Eye Smooth\u2122 - MONAT France","og:description":"BEST SELLER NOUVEAU BEST SELLER Eye Smooth\u2122 Renouvelante et hydratanteCellules souches v\u00e9g\u00e9tales transformatrices et squalane 5 ml \u212e 0.5 fl. oz. Prix de d\u00e9tail00.00 \u20ac Prix de client VIP00.00 \u20ac Pour en savoir plus sur Eye Smooth\u2122, veuillez contacter votre partenaire de march\u00e9 MONAT. BIENFAITS Cette cr\u00e8me pour les yeux raffermit la peau d\u00e9licate du contour","og:url":"https:\/\/monatglobal.com\/fr\/eye-smooth\/","article:published_time":"2022-10-11T14:55:47+00:00","article:modified_time":"2026-02-25T20:38:15+00:00","twitter:card":"summary_large_image","twitter:title":"Eye Smooth\u2122 - MONAT France","twitter:description":"BEST SELLER NOUVEAU BEST SELLER Eye Smooth\u2122 Renouvelante et hydratanteCellules souches v\u00e9g\u00e9tales transformatrices et squalane 5 ml \u212e 0.5 fl. oz. Prix de d\u00e9tail00.00 \u20ac Prix de client VIP00.00 \u20ac Pour en savoir plus sur Eye Smooth\u2122, veuillez contacter votre partenaire de march\u00e9 MONAT. BIENFAITS Cette cr\u00e8me pour les yeux raffermit la peau d\u00e9licate du contour"},"aioseo_meta_data":{"post_id":"74006","title":null,"description":null,"keywords":null,"keyphrases":{"focus":{"keyphrase":"","score":0,"analysis":{"keyphraseInTitle":{"score":0,"maxScore":9,"error":1}}},"additional":[]},"primary_term":null,"canonical_url":null,"og_title":null,"og_description":null,"og_object_type":"default","og_image_type":"default","og_image_url":null,"og_image_width":null,"og_image_height":null,"og_image_custom_url":null,"og_image_custom_fields":null,"og_video":"","og_custom_url":null,"og_article_section":null,"og_article_tags":null,"twitter_use_og":false,"twitter_card":"default","twitter_image_type":"default","twitter_image_url":null,"twitter_image_custom_url":null,"twitter_image_custom_fields":null,"twitter_title":null,"twitter_description":null,"schema":{"blockGraphs":[],"customGraphs":[],"default":{"data":{"Article":[],"Course":[],"Dataset":[],"FAQPage":[],"Movie":[],"Person":[],"Product":[],"ProductReview":[],"Car":[],"Recipe":[],"Service":[],"SoftwareApplication":[],"WebPage":[]},"graphName":"WebPage","isEnabled":true},"graphs":[]},"schema_type":"default","schema_type_options":null,"pillar_content":false,"robots_default":true,"robots_noindex":false,"robots_noarchive":false,"robots_nosnippet":false,"robots_nofollow":false,"robots_noimageindex":false,"robots_noodp":false,"robots_notranslate":false,"robots_max_snippet":"-1","robots_max_videopreview":"-1","robots_max_imagepreview":"large","priority":null,"frequency":"default","local_seo":null,"seo_analyzer_scan_date":"2026-02-25 21:39:02","breadcrumb_settings":null,"limit_modified_date":false,"reviewed_by":null,"open_ai":"{\"title\":{\"suggestions\":[],\"usage\":0},\"description\":{\"suggestions\":[],\"usage\":0}}","ai":null,"created":"2024-03-04 20:09:20","updated":"2026-02-25 21:39:02"},"aioseo_breadcrumb":"<div class=\"aioseo-breadcrumbs\"><span class=\"aioseo-breadcrumb\">\n\t<a href=\"https:\/\/monatglobal.com\/fr\" title=\"Home\">Home<\/a>\n<\/span><span class=\"aioseo-breadcrumb-separator\">&raquo;<\/span><span class=\"aioseo-breadcrumb\">\n\tEye Smooth\u2122\n<\/span><\/div>","aioseo_breadcrumb_json":[{"label":"Home","link":"https:\/\/monatglobal.com\/fr"},{"label":"Eye Smooth\u2122","link":"https:\/\/monatglobal.com\/fr\/eye-smooth\/"}],"_links":{"self":[{"href":"https:\/\/monatglobal.com\/fr\/wp-json\/wp\/v2\/pages\/74006","targetHints":{"allow":["GET"]}}],"collection":[{"href":"https:\/\/monatglobal.com\/fr\/wp-json\/wp\/v2\/pages"}],"about":[{"href":"https:\/\/monatglobal.com\/fr\/wp-json\/wp\/v2\/types\/page"}],"author":[{"embeddable":true,"href":"https:\/\/monatglobal.com\/fr\/wp-json\/wp\/v2\/users\/31"}],"replies":[{"embeddable":true,"href":"https:\/\/monatglobal.com\/fr\/wp-json\/wp\/v2\/comments?post=74006"}],"version-history":[{"count":22,"href":"https:\/\/monatglobal.com\/fr\/wp-json\/wp\/v2\/pages\/74006\/revisions"}],"predecessor-version":[{"id":109406,"href":"https:\/\/monatglobal.com\/fr\/wp-json\/wp\/v2\/pages\/74006\/revisions\/109406"}],"wp:featuredmedia":[{"embeddable":true,"href":"https:\/\/monatglobal.com\/fr\/wp-json\/wp\/v2\/media\/109412"}],"wp:attachment":[{"href":"https:\/\/monatglobal.com\/fr\/wp-json\/wp\/v2\/media?parent=74006"}],"wp:term":[{"taxonomy":"category","embeddable":true,"href":"https:\/\/monatglobal.com\/fr\/wp-json\/wp\/v2\/categories?post=74006"},{"taxonomy":"post_tag","embeddable":true,"href":"https:\/\/monatglobal.com\/fr\/wp-json\/wp\/v2\/tags?post=74006"}],"curies":[{"name":"wp","href":"https:\/\/api.w.org\/{rel}","templated":true}]}}