{"id":73940,"date":"2022-10-10T19:30:44","date_gmt":"2022-10-10T19:30:44","guid":{"rendered":"https:\/\/monatglobal.com\/nz\/?page_id=73940"},"modified":"2026-02-13T21:03:02","modified_gmt":"2026-02-13T21:03:02","slug":"replenish-masque","status":"publish","type":"page","link":"https:\/\/monatglobal.com\/fr\/replenish-masque\/","title":{"rendered":"Masque Replenish\u2122"},"content":{"rendered":"\n\n\t<link rel=\"stylesheet\" href=\"https:\/\/unpkg.com\/swiper\/swiper-bundle.min.css\" \/>\n<link rel=\"stylesheet\" href=\"https:\/\/monatglobal.com\/wp-content\/creative_css\/product_styles_sheet.css\" \/>\n    <!--==================================================== ECOMM SECTION ====================================================-->\n    <p>\u00ab BEST SELLERS \u00bb<\/p>\n        <!--==================================================== Ecomm image ====================================================-->\n        <img decoding=\"async\" src=\"https:\/\/monatglobal.com\/wp-content\/uploads\/2022\/06\/replenish-masque-e-comm.png\" alt=\"Replenish Masque\" loading=\"lazy\"\/>\n        <!--==================================================== Ecomm information  ====================================================-->\n            \n            <p>\u00ab BEST SELLERS \u00bb<\/p>\n            <h1>Masque<br \/>Replenish\u2122<\/h1>\n            <p>Avec REJUVENIQE<sup>\u00ae<\/sup><\/p>\n            <p>Un  masque riche qui revitalise en profondeur les cheveux moyens \u00e0&nbsp;\u00e9pais.<\/p>\n            <p>148 ml \u212e 5 oz liq.<\/p>\n         <!--==================================================== pricing box  ====================================================-->   \n         <p>Prix de d\u00e9tail<br \/>00.00 \u20ac<\/p>\n         <p>Prix de client VIP<br \/>00.00 \u20ac<\/p>\n          <!--==================================================== pricing box  ====================================================-->  \n            <p>Pour en savoir plus sur le Masque Replenish\u2122, veuillez contacter votre Partenaire de March\u00e9&nbsp;MONAT.<\/p>\n          <a href=\"\" target=\"_blank\" role=\"button\" aria-label=\"\" rel=\"noopener\"><\/a>\n    <!--==================================================== \/ECOMM SECTION  ====================================================-->\n    <!--==================================================== Benefits image ====================================================-->\n    \n        <source media=\"(max-width: 700px)\" srcset=\"https:\/\/monatglobal.com\/wp-content\/uploads\/2022\/06\/replenish-masque-benefits-mobile.jpg\" loading=\"lazy\"\/>\n        <img decoding=\"async\" alt=\"Brunette woman with damp hair wearing a robe and holding Replenish Masque.\" src=\"https:\/\/monatglobal.com\/wp-content\/uploads\/2022\/06\/replenish-masque-benefits.jpg\" loading=\"lazy\"\/>\n    \n    <!--==================================================== Benefits text ====================================================-->\n            <h2>BIENFAITS<\/h2>\n            <h3>Il hydrate les cheveux moyens \u00e0 \u00e9pais dess\u00e9ch\u00e9s et les transforme apr\u00e8s une&nbsp;utilisation.<\/h3>\n            <p>Ce riche masque permet aux cheveux de retrouver leur vitalit\u00e9 et leur aspect&nbsp;lustr\u00e9.<\/p>\n            <!--==================================================== features image  ====================================================-->\n            <img decoding=\"async\" alt=\"Replenish Masque sitting on slices of lemons, limes, and oranges.\" src=\"https:\/\/monatglobal.com\/wp-content\/uploads\/2022\/06\/replenish-masque-features.jpg\" loading=\"lazy\"\/>\n        <!--==================================================== features text ====================================================-->\n                <h3>Caract\u00e9ristiques<\/h3>\n                    <p>\/ Il hydrate en profondeur gr\u00e2ce au&nbsp;REJUVENIQE<sup>\u00ae<\/sup><\/p>\n                    <p>\/ Il est riche en acides gras&nbsp;om\u00e9ga<\/p>\n                    <p>\/ L&#8217;extrait de pois aide \u00e0 maintenir des cheveux d&#8217;apparence plus saine et plus&nbsp;jeune<\/p>\n                    <br \/>\n                <p>Parfum \/ Au parfum rafra\u00eechissant de fleurs et d&#8217;herbes fra\u00eeches aux notes de jasmin, de citron Meyer, de n\u00e9roli et de th\u00e9&nbsp;vert.<\/p>\n                <p> Texture \/ Cr\u00e8me riche<\/p>\n    <!--==================================================== composition image mobile ====================================================-->\n    <img decoding=\"async\" alt=\"Replenish Masque on a white bed sheet.\" src=\"https:\/\/monatglobal.com\/wp-content\/uploads\/2022\/06\/replenish-masque-comp1.jpg\" loading=\"lazy\"\/>\n    <!--==================================================== Why it works text ====================================================-->\n        <h2>Restaurez la sant\u00e9 de vos cheveux gr\u00e2ce au Masque&nbsp;Replenish\u2122.<\/h2>\n        <h3>Il procure des huiles nourrissantes essentielles aux cheveux secs, ternes et en manque de nutriments gr\u00e2ce au REJUVENIQE<sup>\u00ae<\/sup>, \u00e0 l&#8217;extrait de pois et \u00e0 un protecteur UV&nbsp;v\u00e9gan.<\/h3>\n        \n<!--==================================================== Composition section ====================================================-->\n        <img decoding=\"async\" alt=\"Replenish Masque on a white bed sheet.\" src=\"https:\/\/monatglobal.com\/wp-content\/uploads\/2022\/06\/replenish-masque-comp1.jpg\" loading=\"lazy\"\/>\n        <img decoding=\"async\" alt=\"Brunette woman with damp hair applying Replenish Masque to her hair, while overlapping a texture shot of the Replenish Masque.\" src=\"https:\/\/monatglobal.com\/wp-content\/uploads\/2022\/06\/replenish-masque-comp3.jpg\" loading=\"lazy\"\/>\n                <!--==================================================== Directions text ====================================================--> \n                    <h3>Mode d&#8217;emploi<\/h3>\n                        <p>\/ Apr\u00e8s le shampooing, appliquer le masque sur les&nbsp;cheveux. <\/p>\n                        <p>\/ Laisser agir de 5 \u00e0 10&nbsp;minutes.<\/p>\n                        <p>\/ Bien rincer. <\/p>\n                        <p>\/ Utiliser 1 ou 2 fois par&nbsp;semaine. <\/p>\n                <!--==================================================== Directions video ====================================================-->\n        <p>Damage Repair <br \/>Bond-Fortifying Hair Leave-In Cr\u00e8me  <br \/>1:28<\/p>\n      <a href=\"\" target=\"_blank\" role=\"button\" aria-label=\"\" rel=\"noopener\"><\/a>\n    <!--==================================================== Ingredients section  ====================================================-->\n        <h2>PRINCIPAUX INGR\u00c9DIENTS<\/h2>\n                    <img decoding=\"async\" src=\"https:\/\/monatglobal.com\/wp-content\/uploads\/2022\/11\/REJUVENIQE\u2122.svg\" alt=\"REJUVENIQE Icon\"\/>\n                    <p>REJUVENIQE<sup>\u00ae<\/sup><\/p>\n                    <img decoding=\"async\" src=\"https:\/\/monatglobal.com\/wp-content\/uploads\/2022\/11\/capixyl.svg\" alt=\"Capixyl\u2122 Icon\"\/>\n                    <p>CAPIXYL\u2122<\/p>\n                    <img decoding=\"async\" src=\"https:\/\/monatglobal.com\/wp-content\/uploads\/2022\/11\/Pea-extract.svg\" alt=\"Pea Extract\"\/>\n                    <p>Extrait de pois <\/p>\n                    <img decoding=\"async\" src=\"https:\/\/monatglobal.com\/wp-content\/uploads\/2022\/11\/Vegan-UV-Protectant.svg\" alt=\"Vegan UV Protectant\"\/>\n                    <p>Protecteur UV v\u00e9gan<\/p>\n        <button id=\"myBtn\" type=\"button\">LISTE D&#8217;INGR\u00c9DIENTS<\/button>\n        <!--==================================================== Modal content  ====================================================-->\n            &times;\n            <p>Aqua\/Water\/Eau, Alcool c\u00e9t\u00e9arylique, Esters c\u00e9tyliques, Chlorure de b\u00e9hentrimonium, Laurate d&#8217;isoamyle, Chlorure de cinnamidopropyltrimonium, Extrait de Pisum Sativum (pois), Ac\u00e9tyle t\u00e9trapeptide-3, Extrait de fleur de Trifolium Pratense (tr\u00e8fle), Huile de graines de Limnanthes Alba (Meadowfoam), Huile de graines de Crambe Abyssinica, Huile de graines de Camellia Oleifera, Huile de graines de Solanum Lycopersicum (tomate), Huile de graines de Daucus Carota Sativa (carotte), Huile de zeste de Citrus Limon (citron), Huile de Citrus Aurantifolia (citron vert), Huile de fruit de Citrus Aurantium Bergamia (bergamote), Huile d&#8217;Adansonia Digitata, Huile de fruit de Mauritia Flexuosa, Huile de Cocos Nucifera (noix de coco), Extrait de fleur de Gardenia Taitensis, Huile de graines de Moringa Oleifera, Huile de fruit de Caryocar Brasiliense, Huile de graines d&#8217;Helianthus Annuus (tournesol), Glyc\u00e9rine, Fragrance\/Parfum, Dextran, Butyl\u00e8ne glycol, Acide d\u00e9hydroac\u00e9tique, Alcool benzylique, Benzoate de sodium, Citronellol, Limon\u00e8ne, Hexyl Cinnamal, Linalol.<\/p>\n            <p>Aqua\/Water\/Eau, Cetearyl Alcohol, Cetyl Esters, Behentrimonium Chloride, Isoamyl Laurate, Cinnamidopropyltrimonium Chloride, Pisum Sativum (Pea) Extract, Acetyl Tetrapeptide-3, Trifolium Pratense (Clover) Flower Extract, Limnanthes Alba (Meadowfoam) Seed Oil, Crambe Abyssinica Seed Oil, Camellia Oleifera Seed Oil, Solanum Lycopersicum (Tomato) Seed Oil, Daucus Carota Sativa (Carrot) Seed Oil, Citrus Limon (Lemon) Peel Oil, Citrus Aurantifolia (Lime) Oil, Citrus Aurantium Bergamia (Bergamot) Fruit Oil, Adansonia Digitata Oil, Mauritia Flexuosa Fruit Oil, Cocos Nucifera (Coconut) Oil, Gardenia Taitensis Flower Extract, Moringa Oleifera Seed Oil, Caryocar Brasiliense Fruit Oil, Helianthus Annuus (Sunflower) Seed Oil, Glycerin, Fragrance\/Parfum, Dextran, Butylene Glycol, Dehydroacetic Acid, Benzyl Alcohol, Sodium Benzoate, Citronellol, Limonene, Hexyl Cinnamal, Linalool.<\/p>\n    <!--==================================================== You might also like section ====================================================-->\n        <h2>VOUS POURRIEZ AUSSI AIMER<\/h2>\n        <!--==================================================== Slider YOU MIGHT ALSO LIKE ====================================================-->\n        <!---->\n        <!--    -->\n                <!--==================================================== Slides products ====================================================-->\n        <!--        -->\n        <!--            <a href=\"https:\/\/monatglobal.com\/fr\/rejuvabeads\/\" aria-label=\"Go to REJUVABEADS\u00ae page\">-->\n        <!--                <img decoding=\"async\" src=\"https:\/\/monatglobal.com\/wp-content\/uploads\/2022\/12\/Rejevabeads-ecomm.png\" alt=\"REJUVABEADS\u00ae\" loading=\"lazy\"\/>-->\n        <!--                <p>REJUVABEADS<sup>\u00ae<\/sup><\/p>-->\n        <!--            <\/a>-->\n        <!--        -->\n        <!--        -->\n        <!--            <a href=\"https:\/\/monatglobal.com\/fr\/renew-shampoo\/\" aria-label=\"Go to Renew Shampoo page\">-->\n        <!--                <img decoding=\"async\" src=\"https:\/\/monatglobal.com\/wp-content\/uploads\/2022\/12\/renew-shampoo-e-comm-min.png\" alt=\"Renew Shampoo\" loading=\"lazy\"\/>-->\n        <!--                <p>SHAMPOOING RENEW\u2122<\/p>-->\n        <!--            <\/a>-->\n        <!--        -->\n        <!--        -->\n        <!--            <a href=\"https:\/\/monatglobal.com\/fr\/restore-leave-in-conditioner\/\" aria-label=\"Go to Restore leave-in Conditioner page\">-->\n        <!--                <img decoding=\"async\" src=\"https:\/\/monatglobal.com\/wp-content\/uploads\/2022\/12\/RESTORE-LEAVE-IN-CONDITIONER-ecomm-min.png\" loading=\"lazy\"\/>-->\n        <!--                <p>APR\u00c8S-SHAMPOOING SANS RIN\u00c7AGE RESTORE\u2122<\/p>-->\n        <!--            <\/a>-->\n        <!--        -->\n        <!--    -->\n            <!--================================================ If we need navigation buttons  ================================================-->\n        <!--    -->\n        <!--    -->\n            <!--==================================================== If we need paginations  ====================================================-->\n        <!--    -->\n        <!---->\n         <!--==================================================== If we need navigation buttons  ====================================================-->\n         <!--==================================================== If we need paginations  ====================================================-->\n    <a href=\"\" aria-label=\"\"><\/a>\n<!--================================================ this link has to go last for it to work   ================================================-->\n\n","protected":false},"excerpt":{"rendered":"<p>\u00ab BEST SELLERS \u00bb \u00ab BEST SELLERS \u00bb MasqueReplenish\u2122 Avec REJUVENIQE\u00ae Un masque riche qui revitalise en profondeur les cheveux moyens \u00e0&nbsp;\u00e9pais. 148 ml \u212e 5 oz liq. Prix de d\u00e9tail00.00 \u20ac Prix de client VIP00.00 \u20ac Pour en savoir plus sur le Masque Replenish\u2122, veuillez contacter votre Partenaire de March\u00e9&nbsp;MONAT. BIENFAITS Il hydrate les&hellip;<\/p>\n","protected":false},"author":31,"featured_media":77109,"parent":0,"menu_order":0,"comment_status":"closed","ping_status":"closed","template":"","meta":{"inline_featured_image":false,"om_disable_all_campaigns":false,"_monsterinsights_skip_tracking":false,"_monsterinsights_sitenote_active":false,"_monsterinsights_sitenote_note":"","_monsterinsights_sitenote_category":0,"footnotes":""},"categories":[20],"tags":[],"class_list":["post-73940","page","type-page","status-publish","has-post-thumbnail","hentry","category-product-fr"],"aioseo_notices":[],"aioseo_head":"\n\t\t<!-- All in One SEO Pro 4.9.5.2 - aioseo.com -->\n\t<meta name=\"description\" content=\"\u00ab BEST SELLERS \u00bb \u00ab BEST SELLERS \u00bb MasqueReplenish\u2122 Avec REJUVENIQE\u00ae Un masque riche qui revitalise en profondeur les cheveux moyens \u00e0 \u00e9pais. 148 ml \u212e 5 oz liq. Prix de d\u00e9tail00.00 \u20ac Prix de client VIP00.00 \u20ac Pour en savoir plus sur le Masque Replenish\u2122, veuillez contacter votre Partenaire de March\u00e9 MONAT. BIENFAITS Il hydrate les\" \/>\n\t<meta name=\"robots\" content=\"noindex, nofollow, max-image-preview:large\" \/>\n\t<link rel=\"canonical\" href=\"https:\/\/monatglobal.com\/fr\/replenish-masque\/\" \/>\n\t<meta name=\"generator\" content=\"All in One SEO Pro (AIOSEO) 4.9.5.2\" \/>\n\t\t<meta property=\"og:locale\" content=\"en_US\" \/>\n\t\t<meta property=\"og:site_name\" content=\"MONAT France - We Are Modern Nature\u2122\" \/>\n\t\t<meta property=\"og:type\" content=\"article\" \/>\n\t\t<meta property=\"og:title\" content=\"Masque Replenish\u2122 - MONAT France\" \/>\n\t\t<meta property=\"og:description\" content=\"\u00ab BEST SELLERS \u00bb \u00ab BEST SELLERS \u00bb MasqueReplenish\u2122 Avec REJUVENIQE\u00ae Un masque riche qui revitalise en profondeur les cheveux moyens \u00e0 \u00e9pais. 148 ml \u212e 5 oz liq. Prix de d\u00e9tail00.00 \u20ac Prix de client VIP00.00 \u20ac Pour en savoir plus sur le Masque Replenish\u2122, veuillez contacter votre Partenaire de March\u00e9 MONAT. BIENFAITS Il hydrate les\" \/>\n\t\t<meta property=\"og:url\" content=\"https:\/\/monatglobal.com\/fr\/replenish-masque\/\" \/>\n\t\t<meta property=\"article:published_time\" content=\"2022-10-10T19:30:44+00:00\" \/>\n\t\t<meta property=\"article:modified_time\" content=\"2026-02-13T21:03:02+00:00\" \/>\n\t\t<meta name=\"twitter:card\" content=\"summary_large_image\" \/>\n\t\t<meta name=\"twitter:title\" content=\"Masque Replenish\u2122 - MONAT France\" \/>\n\t\t<meta name=\"twitter:description\" content=\"\u00ab BEST SELLERS \u00bb \u00ab BEST SELLERS \u00bb MasqueReplenish\u2122 Avec REJUVENIQE\u00ae Un masque riche qui revitalise en profondeur les cheveux moyens \u00e0 \u00e9pais. 148 ml \u212e 5 oz liq. Prix de d\u00e9tail00.00 \u20ac Prix de client VIP00.00 \u20ac Pour en savoir plus sur le Masque Replenish\u2122, veuillez contacter votre Partenaire de March\u00e9 MONAT. BIENFAITS Il hydrate les\" \/>\n\t\t<script type=\"application\/ld+json\" class=\"aioseo-schema\">\n\t\t\t{\"@context\":\"https:\\\/\\\/schema.org\",\"@graph\":[{\"@type\":\"BreadcrumbList\",\"@id\":\"https:\\\/\\\/monatglobal.com\\\/fr\\\/replenish-masque\\\/#breadcrumblist\",\"itemListElement\":[{\"@type\":\"ListItem\",\"@id\":\"https:\\\/\\\/monatglobal.com\\\/fr#listItem\",\"position\":1,\"name\":\"Home\",\"item\":\"https:\\\/\\\/monatglobal.com\\\/fr\",\"nextItem\":{\"@type\":\"ListItem\",\"@id\":\"https:\\\/\\\/monatglobal.com\\\/fr\\\/replenish-masque\\\/#listItem\",\"name\":\"Masque Replenish\\u2122\"}},{\"@type\":\"ListItem\",\"@id\":\"https:\\\/\\\/monatglobal.com\\\/fr\\\/replenish-masque\\\/#listItem\",\"position\":2,\"name\":\"Masque Replenish\\u2122\",\"previousItem\":{\"@type\":\"ListItem\",\"@id\":\"https:\\\/\\\/monatglobal.com\\\/fr#listItem\",\"name\":\"Home\"}}]},{\"@type\":\"Organization\",\"@id\":\"https:\\\/\\\/monatglobal.com\\\/fr\\\/#organization\",\"name\":\"MONAT France\",\"description\":\"We Are Modern Nature\\u2122\",\"url\":\"https:\\\/\\\/monatglobal.com\\\/fr\\\/\"},{\"@type\":\"WebPage\",\"@id\":\"https:\\\/\\\/monatglobal.com\\\/fr\\\/replenish-masque\\\/#webpage\",\"url\":\"https:\\\/\\\/monatglobal.com\\\/fr\\\/replenish-masque\\\/\",\"name\":\"Masque Replenish\\u2122 - MONAT France\",\"description\":\"\\u00ab BEST SELLERS \\u00bb \\u00ab BEST SELLERS \\u00bb MasqueReplenish\\u2122 Avec REJUVENIQE\\u00ae Un masque riche qui revitalise en profondeur les cheveux moyens \\u00e0 \\u00e9pais. 148 ml \\u212e 5 oz liq. Prix de d\\u00e9tail00.00 \\u20ac Prix de client VIP00.00 \\u20ac Pour en savoir plus sur le Masque Replenish\\u2122, veuillez contacter votre Partenaire de March\\u00e9 MONAT. BIENFAITS Il hydrate les\",\"inLanguage\":\"en-US\",\"isPartOf\":{\"@id\":\"https:\\\/\\\/monatglobal.com\\\/fr\\\/#website\"},\"breadcrumb\":{\"@id\":\"https:\\\/\\\/monatglobal.com\\\/fr\\\/replenish-masque\\\/#breadcrumblist\"},\"image\":{\"@type\":\"ImageObject\",\"url\":\"https:\\\/\\\/monatglobal.com\\\/fr\\\/wp-content\\\/uploads\\\/sites\\\/19\\\/2023\\\/06\\\/replenish-masque-e-comm.png\",\"@id\":\"https:\\\/\\\/monatglobal.com\\\/fr\\\/replenish-masque\\\/#mainImage\",\"width\":641,\"height\":800},\"primaryImageOfPage\":{\"@id\":\"https:\\\/\\\/monatglobal.com\\\/fr\\\/replenish-masque\\\/#mainImage\"},\"datePublished\":\"2022-10-10T19:30:44+01:00\",\"dateModified\":\"2026-02-13T21:03:02+00:00\"},{\"@type\":\"WebSite\",\"@id\":\"https:\\\/\\\/monatglobal.com\\\/fr\\\/#website\",\"url\":\"https:\\\/\\\/monatglobal.com\\\/fr\\\/\",\"name\":\"MONAT France\",\"description\":\"We Are Modern Nature\\u2122\",\"inLanguage\":\"en-US\",\"publisher\":{\"@id\":\"https:\\\/\\\/monatglobal.com\\\/fr\\\/#organization\"}}]}\n\t\t<\/script>\n\t\t<!-- All in One SEO Pro -->\r\n\t\t<title>Masque Replenish\u2122 - MONAT France<\/title>\n\n","aioseo_head_json":{"title":"Masque Replenish\u2122 - MONAT France","description":"\u00ab BEST SELLERS \u00bb \u00ab BEST SELLERS \u00bb MasqueReplenish\u2122 Avec REJUVENIQE\u00ae Un masque riche qui revitalise en profondeur les cheveux moyens \u00e0 \u00e9pais. 148 ml \u212e 5 oz liq. Prix de d\u00e9tail00.00 \u20ac Prix de client VIP00.00 \u20ac Pour en savoir plus sur le Masque Replenish\u2122, veuillez contacter votre Partenaire de March\u00e9 MONAT. BIENFAITS Il hydrate les","canonical_url":"https:\/\/monatglobal.com\/fr\/replenish-masque\/","robots":"noindex, nofollow, max-image-preview:large","keywords":"","webmasterTools":{"miscellaneous":""},"schema":{"@context":"https:\/\/schema.org","@graph":[{"@type":"BreadcrumbList","@id":"https:\/\/monatglobal.com\/fr\/replenish-masque\/#breadcrumblist","itemListElement":[{"@type":"ListItem","@id":"https:\/\/monatglobal.com\/fr#listItem","position":1,"name":"Home","item":"https:\/\/monatglobal.com\/fr","nextItem":{"@type":"ListItem","@id":"https:\/\/monatglobal.com\/fr\/replenish-masque\/#listItem","name":"Masque Replenish\u2122"}},{"@type":"ListItem","@id":"https:\/\/monatglobal.com\/fr\/replenish-masque\/#listItem","position":2,"name":"Masque Replenish\u2122","previousItem":{"@type":"ListItem","@id":"https:\/\/monatglobal.com\/fr#listItem","name":"Home"}}]},{"@type":"Organization","@id":"https:\/\/monatglobal.com\/fr\/#organization","name":"MONAT France","description":"We Are Modern Nature\u2122","url":"https:\/\/monatglobal.com\/fr\/"},{"@type":"WebPage","@id":"https:\/\/monatglobal.com\/fr\/replenish-masque\/#webpage","url":"https:\/\/monatglobal.com\/fr\/replenish-masque\/","name":"Masque Replenish\u2122 - MONAT France","description":"\u00ab BEST SELLERS \u00bb \u00ab BEST SELLERS \u00bb MasqueReplenish\u2122 Avec REJUVENIQE\u00ae Un masque riche qui revitalise en profondeur les cheveux moyens \u00e0 \u00e9pais. 148 ml \u212e 5 oz liq. Prix de d\u00e9tail00.00 \u20ac Prix de client VIP00.00 \u20ac Pour en savoir plus sur le Masque Replenish\u2122, veuillez contacter votre Partenaire de March\u00e9 MONAT. BIENFAITS Il hydrate les","inLanguage":"en-US","isPartOf":{"@id":"https:\/\/monatglobal.com\/fr\/#website"},"breadcrumb":{"@id":"https:\/\/monatglobal.com\/fr\/replenish-masque\/#breadcrumblist"},"image":{"@type":"ImageObject","url":"https:\/\/monatglobal.com\/fr\/wp-content\/uploads\/sites\/19\/2023\/06\/replenish-masque-e-comm.png","@id":"https:\/\/monatglobal.com\/fr\/replenish-masque\/#mainImage","width":641,"height":800},"primaryImageOfPage":{"@id":"https:\/\/monatglobal.com\/fr\/replenish-masque\/#mainImage"},"datePublished":"2022-10-10T19:30:44+01:00","dateModified":"2026-02-13T21:03:02+00:00"},{"@type":"WebSite","@id":"https:\/\/monatglobal.com\/fr\/#website","url":"https:\/\/monatglobal.com\/fr\/","name":"MONAT France","description":"We Are Modern Nature\u2122","inLanguage":"en-US","publisher":{"@id":"https:\/\/monatglobal.com\/fr\/#organization"}}]},"og:locale":"en_US","og:site_name":"MONAT France - We Are Modern Nature\u2122","og:type":"article","og:title":"Masque Replenish\u2122 - MONAT France","og:description":"\u00ab BEST SELLERS \u00bb \u00ab BEST SELLERS \u00bb MasqueReplenish\u2122 Avec REJUVENIQE\u00ae Un masque riche qui revitalise en profondeur les cheveux moyens \u00e0 \u00e9pais. 148 ml \u212e 5 oz liq. Prix de d\u00e9tail00.00 \u20ac Prix de client VIP00.00 \u20ac Pour en savoir plus sur le Masque Replenish\u2122, veuillez contacter votre Partenaire de March\u00e9 MONAT. BIENFAITS Il hydrate les","og:url":"https:\/\/monatglobal.com\/fr\/replenish-masque\/","article:published_time":"2022-10-10T19:30:44+00:00","article:modified_time":"2026-02-13T21:03:02+00:00","twitter:card":"summary_large_image","twitter:title":"Masque Replenish\u2122 - MONAT France","twitter:description":"\u00ab BEST SELLERS \u00bb \u00ab BEST SELLERS \u00bb MasqueReplenish\u2122 Avec REJUVENIQE\u00ae Un masque riche qui revitalise en profondeur les cheveux moyens \u00e0 \u00e9pais. 148 ml \u212e 5 oz liq. Prix de d\u00e9tail00.00 \u20ac Prix de client VIP00.00 \u20ac Pour en savoir plus sur le Masque Replenish\u2122, veuillez contacter votre Partenaire de March\u00e9 MONAT. BIENFAITS Il hydrate les"},"aioseo_meta_data":{"post_id":"73940","title":null,"description":null,"keywords":null,"keyphrases":null,"primary_term":null,"canonical_url":null,"og_title":null,"og_description":null,"og_object_type":"default","og_image_type":"default","og_image_url":null,"og_image_width":null,"og_image_height":null,"og_image_custom_url":null,"og_image_custom_fields":null,"og_video":null,"og_custom_url":null,"og_article_section":null,"og_article_tags":null,"twitter_use_og":false,"twitter_card":"default","twitter_image_type":"default","twitter_image_url":null,"twitter_image_custom_url":null,"twitter_image_custom_fields":null,"twitter_title":null,"twitter_description":null,"schema":{"blockGraphs":[],"customGraphs":[],"default":{"data":{"Article":[],"Course":[],"Dataset":[],"FAQPage":[],"Movie":[],"Person":[],"Product":[],"ProductReview":[],"Car":[],"Recipe":[],"Service":[],"SoftwareApplication":[],"WebPage":[]},"graphName":"WebPage","isEnabled":true},"graphs":[]},"schema_type":"default","schema_type_options":null,"pillar_content":false,"robots_default":true,"robots_noindex":false,"robots_noarchive":false,"robots_nosnippet":false,"robots_nofollow":false,"robots_noimageindex":false,"robots_noodp":false,"robots_notranslate":false,"robots_max_snippet":null,"robots_max_videopreview":null,"robots_max_imagepreview":"large","priority":null,"frequency":null,"local_seo":null,"seo_analyzer_scan_date":"2026-02-13 21:04:27","breadcrumb_settings":null,"limit_modified_date":false,"reviewed_by":null,"open_ai":null,"ai":null,"created":"2023-07-25 23:43:52","updated":"2026-02-13 21:17:33"},"aioseo_breadcrumb":"<div class=\"aioseo-breadcrumbs\"><span class=\"aioseo-breadcrumb\">\n\t<a href=\"https:\/\/monatglobal.com\/fr\" title=\"Home\">Home<\/a>\n<\/span><span class=\"aioseo-breadcrumb-separator\">&raquo;<\/span><span class=\"aioseo-breadcrumb\">\n\tMasque Replenish\u2122\n<\/span><\/div>","aioseo_breadcrumb_json":[{"label":"Home","link":"https:\/\/monatglobal.com\/fr"},{"label":"Masque Replenish\u2122","link":"https:\/\/monatglobal.com\/fr\/replenish-masque\/"}],"_links":{"self":[{"href":"https:\/\/monatglobal.com\/fr\/wp-json\/wp\/v2\/pages\/73940","targetHints":{"allow":["GET"]}}],"collection":[{"href":"https:\/\/monatglobal.com\/fr\/wp-json\/wp\/v2\/pages"}],"about":[{"href":"https:\/\/monatglobal.com\/fr\/wp-json\/wp\/v2\/types\/page"}],"author":[{"embeddable":true,"href":"https:\/\/monatglobal.com\/fr\/wp-json\/wp\/v2\/users\/31"}],"replies":[{"embeddable":true,"href":"https:\/\/monatglobal.com\/fr\/wp-json\/wp\/v2\/comments?post=73940"}],"version-history":[{"count":33,"href":"https:\/\/monatglobal.com\/fr\/wp-json\/wp\/v2\/pages\/73940\/revisions"}],"predecessor-version":[{"id":109324,"href":"https:\/\/monatglobal.com\/fr\/wp-json\/wp\/v2\/pages\/73940\/revisions\/109324"}],"wp:featuredmedia":[{"embeddable":true,"href":"https:\/\/monatglobal.com\/fr\/wp-json\/wp\/v2\/media\/77109"}],"wp:attachment":[{"href":"https:\/\/monatglobal.com\/fr\/wp-json\/wp\/v2\/media?parent=73940"}],"wp:term":[{"taxonomy":"category","embeddable":true,"href":"https:\/\/monatglobal.com\/fr\/wp-json\/wp\/v2\/categories?post=73940"},{"taxonomy":"post_tag","embeddable":true,"href":"https:\/\/monatglobal.com\/fr\/wp-json\/wp\/v2\/tags?post=73940"}],"curies":[{"name":"wp","href":"https:\/\/api.w.org\/{rel}","templated":true}]}}