{"id":73807,"date":"2022-09-20T19:43:31","date_gmt":"2022-09-20T19:43:31","guid":{"rendered":"https:\/\/monatglobal.com\/nz\/?page_id=73807"},"modified":"2026-02-25T17:37:54","modified_gmt":"2026-02-25T17:37:54","slug":"blow-out-cream","status":"publish","type":"page","link":"https:\/\/monatglobal.com\/fr\/blow-out-cream\/","title":{"rendered":"Cr\u00e8me pour brushing MONAT STUDIO ONE\u2122"},"content":{"rendered":"\n\n\t<link rel=\"stylesheet\" href=\"https:\/\/unpkg.com\/swiper\/swiper-bundle.min.css\" \/>\n<link rel=\"stylesheet\" href=\"https:\/\/monatglobal.com\/wp-content\/creative_css\/product_styles_sheet.css\" \/> \n    <!--==================================================== ECOMM SECTION ====================================================-->\n        <!--==================================================== Ecomm image ====================================================-->\n        <img decoding=\"async\" src=\"https:\/\/monatglobal.com\/wp-content\/uploads\/2022\/06\/blow-out-cream-e-comm.png\" alt=\"MONAT Studio One\u2122 Blow Out Cream\" loading=\"lazy\"\/>\n        <!--==================================================== Ecomm information  ====================================================-->\n            <h1>Cr\u00e8me pour brushing<\/h1>\n            <p>MONAT STUDIO ONE\u2122<\/p>\n            <p>Avec REJUVENIQE\u2122<\/p>\n            <p>Une cr\u00e8me coiffante qui r\u00e9duit les frisottis tout en aidant \u00e0 lisser et \u00e0 adoucir les cheveux pendant l&#8217;utilisation d&#8217;outils chauffants.<\/p>\n            <p>118 ml \u212e 4 oz liq.<\/p>\n          <!--==================================================== pricing box  ====================================================-->  \n         <p>Prix de d\u00e9tail<br \/>00.00 \u20ac<\/p>\n         <p>Prix de client VIP<br \/>00.00 \u20ac<\/p>\n          <!--==================================================== pricing box  ====================================================-->  \n            <p>Pour en savoir plus sur le Cr\u00e8me pour brushing MONAT STUDIO ONE\u2122, veuillez contacter votre Partenaire de March\u00e9 MONAT.<\/p>\n      <a href=\"\" target=\"_blank\" role=\"button\" aria-label=\"\" rel=\"noopener\"><\/a>\n    <!--==================================================== \/ECOMM SECTION  ====================================================-->\n    <!--==================================================== Benefits image ====================================================-->\n    \n        <source media=\"(max-width: 700px)\" srcset=\"https:\/\/monatglobal.com\/wp-content\/uploads\/2022\/06\/blow-out-cream-benefits-mobile.jpg\" loading=\"lazy\"\/>\n        <img decoding=\"async\" alt=\"A brunette woman smiling and holding a piece of her hair.\" src=\"https:\/\/monatglobal.com\/wp-content\/uploads\/2022\/06\/blow-out-cream-benefits.jpg\" loading=\"lazy\"\/>\n    \n    <!--==================================================== Benefits text ====================================================-->\n            <h2>BIENFAITS<\/h2>\n            <h3>Elle \u00e9limine les frisottis et les m\u00e8ches rebelles, laissant les cheveux jusqu&#8217;\u00e0 60 % plus lisses tout au long de la journ\u00e9e, en plus d&#8217;offrir une protection contre l&#8217;humidit\u00e9 et les dommages caus\u00e9s par l&#8217;utilisation d&#8217;outils chauffants.<\/h3>\n            \n            <!--==================================================== features image  ====================================================-->\n            <img decoding=\"async\" alt=\"MONAT STUDIO ONE\u2122 Blow Out Cream laying on marble tile surrounded by ingredients such as tomatos, limes, carrots and pomegranates.\" src=\"https:\/\/monatglobal.com\/wp-content\/uploads\/2022\/06\/blow-out-cream-features.jpg\" loading=\"lazy\"\/>\n        <!--==================================================== features text ====================================================-->\n                <h3>Caract\u00e9ristiques<\/h3>\n                    <p>\/ Elle contient des substances v\u00e9g\u00e9tales qui aident \u00e0 donner un fini soyeux et lisse aux cheveux<\/p>\n                    <p>\/ L&#8217;extrait de pois soutient les cheveux d&#8217;apparence plus saine<\/p>\n                    <br \/>\n                <p>Parfum \/ Son parfum fruit\u00e9 s&#8217;inspire d&#8217;une confiture aux notes de p\u00eache, de mangue, d&#8217;orange et de grenade, adouci de sauge sclar\u00e9e, de jasmin et de vanille.<\/p>\n                 Texture \/ Rich cr\u00e8me\n    <!--==================================================== composition image mobile ====================================================-->\n    <img decoding=\"async\" alt=\"MONAT STUDIO ONE\u2122 Blow Out Cream on top of a beige surface, next to dispersed product.\" src=\"https:\/\/monatglobal.com\/wp-content\/uploads\/2022\/06\/blow-out-cream-comp1.jpg\" loading=\"lazy\"\/>\n    <!--==================================================== Why it works text ====================================================-->\n        <h2>R\u00c9DUIT LE TEMPS N\u00c9CESSAIRE POUR COIFFER LES CHEVEUX ET PROT\u00c8GE LES CHEVEUX CONTRE LES DOMMAGES.<\/h2>\n        <h3>Des ingr\u00e9dients d&#8217;origine naturelle combin\u00e9s au REJUVENIQE<sup>\u00ae<\/sup> aident \u00e0 minimiser les frisottis, laissant les cheveux lisses apr\u00e8s le s\u00e9chage au s\u00e8che-cheveux tout en offrant une protection contre l&#8217;humidit\u00e9 et les dommages caus\u00e9s par les outils coiffants, en plus de pr\u00e9server les colorations.<\/h3>\n        \n<!--==================================================== Composition section ====================================================-->\n        <img decoding=\"async\" alt=\"MONAT STUDIO ONE\u2122 Blow Out Cream on top of a beige surface, next to dispersed product.\" src=\"https:\/\/monatglobal.com\/wp-content\/uploads\/2022\/06\/blow-out-cream-comp1.jpg\" loading=\"lazy\"\/>\n        <img decoding=\"async\" alt=\"Brunette woman with damp hair, running her fingers through her hair while overlapping a texture shot of MONAT STUDIO ONE\u2122 Blow Out Cream.\" src=\"https:\/\/monatglobal.com\/wp-content\/uploads\/2022\/06\/blow-out-cream-comp3.jpg\" loading=\"lazy\"\/>\n                <!--==================================================== Directions text ====================================================-->\n                    <h3>Mode d&#8217;emploi<\/h3>\n                        <p>\/ Appliquer des racines jusqu&#8217;aux pointes, sur cheveux propres et essor\u00e9s.<\/p>\n                        <p>\/ S\u00e9cher au s\u00e8che-cheveux et coiffer comme d&#8217;habitude.<\/p>\n                <!--==================================================== Directions video ====================================================-->\n        <p>Damage Repair <br \/>Bond-Fortifying Hair Leave-In Cr\u00e8me  <br \/>1:28<\/p>\n  <a href=\"\" target=\"_blank\" role=\"button\" aria-label=\"\" rel=\"noopener\"><\/a>\n    <!--==================================================== Ingredients section  ====================================================-->\n        <h2>PRINCIPAUX INGR\u00c9DIENTS<\/h2>\n                    <p>REJUVENIQE<sup>\u00ae<\/sup><\/p>\n                    <p>\u00c9mollients v\u00e9g\u00e9taux<\/p>\n                    <p>Extrait de pois<\/p>\n                    <p>Agent de protection UV \u00e0 base de plantes<\/p>\n        <button id=\"myBtn\" type=\"button\">LISTE D&#8217;INGR\u00c9DIENTS<\/button>\n        <!--==================================================== Modal content  ====================================================-->\n            &times;\n            <p>Aqua\/Water\/Eau, Cetearyl Alcohol, Isoamyl Laurate, Behentrimonium Chloride, Linum Usitatissimum (Linseed) Seed Extract, Glycerin, Salvia Hispanica Seed Extract, Trifolium Pratense (Clover) Flower Extract, Pisum Sativum (Pea) Extract, Limnanthes Alba (Meadowfoam) Seed Oil, Crambe Abyssinica Seed Oil, Camellia Oleifera Seed Oil, Solanum Lycopersicum (Tomato) Seed Oil, Daucus Carota Sativa (Carrot) Seed Oil, Citrus Limon (Lemon) Peel Oil, Citrus Aurantifolia (Lime) Oil, Citrus Aurantium Bergamia (Bergamot) Fruit Oil, Adansonia Digitata Oil, Mauritia Flexuosa Fruit Oil, Cocos Nucifera (Coconut) Oil, Gardenia Taitensis Flower Extract, Moringa Oleifera Seed Oil, Caryocar Brasiliense Fruit Oil, Helianthus Annuus (Sunflower) Seed Oil, Stearamidopropyl Dimethylamine, Dextran, Acetyl Tetrapeptide-3, Cinnamidopropyltrimonium Chloride, Butylene Glycol, Tocopherol, Fragrance\/Parfum, Benzyl Alcohol, Ethylhexylglycerin, Limonene.<\/p>\n    <!--==================================================== You might also like section ====================================================-->\n        <h2>VOUS POURRIEZ AUSSI AIMER<\/h2>\n        <!--================================================ Slider YOU MIGHT ALSO LIKE ================================================-->\n        <!---->\n        <!--    -->\n                <!--==================================================== Slides products ====================================================-->\n        <!--        -->\n        <!--            <a href=\"https:\/\/monatglobal.com\/fr\/frizz-fix-smoothing-hair-primer\/\" aria-label=\"Go to Anti-frisottis lissant MONAT STUDIO ONE\u2122 page\">-->\n        <!--                <img decoding=\"async\" src=\"https:\/\/monatglobal.com\/wp-content\/uploads\/2023\/01\/Frizz-fix-smoothing-hair-primer-e_comm-min.png\" alt=\"Anti-frisottis lissant MONAT STUDIO ONE\u2122\" loading=\"lazy\"\/>-->\n        <!--                <p>Anti-frisottis lissant<br \/>MONAT STUDIO ONE\u2122<\/p>-->\n        <!--            <\/a>-->\n        <!--        -->\n        <!--        -->\n        <!--            <a href=\"https:\/\/monatglobal.com\/fr\/replenish-masque\/\" aria-label=\"Go to Masque Replenish\u2122 page\">-->\n        <!--                <img decoding=\"async\" src=\"https:\/\/monatglobal.com\/wp-content\/uploads\/2022\/06\/replenish-masque-e-comm.png\" alt=\"Masque Replenish\u2122\" loading=\"lazy\"\/>-->\n        <!--                <p>Masque<br \/>Replenish\u2122<\/p>-->\n        <!--            <\/a>-->\n        <!--        -->\n        <!--        -->\n        <!--            <a href=\"https:\/\/monatglobal.com\/fr\/rejuveniqe-oil\/\" aria-label=\"Go to REJUVENIQE\u00ae page\">-->\n        <!--                <img decoding=\"async\" src=\"https:\/\/monatglobal.com\/wp-content\/uploads\/2022\/12\/rejuveniqe_2021-ecomm.png\" alt=\"REJUVENIQE \u00ae\" loading=\"lazy\"\/>-->\n        <!--                <p>REJUVENIQE<sup>\u00ae<\/sup><\/p>-->\n        <!--            <\/a>-->\n        <!--        -->\n        <!--    -->\n            <!--=============================================== If we need navigation buttons  ===============================================-->\n        <!--    -->\n        <!--    -->\n            <!--=============================================== If we need paginations  ====================================================-->\n        <!--    -->\n        <!---->\n         <!--==================================================== If we need navigation buttons  ====================================================-->\n         <!--==================================================== If we need paginations  ====================================================-->\n    <a href=\"\" aria-label=\"\"><\/a>\n<!--=============================================== this link has to go last for it to work   ===============================================-->\n\n","protected":false},"excerpt":{"rendered":"<p>Cr\u00e8me pour brushing MONAT STUDIO ONE\u2122 Avec REJUVENIQE\u2122 Une cr\u00e8me coiffante qui r\u00e9duit les frisottis tout en aidant \u00e0 lisser et \u00e0 adoucir les cheveux pendant l&#8217;utilisation d&#8217;outils chauffants. 118 ml \u212e 4 oz liq. Prix de d\u00e9tail00.00 \u20ac Prix de client VIP00.00 \u20ac Pour en savoir plus sur le Cr\u00e8me pour brushing MONAT STUDIO&hellip;<\/p>\n","protected":false},"author":31,"featured_media":109385,"parent":0,"menu_order":0,"comment_status":"closed","ping_status":"closed","template":"","meta":{"inline_featured_image":false,"om_disable_all_campaigns":false,"_monsterinsights_skip_tracking":false,"_monsterinsights_sitenote_active":false,"_monsterinsights_sitenote_note":"","_monsterinsights_sitenote_category":0,"footnotes":""},"categories":[20],"tags":[],"class_list":["post-73807","page","type-page","status-publish","has-post-thumbnail","hentry","category-product-fr"],"aioseo_notices":[],"aioseo_head":"\n\t\t<!-- All in One SEO Pro 4.9.5.2 - aioseo.com -->\n\t<meta name=\"description\" content=\"Cr\u00e8me pour brushing MONAT STUDIO ONE\u2122 Avec REJUVENIQE\u2122 Une cr\u00e8me coiffante qui r\u00e9duit les frisottis tout en aidant \u00e0 lisser et \u00e0 adoucir les cheveux pendant l&#039;utilisation d&#039;outils chauffants. 118 ml \u212e 4 oz liq. Prix de d\u00e9tail00.00 \u20ac Prix de client VIP00.00 \u20ac Pour en savoir plus sur le Cr\u00e8me pour brushing MONAT STUDIO\" \/>\n\t<meta name=\"robots\" content=\"noindex, nofollow, max-image-preview:large\" \/>\n\t<link rel=\"canonical\" href=\"https:\/\/monatglobal.com\/fr\/blow-out-cream\/\" \/>\n\t<meta name=\"generator\" content=\"All in One SEO Pro (AIOSEO) 4.9.5.2\" \/>\n\t\t<meta property=\"og:locale\" content=\"en_US\" \/>\n\t\t<meta property=\"og:site_name\" content=\"MONAT France - We Are Modern Nature\u2122\" \/>\n\t\t<meta property=\"og:type\" content=\"article\" \/>\n\t\t<meta property=\"og:title\" content=\"Cr\u00e8me pour brushing MONAT STUDIO ONE\u2122 - MONAT France\" \/>\n\t\t<meta property=\"og:description\" content=\"Cr\u00e8me pour brushing MONAT STUDIO ONE\u2122 Avec REJUVENIQE\u2122 Une cr\u00e8me coiffante qui r\u00e9duit les frisottis tout en aidant \u00e0 lisser et \u00e0 adoucir les cheveux pendant l&#039;utilisation d&#039;outils chauffants. 118 ml \u212e 4 oz liq. Prix de d\u00e9tail00.00 \u20ac Prix de client VIP00.00 \u20ac Pour en savoir plus sur le Cr\u00e8me pour brushing MONAT STUDIO\" \/>\n\t\t<meta property=\"og:url\" content=\"https:\/\/monatglobal.com\/fr\/blow-out-cream\/\" \/>\n\t\t<meta property=\"article:published_time\" content=\"2022-09-20T19:43:31+00:00\" \/>\n\t\t<meta property=\"article:modified_time\" content=\"2026-02-25T17:37:54+00:00\" \/>\n\t\t<meta name=\"twitter:card\" content=\"summary_large_image\" \/>\n\t\t<meta name=\"twitter:title\" content=\"Cr\u00e8me pour brushing MONAT STUDIO ONE\u2122 - MONAT France\" \/>\n\t\t<meta name=\"twitter:description\" content=\"Cr\u00e8me pour brushing MONAT STUDIO ONE\u2122 Avec REJUVENIQE\u2122 Une cr\u00e8me coiffante qui r\u00e9duit les frisottis tout en aidant \u00e0 lisser et \u00e0 adoucir les cheveux pendant l&#039;utilisation d&#039;outils chauffants. 118 ml \u212e 4 oz liq. Prix de d\u00e9tail00.00 \u20ac Prix de client VIP00.00 \u20ac Pour en savoir plus sur le Cr\u00e8me pour brushing MONAT STUDIO\" \/>\n\t\t<script type=\"application\/ld+json\" class=\"aioseo-schema\">\n\t\t\t{\"@context\":\"https:\\\/\\\/schema.org\",\"@graph\":[{\"@type\":\"BreadcrumbList\",\"@id\":\"https:\\\/\\\/monatglobal.com\\\/fr\\\/blow-out-cream\\\/#breadcrumblist\",\"itemListElement\":[{\"@type\":\"ListItem\",\"@id\":\"https:\\\/\\\/monatglobal.com\\\/fr#listItem\",\"position\":1,\"name\":\"Home\",\"item\":\"https:\\\/\\\/monatglobal.com\\\/fr\",\"nextItem\":{\"@type\":\"ListItem\",\"@id\":\"https:\\\/\\\/monatglobal.com\\\/fr\\\/blow-out-cream\\\/#listItem\",\"name\":\"Cr\\u00e8me pour brushing MONAT STUDIO ONE\\u2122\"}},{\"@type\":\"ListItem\",\"@id\":\"https:\\\/\\\/monatglobal.com\\\/fr\\\/blow-out-cream\\\/#listItem\",\"position\":2,\"name\":\"Cr\\u00e8me pour brushing MONAT STUDIO ONE\\u2122\",\"previousItem\":{\"@type\":\"ListItem\",\"@id\":\"https:\\\/\\\/monatglobal.com\\\/fr#listItem\",\"name\":\"Home\"}}]},{\"@type\":\"Organization\",\"@id\":\"https:\\\/\\\/monatglobal.com\\\/fr\\\/#organization\",\"name\":\"MONAT France\",\"description\":\"We Are Modern Nature\\u2122\",\"url\":\"https:\\\/\\\/monatglobal.com\\\/fr\\\/\"},{\"@type\":\"WebPage\",\"@id\":\"https:\\\/\\\/monatglobal.com\\\/fr\\\/blow-out-cream\\\/#webpage\",\"url\":\"https:\\\/\\\/monatglobal.com\\\/fr\\\/blow-out-cream\\\/\",\"name\":\"Cr\\u00e8me pour brushing MONAT STUDIO ONE\\u2122 - MONAT France\",\"description\":\"Cr\\u00e8me pour brushing MONAT STUDIO ONE\\u2122 Avec REJUVENIQE\\u2122 Une cr\\u00e8me coiffante qui r\\u00e9duit les frisottis tout en aidant \\u00e0 lisser et \\u00e0 adoucir les cheveux pendant l'utilisation d'outils chauffants. 118 ml \\u212e 4 oz liq. Prix de d\\u00e9tail00.00 \\u20ac Prix de client VIP00.00 \\u20ac Pour en savoir plus sur le Cr\\u00e8me pour brushing MONAT STUDIO\",\"inLanguage\":\"en-US\",\"isPartOf\":{\"@id\":\"https:\\\/\\\/monatglobal.com\\\/fr\\\/#website\"},\"breadcrumb\":{\"@id\":\"https:\\\/\\\/monatglobal.com\\\/fr\\\/blow-out-cream\\\/#breadcrumblist\"},\"image\":{\"@type\":\"ImageObject\",\"url\":\"https:\\\/\\\/monatglobal.com\\\/fr\\\/wp-content\\\/uploads\\\/sites\\\/19\\\/2026\\\/02\\\/blow-out-cream-e-comm.png\",\"@id\":\"https:\\\/\\\/monatglobal.com\\\/fr\\\/blow-out-cream\\\/#mainImage\",\"width\":641,\"height\":800},\"primaryImageOfPage\":{\"@id\":\"https:\\\/\\\/monatglobal.com\\\/fr\\\/blow-out-cream\\\/#mainImage\"},\"datePublished\":\"2022-09-20T19:43:31+01:00\",\"dateModified\":\"2026-02-25T17:37:54+00:00\"},{\"@type\":\"WebSite\",\"@id\":\"https:\\\/\\\/monatglobal.com\\\/fr\\\/#website\",\"url\":\"https:\\\/\\\/monatglobal.com\\\/fr\\\/\",\"name\":\"MONAT France\",\"description\":\"We Are Modern Nature\\u2122\",\"inLanguage\":\"en-US\",\"publisher\":{\"@id\":\"https:\\\/\\\/monatglobal.com\\\/fr\\\/#organization\"}}]}\n\t\t<\/script>\n\t\t<!-- All in One SEO Pro -->\r\n\t\t<title>Cr\u00e8me pour brushing MONAT STUDIO ONE\u2122 - MONAT France<\/title>\n\n","aioseo_head_json":{"title":"Cr\u00e8me pour brushing MONAT STUDIO ONE\u2122 - MONAT France","description":"Cr\u00e8me pour brushing MONAT STUDIO ONE\u2122 Avec REJUVENIQE\u2122 Une cr\u00e8me coiffante qui r\u00e9duit les frisottis tout en aidant \u00e0 lisser et \u00e0 adoucir les cheveux pendant l'utilisation d'outils chauffants. 118 ml \u212e 4 oz liq. Prix de d\u00e9tail00.00 \u20ac Prix de client VIP00.00 \u20ac Pour en savoir plus sur le Cr\u00e8me pour brushing MONAT STUDIO","canonical_url":"https:\/\/monatglobal.com\/fr\/blow-out-cream\/","robots":"noindex, nofollow, max-image-preview:large","keywords":"","webmasterTools":{"miscellaneous":""},"schema":{"@context":"https:\/\/schema.org","@graph":[{"@type":"BreadcrumbList","@id":"https:\/\/monatglobal.com\/fr\/blow-out-cream\/#breadcrumblist","itemListElement":[{"@type":"ListItem","@id":"https:\/\/monatglobal.com\/fr#listItem","position":1,"name":"Home","item":"https:\/\/monatglobal.com\/fr","nextItem":{"@type":"ListItem","@id":"https:\/\/monatglobal.com\/fr\/blow-out-cream\/#listItem","name":"Cr\u00e8me pour brushing MONAT STUDIO ONE\u2122"}},{"@type":"ListItem","@id":"https:\/\/monatglobal.com\/fr\/blow-out-cream\/#listItem","position":2,"name":"Cr\u00e8me pour brushing MONAT STUDIO ONE\u2122","previousItem":{"@type":"ListItem","@id":"https:\/\/monatglobal.com\/fr#listItem","name":"Home"}}]},{"@type":"Organization","@id":"https:\/\/monatglobal.com\/fr\/#organization","name":"MONAT France","description":"We Are Modern Nature\u2122","url":"https:\/\/monatglobal.com\/fr\/"},{"@type":"WebPage","@id":"https:\/\/monatglobal.com\/fr\/blow-out-cream\/#webpage","url":"https:\/\/monatglobal.com\/fr\/blow-out-cream\/","name":"Cr\u00e8me pour brushing MONAT STUDIO ONE\u2122 - MONAT France","description":"Cr\u00e8me pour brushing MONAT STUDIO ONE\u2122 Avec REJUVENIQE\u2122 Une cr\u00e8me coiffante qui r\u00e9duit les frisottis tout en aidant \u00e0 lisser et \u00e0 adoucir les cheveux pendant l'utilisation d'outils chauffants. 118 ml \u212e 4 oz liq. Prix de d\u00e9tail00.00 \u20ac Prix de client VIP00.00 \u20ac Pour en savoir plus sur le Cr\u00e8me pour brushing MONAT STUDIO","inLanguage":"en-US","isPartOf":{"@id":"https:\/\/monatglobal.com\/fr\/#website"},"breadcrumb":{"@id":"https:\/\/monatglobal.com\/fr\/blow-out-cream\/#breadcrumblist"},"image":{"@type":"ImageObject","url":"https:\/\/monatglobal.com\/fr\/wp-content\/uploads\/sites\/19\/2026\/02\/blow-out-cream-e-comm.png","@id":"https:\/\/monatglobal.com\/fr\/blow-out-cream\/#mainImage","width":641,"height":800},"primaryImageOfPage":{"@id":"https:\/\/monatglobal.com\/fr\/blow-out-cream\/#mainImage"},"datePublished":"2022-09-20T19:43:31+01:00","dateModified":"2026-02-25T17:37:54+00:00"},{"@type":"WebSite","@id":"https:\/\/monatglobal.com\/fr\/#website","url":"https:\/\/monatglobal.com\/fr\/","name":"MONAT France","description":"We Are Modern Nature\u2122","inLanguage":"en-US","publisher":{"@id":"https:\/\/monatglobal.com\/fr\/#organization"}}]},"og:locale":"en_US","og:site_name":"MONAT France - We Are Modern Nature\u2122","og:type":"article","og:title":"Cr\u00e8me pour brushing MONAT STUDIO ONE\u2122 - MONAT France","og:description":"Cr\u00e8me pour brushing MONAT STUDIO ONE\u2122 Avec REJUVENIQE\u2122 Une cr\u00e8me coiffante qui r\u00e9duit les frisottis tout en aidant \u00e0 lisser et \u00e0 adoucir les cheveux pendant l'utilisation d'outils chauffants. 118 ml \u212e 4 oz liq. Prix de d\u00e9tail00.00 \u20ac Prix de client VIP00.00 \u20ac Pour en savoir plus sur le Cr\u00e8me pour brushing MONAT STUDIO","og:url":"https:\/\/monatglobal.com\/fr\/blow-out-cream\/","article:published_time":"2022-09-20T19:43:31+00:00","article:modified_time":"2026-02-25T17:37:54+00:00","twitter:card":"summary_large_image","twitter:title":"Cr\u00e8me pour brushing MONAT STUDIO ONE\u2122 - MONAT France","twitter:description":"Cr\u00e8me pour brushing MONAT STUDIO ONE\u2122 Avec REJUVENIQE\u2122 Une cr\u00e8me coiffante qui r\u00e9duit les frisottis tout en aidant \u00e0 lisser et \u00e0 adoucir les cheveux pendant l'utilisation d'outils chauffants. 118 ml \u212e 4 oz liq. Prix de d\u00e9tail00.00 \u20ac Prix de client VIP00.00 \u20ac Pour en savoir plus sur le Cr\u00e8me pour brushing MONAT STUDIO"},"aioseo_meta_data":{"post_id":"73807","title":null,"description":null,"keywords":null,"keyphrases":null,"primary_term":null,"canonical_url":null,"og_title":null,"og_description":null,"og_object_type":"default","og_image_type":"default","og_image_url":null,"og_image_width":null,"og_image_height":null,"og_image_custom_url":null,"og_image_custom_fields":null,"og_video":null,"og_custom_url":null,"og_article_section":null,"og_article_tags":null,"twitter_use_og":false,"twitter_card":"default","twitter_image_type":"default","twitter_image_url":null,"twitter_image_custom_url":null,"twitter_image_custom_fields":null,"twitter_title":null,"twitter_description":null,"schema":{"blockGraphs":[],"customGraphs":[],"default":{"data":{"Article":[],"Course":[],"Dataset":[],"FAQPage":[],"Movie":[],"Person":[],"Product":[],"ProductReview":[],"Car":[],"Recipe":[],"Service":[],"SoftwareApplication":[],"WebPage":[]},"graphName":"WebPage","isEnabled":true},"graphs":[]},"schema_type":"default","schema_type_options":null,"pillar_content":false,"robots_default":true,"robots_noindex":false,"robots_noarchive":false,"robots_nosnippet":false,"robots_nofollow":false,"robots_noimageindex":false,"robots_noodp":false,"robots_notranslate":false,"robots_max_snippet":null,"robots_max_videopreview":null,"robots_max_imagepreview":"large","priority":null,"frequency":null,"local_seo":null,"seo_analyzer_scan_date":"2026-02-25 18:31:40","breadcrumb_settings":null,"limit_modified_date":false,"reviewed_by":null,"open_ai":null,"ai":null,"created":"2023-07-25 23:38:52","updated":"2026-02-25 18:31:40"},"aioseo_breadcrumb":"<div class=\"aioseo-breadcrumbs\"><span class=\"aioseo-breadcrumb\">\n\t<a href=\"https:\/\/monatglobal.com\/fr\" title=\"Home\">Home<\/a>\n<\/span><span class=\"aioseo-breadcrumb-separator\">&raquo;<\/span><span class=\"aioseo-breadcrumb\">\n\tCr\u00e8me pour brushing MONAT STUDIO ONE\u2122\n<\/span><\/div>","aioseo_breadcrumb_json":[{"label":"Home","link":"https:\/\/monatglobal.com\/fr"},{"label":"Cr\u00e8me pour brushing MONAT STUDIO ONE\u2122","link":"https:\/\/monatglobal.com\/fr\/blow-out-cream\/"}],"_links":{"self":[{"href":"https:\/\/monatglobal.com\/fr\/wp-json\/wp\/v2\/pages\/73807","targetHints":{"allow":["GET"]}}],"collection":[{"href":"https:\/\/monatglobal.com\/fr\/wp-json\/wp\/v2\/pages"}],"about":[{"href":"https:\/\/monatglobal.com\/fr\/wp-json\/wp\/v2\/types\/page"}],"author":[{"embeddable":true,"href":"https:\/\/monatglobal.com\/fr\/wp-json\/wp\/v2\/users\/31"}],"replies":[{"embeddable":true,"href":"https:\/\/monatglobal.com\/fr\/wp-json\/wp\/v2\/comments?post=73807"}],"version-history":[{"count":30,"href":"https:\/\/monatglobal.com\/fr\/wp-json\/wp\/v2\/pages\/73807\/revisions"}],"predecessor-version":[{"id":109384,"href":"https:\/\/monatglobal.com\/fr\/wp-json\/wp\/v2\/pages\/73807\/revisions\/109384"}],"wp:featuredmedia":[{"embeddable":true,"href":"https:\/\/monatglobal.com\/fr\/wp-json\/wp\/v2\/media\/109385"}],"wp:attachment":[{"href":"https:\/\/monatglobal.com\/fr\/wp-json\/wp\/v2\/media?parent=73807"}],"wp:term":[{"taxonomy":"category","embeddable":true,"href":"https:\/\/monatglobal.com\/fr\/wp-json\/wp\/v2\/categories?post=73807"},{"taxonomy":"post_tag","embeddable":true,"href":"https:\/\/monatglobal.com\/fr\/wp-json\/wp\/v2\/tags?post=73807"}],"curies":[{"name":"wp","href":"https:\/\/api.w.org\/{rel}","templated":true}]}}