{"id":73801,"date":"2022-09-02T20:54:04","date_gmt":"2022-09-02T20:54:04","guid":{"rendered":"https:\/\/monatglobal.com\/nz\/?page_id=73801"},"modified":"2026-01-13T16:12:31","modified_gmt":"2026-01-13T16:12:31","slug":"renew-shampoo","status":"publish","type":"page","link":"https:\/\/monatglobal.com\/fr\/renew-shampoo\/","title":{"rendered":"Shampooing Renew\u2122 | Produits Capillaires MONAT | Shampooing hydratant"},"content":{"rendered":"\n<link rel=\"stylesheet\" href=\"https:\/\/unpkg.com\/swiper\/swiper-bundle.min.css\">\n<link rel=\"stylesheet\" href=\"https:\/\/monatglobal.com\/wp-content\/creative_css\/product_styles_sheet.css\"> \n   <!--==================================================== ECOMM SECTION ====================================================-->\n   <p>\u00ab BEST SELLERS \u00bb<\/p>\n      <!--==================================================== Ecomm image ====================================================-->\n      <img decoding=\"async\" src=\"https:\/\/monatglobal.com\/wp-content\/uploads\/2022\/06\/renew-shampoo-e-comm.png\" alt=\"Renew Shampoo\">\n      <!--==================================================== Ecomm information  ====================================================-->\n         \n         <p>\u00ab BEST SELLERS \u00bb<\/p>\n         <h1>Shampooing<br>Renew\u2122<\/h1>\n         <p>Avec REJUVENIQE<sup>\u00ae<\/sup><\/p>\n         <p>La formule am\u00e9lior\u00e9e nettoie en douceur tout en nourrissant et en r\u00e9g\u00e9n\u00e9rant les cheveux secs moyens&nbsp;\u00e0&nbsp;\u00e9pais.<\/p>\n         <p>237 ml \u212e 8 oz liq.<\/p>  \n               <p>Prix de d\u00e9tail<br>48.00 \u20ac<\/p>\n               <p>Prix de VIP<br>41.00 \u20ac<\/p>\n         <p>Pour en savoir plus sur le Shampooing Renew\u2122, veuillez contacter votre Partenaire de March\u00e9&nbsp;MONAT.<\/p>\n   <a href=\"https:\/\/corp.mymonat.com\/shop\/products\/renew-shampoo-6000006118?taxon_id=30\/?globallanguage=fr&amp;globalmarket=fr\" target=\"_blank\" aria-label=\"Go to Renew Shampoo shop\" rel=\"noopener\">ACHETER<\/a>\n   <a target=\"_blank\" rel=\"noopener\">stocks \u00e9puis\u00e9s<\/a>\n   <!--==================================================== \/ECOMM SECTION  ====================================================-->\n   <!--==================================================== Benefits image ====================================================-->\n   \n      <source media=\"(max-width: 700px)\" srcset=\"https:\/\/monatglobal.com\/wp-content\/uploads\/2022\/06\/renew-shampoo-benefits-mobile.jpg\">\n      <img decoding=\"async\" alt=\"A blonde female smiling and wearing a purple blouse.\" src=\"https:\/\/monatglobal.com\/wp-content\/uploads\/2022\/06\/renew-shampoo-benefits.jpg\">\n   \n   <!--==================================================== Benefits text ====================================================-->\n         <h2>BIENFAITS<\/h2>\n         <h3>Transformez vos cheveux avec cette nouvelle formule revitalis\u00e9e qui nettoie en douceur tout en hydratant, nourrissant et r\u00e9g\u00e9n\u00e9rant les m\u00e8ches&nbsp;assoiff\u00e9es.<\/h3>\n         <p>Facilite le d\u00e9m\u00ealage et am\u00e9liore la maniabilit\u00e9 pour des r\u00e9sultats doux, brillants et luxuriants. <\/p>\n         <!--==================================================== features image  ====================================================-->\n         <img decoding=\"async\" alt=\"Renew Shampoo on a beige surface, sitting next to lemon slices, an orange slice, cranberry seeds, and a white flower.\" src=\"https:\/\/monatglobal.com\/wp-content\/uploads\/2022\/06\/renew-shampoo-features.jpg\">\n      <!--==================================================== features text ====================================================-->\n            <h3>Caract\u00e9ristiques<\/h3>\n               <p>\/ Nettoie en douceur sans d\u00e9caper les cheveux*<\/p>\n               <p>\/ Hydrate et aide \u00e0 am\u00e9liorer la r\u00e9tention d&#8217;eau*<\/p>\n               <p>\/ Am\u00e9liore le glissement, le d\u00e9m\u00ealage et la maniabilit\u00e9*<\/p>\n               <p>\/ Laisse les cheveux doux et brillants<\/p>\n               <p>*Bas\u00e9 sur une \u00e9tude de consommation de 7 jours avec 51 participants, r\u00e9alis\u00e9e par un laboratoire tiers.<\/p>\n               <br>\n            <p>Parfum \/ Un parfum floral herbac\u00e9 avec des notes de jasmin, de citron Meyer,&nbsp;de n\u00e9roli et de th\u00e9&nbsp;vert<\/p>\n            <p> Texture \/ Cr\u00e8me<\/p>\n   <!--==================================================== composition image mobile ====================================================-->\n   <img decoding=\"async\" alt=\"Renew Shampoo and Restore Leave-In Conditioner on a marble surface, next to a white towel.\" src=\"https:\/\/monatglobal.com\/wp-content\/uploads\/2022\/06\/renew-shampoo-comp1.jpg\">\n   <!--==================================================== Why it works text ====================================================-->\n      <h2>Hydratation de luxe. \u00c9clat maximal.&nbsp;<\/h2>\n      <h3>Gr\u00e2ce \u00e0 un complexe hydratant luxueux et \u00e0 un m\u00e9lange v\u00e9g\u00e9tal d&#8217;ingr\u00e9dients cl\u00e9s, la formule am\u00e9lior\u00e9e hydrate \u00e0 la fois les cheveux et le cuir chevelu,&nbsp;combattant la s\u00e9cheresse et laissant les cheveux doux, souples, nourris et revitalis\u00e9s.<\/h3>\n      \n<!--==================================================== Composition section ====================================================-->\n      <img decoding=\"async\" alt=\"Renew Shampoo and Restore Leave-In Conditioner on a marble surface, next to a white towel.\" src=\"https:\/\/monatglobal.com\/wp-content\/uploads\/2022\/06\/renew-shampoo-comp1.jpg\">\n      <img decoding=\"async\" alt=\"A blonde female smiling, overlapping a photo of a texture shot of Renew Shampoo.\" src=\"https:\/\/monatglobal.com\/wp-content\/uploads\/2022\/06\/renew-shampoo-comp3.jpg\">\n            <!--==================================================== Directions text ====================================================--> \n               <h3>Mode d&#8217;emploi<\/h3>\n               <p>\/ Appliquer sur les cheveux mouill\u00e9s.&nbsp;<\/p>\n               <p>\/ Faire mousser pendant 1 \u00e0 2&nbsp;minutes.<\/p>\n               <p>\/ Rincer et r\u00e9p\u00e9ter.&nbsp;<\/p>\n               <p>\/ Suivre avec l&#8217;Apr\u00e8s-Shampooing Renew\u2122 ou le Masque Replenish\u2122 et Apr\u00e8s-shampooing sans rin\u00e7age&nbsp;Restore\u2122.<\/p>\n            <!--==================================================== Directions video ====================================================-->\n      <p>Renew Shampoo<br>1:27<\/p>\n   <a href=\"https:\/\/corp.mymonat.com\/shop\/products\/renew-shampoo-6000006118?taxon_id=30\/?globallanguage=fr&amp;globalmarket=fr\" target=\"_blank\" aria-label=\"Go to Renew Shampoo shop\" rel=\"noopener\">ACHETER<\/a>\n   <a>stocks \u00e9puis\u00e9s<\/a>\n   <!--==================================================== Ingredients section  ====================================================-->\n      <h2>PRINCIPAUX INGR\u00c9DIENTS<\/h2>\n               <p>REJUVENIQE<sup>\u00ae<\/sup><\/p>\n               <p>CAPIXYL<sup>\u00ae<\/sup><\/p>\n               <p>Extrait de pois<\/p>\n                <img decoding=\"async\" alt=\"Vitamin E icon\" src=\"https:\/\/monatglobal.com\/wp-content\/uploads\/2023\/11\/Moisture-Complex.svg\">\n               <p>Complexe hydratant<\/p>\n        <button id=\"myBtn\" type=\"button\">LISTE D&#8217;INGR\u00c9DIENTS<\/button>\n      <!--==================================================== Modal content  ====================================================-->\n         \u00d7\n         <p>Aqua\/Water\/Eau, Sodium C14-16 Olefin Sulfonate, Lauramidopropyl Betaine, Sodium Cocoamphoacetate, Sodium Methyl Cocoyl Taurate, Sodium Chloride, Fragrance\/Parfum, Cocamidopropyl Hydroxysultaine, Guar Hydroxypropyltrimonium Chloride, Stearyldimoniumhydroxypropyl Laurylglucosides Chloride, Pisum Sativum (Pea) Extract, Pisum Sativum (Pea) Seed Extract, Acetyl Tetrapeptide-3, Trifolium Pratense (Clover) Flower Extract, Limnanthes Alba (Meadowfoam) Seed Oil, Crambe Abyssinica Seed Oil, Camellia Oleifera Seed Oil, Solanum Lycopersicum (Tomato) Seed Oil, Daucus Carota Sativa (Carrot) Seed Oil, Citrus Limon (Lemon) Peel Oil, Citrus Aurantifolia (Lime) Oil, Citrus Aurantium Bergamia (Bergamot) Fruit Oil, Adansonia Digitata Oil, Mauritia Flexuosa Fruit Oil, Cocos Nucifera (Coconut) Oil, Gardenia Taitensis Flower Extract, Moringa Oleifera Seed Oil, Caryocar Brasiliense Fruit Oil, Helianthus Annuus (Sunflower) Seed Oil, Glycerin, Hydrolyzed Quinoa, Dextran, Citric Acid, Sodium Hydroxide, Propanediol, Glycol Distearate, Sodium Hydroxypropylphosphate Decylglucoside Crosspolymer, Sodium Stearoyl Lactylate, Butylene Glycol, Propylene Glycol, Amodimethicone, Trideceth-12, Sodium Hyaluronate, Cetrimonium Chloride, Benzoic Acid, Sodium Benzoate, Cinnamidopropyltrimonium Chloride, Caprylyl Glycol, Caprylhydroxamic Acid, Sodium Gluconate, Coconut Acid, Lauramidopropyl Dimethylamine, Panthenol, 1,2-Hexanediol, Methylpropanediol, Ethylhexylglycerin, Benzyl Alcohol, Potassium Sorbate, Citronellol, Hexyl Cinnamal, Limonene.<\/p>\n   <!--==================================================== You might also like section ====================================================-->\n      <h2>VOUS POURRIEZ AUSSI AIMER<\/h2>\n      <!--==================================================== Slider YOU MIGHT ALSO LIKE ====================================================-->\n            <!--==================================================== Slides products ====================================================-->\n               <a href=\"https:\/\/monatglobal.com\/fr\/renew-conditioner\/\" target=\"_blank\" aria-label=\"Go to Apr\u00e8s-shampooing sans rin\u00e7age Restore\u2122 page\" rel=\"noopener\">\n                  <img decoding=\"async\" src=\"https:\/\/monatglobal.com\/fr\/wp-content\/uploads\/sites\/19\/2024\/05\/renew-conditioner-ecomm-min.png\" alt=\"Apr\u00e8s-shampooing sans rin\u00e7age Restore\u2122\">\n                  <p>Apr\u00e8s-shampooing<br>Renew\u2122<\/p>\n               <\/a>\n               <a href=\"\/fr\/replenish-masque\/\" target=\"_blank\" aria-label=\"Go to Masque Replenish\u2122 page\" rel=\"noopener\">\n                  <img decoding=\"async\" src=\"https:\/\/monatglobal.com\/wp-content\/uploads\/2022\/12\/replenish-masque-e-comm-min.png\" alt=\"Masque Replenish\u2122\">\n                  <p>Masque<br>Replenish\u2122<\/p>\n               <\/a>\n               <a href=\"https:\/\/monatglobal.com\/fr\/restore-leave-in-conditioner\/\" target=\"_blank\" aria-label=\"Go to Apr\u00e8s-shampooing sans rin\u00e7age Restore\u2122 page\" rel=\"noopener\">\n                  <img decoding=\"async\" src=\"https:\/\/monatglobal.com\/fr\/wp-content\/uploads\/sites\/19\/2023\/06\/RESTORE-LEAVE-IN-CONDITIONER-ecomm.png\" alt=\"REJUVENIQE\u00ae\">\n                  <p>Apr\u00e8s-shampooing sans<br>rin\u00e7age Restore\u2122<\/p>\n               <\/a>\n         <!--==================================================== If we need navigation buttons  ====================================================-->\n         <!--==================================================== If we need paginations  ====================================================-->\n       <a href=\"https:\/\/monatglobal.com\/fr\/products\/#soins-capillaires\" aria-label=\"Go to all Haircare Products\"><p>Tous les soins capillaires<\/p><\/a>\n<!--==================================================== this link has to go last for it to work   ====================================================-->\n","protected":false},"excerpt":{"rendered":"<p>\u00ab BEST SELLERS \u00bb \u00ab BEST SELLERS \u00bb ShampooingRenew\u2122 Avec REJUVENIQE\u00ae La formule am\u00e9lior\u00e9e nettoie en douceur tout en nourrissant et en r\u00e9g\u00e9n\u00e9rant les cheveux secs moyens&nbsp;\u00e0&nbsp;\u00e9pais. 237 ml \u212e 8 oz liq. Prix de d\u00e9tail48.00 \u20ac Prix de VIP41.00 \u20ac Pour en savoir plus sur le Shampooing Renew\u2122, veuillez contacter votre Partenaire de March\u00e9&nbsp;MONAT.&hellip;<\/p>\n","protected":false},"author":31,"featured_media":77104,"parent":0,"menu_order":0,"comment_status":"closed","ping_status":"closed","template":"","meta":{"inline_featured_image":false,"om_disable_all_campaigns":false,"_monsterinsights_skip_tracking":false,"_monsterinsights_sitenote_active":false,"_monsterinsights_sitenote_note":"","_monsterinsights_sitenote_category":0,"footnotes":""},"categories":[20],"tags":[],"class_list":["post-73801","page","type-page","status-publish","has-post-thumbnail","hentry","category-product-fr"],"aioseo_notices":[],"aioseo_head":"\n\t\t<!-- All in One SEO Pro 4.9.5.2 - aioseo.com -->\n\t<meta name=\"description\" content=\"Revitalisez les cheveux secs et ab\u00eem\u00e9s avec le shampooing Renew\u2122. Nettoie en douceur, r\u00e9hydrate, am\u00e9liore la maniabilit\u00e9 et ajoute de la brillance pour des cheveux doux, lisses et sains.\" \/>\n\t<meta name=\"robots\" content=\"noindex, nofollow, max-image-preview:large\" \/>\n\t<link rel=\"canonical\" href=\"https:\/\/monatglobal.com\/fr\/renew-shampoo\/\" \/>\n\t<meta name=\"generator\" content=\"All in One SEO Pro (AIOSEO) 4.9.5.2\" \/>\n\t\t<meta property=\"og:locale\" content=\"en_US\" \/>\n\t\t<meta property=\"og:site_name\" content=\"MONAT France - We Are Modern Nature\u2122\" \/>\n\t\t<meta property=\"og:type\" content=\"article\" \/>\n\t\t<meta property=\"og:title\" content=\"Shampooing Renew\u2122 | Produits Capillaires MONAT | Shampooing hydratant\" \/>\n\t\t<meta property=\"og:description\" content=\"Revitalisez les cheveux secs et ab\u00eem\u00e9s avec le shampooing Renew\u2122. Nettoie en douceur, r\u00e9hydrate, am\u00e9liore la maniabilit\u00e9 et ajoute de la brillance pour des cheveux doux, lisses et sains.\" \/>\n\t\t<meta property=\"og:url\" content=\"https:\/\/monatglobal.com\/fr\/renew-shampoo\/\" \/>\n\t\t<meta property=\"article:published_time\" content=\"2022-09-02T20:54:04+00:00\" \/>\n\t\t<meta property=\"article:modified_time\" content=\"2026-01-13T16:12:31+00:00\" \/>\n\t\t<meta name=\"twitter:card\" content=\"summary_large_image\" \/>\n\t\t<meta name=\"twitter:title\" content=\"Shampooing Renew\u2122 | Produits Capillaires MONAT | Shampooing hydratant\" \/>\n\t\t<meta name=\"twitter:description\" content=\"Revitalisez les cheveux secs et ab\u00eem\u00e9s avec le shampooing Renew\u2122. Nettoie en douceur, r\u00e9hydrate, am\u00e9liore la maniabilit\u00e9 et ajoute de la brillance pour des cheveux doux, lisses et sains.\" \/>\n\t\t<script type=\"application\/ld+json\" class=\"aioseo-schema\">\n\t\t\t{\"@context\":\"https:\\\/\\\/schema.org\",\"@graph\":[{\"@type\":\"BreadcrumbList\",\"@id\":\"https:\\\/\\\/monatglobal.com\\\/fr\\\/renew-shampoo\\\/#breadcrumblist\",\"itemListElement\":[{\"@type\":\"ListItem\",\"@id\":\"https:\\\/\\\/monatglobal.com\\\/fr#listItem\",\"position\":1,\"name\":\"Home\",\"item\":\"https:\\\/\\\/monatglobal.com\\\/fr\",\"nextItem\":{\"@type\":\"ListItem\",\"@id\":\"https:\\\/\\\/monatglobal.com\\\/fr\\\/renew-shampoo\\\/#listItem\",\"name\":\"Shampooing Renew\\u2122 | Produits Capillaires MONAT | Shampooing hydratant\"}},{\"@type\":\"ListItem\",\"@id\":\"https:\\\/\\\/monatglobal.com\\\/fr\\\/renew-shampoo\\\/#listItem\",\"position\":2,\"name\":\"Shampooing Renew\\u2122 | Produits Capillaires MONAT | Shampooing hydratant\",\"previousItem\":{\"@type\":\"ListItem\",\"@id\":\"https:\\\/\\\/monatglobal.com\\\/fr#listItem\",\"name\":\"Home\"}}]},{\"@type\":\"Organization\",\"@id\":\"https:\\\/\\\/monatglobal.com\\\/fr\\\/#organization\",\"name\":\"MONAT France\",\"description\":\"We Are Modern Nature\\u2122\",\"url\":\"https:\\\/\\\/monatglobal.com\\\/fr\\\/\"},{\"@type\":\"WebPage\",\"@id\":\"https:\\\/\\\/monatglobal.com\\\/fr\\\/renew-shampoo\\\/#webpage\",\"url\":\"https:\\\/\\\/monatglobal.com\\\/fr\\\/renew-shampoo\\\/\",\"name\":\"Shampooing Renew\\u2122 | Produits Capillaires MONAT | Shampooing hydratant\",\"description\":\"Revitalisez les cheveux secs et ab\\u00eem\\u00e9s avec le shampooing Renew\\u2122. Nettoie en douceur, r\\u00e9hydrate, am\\u00e9liore la maniabilit\\u00e9 et ajoute de la brillance pour des cheveux doux, lisses et sains.\",\"inLanguage\":\"en-US\",\"isPartOf\":{\"@id\":\"https:\\\/\\\/monatglobal.com\\\/fr\\\/#website\"},\"breadcrumb\":{\"@id\":\"https:\\\/\\\/monatglobal.com\\\/fr\\\/renew-shampoo\\\/#breadcrumblist\"},\"image\":{\"@type\":\"ImageObject\",\"url\":\"https:\\\/\\\/monatglobal.com\\\/fr\\\/wp-content\\\/uploads\\\/sites\\\/19\\\/2023\\\/06\\\/renew-shampoo-e-comm.png\",\"@id\":\"https:\\\/\\\/monatglobal.com\\\/fr\\\/renew-shampoo\\\/#mainImage\",\"width\":641,\"height\":800},\"primaryImageOfPage\":{\"@id\":\"https:\\\/\\\/monatglobal.com\\\/fr\\\/renew-shampoo\\\/#mainImage\"},\"datePublished\":\"2022-09-02T20:54:04+01:00\",\"dateModified\":\"2026-01-13T16:12:31+00:00\"},{\"@type\":\"WebSite\",\"@id\":\"https:\\\/\\\/monatglobal.com\\\/fr\\\/#website\",\"url\":\"https:\\\/\\\/monatglobal.com\\\/fr\\\/\",\"name\":\"MONAT France\",\"description\":\"We Are Modern Nature\\u2122\",\"inLanguage\":\"en-US\",\"publisher\":{\"@id\":\"https:\\\/\\\/monatglobal.com\\\/fr\\\/#organization\"}}]}\n\t\t<\/script>\n\t\t<!-- All in One SEO Pro -->\r\n\t\t<title>Shampooing Renew\u2122 | Produits Capillaires MONAT | Shampooing hydratant<\/title>\n\n","aioseo_head_json":{"title":"Shampooing Renew\u2122 | Produits Capillaires MONAT | Shampooing hydratant","description":"Revitalisez les cheveux secs et ab\u00eem\u00e9s avec le shampooing Renew\u2122. Nettoie en douceur, r\u00e9hydrate, am\u00e9liore la maniabilit\u00e9 et ajoute de la brillance pour des cheveux doux, lisses et sains.","canonical_url":"https:\/\/monatglobal.com\/fr\/renew-shampoo\/","robots":"noindex, nofollow, max-image-preview:large","keywords":"","webmasterTools":{"miscellaneous":""},"schema":{"@context":"https:\/\/schema.org","@graph":[{"@type":"BreadcrumbList","@id":"https:\/\/monatglobal.com\/fr\/renew-shampoo\/#breadcrumblist","itemListElement":[{"@type":"ListItem","@id":"https:\/\/monatglobal.com\/fr#listItem","position":1,"name":"Home","item":"https:\/\/monatglobal.com\/fr","nextItem":{"@type":"ListItem","@id":"https:\/\/monatglobal.com\/fr\/renew-shampoo\/#listItem","name":"Shampooing Renew\u2122 | Produits Capillaires MONAT | Shampooing hydratant"}},{"@type":"ListItem","@id":"https:\/\/monatglobal.com\/fr\/renew-shampoo\/#listItem","position":2,"name":"Shampooing Renew\u2122 | Produits Capillaires MONAT | Shampooing hydratant","previousItem":{"@type":"ListItem","@id":"https:\/\/monatglobal.com\/fr#listItem","name":"Home"}}]},{"@type":"Organization","@id":"https:\/\/monatglobal.com\/fr\/#organization","name":"MONAT France","description":"We Are Modern Nature\u2122","url":"https:\/\/monatglobal.com\/fr\/"},{"@type":"WebPage","@id":"https:\/\/monatglobal.com\/fr\/renew-shampoo\/#webpage","url":"https:\/\/monatglobal.com\/fr\/renew-shampoo\/","name":"Shampooing Renew\u2122 | Produits Capillaires MONAT | Shampooing hydratant","description":"Revitalisez les cheveux secs et ab\u00eem\u00e9s avec le shampooing Renew\u2122. Nettoie en douceur, r\u00e9hydrate, am\u00e9liore la maniabilit\u00e9 et ajoute de la brillance pour des cheveux doux, lisses et sains.","inLanguage":"en-US","isPartOf":{"@id":"https:\/\/monatglobal.com\/fr\/#website"},"breadcrumb":{"@id":"https:\/\/monatglobal.com\/fr\/renew-shampoo\/#breadcrumblist"},"image":{"@type":"ImageObject","url":"https:\/\/monatglobal.com\/fr\/wp-content\/uploads\/sites\/19\/2023\/06\/renew-shampoo-e-comm.png","@id":"https:\/\/monatglobal.com\/fr\/renew-shampoo\/#mainImage","width":641,"height":800},"primaryImageOfPage":{"@id":"https:\/\/monatglobal.com\/fr\/renew-shampoo\/#mainImage"},"datePublished":"2022-09-02T20:54:04+01:00","dateModified":"2026-01-13T16:12:31+00:00"},{"@type":"WebSite","@id":"https:\/\/monatglobal.com\/fr\/#website","url":"https:\/\/monatglobal.com\/fr\/","name":"MONAT France","description":"We Are Modern Nature\u2122","inLanguage":"en-US","publisher":{"@id":"https:\/\/monatglobal.com\/fr\/#organization"}}]},"og:locale":"en_US","og:site_name":"MONAT France - We Are Modern Nature\u2122","og:type":"article","og:title":"Shampooing Renew\u2122 | Produits Capillaires MONAT | Shampooing hydratant","og:description":"Revitalisez les cheveux secs et ab\u00eem\u00e9s avec le shampooing Renew\u2122. Nettoie en douceur, r\u00e9hydrate, am\u00e9liore la maniabilit\u00e9 et ajoute de la brillance pour des cheveux doux, lisses et sains.","og:url":"https:\/\/monatglobal.com\/fr\/renew-shampoo\/","article:published_time":"2022-09-02T20:54:04+00:00","article:modified_time":"2026-01-13T16:12:31+00:00","twitter:card":"summary_large_image","twitter:title":"Shampooing Renew\u2122 | Produits Capillaires MONAT | Shampooing hydratant","twitter:description":"Revitalisez les cheveux secs et ab\u00eem\u00e9s avec le shampooing Renew\u2122. Nettoie en douceur, r\u00e9hydrate, am\u00e9liore la maniabilit\u00e9 et ajoute de la brillance pour des cheveux doux, lisses et sains."},"aioseo_meta_data":{"post_id":"73801","title":"Shampooing Renew\u2122 | Produits Capillaires MONAT | Shampooing hydratant","description":"Revitalisez les cheveux secs et ab\u00eem\u00e9s avec le shampooing Renew\u2122. Nettoie en douceur, r\u00e9hydrate, am\u00e9liore la maniabilit\u00e9 et ajoute de la brillance pour des cheveux doux, lisses et sains.","keywords":null,"keyphrases":{"focus":{"keyphrase":"","score":0,"analysis":{"keyphraseInTitle":{"score":0,"maxScore":9,"error":1}}},"additional":[]},"primary_term":null,"canonical_url":null,"og_title":null,"og_description":null,"og_object_type":"default","og_image_type":"default","og_image_url":null,"og_image_width":null,"og_image_height":null,"og_image_custom_url":null,"og_image_custom_fields":null,"og_video":"","og_custom_url":null,"og_article_section":null,"og_article_tags":null,"twitter_use_og":false,"twitter_card":"default","twitter_image_type":"default","twitter_image_url":null,"twitter_image_custom_url":null,"twitter_image_custom_fields":null,"twitter_title":null,"twitter_description":null,"schema":{"blockGraphs":[],"customGraphs":[],"default":{"data":{"Article":[],"Course":[],"Dataset":[],"FAQPage":[],"Movie":[],"Person":[],"Product":[],"ProductReview":[],"Car":[],"Recipe":[],"Service":[],"SoftwareApplication":[],"WebPage":[]},"graphName":"WebPage","isEnabled":true},"graphs":[]},"schema_type":"default","schema_type_options":null,"pillar_content":false,"robots_default":true,"robots_noindex":false,"robots_noarchive":false,"robots_nosnippet":false,"robots_nofollow":false,"robots_noimageindex":false,"robots_noodp":false,"robots_notranslate":false,"robots_max_snippet":"-1","robots_max_videopreview":"-1","robots_max_imagepreview":"large","priority":null,"frequency":"default","local_seo":null,"seo_analyzer_scan_date":"2026-02-10 18:45:58","breadcrumb_settings":null,"limit_modified_date":false,"reviewed_by":null,"open_ai":null,"ai":null,"created":"2023-07-25 23:38:52","updated":"2026-02-10 18:45:58"},"aioseo_breadcrumb":"<div class=\"aioseo-breadcrumbs\"><span class=\"aioseo-breadcrumb\">\n\t<a href=\"https:\/\/monatglobal.com\/fr\" title=\"Home\">Home<\/a>\n<\/span><span class=\"aioseo-breadcrumb-separator\">&raquo;<\/span><span class=\"aioseo-breadcrumb\">\n\tShampooing Renew\u2122 | Produits Capillaires MONAT | Shampooing hydratant\n<\/span><\/div>","aioseo_breadcrumb_json":[{"label":"Home","link":"https:\/\/monatglobal.com\/fr"},{"label":"Shampooing Renew\u2122 | Produits Capillaires MONAT | Shampooing hydratant","link":"https:\/\/monatglobal.com\/fr\/renew-shampoo\/"}],"_links":{"self":[{"href":"https:\/\/monatglobal.com\/fr\/wp-json\/wp\/v2\/pages\/73801","targetHints":{"allow":["GET"]}}],"collection":[{"href":"https:\/\/monatglobal.com\/fr\/wp-json\/wp\/v2\/pages"}],"about":[{"href":"https:\/\/monatglobal.com\/fr\/wp-json\/wp\/v2\/types\/page"}],"author":[{"embeddable":true,"href":"https:\/\/monatglobal.com\/fr\/wp-json\/wp\/v2\/users\/31"}],"replies":[{"embeddable":true,"href":"https:\/\/monatglobal.com\/fr\/wp-json\/wp\/v2\/comments?post=73801"}],"version-history":[{"count":36,"href":"https:\/\/monatglobal.com\/fr\/wp-json\/wp\/v2\/pages\/73801\/revisions"}],"predecessor-version":[{"id":109106,"href":"https:\/\/monatglobal.com\/fr\/wp-json\/wp\/v2\/pages\/73801\/revisions\/109106"}],"wp:featuredmedia":[{"embeddable":true,"href":"https:\/\/monatglobal.com\/fr\/wp-json\/wp\/v2\/media\/77104"}],"wp:attachment":[{"href":"https:\/\/monatglobal.com\/fr\/wp-json\/wp\/v2\/media?parent=73801"}],"wp:term":[{"taxonomy":"category","embeddable":true,"href":"https:\/\/monatglobal.com\/fr\/wp-json\/wp\/v2\/categories?post=73801"},{"taxonomy":"post_tag","embeddable":true,"href":"https:\/\/monatglobal.com\/fr\/wp-json\/wp\/v2\/tags?post=73801"}],"curies":[{"name":"wp","href":"https:\/\/api.w.org\/{rel}","templated":true}]}}